{"id":39525,"date":"2021-12-14T21:41:55","date_gmt":"2021-12-14T21:41:55","guid":{"rendered":"https:\/\/www.sisinternational.com\/?page_id=39525"},"modified":"2025-09-14T21:46:16","modified_gmt":"2025-09-15T01:46:16","slug":"marktforschung-dominica","status":"publish","type":"page","link":"https:\/\/www.sisinternational.com\/de\/abdeckung\/marktforschung-in-der-karibik\/marktforschung-dominica\/","title":{"rendered":"Marktforschung in Dominica"},"content":{"rendered":"<h1 class=\"wp-block-heading\">Marktforschung in Dominica<\/h1>\n\n\n\n<figure class=\"gb-block-image gb-block-image-0b09e00b\"><img loading=\"lazy\" decoding=\"async\" width=\"1456\" height=\"816\" class=\"gb-image gb-image-0b09e00b\" src=\"https:\/\/www.sisinternational.com\/wp-content\/uploads\/2025\/09\/Dominica.jpg\" alt=\"SIS International Marktforschung &amp; Strategie\" title=\"Dominica\" srcset=\"https:\/\/www.sisinternational.com\/wp-content\/uploads\/2025\/09\/Dominica.jpg 1456w, https:\/\/www.sisinternational.com\/wp-content\/uploads\/2025\/09\/Dominica-300x168.jpg 300w, https:\/\/www.sisinternational.com\/wp-content\/uploads\/2025\/09\/Dominica-1024x574.jpg 1024w, https:\/\/www.sisinternational.com\/wp-content\/uploads\/2025\/09\/Dominica-768x430.jpg 768w, https:\/\/www.sisinternational.com\/wp-content\/uploads\/2025\/09\/Dominica-18x10.jpg 18w\" sizes=\"auto, (max-width: 1456px) 100vw, 1456px\"><\/figure>\n\n\n\n<p><\/p>\n\n\n\n<p>Das Commonwealth of Dominica in der Karibik ist ein kleiner Inselstaat.<\/p>\n\n\n\n<h2 class=\"wp-block-heading\">Schl\u00fcsselindustrien<\/h2>\n\n\n\n<p>Agriculture is the primary sector on the island, and it adds the most to the GDP of the country. Many residents engage in farming. The industry employs almost half of the people. The major cash crop in the late 1980s was banana. This crop made up more than half of the island\u2019s total exports. But the crop lost favor over time. This decline was due to many hurricanes and storms, which destroyed the fields. The country has since assumed many projects to revamp this sector.<\/p>\n\n\n\n<p>Der Tourismus ist ein weiterer wichtiger Sektor. Die Insel ist f\u00fcr ihren \u00d6kotourismus bekannt. Ihre nat\u00fcrliche Sch\u00f6nheit zieht viele Touristen an. Besucher k\u00f6nnen wandern und Wildtiere beobachten. Sie k\u00f6nnen auch die Landschaften der Insel erkunden, darunter die vielen Wasserf\u00e4lle, hei\u00dfen Quellen und Regenw\u00e4lder.<\/p>\n\n\n\n<h2 class=\"wp-block-heading\">Nachbarschaften<\/h2>\n\n\n\n<p>Aufgrund der geringen Gr\u00f6\u00dfe gibt es auf der Insel keine eigentlichen St\u00e4dte.<\/p>\n\n\n\n<p>Die Hauptstadt ist die Stadt Roseau in der Gemeinde Saint George. Es ist die \u00e4lteste Stadt der Insel. Sie liegt an der Stelle eines alten Kalinago-Dorfes namens Sairi. Die Stadt hat viele H\u00e4user und Betonbauten. Es gibt wenig offene Gr\u00fcnfl\u00e4chen. Aber der zentrale Botanische Garten der Stadt ist eine Touristenattraktion. Sie ist auch f\u00fcr den Roseau River bekannt, der durch die Hauptstadt flie\u00dft. Dieses Merkmal ist auf den Inseln selten.<\/p>\n\n\n\n<p>Die zweitgr\u00f6\u00dfte Stadt ist Portsmouth in der Gemeinde Saint John. Sie liegt am Indian River. 1760 war sie die Hauptstadt der Insel. Aufgrund eines Malariaausbruchs \u00e4nderte sich dies jedoch. Hier befindet sich die gr\u00f6\u00dfte Sportst\u00e4tte der Insel.<\/p>\n\n\n\n<h2 class=\"wp-block-heading\">Trends<\/h2>\n\n\n\n<p>Das Land verlagert sich von der Landwirtschaft auf den Tourismus. Es bewirbt sich selbst als Paradies f\u00fcr \u00d6kotourismus. Doch die Insel hat immer noch mit den Auswirkungen des Hurrikans Maria zu k\u00e4mpfen, der 2017 auf die Insel traf. Maria zerst\u00f6rte einen Gro\u00dfteil der landwirtschaftlichen Erzeugnisse. Au\u00dferdem zerst\u00f6rte er das Stra\u00dfennetz und besch\u00e4digte fast alle Geb\u00e4ude des Landes.<\/p>\n\n\n\n<p>The economy is trending downwards as the country\u2019s fiscal health declines. The cost of rebuilding after Maria continues to strain public resources. The government is trying hard to revive the economy. It is attempting to <a href=\"https:\/\/www.sisinternational.com\/de\/losungen\/strategieberatung\/markteintrittschancenforschung\/die-wirksamkeit-von-produkttests-in-nyc-fur-den-eintritt-in-den-amerikanischen-markt\/\" title=\"Die Wirksamkeit von Produkttests in NYC f\u00fcr den Eintritt in den amerikanischen Markt\"  data-wpil-monitor-id=\"7880\">enter the financial services market<\/a>. So far, a <a href=\"https:\/\/www.sisinternational.com\/de\/grosforschung-fur-kleine-unternehmen\/\" title=\"Gro\u00dfforschung f\u00fcr kleine Unternehmen\"  data-wpil-monitor-id=\"7879\">small number of banks and other companies<\/a> have signed up. The entry cost is now lower, and it\u2019s easier to register. These measures, they hope, will attract more companies.<\/p>\n\n\n\n<h2 class=\"wp-block-heading\">Vorteile und St\u00e4rken auf dem dominikanischen Markt<\/h2>\n\n\n\n<p>Die Insel verf\u00fcgt \u00fcber enorme nat\u00fcrliche Ressourcen. Die Aussichten f\u00fcr ein Wachstum in der Landwirtschaft sind sehr gut. So kann beispielsweise Reis auf der Insel angebaut werden. Reis ist immer gefragt. Das fruchtbare Land kann zu h\u00f6heren Ernteertr\u00e4gen beitragen. Der Risikofaktor sind Katastrophen wie Hurrikan Maria, die das Wachstum in diesem Sektor gebremst haben.<\/p>\n\n\n\n<p>Die Insel kann auch ihren Tourismusbereich erweitern. Ihr Tourismusprodukt unterscheidet sich von dem der meisten Inseln. Der Unterschied liegt in ihrem \u00f6kologischen Ansatz.<\/p>\n\n\n\n<p>Due to its volcanic nature, there is room for growth in the energy sector. Geothermal energy is one of the primary sources that the country plans to develop. Companies with the technical know-how to execute energy projects can benefit.<\/p>\n\n\n\n<h2 class=\"wp-block-heading\">Verbraucherbasis<\/h2>\n\n\n\n<p>Die Verbraucher in Dominica sind auf Importe angewiesen, darunter auch Lebensmittel. Die geringe Bev\u00f6lkerungszahl des Landes macht es schwierig, gen\u00fcgend Lebensmittel zu produzieren. Die Menschen k\u00f6nnen nicht genug anbauen, um sich selbst zu ern\u00e4hren. Diese Abh\u00e4ngigkeit begann 1986, als die Zahl der auf der Insel lebenden Menschen zu sinken begann. Dominica importiert mehr als die H\u00e4lfte seiner Lebensmittel, was dazu f\u00fchrt, dass die Verbraucher sich westlich ern\u00e4hren. Daher sind die Menschen anf\u00e4llig f\u00fcr westliche Gesundheitsprobleme wie Diabetes.<\/p>\n\n\n\n<h2 class=\"wp-block-heading\">Gr\u00fcnde, Ihr Gesch\u00e4ft in diesem Markt auszubauen<\/h2>\n\n\n\n<p>Die Insel bietet eine gro\u00dfe Chance f\u00fcr viele Unternehmen. Zu den m\u00f6glichen Gesch\u00e4ftsfeldern z\u00e4hlen Kaffeeproduktion, Lebensmittelverarbeitung und Tourismus.<\/p>\n\n\n\n<p>The coffee <a href=\"https:\/\/www.sisinternational.com\/de\/veroffentlichungen\/skalierbare-geschaftsmarktforschung-7-moglichkeiten-zum-aufbau-eines-skalierbaren-geschafts\/\" title=\"Marktforschung f\u00fcr skalierbare Unternehmen: 7 M\u00f6glichkeiten zum Aufbau eines skalierbaren Unternehmens\"  data-wpil-monitor-id=\"7878\">business has a large market<\/a> on the island. It has strong local demand. Dominica is also moving to step up the production of its Arabica coffee beans. The Venezuelan government recently funded the construction of a coffee processing plant in Portsmouth in the north of the island.<\/p>\n\n\n\n<p>Food security is also a big issue that the country is seeking to address. As a result, companies in the food <a href=\"https:\/\/www.sisinternational.com\/de\/top-5-benefits-of-qualitative-market-research-for-businesses\/\" title=\"Top 5 Benefits of Qualitative Market Research for Businesses\"  data-wpil-monitor-id=\"7881\">business stand to benefit<\/a>.<\/p>\n\n\n\n<p>Aufgrund der einzigartigen Erlebnisse, die man hier findet, erfreut sich die Insel als Touristenattraktion immer gr\u00f6\u00dferer Beliebtheit. Daher werden auch Unternehmen, die in diese Branche einsteigen, davon profitieren.<\/p>\n\n\n\n<h2 class=\"wp-block-heading\">\u00dcber Marktforschung in Dominica<\/h2>\n\n\n\n<p>Quantitative, Qualitative, and Strategy Research is crucial. Several methods exist, including Interviews, Focus Groups, and Surveys. Companies should do these checks before entering the market to determine the best <a href=\"https:\/\/www.sisinternational.com\/de\/losungen\/sis-globales-wachstum\/markteintrittsstrategie\/\" title=\"Markteintrittsberatung\"  data-wpil-monitor-id=\"7875\">Markteintrittsstrategie<\/a>. It is also essential to visit the country to find opportunities. It helps to tour the island, visit business sites, and <a href=\"https:\/\/www.sisinternational.com\/de\/how-to-conduct-effective-desk-research\/\" title=\"How to Conduct Effective Desk Research\"  data-wpil-monitor-id=\"7882\">conduct online research<\/a>. A physical visit will help <a href=\"https:\/\/www.sisinternational.com\/de\/sachverstand\/branchen\/chief-information-officer-cio-marktforschung\/\" title=\"Chief Information Officer (CIO) Marktforschung\"  data-wpil-monitor-id=\"7876\">inform the market research<\/a>.<\/p>\n\n\n\n<p>We help <a href=\"https:\/\/www.sisinternational.com\/de\/losungen\/reise-tourismus-und-gastgewerbeberatung\/marktforschung-fur-reiseleiterunternehmen\/\" title=\"Marktforschung f\u00fcr Reiseleiterunternehmen\"  data-wpil-monitor-id=\"7877\">companies understand the market<\/a>. Contact us today!<\/p>\n\n\n\n<p><\/p>","protected":false},"excerpt":{"rendered":"<p>Marktforschung in Dominica Der Commonwealth of Dominica in der Karibik ist ein kleiner Inselstaat. Schl\u00fcsselindustrien Die Landwirtschaft ist der wichtigste Sektor auf der Insel und tr\u00e4gt am meisten zum BIP des Landes bei. Viele Einwohner sind in der Landwirtschaft t\u00e4tig. Die Branche besch\u00e4ftigt fast die H\u00e4lfte der Menschen. Die wichtigste Cash Crop \u2026 <a title=\"Marktforschung in Dominica\" class=\"read-more\" href=\"https:\/\/www.sisinternational.com\/de\/abdeckung\/marktforschung-in-der-karibik\/marktforschung-dominica\/\" aria-label=\"Mehr Informationen \u00fcber Marktforschung in Dominica\">Weiterlesen \u2026<\/a><\/p>","protected":false},"author":1,"featured_media":66396,"parent":33287,"menu_order":2,"comment_status":"closed","ping_status":"closed","template":"","meta":{"footnotes":""},"class_list":["post-39525","page","type-page","status-publish","has-post-thumbnail"],"_links":{"self":[{"href":"https:\/\/www.sisinternational.com\/de\/wp-json\/wp\/v2\/pages\/39525","targetHints":{"allow":["GET"]}}],"collection":[{"href":"https:\/\/www.sisinternational.com\/de\/wp-json\/wp\/v2\/pages"}],"about":[{"href":"https:\/\/www.sisinternational.com\/de\/wp-json\/wp\/v2\/types\/page"}],"author":[{"embeddable":true,"href":"https:\/\/www.sisinternational.com\/de\/wp-json\/wp\/v2\/users\/1"}],"replies":[{"embeddable":true,"href":"https:\/\/www.sisinternational.com\/de\/wp-json\/wp\/v2\/comments?post=39525"}],"version-history":[{"count":3,"href":"https:\/\/www.sisinternational.com\/de\/wp-json\/wp\/v2\/pages\/39525\/revisions"}],"predecessor-version":[{"id":81329,"href":"https:\/\/www.sisinternational.com\/de\/wp-json\/wp\/v2\/pages\/39525\/revisions\/81329"}],"up":[{"embeddable":true,"href":"https:\/\/www.sisinternational.com\/de\/wp-json\/wp\/v2\/pages\/33287"}],"wp:featuredmedia":[{"embeddable":true,"href":"https:\/\/www.sisinternational.com\/de\/wp-json\/wp\/v2\/media\/66396"}],"wp:attachment":[{"href":"https:\/\/www.sisinternational.com\/de\/wp-json\/wp\/v2\/media?parent=39525"}],"curies":[{"name":"wp","href":"https:\/\/api.w.org\/{rel}","templated":true}]}}