{"id":39523,"date":"2021-12-14T21:38:19","date_gmt":"2021-12-14T21:38:19","guid":{"rendered":"https:\/\/www.sisinternational.com\/?page_id=39523"},"modified":"2026-01-24T14:08:41","modified_gmt":"2026-01-24T19:08:41","slug":"marktforschung-bolivien","status":"publish","type":"page","link":"https:\/\/www.sisinternational.com\/de\/abdeckung\/latin-america\/marktforschung-in-lateinamerika-2\/marktforschung-bolivien\/","title":{"rendered":"Marktforschung in Bolivien"},"content":{"rendered":"<h1 class=\"wp-block-heading\">Marktforschung in Bolivien<\/h1>\n\n\n\n<figure class=\"gb-block-image gb-block-image-18e1348b\"><img loading=\"lazy\" decoding=\"async\" width=\"1456\" height=\"816\" class=\"gb-image gb-image-18e1348b\" src=\"https:\/\/www.sisinternational.com\/wp-content\/uploads\/2025\/09\/Bolivia-3.jpg\" alt=\"SIS International Marktforschung &amp; Strategie\" title=\"Bolivia (3)\" srcset=\"https:\/\/www.sisinternational.com\/wp-content\/uploads\/2025\/09\/Bolivia-3.jpg 1456w, https:\/\/www.sisinternational.com\/wp-content\/uploads\/2025\/09\/Bolivia-3-300x168.jpg 300w, https:\/\/www.sisinternational.com\/wp-content\/uploads\/2025\/09\/Bolivia-3-1024x574.jpg 1024w, https:\/\/www.sisinternational.com\/wp-content\/uploads\/2025\/09\/Bolivia-3-768x430.jpg 768w, https:\/\/www.sisinternational.com\/wp-content\/uploads\/2025\/09\/Bolivia-3-18x10.jpg 18w\" sizes=\"auto, (max-width: 1456px) 100vw, 1456px\"><\/figure>\n\n\n\n<p><\/p>\n\n\n\n<p>Bolivia is in west-central South America. Sucre is the capital city, but the financial capital is La Paz. Bolivia went through some financial troubles in the 20th century. It has now bounced back better than ever. With rising GDP and falling rates of poverty, it is enjoying an economic boom. But good data is essential for the country to make good use of this new prosperity. Good knowledge of the <a href=\"https:\/\/www.sisinternational.com\/de\/veroffentlichungen\/skalierbare-geschaftsmarktforschung-7-moglichkeiten-zum-aufbau-eines-skalierbaren-geschafts\/\" title=\"Marktforschung f\u00fcr skalierbare Unternehmen: 7 M\u00f6glichkeiten zum Aufbau eines skalierbaren Unternehmens\"  data-wpil-monitor-id=\"8686\">market is a boon in any business<\/a> starting up there.<\/p>\n\n\n\n<h2 class=\"wp-block-heading\">Schl\u00fcsselindustrien<\/h2>\n\n\n\n<p>Landwirtschaft, Produktion und Dienstleistungen sind die f\u00fchrenden Sektoren des Landes. Dienstleistungen machen den gr\u00f6\u00dften Teil des BIP des Landes aus, da der Finanzsektor in j\u00fcngster Zeit gewachsen ist. Die verarbeitende Industrie ist die zweitwichtigste. Diese Industrie umfasst die Herstellung von Textilien, Kleidung und raffiniertem Erd\u00f6l. Eines der wichtigsten Exportprodukte Boliviens ist Koka. Das Land ist der drittgr\u00f6\u00dfte Exporteur dieser Pflanze weltweit. In den letzten Jahren war Soja jedoch das wichtigste Exportprodukt des Landes. Einige andere wichtige Produkte sind Zuckerrohr, Mais, Kartoffeln und Bananen.<\/p>\n\n\n\n<h2 class=\"wp-block-heading\">Nachbarschaften<\/h2>\n\n\n\n<p>Da Bolivien kein Meer ist, wird der Gro\u00dfteil seines Handels mit seinen unmittelbaren Nachbarn abgewickelt. Diese Nachbarn sind Chile, Peru und Brasilien. Die Regionen Boliviens weisen viele unterschiedliche Klimazonen auf:<\/p>\n\n\n\n<ul class=\"wp-block-list\">\n<li>Region Llanos: Feucht und tropisch<\/li>\n\n\n\n<li>Altiplano-Region: W\u00fcste und Polar<\/li>\n\n\n\n<li>Tal- und Yungas-Regionen: gem\u00e4\u00dfigt<\/li>\n\n\n\n<li>Chaco-Region: Subtropisch und halbtrocken<\/li>\n<\/ul>\n\n\n\n<p>Diese Vielfalt erm\u00f6glicht dem Land den Anbau vieler verschiedener Nutzpflanzen.<\/p>\n\n\n\n<p>Die meisten Menschen Boliviens leben im Tiefland. Je n\u00e4her man den Anden kommt, desto sp\u00e4rlicher wird die Besiedlung.<\/p>\n\n\n\n<h2 class=\"wp-block-heading\">Trends<\/h2>\n\n\n\n<p>Die gro\u00dfe Mischung der Menschen schafft eine vielf\u00e4ltige Kultur in Bolivien. Die Kultur unterscheidet sich von anderen L\u00e4ndern S\u00fcdamerikas. Die Menschen haben beispielsweise eine neue Art von Architektur geschaffen, die \u201eMestizo-Barock\u201c genannt wird. Au\u00dferdem hat Bolivien weltweit bekannte Maler wie P\u00e9rez de Holgu\u00edn, Flores und andere hervorgebracht. Die Folklore des Landes ist ebenfalls recht reichhaltig. Beispielsweise gibt es die \u201eTeufelst\u00e4nze\u201c beim j\u00e4hrlichen Karneval in Oruro. Es gibt auch den weniger bekannten Karneval in Trabuco.<\/p>\n\n\n\n<h2 class=\"wp-block-heading\">Vorteile und St\u00e4rken im Markt<\/h2>\n\n\n\n<figure class=\"gb-block-image gb-block-image-26e4f48f\"><img loading=\"lazy\" decoding=\"async\" width=\"1456\" height=\"816\" class=\"gb-image gb-image-26e4f48f\" src=\"https:\/\/www.sisinternational.com\/wp-content\/uploads\/2025\/09\/Bolivia-2.jpg\" alt=\"SIS International Marktforschung &amp; Strategie\" title=\"Bolivia (2)\" srcset=\"https:\/\/www.sisinternational.com\/wp-content\/uploads\/2025\/09\/Bolivia-2.jpg 1456w, https:\/\/www.sisinternational.com\/wp-content\/uploads\/2025\/09\/Bolivia-2-300x168.jpg 300w, https:\/\/www.sisinternational.com\/wp-content\/uploads\/2025\/09\/Bolivia-2-1024x574.jpg 1024w, https:\/\/www.sisinternational.com\/wp-content\/uploads\/2025\/09\/Bolivia-2-768x430.jpg 768w, https:\/\/www.sisinternational.com\/wp-content\/uploads\/2025\/09\/Bolivia-2-18x10.jpg 18w\" sizes=\"auto, (max-width: 1456px) 100vw, 1456px\"><\/figure>\n\n\n\n<p><\/p>\n\n\n\n<p>The country tends to export more than it imports, so it has low debt. Bolivia has many financial services. These <a href=\"https:\/\/www.sisinternational.com\/de\/losungen\/verbrauchermarktforschung\/\" title=\"Consumer Market Research Services for Smarter Business Decisions\"  data-wpil-monitor-id=\"8692\">services would boost any business<\/a> trying to work there. The population is well-educated and the country has a literacy rate of 100%. The skilled service industry there makes trade across the nation stress-free. Not only that, but they may even <a href=\"https:\/\/www.sisinternational.com\/de\/veroffentlichungen\/japans-mittelstandsexporte\/\" title=\"Ausbau Ihres Gesch\u00e4fts in Japan\"  data-wpil-monitor-id=\"8689\">grow your business<\/a>.<\/p>\n\n\n\n<h2 class=\"wp-block-heading\">Verbraucherbasis<\/h2>\n\n\n\n<p>Bolivia is the fifth largest country in South America with many residents. The people there are of European, Asian, and indigenous descent. Most people speak Spanish, but there are some lesser-known dialects there. When it comes to development, the low-lying valleys are more urban than the rural highlands. In total, two-thirds of the citizens live in urban areas, with the rest in rural regions. One thing of note is that Bolivia has a young population. Most residents are between the ages of 15 and 59.<\/p>\n\n\n\n<h2 class=\"wp-block-heading\">Reasons to Grow Your Business in the Bolivian Market<\/h2>\n\n\n\n<p>Boliviens niedrige Armuts- und Arbeitslosenquote machen das Land zu einem hervorragenden Investitionsstandort. Aufgrund seiner gro\u00dfen Ressourcen hat das Land viele Handelspartner. Zu den wichtigsten Handelspartnern z\u00e4hlen beispielsweise Japan, die USA, Argentinien und Brasilien. Der Gro\u00dfteil des Handels wird mit Argentinien und Brasilien abgewickelt.<\/p>\n\n\n\n<p>The country has also become more urban. The rapid development of the country makes it easy for new businesses to move in. That ease of entry means one less concern for you. With that out of the way, you can focus on profit and growth.<\/p>\n\n\n\n<h2 class=\"wp-block-heading\">\u00dcber Marktforschung in Bolivien<\/h2>\n\n\n\n<p>It\u2019s essential to use many different techniques to get the most helpful info. <a href=\"https:\/\/www.sisinternational.com\/de\/losungen\/qualitative-quantitative-forschungslosungen\/marktforschung-im-ausendienst\/\" title=\"Marktforschung im Au\u00dfendienst\"  data-wpil-monitor-id=\"8691\">Research in the field<\/a> is the best approach. It lets you get the most up-to-date information. That current info will let you make better and more correct predictions. <a href=\"https:\/\/www.sisinternational.com\/de\/losungen\/qualitative-quantitative-forschungslosungen\/qualitative-forschung-rekrutierung\/\" title=\"Qualitative Forschung Rekrutierung\"  data-wpil-monitor-id=\"8683\">Qualitative and Quantitative research<\/a> is excellent for this. Those can help determine what works and what doesn\u2019t. Also, some other suitable <a href=\"https:\/\/www.sisinternational.com\/de\/quantitative-market-research-methods-and-techniques\/\" title=\"Quantitative Market Research Methods and Techniques\"  data-wpil-monitor-id=\"8684\">methods include Strategy Research<\/a>, Focus Groups, and Surveys. They can give you a good idea of what is going on in consumers\u2019 heads.<\/p>\n\n\n\n<p>Der <a href=\"https:\/\/www.sisinternational.com\/de\/beauty-market-research-in-the-us\/\" title=\"Beauty Market Research in the US\"  data-wpil-monitor-id=\"893\">beauty of Market Research<\/a> is that it lets you be ahead of the curve in the market. That prior knowledge will put you ahead of your competitors so that you can beat them without a sweat.<\/p>\n\n\n\n<p><\/p>","protected":false},"excerpt":{"rendered":"<p>Marktforschung in Bolivien Bolivien liegt im mittleren Westen S\u00fcdamerikas. Die Hauptstadt ist Sucre, aber die Finanzhauptstadt ist La Paz. Bolivien hatte im 20. Jahrhundert einige finanzielle Schwierigkeiten. Es hat sich jetzt besser erholt als je zuvor. Mit steigendem BIP und sinkenden Armutsraten erlebt es einen Wirtschaftsboom. Aber \u2026 <a title=\"Marktforschung in Bolivien\" class=\"read-more\" href=\"https:\/\/www.sisinternational.com\/de\/abdeckung\/latin-america\/marktforschung-in-lateinamerika-2\/marktforschung-bolivien\/\" aria-label=\"Mehr Informationen \u00fcber Marktforschung in Bolivien\">Weiterlesen \u2026<\/a><\/p>","protected":false},"author":1,"featured_media":66214,"parent":14351,"menu_order":20,"comment_status":"closed","ping_status":"closed","template":"","meta":{"footnotes":""},"class_list":["post-39523","page","type-page","status-publish","has-post-thumbnail"],"_links":{"self":[{"href":"https:\/\/www.sisinternational.com\/de\/wp-json\/wp\/v2\/pages\/39523","targetHints":{"allow":["GET"]}}],"collection":[{"href":"https:\/\/www.sisinternational.com\/de\/wp-json\/wp\/v2\/pages"}],"about":[{"href":"https:\/\/www.sisinternational.com\/de\/wp-json\/wp\/v2\/types\/page"}],"author":[{"embeddable":true,"href":"https:\/\/www.sisinternational.com\/de\/wp-json\/wp\/v2\/users\/1"}],"replies":[{"embeddable":true,"href":"https:\/\/www.sisinternational.com\/de\/wp-json\/wp\/v2\/comments?post=39523"}],"version-history":[{"count":4,"href":"https:\/\/www.sisinternational.com\/de\/wp-json\/wp\/v2\/pages\/39523\/revisions"}],"predecessor-version":[{"id":81457,"href":"https:\/\/www.sisinternational.com\/de\/wp-json\/wp\/v2\/pages\/39523\/revisions\/81457"}],"up":[{"embeddable":true,"href":"https:\/\/www.sisinternational.com\/de\/wp-json\/wp\/v2\/pages\/14351"}],"wp:featuredmedia":[{"embeddable":true,"href":"https:\/\/www.sisinternational.com\/de\/wp-json\/wp\/v2\/media\/66214"}],"wp:attachment":[{"href":"https:\/\/www.sisinternational.com\/de\/wp-json\/wp\/v2\/media?parent=39523"}],"curies":[{"name":"wp","href":"https:\/\/api.w.org\/{rel}","templated":true}]}}