{"id":39521,"date":"2021-12-14T21:19:21","date_gmt":"2021-12-14T21:19:21","guid":{"rendered":"https:\/\/www.sisinternational.com\/?page_id=39521"},"modified":"2025-09-14T21:44:05","modified_gmt":"2025-09-15T01:44:05","slug":"marktforschung-belize","status":"publish","type":"page","link":"https:\/\/www.sisinternational.com\/de\/abdeckung\/latin-america\/marktforschung-in-lateinamerika-2\/marktforschung-belize\/","title":{"rendered":"Marktforschung in Belize"},"content":{"rendered":"<h1 class=\"wp-block-heading\">Marktforschung in Belize<\/h1>\n\n\n\n<figure class=\"gb-block-image gb-block-image-51ec4602\"><img loading=\"lazy\" decoding=\"async\" width=\"1456\" height=\"816\" class=\"gb-image gb-image-51ec4602\" src=\"https:\/\/www.sisinternational.com\/wp-content\/uploads\/2025\/09\/Belize-3.jpg\" alt=\"SIS International Marktforschung &amp; Strategie\" title=\"Belize (3)\" srcset=\"https:\/\/www.sisinternational.com\/wp-content\/uploads\/2025\/09\/Belize-3.jpg 1456w, https:\/\/www.sisinternational.com\/wp-content\/uploads\/2025\/09\/Belize-3-300x168.jpg 300w, https:\/\/www.sisinternational.com\/wp-content\/uploads\/2025\/09\/Belize-3-1024x574.jpg 1024w, https:\/\/www.sisinternational.com\/wp-content\/uploads\/2025\/09\/Belize-3-768x430.jpg 768w, https:\/\/www.sisinternational.com\/wp-content\/uploads\/2025\/09\/Belize-3-18x10.jpg 18w\" sizes=\"auto, (max-width: 1456px) 100vw, 1456px\"><\/figure>\n\n\n\n<p><\/p>\n\n\n\n<p>Eine Besonderheit von Belize ist seine geringe Bev\u00f6lkerungszahl \u2013 es hat die geringste Bev\u00f6lkerungszahl in Mittelamerika. Seine Nachbarn sind Mexiko und Guatemala. Die gr\u00f6\u00dfte Stadt ist Belize City und die Hauptstadt ist Belmopan.<\/p>\n\n\n\n<p>The main languages are English and Spanish. Mayan is another spoken language, as are&nbsp;Kriol, German, Garifuna, and Chinese. The Mestizo is the most common ethnic <a href=\"https:\/\/www.sisinternational.com\/de\/losungen\/schwerpunktgruppen\/einrichtungen-fur-fokusgruppen-in-nyc\/\" title=\"Einrichtungen f\u00fcr Fokusgruppen in New York City\"  data-wpil-monitor-id=\"8960\">group within the city<\/a>. Creole, Maya, Garifuna, East Indian, Caucasian, and Asian are further ethnic groups. More than half of the country practices the Christian religion. The currency is the Belize dollar (BZD).<\/p>\n\n\n\n<h2 class=\"wp-block-heading\">Schl\u00fcsselindustrien<\/h2>\n\n\n\n<p>Belize hat eine kleine, private Wirtschaft. Ein Gro\u00dfteil seines Einkommens stammt aus Landwirtschaft, Tourismus und Dienstleistungen. \u00d6l ist ein weiterer und neuer Eintrag auf dieser Liste. Die Stadt Spanish Lookout beherbergt jetzt ein \u00d6lfeld. Es hat diesem Entwicklungsland neue Perspektiven und Probleme gebracht. Belizes Hauptexportprodukte sind Zitrusfr\u00fcchte, Zucker und Bananen. Belizes Handelsdefizit ist aufgrund der niedrigen Exportpreise f\u00fcr Zucker und Bananen gestiegen.<\/p>\n\n\n\n<h2 class=\"wp-block-heading\">Nachbarschaften<\/h2>\n\n\n\n<p>Die Hauptstadt Belmopan ist die am wenigsten bev\u00f6lkerte Hauptstadt des amerikanischen Kontinents. Belmopan ist zugleich die drittgr\u00f6\u00dfte Siedlung in Belize. Weitere gro\u00dfe Siedlungen sind San Ignacio und Belize City. Belmopan, das 1970 als Planstadt entstand, ist eine der j\u00fcngsten Landeshauptst\u00e4dte der Welt. Seit dem Jahr 2000 ist Belmopan eine der beiden Siedlungen in Belize mit offiziellem Stadtstatus. Die andere ist Belize City.<\/p>\n\n\n\n<p>Belize City, die gr\u00f6\u00dfte Stadt, war einst die Hauptstadt des ehemaligen Britisch-Honduras. Hier befindet sich der wichtigste Hafen. Au\u00dferdem ist es ein Finanz- und Industriezentrum. Im Oktober 1961 zerst\u00f6rte Hurrikan Hati Belize City fast vollst\u00e4ndig. Es war die Hauptstadt, bis die Regierung 1970 nach Belmopan zog.<\/p>\n\n\n\n<h2 class=\"wp-block-heading\">Trends<\/h2>\n\n\n\n<figure class=\"gb-block-image gb-block-image-818eed39\"><img loading=\"lazy\" decoding=\"async\" width=\"1456\" height=\"816\" class=\"gb-image gb-image-818eed39\" src=\"https:\/\/www.sisinternational.com\/wp-content\/uploads\/2025\/09\/Belize-4.jpg\" alt=\"SIS International Marktforschung &amp; Strategie\" title=\"Belize (4)\" srcset=\"https:\/\/www.sisinternational.com\/wp-content\/uploads\/2025\/09\/Belize-4.jpg 1456w, https:\/\/www.sisinternational.com\/wp-content\/uploads\/2025\/09\/Belize-4-300x168.jpg 300w, https:\/\/www.sisinternational.com\/wp-content\/uploads\/2025\/09\/Belize-4-1024x574.jpg 1024w, https:\/\/www.sisinternational.com\/wp-content\/uploads\/2025\/09\/Belize-4-768x430.jpg 768w, https:\/\/www.sisinternational.com\/wp-content\/uploads\/2025\/09\/Belize-4-18x10.jpg 18w\" sizes=\"auto, (max-width: 1456px) 100vw, 1456px\"><\/figure>\n\n\n\n<p><\/p>\n\n\n\n<p>Die Zahl der Touristen nimmt zu. Belize hat sich zu einem schnell wachsenden Urlaubsmekka in der Region entwickelt. Es hat auch eine gro\u00dfe Innovationswelle erlebt. Es ist jetzt f\u00fchrend in den angesagtesten Technologiebereichen (virtuelle Realit\u00e4t und Kryptow\u00e4hrungen).<\/p>\n\n\n\n<h2 class=\"wp-block-heading\">Vorteile und St\u00e4rken im Markt<\/h2>\n\n\n\n<ol class=\"wp-block-list\">\n<li>Tourismuspotenzial.<\/li>\n\n\n\n<li>Unterst\u00fctzung durch externe Kreditagenturen.<\/li>\n<\/ol>\n\n\n\n<h2 class=\"wp-block-heading\">Gr\u00fcnde, Ihr Gesch\u00e4ft in Belize auszubauen<\/h2>\n\n\n\n<ul class=\"wp-block-list\">\n<li>Die Regierung legt gro\u00dfen Wert darauf, Belizer zu besch\u00e4ftigen. Sie bietet au\u00dferdem Anreize f\u00fcr Unternehmen, die die Wirtschaft ankurbeln wollen. Dazu geh\u00f6ren Steuererleichterungen und Befreiungen von Ein- und Ausfuhrz\u00f6llen.<\/li>\n\n\n\n<li>Belize liegt in der N\u00e4he der USA und ist daher leicht zu erreichen. Dar\u00fcber hinaus bieten Fluggesellschaften Direktfl\u00fcge von New York, Kalifornien, Georgia, Florida und Texas an.<\/li>\n\n\n\n<li>Die Hauptsprache in Belize ist Englisch\/Kreolisch. Dar\u00fcber hinaus sprechen die meisten Einheimischen Englisch und Spanisch, zwei der beliebtesten Sprachen der Welt.<\/li>\n\n\n\n<li>Belize hat Verbindungen zu Mittelamerika und der Karibik. Daher profitiert es von den zwischen diesen beiden Regionen unterzeichneten Handelsabkommen.<\/li>\n\n\n\n<li>Belize is still very young and is a developing country. Hence, there are many <a href=\"https:\/\/www.sisinternational.com\/de\/chancen-und-hindernisse-des-islamischen-bankwesens-fur-die-us-finanzbranche\/\" title=\"Islamic Banking: Chancen und Hindernisse f\u00fcr die US-Finanzbranche\"  data-wpil-monitor-id=\"8962\">opportunities to enter new industries<\/a>.<\/li>\n\n\n\n<li>Der Mindestlohn in Belize geh\u00f6rt zu den h\u00f6chsten in der Region. Dennoch ist er im Vergleich zu den Mindestl\u00f6hnen in Industriel\u00e4ndern immer noch zu niedrig.<\/li>\n\n\n\n<li>Real estate is cheap to rent or buy. As a matter of fact, much of the land in Belize remains undeveloped. This is good news if your <a href=\"https:\/\/www.sisinternational.com\/de\/unternehmensgrundung-in-der-turkei\/\" title=\"Unternehmensgr\u00fcndung in der T\u00fcrkei\"  data-wpil-monitor-id=\"8963\">business plans include setting<\/a> up a farm. The land could also be useful for other purposes. Your business might be far from the city or town, but the land prices will be much lower.<\/li>\n<\/ul>\n\n\n\n<h2 class=\"wp-block-heading\">\u00dcber Marktforschung in Belize<\/h2>\n\n\n\n<p>Would you like to set up a business in Belize? If so, then you\u2019re in the right place. We set up focus <a href=\"https:\/\/www.sisinternational.com\/de\/losungen\/qualitative-quantitative-forschungslosungen\/zentrale-standorttests-vs-fokusgruppen\/\" title=\"Zentrale Standorttests vs. Fokusgruppen\"  data-wpil-monitor-id=\"8961\">groups<\/a> in different areas of business in Central America. Likewise, we can conduct quantitative, qualitative, and strategic research for you. This step is vital for doing business in Belize. We will collect the <a href=\"https:\/\/www.sisinternational.com\/de\/analysis-b2b\/\" title=\"What Business Leaders Need to Know Right Now\"  data-wpil-monitor-id=\"8964\">needed details for you and your business<\/a>. Our interviews, surveys, and other <a href=\"https:\/\/www.sisinternational.com\/de\/quantitative-market-research-methods-and-techniques\/\" title=\"Quantitative Market Research Methods and Techniques\"  data-wpil-monitor-id=\"8959\">market research methods<\/a> will ensure your success.<\/p>\n\n\n\n<p><\/p>","protected":false},"excerpt":{"rendered":"<p>Market Research in Belize One thing that makes Belize stand out is its small numbers \u2013 it has the smallest populace in Central America. Its neighbors are Mexico and Guatemala. Its largest city is Belize City, and its capital is Belmopan. The main languages are English and Spanish. Mayan is another spoken language, as are&nbsp;Kriol, &#8230; <a title=\"Marktforschung in Belize\" class=\"read-more\" href=\"https:\/\/www.sisinternational.com\/de\/abdeckung\/latin-america\/marktforschung-in-lateinamerika-2\/marktforschung-belize\/\" aria-label=\"Mehr Informationen \u00fcber Marktforschung in Belize\">Weiterlesen \u2026<\/a><\/p>","protected":false},"author":1,"featured_media":66210,"parent":14351,"menu_order":19,"comment_status":"closed","ping_status":"closed","template":"","meta":{"footnotes":""},"class_list":["post-39521","page","type-page","status-publish","has-post-thumbnail"],"_links":{"self":[{"href":"https:\/\/www.sisinternational.com\/de\/wp-json\/wp\/v2\/pages\/39521","targetHints":{"allow":["GET"]}}],"collection":[{"href":"https:\/\/www.sisinternational.com\/de\/wp-json\/wp\/v2\/pages"}],"about":[{"href":"https:\/\/www.sisinternational.com\/de\/wp-json\/wp\/v2\/types\/page"}],"author":[{"embeddable":true,"href":"https:\/\/www.sisinternational.com\/de\/wp-json\/wp\/v2\/users\/1"}],"replies":[{"embeddable":true,"href":"https:\/\/www.sisinternational.com\/de\/wp-json\/wp\/v2\/comments?post=39521"}],"version-history":[{"count":3,"href":"https:\/\/www.sisinternational.com\/de\/wp-json\/wp\/v2\/pages\/39521\/revisions"}],"predecessor-version":[{"id":81502,"href":"https:\/\/www.sisinternational.com\/de\/wp-json\/wp\/v2\/pages\/39521\/revisions\/81502"}],"up":[{"embeddable":true,"href":"https:\/\/www.sisinternational.com\/de\/wp-json\/wp\/v2\/pages\/14351"}],"wp:featuredmedia":[{"embeddable":true,"href":"https:\/\/www.sisinternational.com\/de\/wp-json\/wp\/v2\/media\/66210"}],"wp:attachment":[{"href":"https:\/\/www.sisinternational.com\/de\/wp-json\/wp\/v2\/media?parent=39521"}],"curies":[{"name":"wp","href":"https:\/\/api.w.org\/{rel}","templated":true}]}}