{"id":39519,"date":"2021-12-14T21:15:32","date_gmt":"2021-12-14T21:15:32","guid":{"rendered":"https:\/\/www.sisinternational.com\/?page_id=39519"},"modified":"2025-09-14T21:43:10","modified_gmt":"2025-09-15T01:43:10","slug":"marktforschung-in-barbados","status":"publish","type":"page","link":"https:\/\/www.sisinternational.com\/de\/abdeckung\/marktforschung-in-der-karibik\/marktforschung-in-barbados\/","title":{"rendered":"Marktforschung in Barbados"},"content":{"rendered":"<h1 class=\"wp-block-heading\">Marktforschung in Barbados<\/h1>\n\n\n\n<figure class=\"gb-block-image gb-block-image-9620d1f7\"><img loading=\"lazy\" decoding=\"async\" width=\"1456\" height=\"816\" class=\"gb-image gb-image-9620d1f7\" src=\"https:\/\/www.sisinternational.com\/wp-content\/uploads\/2025\/09\/Barbados-2.jpg\" alt=\"SIS International Marktforschung &amp; Strategie\" title=\"Barbados 2\" srcset=\"https:\/\/www.sisinternational.com\/wp-content\/uploads\/2025\/09\/Barbados-2.jpg 1456w, https:\/\/www.sisinternational.com\/wp-content\/uploads\/2025\/09\/Barbados-2-300x168.jpg 300w, https:\/\/www.sisinternational.com\/wp-content\/uploads\/2025\/09\/Barbados-2-1024x574.jpg 1024w, https:\/\/www.sisinternational.com\/wp-content\/uploads\/2025\/09\/Barbados-2-768x430.jpg 768w, https:\/\/www.sisinternational.com\/wp-content\/uploads\/2025\/09\/Barbados-2-18x10.jpg 18w\" sizes=\"auto, (max-width: 1456px) 100vw, 1456px\"><\/figure>\n\n\n\n<p><\/p>\n\n\n\n<p>Barbados ist ein karibischer Inselstaat, der nord\u00f6stlich von Trinidad und Tobago und \u00f6stlich von St. Vincent und den Grenadinen liegt. Dieses kleine Land ist im Vergleich zu den Nachbarinseln sehr gut entwickelt. Dar\u00fcber hinaus ist es auch eine Volkswirtschaft mit hohen Einkommen. Als einer der wohlhabendsten Inselstaaten in Westindien ist es ein erstklassiger Investitionsstandort.<\/p>\n\n\n\n<h2 class=\"wp-block-heading\">Schl\u00fcsselindustrien<\/h2>\n\n\n\n<p>The main areas of <a href=\"https:\/\/www.sisinternational.com\/de\/sachverstand\/branchen\/industrielle-fokusgruppen\/\" title=\"Industrielle Fokusgruppen\"  data-wpil-monitor-id=\"8724\">focus for Barbados are the service industry<\/a> and tourism. These sectors make up three-quarters of the national GDP. Despite this, the country also has a strong agricultural and industrial sector. Also, the large amounts of limestone on the island fuel its mining industry. The island earns much money from the quarrying of clay, gravel, and sand. About three-quarters of the nation\u2019s land is suitable for farming. That land produces lots of sugar for export.<\/p>\n\n\n\n<h2 class=\"wp-block-heading\">Nachbarschaften<\/h2>\n\n\n\n<p>The island has a very flat terrain. It has a few mountains. This terrain dates back to the large coral deposits that were present when the island was forming. Barbados, unlike many of its neighbors, is a limestone island.<\/p>\n\n\n\n<p>Barbados hat 11 Pfarrgemeinden, die alle nach Heiligen benannt sind. Ihre D\u00f6rfer sind \u00fcber die ganze Insel verteilt, die meisten liegen jedoch an der K\u00fcste. Neben diesen D\u00f6rfern gibt es auf Barbados auch einige St\u00e4dte, von denen die meisten Handels- und Industriezentren sind.<\/p>\n\n\n\n<h2 class=\"wp-block-heading\">Trends<\/h2>\n\n\n\n<p>Die meisten Menschen sind afrikanischer Abstammung (etwa 91%), der Rest ist entweder wei\u00df, gemischt oder indisch. Barbados hat also eine reiche Mischung aus westafrikanischer, britischer und indischer Kultur. Eine der beliebtesten Freizeitbesch\u00e4ftigungen der Einheimischen ist Cricket. Viele Cricketspieler des Landes sind Teil des regionalen westindischen Teams.<\/p>\n\n\n\n<h2 class=\"wp-block-heading\">Vorteile und St\u00e4rken im Markt<\/h2>\n\n\n\n<p>Barbados has a large amount of arable land for growing a variety of crops. It&#8217;s also known for its large number of <a href=\"https:\/\/www.sisinternational.com\/de\/losungen\/ai-marktforschung-und-strategieberatung\/rohstoffe-automatisierung-kunstliche-intelligenz-beratung\/\" title=\"Beratung zur Rohstoffautomatisierung und k\u00fcnstlichen Intelligenz\"  data-wpil-monitor-id=\"8725\">raw construction materials<\/a>. The rich gravel, sand, and limestone are great for the construction of buildings. Its ease of access and the low price are good news for builders. It\u2019s also one less cause for worry.<\/p>\n\n\n\n<p>The financial <a href=\"https:\/\/www.sisinternational.com\/de\/losungen\/verbrauchermarktforschung\/\" title=\"Consumer Market Research Services for Smarter Business Decisions\"  data-wpil-monitor-id=\"8727\">services and global business<\/a> sector also boost the country\u2019s GDP. Many large banks and companies are already present there. The sector attracts them because of the quality of supporting services they can access on the island.<\/p>\n\n\n\n<h2 class=\"wp-block-heading\">Verbraucherbasis<\/h2>\n\n\n\n<p>Barbados has one of the densest populations in <a class=\"wpil_keyword_link\" href=\"https:\/\/www.sisinternational.com\/de\/abdeckung\/die-amerikaner\/\"   title=\"Der amerikanische Kontinent\" data-wpil-keyword-link=\"linked\"  data-wpil-monitor-id=\"741\">the Americas<\/a>. Most locals speak English or at least a dialect of it. Along with that, almost all locals are literate and educated. That well-educated and skilled population is suitable for any new business. It improves the pool of consumers and potential employees.<\/p>\n\n\n\n<h2 class=\"wp-block-heading\">Reasons to Grow Your Business in the Barbadian Market<\/h2>\n\n\n\n<p>Barbados\u2019 scores are high in the human development index. It means that the country has excellent systems in place, which is good news for investors. Barbados also has good relations with its high-profile trading partners such as the US and the UK. The <a href=\"https:\/\/www.sisinternational.com\/de\/multiplattform-marketing-kampagnenstrategie-fur-eine-holdinggesellschaft-und-einen-unternehmenskonglomerat-aus-den-emiraten\/\" title=\"Multikulturelle Werbedienstleistungen f\u00fcr eine Holdinggesellschaft und einen Unternehmenskonglomerat aus den Emiraten\"  data-wpil-monitor-id=\"8728\">service sector supports new businesses<\/a>. Many people in this sector can assist any <a href=\"https:\/\/www.sisinternational.com\/de\/unternehmensgrundung-in-der-turkei\/\" title=\"Unternehmensgr\u00fcndung in der T\u00fcrkei\"  data-wpil-monitor-id=\"8729\">business that wants to set<\/a> itself up there.<\/p>\n\n\n\n<h2 class=\"wp-block-heading\">\u00dcber Marktforschung in Barbados<\/h2>\n\n\n\n<p>Investors need to get the most practical and accurate info. Thus, it\u2019s essential to use many info-gathering techniques. In addition, <a href=\"https:\/\/www.sisinternational.com\/de\/abdeckung\/die-amerikaner\/usa-berichterstattung\/marktforschung-in-rhode-island\/\" title=\"Marktforschung in Rhode Island\"  data-wpil-monitor-id=\"8726\">researching an island<\/a> calls for a hands-on approach. It is best to explore the country itself. <a href=\"https:\/\/www.sisinternational.com\/de\/how-to-design-effective-surveys-for-quantitative-research\/\" title=\"How to Design Effective Surveys for Quantitative Research\"  data-wpil-monitor-id=\"8723\">Quantitative und qualitative Forschung<\/a> are excellent tools for this. Those can help investors to find out what works and what doesn\u2019t.<\/p>\n\n\n\n<p>F\u00fcr jedes Unternehmen ist es wichtig, die beste Vorgehensweise zu finden. Auch Interviews, Fokusgruppen, Umfragen und Strategieforschung sind hilfreich. Sie k\u00f6nnen mehr reale Daten liefern und Ihnen eine Vorstellung davon geben, was in den K\u00f6pfen der Verbraucher vorgeht.<\/p>\n\n\n\n<p><\/p>","protected":false},"excerpt":{"rendered":"<p>Marktforschung in Barbados Barbados ist ein karibischer Inselstaat, der nord\u00f6stlich von Trinidad und Tobago und \u00f6stlich von St. Vincent und den Grenadinen liegt. Dieses kleine Land ist im Vergleich zu den Nachbarinseln sehr gut entwickelt. Dar\u00fcber hinaus ist es auch eine Volkswirtschaft mit hohem Einkommen. Als einer der wohlhabendsten Inselstaaten im Westen \u2026 <a title=\"Marktforschung in Barbados\" class=\"read-more\" href=\"https:\/\/www.sisinternational.com\/de\/abdeckung\/marktforschung-in-der-karibik\/marktforschung-in-barbados\/\" aria-label=\"Mehr Informationen \u00fcber Marktforschung in Barbados\">Weiterlesen \u2026<\/a><\/p>","protected":false},"author":1,"featured_media":66391,"parent":33287,"menu_order":1,"comment_status":"closed","ping_status":"closed","template":"","meta":{"footnotes":""},"class_list":["post-39519","page","type-page","status-publish","has-post-thumbnail"],"_links":{"self":[{"href":"https:\/\/www.sisinternational.com\/de\/wp-json\/wp\/v2\/pages\/39519","targetHints":{"allow":["GET"]}}],"collection":[{"href":"https:\/\/www.sisinternational.com\/de\/wp-json\/wp\/v2\/pages"}],"about":[{"href":"https:\/\/www.sisinternational.com\/de\/wp-json\/wp\/v2\/types\/page"}],"author":[{"embeddable":true,"href":"https:\/\/www.sisinternational.com\/de\/wp-json\/wp\/v2\/users\/1"}],"replies":[{"embeddable":true,"href":"https:\/\/www.sisinternational.com\/de\/wp-json\/wp\/v2\/comments?post=39519"}],"version-history":[{"count":4,"href":"https:\/\/www.sisinternational.com\/de\/wp-json\/wp\/v2\/pages\/39519\/revisions"}],"predecessor-version":[{"id":81462,"href":"https:\/\/www.sisinternational.com\/de\/wp-json\/wp\/v2\/pages\/39519\/revisions\/81462"}],"up":[{"embeddable":true,"href":"https:\/\/www.sisinternational.com\/de\/wp-json\/wp\/v2\/pages\/33287"}],"wp:featuredmedia":[{"embeddable":true,"href":"https:\/\/www.sisinternational.com\/de\/wp-json\/wp\/v2\/media\/66391"}],"wp:attachment":[{"href":"https:\/\/www.sisinternational.com\/de\/wp-json\/wp\/v2\/media?parent=39519"}],"curies":[{"name":"wp","href":"https:\/\/api.w.org\/{rel}","templated":true}]}}