{"id":39515,"date":"2021-12-14T20:40:24","date_gmt":"2021-12-14T20:40:24","guid":{"rendered":"https:\/\/www.sisinternational.com\/?page_id=39515"},"modified":"2025-09-14T21:39:55","modified_gmt":"2025-09-15T01:39:55","slug":"marktforschung-fur-umweltdienstleistungen","status":"publish","type":"page","link":"https:\/\/www.sisinternational.com\/de\/sachverstand\/marktforschung-fur-umweltdienstleistungen\/","title":{"rendered":"Marktforschung f\u00fcr Umweltdienstleistungen"},"content":{"rendered":"<h1 class=\"wp-block-heading\">Marktforschung f\u00fcr Umweltdienstleistungen<\/h1>\n\n\n\n<figure class=\"gb-block-image gb-block-image-1ab0731b\"><img loading=\"lazy\" decoding=\"async\" width=\"1456\" height=\"816\" class=\"gb-image gb-image-1ab0731b\" src=\"https:\/\/www.sisinternational.com\/wp-content\/uploads\/2025\/08\/Environmental-Services-5.jpg\" alt=\"SIS International Marktforschung &amp; Strategie\" title=\"Environmental Services (5)\" srcset=\"https:\/\/www.sisinternational.com\/wp-content\/uploads\/2025\/08\/Environmental-Services-5.jpg 1456w, https:\/\/www.sisinternational.com\/wp-content\/uploads\/2025\/08\/Environmental-Services-5-300x168.jpg 300w, https:\/\/www.sisinternational.com\/wp-content\/uploads\/2025\/08\/Environmental-Services-5-1024x574.jpg 1024w, https:\/\/www.sisinternational.com\/wp-content\/uploads\/2025\/08\/Environmental-Services-5-768x430.jpg 768w, https:\/\/www.sisinternational.com\/wp-content\/uploads\/2025\/08\/Environmental-Services-5-18x10.jpg 18w\" sizes=\"auto, (max-width: 1456px) 100vw, 1456px\"><\/figure>\n\n\n\n<p><\/p>\n\n\n\n<h2 class=\"wp-block-heading\">Was sind Umweltdienstleistungen?<\/h2>\n\n\n\n<p>Environmental Services is the proper care of natural assets, such as land, water, and air. It includes the provision of food and clean water and covers things like flood and disease control. Environmental Services also involve nutrient cycling, which keeps the conditions for life on Earth perfect. In addition, it includes the supply of raw materials. It also covers the energy used to produce goods. It\u2019s also the cleanup of trash caused by human acts and their role in life support and landscape upkeep.<\/p>\n\n\n\n<h2 class=\"wp-block-heading\">Warum sind Umweltdienstleistungen wichtig?<\/h2>\n\n\n\n<p>Experts have related mortality, health status, illness (including chronic diseases), and poor birth outcomes to social and cultural factors. Equally important are mental health and other major health indicators, which depend on one\u2019s environment. That\u2019s why it\u2019s important to realize that societies need to put environmental services in place. In fact, it enables them to deal with such issues.<\/p>\n\n\n\n<h2 class=\"wp-block-heading\">Wichtige Berufsbezeichnung<\/h2>\n\n\n\n<h3 class=\"wp-block-heading\">Ingenieur f\u00fcr Luftqualit\u00e4t<\/h3>\n\n\n\n<p>Diese Experten sind f\u00fcr die Luftqualit\u00e4t zust\u00e4ndig. Sie arbeiten daran, die Luftqualit\u00e4t in allen Bereichen auf einem optimalen Niveau zu halten und sie den Menschen zur Verf\u00fcgung zu stellen.<\/p>\n\n\n\n<h3 class=\"wp-block-heading\">Naturschutzwissenschaftler<\/h3>\n\n\n\n<p>Naturschutzwissenschaftler \u00fcberwachen die Ressourcen des Landes. Sie sind bestrebt, diese Ressourcen zu sch\u00fctzen und zu erhalten.<\/p>\n\n\n\n<h3 class=\"wp-block-heading\">Umweltanwalt<\/h3>\n\n\n\n<p>These are lawyers who focus on the legal laws and aspects of land, air, and water. They might also stand for <a href=\"https:\/\/www.sisinternational.com\/de\/losungen\/legal-market-research\/client-retention-strategies-in-law-firms\/\" title=\"Client Retention Strategies in Law Firms\u00a0\u00a0\"  data-wpil-monitor-id=\"7986\">Kunden<\/a> in cases that concern water law and climate change law. Land management is another function of these lawyers.<\/p>\n\n\n\n<h2 class=\"wp-block-heading\">Warum brauchen Unternehmen Umweltdienstleistungen?<\/h2>\n\n\n\n<figure class=\"gb-block-image gb-block-image-48361a79\"><img loading=\"lazy\" decoding=\"async\" width=\"1456\" height=\"816\" class=\"gb-image gb-image-48361a79\" src=\"https:\/\/www.sisinternational.com\/wp-content\/uploads\/2025\/08\/Environmental-Services-3.jpg\" alt=\"SIS International Marktforschung &amp; Strategie\" title=\"Environmental Services (3)\" srcset=\"https:\/\/www.sisinternational.com\/wp-content\/uploads\/2025\/08\/Environmental-Services-3.jpg 1456w, https:\/\/www.sisinternational.com\/wp-content\/uploads\/2025\/08\/Environmental-Services-3-300x168.jpg 300w, https:\/\/www.sisinternational.com\/wp-content\/uploads\/2025\/08\/Environmental-Services-3-1024x574.jpg 1024w, https:\/\/www.sisinternational.com\/wp-content\/uploads\/2025\/08\/Environmental-Services-3-768x430.jpg 768w, https:\/\/www.sisinternational.com\/wp-content\/uploads\/2025\/08\/Environmental-Services-3-18x10.jpg 18w\" sizes=\"auto, (max-width: 1456px) 100vw, 1456px\"><\/figure>\n\n\n\n<p><\/p>\n\n\n\n<h3 class=\"wp-block-heading\">Sorge f\u00fcr die \u00d6ffentlichkeit<\/h3>\n\n\n\n<p>In rare situations, a building project may harm the wider area even more than other factors such as air or water pollution. It might negatively impact the people and animals that live there. Moreover, ecological systems and local life cycles can be pretty fragile. A minor change in the environment can upset their balance straightaway. Thus, it pays to engage the <a href=\"https:\/\/www.sisinternational.com\/de\/losungen\/fintech-strategieberatung-forschung\/vertrieb-ingenieurwesen-finanzdienstleistungen-beratung\/\" title=\"Vertrieb Engineering Finanzdienstleistungen Beratung\"  data-wpil-monitor-id=\"7985\">services of an environmental consulting<\/a> firm. Companies should always do so before taking on a large-scale project.<\/p>\n\n\n\n<h3 class=\"wp-block-heading\">Befolgen Sie die aktuellen Bundesvorschriften, sowohl die neuen als auch die alten<\/h3>\n\n\n\n<p>M\u00e4rkte, Marken und Unternehmen unterliegen langwierigen und komplexen staatlichen Vorschriften. Die Gr\u00fcnde f\u00fcr diese Kriterien m\u00f6gen zwar vern\u00fcnftig sein, aber es kann schwierig sein, sie einzuhalten. Daher ist es einfacher, einen Umweltexperten an der Seite zu haben.<\/p>\n\n\n\n<h3 class=\"wp-block-heading\">Gewinne f\u00fcr Ihr Unternehmen<\/h3>\n\n\n\n<p>Hiring an environmental <a href=\"https:\/\/www.sisinternational.com\/de\/multikulturelle-werbedienstleistungen-fur-ein-bekanntes-eisenbahnunternehmen\/\" title=\"Multikulturelle Werbedienstleistungen f\u00fcr ein bekanntes Eisenbahnunternehmen\"  data-wpil-monitor-id=\"7987\">service firm is in your company\u2019s<\/a> best interests. If you don\u2019t, you could end up spending loads of money having to move your operation. That\u2019s why it\u2019s essential to know if your project is suitable for its location. You also need to see if it complies with your state\u2019s laws. If it doesn\u2019t, it could result in higher fees and more costly revisions. You may even have to compensate residents affected by the work.<\/p>\n\n\n\n<h3 class=\"wp-block-heading\">Wichtiger Erfolgsfaktor<\/h3>\n\n\n\n<p>Waldb\u00e4ume sorgen f\u00fcr saubere Luft auf der Welt. Sie k\u00f6nnen auch als \u201eDolinen\u201c dienen, die helfen, die aktuellen drastischen Klimaver\u00e4nderungen auf der Erde auszugleichen. Schlechte Luftqualit\u00e4t ist eine Folge schlechter industrieller Prozesse. Diese schlechten Prozesse haben auch zur Wasserverschmutzung gef\u00fchrt, die weitreichende Folgen hat. Sie reduziert die N\u00e4hrstoffe im Boden, t\u00f6tet Fische und ist schrecklich f\u00fcr die menschliche Gesundheit und den K\u00f6rper.<\/p>\n\n\n\n<h2 class=\"wp-block-heading\">\u00dcber Environmental Service Market Research<\/h2>\n\n\n\n<p>Das Department of Environmental Services (DES) ist da, um diese Probleme zu l\u00f6sen. M\u00f6chten Sie Dienstleistungen wie die des DES anbieten? Ihr Unternehmen kann beispielsweise das ganze Jahr \u00fcber M\u00fcll, wiederverwertbaren Abfall und trockenes Laub entsorgen. Das DES k\u00fcmmert sich auch um unser Wassersystem, unsere Parks und Friedh\u00f6fe. Es r\u00e4umt Schnee und Eis weg, r\u00e4umt Freifl\u00e4chen und Brachfl\u00e4chen weg, pflanzt und beschneidet B\u00e4ume und vieles mehr.<\/p>\n\n\n\n<p>Can you offer programs in cities to protect and clean up the environment? Or can it preserve groundwater and boost solid waste collection? Surveys, focus groups, and interviews are critical parts of knowing what citizens want. You will also need to use quantitative, qualitative, and strategic research. These tools will let you know what features have been lagging and which parts are doing well.<\/p>\n\n\n\n<p><\/p>","protected":false},"excerpt":{"rendered":"<p>Ihr Unternehmen kann auf der Grundlage von B\u00fcrgerfeedback und Marktforschung die Umwelt sch\u00fctzen, das Grundwasser bewahren und die M\u00fcllabfuhr steigern.<\/p>","protected":false},"author":1,"featured_media":64613,"parent":14514,"menu_order":86,"comment_status":"closed","ping_status":"closed","template":"","meta":{"footnotes":""},"class_list":["post-39515","page","type-page","status-publish","has-post-thumbnail"],"_links":{"self":[{"href":"https:\/\/www.sisinternational.com\/de\/wp-json\/wp\/v2\/pages\/39515","targetHints":{"allow":["GET"]}}],"collection":[{"href":"https:\/\/www.sisinternational.com\/de\/wp-json\/wp\/v2\/pages"}],"about":[{"href":"https:\/\/www.sisinternational.com\/de\/wp-json\/wp\/v2\/types\/page"}],"author":[{"embeddable":true,"href":"https:\/\/www.sisinternational.com\/de\/wp-json\/wp\/v2\/users\/1"}],"replies":[{"embeddable":true,"href":"https:\/\/www.sisinternational.com\/de\/wp-json\/wp\/v2\/comments?post=39515"}],"version-history":[{"count":4,"href":"https:\/\/www.sisinternational.com\/de\/wp-json\/wp\/v2\/pages\/39515\/revisions"}],"predecessor-version":[{"id":81346,"href":"https:\/\/www.sisinternational.com\/de\/wp-json\/wp\/v2\/pages\/39515\/revisions\/81346"}],"up":[{"embeddable":true,"href":"https:\/\/www.sisinternational.com\/de\/wp-json\/wp\/v2\/pages\/14514"}],"wp:featuredmedia":[{"embeddable":true,"href":"https:\/\/www.sisinternational.com\/de\/wp-json\/wp\/v2\/media\/64613"}],"wp:attachment":[{"href":"https:\/\/www.sisinternational.com\/de\/wp-json\/wp\/v2\/media?parent=39515"}],"curies":[{"name":"wp","href":"https:\/\/api.w.org\/{rel}","templated":true}]}}