{"id":39347,"date":"2021-11-22T15:38:29","date_gmt":"2021-11-22T15:38:29","guid":{"rendered":"https:\/\/www.sisinternational.com\/?page_id=39347"},"modified":"2025-09-14T21:39:00","modified_gmt":"2025-09-15T01:39:00","slug":"q-commerce-marktforschung","status":"publish","type":"page","link":"https:\/\/www.sisinternational.com\/de\/sachverstand\/q-commerce-marktforschung\/","title":{"rendered":"Q-Commerce Marktforschung"},"content":{"rendered":"<h1 class=\"wp-block-heading\">Q-Commerce Marktforschung<\/h1>\n\n\n\n<figure class=\"gb-block-image gb-block-image-46bf74f5\"><img loading=\"lazy\" decoding=\"async\" width=\"1456\" height=\"816\" class=\"gb-image gb-image-46bf74f5\" src=\"https:\/\/www.sisinternational.com\/wp-content\/uploads\/2025\/08\/ecommerce-e-commerce-5.jpg\" alt=\"SIS International Marktforschung &amp; Strategie\" title=\"ecommerce e-commerce (5)\" srcset=\"https:\/\/www.sisinternational.com\/wp-content\/uploads\/2025\/08\/ecommerce-e-commerce-5.jpg 1456w, https:\/\/www.sisinternational.com\/wp-content\/uploads\/2025\/08\/ecommerce-e-commerce-5-300x168.jpg 300w, https:\/\/www.sisinternational.com\/wp-content\/uploads\/2025\/08\/ecommerce-e-commerce-5-1024x574.jpg 1024w, https:\/\/www.sisinternational.com\/wp-content\/uploads\/2025\/08\/ecommerce-e-commerce-5-768x430.jpg 768w, https:\/\/www.sisinternational.com\/wp-content\/uploads\/2025\/08\/ecommerce-e-commerce-5-18x10.jpg 18w\" sizes=\"auto, (max-width: 1456px) 100vw, 1456px\"><\/figure>\n\n\n\n<p><\/p>\n\n\n\n<h2 class=\"wp-block-heading\">Was ist Q-Commerce?<\/h2>\n\n\n\n<p>Q Commerce, wobei das Q f\u00fcr \u201equick\u201c (schnell) steht, ist eine Art von E-Commerce. Es ist auch als On-Demand-Lieferung oder E-Grocery bekannt. Das Hauptmerkmal von Q Commerce ist die Lieferung von Waren (normalerweise Lebensmitteln) an Kunden in weniger als einer Stunde. Einige Unternehmen r\u00fchmen sich mit einer Lieferzeit von 30 Minuten oder weniger.<\/p>\n\n\n\n<h2 class=\"wp-block-heading\">Warum ist Q-Commerce wichtig?<\/h2>\n\n\n\n<p>Q-Commerce spart Lieferzeiten. Beim E-Commerce oder beim Einkaufen vor Ort ist das nicht m\u00f6glich. Daher ist Q-Commerce ein Vorteil f\u00fcr vielbesch\u00e4ftigte Menschen. F\u00fcr \u00e4ltere oder behinderte Menschen nimmt Q-Commerce den gr\u00f6\u00dften Teil des Einkaufsaufwands ab. Aufgrund von COVID-19 sorgen sich viele Menschen um den sicheren Zugang zu Lebensmitteln und Medikamenten. Q-Commerce unterst\u00fctzt diese neue Lebensweise.<\/p>\n\n\n\n<p>Q-Commerce erm\u00f6glicht Unternehmen mehr Flexibilit\u00e4t. Aufgrund von COVID-19 ist es schwieriger geworden, die Bed\u00fcrfnisse der Verbraucher zu erf\u00fcllen. Daher haben viele Gesch\u00e4fte ihr Angebot erweitert und Q-Commerce in ihr Gesch\u00e4ft integriert.<\/p>\n\n\n\n<h2 class=\"wp-block-heading\">Wichtige Berufsbezeichnungen<\/h2>\n\n\n\n<p>Q Commerce bietet in vielen Bereichen Stellen an. Hier sind einige wichtige Berufsbezeichnungen:<\/p>\n\n\n\n<ul class=\"wp-block-list\">\n<li>Web-Entwickler<\/li>\n\n\n\n<li>IT-Techniker<\/li>\n\n\n\n<li>Bestellsachbearbeiter<\/li>\n\n\n\n<li>Kundendienstvertretung<\/li>\n\n\n\n<li>Lagerhausmanager<\/li>\n\n\n\n<li>Auslieferungsfahrer<\/li>\n<\/ul>\n\n\n\n<h2 class=\"wp-block-heading\">Warum Unternehmen Marktforschung von Q Commerce ben\u00f6tigen<\/h2>\n\n\n\n<p>Q-commerce expands the client base for retailers. Technology allows clients to have access to more retailers. With effective social media advertising and websites, <a href=\"https:\/\/www.sisinternational.com\/de\/losungen\/verbrauchermarktforschung\/\" title=\"Consumer Market Research Services for Smarter Business Decisions\"  data-wpil-monitor-id=\"7906\">consumers can discover Q commerce businesses<\/a>. Q commerce also provides <a href=\"https:\/\/www.sisinternational.com\/de\/losungen\/fintech-strategieberatung-forschung\/beratung-zur-kundengewinnung-im-finanzdienstleistungsbereich\/\" title=\"Beratung zur Kundengewinnung im Finanzdienstleistungsbereich\"  data-wpil-monitor-id=\"7908\">service<\/a> without needing the square footage for customer interaction. Customer interaction happens online. To upgrade the service, some companies will only need to set up and staff warehouses.<\/p>\n\n\n\n<p>Dar\u00fcber hinaus wird die Pandemie zwar abklingen, aber sie wird die Art und Weise ver\u00e4ndern, wie Kunden einkaufen. \u201eDark Stores\u201c sind sehr beliebt geworden. Das sind physische Gesch\u00e4fte, die jetzt nur noch Online-Bestellungen ausf\u00fchren. Dieser Trend zeigt, dass Q-Commerce der n\u00e4chste Schritt f\u00fcr Unternehmen ist. Q-Commerce hat viele Unternehmen vor dem Stillstand bewahrt. Es hat auch eine andere Form der finanziellen Sicherheit geschaffen.<\/p>\n\n\n\n<h2 class=\"wp-block-heading\">Schl\u00fcsselfaktoren f\u00fcr den Erfolg<\/h2>\n\n\n\n<p>While Q-commerce may appear simple, it could fail if not done well. Here are some <a href=\"https:\/\/www.sisinternational.com\/de\/schlusselfaktoren-fur-den-erfolg-in-der-automobilmarktforschung\/\" title=\"Erfolgsfaktoren in der Automobilmarktforschung\"  data-wpil-monitor-id=\"7901\">key factors for success<\/a>.<\/p>\n\n\n\n<h3 class=\"wp-block-heading\">Bedarf f\u00fcr den Dienst<\/h3>\n\n\n\n<p>Before starting a Q-commerce business, the entrepreneur should do the necessary groundwork. The research will let them know if it would be profitable. Q commerce would be an <a href=\"https:\/\/www.sisinternational.com\/de\/losungen\/qualitative-quantitative-forschungslosungen\/food-taste-testing-in-new-york\/\" title=\"Why New York City is an Excellent Test City for Food Taste Testing\"  data-wpil-monitor-id=\"7905\">excellent investment in a busy city<\/a> or area near the elderly. It may not work in small or remote towns.<\/p>\n\n\n\n<h3 class=\"wp-block-heading\">Zuverl\u00e4ssiger Online-Auftritt<\/h3>\n\n\n\n<p>Verbraucher haben Fragen oder Anregungen zu den Dienstleistungen oder ihren Bestellungen. Das Unternehmen muss einen Vertreter haben, der ihnen zur Seite steht. Es gibt soziale Medien und Softwareprogramme, die dabei helfen k\u00f6nnen. Diese Programme bieten den Kunden nahezu rund um die Uhr Hilfe.<\/p>\n\n\n\n<h3 class=\"wp-block-heading\">Eine benutzerfreundliche Website<\/h3>\n\n\n\n<p>In Q commerce, the brunt of the client\/company interaction may be non-verbal. The customer might have to send messages or use surveys. You should state the <a href=\"https:\/\/www.sisinternational.com\/de\/multikulturelle-werbedienstleistungen-fur-ein-bekanntes-eisenbahnunternehmen\/\" title=\"Multikulturelle Werbedienstleistungen f\u00fcr ein bekanntes Eisenbahnunternehmen\"  data-wpil-monitor-id=\"7907\">services and the policies of the company<\/a> in a prominent place on the site. Websites with sparse or confusing information will prevent people from interacting with them.<\/p>\n\n\n\n<h3 class=\"wp-block-heading\">Rechtlicher Schutz und Unterst\u00fctzung<\/h3>\n\n\n\n<p>Sie m\u00fcssen au\u00dferdem sicherstellen, dass alles auf der Website legal und einwandfrei ist. Das Unternehmen kann von Kunden oder anderen Unternehmen angefochten werden. Es w\u00e4re von Vorteil, rechtliche Unterst\u00fctzung zu haben.<\/p>\n\n\n\n<h2 class=\"wp-block-heading\">\u00dcber Q-Commerce Market Research<\/h2>\n\n\n\n<p>There are many factors to consider before starting Q commerce. To find out more about it, the <a href=\"https:\/\/www.sisinternational.com\/de\/veroffentlichungen\/skalierbare-geschaftsmarktforschung-7-moglichkeiten-zum-aufbau-eines-skalierbaren-geschafts\/\" title=\"Marktforschung f\u00fcr skalierbare Unternehmen: 7 M\u00f6glichkeiten zum Aufbau eines skalierbaren Unternehmens\"  data-wpil-monitor-id=\"7904\">business owner must do thorough research<\/a>. This research can happen in the form of <a href=\"https:\/\/www.sisinternational.com\/de\/losungen\/fokusgruppen-marktforschung\/\" title=\"Fokusgruppe Marktforschung\"  data-wpil-monitor-id=\"7903\">Fokus<\/a> Groups, Surveys, and Interviews. <a href=\"https:\/\/www.sisinternational.com\/de\/how-to-design-effective-surveys-for-quantitative-research\/\" title=\"How to Design Effective Surveys for Quantitative Research\"  data-wpil-monitor-id=\"7902\">Quantitative and Qualitative research<\/a> will give entrepreneurs detailed information. They will be able to please consumers and grow their clientele. The analysis also guides the entrepreneur on which risks they should take. It will also let them know when to hold back on expansions or mergers.<\/p>\n\n\n\n<p><\/p>","protected":false},"excerpt":{"rendered":"<p>Q-Commerce erweitert den Kundenstamm des Einzelh\u00e4ndlers durch Technologie und effektive Werbung. Q-Commerce-Marktforschung hilft Unternehmen beim Wachstum.<\/p>","protected":false},"author":1,"featured_media":64701,"parent":14514,"menu_order":85,"comment_status":"closed","ping_status":"closed","template":"","meta":{"footnotes":""},"class_list":["post-39347","page","type-page","status-publish","has-post-thumbnail"],"_links":{"self":[{"href":"https:\/\/www.sisinternational.com\/de\/wp-json\/wp\/v2\/pages\/39347","targetHints":{"allow":["GET"]}}],"collection":[{"href":"https:\/\/www.sisinternational.com\/de\/wp-json\/wp\/v2\/pages"}],"about":[{"href":"https:\/\/www.sisinternational.com\/de\/wp-json\/wp\/v2\/types\/page"}],"author":[{"embeddable":true,"href":"https:\/\/www.sisinternational.com\/de\/wp-json\/wp\/v2\/users\/1"}],"replies":[{"embeddable":true,"href":"https:\/\/www.sisinternational.com\/de\/wp-json\/wp\/v2\/comments?post=39347"}],"version-history":[{"count":4,"href":"https:\/\/www.sisinternational.com\/de\/wp-json\/wp\/v2\/pages\/39347\/revisions"}],"predecessor-version":[{"id":81330,"href":"https:\/\/www.sisinternational.com\/de\/wp-json\/wp\/v2\/pages\/39347\/revisions\/81330"}],"up":[{"embeddable":true,"href":"https:\/\/www.sisinternational.com\/de\/wp-json\/wp\/v2\/pages\/14514"}],"wp:featuredmedia":[{"embeddable":true,"href":"https:\/\/www.sisinternational.com\/de\/wp-json\/wp\/v2\/media\/64701"}],"wp:attachment":[{"href":"https:\/\/www.sisinternational.com\/de\/wp-json\/wp\/v2\/media?parent=39347"}],"curies":[{"name":"wp","href":"https:\/\/api.w.org\/{rel}","templated":true}]}}