{"id":39345,"date":"2021-11-22T15:28:55","date_gmt":"2021-11-22T15:28:55","guid":{"rendered":"https:\/\/www.sisinternational.com\/?page_id=39345"},"modified":"2026-01-27T16:48:53","modified_gmt":"2026-01-27T21:48:53","slug":"marktintelligenz-marktforschung","status":"publish","type":"page","link":"https:\/\/www.sisinternational.com\/de\/losungen\/strategieberatung\/marktintelligenz-marktforschung\/","title":{"rendered":"Market Intelligence Consulting"},"content":{"rendered":"<h1 class=\"wp-block-heading\">Market Intelligence Consulting<\/h1>\n\n\n\n<figure class=\"gb-block-image gb-block-image-3b194354\"><img loading=\"lazy\" decoding=\"async\" width=\"1456\" height=\"816\" class=\"gb-image gb-image-3b194354\" src=\"https:\/\/www.sisinternational.com\/wp-content\/uploads\/2025\/08\/Strategy-consulting-1.jpg\" alt=\"SIS International Marktforschung &amp; Strategie\" title=\"Strategy consulting (1)\" srcset=\"https:\/\/www.sisinternational.com\/wp-content\/uploads\/2025\/08\/Strategy-consulting-1.jpg 1456w, https:\/\/www.sisinternational.com\/wp-content\/uploads\/2025\/08\/Strategy-consulting-1-300x168.jpg 300w, https:\/\/www.sisinternational.com\/wp-content\/uploads\/2025\/08\/Strategy-consulting-1-1024x574.jpg 1024w, https:\/\/www.sisinternational.com\/wp-content\/uploads\/2025\/08\/Strategy-consulting-1-768x430.jpg 768w, https:\/\/www.sisinternational.com\/wp-content\/uploads\/2025\/08\/Strategy-consulting-1-18x10.jpg 18w\" sizes=\"auto, (max-width: 1456px) 100vw, 1456px\"><\/figure>\n\n\n\n<p><\/p>\n\n\n\n<p><span style=\"font-weight: 400;\">Haben Sie sich schon einmal gefragt, wie Unternehmen Markttrends vorhersehen, Verbraucherbed\u00fcrfnisse verstehen und ihren Konkurrenten immer einen Schritt voraus sein k\u00f6nnen? Die Antwort liegt im strategischen Einsatz von Marktforschung.&nbsp;<\/span><\/p>\n\n\n\n<p><span style=\"font-weight: 400;\">Dieses Tool ist f\u00fcr jedes Unternehmen unverzichtbar, das in der heutigen dynamischen Wirtschaftslandschaft erfolgreich sein m\u00f6chte, da es ein umfassendes Verst\u00e4ndnis der Marktdynamik, des Kundenverhaltens und des Wettbewerbsumfelds bietet.&nbsp;<\/span><\/p>\n\n\n\n<h2 class=\"wp-block-heading\"><span style=\"font-weight: 400;\"><strong>Was ist Marktintelligenz-Marktforschung?<\/strong><\/span><\/h2>\n\n\n\n<p>Bei der Marktintelligenz werden Daten verwendet, um den Markt zu untersuchen, in dem ein Unternehmen t\u00e4tig ist. Sie deckt Bereiche wie Zielgruppe, Verbraucherverhalten und Produkte\/Dienstleistungen ab. Die vier Haupts\u00e4ulen sind Wettbewerber, Produkte, Kunden und Markt-\/Brancheninformationen.<\/p>\n\n\n\n<p><span style=\"font-weight: 400;\">Die Marktforschung umfasst jedoch eine breite Palette von Aktivit\u00e4ten, die Unternehmen ein tiefes Verst\u00e4ndnis des Marktes vermitteln sollen, in dem sie t\u00e4tig sind. Dazu geh\u00f6ren:<\/span><\/p>\n\n\n\n<ul class=\"wp-block-list\">\n<li><b>Marktgr\u00f6\u00dfe: <\/b><span style=\"font-weight: 400;\">Bestimmung des Gesamtpotenzials des Marktes.<\/span><\/li>\n\n\n\n<li><b>Wettbewerbsanalyse:<\/b><span style=\"font-weight: 400;\"> Die St\u00e4rken und Schw\u00e4chen der Wettbewerber verstehen.<\/span><\/li>\n\n\n\n<li><b>Verbrauchereinblicke:<\/b><span style=\"font-weight: 400;\"> Sammeln detaillierter Informationen zu Kundenpr\u00e4ferenzen, Verhaltensweisen und Bed\u00fcrfnissen.<\/span><\/li>\n\n\n\n<li><b>Trend analysen: <\/b><span style=\"font-weight: 400;\">Erkennen und Analysieren aktueller und zuk\u00fcnftiger Markttrends.<\/span><\/li>\n\n\n\n<li><b>Technologische Fortschritte: <\/b><span style=\"font-weight: 400;\">Bleiben Sie \u00fcber technologische \u00c4nderungen auf dem Laufenden, die Auswirkungen auf den Markt haben k\u00f6nnten.<\/span><\/li>\n\n\n\n<li><b>Regulatorische Rahmenbedingungen: <\/b><span style=\"font-weight: 400;\">Verstehen des rechtlichen und regulatorischen Rahmens, der den Markt regelt.<\/span><\/li>\n<\/ul>\n\n\n\n<p><span style=\"font-weight: 400;\">Dabei werden sowohl qualitative Methoden wie Fokusgruppen und Interviews mit quantitativen Ans\u00e4tzen wie Umfragen und Datenanalysen kombiniert. Auf diese Weise bietet es eine ganzheitliche Sicht auf den Markt und erm\u00f6glicht es Unternehmen, Entscheidungen nicht nur auf der Grundlage von Intuition, sondern auch auf der Grundlage solider, datengest\u00fctzter Beweise zu treffen.<\/span><\/p>\n\n\n\n<h2 class=\"wp-block-heading\">Warum ist Marktintelligenz wichtig?<\/h2>\n\n\n\n<p>Eine detaillierte Untersuchung des Marktes erm\u00f6glicht es Unternehmen, bessere Produkte\/Dienstleistungen anzubieten. Gute Entscheidungsfindung ist ebenfalls von Vorteil. Probleml\u00f6sung beruht auf Marktintelligenz. Sie ist im Gesch\u00e4ftsleben von entscheidender Bedeutung. Sie gibt auch Einblick in die Zielgruppe, die f\u00fcr das Gesch\u00e4ft am besten geeignet ist. Diese Gruppe zu kennen ist von gro\u00dfer Bedeutung.<\/p>\n\n\n\n<p>Warum? Weil es Zeit und Geld spart, wenn man wei\u00df, wer am wahrscheinlichsten bei Ihrem Unternehmen kauft. Weitere Vorteile sind:<\/p>\n\n\n\n<p><b>\u2022 Risikominderung:<\/b><span style=\"font-weight: 400;\"> Durch das Verst\u00e4ndnis von Markttrends und Verbraucherverhalten k\u00f6nnen Unternehmen \u00c4nderungen vorhersehen und proaktiv Anpassungen vornehmen. Dadurch verringert sich das Risiko, uninformierte Entscheidungen zu treffen.<\/span><\/p>\n\n\n\n<p><b>\u2022 Strategische Planung: <\/b><span style=\"font-weight: 400;\">Market intelligence market research inform the strategic planning process, helping businesses to identify new opportunities, enter new markets, or modify existing products and services to better meet customer needs.<\/span><\/p>\n\n\n\n<p><b>\u2022 Wettbewerbsvorteil: <\/b><span style=\"font-weight: 400;\">Das Wissen \u00fcber die St\u00e4rken, Schw\u00e4chen und Strategien der Konkurrenz erm\u00f6glicht es Unternehmen, sich effektiv zu positionieren und einen Wettbewerbsvorteil zu erlangen.<\/span><\/p>\n\n\n\n<p><b>\u2022 Innovation und Entwicklung:<\/b><span style=\"font-weight: 400;\"> Erkenntnisse \u00fcber Technologietrends und Verbraucherpr\u00e4ferenzen treiben Innovation und Produktentwicklung voran und stellen sicher, dass neue Angebote den Marktanforderungen entsprechen.<\/span><\/p>\n\n\n\n<p><b>\u2022 Informierte Entscheidungsfindung: <\/b><span style=\"font-weight: 400;\">Access to detailed market data ensures that business decisions are grounded in reality rather than assumptions. This leads to more effective strategies and reduced risk of costly mistakes.<\/span><\/p>\n\n\n\n<p><b>\u2022 Identifizierung von Marktchancen:<\/b><span style=\"font-weight: 400;\"> Durch das Verst\u00e4ndnis von Markttrends und -l\u00fccken k\u00f6nnen Unternehmen lukrative M\u00f6glichkeiten zur Expansion oder Diversifizierung erkennen.&nbsp;<\/span><\/p>\n\n\n\n<p><b>\u2022 Optimierte Produktentwicklung: <\/b><span style=\"font-weight: 400;\">Erkenntnisse aus der Marktforschung leiten die Produktentwicklung und stellen sicher, dass neue Produkte den bestehenden Marktanforderungen entsprechen und zuk\u00fcnftige Trends vorwegnehmen.<\/span><\/p>\n\n\n\n<p><b>\u2022 Effiziente Ressourcenzuweisung:<\/b><span style=\"font-weight: 400;\"> Durch die Konzentration auf M\u00e4rkte und Kundensegmente mit hohem Potenzial k\u00f6nnen Unternehmen ihre Ressourcen effizienter einsetzen und so den ROI maximieren.<\/span><\/p>\n\n\n\n<p><b>\u2022 Anpassungsf\u00e4higkeit an Marktver\u00e4nderungen:<\/b><span style=\"font-weight: 400;\"> Durch kontinuierliche Markt\u00fcberwachung k\u00f6nnen sich Unternehmen schnell an Marktver\u00e4nderungen anpassen, unabh\u00e4ngig davon, ob diese auf technologische Fortschritte, ver\u00e4nderte Verbraucherpr\u00e4ferenzen oder neue regulatorische Rahmenbedingungen zur\u00fcckzuf\u00fchren sind.<\/span><\/p>\n\n\n\n<h2 class=\"wp-block-heading\">Wichtige Berufsbezeichnungen<\/h2>\n\n\n\n<p>The field involves many career paths. Producing the required reports calls for different areas to come together. A degree in <a href=\"https:\/\/sisaisolutions.com\/application-of-ai-in-market-research\/\" target=\"_blank\" rel=\"noopener\">Marktforschung<\/a> is common within this field. Other degree areas are statistics, economics, communications, computer science, business admin, and social sciences.<\/p>\n\n\n\n<p>Einige spezifische Berufsbezeichnungen sind:<\/p>\n\n\n\n<ul class=\"wp-block-list\">\n<li>Marktforscher<\/li>\n\n\n\n<li>Spezialist f\u00fcr Marktintelligenz<\/li>\n\n\n\n<li>Analysten: Marktforschungs-\/ Gesch\u00e4fts-\/ Daten-\/ Kunden-\/ Finanz-\/ Computersystemanalysten<\/li>\n\n\n\n<li>Datenwissenschaftler<\/li>\n\n\n\n<li>Dateningenieure<\/li>\n<\/ul>\n\n\n\n<h2 class=\"wp-block-heading\">Warum Unternehmen Marktinformationen ben\u00f6tigen<\/h2>\n\n\n\n<figure class=\"gb-block-image gb-block-image-7edf9f54\"><img loading=\"lazy\" decoding=\"async\" width=\"1456\" height=\"816\" class=\"gb-image gb-image-7edf9f54\" src=\"https:\/\/www.sisinternational.com\/wp-content\/uploads\/2025\/08\/Strategy-consulting-42.jpg\" alt=\"SIS International Marktforschung &amp; Strategie\" title=\"Strategy consulting (42)\" srcset=\"https:\/\/www.sisinternational.com\/wp-content\/uploads\/2025\/08\/Strategy-consulting-42.jpg 1456w, https:\/\/www.sisinternational.com\/wp-content\/uploads\/2025\/08\/Strategy-consulting-42-300x168.jpg 300w, https:\/\/www.sisinternational.com\/wp-content\/uploads\/2025\/08\/Strategy-consulting-42-1024x574.jpg 1024w, https:\/\/www.sisinternational.com\/wp-content\/uploads\/2025\/08\/Strategy-consulting-42-768x430.jpg 768w, https:\/\/www.sisinternational.com\/wp-content\/uploads\/2025\/08\/Strategy-consulting-42-18x10.jpg 18w\" sizes=\"auto, (max-width: 1456px) 100vw, 1456px\"><\/figure>\n\n\n\n<p><\/p>\n\n\n\n<p>Die einfache Antwort lautet, dass Ihr Unternehmen diese Kennzahl braucht, um zu wachsen. Eine fundierte Kenntnis des Marktes erm\u00f6glicht es F\u00fchrungskr\u00e4ften, kluge Entscheidungen zu treffen. Sie tr\u00e4gt auch dem aktuellen Gesch\u00e4ftsklima Rechnung. Ein weiterer Vorteil ist, dass sie den Gewinn aufgrund der besseren Kenntnis der Kunden und des Marktes steigert. Sie kann auch dazu f\u00fchren, dass Unternehmensinhaber ihre Systeme an die Bed\u00fcrfnisse der Kunden anpassen.<\/p>\n\n\n\n<p>Kunden bleiben eher einem Unternehmen treu, das sich um ihre W\u00fcnsche und Bed\u00fcrfnisse k\u00fcmmert. Dar\u00fcber hinaus f\u00fchrt Marktintelligenz dazu, dass Unternehmen produzieren. Unternehmen k\u00f6nnen auch besser konkurrieren, was zu Wachstum innerhalb einer Branche f\u00fchrt.<\/p>\n\n\n\n<h2 class=\"wp-block-heading\"><span style=\"font-weight: 400;\"><strong>Wann sollte eine Marktforschung durchgef\u00fchrt werden?<\/strong><\/span><\/h2>\n\n\n\n<p><span style=\"font-weight: 400;\">Die Entscheidung, wann Marktforschung durchgef\u00fchrt werden soll, ist entscheidend. Es gibt mehrere Schl\u00fcsselsituationen, in denen diese Forschung besonders wichtig wird:<\/span><\/p>\n\n\n\n<p><b>\u2022 Eintritt in einen neuen Markt: <\/b><span style=\"font-weight: 400;\">Bei der Expansion in neue geografische oder demografische M\u00e4rkte ist Forschung von entscheidender Bedeutung, um die einzigartigen Merkmale und Anforderungen dieser neuen Segmente zu verstehen.<\/span><\/p>\n\n\n\n<p><b>\u2022 Wachstumschancen erkennen: <\/b><span style=\"font-weight: 400;\">Regelm\u00e4\u00dfige Marktforschung kann Wachstumschancen aufdecken, sei es durch neue Kundensegmente, unerschlossene geografische Regionen oder aufstrebende Markttrends.<\/span><\/p>\n\n\n\n<p><b>\u2022 Benchmarking gegen\u00fcber Wettbewerbern: <\/b><span style=\"font-weight: 400;\">Um ihre Marktposition zu behaupten oder zu verbessern, m\u00fcssen Unternehmen kontinuierlich bewerten, wie sie in verschiedenen Aspekten, einschlie\u00dflich Produktangebot, Kundendienst und Marketingstrategien, im Vergleich zu ihren Konkurrenten dastehen.<\/span><\/p>\n\n\n\n<p><b>\u2022 Strategische \u00dcberpr\u00fcfung und Planung: <\/b><span style=\"font-weight: 400;\">Als Teil des strategischen Planungsprozesses sollten Unternehmen regelm\u00e4\u00dfig Marktforschung betreiben, um sicherzustellen, dass ihre Strategien den Marktrealit\u00e4ten entsprechen.<\/span><\/p>\n\n\n\n<p><b>\u2022 Auf Kundenfeedback reagieren:<\/b><span style=\"font-weight: 400;\"> Wenn das Kundenfeedback auf Unzufriedenheit oder ver\u00e4nderte Bed\u00fcrfnisse hinweist, kann eine Untersuchung dabei helfen, den gr\u00f6\u00dferen Kontext zu verstehen und Anpassungen bei Produkten oder Dienstleistungen vorzunehmen.<\/span><\/p>\n\n\n\n<h2 class=\"wp-block-heading\"><span style=\"font-weight: 400;\"><strong>Wie f\u00fchrt man Marktforschung durch?<\/strong><\/span><\/h2>\n\n\n\n<p><span style=\"font-weight: 400;\">Um Marktforschung effektiv durchzuf\u00fchren, ist eine Kombination aus qualitativen und quantitativen Methoden erforderlich. Jeder Ansatz bietet einzigartige Einblicke und erm\u00f6glicht in Kombination ein umfassendes Verst\u00e4ndnis des Marktes.<\/span><\/p>\n\n\n\n<p><b>\u2022 Schwerpunktgruppen: <\/b><span style=\"font-weight: 400;\">Wenn man eine vielf\u00e4ltige Gruppe von Menschen zusammenbringt, um bestimmte Aspekte eines Produkts oder Marktes zu diskutieren, kann man tiefe Einblicke in die Wahrnehmung und Vorlieben der Verbraucher gewinnen.<\/span><\/p>\n\n\n\n<p><b>\u2022 Tiefgr\u00fcndige Interviews: <\/b><span style=\"font-weight: 400;\">Einzelinterviews erm\u00f6glichen eine detaillierte Erforschung individueller Meinungen, Erfahrungen und Verhaltensweisen.<\/span><\/p>\n\n\n\n<p><b>\u2022 Expertengremien: <\/b><span style=\"font-weight: 400;\">Die Beratung durch Branchenexperten kann wertvolle Perspektiven zu Markttrends, Herausforderungen und Chancen bieten.<\/span><\/p>\n\n\n\n<p><b>\u2022 Umfragen:<\/b><span style=\"font-weight: 400;\"> Durch die Verteilung von Umfragen an zahlreiche Befragte k\u00f6nnen statistisch relevante Daten zu Verbraucherpr\u00e4ferenzen, Markttrends und Kaufverhalten geliefert werden.<\/span><\/p>\n\n\n\n<p><b>\u2022 Marktanalyse: <\/b><span style=\"font-weight: 400;\">Nutzung vorhandener Marktdaten zur Analyse von Trends, Marktgr\u00f6\u00dfe, Wachstumsraten und anderen wichtigen Kennzahlen.<\/span><\/p>\n\n\n\n<h2 class=\"wp-block-heading\">Schl\u00fcsselfaktoren f\u00fcr den Erfolg<\/h2>\n\n\n\n<p>Damit ein Unternehmen diese Kennzahl richtig nutzen kann, ben\u00f6tigt es fachkundige Beratung. Die Berater k\u00f6nnen Mitarbeiter oder private Berater sein. Es gibt auch viele Tools und Software, die bei der Datenanalyse und -aufzeichnung helfen. Ziel ist es, Fragen zum Markt zu beantworten. Sobald das Unternehmen die Antworten hat, unterst\u00fctzt es Gewinne, Wachstum und Durchhalteverm\u00f6gen. Diese Fragen k\u00f6nnen sich auf das Verbraucherverhalten, Kaufmuster und die Art und Weise beziehen, wie das Unternehmen seine Ressourcen nutzt. Dazu geh\u00f6ren auch Fragen zur Zielgruppe und zur Preisgestaltung. Sobald MI die Frage beantwortet, die das Unternehmen stellt, ist es erfolgreich.<\/p>\n\n\n\n<h2 class=\"wp-block-heading\"><span style=\"font-weight: 400;\"><strong>Marktintelligenz Marktforschung in Schwellenm\u00e4rkten vs. reifen M\u00e4rkten<\/strong><\/span><\/h2>\n\n\n\n<p><span style=\"font-weight: 400;\">The approach to market intelligence <a href=\"https:\/\/www.sisinternational.com\/de\/fmcg-markt-in-vietnam\/\" title=\"FMCG-Markt in Vietnam\" data-wpil-monitor-id=\"7598\">market research varies significantly between emerging<\/a> markets and mature markets due to their distinct characteristics and challenges.<\/span><\/p>\n\n\n\n<h3 class=\"wp-block-heading\"><span style=\"font-weight: 400;\"><strong>Schwellenl\u00e4nder<\/strong><\/span><\/h3>\n\n\n\n<p><b>\u2022 Dynamische und schnelle \u00c4nderungen:<\/b><span style=\"font-weight: 400;\"> Emerging markets often experience rapid economic and social changes. <a href=\"https:\/\/www.sisinternational.com\/de\/sachverstand\/branchen\/bohrmarktforschung\/\" title=\"Bohrmarktforschung\" data-wpil-monitor-id=\"5679\">Research in these markets<\/a> requires a focus on current trends and an anticipation of future shifts.<\/span><\/p>\n\n\n\n<p><b>\u2022 Datenverf\u00fcgbarkeit:<\/b><span style=\"font-weight: 400;\"> Da es m\u00f6glicherweise schwieriger ist, an verl\u00e4ssliche Daten zu gelangen, sind innovative Ans\u00e4tze zur Erfassung von Marktinformationen erforderlich, beispielsweise \u00fcber mobile Umfragen oder die Analyse sozialer Medien.<\/span><\/p>\n\n\n\n<p><b>\u2022 Regulatorisches Umfeld: <\/b><span style=\"font-weight: 400;\">Das regulatorische Umfeld in diesen M\u00e4rkten ist m\u00f6glicherweise weniger stabil, sodass Unternehmen sich \u00fcber potenzielle rechtliche Probleme und Compliance-Probleme auf dem Laufenden halten m\u00fcssen.<\/span><\/p>\n\n\n\n<h3 class=\"wp-block-heading\"><span style=\"font-weight: 400;\"><strong>Reife M\u00e4rkte<\/strong><\/span><\/h3>\n\n\n\n<p><b>\u2022 Markts\u00e4ttigung:<\/b><span style=\"font-weight: 400;\"> Reife M\u00e4rkte weisen h\u00e4ufig einen h\u00f6heren Wettbewerbsdruck und eine h\u00f6here Markts\u00e4ttigung auf. Die Forschung konzentriert sich hier auf die Identifizierung von Nischensegmenten und Differenzierungsm\u00f6glichkeiten.<\/span><\/p>\n\n\n\n<p><b>\u2022 Stabiles, aber langsames Wachstum: <\/b><span style=\"font-weight: 400;\">Da diese M\u00e4rkte typischerweise ein langsameres Wachstum aufweisen, ist es wichtig, kleine Ver\u00e4nderungen im Verbraucherverhalten oder bei Markttrends zu erkennen und daraus Kapital zu schlagen.<\/span><\/p>\n\n\n\n<p><b>\u2022 Erweiterte Datenverf\u00fcgbarkeit:<\/b><span style=\"font-weight: 400;\"> Es besteht im Allgemeinen ein besserer Zugriff auf umfassende und historische Daten, was anspruchsvolle quantitative Analysen erm\u00f6glicht.<\/span><\/p>\n\n\n\n<p><span style=\"font-weight: 400;\">In beiden F\u00e4llen muss die Marktforschung anpassungsf\u00e4hig und differenziert sein. In Schwellenm\u00e4rkten liegt der Schwerpunkt eher auf dem Verst\u00e4ndnis der grundlegenden Marktstruktur und der Verbraucherprofile, w\u00e4hrend in reifen M\u00e4rkten der Schwerpunkt auf der Identifizierung inkrementeller Ver\u00e4nderungen und Innovationsm\u00f6glichkeiten liegen kann.<\/span><\/p>\n\n\n\n<h2 class=\"wp-block-heading\"><span style=\"font-weight: 400;\"><strong>Aktuelle Trends in der Market Intelligence-Marktforschung<\/strong><\/span><\/h2>\n\n\n\n<p><span style=\"font-weight: 400;\">Die Marktforschung im Bereich der Marktintelligenz ist ein sich st\u00e4ndig weiterentwickelnder Bereich, der von technologischen Fortschritten und der globalen Marktdynamik beeinflusst wird. Hier sind einige der aktuellen Trends, die dieses Feld pr\u00e4gen:<\/span><\/p>\n\n\n\n<p><b>\u2022 K\u00fcnstliche Intelligenz und maschinelles Lernen: <\/b><span style=\"font-weight: 400;\">KI und maschinelles Lernen werden zunehmend zur Analyse von Marktdaten eingesetzt. Diese Technologie kann komplexe Zusammenh\u00e4nge erkennen, Markttrends vorhersagen und tiefere Einblicke in das Verbraucherverhalten bieten.<\/span><\/p>\n\n\n\n<p><b>\u2022 Kundenerfahrungsforschung (CX): <\/b><span style=\"font-weight: 400;\">Das Verst\u00e4ndnis und die Verbesserung des Kundenerlebnisses stehen zunehmend im Mittelpunkt. Dabei wird jeder Kontaktpunkt untersucht, den ein Kunde mit einer Marke hat, um die Interaktionen zu optimieren und die Zufriedenheit zu erh\u00f6hen.<\/span><\/p>\n\n\n\n<p><b>\u2022 Nachhaltigkeit und ethische \u00dcberlegungen: <\/b><span style=\"font-weight: 400;\">Da das Bewusstsein der Verbraucher f\u00fcr Nachhaltigkeitsthemen w\u00e4chst, konzentriert sich die Marktforschung zunehmend auf das Verst\u00e4ndnis der Einstellungen gegen\u00fcber \u00f6kologischen und sozialen Governance-Praktiken (ESG).<\/span><\/p>\n\n\n\n<p><b>\u2022 Agile Forschung: <\/b><span style=\"font-weight: 400;\">Unternehmen verfolgen bei der Marktforschung flexiblere Ans\u00e4tze, die eine schnellere Datenerfassung und -analyse erm\u00f6glichen und so rasch auf sich \u00e4ndernde Marktbedingungen reagieren k\u00f6nnen.<\/span><\/p>\n\n\n\n<h2 class=\"wp-block-heading\"><span style=\"font-weight: 400;\"><strong>M\u00f6glichkeiten in der Market Intelligence Marktforschung<\/strong><\/span><\/h2>\n\n\n\n<p><span style=\"font-weight: 400;\">The evolving landscape of market intelligence and market research presents many opportunities for businesses across various sectors. Leveraging these opportunities can lead to significant strategic advantages and growth prospects:<\/span><\/p>\n\n\n\n<p><b>\u2022 Kundenorientierte Produktinnovationen: <\/b><span style=\"font-weight: 400;\">Erkenntnisse aus der Marktforschung erm\u00f6glichen Unternehmen die Entwicklung innovativer Produkte und Dienstleistungen, die eng an den Bed\u00fcrfnissen und Vorlieben der Kunden ausgerichtet sind und so die Kundenzufriedenheit und -treue erh\u00f6hen.<\/span><\/p>\n\n\n\n<p><b>\u2022 Marktexpansion und Diversifizierung: <\/b><span style=\"font-weight: 400;\">Durch die Identifizierung neuer Trends und unerschlossener Marktsegmente k\u00f6nnen Unternehmen neue M\u00e4rkte erschlie\u00dfen oder ihr Produktangebot diversifizieren, was zu Wachstums- und Expansionsm\u00f6glichkeiten f\u00fchrt.<\/span><\/p>\n\n\n\n<p><b>\u2022 Wettbewerbsdifferenzierung: <\/b><span style=\"font-weight: 400;\">Durch umfassende Marktkenntnisse k\u00f6nnen Unternehmen ihr Wettbewerbsumfeld besser verstehen und Bereiche identifizieren, in denen sie sich von der Konkurrenz abheben k\u00f6nnen, sei es durch Produktqualit\u00e4t, Preisgestaltung oder Kundenservice.<\/span><\/p>\n\n\n\n<p><b>\u2022 Verbesserte Kundenbindung:<\/b><span style=\"font-weight: 400;\"> Durch das Verst\u00e4ndnis des Kundenverhaltens und der Kundenpr\u00e4ferenzen k\u00f6nnen Unternehmen mithilfe personalisierter Marketing- und Kommunikationsstrategien effektiver mit ihren Kunden interagieren.<\/span><\/p>\n\n\n\n<p><b>\u2022 Anpassung an technologische Ver\u00e4nderungen: <\/b><span style=\"font-weight: 400;\">Marktforschung hilft Unternehmen, mit dem technologischen Fortschritt Schritt zu halten und ihre Produkte, Dienstleistungen und Prozesse entsprechend anzupassen.<\/span><\/p>\n\n\n\n<h2 class=\"wp-block-heading\"><span style=\"font-weight: 400;\"><strong>Herausforderungen der Market Intelligence Marktforschung<\/strong><\/span><\/h2>\n\n\n\n<p><span style=\"font-weight: 400;\">Die Marktforschung bietet zahlreiche M\u00f6glichkeiten, unter anderem:<\/span><\/p>\n\n\n\n<p><b>\u2022 Daten\u00fcberlastung:<\/b><span style=\"font-weight: 400;\"> Im Zeitalter von Big Data stehen Unternehmen h\u00e4ufig vor der Herausforderung, riesige Mengen an Informationen zu filtern, um relevante und umsetzbare Erkenntnisse zu gewinnen.<\/span><\/p>\n\n\n\n<p><b>\u2022 Integration mehrerer Datenquellen: <\/b><span style=\"font-weight: 400;\">Das Zusammenf\u00fchren von Daten aus unterschiedlichen Quellen (wie sozialen Medien, Umfragen und Verkaufsdaten) zu einer zusammenh\u00e4ngenden Analyse kann komplex und zeitaufw\u00e4ndig sein.<\/span><\/p>\n\n\n\n<p><b>\u2022 Kulturelle Sensibilit\u00e4t und Globalisierung:<\/b><span style=\"font-weight: 400;\"> F\u00fcr Unternehmen, die in mehreren Regionen t\u00e4tig sind, ist das Verst\u00e4ndnis und der Respekt vor kulturellen Unterschieden in der Marktforschung von entscheidender Bedeutung, kann jedoch schwierig sein.<\/span><\/p>\n\n\n\n<p><b>\u2022 Einhaltung gesetzlicher Vorschriften:<\/b><span style=\"font-weight: 400;\"> Sich in den unterschiedlichen rechtlichen und regulatorischen Rahmenbedingungen der verschiedenen M\u00e4rkte zurechtzufinden, stellt eine gro\u00dfe Herausforderung dar, insbesondere wenn es um Datenschutz und -sicherheit geht.<\/span><\/p>\n\n\n\n<h2 class=\"wp-block-heading\"><span style=\"font-weight: 400;\"><strong>Zukunftsaussichten der Market Intelligence-Marktforschung<\/strong><\/span><\/h2>\n\n\n\n<p><span style=\"font-weight: 400;\">The future of market intelligence and market research depends on several key trends and developments, which will significantly impact how businesses gather and use market insights:<\/span><\/p>\n\n\n\n<p><b>\u2022 Erh\u00f6hte Abh\u00e4ngigkeit von KI: <\/b>Artificial <a href=\"https:\/\/www.sisinternational.com\/de\/losungen\/strategieberatung\/marktintelligenz\/\" title=\"Marktintelligenz\" data-wpil-monitor-id=\"6751\">Intelligence will continue to revolutionize market<\/a> research, offering more sophisticated data analysis, predictive modeling, and automated insights generation.<\/span><\/p>\n\n\n\n<p><b>\u2022 Wachsende Bedeutung von Echtzeitdaten: <\/b>The need for real-time <a href=\"https:\/\/www.sisinternational.com\/de\/sachverstand\/branchen\/rolltreppen-marktforschung\/\" title=\"Rolltreppen-Marktforschung\" data-wpil-monitor-id=\"6266\">market insights will escalate<\/a>, driving the adoption of technologies that can provide immediate data and analysis.<\/span><\/p>\n\n\n\n<p><b>\u2022 Integration unterschiedlicher Datenquellen:<\/b><span style=\"font-weight: 400;\"> Die Integration verschiedener Datenquellen, darunter IoT-Ger\u00e4te, soziale Medien und traditionelle Umfragen, wird einen umfassenderen Blick auf den Markt erm\u00f6glichen.<\/span><\/p>\n\n\n\n<p><b>\u2022 Ma\u00dfgeschneiderte und Nischenmarktforschung: <\/b><span style=\"font-weight: 400;\">Es wird einen Wandel hin zu st\u00e4rker kundenspezifischer und nischenbezogener Marktforschung geben, mit Fokus auf bestimmte Segmente, Branchen oder geografische Regionen.<\/span><\/p>\n\n\n\n<h2 class=\"wp-block-heading\">\u00dcber Market Intelligence<\/h2>\n\n\n\n<p>Market Intelligence verwendet viele Arten von Analysen, um ein vollst\u00e4ndiges Bild des Marktes zu erhalten. Qualitative Forschung umfasst Methoden, die tiefe Einblicke in das Untersuchungsobjekt geben. Im Gegensatz dazu basiert quantitative Forschung auf Zahlen und Zahlen. Die Metrik verwendet auch Strategieforschung. Diese Forschungsmethoden beantworten marktspezifische Fragen. Forschung kann auch in Form von Interviews, Umfragen, Fokusgruppen und Feldversuchen erfolgen.<\/p>\n\n\n\n<p><\/p>","protected":false},"excerpt":{"rendered":"<p>Verschaffen Sie sich einen Vorsprung mit der Marktforschung von SIS International, die Ihnen tiefe Einblicke f\u00fcr strategische Entscheidungen in komplexen M\u00e4rkten bietet.<\/p>","protected":false},"author":1,"featured_media":62544,"parent":14567,"menu_order":17,"comment_status":"closed","ping_status":"closed","template":"","meta":{"footnotes":""},"class_list":["post-39345","page","type-page","status-publish","has-post-thumbnail"],"_links":{"self":[{"href":"https:\/\/www.sisinternational.com\/de\/wp-json\/wp\/v2\/pages\/39345","targetHints":{"allow":["GET"]}}],"collection":[{"href":"https:\/\/www.sisinternational.com\/de\/wp-json\/wp\/v2\/pages"}],"about":[{"href":"https:\/\/www.sisinternational.com\/de\/wp-json\/wp\/v2\/types\/page"}],"author":[{"embeddable":true,"href":"https:\/\/www.sisinternational.com\/de\/wp-json\/wp\/v2\/users\/1"}],"replies":[{"embeddable":true,"href":"https:\/\/www.sisinternational.com\/de\/wp-json\/wp\/v2\/comments?post=39345"}],"version-history":[{"count":8,"href":"https:\/\/www.sisinternational.com\/de\/wp-json\/wp\/v2\/pages\/39345\/revisions"}],"predecessor-version":[{"id":81221,"href":"https:\/\/www.sisinternational.com\/de\/wp-json\/wp\/v2\/pages\/39345\/revisions\/81221"}],"up":[{"embeddable":true,"href":"https:\/\/www.sisinternational.com\/de\/wp-json\/wp\/v2\/pages\/14567"}],"wp:featuredmedia":[{"embeddable":true,"href":"https:\/\/www.sisinternational.com\/de\/wp-json\/wp\/v2\/media\/62544"}],"wp:attachment":[{"href":"https:\/\/www.sisinternational.com\/de\/wp-json\/wp\/v2\/media?parent=39345"}],"curies":[{"name":"wp","href":"https:\/\/api.w.org\/{rel}","templated":true}]}}