{"id":39322,"date":"2021-11-11T22:14:58","date_gmt":"2021-11-11T22:14:58","guid":{"rendered":"https:\/\/www.sisinternational.com\/?page_id=39322"},"modified":"2025-09-14T22:52:19","modified_gmt":"2025-09-15T02:52:19","slug":"non-profit-marktforschung","status":"publish","type":"page","link":"https:\/\/www.sisinternational.com\/de\/sachverstand\/non-profit-marktforschung\/","title":{"rendered":"Marktforschung f\u00fcr gemeinn\u00fctzige Organisationen"},"content":{"rendered":"<h1 class=\"wp-block-heading\">Marktforschung f\u00fcr gemeinn\u00fctzige Organisationen<\/h1>\n\n\n\n<figure class=\"gb-block-image gb-block-image-1beb8d29\"><img loading=\"lazy\" decoding=\"async\" width=\"1456\" height=\"816\" class=\"gb-image gb-image-1beb8d29\" src=\"https:\/\/www.sisinternational.com\/wp-content\/uploads\/2025\/08\/Non-profit-13-1.jpg\" alt=\"SIS International Marktforschung &amp; Strategie\" title=\"Non profit (13)\" srcset=\"https:\/\/www.sisinternational.com\/wp-content\/uploads\/2025\/08\/Non-profit-13-1.jpg 1456w, https:\/\/www.sisinternational.com\/wp-content\/uploads\/2025\/08\/Non-profit-13-1-300x168.jpg 300w, https:\/\/www.sisinternational.com\/wp-content\/uploads\/2025\/08\/Non-profit-13-1-1024x574.jpg 1024w, https:\/\/www.sisinternational.com\/wp-content\/uploads\/2025\/08\/Non-profit-13-1-768x430.jpg 768w, https:\/\/www.sisinternational.com\/wp-content\/uploads\/2025\/08\/Non-profit-13-1-18x10.jpg 18w\" sizes=\"auto, (max-width: 1456px) 100vw, 1456px\"><\/figure>\n\n\n\n<p><\/p>\n\n\n\n<h2 class=\"wp-block-heading\">Was ist Non-Profit-Marktforschung?<\/h2>\n\n\n\n<p>Obwohl sie keinen finanziellen Gewinn anstreben, k\u00f6nnen gemeinn\u00fctzige Organisationen Marktforschung gut nutzen. Tats\u00e4chlich gibt es eine gro\u00dfe Anzahl von Spendern, die nach einem neuen Fall suchen, den sie unterst\u00fctzen k\u00f6nnen. Mit den richtigen Informationen k\u00f6nnen Sie diese Spender also erreichen und sie f\u00fcr Ihre Sache gewinnen. Daher w\u00e4re es am besten, wenn Sie sich mit Marktforschung auskennen. Ein solches Verst\u00e4ndnis erm\u00f6glicht es Ihnen, Ihre Ziele zu erreichen. Es verringert auch das Risiko, dass Ihre Konkurrenz Sie verdr\u00e4ngt.<\/p>\n\n\n\n<h2 class=\"wp-block-heading\">Als allgemeiner Plan f\u00fcr die Marktforschung gibt es einige wesentliche Schritte.<\/h2>\n\n\n\n<h3 class=\"wp-block-heading\">Phase 1: Ziele festlegen<\/h3>\n\n\n\n<p>Entscheidend ist dabei, dass Sie sich dar\u00fcber im Klaren sind, welche Informationen Sie sammeln m\u00f6chten und wie Sie diese einsetzen wollen.<\/p>\n\n\n\n<h3 class=\"wp-block-heading\">Phase 2: Verf\u00fcgbare Ressourcen bewerten<\/h3>\n\n\n\n<p>Does your nonprofit have the budget and leadership to conduct the <a href=\"https:\/\/www.sisinternational.com\/de\/abdeckung\/europa\/marktforschung-liverpool-grosbritannien\/\" title=\"Marktforschung in Liverpool | Fokusgruppen und Datenerfassung in Gro\u00dfbritannien\"  data-wpil-monitor-id=\"7922\">research and act on the data<\/a>?<\/p>\n\n\n\n<h3 class=\"wp-block-heading\">Phase 3: Definieren Sie Ihren Forschungsansatz<\/h3>\n\n\n\n<p>Bezieht sich Ihre Forschung auf die Arbeit bereits abgeschlossener Projekte? Oder basiert sie auf den gewonnenen Daten?<\/p>\n\n\n\n<h3 class=\"wp-block-heading\">Phase 4: Entwerfen Sie Ihre Umfrage<\/h3>\n\n\n\n<p>Set up the qualitative and <a href=\"https:\/\/www.sisinternational.com\/de\/how-to-design-effective-surveys-for-quantitative-research\/\" title=\"How to Design Effective Surveys for Quantitative Research\"  data-wpil-monitor-id=\"7918\">quantitative research parts of the survey<\/a>.<\/p>\n\n\n\n<h3 class=\"wp-block-heading\">Phase 5: Testen Sie Ihre Fragen<\/h3>\n\n\n\n<p>Testen Sie jede einzelne Frage, um sicherzustellen, dass sie unvoreingenommen, spezifisch und direkt ist.<\/p>\n\n\n\n<h3 class=\"wp-block-heading\">Phase 6: Durchf\u00fchrung der Umfrage<\/h3>\n\n\n\n<p>Senden Sie die Umfrage mit dem Bereitstellungstool Ihrer Wahl. Zu den Optionen geh\u00f6ren SurveyMonkey, Typeform und Google Forms.<\/p>\n\n\n\n<h3 class=\"wp-block-heading\">Phase 7: Daten k\u00fcrzen<\/h3>\n\n\n\n<p>Nun beginnt die Datenbearbeitung durch einen Datenanalysten.<\/p>\n\n\n\n<h3 class=\"wp-block-heading\">Phase 8: Verpflichten Sie sich zur Neubewertung<\/h3>\n\n\n\n<p>Schlie\u00dflich muss die Bereitschaft bestehen, den Abschlussbericht zu \u00e4ndern und zu verbessern. Sie f\u00fcgen im Laufe Ihrer Forschung Daten hinzu.<\/p>\n\n\n\n<h2 class=\"wp-block-heading\">Warum ist Marktforschung f\u00fcr gemeinn\u00fctzige Organisationen wichtig?<\/h2>\n\n\n\n<p>Knowing the mindsets of potential donors is essential to getting their support. It is even more so considering that donor retention can be very low. <a href=\"https:\/\/www.sisinternational.com\/de\/losungen\/geschmackstest\/vergleichende-geschmackstests-marktforschung\/\" title=\"Vergleichende Geschmackstests Marktforschung\"  data-wpil-monitor-id=\"7920\">Market Research allows you to compare<\/a> your nonprofit with others in your niche. It helps to see how you measure up to other players in your field. Thus, it ensures that you remain attractive to potential donors. Additionally, it measures brand awareness. In this way, you can be aware of how receptive your nonprofit is to your audience. This knowledge will enable you to make adjustments when needed.<\/p>\n\n\n\n<p>There are many benefits for a nonprofit <a href=\"https:\/\/www.sisinternational.com\/de\/sachverstand\/branchen\/auftragsforschungsinstitute-marktforschung\/\" title=\"Auftragsforschungsinstitute Marktforschung\"  data-wpil-monitor-id=\"7917\">organization to do market research<\/a>. They all tie back to the primary goal of securing funding for the nonprofit. For example, market research can help you gain a better understanding of your base. Additionally, it\u2019s good to understand the demographics. You also need to know the characteristics of your existing supporters. This knowledge allows you to make better decisions for your nonprofit. Market <a href=\"https:\/\/www.sisinternational.com\/de\/der-datenschatz-der-sozialen-netzwerke-fur-marketingforscher\/\" title=\"Marktforschung zu sozialen Netzwerken: Chancen und Herausforderungen\"  data-wpil-monitor-id=\"7916\">Research can help you grow your brand<\/a>. You get a deep understanding of your existing supporters and target audience. This understanding will allow you to craft a brand that appeals to them.<\/p>\n\n\n\n<h2 class=\"wp-block-heading\">Wichtige Berufsbezeichnungen<\/h2>\n\n\n\n<figure class=\"gb-block-image gb-block-image-2fb4e389\"><img loading=\"lazy\" decoding=\"async\" width=\"1456\" height=\"816\" class=\"gb-image gb-image-2fb4e389\" src=\"https:\/\/www.sisinternational.com\/wp-content\/uploads\/2025\/08\/Non-profit-12-1.jpg\" alt=\"SIS International Marktforschung &amp; Strategie\" title=\"Non profit (12)\" srcset=\"https:\/\/www.sisinternational.com\/wp-content\/uploads\/2025\/08\/Non-profit-12-1.jpg 1456w, https:\/\/www.sisinternational.com\/wp-content\/uploads\/2025\/08\/Non-profit-12-1-300x168.jpg 300w, https:\/\/www.sisinternational.com\/wp-content\/uploads\/2025\/08\/Non-profit-12-1-1024x574.jpg 1024w, https:\/\/www.sisinternational.com\/wp-content\/uploads\/2025\/08\/Non-profit-12-1-768x430.jpg 768w, https:\/\/www.sisinternational.com\/wp-content\/uploads\/2025\/08\/Non-profit-12-1-18x10.jpg 18w\" sizes=\"auto, (max-width: 1456px) 100vw, 1456px\"><\/figure>\n\n\n\n<p>Einige bemerkenswerte Berufsbezeichnungen:<\/p>\n\n\n\n<ul class=\"wp-block-list\">\n<li>Marktforschungsanalyst<\/li>\n\n\n\n<li>Datenforschungsanalyst<\/li>\n<\/ul>\n\n\n\n<h2 class=\"wp-block-heading\">Warum gemeinn\u00fctzige Organisationen Marktforschung brauchen<\/h2>\n\n\n\n<p>Die Kommunikation mit Ihren Unterst\u00fctzern ist unerl\u00e4sslich. Diese so weit wie m\u00f6glich zu verbessern, ist ein wesentlicher Teil des Erfolgs einer gemeinn\u00fctzigen Organisation. Gespr\u00e4che mit bestehenden Spendern sind entscheidend, um die Loyalit\u00e4t aufrechtzuerhalten. Durch die Kommunikation k\u00f6nnen Sie Ihre Unterst\u00fctzer besser verstehen. Dieses Verst\u00e4ndnis erm\u00f6glicht es Ihnen, gezieltere Botschaften zu erstellen.<\/p>\n\n\n\n<p>Furthermore, it\u2019s helpful to measure current communications. You also need to manage campaigns with your supporter base. Measuring these two things is very important. Market <a href=\"https:\/\/www.sisinternational.com\/de\/losungen\/qualitative-quantitative-forschungslosungen\/customer-effort-score-marktforschung\/\" title=\"Customer Effort Score Marktforschung\"  data-wpil-monitor-id=\"7919\">Research can enhance your marketing efforts<\/a>. It\u2019s useful for creating campaigns that will speak to your base. Furthermore, some <a href=\"https:\/\/www.sisinternational.com\/de\/losungen\/reise-tourismus-und-gastgewerbeberatung\/marktforschung-fur-reiseleiterunternehmen\/\" title=\"Marktforschung f\u00fcr Reiseleiterunternehmen\"  data-wpil-monitor-id=\"7921\">companies operate on a small marketing<\/a> budget. Such firms need to be responsible when it comes to their spending.<\/p>\n\n\n\n<h2 class=\"wp-block-heading\">Schl\u00fcsselfaktoren f\u00fcr den Erfolg<\/h2>\n\n\n\n<p>It\u2019s essential as an organization that you get a good Return on Investment. In essence, there\u2019s no point in trying to make changes that you think will get donors if you\u2019re still losing money. Additionally, it\u2019s essential to leverage your base to test new approaches. It would be best to connect with existing donors who are loyal to your cause to gain the support you need, especially when you plan to make significant changes.<\/p>\n\n\n\n<h2 class=\"wp-block-heading\">\u00dcber Nonprofit Market Research<\/h2>\n\n\n\n<p>You will be doing two types of research: primary and secondary. It is your goal to find out what primary and secondary sources you need. Primary research is the Surveys, Interviews, and Focus Groups that you will use. That is how you will get information from your donors. The secondary research will review <a href=\"https:\/\/www.sisinternational.com\/de\/losungen\/fokusgruppen-marktforschung\/\" title=\"Fokusgruppe Marktforschung\"  data-wpil-monitor-id=\"7923\">research projects done by other groups<\/a>.<\/p>\n\n\n\n<p><\/p>","protected":false},"excerpt":{"rendered":"<p>Gemeinn\u00fctzige Organisationen k\u00f6nnen von Marktforschung profitieren. Mit den richtigen Informationen k\u00f6nnen sie Spender f\u00fcr ihre Sache gewinnen.<\/p>","protected":false},"author":1,"featured_media":63004,"parent":14514,"menu_order":83,"comment_status":"closed","ping_status":"closed","template":"","meta":{"footnotes":""},"class_list":["post-39322","page","type-page","status-publish","has-post-thumbnail"],"_links":{"self":[{"href":"https:\/\/www.sisinternational.com\/de\/wp-json\/wp\/v2\/pages\/39322","targetHints":{"allow":["GET"]}}],"collection":[{"href":"https:\/\/www.sisinternational.com\/de\/wp-json\/wp\/v2\/pages"}],"about":[{"href":"https:\/\/www.sisinternational.com\/de\/wp-json\/wp\/v2\/types\/page"}],"author":[{"embeddable":true,"href":"https:\/\/www.sisinternational.com\/de\/wp-json\/wp\/v2\/users\/1"}],"replies":[{"embeddable":true,"href":"https:\/\/www.sisinternational.com\/de\/wp-json\/wp\/v2\/comments?post=39322"}],"version-history":[{"count":4,"href":"https:\/\/www.sisinternational.com\/de\/wp-json\/wp\/v2\/pages\/39322\/revisions"}],"predecessor-version":[{"id":81335,"href":"https:\/\/www.sisinternational.com\/de\/wp-json\/wp\/v2\/pages\/39322\/revisions\/81335"}],"up":[{"embeddable":true,"href":"https:\/\/www.sisinternational.com\/de\/wp-json\/wp\/v2\/pages\/14514"}],"wp:featuredmedia":[{"embeddable":true,"href":"https:\/\/www.sisinternational.com\/de\/wp-json\/wp\/v2\/media\/63004"}],"wp:attachment":[{"href":"https:\/\/www.sisinternational.com\/de\/wp-json\/wp\/v2\/media?parent=39322"}],"curies":[{"name":"wp","href":"https:\/\/api.w.org\/{rel}","templated":true}]}}