{"id":39313,"date":"2021-11-11T14:15:11","date_gmt":"2021-11-11T14:15:11","guid":{"rendered":"https:\/\/www.sisinternational.com\/?page_id=39313"},"modified":"2026-03-05T23:57:12","modified_gmt":"2026-03-06T04:57:12","slug":"mitgliederbefragung-marktforschung","status":"publish","type":"page","link":"https:\/\/www.sisinternational.com\/de\/losungen\/qualitative-quantitative-forschungslosungen\/mitgliederbefragung-marktforschung\/","title":{"rendered":"Mitgliederbefragung Marktforschung"},"content":{"rendered":"<h1 class=\"wp-block-heading\">Mitgliederbefragung Marktforschung<\/h1>\n\n\n\n<figure class=\"gb-block-image gb-block-image-20bc9b35\"><img loading=\"lazy\" decoding=\"async\" width=\"1456\" height=\"816\" class=\"gb-image gb-image-20bc9b35\" src=\"https:\/\/www.sisinternational.com\/wp-content\/uploads\/2025\/08\/Survey-5.jpg\" alt=\"SIS International Marktforschung &amp; Strategie\" title=\"Survey (5)\" srcset=\"https:\/\/www.sisinternational.com\/wp-content\/uploads\/2025\/08\/Survey-5.jpg 1456w, https:\/\/www.sisinternational.com\/wp-content\/uploads\/2025\/08\/Survey-5-300x168.jpg 300w, https:\/\/www.sisinternational.com\/wp-content\/uploads\/2025\/08\/Survey-5-1024x574.jpg 1024w, https:\/\/www.sisinternational.com\/wp-content\/uploads\/2025\/08\/Survey-5-768x430.jpg 768w, https:\/\/www.sisinternational.com\/wp-content\/uploads\/2025\/08\/Survey-5-18x10.jpg 18w\" sizes=\"auto, (max-width: 1456px) 100vw, 1456px\"><\/figure>\n\n\n\n<p><\/p>\n\n\n\n<h2 class=\"wp-block-heading\">Was ist Marktforschung im Rahmen einer Mitgliederumfrage?<\/h2>\n\n\n\n<p>Bei der F\u00fchrung eines Clubs jeder Gr\u00f6\u00dfe m\u00fcssen Manager die Interessen jedes einzelnen Mitglieds gegeneinander abw\u00e4gen. Sie m\u00fcssen auch Informationen \u00fcber den aktuellen Stand der Dinge sammeln. Dar\u00fcber hinaus sollen mit einer Mitgliederbefragung wichtige Daten gesammelt werden. Ein weiterer Vorteil von Mitgliederbefragungen besteht darin, dass sie die beste M\u00f6glichkeit sind, die Anliegen der Mitglieder und sonstige Angelegenheiten zu ber\u00fccksichtigen.<\/p>\n\n\n\n<p>Bei der Erstellung einer Mitgliederbefragung ist es von gr\u00f6\u00dfter Bedeutung, ein klares, pr\u00e4gnantes Ziel zu haben. Au\u00dferdem wird dadurch die Verwirrung der Befragten verringert. Ein Club k\u00f6nnte beispielsweise Geld verlieren und sich fragen, welche Einrichtung nicht mehr so viel Umsatz bringt wie fr\u00fcher. Das kann vieles sein: der Tennisplatz, das Fitnessstudio, das Spa sowie der Golfplatz. Es ist also sehr offen f\u00fcr Interpretationen.<\/p>\n\n\n\n<p>Eine Analyse beschr\u00e4nkt sich auf das Fitnessstudio und den Fitnessbetrieb. Der Club kann beispielsweise eine spezielle Umfrage durchf\u00fchren, um die Zufriedenheit der Mitglieder zu ermitteln. Er kann zumindest herausfinden, welche Bedeutung die Mitglieder bestimmten Aspekten des Fitnessstudios beimessen. Dasselbe kann er tun, um seine Fitnessangebote zu bewerten.<\/p>\n\n\n\n<p>Managers can start brainstorming ideas for questions once the goal is clear. As a matter of fact, a designated committee should do this. Of course, each committee member will have different perspectives. These perspectives will create a more thorough <a href=\"https:\/\/www.sisinternational.com\/de\/how-to-design-effective-surveys-for-quantitative-research\/\" title=\"How to Design Effective Surveys for Quantitative Research\"  data-wpil-monitor-id=\"7789\">survey that should be more effective<\/a>.<\/p>\n\n\n\n<h2 class=\"wp-block-heading\">Maximierung der Antwortrate<\/h2>\n\n\n\n<p>Es ist wichtig, die Antwortrate zu maximieren. Die Antwortrate ist ein weiteres Problem, mit dem sich alle Clubmanager auseinandersetzen m\u00fcssen. Es gibt also ein paar Techniken, die sie verwenden k\u00f6nnen, um die Antwortrate zu erh\u00f6hen, damit sie genauer ist:<\/p>\n\n\n\n<ul class=\"wp-block-list\">\n<li>F\u00fcgen Sie ein Anschreiben bei, in dem Sie die Mitglieder \u00fcber die Ziele der Umfrage informieren. In diesem Schreiben sollte auch angegeben werden, wie der Club die Informationen verwenden wird. Dar\u00fcber hinaus sollte darin die Bedeutung der Eingabe des Mitglieds erw\u00e4hnt werden. Ein weiteres Merkmal sollten die Kontaktinformationen sein, falls das Mitglied Fragen hat.<\/li>\n\n\n\n<li>Geben Sie ein R\u00fcckgabedatum an. Durch die Angabe eines R\u00fcckgabedatums erh\u00f6ht sich die Wahrscheinlichkeit, dass die Mitglieder schnell antworten. Die Chancen auf eine zeitnahe Antwort steigen, wenn eine Frist gesetzt ist.<\/li>\n<\/ul>\n\n\n\n<h2 class=\"wp-block-heading\">Warum ist Marktforschung mit Mitgliederumfragen wichtig?<\/h2>\n\n\n\n<p>Es ist \u00fcberaus wichtig, die Einstellungen der Mitglieder und \u00fcber den Club zu verstehen \u2013 vom Erhalt einiger grundlegender Daten \u00fcber den Status jedes einzelnen Mitglieds bis hin zur F\u00e4higkeit, komplexere Pl\u00e4ne zu erstellen. Diese wichtigen Daten k\u00f6nnen den Unterschied zwischen Gewinn und Bankrott ausmachen.<\/p>\n\n\n\n<h2 class=\"wp-block-heading\">Wichtige Berufsbezeichnungen<\/h2>\n\n\n\n<p>Es gibt eine Vielzahl von Jobs, die f\u00fcr eine erfolgreiche Mitgliederbefragung unerl\u00e4sslich sind<\/p>\n\n\n\n<ul class=\"wp-block-list\">\n<li>Clubmanager<\/li>\n\n\n\n<li>Daten Analyst<\/li>\n\n\n\n<li>Marktforschungsanalyst<\/li>\n<\/ul>\n\n\n\n<h2 class=\"wp-block-heading\">Warum Unternehmen Marktforschung mithilfe von Mitgliederumfragen ben\u00f6tigen<\/h2>\n\n\n\n<figure class=\"gb-block-image gb-block-image-b64e6450\"><img loading=\"lazy\" decoding=\"async\" width=\"1456\" height=\"816\" class=\"gb-image gb-image-b64e6450\" src=\"https:\/\/www.sisinternational.com\/wp-content\/uploads\/2025\/08\/Survey-7.jpg\" alt=\"SIS International Marktforschung &amp; Strategie\" title=\"Survey (7)\" srcset=\"https:\/\/www.sisinternational.com\/wp-content\/uploads\/2025\/08\/Survey-7.jpg 1456w, https:\/\/www.sisinternational.com\/wp-content\/uploads\/2025\/08\/Survey-7-300x168.jpg 300w, https:\/\/www.sisinternational.com\/wp-content\/uploads\/2025\/08\/Survey-7-1024x574.jpg 1024w, https:\/\/www.sisinternational.com\/wp-content\/uploads\/2025\/08\/Survey-7-768x430.jpg 768w, https:\/\/www.sisinternational.com\/wp-content\/uploads\/2025\/08\/Survey-7-18x10.jpg 18w\" sizes=\"auto, (max-width: 1456px) 100vw, 1456px\"><\/figure>\n\n\n\n<p><\/p>\n\n\n\n<p>Als gewinnorientierte Organisation m\u00fcssen Clubs ihre Kunden gut kennen. Sie m\u00fcssen beispielsweise Entscheidungen treffen k\u00f6nnen, die die Zufriedenheit der Mitglieder maximieren. Dar\u00fcber hinaus werden Clubs, die auf die Bed\u00fcrfnisse ihrer Mitglieder eingehen, feststellen, dass sich ihre Loyalit\u00e4t auch auszahlt. Dar\u00fcber hinaus f\u00fchrt eine treue Kundschaft zu weiteren Mitgliedern. Sie wird sie auch dazu ermutigen, die Einrichtungen zu nutzen, was die Gewinnspanne weiter erh\u00f6ht.<\/p>\n\n\n\n<h2 class=\"wp-block-heading\">Schl\u00fcsselfaktoren f\u00fcr den Erfolg<\/h2>\n\n\n\n<p>In dieser Phase gibt es drei h\u00e4ufige Fallstricke. Fragen k\u00f6nnen mehrdeutig, voreingenommen oder komplex sein. Ein Beispiel f\u00fcr eine mehrdeutige Frage ist: \u201eWie viel rotes Fleisch essen Sie normalerweise?\u201c Erstens erfahren Sie nicht, ob Sie es wissen m\u00f6chten. T\u00e4glich? W\u00f6chentlich? Zweiw\u00f6chentlich? Antworten wie \u201eviel\u201c oder \u201enicht viel\u201c sind sehr subjektiv.<\/p>\n\n\n\n<p>Ein Beispiel f\u00fcr eine tendenzi\u00f6se Frage ist: \u201eWir m\u00fcssen einige Entscheidungen \u00fcber unseren Fr\u00fchst\u00fccksbereich treffen. Er ist sch\u00e4big, zu klein und muss dringend renoviert werden. Welche Vorgehensweise bevorzugen Sie also? 1. Den aktuellen Fr\u00fchst\u00fccksbereich umgestalten. 2. Einen neuen Fr\u00fchst\u00fccksbereich bauen und den alten in etwas anderes verwandeln. 3. Den Fr\u00fchst\u00fccksbereich so lassen, wie er jetzt ist. Es ist offensichtlich, dass der Autor der Umfrage bereits renovieren m\u00f6chte und kein gro\u00dfes Interesse daran hat, dies zu \u00e4ndern. Dies erweckt f\u00fcr den Befragten den Eindruck, dass sich der Club bereits f\u00fcr eine Vorgehensweise entschieden hat. Dar\u00fcber hinaus k\u00f6nnte der Befragte sogar das Gef\u00fchl haben, dass sein Beitrag keine Rolle spielt.<\/p>\n\n\n\n<p>Ein Beispiel f\u00fcr Komplexit\u00e4t w\u00e4re: \u201eLetztes Jahr hat der Fitnessstudiobetrieb $80.000 verloren. Halten Sie das f\u00fcr akzeptabel?\u201c Das Mitglied, das die Umfrage durchf\u00fchrt, kennt m\u00f6glicherweise nicht den gesamten Kontext der Situation. Einige Mitglieder halten es m\u00f6glicherweise f\u00fcr zu viel oder zu wenig. Das Mitglied wei\u00df es nicht. Es geht sie nichts an, also ist es am besten, sie nicht damit zu verwirren.<\/p>\n\n\n\n<p>It doesn\u2019t matter how well you word the questions to avoid ambiguity, bias, and complexity. Regardless of the clarity of the survey, it\u2019s still not foolproof. Thus, it\u2019s best to use a practice <a href=\"https:\/\/www.sisinternational.com\/de\/losungen\/marktforschungsunternehmen-mit-online-umfragen\/\" title=\"Online Umfrage Sampling Marktforschungsunternehmen\"  data-wpil-monitor-id=\"7785\">survey with a small sample<\/a>.<\/p>\n\n\n\n<h2 class=\"wp-block-heading\">\u00dcber Membership Survey Market Research<\/h2>\n\n\n\n<p>How can one get the most practical and accurate info? It is best to use many data-gathering techniques. Making use of <a href=\"https:\/\/www.sisinternational.com\/de\/losungen\/qualitative-quantitative-forschungslosungen\/qualitative-forschung-rekrutierung\/\" title=\"Qualitative Forschung Rekrutierung\"  data-wpil-monitor-id=\"7780\">Qualitative coupled with Quantitative Research<\/a> is an excellent tool for this. Those tools can help determine what works and what doesn\u2019t. Finding the best course of action is of vital importance for any business.<\/p>\n\n\n\n<p><\/p>","protected":false},"excerpt":{"rendered":"<p>Marktforschung f\u00fcr Mitgliederumfragen Was ist Marktforschung f\u00fcr Mitgliederumfragen? Wenn es um einen Club jeder Gr\u00f6\u00dfe geht, m\u00fcssen Manager die Interessen jedes einzelnen Mitglieds abw\u00e4gen. Sie m\u00fcssen auch Informationen \u00fcber den aktuellen Stand der Dinge sammeln. Dar\u00fcber hinaus sollen mit einer Mitgliederumfrage wichtige Daten gesammelt werden. Ein weiterer Vorteil von Mitgliederumfragen ist, dass sie \u2026 <a title=\"Mitgliederbefragung Marktforschung\" class=\"read-more\" href=\"https:\/\/www.sisinternational.com\/de\/losungen\/qualitative-quantitative-forschungslosungen\/mitgliederbefragung-marktforschung\/\" aria-label=\"Weitere Informationen \u00fcber Mitgliederbefragung Marktforschung\">Weiterlesen \u2026<\/a><\/p>","protected":false},"author":1,"featured_media":62706,"parent":14660,"menu_order":23,"comment_status":"closed","ping_status":"closed","template":"","meta":{"footnotes":""},"class_list":["post-39313","page","type-page","status-publish","has-post-thumbnail"],"_links":{"self":[{"href":"https:\/\/www.sisinternational.com\/de\/wp-json\/wp\/v2\/pages\/39313","targetHints":{"allow":["GET"]}}],"collection":[{"href":"https:\/\/www.sisinternational.com\/de\/wp-json\/wp\/v2\/pages"}],"about":[{"href":"https:\/\/www.sisinternational.com\/de\/wp-json\/wp\/v2\/types\/page"}],"author":[{"embeddable":true,"href":"https:\/\/www.sisinternational.com\/de\/wp-json\/wp\/v2\/users\/1"}],"replies":[{"embeddable":true,"href":"https:\/\/www.sisinternational.com\/de\/wp-json\/wp\/v2\/comments?post=39313"}],"version-history":[{"count":3,"href":"https:\/\/www.sisinternational.com\/de\/wp-json\/wp\/v2\/pages\/39313\/revisions"}],"predecessor-version":[{"id":81314,"href":"https:\/\/www.sisinternational.com\/de\/wp-json\/wp\/v2\/pages\/39313\/revisions\/81314"}],"up":[{"embeddable":true,"href":"https:\/\/www.sisinternational.com\/de\/wp-json\/wp\/v2\/pages\/14660"}],"wp:featuredmedia":[{"embeddable":true,"href":"https:\/\/www.sisinternational.com\/de\/wp-json\/wp\/v2\/media\/62706"}],"wp:attachment":[{"href":"https:\/\/www.sisinternational.com\/de\/wp-json\/wp\/v2\/media?parent=39313"}],"curies":[{"name":"wp","href":"https:\/\/api.w.org\/{rel}","templated":true}]}}