{"id":39294,"date":"2021-11-11T03:52:48","date_gmt":"2021-11-11T03:52:48","guid":{"rendered":"https:\/\/www.sisinternational.com\/?page_id=39294"},"modified":"2025-09-14T22:18:47","modified_gmt":"2025-09-15T02:18:47","slug":"generation-alpha-marktforschung","status":"publish","type":"page","link":"https:\/\/www.sisinternational.com\/de\/veroffentlichungen\/generation-alpha-marktforschung\/","title":{"rendered":"Generation Alpha Marktforschung"},"content":{"rendered":"<h1 class=\"wp-block-heading\">Generation Alpha Marktforschung<\/h1>\n\n\n\n<figure class=\"gb-block-image gb-block-image-73bf4078\"><img loading=\"lazy\" decoding=\"async\" width=\"1456\" height=\"816\" class=\"gb-image gb-image-73bf4078\" src=\"https:\/\/www.sisinternational.com\/wp-content\/uploads\/2025\/08\/Academic-2.jpg\" alt=\"SIS International Marktforschung &amp; Strategie\" title=\"Academic (2)\" srcset=\"https:\/\/www.sisinternational.com\/wp-content\/uploads\/2025\/08\/Academic-2.jpg 1456w, https:\/\/www.sisinternational.com\/wp-content\/uploads\/2025\/08\/Academic-2-300x168.jpg 300w, https:\/\/www.sisinternational.com\/wp-content\/uploads\/2025\/08\/Academic-2-1024x574.jpg 1024w, https:\/\/www.sisinternational.com\/wp-content\/uploads\/2025\/08\/Academic-2-768x430.jpg 768w, https:\/\/www.sisinternational.com\/wp-content\/uploads\/2025\/08\/Academic-2-18x10.jpg 18w\" sizes=\"auto, (max-width: 1456px) 100vw, 1456px\"><\/figure>\n\n\n\n<p><\/p>\n\n\n\n<hr class=\"wp-block-separator has-alpha-channel-opacity is-style-dots\"\/>\n\n\n\n<h2 class=\"wp-block-heading\">Was ist Generation Alpha?<\/h2>\n\n\n\n<p>Es gibt eine Generation, die mehr als einen von sieben Menschen ausmacht. Sie pr\u00e4gt die Kaufkraft ihrer Haushalte und ist f\u00fcr die Zukunft von entscheidender Bedeutung, doch nur wenige Menschen haben von ihr geh\u00f6rt. Sie wird die Babyboomer in den n\u00e4chsten vier Jahren oder weniger \u00fcberholen. Und die meisten von ihnen werden das 22. Jahrhundert erleben.<\/p>\n\n\n\n<p>Wir sprechen von der Generation Alpha, also der aktuellen Generation der 2010 geborenen Jugendlichen. Sie sind die Kinder der Millennials und oft die j\u00fcngeren Geschwister der Generation Z. Jede Woche werden weltweit mehr als 2,8 Millionen von ihnen geboren. Wenn sie 2025 alle geboren sind, werden es \u00fcber 2 Milliarden sein. Sie sind die gr\u00f6\u00dfte Kohorte der Geschichte.<\/p>\n\n\n\n<p>Generation Alpha (oder Gen Alpha) ist die demografische Generation, die auf die Generation Z folgt. Die ersten Geburtsjahre liegen in den fr\u00fchen 2010er Jahren \u2013 Forscher und die moderne Presse prognostizieren, dass die Geburtsjahre bis in die Mitte der 2020er Jahre reichen werden. Generation Alpha ist ein wertvolles Segment, das auf dem Vormarsch ist. Die erste Welle dieser Kinder begann 2018 mit der Grundschule. Diese Kinder werden die wohlhabendste, qualifizierteste und am besten vernetzte Generation aller Zeiten sein. Ihre Kaufkraft ist insgesamt enorm.<\/p>\n\n\n\n<h2 class=\"wp-block-heading\">Warum ist die Generation Alpha wichtig?<\/h2>\n\n\n\n<p>Zun\u00e4chst einmal wird die Generation Alpha die Hightech-Generation aller Zeiten sein. Sie wird mit Mobilger\u00e4ten, KI, sozialen Medien und Robotik aufwachsen. Au\u00dferdem wird ihre Gesundheitsversorgung verbessert. Au\u00dferdem hat die Generation Alpha die Ehre, die reichste Generation aller Zeiten zu sein. Daher kann sie m\u00f6glicherweise mehr f\u00fcr nicht notwendige Dinge ausgeben als fr\u00fchere Generationen. Sie wird auch die l\u00e4ngste Lebenserwartung haben und die am besten informierte Generation aller Zeiten sein.<\/p>\n\n\n\n<h2 class=\"wp-block-heading\">Warum brauchen Unternehmen die Generation Alpha?<\/h2>\n\n\n\n<p>Even though they are the youngest generation, for now, they have buying power. Generation Alpha has brand influence much beyond the years of its members. They are the cultural <a href=\"https:\/\/www.sisinternational.com\/de\/mehrere-wahlergruppen-indirekte-einflussnehmer-bei-verbraucherkaufen\/\" title=\"Mehrere Einflussfaktoren beim Verbrauchereinkauf\"  data-wpil-monitor-id=\"11261\">influencers and future consumers<\/a>. They shape the social media environment.<\/p>\n\n\n\n<p>Trotz ihres Alters hat die Generation Alpha bereits eine starke Meinung. Sie hat sich zu einigen der dringendsten Probleme der Welt ge\u00e4u\u00dfert. Und einer unserer j\u00fcngsten Studien zufolge ist die Generation Alpha sehr besorgt. Im Gegensatz zu fr\u00fcheren Generationen ist sie sich der lebenswichtigen Probleme sogar st\u00e4rker bewusst.<\/p>\n\n\n\n<p>Die typische Generation Alpha ist im Alltag von Ger\u00e4ten umgeben. Ihre Bindung zu ihnen ist so normal wie das Gespr\u00e4ch mit anderen Menschen. J\u00fcngere Kinder sprechen eher mit virtuellen Assistenten, als w\u00e4ren sie Menschen. Laut einer aktuellen MIT-Studie stellen sie diesen Assistenten Fragen wie ihr Alter und ihre Lieblingsfarbe. In dieser Studie wurde auch festgestellt, dass die Kinder glaubten, sie k\u00f6nnten mit den Ger\u00e4ten sowohl lehren als auch lernen.<\/p>\n\n\n\n<p>Weniger als ein Viertel der Alphas glaubt, dass sie von Werbung beeinflusst werden, und nur ein Achtel sagt, dass Online-Personas sie in irgendeiner Weise beeinflussen. Die \u00fcberwiegende Mehrheit glaubt, dass sie pr\u00fcfen sollten, was sie im Internet sehen. Sie sprechen am ehesten mit ihren Kollegen, bevor sie eine Entscheidung treffen.<\/p>\n\n\n\n<h2 class=\"wp-block-heading\">Wichtige Erfolgsfaktoren<\/h2>\n\n\n\n<p>Die Generation Alpha ist ein Fenster in die Zukunft, eine Linse, durch die wir das n\u00e4chste Jahrzehnt und dar\u00fcber hinaus betrachten k\u00f6nnen. Sie bev\u00f6lkern jetzt unsere Grundschulen. Die \u00c4ltesten werden bald die Pubert\u00e4t durchlaufen. Und dann geht es im darauffolgenden Jahrzehnt ins Erwachsenenalter.<\/p>\n\n\n\n<p>Wir d\u00fcrfen nicht vergessen, dass diese Kinder vollst\u00e4ndig im 21. Jahrhundert geboren wurden. Sie beeinflussen also die Kaufentscheidungen ihrer Millennial-Familien. Sie sind auch die ersten, die Technologien nutzen. Und nicht nur das: Sie werden die gr\u00f6\u00dfte Generation der Welt sein. Sie kommen zu einer Zeit auf, in der die Welt in das asiatische Jahrhundert eintritt. Asien wird die gr\u00f6\u00dfte Mittelschicht haben, wenn die j\u00fcngsten Angeh\u00f6rigen der Generation Alpha erwachsen werden (Mitte der 2030er Jahre).<\/p>\n\n\n\n<h2 class=\"wp-block-heading\">\u00dcber Generation Alpha Market Research<\/h2>\n\n\n\n<p>Due to rapid technological advances, Gen Alpha will not know many things such as record players, VHS, and the like. As a result, the use of surveys and one-on-one interviews are critical. Companies can use quantitative, qualitative, and strategy <a href=\"https:\/\/www.sisinternational.com\/de\/losungen\/ai-marktforschung-und-strategieberatung\/objekterkennung-ki-marktforschung\/\" title=\"Marktforschung zur Objekterkennung mit KI\"  data-wpil-monitor-id=\"11260\">research to meet their objectives<\/a>. They can use these tools not only for Gen Alpha but for all the other cohorts.<\/p>\n\n\n\n<p><a href=\"https:\/\/www.sisinternational.com\/de\/losungen\/b2b-markenbekanntheitsmarktforschung\/\" title=\"B2B-Marktforschung zur Markenbekanntheit\"  data-wpil-monitor-id=\"11259\">Marketers should be aware<\/a> that the process of starting a marketing campaign for Gen Alpha is unique. It\u2019s incomparable to other generations. Keep in mind that Gen Alpha will be more tech-savvy and expect more from the economy.<\/p>\n\n\n<h2>Unser Standort in New York<\/h2>\n<p><!-- \/wp:post-content --> <!-- wp:html --> <iframe loading=\"lazy\" src=\"https:\/\/www.google.com\/maps\/embed?pb=!1m18!1m12!1m3!1d3022.976188376966!2d-73.99130312499956!3d40.740549471389315!2m3!1f0!2f0!3f0!3m2!1i1024!2i768!4f13.1!3m3!1m2!1s0x89c259a15798c731%3A0xd695d09bdd495f25!2s11%20E%2022nd%20St%20FL%202%2C%20New%20York%2C%20NY%2010010%2C%20USA!5e0!3m2!1sen!2spe!4v1726171763526!5m2!1sen!2spe\" width=\"600\" height=\"450\" allowfullscreen=\"allowfullscreen\" data-mce-fragment=\"1\"><\/iframe> <!-- \/wp:html --> <!-- wp:paragraph --><\/p>\n<h3 class=\"wp-block-heading\">11 E 22nd Street, Floor 2, New York, NY 10010 T: +1(212) 505-6805<\/h3>\n<hr \/>\n<h2><span style=\"font-weight: 400;\">\u00dcber SIS International<\/span><\/h2>\n<p><a href=\"https:\/\/www.sisinternational.com\/de\/\"><span style=\"font-weight: 400;\">SIS International<\/span><\/a><span style=\"font-weight: 400;\"> offers Quantitative, Qualitative, and Strategy Research. We provide data, tools, strategies, reports, and insights for decision-making. We also conduct interviews, surveys, focus groups, and other <a href=\"https:\/\/www.sisinternational.com\/de\/quantitative-market-research-methods-and-techniques\/\" title=\"Quantitative Market Research Methods and Techniques\"  data-wpil-monitor-id=\"11258\">Market Research methods<\/a> and approaches.<\/span><a href=\"https:\/\/www.sisinternational.com\/de\/uber-sis-international-research\/contact-sis-international-market-research\/\"><span style=\"font-weight: 400;\"> Kontakt<\/span><\/a><span style=\"font-weight: 400;\"> f\u00fcr Ihr n\u00e4chstes Marktforschungsprojekt.<\/span><\/p>\n<p>\u00a0<\/p>\n<p><!-- wp:heading --><\/p>\n<h2 id=\"about-sis-international\" class=\"wp-block-heading\">\u00a0<\/h2>\n<p><!-- \/wp:heading --><\/p>","protected":false},"excerpt":{"rendered":"<p>Marktforschung zur Generation Alpha Was ist die Generation Alpha? Es gibt eine Generation, die mehr als einen von sieben Menschen ausmacht. Sie pr\u00e4gt die Kaufkraft ihrer Haushalte und ist f\u00fcr die Zukunft von entscheidender Bedeutung, doch nur wenige Menschen haben von ihr geh\u00f6rt. Sie wird die Babyboomer in den n\u00e4chsten vier Jahren oder weniger \u00fcberholen. Und \u2026 <a title=\"Generation Alpha Marktforschung\" class=\"read-more\" href=\"https:\/\/www.sisinternational.com\/de\/veroffentlichungen\/generation-alpha-marktforschung\/\" aria-label=\"Mehr Informationen \u00fcber Generation Alpha Market Research\">Weiterlesen \u2026<\/a><\/p>","protected":false},"author":1,"featured_media":63121,"parent":20148,"menu_order":10,"comment_status":"closed","ping_status":"closed","template":"","meta":{"footnotes":""},"class_list":["post-39294","page","type-page","status-publish","has-post-thumbnail"],"_links":{"self":[{"href":"https:\/\/www.sisinternational.com\/de\/wp-json\/wp\/v2\/pages\/39294","targetHints":{"allow":["GET"]}}],"collection":[{"href":"https:\/\/www.sisinternational.com\/de\/wp-json\/wp\/v2\/pages"}],"about":[{"href":"https:\/\/www.sisinternational.com\/de\/wp-json\/wp\/v2\/types\/page"}],"author":[{"embeddable":true,"href":"https:\/\/www.sisinternational.com\/de\/wp-json\/wp\/v2\/users\/1"}],"replies":[{"embeddable":true,"href":"https:\/\/www.sisinternational.com\/de\/wp-json\/wp\/v2\/comments?post=39294"}],"version-history":[{"count":4,"href":"https:\/\/www.sisinternational.com\/de\/wp-json\/wp\/v2\/pages\/39294\/revisions"}],"predecessor-version":[{"id":81836,"href":"https:\/\/www.sisinternational.com\/de\/wp-json\/wp\/v2\/pages\/39294\/revisions\/81836"}],"up":[{"embeddable":true,"href":"https:\/\/www.sisinternational.com\/de\/wp-json\/wp\/v2\/pages\/20148"}],"wp:featuredmedia":[{"embeddable":true,"href":"https:\/\/www.sisinternational.com\/de\/wp-json\/wp\/v2\/media\/63121"}],"wp:attachment":[{"href":"https:\/\/www.sisinternational.com\/de\/wp-json\/wp\/v2\/media?parent=39294"}],"curies":[{"name":"wp","href":"https:\/\/api.w.org\/{rel}","templated":true}]}}