{"id":39257,"date":"2021-11-03T17:54:06","date_gmt":"2021-11-03T17:54:06","guid":{"rendered":"https:\/\/www.sisinternational.com\/?page_id=39257"},"modified":"2025-09-14T22:17:15","modified_gmt":"2025-09-15T02:17:15","slug":"marktforschung-in-haiti","status":"publish","type":"page","link":"https:\/\/www.sisinternational.com\/de\/abdeckung\/marktforschung-in-der-karibik\/marktforschung-in-haiti\/","title":{"rendered":"Marktforschung in Haiti"},"content":{"rendered":"<h1 class=\"wp-block-heading\">Marktforschung in Haiti<\/h1>\n\n\n\n<p><\/p>\n\n\n\n<figure class=\"gb-block-image gb-block-image-24b59cfb\"><img loading=\"lazy\" decoding=\"async\" width=\"1456\" height=\"816\" class=\"gb-image gb-image-24b59cfb\" src=\"https:\/\/www.sisinternational.com\/wp-content\/uploads\/2025\/09\/Haiti-3.jpg\" alt=\"SIS International Marktforschung &amp; Strategie\" title=\"Haiti (3)\" srcset=\"https:\/\/www.sisinternational.com\/wp-content\/uploads\/2025\/09\/Haiti-3.jpg 1456w, https:\/\/www.sisinternational.com\/wp-content\/uploads\/2025\/09\/Haiti-3-300x168.jpg 300w, https:\/\/www.sisinternational.com\/wp-content\/uploads\/2025\/09\/Haiti-3-1024x574.jpg 1024w, https:\/\/www.sisinternational.com\/wp-content\/uploads\/2025\/09\/Haiti-3-768x430.jpg 768w, https:\/\/www.sisinternational.com\/wp-content\/uploads\/2025\/09\/Haiti-3-18x10.jpg 18w\" sizes=\"auto, (max-width: 1456px) 100vw, 1456px\"><\/figure>\n\n\n\n<p><\/p>\n\n\n\n<p>Haiti ist ein karibischer Staat auf der gro\u00dfen Insel Hispaniola. Es nimmt das westliche Drittel der Insel ein, die Dominikanische Republik liegt im Osten. Es ist fl\u00e4chenm\u00e4\u00dfig das drittgr\u00f6\u00dfte Land der Karibik und hat insgesamt 11,5 Millionen Einwohner. Damit hat es Kuba als bev\u00f6lkerungsreichstes Land der Karibik \u00fcberholt. Die Hauptstadt ist Port-au-Prince. Haitianisches Kreolisch \u00e4hnelt dem Franz\u00f6sischen und ist der beliebteste Dialekt des Landes.<\/p>\n\n\n\n<h2 class=\"wp-block-heading\">Schl\u00fcsselindustrien<\/h2>\n\n\n\n<p>Haiti hat eine freie Marktwirtschaft mit niedrigen Arbeitskosten. Viele Haitianer leben von der Landwirtschaft. Das Land verf\u00fcgt auch \u00fcber einen Agrarexportsektor. Landwirtschaft, Forstwirtschaft und Fischerei machen etwa ein Viertel des j\u00e4hrlichen BIP Haitis aus. Diese Branchen besch\u00e4ftigen \u00fcber zwei Drittel der Arbeitnehmer. Haiti hat auch einen florierenden Bergbausektor. Bergleute sch\u00fcrfen nach Mineralien wie Bauxit, Kupfer, Kalziumkarbonat und Gold.<\/p>\n\n\n\n<h2 class=\"wp-block-heading\">Nachbarschaften<\/h2>\n\n\n\n<p>In Haiti ist Kriminalit\u00e4t in allen Formen weit verbreitet. Dennoch scheint P\u00e9tion-Ville die sicherste Option zu sein. P\u00e9tion-Ville ist ein Teil der Stadt Port-au-Prince, die auf den \u00f6stlichen H\u00fcgeln des Massif de la Selle liegt. Der Bezirk dient als Wohn- und Touristenort. In den letzten zwanzig Jahren haben sich dort fast 100.000 neue Menschen niedergelassen. Die Bev\u00f6lkerung betr\u00e4gt jetzt 377.000. Au\u00dferdem leben und t\u00e4tigen in P\u00e9tion-Ville viele Gesandte, Eigent\u00fcmer ausl\u00e4ndischer Unternehmen und reiche Leute Gesch\u00e4fte.<\/p>\n\n\n\n<h2 class=\"wp-block-heading\">Trends<\/h2>\n\n\n\n<p>Das Erdbeben von 2010 zerst\u00f6rte viele Wohnh\u00e4user und B\u00fcrogeb\u00e4ude. Infolgedessen sind die Preise f\u00fcr Wohnh\u00e4user und Immobilien in die H\u00f6he geschossen. In dieser \u201eKatastrophenwirtschaft\u201c besteht der Drang, durch hohe Mieten immense Reicht\u00fcmer anzuh\u00e4ufen. Einige Haitianer haben das Gl\u00fcck, noch gut erhaltenes Eigentum zu besitzen. Sie sind nat\u00fcrlich im Vorteil.<\/p>\n\n\n\n<h2 class=\"wp-block-heading\">Vorteile und St\u00e4rken auf dem Markt<\/h2>\n\n\n\n<p>Einer der wertvollsten Werte Haitis sind seine oft zweisprachigen Arbeitskr\u00e4fte. Die Bev\u00f6lkerung des Landes ist zudem relativ jung und hat einen hohen Bedarf an Arbeitskr\u00e4ften. Dar\u00fcber hinaus ist die regionale und lokale Stromversorgung eines der aufstrebenden Gesch\u00e4ftsfelder Haitis.<\/p>\n\n\n\n<p>This country has several hoops to get over. Still, there are chances for small-to-medium-sized US <a href=\"https:\/\/www.sisinternational.com\/de\/sachverstand\/branchen\/designfirma-marktforschung\/\" title=\"Marktforschung f\u00fcr Designfirmen\"  data-wpil-monitor-id=\"7836\">firms in the Haitian market<\/a>. The cosmetics, grains, poultry, devices, and transportation <a href=\"https:\/\/www.sisinternational.com\/de\/venezuela-oil-mining-industry-potential-strategic-forecast-2026-2036\/\" title=\"Venezuela Oil &amp; Mining Industry Potential: Strategic Forecast 2026-2036\"  data-wpil-monitor-id=\"7838\">industries have the export potential<\/a> for US companies.<\/p>\n\n\n\n<h2 class=\"wp-block-heading\">Verbraucherbasis<\/h2>\n\n\n\n<p>A recent study on Haitian buyer preference was in part related to online shopping. The researchers <a href=\"https:\/\/www.sisinternational.com\/de\/losungen\/marktforschungsunternehmen-mit-online-umfragen\/\" title=\"Online Umfrage Sampling Marktforschungsunternehmen\"  data-wpil-monitor-id=\"7840\">surveyed<\/a> to find out whether Haitians buy online. The <a href=\"https:\/\/www.sisinternational.com\/de\/sampling-techniques-in-qualitative-research-the-complete-guide-to-choosing-the-right-method\/\" title=\"Sampling Techniques in Qualitative Research: The Complete Guide to Choosing the Right Method\"  data-wpil-monitor-id=\"7846\">sample<\/a> consisted of people reached via the \u201csnowball\u201d method. The study showed that Haitians still hold a dim view of online shopping. They still seem to prefer traditional shopping. The study shows that various social metrics have an impact on online buying in Haiti. These metrics include gender, income, and education.<\/p>\n\n\n\n<h2 class=\"wp-block-heading\">Gr\u00fcnde f\u00fcr eine Gesch\u00e4ftst\u00e4tigkeit in Haiti<\/h2>\n\n\n\n<ul class=\"wp-block-list\">\n<li>Haiti has preferential access to the <a href=\"https:\/\/www.sisinternational.com\/de\/sachverstand\/branchen\/grenzmarktlandmarktforschung\/\" title=\"Grenzmarkt-L\u00e4ndermarktforschung\"  data-wpil-monitor-id=\"7835\">markets of 17 developed countries<\/a>.<\/li>\n\n\n\n<li>Durch die Gesetze HOPE II und HELP hat die Bekleidungsbranche zollfreien Zugang zum US-Markt.<\/li>\n\n\n\n<li>Dar\u00fcber hinaus stehen eine umfassende Mobilfunkabdeckung und -konnektivit\u00e4t zur Verf\u00fcgung.<\/li>\n\n\n\n<li>Das Land verf\u00fcgt \u00fcber eine gro\u00dfe Zahl arbeitswilliger Menschen. Mehr als 50 Prozent der Arbeitskr\u00e4fte sind unter 30 Jahre alt, und Haiti verf\u00fcgt \u00fcber einen gro\u00dfen Pool an Englisch-, Franz\u00f6sisch- und Spanischsprachigen.<\/li>\n\n\n\n<li>Von den USA aus gibt es t\u00e4gliche Fl\u00fcge nach Port-au-Prince und Cap Haitien. Es sind auch Inlandsfl\u00fcge m\u00f6glich.<\/li>\n<\/ul>\n\n\n\n<h2 class=\"wp-block-heading\">Marktforschung in Haiti<\/h2>\n\n\n\n<p>Doing quantitative, qualitative, and strategic research is critical. Other <a href=\"https:\/\/www.sisinternational.com\/de\/losungen\/qualitative-quantitative-forschungslosungen\/zentrale-standorttests-vs-fokusgruppen\/\" title=\"Zentrale Standorttests vs. Fokusgruppen\"  data-wpil-monitor-id=\"7834\">central needs are focus groups<\/a>, interviews, and surveys. These tools can expose the customer\u2019s true feelings. and thoughts. Also, in Haiti, the step of <a href=\"https:\/\/www.sisinternational.com\/de\/losungen\/strategieberatung\/markteintrittschancenforschung\/die-wirksamkeit-von-produkttests-in-nyc-fur-den-eintritt-in-den-amerikanischen-markt\/\" title=\"Die Wirksamkeit von Produkttests in NYC f\u00fcr den Eintritt in den amerikanischen Markt\"  data-wpil-monitor-id=\"7844\">entering the market<\/a> is like that of many other countries. To begin, you must first go to the country. During a visit, your <a href=\"https:\/\/www.sisinternational.com\/de\/sachverstand\/lebenslaufe\/lebenslauf-mit-erfahrungen-in-der-automobilindustrie\/\" title=\"Marktforschungsunternehmen f\u00fcr die Automobilindustrie\"  data-wpil-monitor-id=\"7842\">company can create valuable industry<\/a> ties. These relations may be helpful to aid you in succeeding in the market.<\/p>\n\n\n\n<p><\/p>","protected":false},"excerpt":{"rendered":"<p>Marktforschung in Haiti Haiti ist ein Staat in der Karibik auf einer gro\u00dfen Insel namens Hispaniola. Es nimmt das westliche Drittel der Insel ein, w\u00e4hrend die Dominikanische Republik auf der Ostseite liegt. Es ist fl\u00e4chenm\u00e4\u00dfig das drittgr\u00f6\u00dfte Land in der Karibik und hat insgesamt 11,5 Millionen Einwohner. Somit ist es \u2026 <a title=\"Marktforschung in Haiti\" class=\"read-more\" href=\"https:\/\/www.sisinternational.com\/de\/abdeckung\/marktforschung-in-der-karibik\/marktforschung-in-haiti\/\" aria-label=\"Mehr Informationen \u00fcber Marktforschung in Haiti\">Weiterlesen \u2026<\/a><\/p>","protected":false},"author":1,"featured_media":66128,"parent":33287,"menu_order":0,"comment_status":"closed","ping_status":"closed","template":"","meta":{"footnotes":""},"class_list":["post-39257","page","type-page","status-publish","has-post-thumbnail"],"_links":{"self":[{"href":"https:\/\/www.sisinternational.com\/de\/wp-json\/wp\/v2\/pages\/39257","targetHints":{"allow":["GET"]}}],"collection":[{"href":"https:\/\/www.sisinternational.com\/de\/wp-json\/wp\/v2\/pages"}],"about":[{"href":"https:\/\/www.sisinternational.com\/de\/wp-json\/wp\/v2\/types\/page"}],"author":[{"embeddable":true,"href":"https:\/\/www.sisinternational.com\/de\/wp-json\/wp\/v2\/users\/1"}],"replies":[{"embeddable":true,"href":"https:\/\/www.sisinternational.com\/de\/wp-json\/wp\/v2\/comments?post=39257"}],"version-history":[{"count":5,"href":"https:\/\/www.sisinternational.com\/de\/wp-json\/wp\/v2\/pages\/39257\/revisions"}],"predecessor-version":[{"id":81323,"href":"https:\/\/www.sisinternational.com\/de\/wp-json\/wp\/v2\/pages\/39257\/revisions\/81323"}],"up":[{"embeddable":true,"href":"https:\/\/www.sisinternational.com\/de\/wp-json\/wp\/v2\/pages\/33287"}],"wp:featuredmedia":[{"embeddable":true,"href":"https:\/\/www.sisinternational.com\/de\/wp-json\/wp\/v2\/media\/66128"}],"wp:attachment":[{"href":"https:\/\/www.sisinternational.com\/de\/wp-json\/wp\/v2\/media?parent=39257"}],"curies":[{"name":"wp","href":"https:\/\/api.w.org\/{rel}","templated":true}]}}