{"id":39253,"date":"2021-11-03T17:42:58","date_gmt":"2021-11-03T17:42:58","guid":{"rendered":"https:\/\/www.sisinternational.com\/?page_id=39253"},"modified":"2026-01-25T19:05:39","modified_gmt":"2026-01-26T00:05:39","slug":"marktforschung-in-andorra","status":"publish","type":"page","link":"https:\/\/www.sisinternational.com\/de\/abdeckung\/europa\/marktforschung-in-andorra\/","title":{"rendered":"Marktforschung in Andorra"},"content":{"rendered":"<h1 class=\"gb-headline gb-headline-cbb47c8f gb-headline-text\">Marktforschung in Andorra<\/h1>\n\n\n\n<figure class=\"gb-block-image gb-block-image-282166ab\"><img loading=\"lazy\" decoding=\"async\" width=\"1456\" height=\"816\" class=\"gb-image gb-image-282166ab\" src=\"https:\/\/www.sisinternational.com\/wp-content\/uploads\/2025\/09\/Andorra-1.jpg\" alt=\"SIS International Marktforschung &amp; Strategie\" title=\"Andorra (1)\" srcset=\"https:\/\/www.sisinternational.com\/wp-content\/uploads\/2025\/09\/Andorra-1.jpg 1456w, https:\/\/www.sisinternational.com\/wp-content\/uploads\/2025\/09\/Andorra-1-300x168.jpg 300w, https:\/\/www.sisinternational.com\/wp-content\/uploads\/2025\/09\/Andorra-1-1024x574.jpg 1024w, https:\/\/www.sisinternational.com\/wp-content\/uploads\/2025\/09\/Andorra-1-768x430.jpg 768w, https:\/\/www.sisinternational.com\/wp-content\/uploads\/2025\/09\/Andorra-1-18x10.jpg 18w\" sizes=\"auto, (max-width: 1456px) 100vw, 1456px\"><\/figure>\n\n\n\n<p><\/p>\n\n\n\n<p>Andorra ist ein kleines Land, das auf der Karte schwer zu finden ist. Es liegt zwischen den Grenzen Spaniens und Frankreichs in den Pyren\u00e4en. Der Staat ist ein Ko-F\u00fcrstentum der beiden Nationen. Beide teilen sich ein gewisses Ma\u00df an Autorit\u00e4t \u00fcber das Land. Viele Jahre lang war Andorra das Zentrum vieler Streitigkeiten dar\u00fcber, wer die Kontrolle \u00fcber das kleine Land haben w\u00fcrde. Daher war Andorra nie v\u00f6llig unabh\u00e4ngig. Dennoch ist es f\u00fcr die Staaten auf beiden Seiten von gro\u00dfem Wert.<\/p>\n\n\n\n<p>Andorra ist eines der kleinsten L\u00e4nder Europas mit weniger als 90.000 Einwohnern und das 16. kleinste Land der Welt. Die Hauptsprache des Landes ist Katalanisch, aber die Andorraner sprechen viele Sprachen, darunter Franz\u00f6sisch, Spanisch und Portugiesisch.<\/p>\n\n\n\n<h2 class=\"wp-block-heading\"><strong>Was ist Marktforschung in Andorra?<\/strong><\/h2>\n\n\n\n<p><span style=\"font-weight: 400;\">Marktforschung in Andorra versorgt Unternehmen mit verwertbaren Informationen, die fundierte Entscheidungen unterst\u00fctzen. Dazu geh\u00f6rt die Identifizierung von Zielmarktsegmenten, das Verst\u00e4ndnis von Verbraucherbed\u00fcrfnissen und -pr\u00e4ferenzen sowie die Bewertung der Wirksamkeit von Marketingstrategien.&nbsp;<\/span><\/p>\n\n\n\n<h2 class=\"wp-block-heading\"><strong>Warum brauchen Unternehmen Marktforschung in Andorra?<\/strong><\/h2>\n\n\n\n<p><\/p>\n\n\n\n<p><span style=\"font-weight: 400;\">Marktforschung ist in Andorra von entscheidender Bedeutung, um sich in der Komplexit\u00e4t des lokalen Gesch\u00e4ftsumfelds zurechtzufinden und fundierte Entscheidungen zu treffen. Dazu geh\u00f6rt es, Einblicke in Verbraucherpr\u00e4ferenzen, Kaufverhalten und unerf\u00fcllte Bed\u00fcrfnisse zu gewinnen. Wenn Unternehmen verstehen, was Verbraucherentscheidungen beeinflusst, k\u00f6nnen sie ihre Produkte und Dienstleistungen effektiv an die lokale Nachfrage anpassen.<\/span><\/p>\n\n\n\n<p><span style=\"font-weight: 400;\">Dar\u00fcber hinaus liefert die Marktforschung in Andorra wichtige Informationen \u00fcber die Wettbewerbslandschaft. Unternehmen k\u00f6nnen die St\u00e4rken und Schw\u00e4chen ihrer Konkurrenten analysieren, Marktl\u00fccken identifizieren und Strategien entwickeln, um sich abzuheben.&nbsp;<\/span><\/p>\n\n\n\n<p><span style=\"font-weight: 400;\">Ein weiterer wichtiger Aspekt ist die Bewertung des Marktpotenzials und die Prognose zuk\u00fcnftiger Trends. Mit genauen Marktdaten k\u00f6nnen Unternehmen strategische Entscheidungen bez\u00fcglich Produktentwicklung, Marketinginvestitionen und Expansionspl\u00e4nen treffen.&nbsp;<\/span><\/p>\n\n\n\n<h2 class=\"wp-block-heading\"><strong>Wer nutzt in Andorra Marktforschung?<\/strong><\/h2>\n\n\n\n<p><b>Multinationale Konzerne<\/b><span style=\"font-weight: 400;\"> sind Gro\u00dfnutzer, die Marktforschung nutzen, um ihre globalen Strategien an den lokalen Kontext anzupassen. <\/span><b>Regionale Unternehmen<\/b><span style=\"font-weight: 400;\"> verlassen sich ebenfalls stark auf Marktforschung, um wettbewerbsf\u00e4hig zu bleiben. Das Verst\u00e4ndnis von Markttrends und Verbraucherpr\u00e4ferenzen ist f\u00fcr diese Unternehmen von entscheidender Bedeutung, um relevant zu bleiben und Wachstum voranzutreiben.&nbsp;<\/span><\/p>\n\n\n\n<p><b>Regierungsbeh\u00f6rden<\/b><span style=\"font-weight: 400;\"> Und <\/span><b>Nichtregierungsorganisationen (NGOs)<\/b><span style=\"font-weight: 400;\"> Marktforschung wird auch zur Unterst\u00fctzung der Politikgestaltung und Programmentwicklung genutzt. Durch Einblicke in die Wirtschaftslage, die \u00f6ffentliche Meinung und soziale Fragen k\u00f6nnen diese Stellen wirksamere Ma\u00dfnahmen konzipieren und Initiativen unterst\u00fctzen, die die wirtschaftliche Entwicklung und das soziale Wohlergehen in Andorra f\u00f6rdern.<\/span><\/p>\n\n\n\n<h2 class=\"wp-block-heading\"><strong>Erwartete Ergebnisse der SIS-Marktforschung in Andorra<\/strong><\/h2>\n\n\n\n<p><b>Erweiterte Marktkenntnisse<\/b><span style=\"font-weight: 400;\">:&nbsp;<\/span><\/p>\n\n\n\n<p><span style=\"font-weight: 400;\">Die Marktforschung von SIS International vermittelt Unternehmen ein tiefes Verst\u00e4ndnis der Marktlandschaft Andorras. Dieses Wissen erm\u00f6glicht es Unternehmen, fundierte Entscheidungen zu treffen, ihre Strategien an die Marktbedingungen anzupassen und Wachstumschancen zu erkennen.<\/span><\/p>\n\n\n\n<p><b>Verbesserte strategische Planung<\/b><span style=\"font-weight: 400;\">:&nbsp;<\/span><\/p>\n\n\n\n<p><span style=\"font-weight: 400;\">Wir unterst\u00fctzen Unternehmen bei der Entwicklung solider strategischer Pl\u00e4ne, die f\u00fcr den langfristigen Erfolg und nachhaltiges Wachstum in Andorra von entscheidender Bedeutung sind.<\/span><\/p>\n\n\n\n<p><b>Verbessertes Risikomanagement<\/b><span style=\"font-weight: 400;\">:&nbsp;<\/span><\/p>\n\n\n\n<p><span style=\"font-weight: 400;\">Um potenzielle Risiken und Herausforderungen effektiv zu mindern, ist es wichtig, sie zu verstehen. SIS identifiziert diese Faktoren und erm\u00f6glicht es Unternehmen, Notfallpl\u00e4ne zu entwickeln und Unsicherheiten zu meistern.<\/span><\/p>\n\n\n\n<p><b>Optimierte Marketingkampagnen<\/b><span style=\"font-weight: 400;\">:&nbsp;<\/span><\/p>\n\n\n\n<p><span style=\"font-weight: 400;\">Unternehmen k\u00f6nnen gezielte Marketingkampagnen mit detaillierten Verbraucherinformationen erstellen, die bei ihrem Publikum Anklang finden. Dies f\u00fchrt zu mehr Engagement, verbesserter Markentreue und h\u00f6heren Ums\u00e4tzen.<\/span><\/p>\n\n\n\n<p><b>Erh\u00f6hter ROI<\/b><span style=\"font-weight: 400;\">:&nbsp;<\/span><\/p>\n\n\n\n<p><a href=\"https:\/\/twitter.com\/SISIntlResearch\" target=\"_blank\" rel=\"noopener\"><span style=\"font-weight: 400;\">SIS<\/span><\/a><span style=\"font-weight: 400;\">Die Marktforschung von hilft Unternehmen, ihre Kapitalrendite zu maximieren. Durch eine effizientere Ressourcenverteilung k\u00f6nnen Unternehmen bessere Ergebnisse erzielen.<\/span><\/p>\n\n\n\n<h2 class=\"wp-block-heading\">Nachbarschaften<\/h2>\n\n\n\n<figure class=\"gb-block-image gb-block-image-cab35ac3\"><img loading=\"lazy\" decoding=\"async\" width=\"1456\" height=\"816\" class=\"gb-image gb-image-cab35ac3\" src=\"https:\/\/www.sisinternational.com\/wp-content\/uploads\/2025\/09\/Andorra-3.jpg\" alt=\"SIS International Marktforschung &amp; Strategie\" title=\"Andorra (3)\" srcset=\"https:\/\/www.sisinternational.com\/wp-content\/uploads\/2025\/09\/Andorra-3.jpg 1456w, https:\/\/www.sisinternational.com\/wp-content\/uploads\/2025\/09\/Andorra-3-300x168.jpg 300w, https:\/\/www.sisinternational.com\/wp-content\/uploads\/2025\/09\/Andorra-3-1024x574.jpg 1024w, https:\/\/www.sisinternational.com\/wp-content\/uploads\/2025\/09\/Andorra-3-768x430.jpg 768w, https:\/\/www.sisinternational.com\/wp-content\/uploads\/2025\/09\/Andorra-3-18x10.jpg 18w\" sizes=\"auto, (max-width: 1456px) 100vw, 1456px\"><\/figure>\n\n\n\n<p><\/p>\n\n\n\n<p>La Vella ist die Hauptstadt des Landes und die bev\u00f6lkerungsreichste Stadt. Ein gro\u00dfer Teil der Stadt liegt an der spanischen Grenze, die sich dann in die katalanische, franz\u00f6sische und portugiesische Grenze verzweigt. Die Stadt liegt weit \u00fcber dem Meeresspiegel, weshalb es dort schneien kann. La Vella ist auch eine Steueroase und hat viele Unternehmen aus aller Welt angezogen.<\/p>\n\n\n\n<p>Encamp ist eine weitere Stadt in der Gemeinde Encamp. Diese Stadt hat eine gro\u00dfe Bev\u00f6lkerung. Sie liegt weit \u00fcber dem Meeresspiegel und ist von Bergen umgeben. Die Stadt verf\u00fcgt \u00fcber ein Wasserkraftwerk. Au\u00dferdem gibt es einen Radiosender, der f\u00fcr Radio Andorra verwendet wurde, einen beliebten Sender w\u00e4hrend des Zweiten Weltkriegs.<\/p>\n\n\n\n<h2 class=\"wp-block-heading\"><strong>Schl\u00fcsselindustrien in Andorra<\/strong><\/h2>\n\n\n\n<p><span style=\"font-weight: 400;\">Andorra ist Standort zahlreicher Schl\u00fcsselindustrien, die die Wirtschaft des Landes antreiben und umfangreiche M\u00f6glichkeiten f\u00fcr die Marktforschung bieten. <\/span><b>Tourismus<\/b><span style=\"font-weight: 400;\"> ist ein Eckpfeiler der Wirtschaft Andorras, wobei Unternehmen wie Grandvalira und Vallnord f\u00fchrend sind. Das Verst\u00e4ndnis der touristischen Vorlieben und der Marktdynamik in diesem Sektor ist f\u00fcr Unternehmen, die in Andorra Fu\u00df fassen oder dort expandieren m\u00f6chten, von entscheidender Bedeutung.<\/span><\/p>\n\n\n\n<p><span style=\"font-weight: 400;\">Der <\/span><b>Einzelhandel<\/b><span style=\"font-weight: 400;\"> Auch der Handel ist von Bedeutung, insbesondere im Duty-Free-Bereich. Unternehmen wie Pyrenees Andorra und Illa Carlemany sind wichtige Akteure in diesem Sektor.&nbsp;<\/span><\/p>\n\n\n\n<p><span style=\"font-weight: 400;\">Der <\/span><b>Finanzdienstleistungssektor<\/b><span style=\"font-weight: 400;\"> ist robust, wobei Banken wie Andbank und MoraBanc eine zentrale Rolle spielen. Marktforschung hilft diesen Institutionen dabei, die Vorlieben der Verbraucher zu verstehen, neue Finanzprodukte zu entwickeln und ihr Dienstleistungsangebot zu verbessern.<\/span><\/p>\n\n\n\n<p><span style=\"font-weight: 400;\">Der <\/span><b>Baugewerbe<\/b><span style=\"font-weight: 400;\"> w\u00e4chst und wird von Infrastrukturentwicklungsprojekten angetrieben. Unternehmen wie Progec und Cevalls sind bedeutende Akteure. Marktforschung hilft diesen Unternehmen dabei, die Marktbed\u00fcrfnisse zu verstehen und effektiv zu planen.<\/span><\/p>\n\n\n\n<h2 class=\"wp-block-heading\"><strong>Wichtigste Touristenattraktionen in Andorra<\/strong><\/h2>\n\n\n\n<p><\/p>\n\n\n\n<p><span style=\"font-weight: 400;\">Andorra bietet zahlreiche Touristenattraktionen, die Besucher aus aller Welt anziehen. Das Verst\u00e4ndnis dieser Attraktionen ist entscheidend f\u00fcr&nbsp;<span style=\"box-sizing: border-box; margin: 0px; padding: 0px;\"><a href=\"https:\/\/www.sisinternational.com\/de\/reisetourismus-marktforschung\/\" target=\"_blank\" rel=\"noopener\">Tourismus<\/a> Unternehmen<\/span>&nbsp;um ihre Dienstleistungen und Marketingstrategien anzupassen.<\/span><\/p>\n\n\n\n<ul class=\"wp-block-list\">\n<li><b>Skiurlaub Grandvalira<\/b><span style=\"font-weight: 400;\">: Grandvalira, eines der gr\u00f6\u00dften Skigebiete in den Pyren\u00e4en, bietet umfangreiche Ski- und Snowboardm\u00f6glichkeiten und zieht Wintersportbegeisterte aus der ganzen Welt an.<\/span><\/li>\n\n\n\n<li><b>Skigebiet Vallnord<\/b><span style=\"font-weight: 400;\">: Vallnord bietet eine Vielzahl von Winteraktivit\u00e4ten, darunter Skifahren, Snowboarden und Schneeschuhwandern, und ist sowohl f\u00fcr Familien als auch f\u00fcr Abenteuerlustige geeignet.<\/span><\/li>\n\n\n\n<li><b>Caldea Spa<\/b><span style=\"font-weight: 400;\">: Caldea bietet ein einzigartiges Thermalerlebnis mit Innen- und Au\u00dfenpools, Saunen und Wellnessbehandlungen und ist damit ein beliebter Ort zum Entspannen.<\/span><\/li>\n\n\n\n<li><b>Andorra la Vella<\/b><span style=\"font-weight: 400;\">: Die Hauptstadt ist ber\u00fchmt f\u00fcr ihre Einkaufsm\u00f6glichkeiten, Restaurants und kulturellen Attraktionen, darunter das historische Casa de la Vall und die modernistische Esgl\u00e9sia de Sant Esteve.<\/span><\/li>\n\n\n\n<li><b>Madriu-Perafita-Claror-Tal<\/b><span style=\"font-weight: 400;\">: Dieses Gletschertal geh\u00f6rt zum UNESCO-Weltkulturerbe und bietet atemberaubende Landschaften, Wanderwege und Einblicke in die pastoralen Traditionen Andorras.<\/span><\/li>\n\n\n\n<li><b>Kirche Sant Joan de Caselles<\/b><span style=\"font-weight: 400;\">: Diese romanische Kirche in Canillo ist f\u00fcr ihre wundersch\u00f6nen Fresken und ihre historische Architektur bekannt und zieht Geschichtsinteressierte und Kunstliebhaber an.<\/span><\/li>\n\n\n\n<li><b>Naturlandia<\/b><span style=\"font-weight: 400;\">: Naturlandia, ein Abenteuerpark im Wald von La Rabassa, bietet zahlreiche Outdoor-Aktivit\u00e4ten, darunter die l\u00e4ngste Alpenachterbahn der Welt, Wanderwege und Wildbeobachtungen.<\/span><\/li>\n<\/ul>\n\n\n\n<h2 class=\"wp-block-heading\">Trends<\/h2>\n\n\n\n<p>Andorra hat einen gut entwickelten und freien Markt. Das Pro-Kopf-Einkommen liegt bereits \u00fcber dem europ\u00e4ischen Durchschnitt. Das Land verf\u00fcgt au\u00dferdem \u00fcber ein riesiges Glasfasernetz. Dar\u00fcber hinaus ist der Einzelhandel bei Besuchern aus Spanien und Frankreich beliebt. Diese Beliebtheit zieht auch Arbeitnehmer aus Portugal an, was die Bev\u00f6lkerungszahl erh\u00f6ht.<\/p>\n\n\n\n<h2 class=\"wp-block-heading\"><strong>Marktf\u00fchrer<\/strong><\/h2>\n\n\n\n<p><span style=\"font-weight: 400;\">Mehrere Schl\u00fcsselfaktoren treiben das Wachstum der Marktforschung in Andorra voran. Das Verst\u00e4ndnis dieser Faktoren ist f\u00fcr Unternehmen von entscheidender Bedeutung, um ihre gegenw\u00e4rtigen Chancen nutzen zu k\u00f6nnen.<\/span><\/p>\n\n\n\n<ul class=\"wp-block-list\">\n<li><b>Wirtschaftliche Stabilit\u00e4t<\/b><span style=\"font-weight: 400;\">: Andorras stabile Wirtschaft bietet ein f\u00f6rderliches Umfeld f\u00fcr Gesch\u00e4ftst\u00e4tigkeiten und Investitionen.\u00a0<\/span><\/li>\n\n\n\n<li><b>Technologische Fortschritte<\/b><span style=\"font-weight: 400;\">: Der zunehmende Einsatz digitaler Technologien steigert die Effizienz und Effektivit\u00e4t der Marktforschung.\u00a0<\/span><\/li>\n\n\n\n<li><b>Tourismuswachstum<\/b><span style=\"font-weight: 400;\">: Die expandierende Tourismusbranche treibt die Nachfrage nach Marktforschung voran, um die Pr\u00e4ferenzen der Besucher zu verstehen und das touristische Erlebnis zu verbessern.\u00a0<\/span><\/li>\n<\/ul>\n\n\n\n<h2 class=\"wp-block-heading\"><strong>Marktbeschr\u00e4nkungen<\/strong><\/h2>\n\n\n\n<p><span style=\"font-weight: 400;\">Trotz der zahlreichen Chancen stehen Unternehmen in Andorra auch vor Herausforderungen. Die Identifizierung dieser Hemmnisse durch Marktforschung ist f\u00fcr die Entwicklung wirksamer Strategien von entscheidender Bedeutung.<\/span><\/p>\n\n\n\n<ul class=\"wp-block-list\">\n<li><b>Kleine Marktgr\u00f6\u00dfe<\/b><span style=\"font-weight: 400;\">: Die relativ geringe Bev\u00f6lkerungszahl Andorras begrenzt die Marktgr\u00f6\u00dfe, was das Wachstumspotenzial f\u00fcr einige Unternehmen einschr\u00e4nken kann.\u00a0<\/span><\/li>\n\n\n\n<li><b>Saisonaler Tourismus<\/b><span style=\"font-weight: 400;\">: Die Tourismusbranche in Andorra ist stark saisonabh\u00e4ngig und erreicht w\u00e4hrend der Wintersportsaison ihren H\u00f6hepunkt.\u00a0<\/span><\/li>\n\n\n\n<li><b>Wirtschaftliche Abh\u00e4ngigkeit vom Tourismus<\/b><span style=\"font-weight: 400;\">: Andorras Wirtschaft ist stark vom Tourismus abh\u00e4ngig und daher anf\u00e4llig f\u00fcr Schwankungen bei den Touristenzahlen.\u00a0<\/span><\/li>\n\n\n\n<li><b>Konkurrenzdruck<\/b><span style=\"font-weight: 400;\">: Etablierte Akteure dominieren wichtige Sektoren, sodass es f\u00fcr Neueinsteiger schwierig ist, Marktanteile zu gewinnen.\u00a0<\/span><\/li>\n<\/ul>\n\n\n\n<h2 class=\"wp-block-heading\">Verbraucherbasis<\/h2>\n\n\n\n<p>Andorra ist vom Tourismussektor abh\u00e4ngig. Jedes Jahr besuchen Millionen von Touristen das Land, was f\u00fcr die meisten andorranischen Gesch\u00e4ftsinhaber ein guter Grund ist, ihr Unternehmen in dieser Region anzusiedeln. Die Touristen geben Geld f\u00fcr Hotels sowie Sommer- und Winterresorts aus. Die Menschen fahren auch gerne Ski in den Bergen und die Skigebiete sind zu dieser Zeit sehr beliebt.<\/p>\n\n\n\n<h2 class=\"wp-block-heading\"><strong>Marktforschung in Andorra: SWOT-Analyse&nbsp;<\/strong><\/h2>\n\n\n\n<figure class=\"gb-block-image gb-block-image-fd1a8467\"><img loading=\"lazy\" decoding=\"async\" width=\"1456\" height=\"816\" class=\"gb-image gb-image-fd1a8467\" src=\"https:\/\/www.sisinternational.com\/wp-content\/uploads\/2025\/09\/Andorra-2.jpg\" alt=\"SIS International Marktforschung &amp; Strategie\" title=\"Andorra (2)\" srcset=\"https:\/\/www.sisinternational.com\/wp-content\/uploads\/2025\/09\/Andorra-2.jpg 1456w, https:\/\/www.sisinternational.com\/wp-content\/uploads\/2025\/09\/Andorra-2-300x168.jpg 300w, https:\/\/www.sisinternational.com\/wp-content\/uploads\/2025\/09\/Andorra-2-1024x574.jpg 1024w, https:\/\/www.sisinternational.com\/wp-content\/uploads\/2025\/09\/Andorra-2-768x430.jpg 768w, https:\/\/www.sisinternational.com\/wp-content\/uploads\/2025\/09\/Andorra-2-18x10.jpg 18w\" sizes=\"auto, (max-width: 1456px) 100vw, 1456px\"><\/figure>\n\n\n\n<p><\/p>\n\n\n\n<h3 class=\"wp-block-heading\"><b>St\u00e4rken<\/b><span style=\"font-weight: 400;\">:&nbsp;<\/span><\/h3>\n\n\n\n<p><span style=\"font-weight: 400;\">Andorra hat eine stabile Wirtschaft, einen hohen Lebensstandard und eine strategische Lage zwischen Frankreich und Spanien. Seine Steuervorteile und zollfreien Einkaufsm\u00f6glichkeiten ziehen sowohl Touristen als auch Unternehmen an. Die robuste Tourismusbranche des Landes sorgt f\u00fcr eine stetige Einnahmequelle, insbesondere im Wintersport.<\/span><\/p>\n\n\n\n<h3 class=\"wp-block-heading\"><b>Schw\u00e4chen<\/b><span style=\"font-weight: 400;\">:&nbsp;<\/span><\/h3>\n\n\n\n<p><span style=\"font-weight: 400;\">Despite these strengths, Andorra faces challenges such as a small domestic <a href=\"https:\/\/www.sisinternational.com\/de\/sachverstand\/branchen\/marktforschung-fur-schwermaschinen\/\" title=\"Marktforschung f\u00fcr Schwermaschinen\" data-wpil-monitor-id=\"5398\">market and heavy<\/a> reliance on tourism. The seasonal nature of tourism can lead to fluctuations in economic stability. Additionally, limited natural resources and a small labor market can constrain business operations and growth.<\/span><\/p>\n\n\n\n<h3 class=\"wp-block-heading\"><b>Gelegenheiten<\/b><span style=\"font-weight: 400;\">:&nbsp;<\/span><\/h3>\n\n\n\n<p><span style=\"font-weight: 400;\">Andorra bietet zahlreiche Gesch\u00e4ftsm\u00f6glichkeiten. Die zunehmende Betonung der digitalen Transformation und der nachhaltigen Entwicklung \u00f6ffnet T\u00fcren f\u00fcr Technologie und gr\u00fcne Unternehmen. Die Diversifizierung des Tourismus \u00fcber den Wintersport hinaus um Wellness-, Abenteuer- und Kulturtourismus bietet weitere Chancen.&nbsp;<\/span><\/p>\n\n\n\n<h3 class=\"wp-block-heading\"><b>Bedrohungen<\/b><span style=\"font-weight: 400;\">:&nbsp;<\/span><\/h3>\n\n\n\n<p><span style=\"font-weight: 400;\">Zu den potenziellen Bedrohungen z\u00e4hlen wirtschaftliche Instabilit\u00e4t aufgrund externer Faktoren, wie etwa globaler Konjunkturabschw\u00fcnge oder Ver\u00e4nderungen im Touristenverhalten. Das Wettbewerbsumfeld, in dem etablierte Akteure wichtige Sektoren dominieren, stellt neue Marktteilnehmer vor Herausforderungen. Dar\u00fcber hinaus k\u00f6nnen sich regulatorische \u00c4nderungen und Compliance-Anforderungen auf den Gesch\u00e4ftsbetrieb auswirken.<\/span><\/p>\n\n\n\n<h2 class=\"wp-block-heading\"><strong>Wie die Marktforschung von SIS International in Andorra Unternehmen hilft<\/strong><\/h2>\n\n\n\n<p><span style=\"font-weight: 400;\">Durch die Bereitstellung umfassender Einblicke in Marktbedingungen, Verbraucherverhalten und Wettbewerbsdynamik erm\u00f6glicht SIS International Unternehmen, fundierte Entscheidungen zu treffen, die Wachstum und Innovation f\u00f6rdern.<\/span><\/p>\n\n\n\n<p><b>Risikominderung<\/b><span style=\"font-weight: 400;\">:&nbsp;<\/span><\/p>\n\n\n\n<p><span style=\"font-weight: 400;\">Unsere Marktforschung hilft Unternehmen, potenzielle Risiken zu identifizieren und Minderungsstrategien zu entwickeln. Dieser proaktive Ansatz reduziert Unsicherheiten und verbessert Entscheidungsprozesse.<\/span><\/p>\n\n\n\n<p><b>Umsatzsteigerung<\/b><span style=\"font-weight: 400;\">:&nbsp;<\/span><\/p>\n\n\n\n<p><span style=\"font-weight: 400;\">Durch das Verst\u00e4ndnis der Verbraucherpr\u00e4ferenzen und Markttrends k\u00f6nnen Unternehmen ihre Angebote an die Nachfrage anpassen und so Umsatz und Ertrag steigern.<\/span><\/p>\n\n\n\n<p><b>Geld sparen<\/b><span style=\"font-weight: 400;\">:&nbsp;<\/span><\/p>\n\n\n\n<p><span style=\"font-weight: 400;\">SIS erm\u00f6glicht es Unternehmen, Ressourcen effizienter zu verteilen, Abfall zu minimieren und Investitionen zu optimieren. Dies f\u00fchrt zu Kosteneinsparungen und verbesserter Betriebseffizienz.<\/span><\/p>\n\n\n\n<p><b>Beschleunigtes Wachstum und Innovation<\/b><span style=\"font-weight: 400;\">:&nbsp;<\/span><\/p>\n\n\n\n<p><a href=\"https:\/\/www.linkedin.com\/company\/sisinternationalresearch\/\" target=\"_blank\" rel=\"noopener\"><span style=\"font-weight: 400;\">SIS International<\/span><\/a><span style=\"font-weight: 400;\"> bietet Erkenntnisse, die die Produktentwicklung und Innovation vorantreiben und Unternehmen dabei helfen, wettbewerbsf\u00e4hig zu bleiben und nachhaltiges Wachstum zu erzielen.<\/span><\/p>\n\n\n\n<p><b>Steigerung des ROI<\/b><span style=\"font-weight: 400;\">:&nbsp;<\/span><\/p>\n\n\n\n<p><span style=\"font-weight: 400;\">Unser Team maximiert den Return on Investment, indem es die vielversprechendsten Marktsegmente und Chancen identifiziert. Unternehmen k\u00f6nnen ihre Bem\u00fchungen auf Bereiche mit hohem Potenzial konzentrieren und bessere Ergebnisse erzielen.<\/span><\/p>\n\n\n\n<h2 class=\"wp-block-heading\">Gr\u00fcnde f\u00fcr eine Unternehmensgr\u00fcndung in Andorra<\/h2>\n\n\n\n<p>The tiny state has unlimited reasons to open a business there, from low taxes to living options. It has a greater GDP per capita than the US, Japan, Spain, and Germany, and a stable political economy with no record of economic pitfalls.<\/p>\n\n\n\n<p>Andorra verf\u00fcgt auch \u00fcber einen gut regulierten Bankensektor. Das Land hat keine internationalen Banken. Stattdessen kontrollieren f\u00fcnf Bankengruppen den Sektor und bieten komplette Dienstleistungspakete an. Wie ihre Schweizer Gegenst\u00fccke legen die andorranischen Banken gro\u00dfen Wert auf Vertraulichkeit.<\/p>\n\n\n\n<h2 class=\"wp-block-heading\">Unser Standort in New York<\/h2>\n\n\n\n<p>  <iframe loading=\"lazy\" src=\"https:\/\/www.google.com\/maps\/embed?pb=!1m18!1m12!1m3!1d3022.976188376966!2d-73.99130312499956!3d40.740549471389315!2m3!1f0!2f0!3f0!3m2!1i1024!2i768!4f13.1!3m3!1m2!1s0x89c259a15798c731%3A0xd695d09bdd495f25!2s11%20E%2022nd%20St%20FL%202%2C%20New%20York%2C%20NY%2010010%2C%20USA!5e0!3m2!1sen!2spe!4v1726171763526!5m2!1sen!2spe\" width=\"600\" height=\"450\" allowfullscreen=\"allowfullscreen\" data-mce-fragment=\"1\"><\/iframe>  <\/p>\n\n\n\n<h3 class=\"wp-block-heading\">11 E 22nd Street, Floor 2, New York, NY 10010 T: +1(212) 505-6805<\/h3>\n\n\n\n<hr class=\"wp-block-separator has-alpha-channel-opacity\"\/>\n\n\n\n<h2 class=\"wp-block-heading\"><strong>\u00dcber SIS International<\/strong><\/h2>\n\n\n\n<p><a href=\"https:\/\/www.sisinternational.com\/de\/\"><span style=\"font-weight: 400;\">SIS International<\/span><\/a><span style=\"font-weight: 400;\"> bietet quantitative, qualitative und strategische Forschung an. Wir liefern Daten, Tools, Strategien, Berichte und Erkenntnisse zur Entscheidungsfindung. Wir f\u00fchren auch Interviews, Umfragen, Fokusgruppen und andere Methoden und Ans\u00e4tze der Marktforschung durch.<\/span><a href=\"https:\/\/www.sisinternational.com\/de\/uber-sis-international-research\/contact-sis-international-market-research\/\"><span style=\"font-weight: 400;\"> Kontakt<\/span><\/a><span style=\"font-weight: 400;\"> f\u00fcr Ihr n\u00e4chstes Marktforschungsprojekt.<\/span><\/p>\n\n\n\n<p><\/p>","protected":false},"excerpt":{"rendered":"<p>Marktforschung in Andorra Andorra ist ein kleines Land, das auf der Karte schwer zu finden ist. Es liegt zwischen den Grenzen Spaniens und Frankreichs in den Pyren\u00e4en. Die Nation ist ein Ko-F\u00fcrstentum zwischen den beiden Nationen. Beide teilen sich ein gewisses Ma\u00df an Autorit\u00e4t \u00fcber das Land. Seit vielen Jahren hat Andorra \u2026 <a title=\"Marktforschung in Andorra\" class=\"read-more\" href=\"https:\/\/www.sisinternational.com\/de\/abdeckung\/europa\/marktforschung-in-andorra\/\" aria-label=\"Mehr Informationen \u00fcber Marktforschung in Andorra\">Weiterlesen \u2026<\/a><\/p>","protected":false},"author":1,"featured_media":66143,"parent":14510,"menu_order":50,"comment_status":"closed","ping_status":"closed","template":"","meta":{"footnotes":""},"class_list":["post-39253","page","type-page","status-publish","has-post-thumbnail"],"_links":{"self":[{"href":"https:\/\/www.sisinternational.com\/de\/wp-json\/wp\/v2\/pages\/39253","targetHints":{"allow":["GET"]}}],"collection":[{"href":"https:\/\/www.sisinternational.com\/de\/wp-json\/wp\/v2\/pages"}],"about":[{"href":"https:\/\/www.sisinternational.com\/de\/wp-json\/wp\/v2\/types\/page"}],"author":[{"embeddable":true,"href":"https:\/\/www.sisinternational.com\/de\/wp-json\/wp\/v2\/users\/1"}],"replies":[{"embeddable":true,"href":"https:\/\/www.sisinternational.com\/de\/wp-json\/wp\/v2\/comments?post=39253"}],"version-history":[{"count":8,"href":"https:\/\/www.sisinternational.com\/de\/wp-json\/wp\/v2\/pages\/39253\/revisions"}],"predecessor-version":[{"id":79181,"href":"https:\/\/www.sisinternational.com\/de\/wp-json\/wp\/v2\/pages\/39253\/revisions\/79181"}],"up":[{"embeddable":true,"href":"https:\/\/www.sisinternational.com\/de\/wp-json\/wp\/v2\/pages\/14510"}],"wp:featuredmedia":[{"embeddable":true,"href":"https:\/\/www.sisinternational.com\/de\/wp-json\/wp\/v2\/media\/66143"}],"wp:attachment":[{"href":"https:\/\/www.sisinternational.com\/de\/wp-json\/wp\/v2\/media?parent=39253"}],"curies":[{"name":"wp","href":"https:\/\/api.w.org\/{rel}","templated":true}]}}