{"id":39169,"date":"2021-10-28T04:52:14","date_gmt":"2021-10-28T04:52:14","guid":{"rendered":"https:\/\/www.sisinternational.com\/?page_id=39169"},"modified":"2026-01-25T16:52:30","modified_gmt":"2026-01-25T21:52:30","slug":"marktforschung-neufundland-und-labrador","status":"publish","type":"page","link":"https:\/\/www.sisinternational.com\/de\/abdeckung\/north-america\/marktforschung-kanada\/marktforschung-neufundland-und-labrador\/","title":{"rendered":"Marktforschung in Neufundland und Labrador"},"content":{"rendered":"<h1 class=\"wp-block-heading\">Marktforschung in Neufundland und Labrador<\/h1>\n\n\n\n<figure class=\"gb-block-image gb-block-image-f91a9ecd\"><img loading=\"lazy\" decoding=\"async\" width=\"1456\" height=\"816\" class=\"gb-image gb-image-f91a9ecd\" src=\"https:\/\/www.sisinternational.com\/wp-content\/uploads\/2025\/08\/Newfoundland-and-Labrador-2.jpg\" alt=\"SIS International Marktforschung &amp; Strategie\" title=\"Newfoundland and Labrador (2)\" srcset=\"https:\/\/www.sisinternational.com\/wp-content\/uploads\/2025\/08\/Newfoundland-and-Labrador-2.jpg 1456w, https:\/\/www.sisinternational.com\/wp-content\/uploads\/2025\/08\/Newfoundland-and-Labrador-2-300x168.jpg 300w, https:\/\/www.sisinternational.com\/wp-content\/uploads\/2025\/08\/Newfoundland-and-Labrador-2-1024x574.jpg 1024w, https:\/\/www.sisinternational.com\/wp-content\/uploads\/2025\/08\/Newfoundland-and-Labrador-2-768x430.jpg 768w, https:\/\/www.sisinternational.com\/wp-content\/uploads\/2025\/08\/Newfoundland-and-Labrador-2-18x10.jpg 18w\" sizes=\"auto, (max-width: 1456px) 100vw, 1456px\"><\/figure>\n\n\n\n<p><\/p>\n\n\n\n<hr class=\"wp-block-separator has-alpha-channel-opacity is-style-dots\"\/>\n\n\n\n<h3 class=\"wp-block-heading\"><span style=\"font-weight: 400;\">Bei der Erkundung der Marktforschungslandschaft in Neufundland und Labrador zeigt sich, dass es sich um eine Provinz handelt, die voller einzigartiger Chancen und komplexer Herausforderungen steckt.<\/span><\/h3>\n\n\n\n<p><span style=\"font-weight: 400;\">Das Verst\u00e4ndnis der Nuancen der Marktforschung in Neufundland und Labrador kann einen erheblichen Wettbewerbsvorteil bieten. Es stattet Unternehmen mit den Daten aus, die sie ben\u00f6tigen, um in diesem ressourcenreichen, aber anspruchsvollen Markt erfolgreich zu sein.<\/span><\/p>\n\n\n\n<h2 class=\"wp-block-heading\"><strong>Was ist Marktforschung in Neufundland und Labrador?<\/strong><\/h2>\n\n\n\n<p><span style=\"font-weight: 400;\">Ziel der Marktforschung in Neufundland und Labrador ist es, die wirtschaftliche Landschaft zu verstehen, die durch ihre Abh\u00e4ngigkeit von nat\u00fcrlichen Ressourcen wie \u00d6l, Fischerei und Bergbau sowie aufstrebenden Sektoren wie Tourismus und Technologie gekennzeichnet ist.<\/span><\/p>\n\n\n\n<p><span style=\"font-weight: 400;\">Der Zweck der Marktforschung in Neufundland und Labrador besteht darin, Unternehmen umsetzbare Erkenntnisse zu liefern, die sie als Grundlage f\u00fcr strategische Entscheidungen verwenden k\u00f6nnen, vom Markteintritt und der Produktentwicklung bis hin zu Marketing- und Verkaufsstrategien.&nbsp;<\/span><\/p>\n\n\n\n<h2 class=\"wp-block-heading\"><strong>Warum brauchen Unternehmen Marktforschung in Neufundland und Labrador?<\/strong><\/h2>\n\n\n\n<p><span style=\"font-weight: 400;\">Einer der Hauptgr\u00fcnde, warum Unternehmen in Neufundland und Labrador Marktforschung betreiben, ist das Verst\u00e4ndnis des Verbraucherverhaltens in einer Region, die sowohl von traditionellen Werten als auch von modernen Einfl\u00fcssen gepr\u00e4gt ist. Marktforschung ist auch f\u00fcr die Beurteilung der Wettbewerbslandschaft unerl\u00e4sslich. Angesichts einer Mischung aus etablierten lokalen Unternehmen und neuen Marktteilnehmern ist es f\u00fcr den Erfolg entscheidend, zu verstehen, wie die Konkurrenz vorgeht, welchen Marktanteil sie hat und was sie von anderen unterscheidet.&nbsp;<\/span><\/p>\n\n\n\n<p><span style=\"font-weight: 400;\">Schlie\u00dflich verlassen sich Unternehmen in Zeiten wirtschaftlicher Umbr\u00fcche auf Marktforschung, um strategische Entscheidungen zu treffen, beispielsweise bei Ver\u00e4nderungen im Energiesektor oder dem Wachstum von Technologiebranchen in Ballungszentren wie St. John&#039;s. Indem sie sich \u00fcber die Marktbedingungen informieren und zuk\u00fcnftige Trends vorhersehen, k\u00f6nnen Unternehmen ihre Gesch\u00e4ftsmodelle proaktiv anpassen und so sicherstellen, dass sie auf dem dynamischen Markt von Neufundland und Labrador relevant und widerstandsf\u00e4hig bleiben.<\/span><\/p>\n\n\n\n<h2 class=\"wp-block-heading\"><strong>Wann sollte in Neufundland und Labrador Marktforschung betrieben werden?<\/strong><\/h2>\n\n\n\n<p><span style=\"font-weight: 400;\">Einer der wichtigsten Zeitpunkte f\u00fcr Marktforschung ist der Markteintritt. Diese anf\u00e4ngliche Untersuchung hilft Unternehmen, die lokalen wirtschaftlichen Bedingungen, das Wettbewerbsumfeld und die Verbraucherpr\u00e4ferenzen zu verstehen und sorgt so f\u00fcr einen reibungsloseren und erfolgreicheren Markteintritt.<\/span><\/p>\n\n\n\n<p><span style=\"font-weight: 400;\">Another key <a href=\"https:\/\/www.sisinternational.com\/de\/momente-der-wahrheit-marktforschung\/\" title=\"Momente der Wahrheit Marktforschung\"  data-wpil-monitor-id=\"1001\">moment for conducting market research<\/a> in Newfoundland and Labrador is during product development or the introduction of new services. This <a href=\"https:\/\/www.sisinternational.com\/de\/abdeckung\/europa\/marktforschung-im-vatikan\/\" title=\"Marktforschung im Vatikan\"  data-wpil-monitor-id=\"3775\">research is invaluable in assessing market<\/a> readiness, identifying potential customer pain points, and determining the optimal pricing strategy. For instance, companies in the tourism sector can use market research to tailor new experiences that align with the latest travel trends and customer expectations in Newfoundland and Labrador.<\/span><\/p>\n\n\n\n<p><span style=\"font-weight: 400;\">Marktforschung ist auch in Zeiten wirtschaftlicher Ver\u00e4nderungen oder Unsicherheit von entscheidender Bedeutung. In Neufundland und Labrador, wo Branchen wie Offshore-\u00d6l und -Gas oder erneuerbare Energien sehr dynamisch sind, kann zeitnahe Forschung die Erkenntnisse liefern, die f\u00fcr sichere strategische Entscheidungen erforderlich sind.<\/span><\/p>\n\n\n\n<figure class=\"gb-block-image gb-block-image-2be3297b\"><img loading=\"lazy\" decoding=\"async\" width=\"1456\" height=\"816\" class=\"gb-image gb-image-2be3297b\" src=\"https:\/\/www.sisinternational.com\/wp-content\/uploads\/2025\/08\/Newfoundland-and-Labrador-3.jpg\" alt=\"SIS International Marktforschung &amp; Strategie\" title=\"Newfoundland and Labrador (3)\" srcset=\"https:\/\/www.sisinternational.com\/wp-content\/uploads\/2025\/08\/Newfoundland-and-Labrador-3.jpg 1456w, https:\/\/www.sisinternational.com\/wp-content\/uploads\/2025\/08\/Newfoundland-and-Labrador-3-300x168.jpg 300w, https:\/\/www.sisinternational.com\/wp-content\/uploads\/2025\/08\/Newfoundland-and-Labrador-3-1024x574.jpg 1024w, https:\/\/www.sisinternational.com\/wp-content\/uploads\/2025\/08\/Newfoundland-and-Labrador-3-768x430.jpg 768w, https:\/\/www.sisinternational.com\/wp-content\/uploads\/2025\/08\/Newfoundland-and-Labrador-3-18x10.jpg 18w\" sizes=\"auto, (max-width: 1456px) 100vw, 1456px\"><\/figure>\n\n\n\n<p><\/p>\n\n\n\n<h2 class=\"wp-block-heading\"><strong>Unser aktueller Markt\u00fcberblick und unsere Empfehlungen<\/strong><\/h2>\n\n\n\n<p><span style=\"font-weight: 400;\">Bei SIS International beobachten wir die Marktdynamik von Neufundland und Labrador genau, um umsetzbare Erkenntnisse zu liefern, die den Gesch\u00e4ftserfolg vorantreiben. Wir empfehlen Unternehmen, die in dieser Region t\u00e4tig sind, in laufende Marktforschung zu investieren, um den lokalen Wirtschaftstrends und dem sich entwickelnden Verbraucherverhalten immer einen Schritt voraus zu sein. Bei der Marktforschung in Neufundland und Labrador geht es nicht nur um das Sammeln von Daten; es geht darum, Erkenntnisse in strategische Ma\u00dfnahmen umzuwandeln, die Unternehmen voranbringen.<\/span><\/p>\n\n\n\n<p><span style=\"font-weight: 400;\">Wir sind davon \u00fcberzeugt, dass es f\u00fcr Unternehmen, die erfolgreich sein wollen, von entscheidender Bedeutung ist, die einzigartigen Merkmale des Marktes in Neufundland und Labrador zu verstehen \u2013 wie etwa seine Abh\u00e4ngigkeit von nat\u00fcrlichen Ressourcen, seine geografischen Herausforderungen und sein wachsendes Interesse an nachhaltigen Industrien. Unser Markt\u00fcberblick zeigt wichtige Chancen in Sektoren wie Fischerei, Tourismus und erneuerbare Energien auf, in denen Unternehmen lokale St\u00e4rken nutzen k\u00f6nnen, um Wettbewerbsvorteile zu erzielen.<\/span><\/p>\n\n\n\n<h2 class=\"wp-block-heading\"><strong>Schl\u00fcsselindustrien in Neufundland und Labrador<\/strong><\/h2>\n\n\n\n<p><span style=\"font-weight: 400;\">Die Fischerei- und Meeresfr\u00fcchteindustrie bleibt eine der bedeutendsten und tr\u00e4gt nicht nur zur lokalen Besch\u00e4ftigung, sondern auch zu internationalen Exporten bei. Unternehmen wie <\/span><b>Ocean Choice International <\/b><span style=\"font-weight: 400;\">Und <\/span><b>Quinlan-Br\u00fcder<\/b><span style=\"font-weight: 400;\"> sind f\u00fchrende Akteure und treiben Innovationen im Bereich nachhaltiger Fischereipraktiken voran, die der weltweiten Nachfrage gerecht werden.<\/span><\/p>\n\n\n\n<p><span style=\"font-weight: 400;\">Der \u00d6l- und Gassektor ist ein weiterer Eckpfeiler der Wirtschaft von Neufundland und Labrador. Gro\u00dfe Unternehmen wie <\/span><b>ExxonMobil <\/b><span style=\"font-weight: 400;\">Und <\/span><b>Husky Energie<\/b><span style=\"font-weight: 400;\"> sind in Offshore-\u00d6lfeldern t\u00e4tig und leisten damit einen wesentlichen wirtschaftlichen Beitrag und bieten Arbeitspl\u00e4tze. Angesichts wachsender Umweltbedenken verlagert sich die Branche jedoch allm\u00e4hlich auf nachhaltige Energiel\u00f6sungen, was neue M\u00f6glichkeiten f\u00fcr die Marktforschung in Neufundland und Labrador schafft.<\/span><\/p>\n\n\n\n<p><span style=\"font-weight: 400;\">Auch der Tourismus spielt eine entscheidende Rolle, denn er zieht Besucher in die atemberaubenden Landschaften, die reiche Geschichte und die lebendige Kultur der Provinz. Unternehmen in diesem Sektor, von lokalen Reiseveranstaltern bis hin zu Gastgewerbeunternehmen, profitieren stark davon, Markttrends und Besucherpr\u00e4ferenzen zu verstehen. Dar\u00fcber hinaus gewinnen aufstrebende Branchen wie Technologie und erneuerbare Energien an Dynamik und bieten neue Wachstumschancen f\u00fcr Unternehmen, die bereit sind, in Marktforschung in Neufundland und Labrador zu investieren.<\/span><\/p>\n\n\n\n<h2 class=\"wp-block-heading\"><strong>Die am st\u00e4rksten wachsenden Segmente in Neufundland und Labrador<\/strong><\/h2>\n\n\n\n<p><span style=\"font-weight: 400;\">Eines der am schnellsten wachsenden Segmente ist der <\/span><b>Sektor der erneuerbaren Energien<\/b><span style=\"font-weight: 400;\">, mit zunehmenden Investitionen in Wind-, Wasser- und Gezeitenkraftprojekte. Die reichhaltigen nat\u00fcrlichen Ressourcen der Provinz bieten reichlich M\u00f6glichkeiten f\u00fcr eine nachhaltige Energieentwicklung, was diesen Bereich zu einem Schwerpunkt f\u00fcr Unternehmen und Investoren macht.&nbsp;<\/span><\/p>\n\n\n\n<p><b>Aquakultur<\/b><span style=\"font-weight: 400;\"> ist ein weiteres schnell wachsendes Segment, das die traditionelle Fischereiindustrie erg\u00e4nzt. Unternehmen investieren massiv in Aquakulturtechnologie und nachhaltige Anbaumethoden, um die steigende globale Nachfrage nach Meeresfr\u00fcchten zu decken. Dieses Wachstum macht Neufundland und Labrador zu einem Vorreiter in der nachhaltigen Meeresfr\u00fcchteproduktion. Um den Betrieb zu optimieren und neue Exportm\u00e4rkte zu erschlie\u00dfen, sind detaillierte Marktforschungen erforderlich.<\/span><\/p>\n\n\n\n<p><span style=\"font-weight: 400;\">Der <\/span><b>Technologie- und Innovationssegment<\/b><span style=\"font-weight: 400;\"> Auch die Technologiebranche gewinnt an Dynamik, insbesondere in Bereichen wie Softwareentwicklung, Cybersicherheit und Finanztechnologie. Mit Unternehmen wie Verafin als Vorreiter positioniert sich die Technologiebranche Neufundland und Labrador als wettbewerbsf\u00e4higer Akteur auf nationaler und globaler Ebene.&nbsp;<\/span><\/p>\n\n\n\n<h2 class=\"wp-block-heading\"><strong>Wichtigste Touristenattraktionen in Neufundland und Labrador<\/strong><\/h2>\n\n\n\n<figure class=\"gb-block-image gb-block-image-096e1a30\"><img loading=\"lazy\" decoding=\"async\" width=\"1456\" height=\"816\" class=\"gb-image gb-image-096e1a30\" src=\"https:\/\/www.sisinternational.com\/wp-content\/uploads\/2025\/08\/Newfoundland-and-Labrador-1.jpg\" alt=\"SIS International Marktforschung &amp; Strategie\" title=\"Newfoundland and Labrador (1)\" srcset=\"https:\/\/www.sisinternational.com\/wp-content\/uploads\/2025\/08\/Newfoundland-and-Labrador-1.jpg 1456w, https:\/\/www.sisinternational.com\/wp-content\/uploads\/2025\/08\/Newfoundland-and-Labrador-1-300x168.jpg 300w, https:\/\/www.sisinternational.com\/wp-content\/uploads\/2025\/08\/Newfoundland-and-Labrador-1-1024x574.jpg 1024w, https:\/\/www.sisinternational.com\/wp-content\/uploads\/2025\/08\/Newfoundland-and-Labrador-1-768x430.jpg 768w, https:\/\/www.sisinternational.com\/wp-content\/uploads\/2025\/08\/Newfoundland-and-Labrador-1-18x10.jpg 18w\" sizes=\"auto, (max-width: 1456px) 100vw, 1456px\"><\/figure>\n\n\n\n<p><\/p>\n\n\n\n<p><span style=\"font-weight: 400;\">Marktforschung in Neufundland und Labrador hilft Tourismusunternehmen, die Vorlieben der Besucher zu verstehen und ihre Angebote anzupassen, um das Gesamterlebnis zu verbessern.<\/span><\/p>\n\n\n\n<p><b>Gros Morne Nationalpark<\/b><span style=\"font-weight: 400;\">, ein UNESCO-Weltkulturerbe, ist eine der bekanntesten Attraktionen der Provinz und zieht mit seinen atemberaubenden Fjorden, dramatischen Klippen und seiner vielf\u00e4ltigen Tierwelt Besucher an. Tourismusunternehmen k\u00f6nnen Marktforschung nutzen, um ma\u00dfgeschneiderte Erlebnisse zu entwickeln, die sowohl \u00d6kotouristen, Abenteuerlustige als auch Kulturliebhaber ansprechen.<\/span><\/p>\n\n\n\n<p><b>Signal Hill<\/b><span style=\"font-weight: 400;\"> in St. John&#039;s ist eine weitere gro\u00dfe Touristenattraktion. Als geschichtstr\u00e4chtiger Ort, zu dem auch die erste transatlantische drahtlose Kommunikation geh\u00f6rt, bietet er eine Mischung aus Natursch\u00f6nheit und kulturellem Erbe, die ein breites Publikum anspricht. Wenn Unternehmen durch Marktforschung in Neufundland und Labrador die Demografie und Vorlieben der Besucher verstehen, k\u00f6nnen sie gezielte Marketingkampagnen und einzigartige Besuchererlebnisse entwickeln.<\/span><\/p>\n\n\n\n<p><span style=\"font-weight: 400;\">Eine weitere UNESCO-St\u00e4tte, die <\/span><b>Wikingersiedlung in L&#039;Anse aux Meadows<\/b><span style=\"font-weight: 400;\">, zieht Geschichtsinteressierte und Kulturtouristen an, die sich f\u00fcr die fr\u00fcheste bekannte europ\u00e4ische Pr\u00e4senz in Nordamerika interessieren. Marktforschung in Neufundland und Labrador ist unerl\u00e4sslich, um solche Attraktionen zu nutzen und Unternehmen bei der Entwicklung von Themenreisen, Bildungsprogrammen und kulturorientierten Tourismusinitiativen zu unterst\u00fctzen, die sowohl bei einheimischen als auch bei internationalen Besuchern Anklang finden.<\/span><\/p>\n\n\n\n<h2 class=\"wp-block-heading\"><strong>Markttreiber in Neufundland und Labrador<\/strong><\/h2>\n\n\n\n<p><span style=\"font-weight: 400;\">Mehrere wichtige Markttreiber treiben das Wachstum in Neufundland und Labrador voran und machen es zu einer attraktiven Region f\u00fcr die Gesch\u00e4ftsentwicklung. Einer der Haupttreiber ist die <\/span><b>kontinuierliche Investitionen in Projekte zur Nutzung erneuerbarer Energien<\/b><span style=\"font-weight: 400;\">. Dank ihrer reichhaltigen nat\u00fcrlichen Ressourcen wie Wind, Wasser und Gezeitenstr\u00f6mungen positioniert sich die Provinz als Vorreiter in der nachhaltigen Energieerzeugung.&nbsp;<\/span><\/p>\n\n\n\n<p><span style=\"font-weight: 400;\">Der <\/span><b>Digitale Transformation in allen Branchen<\/b><span style=\"font-weight: 400;\"> ist ein weiterer wichtiger Treiber, insbesondere in traditionellen Sektoren wie Fischerei sowie \u00d6l und Gas. Der Einsatz fortschrittlicher Technologien wie KI, Datenanalyse und Automatisierung steigert die Betriebseffizienz und treibt Innovationen voran. Beispielsweise k\u00f6nnen Technologieunternehmen und Dienstleister von diesem Trend profitieren, indem sie digitale L\u00f6sungen anbieten, die auf die Bed\u00fcrfnisse der lokalen Industrie zugeschnitten sind und durch Erkenntnisse aus Marktforschungen in Neufundland und Labrador unterst\u00fctzt werden.<\/span><\/p>\n\n\n\n<p><span style=\"font-weight: 400;\">Zus\u00e4tzlich, <\/span><b>Regierungsinitiativen und Bem\u00fchungen zur wirtschaftlichen Diversifizierung<\/b><span style=\"font-weight: 400;\"> f\u00f6rdern das Wachstum in neuen Sektoren, darunter Technologie, Aquakultur und Tourismus. Diese Initiativen umfassen h\u00e4ufig Finanzierungen, Steueranreize und Unterst\u00fctzungsprogramme, die darauf abzielen, Gesch\u00e4ftsinnovationen zu f\u00f6rdern und Investitionen in die Provinz zu locken. F\u00fcr Unternehmen ist es von entscheidender Bedeutung, diese politischen Rahmenbedingungen durch Marktforschung in Neufundland und Labrador zu verstehen, um ihre Strategien an die regionalen Wirtschaftspriorit\u00e4ten anzupassen und die verf\u00fcgbare Unterst\u00fctzung zu nutzen.<\/span><\/p>\n\n\n\n<h2 class=\"wp-block-heading\"><strong>Wie die Marktforschung von SIS International in Neufundland und Labrador Unternehmen hilft<\/strong><\/h2>\n\n\n\n<p><span style=\"font-weight: 400;\">Bei <\/span><a href=\"https:\/\/www.linkedin.com\/company\/sisinternationalresearch\/\" target=\"_blank\" rel=\"noopener\"><span style=\"font-weight: 400;\">SIS International<\/span><\/a><span style=\"font-weight: 400;\">, unser <a href=\"https:\/\/www.linkedin.com\/pulse\/how-market-research-enables-growth-ruth-stanat-phekf\/\" target=\"_blank\" rel=\"noopener\">Marktforschung<\/a> in Neufundland und Labrador wurde entwickelt, um Unternehmen die Erkenntnisse zu vermitteln, die sie ben\u00f6tigen, um in dieser einzigartigen Region erfolgreich zu sein. Unser umfassender Ansatz hilft Unternehmen, die Komplexit\u00e4t des Marktes zu meistern, indem er datengesteuerte Strategien bereitstellt, die die strategische Planung und die betriebliche Effizienz verbessern.<\/span><\/p>\n\n\n\n<p><b>Verbesserte strategische Planung:<\/b><span style=\"font-weight: 400;\">&nbsp;<\/span><\/p>\n\n\n\n<p><span style=\"font-weight: 400;\">Wir versorgen Unternehmen mit wichtigen Informationen zu Markttrends, Verbraucherverhalten und Wettbewerbsumfeldern, sodass sie fundierte Entscheidungen treffen k\u00f6nnen, die dem besonderen wirtschaftlichen Umfeld von Neufundland und Labrador entsprechen.&nbsp;<\/span><\/p>\n\n\n\n<p><b>H\u00f6here Ums\u00e4tze und verbesserter ROI:<\/b><span style=\"font-weight: 400;\">&nbsp;<\/span><\/p>\n\n\n\n<p><span style=\"font-weight: 400;\">Durch die Identifizierung von Wachstumschancen und die Optimierung von Markteintrittsstrategien hilft unsere Forschung Unternehmen dabei, die richtigen Zielgruppen anzusprechen und ihr Produkt- oder Dienstleistungsangebot zu verfeinern. Dieser zielgerichtete Ansatz f\u00fchrt zu h\u00f6heren Ums\u00e4tzen und einer maximalen Kapitalrendite und verschafft Unternehmen einen Wettbewerbsvorteil auf dem sich entwickelnden Markt von Neufundland und Labrador.<\/span><\/p>\n\n\n\n<p><b>Risikominderung und verbesserte Marketingeffizienz:<\/b><span style=\"font-weight: 400;\">&nbsp;<\/span><\/p>\n\n\n\n<p><span style=\"font-weight: 400;\">Unsere Forschung zeigt potenzielle Risiken auf, von regulatorischen \u00c4nderungen bis hin zu wirtschaftlichen Ver\u00e4nderungen, und erm\u00f6glicht es Unternehmen, Herausforderungen proaktiv zu bew\u00e4ltigen. Wir helfen auch bei der Optimierung von Marketingstrategien, indem wir die effektivsten Kan\u00e4le und Botschaften ermitteln und sicherstellen, dass Unternehmen ihre Zielgruppen effizient und effektiv erreichen.<\/span><\/p>\n\n\n\n<p><b>Beschleunigtes Wachstum und Innovation:<\/b><span style=\"font-weight: 400;\">&nbsp;<\/span><\/p>\n\n\n\n<p><span style=\"font-weight: 400;\">Die Marktforschung von SIS International unterst\u00fctzt Innovationen, indem sie aufkommende Trends und Verbraucherbed\u00fcrfnisse aufdeckt und so die Entwicklung neuer Produkte und die Markterweiterung f\u00f6rdert. Ob es um erneuerbare Energien, Technologie oder Tourismus geht, unsere Erkenntnisse helfen Unternehmen, das Wachstum in der dynamischen Marktlandschaft von Neufundland und Labrador zu beschleunigen.<\/span><\/p>\n\n\n\n<h2 class=\"wp-block-heading\"><strong>\u00dcber SIS International<\/strong><\/h2>\n\n\n\n<p><a href=\"https:\/\/www.sisinternational.com\/de\/\"><span style=\"font-weight: 400;\">SIS International<\/span><\/a><span style=\"font-weight: 400;\"> bietet quantitative, qualitative und strategische Forschung an. Wir liefern Daten, Tools, Strategien, Berichte und Erkenntnisse zur Entscheidungsfindung. Wir f\u00fchren auch Interviews, Umfragen, Fokusgruppen und andere Methoden und Ans\u00e4tze der Marktforschung durch.<\/span><a href=\"https:\/\/www.sisinternational.com\/de\/uber-sis-international-research\/contact-sis-international-market-research\/\"><span style=\"font-weight: 400;\"> Kontakt<\/span><\/a><span style=\"font-weight: 400;\"> f\u00fcr Ihr n\u00e4chstes Marktforschungsprojekt.<\/span><\/p>\n\n\n\n<p><\/p>","protected":false},"excerpt":{"rendered":"<p>Market Research in Newfoundland and Labrador Exploring the landscape of market research in Newfoundland and Labrador reveals a province filled with unique opportunities and complex challenges. Understanding the nuances of market research in Newfoundland and Labrador can offer a significant competitive advantage. It equips companies with the data necessary to thrive in this resource-rich yet &#8230; <a title=\"Marktforschung in Neufundland und Labrador\" class=\"read-more\" href=\"https:\/\/www.sisinternational.com\/de\/abdeckung\/north-america\/marktforschung-kanada\/marktforschung-neufundland-und-labrador\/\" aria-label=\"Mehr Informationen \u00fcber Marktforschung in Neufundland und Labrador\">Weiterlesen \u2026<\/a><\/p>","protected":false},"author":1,"featured_media":65319,"parent":16507,"menu_order":4,"comment_status":"closed","ping_status":"closed","template":"","meta":{"footnotes":""},"class_list":["post-39169","page","type-page","status-publish","has-post-thumbnail"],"_links":{"self":[{"href":"https:\/\/www.sisinternational.com\/de\/wp-json\/wp\/v2\/pages\/39169","targetHints":{"allow":["GET"]}}],"collection":[{"href":"https:\/\/www.sisinternational.com\/de\/wp-json\/wp\/v2\/pages"}],"about":[{"href":"https:\/\/www.sisinternational.com\/de\/wp-json\/wp\/v2\/types\/page"}],"author":[{"embeddable":true,"href":"https:\/\/www.sisinternational.com\/de\/wp-json\/wp\/v2\/users\/1"}],"replies":[{"embeddable":true,"href":"https:\/\/www.sisinternational.com\/de\/wp-json\/wp\/v2\/comments?post=39169"}],"version-history":[{"count":6,"href":"https:\/\/www.sisinternational.com\/de\/wp-json\/wp\/v2\/pages\/39169\/revisions"}],"predecessor-version":[{"id":77964,"href":"https:\/\/www.sisinternational.com\/de\/wp-json\/wp\/v2\/pages\/39169\/revisions\/77964"}],"up":[{"embeddable":true,"href":"https:\/\/www.sisinternational.com\/de\/wp-json\/wp\/v2\/pages\/16507"}],"wp:featuredmedia":[{"embeddable":true,"href":"https:\/\/www.sisinternational.com\/de\/wp-json\/wp\/v2\/media\/65319"}],"wp:attachment":[{"href":"https:\/\/www.sisinternational.com\/de\/wp-json\/wp\/v2\/media?parent=39169"}],"curies":[{"name":"wp","href":"https:\/\/api.w.org\/{rel}","templated":true}]}}