{"id":39120,"date":"2021-10-21T04:03:03","date_gmt":"2021-10-21T04:03:03","guid":{"rendered":"https:\/\/www.sisinternational.com\/?page_id=39120"},"modified":"2025-09-14T22:34:39","modified_gmt":"2025-09-15T02:34:39","slug":"psychografische-marktforschung","status":"publish","type":"page","link":"https:\/\/www.sisinternational.com\/de\/losungen\/qualitative-quantitative-forschungslosungen\/psychografische-marktforschung\/","title":{"rendered":"Psychografische Marktforschung"},"content":{"rendered":"<h1 class=\"wp-block-heading\">Psychografische Marktforschung<\/h1>\n\n\n\n<figure class=\"gb-block-image gb-block-image-b944f77d\"><img loading=\"lazy\" decoding=\"async\" width=\"1456\" height=\"816\" class=\"gb-image gb-image-b944f77d\" src=\"https:\/\/www.sisinternational.com\/wp-content\/uploads\/2025\/08\/Non-profit-8-1.jpg\" alt=\"SIS International Marktforschung &amp; Strategie\" title=\"Non profit (8)\" srcset=\"https:\/\/www.sisinternational.com\/wp-content\/uploads\/2025\/08\/Non-profit-8-1.jpg 1456w, https:\/\/www.sisinternational.com\/wp-content\/uploads\/2025\/08\/Non-profit-8-1-300x168.jpg 300w, https:\/\/www.sisinternational.com\/wp-content\/uploads\/2025\/08\/Non-profit-8-1-1024x574.jpg 1024w, https:\/\/www.sisinternational.com\/wp-content\/uploads\/2025\/08\/Non-profit-8-1-768x430.jpg 768w, https:\/\/www.sisinternational.com\/wp-content\/uploads\/2025\/08\/Non-profit-8-1-18x10.jpg 18w\" sizes=\"auto, (max-width: 1456px) 100vw, 1456px\"><\/figure>\n\n\n\n<hr class=\"wp-block-separator has-alpha-channel-opacity is-style-dots\"\/>\n\n\n\n<h2 class=\"wp-block-heading\">\u00dcber Psychographics<\/h2>\n\n\n\n<p>Psychografik ist eine der vier Arten der Segmentierung. Dabei handelt es sich auch um die Untersuchung der Verbraucher anhand ihrer mentalen Eigenschaften. Die Psychografik erkl\u00e4rt, \u201ewarum\u201c Verbraucher Ihr Produkt kaufen. Dabei werden Fragen auf der Grundlage von Interessen, Werten, Lebensstil, Einkommen und \u00dcberzeugungen gestellt.<\/p>\n\n\n\n<p><strong>Diese Art der Marktforschung hat f\u00fcnf Variablen:<\/strong><\/p>\n\n\n\n<ol class=\"wp-block-list\">\n<li>Pers\u00f6nlichkeit<\/li>\n\n\n\n<li>Lebensstil<\/li>\n\n\n\n<li>Sozialer Status<\/li>\n\n\n\n<li>AIO (Aktivit\u00e4ten, Interessen, Meinungen)<\/li>\n\n\n\n<li>Attit\u00fcde<\/li>\n<\/ol>\n\n\n\n<p>Bei der Demografie geht es darum, \u201ewer\u201c der Kunde ist. Dazu m\u00fcssen Daten zu Alter, Geschlecht, ethnischer Zugeh\u00f6rigkeit, Beruf und Ausbildung ermittelt werden.<\/p>\n\n\n\n<p>Demographics and Psychographics work together to create a perfect consumer profile. The business can now use this profile to format new product ideas. Those ideas are in line with what the consumer desires.<\/p>\n\n\n\n<h2 class=\"wp-block-heading\">Warum ist es wichtig?<\/h2>\n\n\n\n<p>The success of a business lies in its ability to provide the best services to customers. You can only offer the <a href=\"https:\/\/www.linkedin.com\/company\/sisinternationalresearch\" target=\"_blank\" rel=\"noopener\">best services<\/a> if you know the customers you are marketing to. It also helps narrow the customer outlook. Doing so makes it easier to target those who are likely to buy your products and services.<\/p>\n\n\n\n<p>Es erleichtert die Verwaltung von Ressourcen. Wenn Sie die Bed\u00fcrfnisse der Verbraucher verstehen, sparen Sie Ressourcen. Sie k\u00f6nnen dann pr\u00e4zisere Produkte entwickeln. Sie sparen auch Geld bei Markenkampagnen, wenn Sie eine Zielgruppe ansprechen.<\/p>\n\n\n\n<p>Psychografik ist in vielen Unternehmen anwendbar. Sie ist auch f\u00fcr Kunden hilfreich. Indem Sie ihre Interessen und Abneigungen kennen, k\u00f6nnen Sie Produkte ablehnen und auf den Markt bringen und so Interesse an dem Unternehmen wecken. Niemand w\u00fcrde ein Produkt suchen, das nicht auf ihn zugeschnitten ist.<\/p>\n\n\n\n<p>Psychographic segmentation is qualitative. Yet, because each customer has a broad range of AIOs, the information is better understood. When the company understands its buyers, it can improve its products. Seth Godin once said, \u201cDon\u2019t find customers for your products; find products for your customers.\u201d By increasing the value of your products, you keep customers coming back.<\/p>\n\n\n\n<h2 class=\"wp-block-heading\">Wichtige Berufsbezeichnungen<\/h2>\n\n\n\n<h4 class=\"wp-block-heading\">Marketingleiter<\/h4>\n\n\n\n<p>The Marketing Director is responsible for developing brands and customer personas. They also test different channels to optimize the customer experience and gather extensive demographic and psychographic data to do so.<\/p>\n\n\n\n<h4 class=\"wp-block-heading\">Kundensegmentmanager<\/h4>\n\n\n\n<p>This person organizes all customer research groups. They must develop products that match customer profiles and transfer information for promoting goods to the marketing teams.<\/p>\n\n\n\n<h2 class=\"wp-block-heading\">Schl\u00fcsselfaktoren f\u00fcr den Erfolg<\/h2>\n\n\n\n<p>Soziale Medien sind ein entscheidender Faktor in der Psychografik. Der beste Weg, das \u201eWarum\u201c herauszufinden, besteht darin, nach dem \u201eWarum\u201c zu fragen. Sie k\u00f6nnen Kunden in Form von Online-Umfragen dazu auffordern, ihre Gr\u00fcnde f\u00fcr den Kauf Ihrer Produkte anzugeben. Das ist eine gro\u00dfartige M\u00f6glichkeit, Ihre Dienstleistungen zu verbessern.<\/p>\n\n\n\n<p>Gutes Marketing ist ebenfalls ein entscheidender Erfolgsfaktor. Das Unternehmen muss in der Lage sein, alle psychografischen Daten zusammenzufassen. Auf diese Weise kann es auf die Bed\u00fcrfnisse seiner Kunden eingehen. All dies k\u00f6nnen Sie durch gezielte Werbung erreichen. Der Erfolg dieser Art von Forschung h\u00e4ngt auch vom Umsatz ab.<\/p>\n\n\n\n<h2 class=\"wp-block-heading\">Warum Unternehmen Psychografik brauchen<\/h2>\n\n\n\n<p><\/p>\n\n\n\n<figure class=\"gb-block-image gb-block-image-e1789400\"><img loading=\"lazy\" decoding=\"async\" width=\"1456\" height=\"816\" class=\"gb-image gb-image-e1789400\" src=\"https:\/\/www.sisinternational.com\/wp-content\/uploads\/2025\/08\/Business-17.jpg\" alt=\"SIS International Marktforschung &amp; Strategie\" title=\"Business (17)\" srcset=\"https:\/\/www.sisinternational.com\/wp-content\/uploads\/2025\/08\/Business-17.jpg 1456w, https:\/\/www.sisinternational.com\/wp-content\/uploads\/2025\/08\/Business-17-300x168.jpg 300w, https:\/\/www.sisinternational.com\/wp-content\/uploads\/2025\/08\/Business-17-1024x574.jpg 1024w, https:\/\/www.sisinternational.com\/wp-content\/uploads\/2025\/08\/Business-17-768x430.jpg 768w, https:\/\/www.sisinternational.com\/wp-content\/uploads\/2025\/08\/Business-17-18x10.jpg 18w\" sizes=\"auto, (max-width: 1456px) 100vw, 1456px\"><\/figure>\n\n\n\n<p><\/p>\n\n\n\n<p>Die Verwendung psychografischer Daten ist eine kreative Methode, um Ihre Kunden besser zu verstehen. Kunden sind die Basis Ihres Unternehmens. Ohne sie ist ein Misserfolg vorprogrammiert. Ihre Kunden zu kennen geht weit \u00fcber demografische Daten hinaus. Sie m\u00fcssen auch verstehen, wie ihr Verstand funktioniert. Sie m\u00fcssen wissen, warum sie die Entscheidungen treffen, die sie treffen. Auf diese Weise k\u00f6nnen Sie daf\u00fcr sorgen, dass Ihr Unternehmen und Ihre Produkte f\u00fcr sie arbeiten.<\/p>\n\n\n\n<p>Es hilft, bestimmte Verbraucher anzusprechen: diejenigen, die wahrscheinlich bei Ihnen kaufen w\u00fcrden. Ein Beispiel hierf\u00fcr ist ein Kerzenherstellungsunternehmen. Eine demografische Umfrage zeigt, \u201ewer\u201c Ihre Kunden sind. Die meisten Ihrer K\u00e4ufer sind Frauen im Alter von 17 bis 26 Jahren. Diese Information ist zwar relevant, reicht aber nicht aus.<\/p>\n\n\n\n<p>Sie sollten wissen, warum sie bei Ihnen kaufen, ob wegen des Preises, des Produkts oder des Anlasses. Werden sie diese Kerzen als Dekoration, als Geschenk oder f\u00fcr sich selbst verwenden? All diese Fragen werden durch die Psychografik beantwortet. Sie haben nun eine ganzheitliche Sicht und ein Bild Ihres Kunden und seiner Meinung. So k\u00f6nnen Sie Ihre Produkte besser auf eine bestimmte Gruppe ausrichten. Sie k\u00f6nnen sogar neue Produkte entwickeln, die wiederum zu mehr Umsatz f\u00fchren.<\/p>\n\n\n\n<p>Wir haben gesehen, wie wichtig dieses Tool ist, um herauszufinden, warum Kunden Ihre Produkte kaufen. Es hilft Ihrem Unternehmen auch dabei, eine starke Benutzerpers\u00f6nlichkeit zu erstellen. Eine solche Persona hilft dabei, die richtige Botschaft an ausgew\u00e4hlte Personen zu senden. Das Unternehmen w\u00fcrde nun die Rolle des K\u00e4ufers \u00fcbernehmen. Sie k\u00f6nnen nun fragen, was sie von dem Unternehmen und seinen Produkten m\u00f6chten.<\/p>\n\n\n\n<p>Wenn Sie die Bed\u00fcrfnisse Ihrer Kunden in Bezug auf Produkte erf\u00fcllen, st\u00e4rkt dies auch die Markentreue. Sie geben Ihren Kunden das Gef\u00fchl, dass Sie sie kennen. Au\u00dferdem f\u00fchlen sie sich dadurch besonders. Indem Sie ihre Bed\u00fcrfnisse in Bezug auf Produkte erf\u00fcllen, erwecken Sie auch ihre Loyalit\u00e4t gegen\u00fcber Ihrer Marke.<\/p>\n\n\n\n<h2 class=\"wp-block-heading\">\u00dcber Psychographic Market Research<\/h2>\n\n\n\n<p>Psychographics is a unique form of <a class=\"wpil_keyword_link\" href=\"https:\/\/www.sisinternational.com\/de\/losungen\/verbrauchermarktforschung\/\" title=\"Consumer Market Research Services for Smarter Business Decisions\" data-wpil-keyword-link=\"linked\" data-wpil-monitor-id=\"418\">Verbrauchermarktforschung<\/a>. Companies gather data through Focus Groups, Interviews, and Surveys. The data collected is a form of Qualitative Research, whereas demographics are Quantitative. Strategy Research is also important in making advertising plans. Thus, psychographics is excellent for consumer research.<\/p>\n\n\n\n<h2 class=\"wp-block-heading\">Unser Standort in New York<\/h2>\n\n\n\n<p>\n\n\n\n<iframe loading=\"lazy\" src=\"https:\/\/www.google.com\/maps\/embed?pb=!1m18!1m12!1m3!1d3022.976188376966!2d-73.99130312499956!3d40.740549471389315!2m3!1f0!2f0!3f0!3m2!1i1024!2i768!4f13.1!3m3!1m2!1s0x89c259a15798c731%3A0xd695d09bdd495f25!2s11%20E%2022nd%20St%20FL%202%2C%20New%20York%2C%20NY%2010010%2C%20USA!5e0!3m2!1sen!2spe!4v1726171763526!5m2!1sen!2spe\" width=\"600\" height=\"450\" allowfullscreen=\"allowfullscreen\" data-mce-fragment=\"1\"><\/iframe>\n\n\n\n<\/p>\n\n\n\n<h3 class=\"wp-block-heading\">11 E 22nd Street, Floor 2, New York, NY 10010 T: +1(212) 505-6805<\/h3>\n\n\n\n<hr class=\"wp-block-separator has-alpha-channel-opacity\"\/>\n\n\n\n<h2 class=\"wp-block-heading\"><span style=\"font-weight: 400;\">\u00dcber SIS International<\/span><\/h2>\n\n\n\n<p><a href=\"https:\/\/www.sisinternational.com\/de\/\"><span style=\"font-weight: 400;\">SIS International<\/span><\/a><span style=\"font-weight: 400;\"> bietet quantitative, qualitative und strategische Forschung an. Wir liefern Daten, Tools, Strategien, Berichte und Erkenntnisse zur Entscheidungsfindung. Wir f\u00fchren auch Interviews, Umfragen, Fokusgruppen und andere Methoden und Ans\u00e4tze der Marktforschung durch.<\/span><a href=\"https:\/\/www.sisinternational.com\/de\/uber-sis-international-research\/contact-sis-international-market-research\/\"><span style=\"font-weight: 400;\"> Kontakt<\/span><\/a><span style=\"font-weight: 400;\"> f\u00fcr Ihr n\u00e4chstes Marktforschungsprojekt.<\/span><\/p>\n\n\n\n<p><\/p>","protected":false},"excerpt":{"rendered":"<p>Erweitern Sie Ihr Gesch\u00e4ft mit der Marktforschung von Psychographics.<\/p>","protected":false},"author":1,"featured_media":62999,"parent":14660,"menu_order":22,"comment_status":"closed","ping_status":"closed","template":"","meta":{"footnotes":""},"class_list":["post-39120","page","type-page","status-publish","has-post-thumbnail"],"_links":{"self":[{"href":"https:\/\/www.sisinternational.com\/de\/wp-json\/wp\/v2\/pages\/39120","targetHints":{"allow":["GET"]}}],"collection":[{"href":"https:\/\/www.sisinternational.com\/de\/wp-json\/wp\/v2\/pages"}],"about":[{"href":"https:\/\/www.sisinternational.com\/de\/wp-json\/wp\/v2\/types\/page"}],"author":[{"embeddable":true,"href":"https:\/\/www.sisinternational.com\/de\/wp-json\/wp\/v2\/users\/1"}],"replies":[{"embeddable":true,"href":"https:\/\/www.sisinternational.com\/de\/wp-json\/wp\/v2\/comments?post=39120"}],"version-history":[{"count":10,"href":"https:\/\/www.sisinternational.com\/de\/wp-json\/wp\/v2\/pages\/39120\/revisions"}],"predecessor-version":[{"id":74915,"href":"https:\/\/www.sisinternational.com\/de\/wp-json\/wp\/v2\/pages\/39120\/revisions\/74915"}],"up":[{"embeddable":true,"href":"https:\/\/www.sisinternational.com\/de\/wp-json\/wp\/v2\/pages\/14660"}],"wp:featuredmedia":[{"embeddable":true,"href":"https:\/\/www.sisinternational.com\/de\/wp-json\/wp\/v2\/media\/62999"}],"wp:attachment":[{"href":"https:\/\/www.sisinternational.com\/de\/wp-json\/wp\/v2\/media?parent=39120"}],"curies":[{"name":"wp","href":"https:\/\/api.w.org\/{rel}","templated":true}]}}