{"id":39116,"date":"2021-10-21T03:34:48","date_gmt":"2021-10-21T03:34:48","guid":{"rendered":"https:\/\/www.sisinternational.com\/?page_id=39116"},"modified":"2026-01-25T17:17:30","modified_gmt":"2026-01-25T22:17:30","slug":"marktforschung-fur-die-schwerindustrie-2","status":"publish","type":"page","link":"https:\/\/www.sisinternational.com\/de\/sachverstand\/marktforschung-fur-die-schwerindustrie-2\/","title":{"rendered":"Marktforschung f\u00fcr die Schwerindustrie"},"content":{"rendered":"<h1 class=\"wp-block-heading\">Marktforschung f\u00fcr die Schwerindustrie<\/h1>\n\n\n\n<figure class=\"gb-block-image gb-block-image-405d5ad1\"><img loading=\"lazy\" decoding=\"async\" width=\"1456\" height=\"816\" class=\"gb-image gb-image-405d5ad1\" src=\"https:\/\/www.sisinternational.com\/wp-content\/uploads\/2025\/08\/Heavy-machinery-6.jpg\" alt=\"SIS International Marktforschung &amp; Strategie\" title=\"Heavy machinery (6)\" srcset=\"https:\/\/www.sisinternational.com\/wp-content\/uploads\/2025\/08\/Heavy-machinery-6.jpg 1456w, https:\/\/www.sisinternational.com\/wp-content\/uploads\/2025\/08\/Heavy-machinery-6-300x168.jpg 300w, https:\/\/www.sisinternational.com\/wp-content\/uploads\/2025\/08\/Heavy-machinery-6-1024x574.jpg 1024w, https:\/\/www.sisinternational.com\/wp-content\/uploads\/2025\/08\/Heavy-machinery-6-768x430.jpg 768w, https:\/\/www.sisinternational.com\/wp-content\/uploads\/2025\/08\/Heavy-machinery-6-18x10.jpg 18w\" sizes=\"auto, (max-width: 1456px) 100vw, 1456px\"><\/figure>\n\n\n\n<p><\/p>\n\n\n\n<h2 class=\"wp-block-heading\">Was ist Marktforschung in der Schwerindustrie?<\/h2>\n\n\n\n<p>Die Schwerindustrie konzentriert sich weniger auf den Verbraucher als die Leichtindustrie. Sie verbraucht jedoch viel mehr Kapital. Au\u00dferdem werden h\u00e4ufig Rohstoffe abgebaut und zur Herstellung von Waren verwendet. Die Schwerindustrie hat daher einen erheblichen Einfluss auf mehrere Branchen.<\/p>\n\n\n\n<p>Beispiele f\u00fcr die Schwerindustrie sind:<\/p>\n\n\n\n<ul class=\"wp-block-list\">\n<li>Schiffbau<\/li>\n\n\n\n<li>Werkzeugmaschinenbau<\/li>\n\n\n\n<li>Stahlproduktion<\/li>\n\n\n\n<li>Bergbau<\/li>\n\n\n\n<li>Chemikalien<\/li>\n<\/ul>\n\n\n\n<p>Zur Schwerindustrie geh\u00f6rt auch die Herstellung von Ger\u00e4ten f\u00fcr die Landwirtschaft und das Baugewerbe.<\/p>\n\n\n\n<p>Einer der wichtigsten Markttreiber in diesem Sektor ist der weltweite Anstieg der Bauausgaben. Neue Produkte im Schwerindustriesektor zu entwickeln, erfordert jedoch enorme Kapitalausgaben. Daher k\u00f6nnen kleine Unternehmen in diesem Sektor nur Spezialmaschinen herstellen.<\/p>\n\n\n\n<h2 class=\"wp-block-heading\">Warum ist Marktforschung in der Schwerindustrie wichtig?<\/h2>\n\n\n\n<p>In all industries and sectors, Market Research is essential. It is vital in the Heavy Industry industry, where the effects of making misinformed decisions can be severe. At times, such decisions can be nothing short of disastrous. Market Research is vital for entering new markets as well as acquiring other businesses. It\u2019s also needed for major new product launches. Here are four reasons why <a href=\"https:\/\/www.sisinternational.com\/de\/marktforschung-im-bildungssektor-2\/\" title=\"Marktforschung f\u00fcr die Bildungsbranche\"  data-wpil-monitor-id=\"1818\">Market Research benefits Heavy Industry<\/a>:<\/p>\n\n\n\n<p>1. Es hilft den Akteuren der Branche, prim\u00e4re Erkenntnisse zu gewinnen. Tats\u00e4chlich ist es selten, solche Erkenntnisse aus sekund\u00e4ren Quellen zu erhalten.<\/p>\n\n\n\n<p>2. Es hilft Herstellern von Produkten der Schwerindustrie, K\u00e4uferpers\u00f6nlichkeiten zu identifizieren.<\/p>\n\n\n\n<p>3. Es hilft ihnen, Inhalte und Methoden zu identifizieren, die sie relevant halten.<\/p>\n\n\n\n<p>4. Es hilft ihnen, Risiken zu reduzieren.<\/p>\n\n\n\n<h2 class=\"wp-block-heading\">Wichtige Berufsbezeichnungen<\/h2>\n\n\n\n<h3 class=\"wp-block-heading\">Die wichtigsten Berufsbezeichnungen in der Schwerindustrie sind die folgenden:<\/h3>\n\n\n\n<ul class=\"wp-block-list\">\n<li><strong>Monteur: <\/strong>Ein Monteur baut Schwerindustrieausr\u00fcstung zusammen. Er oder sie montiert die verschiedenen Teile eines Produkts, um es funktionsf\u00e4hig zu machen.<\/li>\n\n\n\n<li><strong>Bediener\/Maschinist: <\/strong>Bediener und Maschinisten sind Experten im Umgang mit Maschinen. Bediener\/Maschinisten sollten auch gut darin sein, Maschinenst\u00f6rungen zu beheben. Die meisten Bediener wissen, wie man fast jede Art von Maschine bedient. Daher sind die meisten von ihnen Experten im Maschinenbetrieb.<\/li>\n\n\n\n<li><strong>Qualit\u00e4tspr\u00fcfer: <\/strong>Ein Qualit\u00e4tspr\u00fcfer ist ein Spezialist, der \u00fcberpr\u00fcft, wie gut Maschinen funktionieren. Diese Person kann auch den Marktwert einer Maschine bestimmen. Qualit\u00e4tspr\u00fcfer kennen sich in der Regel mit allen Materialien aus, die in schweren Ger\u00e4ten verwendet werden.<\/li>\n<\/ul>\n\n\n\n<h2 class=\"wp-block-heading\">Warum Unternehmen Marktforschung in der Schwerindustrie ben\u00f6tigen<\/h2>\n\n\n\n<p>Marktforschung liefert Erkenntnisse \u00fcber den aktuellen Marktzustand. Unternehmen k\u00f6nnen sie auch nutzen, um zuk\u00fcnftige Verbraucherbed\u00fcrfnisse vorherzusagen. Verkaufszyklen in diesem Sektor sind oft lang. Marktforschung kann dabei helfen, die besten M\u00f6glichkeiten zu ermitteln, potenzielle Kunden w\u00e4hrend des gesamten Prozesses zu binden.<\/p>\n\n\n\n<p>Unternehmen mit globaler Reichweite m\u00fcssen lokale Standards einhalten. Sie m\u00fcssen in allen Phasen der Produktions- und Vertriebsprozesse auf dem Laufenden bleiben. Marktforschung kann Ihnen helfen, aufkommende Trends zu erkennen und zu verfolgen. So geben Sie weniger Geld f\u00fcr Compliance-\u00dcberraschungen aus.<\/p>\n\n\n\n<h2 class=\"wp-block-heading\">Schl\u00fcsselfaktoren f\u00fcr den Erfolg<\/h2>\n\n\n\n<p>Experten haben mehrere Faktoren herausgearbeitet, die den Akteuren dieser Branche helfen k\u00f6nnen. Diese Faktoren k\u00f6nnen ihnen helfen, auf ihren jeweiligen M\u00e4rkten wettbewerbsf\u00e4hig zu bleiben. Dazu geh\u00f6ren:<\/p>\n\n\n\n<ul class=\"wp-block-list\">\n<li><strong>Produktivit\u00e4t:<\/strong> Expansion bedeutet oft, die Produktionsleistung zu steigern, ohne die Werksgr\u00f6\u00dfe zu erh\u00f6hen. Daher m\u00fcssen sich die Akteure der Branche darauf konzentrieren, ihre Betriebsabl\u00e4ufe effizienter zu gestalten.<\/li>\n\n\n\n<li><strong>Konnektivit\u00e4t:<\/strong> Dank der Leistungsf\u00e4higkeit der KI sind heute Milliarden von Maschinen und Ger\u00e4ten mit dem Internet verbunden. Um wettbewerbsf\u00e4hig zu bleiben, m\u00fcssen die Hersteller von Schwerindustrieausr\u00fcstung ihre Systeme als Teil einer vernetzten Welt betrachten.<\/li>\n\n\n\n<li><strong>Standardisierung:<\/strong> Der Prozess der Herstellung standardkonformer Maschinen macht die Abl\u00e4ufe in der Schwerindustrie effizienter. Zum einen ist es so schneller m\u00f6glich, das Produkt auf den Markt zu bringen. Zum anderen k\u00f6nnen sich die Akteure der Branche so kontinuierlich verbessern.<\/li>\n<\/ul>\n\n\n\n<h2 class=\"wp-block-heading\">\u00dcber Heavy Industry Market Research<\/h2>\n\n\n\n<figure class=\"gb-block-image gb-block-image-5181c579\"><img loading=\"lazy\" decoding=\"async\" width=\"1456\" height=\"816\" class=\"gb-image gb-image-5181c579\" src=\"https:\/\/www.sisinternational.com\/wp-content\/uploads\/2025\/08\/Heavy-machinery-7.jpg\" alt=\"SIS International Marktforschung &amp; Strategie\" title=\"Heavy machinery (7)\" srcset=\"https:\/\/www.sisinternational.com\/wp-content\/uploads\/2025\/08\/Heavy-machinery-7.jpg 1456w, https:\/\/www.sisinternational.com\/wp-content\/uploads\/2025\/08\/Heavy-machinery-7-300x168.jpg 300w, https:\/\/www.sisinternational.com\/wp-content\/uploads\/2025\/08\/Heavy-machinery-7-1024x574.jpg 1024w, https:\/\/www.sisinternational.com\/wp-content\/uploads\/2025\/08\/Heavy-machinery-7-768x430.jpg 768w, https:\/\/www.sisinternational.com\/wp-content\/uploads\/2025\/08\/Heavy-machinery-7-18x10.jpg 18w\" sizes=\"auto, (max-width: 1456px) 100vw, 1456px\"><\/figure>\n\n\n\n<p><\/p>\n\n\n\n<p>Through the years, Heavy <a href=\"https:\/\/www.sisinternational.com\/de\/sachverstand\/branchen\/marktforschung-in-der-fotoindustrie\/\" title=\"Marktforschung f\u00fcr die Fotoindustrie\"  data-wpil-monitor-id=\"3192\">Industry Market Research<\/a> has helped the field of science. It has made room for avant-garde players in technology, manufacturing, and machinery, and it enables them to survive future risks at least.<\/p>\n\n\n\n<p>Wir f\u00fchren qualitative, quantitative und strategische Forschung durch Interviews und Umfragen durch. Wir organisieren auch Fokusgruppen, um die Marktreaktion auf Produkte zu messen.<\/p>\n\n\n\n<p>Companies need to see the importance of Heavy <a href=\"https:\/\/www.sisinternational.com\/de\/sachverstand\/branchen\/marktforschung-im-industriedesign\/\" title=\"Marktforschung f\u00fcr Industriedesign\"  data-wpil-monitor-id=\"4154\">Industry Market Research<\/a>. It takes time, money, and effort, but it builds endless potential. It also enables the makers of heavy equipment to improve their bottom line.<\/p>\n\n\n\n<p><\/p>","protected":false},"excerpt":{"rendered":"<p>Die Marktforschung f\u00fcr die Schwerindustrie hat der Wissenschaft geholfen und Avantgarde-Akteure in den Bereichen Technologie, Fertigung und Maschinenbau unterst\u00fctzt.<\/p>","protected":false},"author":1,"featured_media":63560,"parent":14514,"menu_order":81,"comment_status":"closed","ping_status":"closed","template":"","meta":{"footnotes":""},"class_list":["post-39116","page","type-page","status-publish","has-post-thumbnail"],"_links":{"self":[{"href":"https:\/\/www.sisinternational.com\/de\/wp-json\/wp\/v2\/pages\/39116","targetHints":{"allow":["GET"]}}],"collection":[{"href":"https:\/\/www.sisinternational.com\/de\/wp-json\/wp\/v2\/pages"}],"about":[{"href":"https:\/\/www.sisinternational.com\/de\/wp-json\/wp\/v2\/types\/page"}],"author":[{"embeddable":true,"href":"https:\/\/www.sisinternational.com\/de\/wp-json\/wp\/v2\/users\/1"}],"replies":[{"embeddable":true,"href":"https:\/\/www.sisinternational.com\/de\/wp-json\/wp\/v2\/comments?post=39116"}],"version-history":[{"count":6,"href":"https:\/\/www.sisinternational.com\/de\/wp-json\/wp\/v2\/pages\/39116\/revisions"}],"predecessor-version":[{"id":78263,"href":"https:\/\/www.sisinternational.com\/de\/wp-json\/wp\/v2\/pages\/39116\/revisions\/78263"}],"up":[{"embeddable":true,"href":"https:\/\/www.sisinternational.com\/de\/wp-json\/wp\/v2\/pages\/14514"}],"wp:featuredmedia":[{"embeddable":true,"href":"https:\/\/www.sisinternational.com\/de\/wp-json\/wp\/v2\/media\/63560"}],"wp:attachment":[{"href":"https:\/\/www.sisinternational.com\/de\/wp-json\/wp\/v2\/media?parent=39116"}],"curies":[{"name":"wp","href":"https:\/\/api.w.org\/{rel}","templated":true}]}}