{"id":39114,"date":"2021-10-21T03:25:35","date_gmt":"2021-10-21T03:25:35","guid":{"rendered":"https:\/\/www.sisinternational.com\/?page_id=39114"},"modified":"2025-09-14T23:19:31","modified_gmt":"2025-09-15T03:19:31","slug":"genomische-marktforschung","status":"publish","type":"page","link":"https:\/\/www.sisinternational.com\/de\/sachverstand\/genomische-marktforschung\/","title":{"rendered":"Genomik-Marktforschung"},"content":{"rendered":"<h1 class=\"wp-block-heading\">Genomik-Marktforschung<\/h1>\n\n\n\n<figure class=\"gb-block-image gb-block-image-29d616c7\"><img loading=\"lazy\" decoding=\"async\" width=\"1456\" height=\"816\" class=\"gb-image gb-image-29d616c7\" src=\"https:\/\/www.sisinternational.com\/wp-content\/uploads\/2025\/08\/DNA-genomics-genetics-5.jpg\" alt=\"SIS International Marktforschung &amp; Strategie\" title=\"DNA genomics genetics (5)\" srcset=\"https:\/\/www.sisinternational.com\/wp-content\/uploads\/2025\/08\/DNA-genomics-genetics-5.jpg 1456w, https:\/\/www.sisinternational.com\/wp-content\/uploads\/2025\/08\/DNA-genomics-genetics-5-300x168.jpg 300w, https:\/\/www.sisinternational.com\/wp-content\/uploads\/2025\/08\/DNA-genomics-genetics-5-1024x574.jpg 1024w, https:\/\/www.sisinternational.com\/wp-content\/uploads\/2025\/08\/DNA-genomics-genetics-5-768x430.jpg 768w, https:\/\/www.sisinternational.com\/wp-content\/uploads\/2025\/08\/DNA-genomics-genetics-5-18x10.jpg 18w\" sizes=\"auto, (max-width: 1456px) 100vw, 1456px\"><\/figure>\n\n\n\n<p><\/p>\n\n\n\n<h2 class=\"wp-block-heading\">Was ist Genomik?<\/h2>\n\n\n\n<p>Genomics is the study of genes and all DNA. The data genomics can help diagnose an illness. It can also determine the chance of getting a condition in later life. Also,\u00a0genomics can detect the right type of medicine needed for certain illnesses. Another great thing about this field is that it has no limits. As a matter of fact,\u00a0this type of tech can tell you your disease risk. As a result, diseases and outbreaks can be traced and cured.<\/p>\n\n\n\n<h2 class=\"wp-block-heading\">Warum ist genomische Marktforschung wichtig?<\/h2>\n\n\n\n<ul class=\"wp-block-list\">\n<li>Dabei wird Ihre gesamte genetische Ausstattung mithilfe von DNA-Sequenzierungsmethoden und Bioinformatik gescannt.<\/li>\n\n\n\n<li>It will be able to point out where genes have been tampered with. And also, why we have certain kinds of diseases and ways of curing them.<\/li>\n\n\n\n<li>Mithilfe der Genomik l\u00e4sst sich die Wahrscheinlichkeit ermitteln, bestimmte Gene zu besitzen. Auch das Risiko einer Ver\u00e4nderung in der n\u00e4chsten Generation l\u00e4sst sich damit vorhersagen.<\/li>\n<\/ul>\n\n\n\n<h2 class=\"wp-block-heading\">Wichtige Berufsbezeichnungen<\/h2>\n\n\n\n<h3 class=\"wp-block-heading\">Klinischer Genetiker<\/h3>\n\n\n\n<p>A clinical geneticist helps in giving the correct lab tests on genes. In addition, they counsel patients who are at risk of genetic health problems.<\/p>\n\n\n\n<h3 class=\"wp-block-heading\">Genetischer Berater<\/h3>\n\n\n\n<p>Genetische Berater beraten Patienten bei den Entscheidungen, die sie hinsichtlich ihrer genetischen Gesundheit treffen. Sie kombinieren ihr Wissen aus den Grundlagenwissenschaften sowie der medizinischen Genetik, um Klienten zu einer Vielzahl von Genindikationen zu beraten.<\/p>\n\n\n\n<h3 class=\"wp-block-heading\">Datenwissenschaftler<\/h3>\n\n\n\n<p>Datenwissenschaftler vergleichen Daten von Modellorganismen mit menschlichen Daten, um biomedizinische Erkenntnisse zu gewinnen. Sie interpretieren auch Sequenzen und klinische Daten. Au\u00dferdem verwenden sie Computertools und -methoden, um Daten aus genomischen Medizinstudien zu extrahieren.<\/p>\n\n\n\n<h3 class=\"wp-block-heading\">Genomforscher<\/h3>\n\n\n\n<p>Genomforscher bestimmen die Funktion von Genen und andere Fakten im Genom. Sie definieren beispielsweise die DNA-Sequenzierung und Unterschiede beim Menschen und deren Auswirkungen.<\/p>\n\n\n\n<h2 class=\"wp-block-heading\">Warum brauchen Unternehmen Marktforschung im Bereich Genomik?<\/h2>\n\n\n\n<figure class=\"gb-block-image gb-block-image-9abcbf42\"><img loading=\"lazy\" decoding=\"async\" width=\"1456\" height=\"816\" class=\"gb-image gb-image-9abcbf42\" src=\"https:\/\/www.sisinternational.com\/wp-content\/uploads\/2025\/08\/DNA-genomics-genetics-4.jpg\" alt=\"SIS International Marktforschung &amp; Strategie\" title=\"DNA genomics genetics (4)\" srcset=\"https:\/\/www.sisinternational.com\/wp-content\/uploads\/2025\/08\/DNA-genomics-genetics-4.jpg 1456w, https:\/\/www.sisinternational.com\/wp-content\/uploads\/2025\/08\/DNA-genomics-genetics-4-300x168.jpg 300w, https:\/\/www.sisinternational.com\/wp-content\/uploads\/2025\/08\/DNA-genomics-genetics-4-1024x574.jpg 1024w, https:\/\/www.sisinternational.com\/wp-content\/uploads\/2025\/08\/DNA-genomics-genetics-4-768x430.jpg 768w, https:\/\/www.sisinternational.com\/wp-content\/uploads\/2025\/08\/DNA-genomics-genetics-4-18x10.jpg 18w\" sizes=\"auto, (max-width: 1456px) 100vw, 1456px\"><\/figure>\n\n\n\n<p><\/p>\n\n\n\n<p>Genetic <a href=\"https:\/\/www.sisinternational.com\/de\/top-branchenanalyseunternehmen-in-new-york\/\" title=\"Top-Unternehmen f\u00fcr Branchenanalysen in NY\"  data-wpil-monitor-id=\"7831\">analysis can help companies<\/a> in the health and wellness sector to understand why some people get sick from certain infections. It also helps to unveil why climate factors affect some people and have little or no effect on others. For example,\u00a0some\u00a0eat healthy diets, have regular medical tests, and die of chest pains at age 40. In contrast, some people smoke, eat junk foods, and live to be 100.<\/p>\n\n\n\n<p>Further, in the US, genomics plays an effective role in getting rid of nine of the ten leading causes of death.\u00a0It helps\u00a0people to know their risk factors, and it also enables them to change their environment to suit. It also alters a genome with a unique order. In addition, it gives a high regard for what our DNA means for our health and values.<\/p>\n\n\n\n<h2 class=\"wp-block-heading\">Wichtige Erfolgsfaktoren<\/h2>\n\n\n\n<p>With genomics, clinicians get enough knowledge of genes and their environment. Moreover, the ability to read the human genome has led to many discoveries on the causes of rare disorders. After all, it is hard to deny the relief that genomics has brought to patients. Clinicians can now break down a tumor and look at it in detail, according to its mutations.&nbsp;What\u2019s more, Genomics helps in&nbsp;finding better ways to prevent disease, like preventing the onset of Type 2 diabetes. In addition, it helps how we study and treat cancer.<\/p>\n\n\n\n<h2 class=\"wp-block-heading\">Genomik-Marktforschung<\/h2>\n\n\n\n<p>Unser <a href=\"https:\/\/www.sisinternational.com\/de\/abdeckung\/marktforschung-asien\/market-research-in-china-2\/umfrage-marktforschungsunternehmen-china\/\" title=\"Umfrage Marktforschungsunternehmen in China\"  data-wpil-monitor-id=\"7833\">company does live interviews and surveys<\/a>, and we collect data about what your customers think.\u00a0We also organize focus groups, which are one of the most effective and popular <a href=\"https:\/\/www.sisinternational.com\/de\/quantitative-market-research-methods-and-techniques\/\" title=\"Quantitative Market Research Methods and Techniques\"  data-wpil-monitor-id=\"7830\">market research methods<\/a> available to gather in-depth insights. Focus groups also reveal customers\u2019 true points of view and opinions.<\/p>\n\n\n\n<p><a href=\"https:\/\/www.sisinternational.com\/de\/qualitative-research-to-enhance-customer-experience\/\" title=\"Qualitative Research to Enhance Customer Experience\"  data-wpil-monitor-id=\"7829\">Qualitative research helps us to understand customer<\/a> behavior. It also identifies reasons for product rebuying. Quantitative research, on the other hand, gives us objective data about your customers\u2019 buying habits. With strategy research, we help you save money and ensure <a href=\"https:\/\/www.sisinternational.com\/de\/predictive-analytics\/\" title=\"Predictive Analytics: Your Crystal Ball for Business Success\"  data-wpil-monitor-id=\"7832\">success for your business<\/a>.<\/p>\n\n\n\n<p><\/p>","protected":false},"excerpt":{"rendered":"<p>Mithilfe der Genomforschung k\u00f6nnen Unternehmen im Gesundheitssektor besser verstehen, warum Menschen an Infektionen erkranken und welche Auswirkungen Klimafaktoren auf den Menschen haben.<\/p>","protected":false},"author":1,"featured_media":63647,"parent":14514,"menu_order":80,"comment_status":"closed","ping_status":"closed","template":"","meta":{"footnotes":""},"class_list":["post-39114","page","type-page","status-publish","has-post-thumbnail"],"_links":{"self":[{"href":"https:\/\/www.sisinternational.com\/de\/wp-json\/wp\/v2\/pages\/39114","targetHints":{"allow":["GET"]}}],"collection":[{"href":"https:\/\/www.sisinternational.com\/de\/wp-json\/wp\/v2\/pages"}],"about":[{"href":"https:\/\/www.sisinternational.com\/de\/wp-json\/wp\/v2\/types\/page"}],"author":[{"embeddable":true,"href":"https:\/\/www.sisinternational.com\/de\/wp-json\/wp\/v2\/users\/1"}],"replies":[{"embeddable":true,"href":"https:\/\/www.sisinternational.com\/de\/wp-json\/wp\/v2\/comments?post=39114"}],"version-history":[{"count":4,"href":"https:\/\/www.sisinternational.com\/de\/wp-json\/wp\/v2\/pages\/39114\/revisions"}],"predecessor-version":[{"id":81322,"href":"https:\/\/www.sisinternational.com\/de\/wp-json\/wp\/v2\/pages\/39114\/revisions\/81322"}],"up":[{"embeddable":true,"href":"https:\/\/www.sisinternational.com\/de\/wp-json\/wp\/v2\/pages\/14514"}],"wp:featuredmedia":[{"embeddable":true,"href":"https:\/\/www.sisinternational.com\/de\/wp-json\/wp\/v2\/media\/63647"}],"wp:attachment":[{"href":"https:\/\/www.sisinternational.com\/de\/wp-json\/wp\/v2\/media?parent=39114"}],"curies":[{"name":"wp","href":"https:\/\/api.w.org\/{rel}","templated":true}]}}