{"id":39109,"date":"2021-10-21T02:28:26","date_gmt":"2021-10-21T02:28:26","guid":{"rendered":"https:\/\/www.sisinternational.com\/?page_id=39109"},"modified":"2025-09-14T23:13:32","modified_gmt":"2025-09-15T03:13:32","slug":"change-management-marktforschung","status":"publish","type":"page","link":"https:\/\/www.sisinternational.com\/de\/losungen\/strategieberatung\/change-management-marktforschung\/","title":{"rendered":"Change Management Marktforschung"},"content":{"rendered":"<h1 class=\"wp-block-heading\">Change Management Marktforschung<\/h1>\n\n\n\n<figure class=\"gb-block-image gb-block-image-005341ab\"><img loading=\"lazy\" decoding=\"async\" width=\"1456\" height=\"816\" class=\"gb-image gb-image-005341ab\" src=\"https:\/\/www.sisinternational.com\/wp-content\/uploads\/2025\/08\/Inventory-Management-4.jpg\" alt=\"SIS International Marktforschung &amp; Strategie\" title=\"Inventory Management (4)\" srcset=\"https:\/\/www.sisinternational.com\/wp-content\/uploads\/2025\/08\/Inventory-Management-4.jpg 1456w, https:\/\/www.sisinternational.com\/wp-content\/uploads\/2025\/08\/Inventory-Management-4-300x168.jpg 300w, https:\/\/www.sisinternational.com\/wp-content\/uploads\/2025\/08\/Inventory-Management-4-1024x574.jpg 1024w, https:\/\/www.sisinternational.com\/wp-content\/uploads\/2025\/08\/Inventory-Management-4-768x430.jpg 768w, https:\/\/www.sisinternational.com\/wp-content\/uploads\/2025\/08\/Inventory-Management-4-18x10.jpg 18w\" sizes=\"auto, (max-width: 1456px) 100vw, 1456px\"><\/figure>\n\n\n\n<p><\/p>\n\n\n\n<h2 class=\"wp-block-heading\">Was ist Change Management?<\/h2>\n\n\n\n<p>Ver\u00e4nderungen sind ein st\u00e4ndiger Bestandteil des Lebens eines Menschen und auch in jedem Unternehmen. Unternehmen k\u00f6nnen Ver\u00e4nderungen managen.<\/p>\n\n\n\n<p>Wir bezeichnen Change Management oft als \u201eCM\u201c. Es beschreibt bestimmte Vorgehensweisen und Methoden, die ein Unternehmen anwendet. Diese Methoden erm\u00f6glichen es einem Unternehmen, sowohl interne als auch externe Ver\u00e4nderungen herbeizuf\u00fchren. Einige Beispiele sind die Umsetzung der erforderlichen Schritte f\u00fcr Ver\u00e4nderungen. Dar\u00fcber hinaus stellt die \u00dcberwachung der Aktivit\u00e4ten vor und nach der Ver\u00e4nderung den Erfolg bei der Umsetzung des Plans sicher.<\/p>\n\n\n\n<p>St\u00f6rungen innerhalb eines Unternehmens sind an der Tagesordnung. Daher ist es wichtig, bei der Bew\u00e4ltigung der Ver\u00e4nderung strukturiert vorzugehen. Ein solcher Ansatz gew\u00e4hrleistet einen reibungslosen \u00dcbergang.<\/p>\n\n\n\n<h2 class=\"wp-block-heading\">Warum ist es wichtig?<\/h2>\n\n\n\n<p>Change Management erm\u00f6glicht es Unternehmen, bei einer Ver\u00e4nderung das gew\u00fcnschte Ergebnis zu erzielen. Es f\u00f6rdert auch die Verbesserung von Gesch\u00e4ftsprozessen. Change Management ist f\u00fcr Unternehmen von entscheidender Bedeutung, da es neue Strategien bewertet, neu gestaltet und implementiert.<\/p>\n\n\n\n<p>Change <a href=\"https:\/\/www.sisinternational.com\/de\/losungen\/sis-globales-wachstum\/globales-projektmanagement\/\" title=\"Globale Projektmanagementberatung\"  data-wpil-monitor-id=\"11181\">Management also shrinks project<\/a> overheads. Changes in projects which go unmanaged can lead to high costs. These costs may exceed budget constraints.<\/p>\n\n\n\n<p>Durch praktisches \u00c4nderungsmanagement lassen sich Probleme vorhersagen und verhindern.<\/p>\n\n\n\n<p>Auch die Risikominderung stellt einen Vorteil dar. Daher ist es \u00fcblich, Risikobewertungen durchzuf\u00fchren und Pl\u00e4ne zur Risikominderung zu erstellen.<\/p>\n\n\n\n<p>Change Management verbessert auch die Mitarbeitererfahrung und die Unternehmenskultur.<\/p>\n\n\n\n<h2 class=\"wp-block-heading\">Wichtige Berufsbezeichnungen<\/h2>\n\n\n\n<p>In general, people in <a href=\"https:\/\/www.sisinternational.com\/de\/losungen\/ai-marktforschung-und-strategieberatung\/change-management-automatisierung-kunstliche-intelligenz-beratung\/\" title=\"Change-Management-Automatisierung und KI-Beratung\"  data-wpil-monitor-id=\"7613\">Change Management jobs may consult<\/a> or have in-house positions. The changes they put in place range from systems design to business practices. There is a wide range of jobs in the field of Change Management. Some examples of critical jobs are:<\/p>\n\n\n\n<ul class=\"wp-block-list\">\n<li>Change Management Spezialist<\/li>\n\n\n\n<li>Progamm Manager<\/li>\n\n\n\n<li>Programmanalyst<\/li>\n\n\n\n<li><a href=\"https:\/\/www.sisinternational.com\/de\/losungen\/fintech-strategieberatung-forschung\/finanzdienstleistungs-change-management-marktforschungsstrategieberatung\/\" title=\"Financial Service Change Management Marktforschung und Strategieberatung\"  data-wpil-monitor-id=\"11178\">Berater f\u00fcr Change Management<\/a><\/li>\n\n\n\n<li>Leitender Ingenieur<\/li>\n\n\n\n<li>Change Management Produktverantwortlicher<\/li>\n<\/ul>\n\n\n\n<h2 class=\"wp-block-heading\">Warum Unternehmen Change Management brauchen<\/h2>\n\n\n\n<p>Ver\u00e4nderungen sind ein entscheidender Aspekt, der es Unternehmen erm\u00f6glicht, zu wachsen und sich weiterzuentwickeln. Wenn sich ein Unternehmen ver\u00e4ndert, muss daher Effizienz oberste Priorit\u00e4t haben. Change Management sorgt auf viele Arten f\u00fcr diese Effizienz, die dem Unternehmen zugutekommen. Es hilft dabei, die Menge der auftretenden Ver\u00e4nderungen zu bew\u00e4ltigen. Es bietet auch finanzielle Vorteile und Unternehmen k\u00f6nnen bessere Ergebnisse erzielen.<\/p>\n\n\n\n<p>Change Management allows a <a href=\"https:\/\/www.sisinternational.com\/de\/predictive-analytics\/\" title=\"Predictive Analytics: Your Crystal Ball for Business Success\"  data-wpil-monitor-id=\"11190\">business to stay successful<\/a> and competitive. This success comes about because it can help companies to prepare for the many changes which lie ahead.<\/p>\n\n\n\n<p>An established Change Management system in a business inspires consistency. A standard approach allows for the <a href=\"https:\/\/www.sisinternational.com\/de\/how-to-design-effective-surveys-for-quantitative-research\/\" title=\"How to Design Effective Surveys for Quantitative Research\"  data-wpil-monitor-id=\"11188\">design of more effective<\/a> Strategien.<\/p>\n\n\n\n<p>Daten deuten darauf hin, dass Change Management den ROI eines Unternehmens beeinflusst. \u00c4nderungen beim ROI sind auf viele Faktoren zur\u00fcckzuf\u00fchren. Ein Beispiel sind Mitarbeiter, die sich nicht an \u00c4nderungen halten. Nichteinhaltung kann zu geringer Produktivit\u00e4t und damit zu einem geringen ROI f\u00fchren. Change Management verhindert dies jedoch, indem es den besten Weg zur \u00c4nderung eines Unternehmens plant und schmiedet.<\/p>\n\n\n\n<h2 class=\"wp-block-heading\">Schl\u00fcsselfaktoren f\u00fcr den Erfolg<\/h2>\n\n\n\n<figure class=\"gb-block-image gb-block-image-9d575b71\"><img loading=\"lazy\" decoding=\"async\" width=\"1456\" height=\"816\" class=\"gb-image gb-image-9d575b71\" src=\"https:\/\/www.sisinternational.com\/wp-content\/uploads\/2025\/08\/Strategy-consulting-19.jpg\" alt=\"SIS International Marktforschung &amp; Strategie\" title=\"Strategy consulting (19)\" srcset=\"https:\/\/www.sisinternational.com\/wp-content\/uploads\/2025\/08\/Strategy-consulting-19.jpg 1456w, https:\/\/www.sisinternational.com\/wp-content\/uploads\/2025\/08\/Strategy-consulting-19-300x168.jpg 300w, https:\/\/www.sisinternational.com\/wp-content\/uploads\/2025\/08\/Strategy-consulting-19-1024x574.jpg 1024w, https:\/\/www.sisinternational.com\/wp-content\/uploads\/2025\/08\/Strategy-consulting-19-768x430.jpg 768w, https:\/\/www.sisinternational.com\/wp-content\/uploads\/2025\/08\/Strategy-consulting-19-18x10.jpg 18w\" sizes=\"auto, (max-width: 1456px) 100vw, 1456px\"><\/figure>\n\n\n\n<p><\/p>\n\n\n\n<p>Der Erfolg des Change Managements in einem Unternehmen h\u00e4ngt von vielen wichtigen Faktoren ab. Dazu geh\u00f6ren unter anderem:<\/p>\n\n\n\n<ul class=\"wp-block-list\">\n<li>Aktive und sichtbare Beispiele von hochrangigen Unternehmensvertretern<\/li>\n\n\n\n<li>Ein strukturierter Change-Management-Ansatz<\/li>\n\n\n\n<li>Zuweisen von Ressourcen und Finanzmitteln zum \u00c4nderungsmanagement<\/li>\n\n\n\n<li>Regelm\u00e4\u00dfige und offene Berichterstattung \u00fcber den Wandel und die Notwendigkeit des Wandels<\/li>\n\n\n\n<li>Engagement der Mitarbeiter<\/li>\n\n\n\n<li>Engagement and <a href=\"https:\/\/www.sisinternational.com\/de\/losungen\/ai-marktforschung-und-strategieberatung\/api-integrationsmanagement-marktforschung\/\" title=\"Marktforschung zum API-Integrationsmanagement\"  data-wpil-monitor-id=\"11186\">integration with project management<\/a><\/li>\n\n\n\n<li>Engagement und Unterst\u00fctzung durch das mittlere Management<\/li>\n<\/ul>\n\n\n\n<p>To summarize, proper planning and reporting are the keys to success with Change Management. Also, a business must <a href=\"https:\/\/www.sisinternational.com\/de\/losungen\/fintech-strategieberatung-forschung\/marktforschung-im-investmentmanagement\/\" title=\"Marktforschung f\u00fcr Investmentmanagement\"  data-wpil-monitor-id=\"11185\">invest in Change Management<\/a>. To do this, it has to allot enough resources to Change Management.<\/p>\n\n\n\n<h2 class=\"wp-block-heading\">\u00dcber Change Management Market Research<\/h2>\n\n\n\n<p>Quantitative, Qualitative, and <a href=\"https:\/\/www.sisinternational.com\/de\/losungen\/reise-tourismus-und-gastgewerbeberatung\/hotelmanagementunternehmen-marktforschung-strategieberatung\/\" title=\"Marktforschung und Strategieberatung f\u00fcr Hotelmanagementunternehmen\"  data-wpil-monitor-id=\"11180\">Strategy Research help companies<\/a> to achieve their goals. This research may take the form of Interviews, Surveys, or Focus Groups.<\/p>\n\n\n\n<p>For Change Management, businesses should understand its importance. They should also acknowledge its ability to guarantee success. Thus, research into this area is necessary for any growing business. Many transitions occur during the creation and operation of a new business. Adequate <a href=\"https:\/\/www.sisinternational.com\/de\/sachverstand\/branchen\/marktforschung-zum-klimawandel\/\" title=\"Marktforschung zum Klimawandel\"  data-wpil-monitor-id=\"4976\">research into a Change<\/a> Management system and Change Management experts is crucial. <a href=\"https:\/\/www.sisinternational.com\/de\/sachverstand\/lebenslaufe\/lebenslauf-mit-erfahrungen-in-der-automobilindustrie\/\" title=\"Marktforschungsunternehmen f\u00fcr die Automobilindustrie\"  data-wpil-monitor-id=\"11183\">Research ensures the company<\/a> puts resources toward Change Management and gets the best guidance.<\/p>\n\n\n\n<p><\/p>","protected":false},"excerpt":{"rendered":"<p>SIS ist ein globales Marktforschungs- und Strategieberatungsunternehmen. Erweitern Sie Ihr Gesch\u00e4ft mit Change Management-Marktforschung.<\/p>","protected":false},"author":1,"featured_media":64929,"parent":14567,"menu_order":16,"comment_status":"closed","ping_status":"closed","template":"","meta":{"footnotes":""},"class_list":["post-39109","page","type-page","status-publish","has-post-thumbnail"],"_links":{"self":[{"href":"https:\/\/www.sisinternational.com\/de\/wp-json\/wp\/v2\/pages\/39109","targetHints":{"allow":["GET"]}}],"collection":[{"href":"https:\/\/www.sisinternational.com\/de\/wp-json\/wp\/v2\/pages"}],"about":[{"href":"https:\/\/www.sisinternational.com\/de\/wp-json\/wp\/v2\/types\/page"}],"author":[{"embeddable":true,"href":"https:\/\/www.sisinternational.com\/de\/wp-json\/wp\/v2\/users\/1"}],"replies":[{"embeddable":true,"href":"https:\/\/www.sisinternational.com\/de\/wp-json\/wp\/v2\/comments?post=39109"}],"version-history":[{"count":6,"href":"https:\/\/www.sisinternational.com\/de\/wp-json\/wp\/v2\/pages\/39109\/revisions"}],"predecessor-version":[{"id":81825,"href":"https:\/\/www.sisinternational.com\/de\/wp-json\/wp\/v2\/pages\/39109\/revisions\/81825"}],"up":[{"embeddable":true,"href":"https:\/\/www.sisinternational.com\/de\/wp-json\/wp\/v2\/pages\/14567"}],"wp:featuredmedia":[{"embeddable":true,"href":"https:\/\/www.sisinternational.com\/de\/wp-json\/wp\/v2\/media\/64929"}],"wp:attachment":[{"href":"https:\/\/www.sisinternational.com\/de\/wp-json\/wp\/v2\/media?parent=39109"}],"curies":[{"name":"wp","href":"https:\/\/api.w.org\/{rel}","templated":true}]}}