{"id":39103,"date":"2021-10-20T19:57:53","date_gmt":"2021-10-20T19:57:53","guid":{"rendered":"https:\/\/www.sisinternational.com\/?page_id=39103"},"modified":"2026-01-25T16:37:07","modified_gmt":"2026-01-25T21:37:07","slug":"marktforschung-fur-intelligente-lautsprecher","status":"publish","type":"page","link":"https:\/\/www.sisinternational.com\/de\/sachverstand\/marktforschung-fur-intelligente-lautsprecher\/","title":{"rendered":"Marktforschung f\u00fcr intelligente Lautsprecher"},"content":{"rendered":"<h1 class=\"wp-block-heading p1\"><span class=\"s1\">Marktforschung f\u00fcr intelligente Lautsprecher<\/span><\/h1>\n\n\n\n<figure class=\"gb-block-image gb-block-image-c474ca16\"><img loading=\"lazy\" decoding=\"async\" width=\"1456\" height=\"816\" class=\"gb-image gb-image-c474ca16\" src=\"https:\/\/www.sisinternational.com\/wp-content\/uploads\/2025\/08\/Smart-speaker-8.jpg\" alt=\"SIS International Marktforschung &amp; Strategie\" title=\"Smart speaker (8)\" srcset=\"https:\/\/www.sisinternational.com\/wp-content\/uploads\/2025\/08\/Smart-speaker-8.jpg 1456w, https:\/\/www.sisinternational.com\/wp-content\/uploads\/2025\/08\/Smart-speaker-8-300x168.jpg 300w, https:\/\/www.sisinternational.com\/wp-content\/uploads\/2025\/08\/Smart-speaker-8-1024x574.jpg 1024w, https:\/\/www.sisinternational.com\/wp-content\/uploads\/2025\/08\/Smart-speaker-8-768x430.jpg 768w, https:\/\/www.sisinternational.com\/wp-content\/uploads\/2025\/08\/Smart-speaker-8-18x10.jpg 18w\" sizes=\"auto, (max-width: 1456px) 100vw, 1456px\"><\/figure>\n\n\n\n<p><\/p>\n\n\n\n<h2 class=\"wp-block-heading\">Was ist Marktforschung f\u00fcr intelligente Lautsprecher?<\/h2>\n\n\n\n<p class=\"p2\">Smart Speaker sind ein neuer Ger\u00e4tetyp mit vielen Funktionen. Sie werden haupts\u00e4chlich als Lautsprecher und f\u00fcr Sprachbefehle verwendet. Ein integrierter virtueller Assistent ist ebenfalls eine der Hauptfunktionen dieser Ger\u00e4te. Dieser Assistent kann mit dem Benutzer interagieren. Er l\u00e4sst sich einfach aktivieren, sobald der Benutzer ihm bestimmte verbale Befehle gibt.<\/p>\n\n\n\n<p class=\"p2\">Diese Lautsprecher k\u00f6nnen auch als \u201eSmart-Ger\u00e4te\u201c fungieren. Auf diese Weise k\u00f6nnen sie WLAN und Bluetooth wie andere Smart-Ger\u00e4te wie Telefone nutzen.<\/p>\n\n\n\n<h2 class=\"wp-block-heading\">Warum ist es wichtig?<\/h2>\n\n\n\n<p class=\"p2\">The field of smart speaker tech has made notable progress over the last few years. These speakers have many features that aid day-to-day life for many people. As a result, these devices have become essential.<\/p>\n\n\n\n<p class=\"p2\">Ein Anwendungsbereich ist beispielsweise die Heimautomatisierung. Dabei steuern Nutzer Dinge wie die Beleuchtung und Haushaltsger\u00e4te in ihrem Zuhause. Dazu geben sie ihrem intelligenten Lautsprecher einfache Befehle.<\/p>\n\n\n\n<p class=\"p2\">Es ist auch hilfreich f\u00fcr Heimsicherheitssysteme. Beispielsweise kann der intelligente Lautsprecher mit \u00dcberwachungskameras verbunden werden. Er kann auch die Zugangskontrolle \u00fcbernehmen. Wenn jemand an Ihre T\u00fcr klopft, ist diese Funktion n\u00fctzlich. Mit einem Befehl kann der Benutzer die Kamerasysteme sehen. So k\u00f6nnen sie der wartenden Person an einem entfernten Ort Zugang gew\u00e4hren.<\/p>\n\n\n\n<h2 class=\"wp-block-heading\">Wichtige Berufsbezeichnungen<\/h2>\n\n\n\n<p class=\"p2\">Neue Technologien auf dem Markt k\u00f6nnen zun\u00e4chst ein Risiko darstellen. Menschen, die Ger\u00e4te bedienen, aktualisieren und m\u00f6gliche Probleme beheben k\u00f6nnen, sind von entscheidender Bedeutung. Die Smart Speaker-Branche ben\u00f6tigt Softwareentwickler und Menschen mit Kenntnissen im Bereich KI. Um diese Ger\u00e4te zu verkaufen, ben\u00f6tigt die Branche au\u00dferdem Menschen mit technischen F\u00e4higkeiten und einem guten Verst\u00e4ndnis des Marktes.<\/p>\n\n\n\n<h2 class=\"wp-block-heading\">Warum Unternehmen intelligente Lautsprecher ben\u00f6tigen<\/h2>\n\n\n\n<figure class=\"gb-block-image gb-block-image-1acbf889\"><img loading=\"lazy\" decoding=\"async\" width=\"1456\" height=\"816\" class=\"gb-image gb-image-1acbf889\" src=\"https:\/\/www.sisinternational.com\/wp-content\/uploads\/2025\/08\/Smart-speaker-5.jpg\" alt=\"SIS International Marktforschung &amp; Strategie\" title=\"Smart speaker (5)\" srcset=\"https:\/\/www.sisinternational.com\/wp-content\/uploads\/2025\/08\/Smart-speaker-5.jpg 1456w, https:\/\/www.sisinternational.com\/wp-content\/uploads\/2025\/08\/Smart-speaker-5-300x168.jpg 300w, https:\/\/www.sisinternational.com\/wp-content\/uploads\/2025\/08\/Smart-speaker-5-1024x574.jpg 1024w, https:\/\/www.sisinternational.com\/wp-content\/uploads\/2025\/08\/Smart-speaker-5-768x430.jpg 768w, https:\/\/www.sisinternational.com\/wp-content\/uploads\/2025\/08\/Smart-speaker-5-18x10.jpg 18w\" sizes=\"auto, (max-width: 1456px) 100vw, 1456px\"><\/figure>\n\n\n\n<p><\/p>\n\n\n\n<p class=\"p2\">Intelligente Lautsprecher k\u00f6nnen dazu beitragen, die Effizienz eines Unternehmens zu verbessern. Sie k\u00f6nnen Mitarbeitern bei einfachen Aufgaben helfen und sogar als virtuelle pers\u00f6nliche Assistenten fungieren. Das Lesen von E-Mails oder Recherchieren w\u00e4hrend man versucht, Kaffee zuzubereiten, ist viel einfacher. Somit f\u00f6rdern diese Ger\u00e4te das Multitasking. Der Benutzer kann Aufgaben mit beiden H\u00e4nden und mit Sprachbefehlen ausf\u00fchren. Diese Funktionen sind praktisch f\u00fcr Kleinunternehmer und Freiberufler. Diese vielbesch\u00e4ftigten Menschen legen gro\u00dfen Wert auf die F\u00e4higkeit zum Multitasking. Daher ist ein intelligenter Lautsprecher sehr n\u00fctzlich.<\/p>\n\n\n\n<p class=\"p2\">Diese Ger\u00e4te k\u00f6nnen als Wecker fungieren und den Benutzern dabei helfen, ihre Zeit besser einzuteilen. Ein intelligenter Lautsprecher kann Ihnen beispielsweise mitteilen, wann Sie im Laufe des Tages bestimmte Aufgaben erledigen m\u00fcssen.<\/p>\n\n\n\n<p class=\"p2\">Ein weiterer Vorteil ist, dass sie bei der Reiseplanung unterst\u00fctzen k\u00f6nnen. So kann man mit den Ger\u00e4ten beispielsweise verf\u00fcgbare Fl\u00fcge abfragen und buchen. Einfache Sprachbefehle helfen dabei.<\/p>\n\n\n\n<p class=\"p2\">Unternehmen nutzen diese Ger\u00e4te auch zur Unterst\u00fctzung des automatisierten Kundendienstes. In diesem Bereich besteht jedoch noch Verbesserungsbedarf. Unternehmen sollten bei der Verwendung zu diesem Zweck vorsichtig sein.<\/p>\n\n\n\n<p>Schl\u00fcsselfaktoren f\u00fcr den Erfolg<\/p>\n\n\n\n<p class=\"p2\">Many factors drive the <a href=\"https:\/\/www.sisinternational.com\/de\/intelligente-gesundheit\/\" title=\"Smart Health Marktforschung\"  data-wpil-monitor-id=\"1965\">smart speaker market<\/a>. One example is the advancement of audio technology. As innovations continue to increase, consumers continue to buy new tech. The number of smart homes is also growing. This fact, plus the growth in wireless tech, creates an ideal space for smart speakers. The influx of smartphones and <a href=\"https:\/\/www.sisinternational.com\/de\/sachverstand\/branchen\/smart-city-marktforschung\/\" title=\"Smart City Marktforschung\"  data-wpil-monitor-id=\"3414\">smart devices in the market<\/a> also aids the success of smart speakers.<\/p>\n\n\n\n<h2 class=\"wp-block-heading\">\u00dcber die Marktforschung f\u00fcr intelligente Lautsprecher<\/h2>\n\n\n\n<p class=\"p2\">Quantitative, Qualitative, and Strategy Research are helpful for firms seeking to enter the <a href=\"https:\/\/www.sisinternational.com\/de\/marktforschung-fur-intelligente-mobilitat\/\" title=\"Marktforschung f\u00fcr intelligente Mobilit\u00e4t\"  data-wpil-monitor-id=\"1920\">Smart Speaker<\/a> market. This research may take the form of Interviews, Surveys, or Focus Groups.<\/p>\n\n\n\n<p class=\"p2\">MR into smart speakers provides insight into its drawbacks and benefits. For now, this technology comes at a high cost. Companies must consider these factors and assess the related risks. Factors to research include privacy and compatibility. It can help determine the ideal and cost-effective device on the market.<\/p>\n\n\n\n<p class=\"p3\">We\u2019re here to help you gather information on the <a href=\"https:\/\/www.sisinternational.com\/de\/marktforschung-fur-intelligente-fertigung\/\" title=\"Marktforschung f\u00fcr Smart Manufacturing\"  data-wpil-monitor-id=\"3625\">Smart Speaker market<\/a>. Contact us today!<\/p>\n\n\n\n<p><\/p>","protected":false},"excerpt":{"rendered":"<p>Intelligente Lautsprecher k\u00f6nnen die Effizienz eines Unternehmens steigern. Sie k\u00f6nnen Mitarbeitern bei einfachen Aufgaben helfen und sogar als virtuelle pers\u00f6nliche Assistenten fungieren.<\/p>","protected":false},"author":1,"featured_media":64585,"parent":14514,"menu_order":79,"comment_status":"closed","ping_status":"closed","template":"","meta":{"footnotes":""},"class_list":["post-39103","page","type-page","status-publish","has-post-thumbnail"],"_links":{"self":[{"href":"https:\/\/www.sisinternational.com\/de\/wp-json\/wp\/v2\/pages\/39103","targetHints":{"allow":["GET"]}}],"collection":[{"href":"https:\/\/www.sisinternational.com\/de\/wp-json\/wp\/v2\/pages"}],"about":[{"href":"https:\/\/www.sisinternational.com\/de\/wp-json\/wp\/v2\/types\/page"}],"author":[{"embeddable":true,"href":"https:\/\/www.sisinternational.com\/de\/wp-json\/wp\/v2\/users\/1"}],"replies":[{"embeddable":true,"href":"https:\/\/www.sisinternational.com\/de\/wp-json\/wp\/v2\/comments?post=39103"}],"version-history":[{"count":7,"href":"https:\/\/www.sisinternational.com\/de\/wp-json\/wp\/v2\/pages\/39103\/revisions"}],"predecessor-version":[{"id":77832,"href":"https:\/\/www.sisinternational.com\/de\/wp-json\/wp\/v2\/pages\/39103\/revisions\/77832"}],"up":[{"embeddable":true,"href":"https:\/\/www.sisinternational.com\/de\/wp-json\/wp\/v2\/pages\/14514"}],"wp:featuredmedia":[{"embeddable":true,"href":"https:\/\/www.sisinternational.com\/de\/wp-json\/wp\/v2\/media\/64585"}],"wp:attachment":[{"href":"https:\/\/www.sisinternational.com\/de\/wp-json\/wp\/v2\/media?parent=39103"}],"curies":[{"name":"wp","href":"https:\/\/api.w.org\/{rel}","templated":true}]}}