{"id":39093,"date":"2021-10-20T19:27:37","date_gmt":"2021-10-20T19:27:37","guid":{"rendered":"https:\/\/www.sisinternational.com\/?page_id=39093"},"modified":"2026-01-27T16:48:54","modified_gmt":"2026-01-27T21:48:54","slug":"halbleitermarktforschung","status":"publish","type":"page","link":"https:\/\/www.sisinternational.com\/de\/sachverstand\/halbleitermarktforschung\/","title":{"rendered":"Halbleitermarktforschung"},"content":{"rendered":"<h1 class=\"wp-block-heading p1\"><span class=\"s1\">Halbleitermarktforschung<\/span><\/h1>\n\n\n\n<figure class=\"gb-block-image gb-block-image-92194432\"><img loading=\"lazy\" decoding=\"async\" width=\"1456\" height=\"816\" class=\"gb-image gb-image-92194432\" src=\"https:\/\/www.sisinternational.com\/wp-content\/uploads\/2025\/08\/Semiconductor-6.jpg\" alt=\"SIS International Marktforschung &amp; Strategie\" title=\"Semiconductor (6)\" srcset=\"https:\/\/www.sisinternational.com\/wp-content\/uploads\/2025\/08\/Semiconductor-6.jpg 1456w, https:\/\/www.sisinternational.com\/wp-content\/uploads\/2025\/08\/Semiconductor-6-300x168.jpg 300w, https:\/\/www.sisinternational.com\/wp-content\/uploads\/2025\/08\/Semiconductor-6-1024x574.jpg 1024w, https:\/\/www.sisinternational.com\/wp-content\/uploads\/2025\/08\/Semiconductor-6-768x430.jpg 768w, https:\/\/www.sisinternational.com\/wp-content\/uploads\/2025\/08\/Semiconductor-6-18x10.jpg 18w\" sizes=\"auto, (max-width: 1456px) 100vw, 1456px\"><\/figure>\n\n\n\n<p><\/p>\n\n\n\n<h2 class=\"wp-block-heading p1\">Da die Halbleiterindustrie einem st\u00e4ndigen Wandel unterworfen ist, ist die Halbleitermarktforschung ein wesentliches Element f\u00fcr den Erfolg im globalen Elektronikgesch\u00e4ft.<\/h2>\n\n\n\n<p class=\"p1\">Aus diesem Grund m\u00fcssen Unternehmen \u00fcber neue Trends und Fortschritte auf dem Laufenden bleiben, um wettbewerbsf\u00e4hig zu bleiben.<\/p>\n\n\n\n<p class=\"p1\">Durch die Nutzung der Halbleitermarktforschung erhalten Unternehmen datengest\u00fctzte Analysen, die ihnen wertvolle Informationen f\u00fcr fundierte Entscheidungen bez\u00fcglich ihrer Produkte, Pl\u00e4ne und Investitionen liefern.<\/p>\n\n\n\n<h2 class=\"wp-block-heading\">Was ist Halbleitermarktforschung?<\/h2>\n\n\n\n<p class=\"p2\">Die Halbleitermarktforschung befasst sich mit der Frage, wie gefragt und sicher diese Substanzen sind. Die Unternehmen konkurrieren in dieser Branche gnadenlos miteinander, und Halbleiter sind derzeit sehr gefragt. Dar\u00fcber hinaus sind sie knapp und nur wenige Unternehmen stellen sie her. Dies sind einige weitere Gr\u00fcnde, warum es eine gute Investition Ihres Geldes und Ihrer Zeit sein k\u00f6nnte.<\/p>\n\n\n\n<p class=\"p1\">Die Halbleiterindustrie ist eine Schl\u00fcsselkomponente der Elektronikbranche. Halbleiter dienen als Grundstein f\u00fcr zahlreiche elektronische Ger\u00e4te und Komponenten, von Computern bis hin zu Smartphones.<\/p>\n\n\n\n<p class=\"p1\">In addition, the ever-rising demand for electronics and technology has caused the global <a href=\"https:\/\/www.sisinternational.com\/de\/sachverstand\/branchen\/marktforschung-fur-elektronische-schaltungen\/\" title=\"Marktforschung f\u00fcr elektronische Schaltungen\"  data-wpil-monitor-id=\"6917\">semiconductor<\/a> market to flourish in recent years. To remain competitive, it is vital to conduct <a href=\"https:\/\/www.sisinternational.com\/de\/welche-trends-gibt-es-in-der-marktforschungsbranche\/\" title=\"Welche Trends gibt es in der Marktforschungsbranche?\"  data-wpil-monitor-id=\"11182\">research within this industry on current trends<\/a>, customer preferences, and competitors&#8217; strategies.<\/p>\n\n\n\n<p class=\"p1\">Today, semiconductor market research is essential in this industry as it provides market sizing, segmentation, competitive analysis, and customer insights. It also keeps stakeholders informed of the latest trends that affect their decisions about product development, investments, and <a href=\"https:\/\/www.sisinternational.com\/de\/b2b-markteintrittsstrategien\/\" title=\"B2B-Markteintrittsstrategien\"  data-wpil-monitor-id=\"11177\">entry strategies into new markets<\/a>.<\/p>\n\n\n\n<h2 class=\"wp-block-heading\">Warum ist die Marktforschung im Halbleiterbereich wichtig?<\/h2>\n\n\n\n<h3 class=\"wp-block-heading p2\">Marktforschung ist wichtig. Als Investor, der dieses Produkt anbieten m\u00f6chte, m\u00fcssen Sie sein Gewinnpotenzial untersuchen.<\/h3>\n\n\n\n<p class=\"p1\">Die Halbleiterindustrie ist Vorreiter bei technologischen Innovationen und liefert wichtige Komponenten f\u00fcr eine Reihe von elektronischen Ger\u00e4ten. Unternehmen, die Halbleitermarktforschung betreiben, um neue Trends, Technologien und Dynamiken dieser Branche aufzudecken, k\u00f6nnen fundierte Entscheidungen treffen, die ihnen einen Vorsprung vor ihren Konkurrenten verschaffen und ihnen im heutigen Umfeld Erfolg sichern.<\/p>\n\n\n\n<p class=\"p2\"><strong>Einige Fragen, die Sie als Investor beantworten m\u00fcssen, sind:<\/strong><\/p>\n\n\n\n<p class=\"p2\">1. The scarcity of <a href=\"https:\/\/www.sisinternational.com\/de\/sachverstand\/lebenslaufe\/marktforschung-fur-korperpflegeprodukte\/\" title=\"Marktforschung f\u00fcr K\u00f6rperpflegeprodukte\"  data-wpil-monitor-id=\"11184\">products on the market<\/a> currently<\/p>\n\n\n\n<p class=\"p2\">2. Wie gefragt ist das Produkt?<\/p>\n\n\n\n<p class=\"p2\">3. Gibt es eine g\u00fcnstigere Alternative f\u00fcr das Produkt, das Sie kaufen m\u00f6chten?<\/p>\n\n\n\n<p class=\"p2\">4. Ist es besser als eine g\u00fcnstigere Option?<\/p>\n\n\n\n<p class=\"p2\">5. Kann es sich Ihr Zielmarkt leisten?<\/p>\n\n\n\n<p class=\"p2\">6. Wer ist Ihr Zielmarkt?<\/p>\n\n\n\n<h2 class=\"wp-block-heading\">Ist das Produkt gefragt?<\/h2>\n\n\n\n<figure class=\"gb-block-image gb-block-image-986632f7\"><img loading=\"lazy\" decoding=\"async\" width=\"1456\" height=\"816\" class=\"gb-image gb-image-986632f7\" src=\"https:\/\/www.sisinternational.com\/wp-content\/uploads\/2025\/08\/Semiconductor-1.jpg\" alt=\"SIS International Marktforschung &amp; Strategie\" title=\"Semiconductor (1)\" srcset=\"https:\/\/www.sisinternational.com\/wp-content\/uploads\/2025\/08\/Semiconductor-1.jpg 1456w, https:\/\/www.sisinternational.com\/wp-content\/uploads\/2025\/08\/Semiconductor-1-300x168.jpg 300w, https:\/\/www.sisinternational.com\/wp-content\/uploads\/2025\/08\/Semiconductor-1-1024x574.jpg 1024w, https:\/\/www.sisinternational.com\/wp-content\/uploads\/2025\/08\/Semiconductor-1-768x430.jpg 768w, https:\/\/www.sisinternational.com\/wp-content\/uploads\/2025\/08\/Semiconductor-1-18x10.jpg 18w\" sizes=\"auto, (max-width: 1456px) 100vw, 1456px\"><\/figure>\n\n\n\n<p><\/p>\n\n\n\n<p class=\"p2\">Wenn Sie zu diesem Produkt Marktforschung betreiben, werden Sie viele Dinge herausfinden. Sie werden zum Beispiel sehen, dass es in den letzten Jahren einen Mangel gab. Ein weiterer wichtiger Punkt ist, dass dieser Mangel zu einem Anstieg der Fahrzeugpreise gef\u00fchrt hat. Es hat also tats\u00e4chlich Auswirkungen auf die Fahrzeugnutzung, was die Frage \u201eIst das Produkt gefragt?\u201c beantworten w\u00fcrde. Fahrzeuge sind sehr gefragt.<\/p>\n\n\n\n<p class=\"p2\">Die Autoindustrie nutzt Halbleiter, weil sie bei der Gang- und Kraftstoffsteuerung helfen. Sie sind auch f\u00fcr die Funktion von Internetverbindungen und Kamerasensoren in Fahrzeugen von entscheidender Bedeutung.<\/p>\n\n\n\n<p class=\"p2\">Auch Strom ist sehr gefragt. Halbleiter sind daher in fast jedem Haushalt und Unternehmen sehr hilfreich. Tats\u00e4chlich haben sie die einzigartige Eigenschaft, Strom zu leiten.<\/p>\n\n\n\n<p class=\"p2\">Die Leitf\u00e4higkeit eines Halbleiters \u00e4ndert sich je nach Umgebung. Diese einzigartige F\u00e4higkeit macht ihn zum Gehirn technischer Ger\u00e4te und f\u00fchrt zu Fortschritten im Gesundheitswesen sowie in der Kommunikation. Eine weitere Verwendung dieser Materialien sind Transistoren. Ein Transistor ist ein Schaltkreis aus kleinen Halbleiterschaltern im Herzen eines Computerchips. Sie erm\u00f6glichen es den Chips, Berechnungen durchzuf\u00fchren und Programme auszuf\u00fchren. Das ist, kurz gesagt, wie wir diese Materialien zur Kommunikation nutzen.<\/p>\n\n\n\n<p class=\"p2\">Diese Art von Ressource ist f\u00fcr Gesundheitsdienstleister hilfreich. Sie erm\u00f6glicht es ihnen beispielsweise, Daten zu scannen und Krankheiten in abgelegenen Gebieten zu beobachten. Es ist also leicht zu erkennen, dass Halbleiter hilfreich sind. Ihre Alternativen laufen jedoch l\u00e4nger und funktionieren bei h\u00f6heren Temperaturen besser. Graphen und Silizium sind allesamt hervorragende Leiter, die Halbleiter ersetzen k\u00f6nnen.<\/p>\n\n\n\n<p class=\"p2\">Stellen Sie sich vor, Sie investieren, ohne zumindest die wesentlichen Details zu kennen. Das w\u00e4re ein echtes Risiko f\u00fcr einen Investor. Aus dieser Perspektive ist es leicht zu erkennen, warum Marktforschung so wichtig ist.<\/p>\n\n\n\n<h2 class=\"wp-block-heading\">Wichtige Berufsbezeichnungen<\/h2>\n\n\n\n<h3 class=\"wp-block-heading p2\">Einige Berufsbezeichnungen, die Sie in dieser Branche finden, sind die folgenden:<\/h3>\n\n\n\n<p class=\"p2\">1. Leiterplattenmonteur<\/p>\n\n\n\n<p class=\"p2\">2. Prozesstechniker<\/p>\n\n\n\n<p class=\"p2\">3. Ger\u00e4tetechniker<\/p>\n\n\n\n<p class=\"p2\">4. Au\u00dfendiensttechniker<\/p>\n\n\n\n<p class=\"p2\">5. Testtechniker<\/p>\n\n\n\n<h2 class=\"wp-block-heading\">Warum ben\u00f6tigen Unternehmen Marktforschung im Halbleiterbereich?<\/h2>\n\n\n\n<p class=\"p2\">Unternehmen ben\u00f6tigen Marktforschung im Halbleiterbereich. Sie hilft ihnen beispielsweise dabei, herauszufinden, welche Kunden sie ansprechen sollten. Dar\u00fcber hinaus ist die Kenntnis Ihres Zielmarktes ein entscheidender Aspekt eines erfolgreichen Unternehmens. Ebenso hilft Ihnen die Durchf\u00fchrung von Marktforschung dabei, den Zielmarkt Ihres Unternehmens zu ermitteln. Wenn Sie Ihren Zielmarkt kennen, wissen Sie, welche Plattform Sie f\u00fcr Ihre Werbung nutzen sollten. Durch Marktforschung erfahren Sie auch etwas \u00fcber Ihre Konkurrenten. Sie senken Ihr Marktrisiko.<\/p>\n\n\n\n<p class=\"p1\">Vorteile der Halbleitermarktforschung<\/p>\n\n\n\n<p class=\"p2\">Unternehmen, die in der Halbleiterindustrie t\u00e4tig sind, k\u00f6nnen von zahlreichen Vorteilen profitieren, beispielsweise:<\/p>\n\n\n\n<ul class=\"wp-block-list ul1\">\n<li><b>Immer einen Schritt voraus<\/b>: Marktforschung im Halbleiterbereich liefert Unternehmen wertvolle Einblicke in die sich st\u00e4ndig weiterentwickelnden Marktbedingungen, von technologischen Fortschritten bis hin zu Kundenpr\u00e4ferenzen. Diese Datenpunkte k\u00f6nnen genutzt werden, um die Produktentwicklung, Preisstrategien und Marketingbem\u00fchungen so effizient wie m\u00f6glich zu gestalten.<\/li>\n\n\n\n<li><b>Entwicklungsperspektiven erkennen<\/b>: Semiconductor market <a href=\"https:\/\/www.sisinternational.com\/de\/fmcg-markt-in-vietnam\/\" title=\"FMCG-Markt in Vietnam\"  data-wpil-monitor-id=\"7601\">Forschung<\/a> can be beneficial to businesses by providing them with the opportunity to identify growth opportunities in existing and emerging markets. With a comprehensive examination of <a href=\"https:\/\/www.sisinternational.com\/de\/sachverstand\/branchen\/marktforschung-zu-stimme-des-kunden-im-lebensmittel-und-getrankebereich\/\" title=\"Marktforschung zur Stimme des Kunden im Lebensmittel- und Getr\u00e4nkebereich\"  data-wpil-monitor-id=\"11187\">customer requirements and market<\/a> trends, companies can create new products and services that satisfy the ever-changing needs of their target audience.<\/li>\n\n\n\n<li><b>Risikominimierung<\/b>: By leveraging semiconductor market research, organizations can reduce the risks of entering a new <a href=\"https:\/\/www.sisinternational.com\/de\/losungen\/strategieberatung\/marktforschung-fur-minimal-funktionsfahige-produkte\/\" title=\"Marktforschung f\u00fcr minimal funktionsf\u00e4hige Produkte\"  data-wpil-monitor-id=\"11189\">market or launching new products<\/a>.<\/li>\n\n\n\n<li><b>Steigerung der Kundenzufriedenheit<\/b>: Durch Marktforschung im Halbleiterbereich gewinnen Unternehmen ein besseres Verst\u00e4ndnis f\u00fcr die Bed\u00fcrfnisse und W\u00fcnsche ihrer Kunden. Durch die Nutzung dieses Verst\u00e4ndnisses k\u00f6nnen sie Produktlinien und Dienstleistungen entwickeln, die die Erwartungen der Kunden besser erf\u00fcllen.<\/li>\n\n\n\n<li><b>Bessere Entscheidungsfindung<\/b>: Halbleitermarktforschung erm\u00f6glicht es Unternehmen, fundierte Entscheidungen zu Produktdesign und -entwicklung, Marketingstrategien und Preispolitiken usw. zu treffen. Mit diesem Wissen sind Unternehmen besser aufgestellt, um jede Chance zu nutzen, die sich in ihrer schnelllebigen Branche bietet.<\/li>\n<\/ul>\n\n\n\n<p class=\"p1\"><strong>Grenzen der Halbleitermarktforschung<\/strong><\/p>\n\n\n\n<ul class=\"wp-block-list ul1\">\n<li>Unternehmen in der Halbleiterindustrie z\u00f6gern aus Wettbewerbsgr\u00fcnden, genaue Daten \u00fcber ihre Produkte und Prozesse preiszugeben. Dies kann zu Einschr\u00e4nkungen f\u00fchren, wenn es um umfassende Marktforschung geht.<\/li>\n\n\n\n<li>Der Zugang zu den technischen Fachkenntnissen und Ressourcen, die f\u00fcr eine umfassende Marktforschung in der Halbleiterindustrie erforderlich sind, kann kostspielig sein, da er in der Regel die Verwendung spezifischer Tools und Datenquellen erfordert.<\/li>\n\n\n\n<li>Der Halbleitermarkt wird stark von der Weltpolitik beeinflusst. Da diese Faktoren bekannterma\u00dfen unvorhersehbar sind, k\u00f6nnen sie zu dramatischen Schwankungen sowohl beim Wachstum als auch bei der Rentabilit\u00e4t innerhalb der Branche f\u00fchren.<\/li>\n<\/ul>\n\n\n\n<h2 class=\"wp-block-heading\">Schl\u00fcsselfaktoren f\u00fcr den Erfolg<\/h2>\n\n\n\n<figure class=\"gb-block-image gb-block-image-c25db120\"><img loading=\"lazy\" decoding=\"async\" width=\"1456\" height=\"816\" class=\"gb-image gb-image-c25db120\" src=\"https:\/\/www.sisinternational.com\/wp-content\/uploads\/2025\/08\/Semiconductor-5.jpg\" alt=\"SIS International Marktforschung &amp; Strategie\" title=\"Semiconductor (5)\" srcset=\"https:\/\/www.sisinternational.com\/wp-content\/uploads\/2025\/08\/Semiconductor-5.jpg 1456w, https:\/\/www.sisinternational.com\/wp-content\/uploads\/2025\/08\/Semiconductor-5-300x168.jpg 300w, https:\/\/www.sisinternational.com\/wp-content\/uploads\/2025\/08\/Semiconductor-5-1024x574.jpg 1024w, https:\/\/www.sisinternational.com\/wp-content\/uploads\/2025\/08\/Semiconductor-5-768x430.jpg 768w, https:\/\/www.sisinternational.com\/wp-content\/uploads\/2025\/08\/Semiconductor-5-18x10.jpg 18w\" sizes=\"auto, (max-width: 1456px) 100vw, 1456px\"><\/figure>\n\n\n\n<p><\/p>\n\n\n\n<p class=\"p2\">We\u2019ve outlined some key factors to succeed and make a profit in this area. For example, there must be high hopes for the future of the business. Also, by doing research, you will know the risks. Thus, <a href=\"https:\/\/www.sisinternational.com\/de\/schlusselfaktoren-fur-den-erfolg-in-der-automobilmarktforschung\/\" title=\"Erfolgsfaktoren in der Automobilmarktforschung\"  data-wpil-monitor-id=\"11179\">research is another success factor<\/a> to keep in mind.<\/p>\n\n\n\n<h3 class=\"wp-block-heading p2\">Zu den weiteren wichtigen Erfolgsfaktoren z\u00e4hlen:<\/h3>\n\n\n\n<p>1. Finanzierung erhalten<\/p>\n\n\n\n<p>2. Verbesserung und Wachstum<\/p>\n\n\n\n<p>3. Im Budget bleiben<\/p>\n\n\n\n<p>4. Einen Konstrukteur beauftragen<\/p>\n\n\n\n<p>5. Kundenvertrauen aufbauen<\/p>\n\n\n\n<h2 class=\"wp-block-heading p1\">Zukunftsaussichten der Halbleitermarktforschung<\/h2>\n\n\n\n<p class=\"p3\">Die Halbleiterindustrie erlebt eine enorme Verschiebung der Nachfrage nach IoT-Ger\u00e4ten. Um von diesem Trend zu profitieren, entwickeln Unternehmen kleinere, schnellere und energieeffizientere Chips, die diese futuristischen Ger\u00e4te mit Strom versorgen k\u00f6nnen. Diese Entwicklung verspricht, das Wachstum des Sektors in den kommenden Jahren voranzutreiben.<\/p>\n\n\n\n<p class=\"p3\">Dar\u00fcber hinaus wird der zunehmende Einsatz k\u00fcnstlicher Intelligenz und maschinellen Lernens der Halbleiterindustrie eine Welt voller M\u00f6glichkeiten er\u00f6ffnen. Um riesige Datens\u00e4tze in Echtzeit und mit hoher Genauigkeit verarbeiten zu k\u00f6nnen, sind diese Technologien auf hochmoderne Halbleiter angewiesen. Dar\u00fcber hinaus wird erwartet, dass hochmoderne Materialien wie Galliumnitrid und Siliziumkarbid das Wachstum in diesem Sektor weiter vorantreiben werden, da sie eine bessere Leistung und Energieeffizienz als herk\u00f6mmliche Komponenten bieten.<\/p>\n\n\n\n<h2 class=\"wp-block-heading\">\u00dcber Semiconductor Market Research<\/h2>\n\n\n\n<p class=\"p2\">Are you looking to invest in Semiconductors but don\u2019t know how to go about doing Market Research? We can help with your first step of investing in this sector. <a href=\"https:\/\/www.sisinternational.com\/de\/kontaktieren-sie-sis-international-market-research\/\" title=\"Kontaktiere uns\"  data-wpil-monitor-id=\"11175\">SIS International Forschung<\/a> offers Quantitative and Qualitative Research coupled with Strategy Research. We <a href=\"https:\/\/www.sisinternational.com\/de\/losungen\/schwerpunktgruppen\/online-rekrutierung-von-fokusgruppen\/\" title=\"Online-Rekrutierung f\u00fcr Fokusgruppen\"  data-wpil-monitor-id=\"11176\">recruit Focus Groups<\/a> to gain public opinion and worries about a product. We also do Interviews and Surveys. Contact us today!<\/p>\n\n\n\n<p><\/p>","protected":false},"excerpt":{"rendered":"<p>SIS ist ein globales Marktforschungs- und Strategieberatungsunternehmen. Erweitern Sie Ihr Gesch\u00e4ft mit Halbleitermarktforschung. <\/p>","protected":false},"author":1,"featured_media":64529,"parent":14514,"menu_order":78,"comment_status":"closed","ping_status":"closed","template":"","meta":{"footnotes":""},"class_list":["post-39093","page","type-page","status-publish","has-post-thumbnail"],"_links":{"self":[{"href":"https:\/\/www.sisinternational.com\/de\/wp-json\/wp\/v2\/pages\/39093","targetHints":{"allow":["GET"]}}],"collection":[{"href":"https:\/\/www.sisinternational.com\/de\/wp-json\/wp\/v2\/pages"}],"about":[{"href":"https:\/\/www.sisinternational.com\/de\/wp-json\/wp\/v2\/types\/page"}],"author":[{"embeddable":true,"href":"https:\/\/www.sisinternational.com\/de\/wp-json\/wp\/v2\/users\/1"}],"replies":[{"embeddable":true,"href":"https:\/\/www.sisinternational.com\/de\/wp-json\/wp\/v2\/comments?post=39093"}],"version-history":[{"count":6,"href":"https:\/\/www.sisinternational.com\/de\/wp-json\/wp\/v2\/pages\/39093\/revisions"}],"predecessor-version":[{"id":81826,"href":"https:\/\/www.sisinternational.com\/de\/wp-json\/wp\/v2\/pages\/39093\/revisions\/81826"}],"up":[{"embeddable":true,"href":"https:\/\/www.sisinternational.com\/de\/wp-json\/wp\/v2\/pages\/14514"}],"wp:featuredmedia":[{"embeddable":true,"href":"https:\/\/www.sisinternational.com\/de\/wp-json\/wp\/v2\/media\/64529"}],"wp:attachment":[{"href":"https:\/\/www.sisinternational.com\/de\/wp-json\/wp\/v2\/media?parent=39093"}],"curies":[{"name":"wp","href":"https:\/\/api.w.org\/{rel}","templated":true}]}}