{"id":39077,"date":"2021-10-20T18:59:39","date_gmt":"2021-10-20T18:59:39","guid":{"rendered":"https:\/\/www.sisinternational.com\/?page_id=39077"},"modified":"2025-10-22T19:40:18","modified_gmt":"2025-10-22T23:40:18","slug":"maxdiff-analyse","status":"publish","type":"page","link":"https:\/\/www.sisinternational.com\/de\/losungen\/qualitative-quantitative-forschungslosungen\/maxdiff-analyse\/","title":{"rendered":"Maxdiff-Analyse"},"content":{"rendered":"<h1 class=\"wp-block-heading\">Maxdiff-Analyse<\/h1>\n\n\n\n<figure class=\"gb-block-image gb-block-image-fa50b16a\"><img loading=\"lazy\" decoding=\"async\" width=\"1456\" height=\"816\" class=\"gb-image gb-image-fa50b16a\" src=\"https:\/\/www.sisinternational.com\/wp-content\/uploads\/2025\/10\/analysis-analytics-research-10.jpg\" alt=\"SIS International Marktforschung &amp; Strategie\" title=\"analysis analytics research (10)\" srcset=\"https:\/\/www.sisinternational.com\/wp-content\/uploads\/2025\/10\/analysis-analytics-research-10.jpg 1456w, https:\/\/www.sisinternational.com\/wp-content\/uploads\/2025\/10\/analysis-analytics-research-10-300x168.jpg 300w, https:\/\/www.sisinternational.com\/wp-content\/uploads\/2025\/10\/analysis-analytics-research-10-1024x574.jpg 1024w, https:\/\/www.sisinternational.com\/wp-content\/uploads\/2025\/10\/analysis-analytics-research-10-768x430.jpg 768w, https:\/\/www.sisinternational.com\/wp-content\/uploads\/2025\/10\/analysis-analytics-research-10-18x10.jpg 18w\" sizes=\"auto, (max-width: 1456px) 100vw, 1456px\"><\/figure>\n\n\n\n<p><\/p>\n\n\n\n<h2 class=\"wp-block-heading p1\">Die Maxdiff-Analyse ist eine Skalierungsmethode zum Z\u00e4hlen von Umfragefeedback.<\/h2>\n\n\n\n<p class=\"p1\">It also measures preference scores and values that customers put on a list of items. The Maxdiff Analysis is very much like the Conjoint Analysis. But it is much easier to use. It\u2019s also more precise than Conjoint when it comes to analyzing essential information. This method shows participants the best and worst options in a list of items. Companies use it to see the traits that customers find most important. They can then adjust their <a href=\"https:\/\/www.sisinternational.com\/de\/losungen\/geschmackstest\/produkttestdienste-in-new-york\/\" title=\"Produkttestdienste in New York\"  data-wpil-monitor-id=\"7827\">products or services<\/a> to suit.<\/p>\n\n\n\n<h2 class=\"wp-block-heading\">Warum ist die Maxdiff-Analyse wichtig?<\/h2>\n\n\n\n<p class=\"p1\">Maxdiff analysis is a tremendous aid to researchers. They use this method to find features that suit customers\u2019 choices. <a href=\"https:\/\/www.sisinternational.com\/de\/losungen\/marktforschungsunternehmen-mit-online-umfragen\/\" title=\"Online Umfrage Sampling Marktforschungsunternehmen\"  data-wpil-monitor-id=\"7826\">Companies create surveys<\/a> to see the most chosen things by customers. Also, to know the things that will make a difference in their business.<\/p>\n\n\n\n<p class=\"p1\">Marketingabteilungen, zum Beispiel im Tourismussektor, verwenden Maxdiff h\u00e4ufig. Diese Methode kann dabei helfen, die Eigenheiten zweier Orte zu vergleichen. Sie kann dann die Entscheidungsfindung auf der Grundlage des gegebenen Budgets eingrenzen. Sie kann zum Beispiel Optionen f\u00fcr das Luxusniveau, die K\u00fcche und ob der Besucher die lokale Tierwelt sehen m\u00f6chte, anbieten. Sie k\u00f6nnen auch \u00fcber Nachtleben, Str\u00e4nde und kulturelle Aktivit\u00e4ten f\u00fcr ihre Reise entscheiden. Von dort aus k\u00f6nnen sie die Optionen vergleichen und eine ausw\u00e4hlen.<\/p>\n\n\n\n<h2 class=\"wp-block-heading\">Wichtige Berufsbezeichnungen<\/h2>\n\n\n\n<p class=\"p2\">Im Marketing spielt diese Analyse eine Hebelrolle. Sie hilft Marktforschern, eine Rangfolge aller angebotenen Optionen zu erstellen. Diese Bewertungen helfen bei der Budgetverwaltung. Sie helfen auch herauszufinden, was den Kunden am besten und was am wenigsten gef\u00e4llt.<span class=\"Apple-converted-space\">&nbsp;<\/span><\/p>\n\n\n\n<p class=\"p2\">The Maxdiff analysis makes specific hunches about how people make their choices, which is very useful for the marketing industry. By using this method, businesses can make profits. Why? Because they spend time focusing on the things the customers want and need instead of stocking up on items people do not want. After gaining this type of information, it\u2019s easier to <a href=\"https:\/\/www.sisinternational.com\/de\/losungen\/legal-market-research\/marktforschung-zum-ausgabenmanagement-von-anwaltskanzleien\/\" title=\"Marktforschung zur Ausgabenverwaltung bei Anwaltskanzleien\"  data-wpil-monitor-id=\"7825\">manage their spending<\/a>. Profits will rise, and market researchers can then move to find new bestsellers.<\/p>\n\n\n\n<h2 class=\"wp-block-heading\">Warum Unternehmen eine Maxdiff-Analyse ben\u00f6tigen<\/h2>\n\n\n\n<p class=\"p2\">The Maxdiff analysis shows preferences. Likewise, businesses can use it to make final choices in different areas. It also helps to focus on essential areas. Also, it makes the most of the budget by evaluating the answers collected from the surveys. This process then allows the company to make the best choices for itself. Other survey types like rank order, matrix, and rating scales lack this ability. That\u2019s why this <a href=\"https:\/\/www.sisinternational.com\/de\/quantitative-market-research-methods-and-techniques\/\" title=\"Quantitative Market Research Methods and Techniques\"  data-wpil-monitor-id=\"7823\">method is an excellent research<\/a> tool.<\/p>\n\n\n\n<p class=\"p2\">Diese Methode ist besonders n\u00fctzlich bei einstufigen Pr\u00e4ferenzdaten. Sie ist praktisch, wenn Unternehmen wichtige Entscheidungen treffen m\u00fcssen, wie etwa die beliebteste Limonadensorte. Maxdiff gibt den Kunden also ein Mitspracherecht bei der Entscheidung, welche Produkte im Regal bleiben und welche aussortiert werden.<\/p>\n\n\n\n<p class=\"p2\">Conjoint analysis is the opposite of this data collection method. For instance, it comes in handy when collecting many different levels of choices.<\/p>\n\n\n\n<h2 class=\"wp-block-heading\">Schl\u00fcsselfaktoren f\u00fcr den Erfolg<\/h2>\n\n\n\n<p class=\"p2\">Mit dieser Methode erhalten Sie wichtige Bewertungen f\u00fcr jeden Artikel. Sie kann auch zeigen, wie wichtig diese Produkte im Verh\u00e4ltnis zueinander sind. Die wichtigsten Vorteile der Verwendung von Maxdiff sind:<\/p>\n\n\n\n<p class=\"p2\">1. Starkes Urteilsverm\u00f6gen<\/p>\n\n\n\n<p class=\"p2\">2. Es ist einfach, Antworten zu erhalten<\/p>\n\n\n\n<p class=\"p2\">3. Allows the <a href=\"https:\/\/www.sisinternational.com\/de\/losungen\/branding-und-kundenforschungslosungen\/produkttests-marktforschung\/new-product-concept-testing-methods\/\" title=\"New Product Concept Testing Methods\"  data-wpil-monitor-id=\"7828\">testen<\/a> of more items than with other methods<\/p>\n\n\n\n<p class=\"p2\">4. Gibt Verh\u00e4ltnisdaten an und misst alle Unterschiede<\/p>\n\n\n\n<p class=\"p2\">5. Keine Grenzen<\/p>\n\n\n\n<p class=\"p2\">Es kann nicht nur all diese Dinge tun und Ergebnisse verwalten, sondern hat auch andere Vorteile wie TURF (Total Unduplicated Reach and Frequency). TURF kann sagen, welche der Daten am wahrscheinlichsten einen signifikanten Teil Ihrer Zielgruppe abdecken.<\/p>\n\n\n\n<h2 class=\"wp-block-heading\">\u00dcber Maxdiff Market Research<\/h2>\n\n\n\n<p class=\"p2\">If your company is thinking of using this method of analysis, then you\u2019ve come to the right place. We have created focus groups to help in this area, and also in survey making and interviews. This company also does strategic, quantitative, and <a href=\"https:\/\/www.sisinternational.com\/de\/weltweit-fuhrendes-unternehmen-fur-qualitative-forschung\/\" title=\"Weltweit f\u00fchrendes Unternehmen f\u00fcr qualitative Forschung\"  data-wpil-monitor-id=\"7820\">qualitative research for companies<\/a> we support. We can give you the tools to make the best decisions to improve your company. We are always willing to assist in growing new companies. So please feel free to contact us.<\/p>\n\n\n\n<p><\/p>","protected":false},"excerpt":{"rendered":"<p>Die Maxdiff-Analyse ist eine Skalierungsmethode, die zum Z\u00e4hlen von Umfrage-Feedback verwendet wird. Sie misst auch Pr\u00e4ferenzwerte und Werte, die Kunden einer Liste von Artikeln zuweisen.<\/p>","protected":false},"author":1,"featured_media":71908,"parent":14660,"menu_order":20,"comment_status":"closed","ping_status":"closed","template":"","meta":{"footnotes":""},"class_list":["post-39077","page","type-page","status-publish","has-post-thumbnail"],"_links":{"self":[{"href":"https:\/\/www.sisinternational.com\/de\/wp-json\/wp\/v2\/pages\/39077","targetHints":{"allow":["GET"]}}],"collection":[{"href":"https:\/\/www.sisinternational.com\/de\/wp-json\/wp\/v2\/pages"}],"about":[{"href":"https:\/\/www.sisinternational.com\/de\/wp-json\/wp\/v2\/types\/page"}],"author":[{"embeddable":true,"href":"https:\/\/www.sisinternational.com\/de\/wp-json\/wp\/v2\/users\/1"}],"replies":[{"embeddable":true,"href":"https:\/\/www.sisinternational.com\/de\/wp-json\/wp\/v2\/comments?post=39077"}],"version-history":[{"count":5,"href":"https:\/\/www.sisinternational.com\/de\/wp-json\/wp\/v2\/pages\/39077\/revisions"}],"predecessor-version":[{"id":81320,"href":"https:\/\/www.sisinternational.com\/de\/wp-json\/wp\/v2\/pages\/39077\/revisions\/81320"}],"up":[{"embeddable":true,"href":"https:\/\/www.sisinternational.com\/de\/wp-json\/wp\/v2\/pages\/14660"}],"wp:featuredmedia":[{"embeddable":true,"href":"https:\/\/www.sisinternational.com\/de\/wp-json\/wp\/v2\/media\/71908"}],"wp:attachment":[{"href":"https:\/\/www.sisinternational.com\/de\/wp-json\/wp\/v2\/media?parent=39077"}],"curies":[{"name":"wp","href":"https:\/\/api.w.org\/{rel}","templated":true}]}}