{"id":39071,"date":"2021-10-20T18:58:32","date_gmt":"2021-10-20T18:58:32","guid":{"rendered":"https:\/\/www.sisinternational.com\/?page_id=39071"},"modified":"2026-01-25T18:22:02","modified_gmt":"2026-01-25T23:22:02","slug":"nachfrageprognose-marktforschung","status":"publish","type":"page","link":"https:\/\/www.sisinternational.com\/de\/losungen\/strategieberatung\/nachfrageprognose-marktforschung\/","title":{"rendered":"Demand Forecasting Market Consulting"},"content":{"rendered":"<h1 class=\"wp-block-heading\">Demand Forecasting Market Consulting<\/h1>\n\n\n\n<p><\/p>\n\n\n\n<figure class=\"gb-block-image gb-block-image-4b7ab4e9\"><img loading=\"lazy\" decoding=\"async\" width=\"1456\" height=\"816\" class=\"gb-image gb-image-4b7ab4e9\" src=\"https:\/\/www.sisinternational.com\/wp-content\/uploads\/2025\/08\/Creativity-5.jpg\" alt=\"SIS International Marktforschung &amp; Strategie\" title=\"Creativity (5)\" srcset=\"https:\/\/www.sisinternational.com\/wp-content\/uploads\/2025\/08\/Creativity-5.jpg 1456w, https:\/\/www.sisinternational.com\/wp-content\/uploads\/2025\/08\/Creativity-5-300x168.jpg 300w, https:\/\/www.sisinternational.com\/wp-content\/uploads\/2025\/08\/Creativity-5-1024x574.jpg 1024w, https:\/\/www.sisinternational.com\/wp-content\/uploads\/2025\/08\/Creativity-5-768x430.jpg 768w, https:\/\/www.sisinternational.com\/wp-content\/uploads\/2025\/08\/Creativity-5-18x10.jpg 18w\" sizes=\"auto, (max-width: 1456px) 100vw, 1456px\"><\/figure>\n\n\n\n<p><\/p>\n\n\n\n<p class=\"p1\">Demand Forecasting is the process of analyzing data in detail. The forecaster then uses it to predict customers\u2019 future wants for a product or service. This method has many different areas. Each varies from the other. Thus, the forecaster has to choose which one is best. The <a href=\"https:\/\/www.sisinternational.com\/de\/losungen\/qualitative-quantitative-forschungslosungen\/demand-forecasting-best-practices\/\" title=\"Demand Forecasting Best Practices\"  data-wpil-monitor-id=\"1638\">forecasting of customers\u2019 demands<\/a> helps companies make good decisions. These types of decisions will grow future sales and revenues.<\/p>\n\n\n\n<p class=\"p1\">Demand refers to what goods or services customers want. In other words, it shows how willing customers are to buy things at a given price. <a href=\"https:\/\/www.sisinternational.com\/de\/losungen\/b2b-unternehmensvertriebsmarktforschung\/\" title=\"B2B Enterprise Sales Marktforschung\"  data-wpil-monitor-id=\"11169\">Sales and marketing<\/a> departments usually do the forecasting. Product managers may also do it. These <a href=\"https:\/\/www.sisinternational.com\/de\/sachverstand\/branchen\/marktforschung-fur-indigene-volker\/\" title=\"Marktforschung f\u00fcr indigene V\u00f6lker\"  data-wpil-monitor-id=\"11167\">people have the best understanding of marketing<\/a> demands and customer behavior. Hence the company trusts them to make choices that will <a href=\"https:\/\/www.sisinternational.com\/de\/veroffentlichungen\/skalierbare-geschaftsmarktforschung-7-moglichkeiten-zum-aufbau-eines-skalierbaren-geschafts\/\" title=\"Marktforschung f\u00fcr skalierbare Unternehmen: 7 M\u00f6glichkeiten zum Aufbau eines skalierbaren Unternehmens\"  data-wpil-monitor-id=\"11173\">build the business<\/a> in the end. If they fail and make a wrong decision, the company\u2019s revenues will drop, causing losses.<\/p>\n\n\n\n<h2 class=\"wp-block-heading\">Warum ist die Nachfrageprognose wichtig?<\/h2>\n\n\n\n<p class=\"p1\">Die Prognose der Nachfrage ist im Vertrieb von entscheidender Bedeutung. Sie erm\u00f6glicht es dem Unternehmen, die richtigen Preise und Lagerbest\u00e4nde festzulegen. Sie hilft dem Unternehmen auch zu verstehen, wie zuk\u00fcnftige Projekte ausgebaut werden k\u00f6nnen. Schlechte Prognosen k\u00f6nnen zu Umsatzverlusten und Lagerr\u00fcckg\u00e4ngen f\u00fchren, ganz zu schweigen von unzufriedenen Kunden und Umsatzeinbu\u00dfen.<\/p>\n\n\n\n<p class=\"p1\">Demand has a very valued bond with supply. Together they both determine prices and the bulk of goods and <a href=\"https:\/\/www.sisinternational.com\/de\/losungen\/fintech-strategieberatung-forschung\/marktforschung-fur-finanzdienstleistungen\/\" title=\"Marktforschung f\u00fcr Finanzdienstleistungen\"  data-wpil-monitor-id=\"11168\">services in a market<\/a> base. This bond with demand and supply keeps a balance between goods and services. It is the basis of marketing.<\/p>\n\n\n\n<h2 class=\"wp-block-heading\">Wichtige Berufsbezeichnungen<\/h2>\n\n\n\n<p class=\"p1\"><a href=\"https:\/\/www.sisinternational.com\/de\/sachverstand\/lebenslaufe\/marktforschung-fur-korperpflegeprodukte\/\" title=\"Marktforschung f\u00fcr K\u00f6rperpflegeprodukte\"  data-wpil-monitor-id=\"11171\">Persons working in marketing<\/a> rely on demand forecasting. This metric shows many things, such as what sales can achieve. So, to clarify, the sales department makes decisions based on <a href=\"https:\/\/www.sisinternational.com\/de\/losungen\/strategieberatung\/datenanalyse\/\" title=\"Datenanalyse-Unternehmen\"  data-wpil-monitor-id=\"11174\">data<\/a> they have for the better of the company. These decisions set a new base for the company, to say nothing of drawing in new customers.<\/p>\n\n\n\n<p class=\"p1\">Die Vorhersagen dieser Abteilungen sorgen daf\u00fcr, dass die Zukunft reibungslos verl\u00e4uft. Diese Prognosen sollten auch f\u00fcr das Unternehmen profitabel sein. Dar\u00fcber hinaus ist es leichter, Probleme mit Leichtigkeit anzugehen, wenn man wei\u00df, was die Zukunft bringen k\u00f6nnte.<\/p>\n\n\n\n<h2 class=\"wp-block-heading\">Warum Unternehmen Nachfrageprognosen ben\u00f6tigen<\/h2>\n\n\n\n<figure class=\"gb-block-image gb-block-image-2ba65b91\"><img loading=\"lazy\" decoding=\"async\" width=\"1456\" height=\"816\" class=\"gb-image gb-image-2ba65b91\" src=\"https:\/\/www.sisinternational.com\/wp-content\/uploads\/2025\/08\/Business-24.jpg\" alt=\"SIS International Marktforschung &amp; Strategie\" title=\"Business (24)\" srcset=\"https:\/\/www.sisinternational.com\/wp-content\/uploads\/2025\/08\/Business-24.jpg 1456w, https:\/\/www.sisinternational.com\/wp-content\/uploads\/2025\/08\/Business-24-300x168.jpg 300w, https:\/\/www.sisinternational.com\/wp-content\/uploads\/2025\/08\/Business-24-1024x574.jpg 1024w, https:\/\/www.sisinternational.com\/wp-content\/uploads\/2025\/08\/Business-24-768x430.jpg 768w, https:\/\/www.sisinternational.com\/wp-content\/uploads\/2025\/08\/Business-24-18x10.jpg 18w\" sizes=\"auto, (max-width: 1456px) 100vw, 1456px\"><\/figure>\n\n\n\n<p><\/p>\n\n\n\n<p class=\"p1\"><a href=\"https:\/\/www.sisinternational.com\/de\/whitepaper-wo-steht-zuerst-die-nachfrage-oder-das-angebot\/\" title=\"Whitepaper: Was kommt zuerst: Nachfrage oder Angebot?\"  data-wpil-monitor-id=\"4789\">Demand Forecasting<\/a> helps companies make decisions from stock to supply. Expectations from customers change by the minute. Thus, businesses need a way to forecast demand. When <a href=\"https:\/\/www.sisinternational.com\/de\/top-unternehmen-fur-die-prognose-von-b2b-branchentrends\/\" title=\"F\u00fchrendes Unternehmen f\u00fcr Prognosen von B2B-Branchentrends\"  data-wpil-monitor-id=\"11170\">companies use forecasting<\/a>, managers can make choices for growth, which will increase their value in their current markets and others.<\/p>\n\n\n\n<p class=\"p1\">Zun\u00e4chst m\u00fcssen Unternehmen ihre Ums\u00e4tze prognostizieren. Die neu gewonnenen Daten k\u00f6nnen sie dann f\u00fcr ihre zuk\u00fcnftige Planung nutzen. Ein gutes Verst\u00e4ndnis der Daten kann Managern helfen, die Ums\u00e4tze in K\u00fcrze vorherzusagen. Sie k\u00f6nnen dann einen Plan erstellen, um die W\u00fcnsche ihrer Kunden zu erf\u00fcllen.<\/p>\n\n\n\n<p class=\"p1\">In jedem Unternehmen gibt es ein festgelegtes Kapital. Wenn es die Finanzbereiche nicht im Griff hat, kann es unter \u00dcberschuss oder Unterfinanzierung leiden. Aber wenn alles gut l\u00e4uft, wird das Unternehmen davon profitieren.<\/p>\n\n\n\n<h3 class=\"wp-block-heading\">Schl\u00fcsselfaktoren f\u00fcr den Erfolg<\/h3>\n\n\n\n<p class=\"p1\">Der h\u00e4ufigste Vorteil der Nachfrageprognose sind zufriedene Kunden. Ein weiterer Vorteil ist eine Gewinnsteigerung. Andere w\u00e4ren:<\/p>\n\n\n\n<p class=\"p1\">1. Reduzierung des Lagerbestands<\/p>\n\n\n\n<p class=\"p1\">2. Budgets verbessern<\/p>\n\n\n\n<p class=\"p1\">3. Verbesserter Kundenservice<\/p>\n\n\n\n<p class=\"p1\">4. Pl\u00e4ne verbessern<\/p>\n\n\n\n<p class=\"p1\">5. Den Weg f\u00fcr Partnerschaften ebnen<\/p>\n\n\n\n<p class=\"p1\">6. Sch\u00e4tzung des Finanzbedarfs<\/p>\n\n\n\n<p class=\"p1\">Wenn alle diese Faktoren zusammengenommen werden, k\u00f6nnen Unternehmen eine Grundlage f\u00fcr die Planung schaffen. Diese Art der Planung sichert die Zukunft des Unternehmens. Sie folgt dem Konzept, dass die Entscheidungsfindung umso besser ist, je mehr Daten gesammelt werden.<\/p>\n\n\n\n<h2 class=\"wp-block-heading\">\u00dcber Demand Forecasting Research<\/h2>\n\n\n\n<p class=\"p1\">Using a forecasting method has many benefits. It gains both profits and happy customers. If your company is willing to use this method, our business is here to help. We arrange focus groups to help with this and other areas as well. We also conduct Strategic, Quantitative, and Qualitative Research. Our team can help improve the choices you make in the company to increase profits. We are always ready and willing to help. So contact us today. Let\u2019s get started on <a href=\"https:\/\/www.sisinternational.com\/de\/veroffentlichungen\/japans-mittelstandsexporte\/\" title=\"Ausbau Ihres Gesch\u00e4fts in Japan\"  data-wpil-monitor-id=\"11172\">growing your business<\/a>.<\/p>\n\n\n\n<p><\/p>","protected":false},"excerpt":{"rendered":"<p>Bei der Nachfrageprognose werden Daten im Detail analysiert. Prognostiker verwenden sie, um die zuk\u00fcnftigen W\u00fcnsche der Kunden nach einem Produkt oder einer Dienstleistung vorherzusagen. SIS bietet umfangreiche Recherchen an, um die Gewinne Ihres Unternehmens zu steigern.<\/p>","protected":false},"author":1,"featured_media":62645,"parent":14567,"menu_order":15,"comment_status":"closed","ping_status":"closed","template":"","meta":{"footnotes":""},"class_list":["post-39071","page","type-page","status-publish","has-post-thumbnail"],"_links":{"self":[{"href":"https:\/\/www.sisinternational.com\/de\/wp-json\/wp\/v2\/pages\/39071","targetHints":{"allow":["GET"]}}],"collection":[{"href":"https:\/\/www.sisinternational.com\/de\/wp-json\/wp\/v2\/pages"}],"about":[{"href":"https:\/\/www.sisinternational.com\/de\/wp-json\/wp\/v2\/types\/page"}],"author":[{"embeddable":true,"href":"https:\/\/www.sisinternational.com\/de\/wp-json\/wp\/v2\/users\/1"}],"replies":[{"embeddable":true,"href":"https:\/\/www.sisinternational.com\/de\/wp-json\/wp\/v2\/comments?post=39071"}],"version-history":[{"count":6,"href":"https:\/\/www.sisinternational.com\/de\/wp-json\/wp\/v2\/pages\/39071\/revisions"}],"predecessor-version":[{"id":81824,"href":"https:\/\/www.sisinternational.com\/de\/wp-json\/wp\/v2\/pages\/39071\/revisions\/81824"}],"up":[{"embeddable":true,"href":"https:\/\/www.sisinternational.com\/de\/wp-json\/wp\/v2\/pages\/14567"}],"wp:featuredmedia":[{"embeddable":true,"href":"https:\/\/www.sisinternational.com\/de\/wp-json\/wp\/v2\/media\/62645"}],"wp:attachment":[{"href":"https:\/\/www.sisinternational.com\/de\/wp-json\/wp\/v2\/media?parent=39071"}],"curies":[{"name":"wp","href":"https:\/\/api.w.org\/{rel}","templated":true}]}}