{"id":38919,"date":"2021-09-25T02:39:15","date_gmt":"2021-09-25T02:39:15","guid":{"rendered":"https:\/\/www.sisinternational.com\/?page_id=38919"},"modified":"2026-04-01T17:25:12","modified_gmt":"2026-04-01T21:25:12","slug":"marktforschung-bulgarien","status":"publish","type":"page","link":"https:\/\/www.sisinternational.com\/de\/abdeckung\/europa\/marktforschung-bulgarien\/","title":{"rendered":"Marktforschung in Bulgarien"},"content":{"rendered":"<h1 class=\"gb-headline gb-headline-bd43b33e gb-headline-text\">Marktforschung in Bulgarien<\/h1>\n\n\n\n<figure class=\"gb-block-image gb-block-image-744902c4\"><img loading=\"lazy\" decoding=\"async\" width=\"1408\" height=\"768\" class=\"gb-image gb-image-744902c4\" src=\"https:\/\/www.sisinternational.com\/wp-content\/uploads\/2026\/04\/Bulgaria-1.jpg\" alt=\"SIS International Marktforschung &amp; Strategie\" title=\"Bulgaria (1)\" srcset=\"https:\/\/www.sisinternational.com\/wp-content\/uploads\/2026\/04\/Bulgaria-1.jpg 1408w, https:\/\/www.sisinternational.com\/wp-content\/uploads\/2026\/04\/Bulgaria-1-300x164.jpg 300w, https:\/\/www.sisinternational.com\/wp-content\/uploads\/2026\/04\/Bulgaria-1-1024x559.jpg 1024w, https:\/\/www.sisinternational.com\/wp-content\/uploads\/2026\/04\/Bulgaria-1-768x419.jpg 768w, https:\/\/www.sisinternational.com\/wp-content\/uploads\/2026\/04\/Bulgaria-1-18x10.jpg 18w\" sizes=\"auto, (max-width: 1408px) 100vw, 1408px\"><\/figure>\n\n\n\n<h1 class=\"wp-block-heading\">&nbsp;<\/h1>\n\n\n\n<hr class=\"wp-block-separator has-alpha-channel-opacity is-style-dots\"\/>\n\n\n\n<p><span style=\"font-weight: 400;\">Comprehensive market research in Bulgaria can unveil critical insights that drive strategic business decisions. This diverse market, characterized by its distinct challenges and abundant opportunities, requires a deep understanding of business success.<\/span><\/p>\n\n\n\n<h2 class=\"wp-block-heading\"><strong>Was ist Marktforschung in Bulgarien?<\/strong><\/h2>\n\n\n\n<p><span style=\"font-weight: 400;\">Durch Marktforschung in Bulgarien erhalten Unternehmen ein umfassendes Verst\u00e4ndnis der wirtschaftlichen Landschaft, des Verbraucherverhaltens und der Wettbewerbsdynamik in Bulgarien.&nbsp;<\/span><\/p>\n\n\n\n<h2 class=\"wp-block-heading\"><strong>Warum brauchen Unternehmen Marktforschung in Bulgarien?<\/strong><\/h2>\n\n\n\n<p><span style=\"font-weight: 400;\">Marktforschung in Bulgarien hilft Unternehmen, sich in der Komplexit\u00e4t des lokalen Gesch\u00e4ftsumfelds zurechtzufinden und fundierte Entscheidungen zu treffen. Dies ist in Bulgarien besonders wichtig, da sich die wirtschaftlichen Bedingungen und das Verbraucherverhalten erheblich von anderen Regionen unterscheiden k\u00f6nnen.<\/span><\/p>\n\n\n\n<p><span style=\"font-weight: 400;\">Unternehmen ben\u00f6tigen Marktforschung in Bulgarien, um ihre Zielgruppe zu identifizieren und zu verstehen. Wenn Unternehmen verstehen, was Verbraucherentscheidungen beeinflusst, k\u00f6nnen sie ihre Produkte und Dienstleistungen so anpassen, dass sie die lokale Nachfrage effektiv erf\u00fcllen.<\/span><\/p>\n\n\n\n<p><span style=\"font-weight: 400;\">Dar\u00fcber hinaus liefert die Marktforschung in Bulgarien wichtige Informationen \u00fcber die Wettbewerbslandschaft. Unternehmen k\u00f6nnen die St\u00e4rken und Schw\u00e4chen ihrer Konkurrenten analysieren, Marktl\u00fccken identifizieren und Strategien entwickeln, um sich von der Konkurrenz abzuheben. Dieses Wissen ist von unsch\u00e4tzbarem Wert, um ein einzigartiges Wertangebot zu schaffen und einen Wettbewerbsvorteil zu erlangen.<\/span><\/p>\n\n\n\n<h2 class=\"wp-block-heading\"><strong>Erwartete Ergebnisse der SIS-Marktforschung in Bulgarien<\/strong><\/h2>\n\n\n\n<figure class=\"gb-block-image gb-block-image-0c82cda1\"><img loading=\"lazy\" decoding=\"async\" width=\"1456\" height=\"816\" class=\"gb-image gb-image-0c82cda1\" src=\"https:\/\/www.sisinternational.com\/wp-content\/uploads\/2025\/09\/Bulgaria-3.jpg\" alt=\"SIS International Marktforschung &amp; Strategie\" title=\"Bulgaria (3)\" srcset=\"https:\/\/www.sisinternational.com\/wp-content\/uploads\/2025\/09\/Bulgaria-3.jpg 1456w, https:\/\/www.sisinternational.com\/wp-content\/uploads\/2025\/09\/Bulgaria-3-300x168.jpg 300w, https:\/\/www.sisinternational.com\/wp-content\/uploads\/2025\/09\/Bulgaria-3-1024x574.jpg 1024w, https:\/\/www.sisinternational.com\/wp-content\/uploads\/2025\/09\/Bulgaria-3-768x430.jpg 768w, https:\/\/www.sisinternational.com\/wp-content\/uploads\/2025\/09\/Bulgaria-3-18x10.jpg 18w\" sizes=\"auto, (max-width: 1456px) 100vw, 1456px\"><\/figure>\n\n\n\n<p><\/p>\n\n\n\n<p><b>Erweiterte Marktkenntnisse<\/b><span style=\"font-weight: 400;\">:&nbsp;<\/span><\/p>\n\n\n\n<p><span style=\"font-weight: 400;\">SIS International vermittelt Unternehmen ein umfassendes Verst\u00e4ndnis der bulgarischen Marktlandschaft. Dieses Wissen erm\u00f6glicht es den Unternehmen, fundierte Entscheidungen zu treffen, ihre Strategien an die Marktbedingungen anzupassen und Wachstumschancen zu erkennen.<\/span><\/p>\n\n\n\n<p><b>Verbesserte strategische Planung<\/b><span style=\"font-weight: 400;\">:&nbsp;<\/span><\/p>\n\n\n\n<p><span style=\"font-weight: 400;\">We help businesses develop robust strategic plans crucial for achieving long-term success and sustainable growth in Bulgaria.<\/span><\/p>\n\n\n\n<p><b>Optimierte Marketingkampagnen<\/b><span style=\"font-weight: 400;\">:&nbsp;<\/span><\/p>\n\n\n\n<p><span style=\"font-weight: 400;\">Unternehmen k\u00f6nnen gezielte Marketingkampagnen mit detaillierten Verbraucherinformationen erstellen, die bei ihrem Publikum Anklang finden. Dies f\u00fchrt zu mehr Engagement, verbesserter Markentreue und h\u00f6heren Ums\u00e4tzen.<\/span><\/p>\n\n\n\n<p><b>Erh\u00f6hter ROI<\/b><span style=\"font-weight: 400;\">:&nbsp;<\/span><\/p>\n\n\n\n<p><span style=\"font-weight: 400;\">Die Marktforschung von SIS hilft Unternehmen, ihre Kapitalrendite zu maximieren, indem sie die vielversprechendsten Marktsegmente und Chancen identifiziert. Auf diese Weise k\u00f6nnen Unternehmen ihre Ressourcen effizienter einsetzen und bessere Ergebnisse erzielen.<\/span><\/p>\n\n\n\n<h2 class=\"wp-block-heading p3\">Nachbarschaften<\/h2>\n\n\n\n<p class=\"p2\">Sofia is the biggest and capital city in the world. It has some of the country\u2019s best attractions, such as the Saint Sofia Church and underground museum. Sofia is also home to the National History Museum, which displays famous gold treasures worldwide.<\/p>\n\n\n\n<p class=\"p2\">Ein weiterer wichtiger Punkt dieser Stadt ist, dass sie am Fu\u00dfe des Witoschagebirges liegt. Das Witoschagebirge ist ein beliebter Ort f\u00fcr Wander- und Skibegeisterte.<\/p>\n\n\n\n<p class=\"p2\">Plovdiv ist eine weitere bekannte und alte Stadt im S\u00fcden. Sie hat aufgrund ihres breiten Angebots an Aktivit\u00e4ten schon immer Besucher angezogen.<\/p>\n\n\n\n<h2 class=\"wp-block-heading\"><strong>Wichtigste Touristenattraktionen in Bulgarien<\/strong><\/h2>\n\n\n\n<p><span style=\"font-weight: 400;\">Bulgaria has many tourist attractions that draw visitors from around the world. Understanding these attractions is crucial for tourism businesses to tailor their services and marketing strategies.<\/span><\/p>\n\n\n\n<ul class=\"wp-block-list\">\n<li><b>Sofia<\/b><span style=\"font-weight: 400;\">: Die Hauptstadt bietet eine Mischung aus modernen und historischen Sehensw\u00fcrdigkeiten, darunter die Alexander-Newski-Kathedrale, den Vitosha-Boulevard und den Nationalen Kulturpalast.<\/span><\/li>\n\n\n\n<li><b>Plovdiv<\/b><span style=\"font-weight: 400;\">: Plovdiv ist ein kulturelles Zentrum, das mit seiner reichen Geschichte und lebendigen Kunstszene Touristen anzieht.<\/span><\/li>\n\n\n\n<li><b>Warna<\/b><span style=\"font-weight: 400;\">: Varna ist ein beliebtes Sommerziel mit Attraktionen wie dem Meeresgarten, dem Arch\u00e4ologischen Museum von Varna und dem Delphinarium.<\/span><\/li>\n\n\n\n<li><b>Rila-Kloster<\/b><span style=\"font-weight: 400;\">: Dieses UNESCO-Weltkulturerbe ist ein wichtiges kulturelles und religi\u00f6ses Wahrzeichen, bekannt f\u00fcr seine atemberaubende Architektur und historische Bedeutung.<\/span><\/li>\n\n\n\n<li><b>Bansko<\/b><span style=\"font-weight: 400;\">: Bansko, ein erstklassiges Skigebiet im Piringebirge, bietet hervorragende M\u00f6glichkeiten zum Skifahren und Snowboarden und zieht Wintersportbegeisterte aus der ganzen Welt an.<\/span><\/li>\n\n\n\n<li><b>Weliko Tarnowo<\/b><span style=\"font-weight: 400;\">: Veliko Tarnovo bietet Sehensw\u00fcrdigkeiten wie die Festung Tsarevets und das malerische Dorf Arbanasi.<\/span><\/li>\n\n\n\n<li><b>Nessebar<\/b><span style=\"font-weight: 400;\">: Diese antike Stadt an der Schwarzmeerk\u00fcste ist ein weiteres UNESCO-Weltkulturerbe, ber\u00fchmt f\u00fcr ihre gut erhaltenen mittelalterlichen Geb\u00e4ude und wundersch\u00f6nen Str\u00e4nde.<\/span><\/li>\n<\/ul>\n\n\n\n<h2 class=\"wp-block-heading\"><strong>Schl\u00fcsselindustrien in Bulgarien<\/strong><\/h2>\n\n\n\n<p><span style=\"font-weight: 400;\">Bulgaria is home to several key industries that drive its economy and offer substantial opportunities for <a href=\"https:\/\/www.sisinternational.com\/de\/sachverstand\/branchen\/marktforschung-fur-haushaltsgerate\/\" title=\"Marktforschung f\u00fcr Haushaltsger\u00e4te\" data-wpil-monitor-id=\"6608\">market<\/a> research. <\/span><b>Landwirtschaft<\/b><span style=\"font-weight: 400;\"> Der Agrarsektor ist nach wie vor von gro\u00dfer Bedeutung und Unternehmen wie Vinprom Peshtera und Agria Group Holding sind in der Produktion landwirtschaftlicher Produkte wie Wein und Getreide f\u00fchrend.&nbsp;<\/span><\/p>\n\n\n\n<p><span style=\"font-weight: 400;\">Der <\/span><b>Fertigungsindustrie<\/b><span style=\"font-weight: 400;\"> ist ebenfalls von entscheidender Bedeutung, insbesondere in den Bereichen Autoteile, Maschinenbau und Elektronik. Unternehmen wie Sensata Technologies und Melexis sind wichtige Akteure in diesem Sektor. Marktforschung hilft diesen Unternehmen, Produktionsprozesse zu optimieren, Kosten zu senken und Innovationen einzuf\u00fchren, um wettbewerbsf\u00e4hig zu bleiben.<\/span><\/p>\n\n\n\n<p><span style=\"font-weight: 400;\">Der <\/span><b>Informationstechnologiesektor<\/b><span style=\"font-weight: 400;\"> w\u00e4chst rasant, angetrieben von Unternehmen wie Telerik und Musala Soft. Dieser Sektor profitiert enorm von Marktforschung, die technologische Trends, Verbraucherbed\u00fcrfnisse und potenzielle Innovationsbereiche identifiziert.<\/span><\/p>\n\n\n\n<p><b>Tourismus <\/b><span style=\"font-weight: 400;\">ist ein weiterer wichtiger Sektor, da Bulgariens reiches kulturelles Erbe und seine nat\u00fcrliche Sch\u00f6nheit Besucher aus aller Welt anziehen. Unternehmen wie Albena AD und Solvex nutzen Marktforschung, um ihre Dienstleistungen zu verbessern und mehr Touristen anzuziehen.<\/span><\/p>\n\n\n\n<p><span style=\"font-weight: 400;\">Der <\/span><b>Energie Sektor<\/b><span style=\"font-weight: 400;\"> also plays a crucial role in Bulgaria\u2019s economy. Companies such as Bulgargaz and CEZ Group are prominent players. <a href=\"https:\/\/www.sisinternational.com\/de\/perspektiven-fur-elektrofahrzeuge-2013\/\" title=\"Marktforschung f\u00fcr Hybrid- und Elektrofahrzeuge\" data-wpil-monitor-id=\"6631\">Market research helps understand energy<\/a> consumption patterns, regulatory changes, and opportunities for renewable energy development.<\/span><\/p>\n\n\n\n<h2 class=\"wp-block-heading p3\">Trends<\/h2>\n\n\n\n<p class=\"p2\">Das Land investiert viel in die Baubranche, den Bergbau, den Dienstleistungssektor und die Landwirtschaft. Der j\u00fcngste Abschwung der Weltwirtschaft beendete f\u00fcr Bulgarien eine Phase enormen Wirtschaftswachstums.<\/p>\n\n\n\n<p class=\"p2\">Das Land verf\u00fcgt \u00fcber eine gut ausgebildete Belegschaft. Trotz dieser Zahlen bleibt es eines der \u00e4rmsten L\u00e4nder der EU. Obwohl das Land arm ist, gibt es dort einige Million\u00e4re. Die Wirtschaft ist also nicht so d\u00fcster, wie sie scheinen mag. Sie hat ein hervorragendes Wachstumspotenzial. Dennoch hat Bulgarien das niedrigste Durchschnittsgehalt in der EU, wobei viele Menschen nur 14 Billionen TP2 pro Stunde verdienen.<\/p>\n\n\n\n<h2 class=\"wp-block-heading\"><strong>Gelegenheiten&nbsp;<\/strong><\/h2>\n\n\n\n<figure class=\"gb-block-image gb-block-image-4cbf26d6\"><img loading=\"lazy\" decoding=\"async\" width=\"1456\" height=\"816\" class=\"gb-image gb-image-4cbf26d6\" src=\"https:\/\/www.sisinternational.com\/wp-content\/uploads\/2025\/09\/Bulgaria-4.jpg\" alt=\"SIS International Marktforschung &amp; Strategie\" title=\"Bulgaria (4)\" srcset=\"https:\/\/www.sisinternational.com\/wp-content\/uploads\/2025\/09\/Bulgaria-4.jpg 1456w, https:\/\/www.sisinternational.com\/wp-content\/uploads\/2025\/09\/Bulgaria-4-300x168.jpg 300w, https:\/\/www.sisinternational.com\/wp-content\/uploads\/2025\/09\/Bulgaria-4-1024x574.jpg 1024w, https:\/\/www.sisinternational.com\/wp-content\/uploads\/2025\/09\/Bulgaria-4-768x430.jpg 768w, https:\/\/www.sisinternational.com\/wp-content\/uploads\/2025\/09\/Bulgaria-4-18x10.jpg 18w\" sizes=\"auto, (max-width: 1456px) 100vw, 1456px\"><\/figure>\n\n\n\n<p><\/p>\n\n\n\n<p><span style=\"font-weight: 400;\">Marktforschung in Bulgarien offenbart zahlreiche Gesch\u00e4ftsm\u00f6glichkeiten in unterschiedlichsten Branchen.<\/span><\/p>\n\n\n\n<ul class=\"wp-block-list\">\n<li><b>Digitale Transformation<\/b><span style=\"font-weight: 400;\">: Die zunehmende Nutzung digitaler Technologien bietet IT-Unternehmen und Startups die M\u00f6glichkeit, innovative L\u00f6sungen anzubieten.<\/span><\/li>\n\n\n\n<li><b>Verbrauchernachfrage nach Qualit\u00e4t<\/b><span style=\"font-weight: 400;\">: Die steigende Nachfrage nach qualitativ hochwertigen Produkten erm\u00f6glicht es Unternehmen, sich durch das Angebot hochwertiger Waren und Dienstleistungen von der Konkurrenz abzuheben.<\/span><\/li>\n\n\n\n<li><b>Tourismuswachstum<\/b><span style=\"font-weight: 400;\">: Die expandierende Tourismusbranche bietet Unternehmen die M\u00f6glichkeit, neue Touristenattraktionen zu entwickeln, bestehende Dienstleistungen zu verbessern und das kulturelle Erbe zu f\u00f6rdern.<\/span><\/li>\n\n\n\n<li><b>Landwirtschaftliche Innovation<\/b><span style=\"font-weight: 400;\">: Der Agrarsektor bietet Unternehmen die M\u00f6glichkeit, moderne Anbautechniken einzuf\u00fchren, die Produktqualit\u00e4t zu verbessern und neue M\u00e4rkte zu erschlie\u00dfen.<\/span><\/li>\n<\/ul>\n\n\n\n<h2 class=\"wp-block-heading\"><strong>Herausforderungen&nbsp;<\/strong><\/h2>\n\n\n\n<p><span style=\"font-weight: 400;\">Zwar bieten sich zahlreiche Chancen, doch m\u00fcssen Unternehmen bei der Durchf\u00fchrung von Marktforschung in Bulgarien auch verschiedene Herausforderungen meistern.<\/span><\/p>\n\n\n\n<ul class=\"wp-block-list\">\n<li><b>Regulatorische Komplexit\u00e4t<\/b><span style=\"font-weight: 400;\">: Sich im regulatorischen Umfeld Bulgariens zurechtzufinden, kann eine Herausforderung sein. Marktforschung kl\u00e4rt Compliance-Anforderungen und hilft Unternehmen bei der Entwicklung von Strategien zur \u00dcberwindung regulatorischer H\u00fcrden.<\/span><\/li>\n\n\n\n<li><b>Kulturelle Unterschiede<\/b><span style=\"font-weight: 400;\">: Das Verst\u00e4ndnis lokaler kultureller Nuancen ist f\u00fcr den Erfolg von entscheidender Bedeutung. Marktforschung bietet Einblicke in kulturelle Vorlieben und Verhaltensweisen und hilft Unternehmen, ihre Angebote entsprechend anzupassen.<\/span><\/li>\n\n\n\n<li><b>Infrastruktureinschr\u00e4nkungen<\/b><span style=\"font-weight: 400;\">: Obwohl sich die Infrastruktur Bulgariens verbessert, gibt es in bestimmten Bereichen immer noch Herausforderungen, die sich auf Logistik und Vertrieb auswirken. Marktforschung hilft Unternehmen bei der effektiven Planung, um diese Hindernisse zu \u00fcberwinden.<\/span><\/li>\n<\/ul>\n\n\n\n<h2 class=\"wp-block-heading\"><strong>Zukunftsausblick&nbsp;<\/strong><\/h2>\n\n\n\n<p><span style=\"font-weight: 400;\">Marktforschung in Bulgarien bietet eine vielversprechende Zukunft f\u00fcr Unternehmen, die bereit sind, in das Verst\u00e4ndnis der Marktdynamik zu investieren.<\/span><\/p>\n\n\n\n<ul class=\"wp-block-list\">\n<li><b>Technologische Fortschritte<\/b><span style=\"font-weight: 400;\">: Das anhaltende Wachstum im Technologiesektor wird die Nachfrage nach innovativen Marktforschungsmethoden, einschlie\u00dflich KI und Big Data-Analyse, ankurbeln.<\/span><\/li>\n\n\n\n<li><b>Wirtschaftswachstum<\/b><span style=\"font-weight: 400;\">: Bulgariens stetiges Wirtschaftswachstum bietet Unternehmen ein stabiles Umfeld f\u00fcr Expansion und Investitionen.<\/span><\/li>\n\n\n\n<li><b>Verbraucherkompetenz<\/b><span style=\"font-weight: 400;\">: Da Verbraucher immer anspruchsvoller werden, m\u00fcssen Unternehmen umfassende Marktforschung betreiben, um ihre sich entwickelnden Bed\u00fcrfnisse und Vorlieben zu verstehen.<\/span><\/li>\n\n\n\n<li><b>Nachhaltigkeitstrends<\/b><span style=\"font-weight: 400;\">: Der zunehmende Fokus auf Nachhaltigkeit wird f\u00fcr Unternehmen M\u00f6glichkeiten schaffen, umweltfreundliche Produkte und Dienstleistungen zu entwickeln, unterst\u00fctzt durch Erkenntnisse aus der Marktforschung.<\/span><\/li>\n\n\n\n<li><b>Regionale Integration<\/b><span style=\"font-weight: 400;\">: Die Integration Bulgariens in die Europ\u00e4ische Union wird die Marktbedingungen auch weiterhin beeinflussen, weshalb es f\u00fcr Unternehmen von entscheidender Bedeutung ist, sich durch Marktforschung auf dem Laufenden zu halten.<\/span><\/li>\n<\/ul>\n\n\n\n<h2 class=\"wp-block-heading\"><strong>Wie die Marktforschung von SIS International in Bulgarien Unternehmen hilft<\/strong><\/h2>\n\n\n\n<p><span style=\"font-weight: 400;\">SIS International f\u00fchrt Marktforschung durch, die Unternehmen dabei hilft, sich auf dem komplexen bulgarischen Markt zurechtzufinden. Durch umfassende Einblicke in Marktbedingungen, Verbraucherverhalten und Wettbewerbsdynamik erm\u00f6glicht SIS Unternehmen, fundierte Entscheidungen zu treffen, die Wachstum und Innovation f\u00f6rdern.<\/span><\/p>\n\n\n\n<p><b>Risikominderung<\/b><span style=\"font-weight: 400;\">:&nbsp;<\/span><\/p>\n\n\n\n<p><a href=\"https:\/\/www.linkedin.com\/company\/sisinternationalresearch\/\" target=\"_blank\" rel=\"noopener\"><span style=\"font-weight: 400;\">SIS International<\/span><\/a><span style=\"font-weight: 400;\"> hilft Unternehmen, potenzielle Risiken zu erkennen und Strategien zu entwickeln, um diese zu mindern. Dieser proaktive Ansatz reduziert Unsicherheit und verbessert Entscheidungsprozesse.<\/span><\/p>\n\n\n\n<p><b>Umsatzsteigerung<\/b><span style=\"font-weight: 400;\">:&nbsp;<\/span><\/p>\n\n\n\n<p><span style=\"font-weight: 400;\">Durch das Verst\u00e4ndnis <a href=\"https:\/\/www.sisinternational.com\/de\/losungen\/verbrauchermarktforschung\/\">Verbraucherpr\u00e4ferenzen<\/a> und Markttrends k\u00f6nnen Unternehmen ihre Angebote an die Nachfrage anpassen und so ihren Umsatz und Ertrag steigern.<\/span><\/p>\n\n\n\n<p><b>Geld sparen<\/b><span style=\"font-weight: 400;\">:&nbsp;<\/span><\/p>\n\n\n\n<p><a href=\"https:\/\/twitter.com\/SISIntlResearch\" target=\"_blank\" rel=\"noopener\"><span style=\"font-weight: 400;\">SIS<\/span><\/a><span style=\"font-weight: 400;\"> allows companies to allocate resources more efficiently, minimize waste, and optimize investment. This leads to cost savings and improved operational efficiency.<\/span><\/p>\n\n\n\n<p><b>Zeit sparen<\/b><span style=\"font-weight: 400;\">:&nbsp;<\/span><\/p>\n\n\n\n<p><span style=\"font-weight: 400;\">Der Zugriff auf genaue und aktuelle Marktinformationen beschleunigt die Entscheidungsfindung und erm\u00f6glicht es Unternehmen, rasch auf Marktver\u00e4nderungen zu reagieren und Chancen zu nutzen.<\/span><\/p>\n\n\n\n<p><b>Beschleunigtes Wachstum und Innovation<\/b><span style=\"font-weight: 400;\">:&nbsp;<\/span><\/p>\n\n\n\n<p><span style=\"font-weight: 400;\">Umfassende Marktforschung in Bulgarien liefert Erkenntnisse, die Produktentwicklung und Innovation vorantreiben. Dies hilft Unternehmen, wettbewerbsf\u00e4hig zu bleiben und nachhaltiges Wachstum zu erzielen.<\/span><\/p>\n\n\n\n<p><b>Steigerung des ROI<\/b><span style=\"font-weight: 400;\">:&nbsp;<\/span><\/p>\n\n\n\n<p><span style=\"font-weight: 400;\">Marktforschung maximiert den Return on Investment, indem sie die vielversprechendsten Marktsegmente und Chancen identifiziert. Unternehmen k\u00f6nnen ihre Bem\u00fchungen auf Bereiche mit hohem Potenzial konzentrieren und bessere Ergebnisse erzielen.<\/span><\/p>\n\n\n\n<h2 class=\"wp-block-heading\">Unser Standort in New York<\/h2>\n\n\n\n<p>\n\n\n\n<iframe loading=\"lazy\" src=\"https:\/\/www.google.com\/maps\/embed?pb=!1m18!1m12!1m3!1d3022.976188376966!2d-73.99130312499956!3d40.740549471389315!2m3!1f0!2f0!3f0!3m2!1i1024!2i768!4f13.1!3m3!1m2!1s0x89c259a15798c731%3A0xd695d09bdd495f25!2s11%20E%2022nd%20St%20FL%202%2C%20New%20York%2C%20NY%2010010%2C%20USA!5e0!3m2!1sen!2spe!4v1726171763526!5m2!1sen!2spe\" width=\"600\" height=\"450\" allowfullscreen=\"allowfullscreen\" data-mce-fragment=\"1\"><\/iframe>\n\n\n\n<\/p>\n\n\n\n<h3 class=\"wp-block-heading\">11 E 22nd Street, Floor 2, New York, NY 10010 T: +1(212) 505-6805<\/h3>\n\n\n\n<hr class=\"wp-block-separator has-alpha-channel-opacity\"\/>\n\n\n\n<h2 class=\"wp-block-heading\"><span style=\"font-weight: 400;\">\u00dcber SIS International<\/span><\/h2>\n\n\n\n<p><a href=\"https:\/\/www.sisinternational.com\/de\/\"><span style=\"font-weight: 400;\">SIS International<\/span><\/a><span style=\"font-weight: 400;\"> bietet quantitative, qualitative und strategische Forschung an. Wir liefern Daten, Tools, Strategien, Berichte und Erkenntnisse zur Entscheidungsfindung. Wir f\u00fchren auch Interviews, Umfragen, Fokusgruppen und andere Methoden und Ans\u00e4tze der Marktforschung durch.<\/span><a href=\"https:\/\/www.sisinternational.com\/de\/uber-sis-international-research\/contact-sis-international-market-research\/\"><span style=\"font-weight: 400;\"> Kontakt<\/span><\/a><span style=\"font-weight: 400;\"> f\u00fcr Ihr n\u00e4chstes Marktforschungsprojekt.<\/span><\/p>\n\n\n\n<p><\/p>\n\n\n\n<h2 class=\"wp-block-heading\">&nbsp;<\/h2>","protected":false},"excerpt":{"rendered":"<p>Erweitern Sie Ihr Gesch\u00e4ft mit Marktforschung in Bulgarien.<\/p>","protected":false},"author":1,"featured_media":85249,"parent":14510,"menu_order":44,"comment_status":"closed","ping_status":"closed","template":"","meta":{"footnotes":""},"class_list":["post-38919","page","type-page","status-publish","has-post-thumbnail"],"_links":{"self":[{"href":"https:\/\/www.sisinternational.com\/de\/wp-json\/wp\/v2\/pages\/38919","targetHints":{"allow":["GET"]}}],"collection":[{"href":"https:\/\/www.sisinternational.com\/de\/wp-json\/wp\/v2\/pages"}],"about":[{"href":"https:\/\/www.sisinternational.com\/de\/wp-json\/wp\/v2\/types\/page"}],"author":[{"embeddable":true,"href":"https:\/\/www.sisinternational.com\/de\/wp-json\/wp\/v2\/users\/1"}],"replies":[{"embeddable":true,"href":"https:\/\/www.sisinternational.com\/de\/wp-json\/wp\/v2\/comments?post=38919"}],"version-history":[{"count":8,"href":"https:\/\/www.sisinternational.com\/de\/wp-json\/wp\/v2\/pages\/38919\/revisions"}],"predecessor-version":[{"id":85252,"href":"https:\/\/www.sisinternational.com\/de\/wp-json\/wp\/v2\/pages\/38919\/revisions\/85252"}],"up":[{"embeddable":true,"href":"https:\/\/www.sisinternational.com\/de\/wp-json\/wp\/v2\/pages\/14510"}],"wp:featuredmedia":[{"embeddable":true,"href":"https:\/\/www.sisinternational.com\/de\/wp-json\/wp\/v2\/media\/85249"}],"wp:attachment":[{"href":"https:\/\/www.sisinternational.com\/de\/wp-json\/wp\/v2\/media?parent=38919"}],"curies":[{"name":"wp","href":"https:\/\/api.w.org\/{rel}","templated":true}]}}