{"id":38914,"date":"2021-09-25T02:28:00","date_gmt":"2021-09-25T02:28:00","guid":{"rendered":"https:\/\/www.sisinternational.com\/?page_id=38914"},"modified":"2025-09-15T00:27:31","modified_gmt":"2025-09-15T04:27:31","slug":"esg-investmentmarktforschung","status":"publish","type":"page","link":"https:\/\/www.sisinternational.com\/de\/sachverstand\/esg-investmentmarktforschung\/","title":{"rendered":"ESG-Investment-Marktforschung"},"content":{"rendered":"<h1 class=\"wp-block-heading p1\">ESG-Investment-Marktforschung<\/h1>\n\n\n\n<figure class=\"gb-block-image gb-block-image-7c51963a\"><img loading=\"lazy\" decoding=\"async\" width=\"1456\" height=\"816\" class=\"gb-image gb-image-7c51963a\" src=\"https:\/\/www.sisinternational.com\/wp-content\/uploads\/2025\/08\/Environmental-Services-3.jpg\" alt=\"SIS International Marktforschung &amp; Strategie\" title=\"Environmental Services (3)\" srcset=\"https:\/\/www.sisinternational.com\/wp-content\/uploads\/2025\/08\/Environmental-Services-3.jpg 1456w, https:\/\/www.sisinternational.com\/wp-content\/uploads\/2025\/08\/Environmental-Services-3-300x168.jpg 300w, https:\/\/www.sisinternational.com\/wp-content\/uploads\/2025\/08\/Environmental-Services-3-1024x574.jpg 1024w, https:\/\/www.sisinternational.com\/wp-content\/uploads\/2025\/08\/Environmental-Services-3-768x430.jpg 768w, https:\/\/www.sisinternational.com\/wp-content\/uploads\/2025\/08\/Environmental-Services-3-18x10.jpg 18w\" sizes=\"auto, (max-width: 1456px) 100vw, 1456px\"><\/figure>\n\n\n\n<p><\/p>\n\n\n\n<h2 class=\"wp-block-heading p2\">Was ist ESG-Investing<\/h2>\n\n\n\n<p class=\"p3\">ESG-Investitionen (Environmental, Social, and Governance) sind ein Modell, das Umwelt-, Sozial- und Governance-Faktoren (ESG) ber\u00fccksichtigt. Bei ESG-Investitionen t\u00e4tigen Unternehmer ihre Investitionen unter Ber\u00fccksichtigung der Umwelt. Sie ber\u00fccksichtigen auch das menschliche Wohlergehen und die Wirtschaft.<\/p>\n\n\n\n<p class=\"p3\">Der Umweltaspekt (E) bestimmt, wie ein Unternehmen als Verwalter der Natur handelt. Er gibt an, welche Auswirkungen die T\u00e4tigkeit des Unternehmens auf die Umwelt hat. Er steuert auch die damit verbundenen Risiken. Dar\u00fcber hinaus dient er der Verwaltung und Erhaltung der nat\u00fcrlichen Welt.<\/p>\n\n\n\n<p class=\"p3\">Social (S) zeigt die Verbindung mit Menschen innerhalb und au\u00dferhalb des Unternehmens. Dazu k\u00f6nnen Mitarbeiter, Lieferanten und der Bereich geh\u00f6ren, in dem das Unternehmen t\u00e4tig ist.<\/p>\n\n\n\n<p class=\"p3\">Governance (G) zeigt, wie das Unternehmen agiert. Investoren m\u00f6chten wissen, wie und welche Entscheidungen sie hinter verschlossenen T\u00fcren treffen k\u00f6nnen.<\/p>\n\n\n\n<h2 class=\"wp-block-heading p2\">Warum sind ESG-Investitionen wichtig?<\/h2>\n\n\n\n<p class=\"p3\">The European Green Deal is an example of planning with the climate in mind. This Deal is a set of policies that aims to make Europe climate-neutral by 2050. The goal is for member states to have circular economies, which put an end to waste. Such economies also circulate <a href=\"https:\/\/www.sisinternational.com\/de\/sachverstand\/branchen\/marktforschung-zu-naturlichen-ressourcen\/\" title=\"Marktforschung f\u00fcr nat\u00fcrliche Ressourcen\"  data-wpil-monitor-id=\"7869\">resources and regenerate nature<\/a>. Another critical point about circular economies is that they aim for net-zero emissions.<\/p>\n\n\n\n<p class=\"p3\">The European Union is already advanced in this quest. The United States also teases a decarbonized economy. Our country plans to have net-zero emissions by 2050.<\/p>\n\n\n\n<p class=\"p3\">ESG investing has held the interest of private investors and millennial businesspeople. Investing in <a href=\"https:\/\/www.sisinternational.com\/de\/top-unternehmen-fur-b2b-markteinfuhrungsstrategien\/\" title=\"F\u00fchrendes Unternehmen f\u00fcr B2B-Markteinf\u00fchrungsstrategien\"  data-wpil-monitor-id=\"7870\">companies with good ESG strategies<\/a> can result in high ROI. Also, fewer lending and revenue risks would come to the surface. Another great thing about ESG investing is that it is excellent for the planet. It results in clean air and water and a healthy environment.<\/p>\n\n\n\n<h2 class=\"wp-block-heading p2\">Wichtige Berufsbezeichnungen<\/h2>\n\n\n\n<figure class=\"gb-block-image gb-block-image-597643f0\"><img loading=\"lazy\" decoding=\"async\" width=\"1456\" height=\"816\" class=\"gb-image gb-image-597643f0\" src=\"https:\/\/www.sisinternational.com\/wp-content\/uploads\/2025\/08\/Environmental-Services-2.jpg\" alt=\"SIS International Marktforschung &amp; Strategie\" title=\"Environmental Services (2)\" srcset=\"https:\/\/www.sisinternational.com\/wp-content\/uploads\/2025\/08\/Environmental-Services-2.jpg 1456w, https:\/\/www.sisinternational.com\/wp-content\/uploads\/2025\/08\/Environmental-Services-2-300x168.jpg 300w, https:\/\/www.sisinternational.com\/wp-content\/uploads\/2025\/08\/Environmental-Services-2-1024x574.jpg 1024w, https:\/\/www.sisinternational.com\/wp-content\/uploads\/2025\/08\/Environmental-Services-2-768x430.jpg 768w, https:\/\/www.sisinternational.com\/wp-content\/uploads\/2025\/08\/Environmental-Services-2-18x10.jpg 18w\" sizes=\"auto, (max-width: 1456px) 100vw, 1456px\"><\/figure>\n\n\n\n<p><\/p>\n\n\n\n<h3 class=\"wp-block-heading p3\">F\u00fcr Personen mit Interesse an ESG gibt es viele verschiedene Berufe. Einige davon umfassen Titel wie:<\/h3>\n\n\n\n<ul class=\"wp-block-list ul1\">\n<li><b>Stadtplaner<\/b>: ein fester Bestandteil der ESG-Community. Die Hauptaufgabe von Stadtplanern besteht darin, die beste Nutzung des Landes zum Nutzen des Projekts zu planen. Planer entwickeln auch M\u00f6glichkeiten, um die negativen Auswirkungen auf die Umwelt zu verringern. Ihre Aufgabe ist es, den Entwurf f\u00fcr alle Projekte zu erstellen.<\/li>\n\n\n\n<li><b>ESG Energiemanager<\/b> ist ein weiterer wichtiger Job. Diese Person verringert den Einsatz von Umwelt- und Finanzressourcen. Sie muss auch Ideen zur Kontrolle des Wasser- und Energieverbrauchs entwickeln.<\/li>\n\n\n\n<li><b>\u00d6kologe: <\/b>\u00d6kologen gelten als die M\u00fctter des ESG-Investierens. Ihre Aufgabe ist es auch, aufzuzeigen, wie sich Menschen und ihre Aktivit\u00e4ten auf die Umwelt auswirken. Ziel dieser Rolle ist es, die negativen Auswirkungen der Menschen auf die Umwelt umzukehren.<\/li>\n\n\n\n<li><b>ESG Luftqualit\u00e4tsingenieur<\/b>; This person helps with smog, emissions, and fires in the area. They are tasked with tracking pollution to the exact source and setting fines. They may also enforce legal action onto those caught breaking their rules. These rules serve to protect the environment.<\/li>\n<\/ul>\n\n\n\n<h2 class=\"wp-block-heading p2\">Why Businesses Need ESG Investing<\/h2>\n\n\n\n<p class=\"p3\">Es gibt Ger\u00fcchte, dass ESG bald verpflichtend werden k\u00f6nnte. Unternehmen m\u00fcssen ESG-Richtlinien befolgen. Das ist eine hervorragende M\u00f6glichkeit, die Konkurrenz zu dominieren und Erfolg zu sichern.<\/p>\n\n\n\n<p class=\"p3\">Any start-up business should include an ESG investing component. Studies show that companies that use ESG practices have better outcomes. ESG has many rewards. For example, it leads to financial growth and high employee productivity.<\/p>\n\n\n\n<p class=\"p3\">Companies without any ESG policies tend to have high costs of capital and sudden changes. All these are due to events such as labor strikes and fraudulent accounting. Reasons such as these should prompt companies to involve ESG policies before it is too late.<\/p>\n\n\n\n<p class=\"p3\">Unternehmen sollten ihr Bestes tun, um die \u00f6kologischen und sozialen Faktoren von ESG zu ber\u00fccksichtigen. Andernfalls kann es sein, dass sie sich in Zukunft mit regulatorischen und rechtlichen Problemen auseinandersetzen m\u00fcssen.<\/p>\n\n\n\n<h2 class=\"wp-block-heading p2\">Schl\u00fcsselfaktoren f\u00fcr den Erfolg<\/h2>\n\n\n\n<p class=\"p3\">Erfolgreiche Unternehmen haben immer gro\u00dfartige Teams hinter sich. Bei ESG-Investitionen h\u00e4ngt viel von jedem Einzelnen ab.<\/p>\n\n\n\n<p class=\"p3\">Die Welt ver\u00e4ndert sich schnell. Da der Klimawandel eine immer gr\u00f6\u00dfere Bedrohung darstellt, wenden sich Unternehmen ESG zu. Um Erfolg zu haben, muss der CO2-Fu\u00dfabdruck solcher Unternehmen sinken. Erneuerbare Energien m\u00fcssen die Z\u00fcgel \u00fcbernehmen.<\/p>\n\n\n\n<p class=\"p3\">Bad press and ratings stem from environmental neglect. <a href=\"https:\/\/www.sisinternational.com\/de\/losungen\/strategieberatung\/esg-investor-marktforschung-strategieberatung\/\" title=\"ESG Investor Strategy Consulting\"  data-wpil-monitor-id=\"7871\">Investors now look at a company\u2019s ESG<\/a> rating before all. A low rating also means higher interest rates on loans. At the same time, a high ESG rating invites rewards such as better lending terms.<\/p>\n\n\n\n<p class=\"p3\">ESG-Investitionen sind ein ethischer Gesch\u00e4ftsanreiz. Obwohl der Hauptfokus auf der Erzielung von Gewinnen liegt, d\u00fcrfen wir dabei die Umwelt nicht sch\u00e4digen. Deshalb gibt es strenge Gesetze und Bu\u00dfgelder, um dies zu verhindern.<\/p>\n\n\n\n<h2 class=\"wp-block-heading p2\">\u00dcber ESG-Investitionen<\/h2>\n\n\n\n<p class=\"p3\">ESG Investing is the future of investing. Climate change is happening, and this is a measure to combat it. <a href=\"https:\/\/www.sisinternational.com\/de\/abdeckung\/die-amerikaner\/usa-berichterstattung\/marktforschungsunternehmen-atlanta\/\" title=\"Marktforschungsunternehmen in Atlanta\"  data-wpil-monitor-id=\"7868\">Marktforschung<\/a> into this also proves that many companies have adopted ESG practices. ESG Investing is growing, and it is working. In the end, \u201cWho Cares Wins.\u201d<\/p>\n\n\n\n<p class=\"p4\">Many use <a href=\"https:\/\/www.sisinternational.com\/de\/abdeckung\/die-amerikaner\/usa-berichterstattung\/marktforschung-im-staat-new-york\/\" title=\"Marktforschung im Staat New York\"  data-wpil-monitor-id=\"7866\">Market Research to look at the state<\/a> of the business. We\u2019ve used it to examine ESG investing in this case. It would help if you carried out Qualitative, Quantitative, and Strategy <a href=\"https:\/\/www.sisinternational.com\/de\/losungen\/fokusgruppen-marktforschung\/\" title=\"Fokusgruppe Marktforschung\"  data-wpil-monitor-id=\"7867\">Research and used our Focus Groups<\/a> and Interviews. You can also use Surveys. Do all this, and the quality of your work will get much praise.<\/p>\n\n\n\n<p><\/p>","protected":false},"excerpt":{"rendered":"<p>SIS ist ein globales Marktforschungs- und Strategieberatungsunternehmen. Erweitern Sie Ihr Gesch\u00e4ft mit ESG Investing Market Research.<\/p>","protected":false},"author":1,"featured_media":64611,"parent":14514,"menu_order":77,"comment_status":"closed","ping_status":"closed","template":"","meta":{"footnotes":""},"class_list":["post-38914","page","type-page","status-publish","has-post-thumbnail"],"_links":{"self":[{"href":"https:\/\/www.sisinternational.com\/de\/wp-json\/wp\/v2\/pages\/38914","targetHints":{"allow":["GET"]}}],"collection":[{"href":"https:\/\/www.sisinternational.com\/de\/wp-json\/wp\/v2\/pages"}],"about":[{"href":"https:\/\/www.sisinternational.com\/de\/wp-json\/wp\/v2\/types\/page"}],"author":[{"embeddable":true,"href":"https:\/\/www.sisinternational.com\/de\/wp-json\/wp\/v2\/users\/1"}],"replies":[{"embeddable":true,"href":"https:\/\/www.sisinternational.com\/de\/wp-json\/wp\/v2\/comments?post=38914"}],"version-history":[{"count":4,"href":"https:\/\/www.sisinternational.com\/de\/wp-json\/wp\/v2\/pages\/38914\/revisions"}],"predecessor-version":[{"id":81327,"href":"https:\/\/www.sisinternational.com\/de\/wp-json\/wp\/v2\/pages\/38914\/revisions\/81327"}],"up":[{"embeddable":true,"href":"https:\/\/www.sisinternational.com\/de\/wp-json\/wp\/v2\/pages\/14514"}],"wp:featuredmedia":[{"embeddable":true,"href":"https:\/\/www.sisinternational.com\/de\/wp-json\/wp\/v2\/media\/64611"}],"wp:attachment":[{"href":"https:\/\/www.sisinternational.com\/de\/wp-json\/wp\/v2\/media?parent=38914"}],"curies":[{"name":"wp","href":"https:\/\/api.w.org\/{rel}","templated":true}]}}