{"id":38897,"date":"2021-09-25T00:55:47","date_gmt":"2021-09-25T00:55:47","guid":{"rendered":"https:\/\/www.sisinternational.com\/?page_id=38897"},"modified":"2026-01-25T16:52:33","modified_gmt":"2026-01-25T21:52:33","slug":"politik-elite-marktforschung","status":"publish","type":"page","link":"https:\/\/www.sisinternational.com\/de\/sachverstand\/politik-elite-marktforschung\/","title":{"rendered":"Policy Elite Marktforschung\u00a0"},"content":{"rendered":"<h1 class=\"wp-block-heading\">Policy Elite Marktforschung<\/h1>\n\n\n\n<figure class=\"gb-block-image gb-block-image-15e0dce4\"><img loading=\"lazy\" decoding=\"async\" width=\"1456\" height=\"816\" class=\"gb-image gb-image-15e0dce4\" src=\"https:\/\/www.sisinternational.com\/wp-content\/uploads\/2025\/08\/Government-federal-municipal-2.jpg\" alt=\"SIS International Marktforschung &amp; Strategie\" title=\"Government federal municipal (2)\" srcset=\"https:\/\/www.sisinternational.com\/wp-content\/uploads\/2025\/08\/Government-federal-municipal-2.jpg 1456w, https:\/\/www.sisinternational.com\/wp-content\/uploads\/2025\/08\/Government-federal-municipal-2-300x168.jpg 300w, https:\/\/www.sisinternational.com\/wp-content\/uploads\/2025\/08\/Government-federal-municipal-2-1024x574.jpg 1024w, https:\/\/www.sisinternational.com\/wp-content\/uploads\/2025\/08\/Government-federal-municipal-2-768x430.jpg 768w, https:\/\/www.sisinternational.com\/wp-content\/uploads\/2025\/08\/Government-federal-municipal-2-18x10.jpg 18w\" sizes=\"auto, (max-width: 1456px) 100vw, 1456px\"><\/figure>\n\n\n\n<p><\/p>\n\n\n\n<h2 class=\"wp-block-heading p2\">Was ist Policy Elite Market Research?<\/h2>\n\n\n\n<p class=\"p3\">\u201ePolitische Eliten\u201c sind die staatlichen Akteure, die den politischen Entscheidungsprozess eines Landes gestalten. Der Begriff stammt aus der \u201eElitetheorie\u201c. Diese Theorie geht davon aus, dass die \u00f6ffentliche Politik die Interessen der herrschenden Eliten widerspiegelt. Die Elitetheorie teilt die Gesellschaft in zwei Hauptteile. Es gibt die wenigen, die Macht haben, und die vielen, die keine haben.<\/p>\n\n\n\n<p class=\"p3\">Die Macht hat wenig damit zu tun, was am Wahltag passiert. Sie liegt vielmehr bei einer kleinen Gruppe von Menschen, die als Eliten bekannt sind. Zu dieser Gruppe geh\u00f6ren wohlhabende Menschen. Sie umfasst auch Denker und Menschen mit anderen F\u00e4higkeiten. Sie sind diejenigen mit Macht und bilden die Oberschicht. Ihr Reichtum erm\u00f6glicht es ihnen, Schl\u00fcsselpositionen einzunehmen. Aufgrund ihrer Rolle sind sie diejenigen, die Entscheidungen treffen und Ressourcen verteilen. Sie nutzen diese Rolle zu ihrem Vorteil.<\/p>\n\n\n\n<h2 class=\"wp-block-heading p2\">Warum ist es wichtig?<\/h2>\n\n\n\n<p class=\"p3\">Die politischen Eliten spielen eine entscheidende Rolle. Sie gestalten die Politik und treffen Entscheidungen. Sie helfen auch dabei, die Massen in der Politik zu belehren bzw. einer Gehirnw\u00e4sche zu unterziehen. Dar\u00fcber hinaus helfen sie dabei, bestimmte Modellstandards in der Gesellschaft zu etablieren.<\/p>\n\n\n\n<p class=\"p3\">Many authors claim that elites are the <a href=\"https:\/\/www.sisinternational.com\/de\/schlusselfaktoren-fur-den-erfolg-in-der-automobilmarktforschung\/\" title=\"Erfolgsfaktoren in der Automobilmarktforschung\"  data-wpil-monitor-id=\"8736\">key to the success<\/a> of major shifts in society. They can influence both the economy and civil society. We need these factors for the government and other organs of society to function.<\/p>\n\n\n\n<p class=\"p3\">Civil society calls for a stable democratic state. The elites create the space for civil society to thrive outside of the state. Thus, they control this space while allowing civil society to be self-governing.<\/p>\n\n\n\n<p class=\"p3\">Eliten k\u00f6nnen ihre Macht auch dazu nutzen, einen politischen Wandel zu erzwingen. Zun\u00e4chst muss die Elite die Bev\u00f6lkerung mobilisieren. Sobald dies geschieht, k\u00f6nnen die Eliten die Massen ihrem Willen unterwerfen.<\/p>\n\n\n\n<h2 class=\"wp-block-heading p2\">Wichtige Berufsbezeichnungen<\/h2>\n\n\n\n<p class=\"p3\">Im Allgemeinen bekleiden Eliten einige der h\u00f6chsten Positionen im politischen System. Dazu geh\u00f6ren \u00d6konomen, Pr\u00e4sidenten und Minister. Spitzenb\u00fcrokraten, Kongressabgeordnete und Diplomaten sind weitere wichtige Rollen. Parteif\u00fchrer fallen ebenfalls in diese Gruppe. Eliten k\u00f6nnen aus hochrangigen Berufen kommen, darunter Anw\u00e4lte, Lehrer und Manager. Sie arbeiten sowohl im \u00f6ffentlichen als auch im privaten Sektor. Ein weiteres Beispiel sind Selfmade-Unternehmer.<\/p>\n\n\n\n<h2 class=\"wp-block-heading p2\">Warum Unternehmen politische Eliten brauchen<\/h2>\n\n\n\n<p class=\"p3\">When an elite makes policy choices, these choices usually benefit that elite. This rule includes any business owned, managed, or linked to a policy elite. Such companies stand to gain from decisions made. Elites can suggest policies that will have a positive <a href=\"https:\/\/www.sisinternational.com\/de\/die-auswirkungen-der-nigerianischen-marktkultur-auf-das-geschaft\/\" title=\"Der nigerianische Markt: Der Einfluss der Kultur auf das Gesch\u00e4ft\"  data-wpil-monitor-id=\"8737\">effect on a business<\/a>.<\/p>\n\n\n\n<p class=\"p3\">Businesses can count on elites to share their interests. Since the level of wealth contributes to elite status, elites can invest in many companies. These investments help them stay rich and preserve their elite status. Thus, one can link a business\u2019s success to an elite\u2019s wealth and vice versa. As a result, elites will be sure to reap benefits from decisions made.<\/p>\n\n\n\n<h2 class=\"wp-block-heading p2\">Schl\u00fcsselfaktoren f\u00fcr den Erfolg<\/h2>\n\n\n\n<figure class=\"gb-block-image gb-block-image-3d648d44\"><img loading=\"lazy\" decoding=\"async\" width=\"1456\" height=\"816\" class=\"gb-image gb-image-3d648d44\" src=\"https:\/\/www.sisinternational.com\/wp-content\/uploads\/2025\/08\/Government-federal-municipal-4.jpg\" alt=\"SIS International Marktforschung &amp; Strategie\" title=\"Government federal municipal (4)\" srcset=\"https:\/\/www.sisinternational.com\/wp-content\/uploads\/2025\/08\/Government-federal-municipal-4.jpg 1456w, https:\/\/www.sisinternational.com\/wp-content\/uploads\/2025\/08\/Government-federal-municipal-4-300x168.jpg 300w, https:\/\/www.sisinternational.com\/wp-content\/uploads\/2025\/08\/Government-federal-municipal-4-1024x574.jpg 1024w, https:\/\/www.sisinternational.com\/wp-content\/uploads\/2025\/08\/Government-federal-municipal-4-768x430.jpg 768w, https:\/\/www.sisinternational.com\/wp-content\/uploads\/2025\/08\/Government-federal-municipal-4-18x10.jpg 18w\" sizes=\"auto, (max-width: 1456px) 100vw, 1456px\"><\/figure>\n\n\n\n<p><\/p>\n\n\n\n<p class=\"p3\">Durch die Analyse von Fallstudien konnten einige der entscheidenden Erfolgsfaktoren f\u00fcr Eliten ermittelt werden. Einige davon sind die folgenden:<\/p>\n\n\n\n<p class=\"p3\">1. Die Eliten m\u00fcssen w\u00e4hrend des politischen Entscheidungsprozesses offen und ehrlich sprechen.<\/p>\n\n\n\n<p class=\"p3\">2. Die Menschen m\u00fcssen auch verhandlungsbereit sein.<\/p>\n\n\n\n<p class=\"p3\">3. Die Verhandlungen sollten von den internen Eliten begonnen werden. Sie sollten nicht von externen Kr\u00e4ften beeinflusst werden.<\/p>\n\n\n\n<p class=\"p3\">4. Eliten m\u00fcssen exklusiv sein. Dieser Faktor verhindert m\u00f6gliche Gegenreaktionen entfremdeter extremistischer Gruppen.<\/p>\n\n\n\n<p class=\"p3\">5. Die Eliten m\u00fcssen w\u00e4hrend des gesamten Prozesses ihre Macht behalten, um die Umsetzung politischer Ma\u00dfnahmen sicherzustellen. Au\u00dferdem stellen sie sicher, dass die Personen innerhalb ihrer Parteien sich an diese halten.<\/p>\n\n\n\n<p class=\"p3\">Wenn diese Erfolgsfaktoren beachtet werden, k\u00f6nnen Eliten Erfolge erzielen.<\/p>\n\n\n\n<h2 class=\"wp-block-heading p2\">\u00dcber Policy Elite Market Research<\/h2>\n\n\n\n<p class=\"p4\">Knowing the elite theory is key to analyzing policy elites. Quantitative, Qualitative, and strategy <a href=\"https:\/\/www.sisinternational.com\/de\/abdeckung\/europa\/marktforschung-im-vatikan\/\" title=\"Marktforschung im Vatikan\"  data-wpil-monitor-id=\"3786\">research are also helpful when doing market<\/a> research on these elites. Our <a href=\"https:\/\/www.sisinternational.com\/de\/weltweit-fuhrendes-unternehmen-fur-fokusgruppen\/\" title=\"Top-Unternehmen der Global Focus Group\"  data-wpil-monitor-id=\"8735\">company also offers Focus Groups<\/a>, Interviews, and Surveys.<\/p>\n\n\n\n<p><\/p>","protected":false},"excerpt":{"rendered":"<p>Politische Eliten neigen dazu, Entscheidungen zu treffen, die ihren Unternehmen zugute kommen. Steigern Sie Ihr Gesch\u00e4ft und Ihren Einfluss mit Policy Elite Market Research.<\/p>","protected":false},"author":1,"featured_media":64505,"parent":14514,"menu_order":76,"comment_status":"closed","ping_status":"closed","template":"","meta":{"footnotes":""},"class_list":["post-38897","page","type-page","status-publish","has-post-thumbnail"],"_links":{"self":[{"href":"https:\/\/www.sisinternational.com\/de\/wp-json\/wp\/v2\/pages\/38897","targetHints":{"allow":["GET"]}}],"collection":[{"href":"https:\/\/www.sisinternational.com\/de\/wp-json\/wp\/v2\/pages"}],"about":[{"href":"https:\/\/www.sisinternational.com\/de\/wp-json\/wp\/v2\/types\/page"}],"author":[{"embeddable":true,"href":"https:\/\/www.sisinternational.com\/de\/wp-json\/wp\/v2\/users\/1"}],"replies":[{"embeddable":true,"href":"https:\/\/www.sisinternational.com\/de\/wp-json\/wp\/v2\/comments?post=38897"}],"version-history":[{"count":5,"href":"https:\/\/www.sisinternational.com\/de\/wp-json\/wp\/v2\/pages\/38897\/revisions"}],"predecessor-version":[{"id":81466,"href":"https:\/\/www.sisinternational.com\/de\/wp-json\/wp\/v2\/pages\/38897\/revisions\/81466"}],"up":[{"embeddable":true,"href":"https:\/\/www.sisinternational.com\/de\/wp-json\/wp\/v2\/pages\/14514"}],"wp:featuredmedia":[{"embeddable":true,"href":"https:\/\/www.sisinternational.com\/de\/wp-json\/wp\/v2\/media\/64505"}],"wp:attachment":[{"href":"https:\/\/www.sisinternational.com\/de\/wp-json\/wp\/v2\/media?parent=38897"}],"curies":[{"name":"wp","href":"https:\/\/api.w.org\/{rel}","templated":true}]}}