{"id":38806,"date":"2021-09-14T03:12:38","date_gmt":"2021-09-14T03:12:38","guid":{"rendered":"https:\/\/www.sisinternational.com\/?page_id=38806"},"modified":"2026-01-27T16:45:49","modified_gmt":"2026-01-27T21:45:49","slug":"marktforschung-kroatien","status":"publish","type":"page","link":"https:\/\/www.sisinternational.com\/de\/abdeckung\/europa\/marktforschung-kroatien\/","title":{"rendered":"Marktforschung in Kroatien"},"content":{"rendered":"<h1 class=\"wp-block-heading\">Marktforschung in Kroatien<\/h1>\n\n\n\n<figure class=\"gb-block-image gb-block-image-f33a9387\"><img loading=\"lazy\" decoding=\"async\" width=\"1456\" height=\"816\" class=\"gb-image gb-image-f33a9387\" src=\"https:\/\/www.sisinternational.com\/wp-content\/uploads\/2025\/09\/Croatia-2.jpg\" alt=\"SIS International Marktforschung &amp; Strategie\" title=\"Croatia (2)\" srcset=\"https:\/\/www.sisinternational.com\/wp-content\/uploads\/2025\/09\/Croatia-2.jpg 1456w, https:\/\/www.sisinternational.com\/wp-content\/uploads\/2025\/09\/Croatia-2-300x168.jpg 300w, https:\/\/www.sisinternational.com\/wp-content\/uploads\/2025\/09\/Croatia-2-1024x574.jpg 1024w, https:\/\/www.sisinternational.com\/wp-content\/uploads\/2025\/09\/Croatia-2-768x430.jpg 768w, https:\/\/www.sisinternational.com\/wp-content\/uploads\/2025\/09\/Croatia-2-18x10.jpg 18w\" sizes=\"auto, (max-width: 1456px) 100vw, 1456px\"><\/figure>\n\n\n\n<hr class=\"wp-block-separator has-alpha-channel-opacity is-style-dots\"\/>\n\n\n\n<h3 class=\"wp-block-heading\">Unternehmen ben\u00f6tigen Marktforschung in Kroatien, um die Komplexit\u00e4t dieses sich entwickelnden Marktes zu meistern und die sich bietenden Chancen zu nutzen. Sie m\u00fcssen das lokale Verbraucherverhalten, die wirtschaftlichen Bedingungen und die Wettbewerbsdynamik verstehen.<\/h3>\n\n\n\n<p>M\u00f6chten Sie Ihr Gesch\u00e4ft auf den dynamischen kroatischen Markt ausweiten? Marktforschung in Kroatien ist ein wichtiges Instrument f\u00fcr Unternehmen, die auf diesem aufstrebenden und wettbewerbsintensiven Markt erfolgreich sein wollen. Da Kroatien sich weiter in die Europ\u00e4ische Union integriert, ist das Verst\u00e4ndnis der lokalen Marktdynamik und des Verbraucherverhaltens entscheidend f\u00fcr den Erfolg.<\/p>\n\n\n\n<h2 class=\"wp-block-heading\">Was ist Marktforschung in Kroatien?<\/h2>\n\n\n\n<p>Marktforschung in Kroatien liefert Unternehmen wichtige Einblicke in das lokale Wirtschaftsumfeld, Verbraucherpr\u00e4ferenzen und Markttrends. Durch die Nutzung dieser Erkenntnisse k\u00f6nnen Unternehmen fundierte Entscheidungen treffen, die ihre Marktposition und Wachstumsaussichten verbessern. Dar\u00fcber hinaus liefert Marktforschung wertvolle Informationen \u00fcber Verbraucherbed\u00fcrfnisse, Marktnachfrage und Wettbewerbsdynamik f\u00fcr Unternehmen, die in Kroatien Fu\u00df fassen oder dort expandieren m\u00f6chten.<\/p>\n\n\n\n<h2 class=\"wp-block-heading\">Warum brauchen Unternehmen Marktforschung in Kroatien?<\/h2>\n\n\n\n<p>Marktforschung in Kroatien hilft Unternehmen, die lokalen Verbraucherpr\u00e4ferenzen zu verstehen und ist entscheidend, um Produkte und Dienstleistungen an die Bed\u00fcrfnisse und Erwartungen kroatischer Kunden anzupassen. Marktforschung bietet Einblicke in Kaufgewohnheiten, Lifestyle-Trends und regionale Unterschiede, sodass Unternehmen gezielte Marketingstrategien entwickeln und ihr Produktangebot optimieren k\u00f6nnen.<\/p>\n\n\n\n<p>Dar\u00fcber hinaus hilft Marktforschung Unternehmen, \u00fcber wirtschaftliche Trends und potenzielle Risiken informiert zu bleiben. Mit genauen Daten zu den Marktbedingungen k\u00f6nnen Unternehmen Ver\u00e4nderungen vorhersehen und ihre Strategien entsprechend anpassen. Dieser proaktive Ansatz minimiert Risiken und maximiert Chancen und tr\u00e4gt so zum langfristigen Erfolg auf dem kroatischen Markt bei.<\/p>\n\n\n\n<h2 class=\"wp-block-heading\">Wann sollte man in Kroatien Marktforschung betreiben?<\/h2>\n\n\n\n<figure class=\"gb-block-image gb-block-image-ad453148\"><img loading=\"lazy\" decoding=\"async\" width=\"1456\" height=\"816\" class=\"gb-image gb-image-ad453148\" src=\"https:\/\/www.sisinternational.com\/wp-content\/uploads\/2025\/09\/Croatia-3.jpg\" alt=\"SIS International Marktforschung &amp; Strategie\" title=\"Croatia (3)\" srcset=\"https:\/\/www.sisinternational.com\/wp-content\/uploads\/2025\/09\/Croatia-3.jpg 1456w, https:\/\/www.sisinternational.com\/wp-content\/uploads\/2025\/09\/Croatia-3-300x168.jpg 300w, https:\/\/www.sisinternational.com\/wp-content\/uploads\/2025\/09\/Croatia-3-1024x574.jpg 1024w, https:\/\/www.sisinternational.com\/wp-content\/uploads\/2025\/09\/Croatia-3-768x430.jpg 768w, https:\/\/www.sisinternational.com\/wp-content\/uploads\/2025\/09\/Croatia-3-18x10.jpg 18w\" sizes=\"auto, (max-width: 1456px) 100vw, 1456px\"><\/figure>\n\n\n\n<p><\/p>\n\n\n\n<p>Businesses should engage in <a href=\"https:\/\/www.sisinternational.com\/de\/eintritt-in-den-lateinamerikanischen-markt\/\" title=\"Eintritt in den lateinamerikanischen Markt\"  data-wpil-monitor-id=\"7562\">Marktforschung<\/a> during the planning phase of entering the Croatian market to understand the local landscape, consumer preferences, and potential barriers to entry. This initial <a href=\"https:\/\/www.sisinternational.com\/de\/sachverstand\/branchen\/kreuztabelle-marktforschung\/\" title=\"Kreuztabellen-Marktforschung\"  data-wpil-monitor-id=\"4924\">Forschung<\/a> helps companies tailor their products and marketing strategies to meet the needs of Croatian consumers.<\/p>\n\n\n\n<p><a href=\"https:\/\/www.sisinternational.com\/de\/losungen\/verbrauchermarktforschung\/\">Marktforschung<\/a> ist auch bei der Einf\u00fchrung neuer Produkte oder Dienstleistungen in Kroatien von entscheidender Bedeutung. Durch das Sammeln von Erkenntnissen \u00fcber Verbraucherreaktionen, Marktnachfrage und Wettbewerbsposition k\u00f6nnen Unternehmen ihr Angebot verfeinern und ihre Erfolgschancen maximieren. Kontinuierliche Forschung w\u00e4hrend des gesamten Produktlebenszyklus erm\u00f6glicht es Unternehmen, \u00fcber Markttrends auf dem Laufenden zu bleiben und sich an ver\u00e4ndertes Verbraucherverhalten anzupassen.<\/p>\n\n\n\n<p>Dar\u00fcber hinaus sollten Unternehmen Marktforschung betreiben, wenn sie die Leistung ihrer Produkte oder Dienstleistungen in Kroatien bewerten. Das Verst\u00e4ndnis von Kundenfeedback und Marktdynamik hilft dabei, Bereiche f\u00fcr Verbesserungen und Innovationen zu identifizieren. Diese kontinuierliche Bewertung stellt sicher, dass Unternehmen wettbewerbsf\u00e4hig bleiben und den Marktanforderungen entsprechen.<\/p>\n\n\n\n<h2 class=\"wp-block-heading\">Unser aktueller Markt\u00fcberblick und unsere Empfehlungen<\/h2>\n\n\n\n<p>Wir haben festgestellt, dass Kroatien in den Bereichen Tourismus, Technologie und erneuerbare Energien ein erhebliches Wachstum verzeichnet. Die Tourismusbranche w\u00e4chst weiterhin, angetrieben von der atemberaubenden K\u00fcste, den historischen St\u00e4tten und den kulturellen Attraktionen des Landes. Dar\u00fcber hinaus boomt der Technologiesektor, und es entstehen immer mehr Start-ups und Technologieunternehmen, insbesondere in st\u00e4dtischen Zentren wie Zagreb. Initiativen f\u00fcr erneuerbare Energien gewinnen ebenfalls an Bedeutung, da Kroatien versucht, seine Abh\u00e4ngigkeit von fossilen Brennstoffen zu verringern und eine nachhaltige Entwicklung zu f\u00f6rdern.<\/p>\n\n\n\n<p>Der kroatische Markt d\u00fcrfte seinen Wachstumskurs fortsetzen, unterst\u00fctzt durch die fortschreitende EU-Integration und Investitionen in die Infrastruktur. Die junge und gut ausgebildete Belegschaft des Landes ist bestens aufgestellt, um Innovation und wirtschaftliche Entwicklung voranzutreiben.<\/p>\n\n\n\n<p><em><strong>Potenzieller ROI:<\/strong> <\/em><\/p>\n\n\n\n<p>Investitionen in Kroatien bieten vielversprechende Renditen, insbesondere in wachstumsstarken Sektoren wie Tourismus, Technologie und erneuerbare Energien. Um einen optimalen ROI zu erzielen, ist jedoch ein gut durchdachter Ansatz erforderlich, der die lokalen Marktbedingungen, Verbraucherpr\u00e4ferenzen und gesetzlichen Anforderungen ber\u00fccksichtigt. Strategische Investitionen in Marktforschung k\u00f6nnen das Erfolgs- und Rentabilit\u00e4tspotenzial erheblich steigern.<\/p>\n\n\n\n<h2 class=\"wp-block-heading p2\">Kroatien ist ein wundersch\u00f6nes Land an der Schnittstelle zwischen Mittel- und S\u00fcdosteuropa.<\/h2>\n\n\n\n<figure class=\"gb-block-image gb-block-image-921dfbb4\"><img loading=\"lazy\" decoding=\"async\" width=\"1456\" height=\"816\" class=\"gb-image gb-image-921dfbb4\" src=\"https:\/\/www.sisinternational.com\/wp-content\/uploads\/2025\/09\/Croatia-5.jpg\" alt=\"SIS International Marktforschung &amp; Strategie\" title=\"Croatia (5)\" srcset=\"https:\/\/www.sisinternational.com\/wp-content\/uploads\/2025\/09\/Croatia-5.jpg 1456w, https:\/\/www.sisinternational.com\/wp-content\/uploads\/2025\/09\/Croatia-5-300x168.jpg 300w, https:\/\/www.sisinternational.com\/wp-content\/uploads\/2025\/09\/Croatia-5-1024x574.jpg 1024w, https:\/\/www.sisinternational.com\/wp-content\/uploads\/2025\/09\/Croatia-5-768x430.jpg 768w, https:\/\/www.sisinternational.com\/wp-content\/uploads\/2025\/09\/Croatia-5-18x10.jpg 18w\" sizes=\"auto, (max-width: 1456px) 100vw, 1456px\"><\/figure>\n\n\n\n<p><\/p>\n\n\n\n<p class=\"p2\">Das halbmondf\u00f6rmige Land hat niedrige Berge und Hochland in K\u00fcstenn\u00e4he. Dar\u00fcber hinaus gibt es viele flache Ebenen und eine gro\u00dfe Anzahl von Inseln.<\/p>\n\n\n\n<p class=\"p2\">Die erste moderne Siedlung Kroatiens entstand im fr\u00fchen 7. Jahrhundert. W\u00e4hrend des Ersten und Zweiten Weltkriegs str\u00f6mten Fl\u00fcchtlinge ins Land. Heute ist Kroatien eine Republik, die von einem Parlament regiert wird.<\/p>\n\n\n\n<p class=\"p2\">Aufgrund seiner reichen Geschichte und der sch\u00f6nen Landschaft wurde es zum Drehort f\u00fcr Teile der HBO-Serie <i>Game of Thrones<\/i>In diesem Land haben Sie viele M\u00f6glichkeiten, Neues zu erkunden und zu entdecken.<\/p>\n\n\n\n<h2 class=\"wp-block-heading p3\">Touristenattraktionen und Viertel<\/h2>\n\n\n\n<p class=\"p2\">Kroatien ist seit Kurzem ein beliebtes Urlaubsziel und wird von immer mehr Touristen auf ihre Reiserouten gesetzt. Das ganze Land ist atemberaubend, mit weltber\u00fchmten Stadtteilen wie Split, Zagreb und Hvar.<\/p>\n\n\n\n<p><strong>\u2022 Dubrovnik:<\/strong> Dubrovnik ist ber\u00fchmt f\u00fcr seine atemberaubende Altstadt, die von massiven Steinmauern umgeben ist. Dieses UNESCO-Weltkulturerbe bietet Besuchern mit seiner gut erhaltenen Architektur, den historischen Kirchen und den engen, kopfsteingepflasterten Stra\u00dfen einen Einblick in die mittelalterliche Geschichte der Stadt. Die Lage der Stadt an der Adria bietet malerische Ausblicke und M\u00f6glichkeiten f\u00fcr K\u00fcstenausfl\u00fcge.<\/p>\n\n\n\n<p><strong>\u2022 Nationalpark Plitvicer Seen:<\/strong> Der Nationalpark Plitvicer Seen ist eines der spektakul\u00e4rsten Naturwunder Kroatiens und bekannt f\u00fcr seine kaskadenartigen Seen, Wasserf\u00e4lle und \u00fcppigen W\u00e4lder. Dieses UNESCO-Weltkulturerbe ist ein Paradies f\u00fcr Naturliebhaber und bietet ausgedehnte Wanderwege, auf denen Besucher die einzigartige Landschaft erkunden k\u00f6nnen. Das kristallklare Wasser und die vielf\u00e4ltige Tierwelt des Parks machen ihn zu einem Muss f\u00fcr jeden Besucher.<\/p>\n\n\n\n<p><strong>\u2022 Teilt:<\/strong> Split, Kroatiens zweitgr\u00f6\u00dfte Stadt, ist ein lebendiges urbanes Zentrum mit einer reichen Geschichte. Das Herzst\u00fcck der Stadt ist der Diokletianpalast, ein riesiger r\u00f6mischer Palastkomplex, der heute das Herz der Altstadt bildet. Die Uferpromenade von Split, die gesch\u00e4ftigen M\u00e4rkte und die nahe gelegenen Str\u00e4nde ziehen Geschichtsliebhaber und Urlauber an.<\/p>\n\n\n\n<p><strong>\u2022 Insel Hvar:<\/strong> Die Insel Hvar ist bekannt f\u00fcr ihre atemberaubenden Landschaften, wundersch\u00f6nen Str\u00e4nde und ihr pulsierendes Nachtleben. Die historische Stadt Hvar bietet charmante Stra\u00dfen, historische Festungen und einen lebhaften Yachthafen voller Luxusyachten. Hvars mediterranes Klima und kristallklares Wasser machen es zu einem beliebten Reiseziel f\u00fcr Sonnenanbeter und Abenteuerlustige.<\/p>\n\n\n\n<p><strong>\u2022 Zagreb:<\/strong> Zagreb, die Hauptstadt Kroatiens, bietet eine Mischung aus historischem Charme und modernen Annehmlichkeiten. Die Oberstadt der Stadt besticht durch mittelalterliche Architektur, Kopfsteinpflasterstra\u00dfen und historische Sehensw\u00fcrdigkeiten wie die Markuskirche und die Zagreber Kathedrale. Die Unterstadt von Zagreb ist f\u00fcr ihre lebendige Kulturszene mit zahlreichen Museen, Galerien und Theatern bekannt.<\/p>\n\n\n\n<h2 class=\"wp-block-heading p3\">Schl\u00fcsselindustrien<\/h2>\n\n\n\n<p class=\"p2\">Croatia\u2019s main income products are food, drinks, tobacco, and chemical oil. The Croat people are also very skilled in agriculture, one of their key industries. Croatia is doing so well in agriculture that the World Bank has classed it as a high-income economy.<\/p>\n\n\n\n<p class=\"p2\">Croatia has many small farmers\u2019 markets scattered throughout the country. The vendors sell local fruits, vegetables, cheese, wine, and meat. Most are in the city centers, but others are in small villages.<\/p>\n\n\n\n<p>In jedem Fall wird Kroatiens Wirtschaft von mehreren Schl\u00fcsselindustrien angetrieben, die betr\u00e4chtliche Chancen f\u00fcr Unternehmen und Investoren bieten. Das Verst\u00e4ndnis dieser Industrien und ihrer wichtigsten Akteure ist f\u00fcr jedes Unternehmen, das in den kroatischen Markt eintritt, von entscheidender Bedeutung.<\/p>\n\n\n\n<ul class=\"wp-block-list\">\n<li><strong>Tourismus:<\/strong> Der Tourismus ist ein Eckpfeiler der kroatischen Wirtschaft und tr\u00e4gt erheblich zum BIP und zur Besch\u00e4ftigung bei. Die atemberaubende Adriak\u00fcste des Landes, historische St\u00e4dte wie Dubrovnik und Split sowie zahlreiche Inseln ziehen j\u00e4hrlich Millionen von Touristen an. Zu den wichtigsten Akteuren in diesem Sektor z\u00e4hlen Reiseb\u00fcros wie Atlas und Uniline sowie internationale Hotelketten wie Hilton und Marriott. Die laufende Entwicklung von Luxusresorts und \u00d6kotourismusprojekten st\u00e4rkt diese Branche weiterhin.<\/li>\n\n\n\n<li><strong>Technologie und Startups:<\/strong> Kroatiens Technologiesektor w\u00e4chst rasant und Zagreb entwickelt sich zu einem Technologiezentrum. Unternehmen wie Infobip, Rimac Automobili und Nanobit zeigen das Potenzial des Landes in den Bereichen Mobilkommunikation, Automobilinnovation und Gaming. Das unterst\u00fctzende Startup-\u00d6kosystem, das durch Regierungsinitiativen und Risikokapitalinvestitionen gef\u00f6rdert wird, treibt Innovation und technologischen Fortschritt voran.<\/li>\n\n\n\n<li><strong>Herstellung:<\/strong> Die Fertigung ist eine weitere wichtige Branche, da Kroatien alles von Autoteilen bis hin zu Pharmazeutika herstellt. Die Pr\u00e4senz etablierter Unternehmen wie Pliva (Pharmazie) und AD Plastik (Autoteile) unterstreicht die Vielfalt und Innovationsf\u00e4higkeit der Branche. Die strategische Lage des Landes und die qualifizierten Arbeitskr\u00e4fte steigern seine Attraktivit\u00e4t als Produktionsstandort zus\u00e4tzlich.<\/li>\n<\/ul>\n\n\n\n<h2 class=\"wp-block-heading\">F\u00fchrende Akteure auf dem kroatischen Markt<\/h2>\n\n\n\n<figure class=\"gb-block-image gb-block-image-88fdee43\"><img loading=\"lazy\" decoding=\"async\" width=\"1456\" height=\"816\" class=\"gb-image gb-image-88fdee43\" src=\"https:\/\/www.sisinternational.com\/wp-content\/uploads\/2025\/09\/Croatia-4.jpg\" alt=\"SIS International Marktforschung &amp; Strategie\" title=\"Croatia (4)\" srcset=\"https:\/\/www.sisinternational.com\/wp-content\/uploads\/2025\/09\/Croatia-4.jpg 1456w, https:\/\/www.sisinternational.com\/wp-content\/uploads\/2025\/09\/Croatia-4-300x168.jpg 300w, https:\/\/www.sisinternational.com\/wp-content\/uploads\/2025\/09\/Croatia-4-1024x574.jpg 1024w, https:\/\/www.sisinternational.com\/wp-content\/uploads\/2025\/09\/Croatia-4-768x430.jpg 768w, https:\/\/www.sisinternational.com\/wp-content\/uploads\/2025\/09\/Croatia-4-18x10.jpg 18w\" sizes=\"auto, (max-width: 1456px) 100vw, 1456px\"><\/figure>\n\n\n\n<p><\/p>\n\n\n\n<p>Der kroatische Markt wird von prominenten lokalen Unternehmen und einflussreichen internationalen Akteuren vertreten, die alle zur vielf\u00e4ltigen und dynamischen Wirtschaftslandschaft des Landes beitragen. Dazu geh\u00f6ren:<\/p>\n\n\n\n<ul class=\"wp-block-list\">\n<li><strong>Infobip:<\/strong> Infobip ist als weltweit f\u00fchrender Anbieter von Cloud-Kommunikation eines der erfolgreichsten Technologieunternehmen Kroatiens. Es bietet eine umfassende Suite von Messaging-L\u00f6sungen, mit denen Unternehmen per SMS, E-Mail, Sprache und Chat-Apps mit ihren Kunden kommunizieren k\u00f6nnen.<\/li>\n\n\n\n<li><strong>Rimac Automobili:<\/strong> Rimac Automobili ist ein renommierter Hersteller leistungsstarker Elektrofahrzeuge und Batteriesysteme. Bekannt f\u00fcr seine Spitzentechnologie und technische Exzellenz hat sich Rimac als Marktf\u00fchrer in der Automobilindustrie etabliert.<\/li>\n\n\n\n<li><strong>Unterboden:<\/strong> Podravka ist ein f\u00fchrendes Lebensmittelverarbeitungsunternehmen in Kroatien und bekannt f\u00fcr sein breites Angebot an Lebensmittelprodukten, darunter auch das ber\u00fchmte Vegeta-Gew\u00fcrz. Das Engagement des Unternehmens f\u00fcr Qualit\u00e4t und Innovation hat ihm geholfen, eine starke Pr\u00e4senz im In- und Ausland aufrechtzuerhalten.<\/li>\n\n\n\n<li><strong>HEP (Kroatisches Elektrizit\u00e4tsunternehmen):<\/strong> HEP ist der dominierende Akteur im kroatischen Energiesektor und verantwortlich f\u00fcr die Erzeugung, \u00dcbertragung und Verteilung von Elektrizit\u00e4t. Die erheblichen Investitionen des Unternehmens in Projekte f\u00fcr erneuerbare Energien unterstreichen sein Engagement f\u00fcr Nachhaltigkeit und Energieeffizienz.<\/li>\n\n\n\n<li><strong>Pliva:<\/strong> Pliva ist ein gro\u00dfes Pharmaunternehmen in Kroatien und seit langem f\u00fcr die Herstellung hochwertiger Medikamente bekannt. Als Teil der Teva Pharmaceutical Industries-Gruppe profitiert Pliva von umfangreichen Forschungs- und Entwicklungsressourcen, die es dem Unternehmen erm\u00f6glichen, sein Produktangebot zu erneuern und zu erweitern.<\/li>\n<\/ul>\n\n\n\n<h2 class=\"wp-block-heading p3\">Trends<\/h2>\n\n\n\n<p class=\"p2\">Kroatien hat eine sich entwickelnde, einkommensstarke, dienstleistungsbasierte Wirtschaft. Das Land litt unter den Jugoslawienkriegen in den 1990er Jahren. Erst nach dem Ende der Kriege begann sich die Wirtschaft zu erholen. Nach den Kriegen entwickelte sich das Land zu einer marktorientierten Wirtschaft. So ist die kroatische Wirtschaft heute eine der st\u00e4rksten in S\u00fcdosteuropa.<\/p>\n\n\n\n<h2 class=\"wp-block-heading p3\">Gr\u00fcnde f\u00fcr eine Unternehmensgr\u00fcndung in Kroatien<\/h2>\n\n\n\n<p class=\"p2\">Croatia\u2019s location is the main reason it is a great place to run a business. Moreover, Croatia has travel connections to Europe and the rest of the world by sea, road, and air, attracting many tourists. Other reasons are its modern infrastructure, stability overall, and educated workforce. The country also continues to develop its transport, telecommunications, and energy equipment.<\/p>\n\n\n\n<h2 class=\"wp-block-heading\">Erwartete Ergebnisse der SIS-Marktforschung in Kroatien<\/h2>\n\n\n\n<p><strong>Verbessertes Marktverst\u00e4ndnis:<\/strong><\/p>\n\n\n\n<p><a href=\"https:\/\/www.linkedin.com\/company\/sisinternationalresearch\/\" target=\"_blank\" rel=\"noopener\"><span style=\"font-weight: 400;\">SIS International<\/span><\/a>Die Marktforschung von bietet Unternehmen ein tiefgreifendes Verst\u00e4ndnis des kroatischen Marktes. Dazu geh\u00f6ren Einblicke in das Verbraucherverhalten, die Marktnachfrage und die Wettbewerbsdynamik. Mit diesem Wissen k\u00f6nnen Unternehmen ihre Strategien an die lokalen Vorlieben und Marktbedingungen anpassen.<\/p>\n\n\n\n<p><strong>Informierte Entscheidungsfindung:<\/strong><\/p>\n\n\n\n<p>Durch Marktforschung erhalten Unternehmen die Daten, die sie f\u00fcr fundierte Entscheidungen ben\u00f6tigen. Durch die Analyse von Markttrends und Verbraucherfeedback k\u00f6nnen Unternehmen Chancen und potenzielle Herausforderungen erkennen, was zu einer strategischeren Planung und effektiveren Umsetzung f\u00fchrt.<\/p>\n\n\n\n<p><strong>Risikominderung:<\/strong><\/p>\n\n\n\n<p>Einer der Hauptvorteile der Marktforschung ist ihre F\u00e4higkeit, Risiken zu mindern. Durch das Verst\u00e4ndnis der Marktlandschaft und potenzieller Fallstricke k\u00f6nnen Unternehmen Notfallpl\u00e4ne und proaktive Strategien entwickeln, um Unsicherheiten zu meistern. Dies verringert die Wahrscheinlichkeit kostspieliger Fehltritte und verbessert die allgemeine Gesch\u00e4ftsstabilit\u00e4t.<\/p>\n\n\n\n<p><strong>Verbesserter ROI:<\/strong><\/p>\n\n\n\n<p>Investitionen in Marktforschung f\u00fchren oft zu einem verbesserten ROI. Unternehmen k\u00f6nnen ihre Marketingbem\u00fchungen, Produktentwicklung und Betriebsstrategien optimieren, indem sie datengesteuerte Entscheidungen treffen. Dies steigert die Rentabilit\u00e4t und sorgt f\u00fcr nachhaltiges Wachstum auf dem kroatischen Markt.<\/p>\n\n\n\n<p><strong>Strategischer Vorteil:<\/strong><\/p>\n\n\n\n<p><a href=\"https:\/\/twitter.com\/SISIntlResearch\" target=\"_blank\" rel=\"noopener\"><span style=\"font-weight: 400;\">SIS<\/span><\/a> verschafft Unternehmen einen strategischen Vorteil gegen\u00fcber der Konkurrenz. Unternehmen k\u00f6nnen effektiver innovativ sein und sich anpassen, indem sie Markttrends und Verbraucherpr\u00e4ferenzen vorausschauend verfolgen. Dieser Wettbewerbsvorteil ist entscheidend f\u00fcr die Aufrechterhaltung und Ausweitung des Marktanteils.<\/p>\n\n\n\n<h2 class=\"wp-block-heading\">Unser Standort in New York<\/h2>\n\n\n\n<p>  <iframe loading=\"lazy\" src=\"https:\/\/www.google.com\/maps\/embed?pb=!1m18!1m12!1m3!1d3022.976188376966!2d-73.99130312499956!3d40.740549471389315!2m3!1f0!2f0!3f0!3m2!1i1024!2i768!4f13.1!3m3!1m2!1s0x89c259a15798c731%3A0xd695d09bdd495f25!2s11%20E%2022nd%20St%20FL%202%2C%20New%20York%2C%20NY%2010010%2C%20USA!5e0!3m2!1sen!2spe!4v1726171763526!5m2!1sen!2spe\" width=\"600\" height=\"450\" allowfullscreen=\"allowfullscreen\" data-mce-fragment=\"1\"><\/iframe>  <\/p>\n\n\n\n<h3 class=\"wp-block-heading\">11 E 22nd Street, Floor 2, New York, NY 10010 T: +1(212) 505-6805<\/h3>\n\n\n\n<hr class=\"wp-block-separator has-alpha-channel-opacity\"\/>\n\n\n\n<h2 class=\"wp-block-heading\"><span style=\"font-weight: 400;\">\u00dcber SIS International<\/span><\/h2>\n\n\n\n<p><a href=\"https:\/\/www.sisinternational.com\/de\/\"><span style=\"font-weight: 400;\">SIS International<\/span><\/a><span style=\"font-weight: 400;\"> bietet quantitative, qualitative und strategische Forschung an. Wir liefern Daten, Tools, Strategien, Berichte und Erkenntnisse zur Entscheidungsfindung. Wir f\u00fchren auch Interviews, Umfragen, Fokusgruppen und andere Methoden und Ans\u00e4tze der Marktforschung durch.<\/span><a href=\"https:\/\/www.sisinternational.com\/de\/uber-sis-international-research\/contact-sis-international-market-research\/\"><span style=\"font-weight: 400;\"> Kontakt<\/span><\/a><span style=\"font-weight: 400;\"> f\u00fcr Ihr n\u00e4chstes Marktforschungsprojekt.<\/span><\/p>\n\n\n\n<p><\/p>","protected":false},"excerpt":{"rendered":"<p>Erweitern Sie Ihr Gesch\u00e4ft mit Marktforschung in Kroatien.<\/p>","protected":false},"author":1,"featured_media":65946,"parent":14510,"menu_order":42,"comment_status":"closed","ping_status":"closed","template":"","meta":{"footnotes":""},"class_list":["post-38806","page","type-page","status-publish","has-post-thumbnail"],"_links":{"self":[{"href":"https:\/\/www.sisinternational.com\/de\/wp-json\/wp\/v2\/pages\/38806","targetHints":{"allow":["GET"]}}],"collection":[{"href":"https:\/\/www.sisinternational.com\/de\/wp-json\/wp\/v2\/pages"}],"about":[{"href":"https:\/\/www.sisinternational.com\/de\/wp-json\/wp\/v2\/types\/page"}],"author":[{"embeddable":true,"href":"https:\/\/www.sisinternational.com\/de\/wp-json\/wp\/v2\/users\/1"}],"replies":[{"embeddable":true,"href":"https:\/\/www.sisinternational.com\/de\/wp-json\/wp\/v2\/comments?post=38806"}],"version-history":[{"count":10,"href":"https:\/\/www.sisinternational.com\/de\/wp-json\/wp\/v2\/pages\/38806\/revisions"}],"predecessor-version":[{"id":81185,"href":"https:\/\/www.sisinternational.com\/de\/wp-json\/wp\/v2\/pages\/38806\/revisions\/81185"}],"up":[{"embeddable":true,"href":"https:\/\/www.sisinternational.com\/de\/wp-json\/wp\/v2\/pages\/14510"}],"wp:featuredmedia":[{"embeddable":true,"href":"https:\/\/www.sisinternational.com\/de\/wp-json\/wp\/v2\/media\/65946"}],"wp:attachment":[{"href":"https:\/\/www.sisinternational.com\/de\/wp-json\/wp\/v2\/media?parent=38806"}],"curies":[{"name":"wp","href":"https:\/\/api.w.org\/{rel}","templated":true}]}}