{"id":38800,"date":"2021-09-14T02:58:29","date_gmt":"2021-09-14T02:58:29","guid":{"rendered":"https:\/\/www.sisinternational.com\/?page_id=38800"},"modified":"2026-01-24T20:38:35","modified_gmt":"2026-01-25T01:38:35","slug":"marktforschung-bosnien-und-herzegowina","status":"publish","type":"page","link":"https:\/\/www.sisinternational.com\/de\/abdeckung\/europa\/marktforschung-bosnien-und-herzegowina\/","title":{"rendered":"Marktforschung in Bosnien und Herzegowina"},"content":{"rendered":"<h1 class=\"wp-block-heading\">Marktforschung in Bosnien und Herzegowina<\/h1>\n\n\n\n<figure class=\"gb-block-image gb-block-image-c6e007f8\"><img loading=\"lazy\" decoding=\"async\" width=\"1456\" height=\"816\" class=\"gb-image gb-image-c6e007f8\" src=\"https:\/\/www.sisinternational.com\/wp-content\/uploads\/2025\/09\/Bosnia-and-Herzegovina-2.jpg\" alt=\"SIS International Marktforschung &amp; Strategie\" title=\"Bosnia and Herzegovina (2)\" srcset=\"https:\/\/www.sisinternational.com\/wp-content\/uploads\/2025\/09\/Bosnia-and-Herzegovina-2.jpg 1456w, https:\/\/www.sisinternational.com\/wp-content\/uploads\/2025\/09\/Bosnia-and-Herzegovina-2-300x168.jpg 300w, https:\/\/www.sisinternational.com\/wp-content\/uploads\/2025\/09\/Bosnia-and-Herzegovina-2-1024x574.jpg 1024w, https:\/\/www.sisinternational.com\/wp-content\/uploads\/2025\/09\/Bosnia-and-Herzegovina-2-768x430.jpg 768w, https:\/\/www.sisinternational.com\/wp-content\/uploads\/2025\/09\/Bosnia-and-Herzegovina-2-18x10.jpg 18w\" sizes=\"auto, (max-width: 1456px) 100vw, 1456px\"><\/figure>\n\n\n\n<p><\/p>\n\n\n\n<hr class=\"wp-block-separator has-alpha-channel-opacity is-style-dots\"\/>\n\n\n\n<h3 class=\"wp-block-heading\"><span style=\"font-weight: 400;\">Bosnien und Herzegowina bietet bedeutende Chancen f\u00fcr Unternehmen, die bereit sind, in gr\u00fcndliche Marktanalysen zu investieren \u2013 und Marktforschung in Bosnien und Herzegowina kann entscheidende Erkenntnisse liefern, die die Grundlage f\u00fcr strategische Gesch\u00e4ftsentscheidungen bilden.&nbsp;<\/span><\/h3>\n\n\n\n<h2 class=\"wp-block-heading\"><strong>Was ist Marktforschung in Bosnien und Herzegowina?<\/strong><\/h2>\n\n\n\n<p><span style=\"font-weight: 400;\">Marktforschung in Bosnien und Herzegowina bietet Unternehmen ein umfassendes Verst\u00e4ndnis der Wirtschaftslandschaft, des Verbraucherverhaltens und der Wettbewerbsdynamik in Bosnien und Herzegowina. Sie stattet Unternehmen mit umsetzbaren Informationen aus, die fundierte Entscheidungen unterst\u00fctzen. Dazu geh\u00f6rt die Identifizierung von Zielmarktsegmenten, das Verst\u00e4ndnis der Bed\u00fcrfnisse und Vorlieben der Verbraucher und die Bewertung der Wirksamkeit von Marketingstrategien.&nbsp;<\/span><\/p>\n\n\n\n<h2 class=\"wp-block-heading\"><strong>Bedeutung der Marktforschung in Bosnien und Herzegowina<\/strong><\/h2>\n\n\n\n<p><span style=\"font-weight: 400;\">Marktforschung in Bosnien und Herzegowina ist unerl\u00e4sslich, um die lokalen wirtschaftlichen Bedingungen und das Verbraucherverhalten zu verstehen, die sich stark von anderen Regionen unterscheiden k\u00f6nnen. Dazu geh\u00f6rt es, Einblicke in Verbraucherpr\u00e4ferenzen, Kaufmuster und unerf\u00fcllte Bed\u00fcrfnisse zu gewinnen. Durch das Verst\u00e4ndnis dieser Faktoren k\u00f6nnen Unternehmen ihre Produkte und Dienstleistungen an die lokalen Anforderungen anpassen und die Kundenzufriedenheit steigern.<\/span><\/p>\n\n\n\n<p><span style=\"font-weight: 400;\">Dar\u00fcber hinaus liefert die Marktforschung wertvolle Informationen \u00fcber die Wettbewerbslandschaft in Bosnien und Herzegowina. Die Analyse der St\u00e4rken und Schw\u00e4chen der Wettbewerber, die Identifizierung von Marktl\u00fccken und die Entwicklung von Strategien zur Differenzierung von der Konkurrenz sind entscheidend, um einen Wettbewerbsvorteil zu erlangen.&nbsp;<\/span><\/p>\n\n\n\n<h2 class=\"wp-block-heading\"><strong>Wer nutzt Marktforschung in Bosnien und Herzegowina?<\/strong><\/h2>\n\n\n\n<figure class=\"gb-block-image gb-block-image-d2fddbe9\"><img loading=\"lazy\" decoding=\"async\" width=\"1456\" height=\"816\" class=\"gb-image gb-image-d2fddbe9\" src=\"https:\/\/www.sisinternational.com\/wp-content\/uploads\/2025\/09\/Bosnia-and-Herzegovina-1.jpg\" alt=\"SIS International Marktforschung &amp; Strategie\" title=\"Bosnia and Herzegovina (1)\" srcset=\"https:\/\/www.sisinternational.com\/wp-content\/uploads\/2025\/09\/Bosnia-and-Herzegovina-1.jpg 1456w, https:\/\/www.sisinternational.com\/wp-content\/uploads\/2025\/09\/Bosnia-and-Herzegovina-1-300x168.jpg 300w, https:\/\/www.sisinternational.com\/wp-content\/uploads\/2025\/09\/Bosnia-and-Herzegovina-1-1024x574.jpg 1024w, https:\/\/www.sisinternational.com\/wp-content\/uploads\/2025\/09\/Bosnia-and-Herzegovina-1-768x430.jpg 768w, https:\/\/www.sisinternational.com\/wp-content\/uploads\/2025\/09\/Bosnia-and-Herzegovina-1-18x10.jpg 18w\" sizes=\"auto, (max-width: 1456px) 100vw, 1456px\"><\/figure>\n\n\n\n<p><\/p>\n\n\n\n<p><span style=\"font-weight: 400;\">Market research in Bosnia and Herzegovina is utilized by diverse stakeholders, each benefitting from its insights to enhance their operations and strategic planning. <\/span><b>Multinationale Konzerne<\/b><span style=\"font-weight: 400;\"> geh\u00f6ren zu den Hauptnutzern und nutzen Marktforschung, um ihre globalen Strategien an den lokalen Kontext anzupassen.&nbsp;<\/span><\/p>\n\n\n\n<p><b>Regionale Unternehmen<\/b><span style=\"font-weight: 400;\"> verlassen sich ebenfalls stark auf Marktforschung, um wettbewerbsf\u00e4hig zu bleiben. Das Verst\u00e4ndnis von Markttrends und Verbraucherpr\u00e4ferenzen ist f\u00fcr diese Unternehmen von entscheidender Bedeutung, um relevant zu bleiben und Wachstum voranzutreiben. Marktforschung in Bosnien und Herzegowina hilft ihnen, Innovations- und Verbesserungsm\u00f6glichkeiten zu erkennen und sicherzustellen, dass sie den sich entwickelnden Bed\u00fcrfnissen ihrer Kunden gerecht werden k\u00f6nnen.<\/span><\/p>\n\n\n\n<p><span style=\"font-weight: 400;\">Dar\u00fcber hinaus, <\/span><b>Regierungsbeh\u00f6rden<\/b><span style=\"font-weight: 400;\"> Und <\/span><b>Nichtregierungsorganisationen (NGOs)<\/b><span style=\"font-weight: 400;\"> nutzen Marktforschung zur Unterst\u00fctzung der Politikgestaltung und Programmentwicklung. Durch Einblicke in die wirtschaftlichen Bedingungen, die \u00f6ffentliche Meinung und soziale Probleme k\u00f6nnen diese Stellen wirksamere Ma\u00dfnahmen entwickeln und Initiativen unterst\u00fctzen, die die wirtschaftliche Entwicklung und das soziale Wohlergehen in Bosnien und Herzegowina f\u00f6rdern.<\/span><\/p>\n\n\n\n<h2 class=\"wp-block-heading\"><strong>Wann sollte man in Bosnien und Herzegowina Marktforschung betreiben?<\/strong><\/h2>\n\n\n\n<p><span style=\"font-weight: 400;\">Market research in Bosnia and Herzegovina is essential at various business planning and development stages. Businesses should undertake market research when considering <\/span><b>Markteintritt<\/b><span style=\"font-weight: 400;\">. Dies hilft dabei, die Rentabilit\u00e4t eines Eintritts in den bosnischen Markt zu beurteilen, die regulatorischen Anforderungen zu verstehen und potenzielle Markteintrittsbarrieren zu identifizieren.<\/span><\/p>\n\n\n\n<p><span style=\"font-weight: 400;\">Marktforschung ist auch von entscheidender Bedeutung w\u00e4hrend der <\/span><b>Produktentwicklung<\/b><span style=\"font-weight: 400;\"> phase. By gathering feedback from potential customers and analyzing market needs, businesses can design products and services that align with local preferences and expectations.<\/span><\/p>\n\n\n\n<h2 class=\"wp-block-heading\"><strong>Schl\u00fcsselindustrien in Bosnien und Herzegowina<\/strong><\/h2>\n\n\n\n<figure class=\"gb-block-image gb-block-image-d1790076\"><img loading=\"lazy\" decoding=\"async\" width=\"1456\" height=\"816\" class=\"gb-image gb-image-d1790076\" src=\"https:\/\/www.sisinternational.com\/wp-content\/uploads\/2025\/09\/Bosnia-and-Herzegovina-3.jpg\" alt=\"SIS International Marktforschung &amp; Strategie\" title=\"Bosnia and Herzegovina (3)\" srcset=\"https:\/\/www.sisinternational.com\/wp-content\/uploads\/2025\/09\/Bosnia-and-Herzegovina-3.jpg 1456w, https:\/\/www.sisinternational.com\/wp-content\/uploads\/2025\/09\/Bosnia-and-Herzegovina-3-300x168.jpg 300w, https:\/\/www.sisinternational.com\/wp-content\/uploads\/2025\/09\/Bosnia-and-Herzegovina-3-1024x574.jpg 1024w, https:\/\/www.sisinternational.com\/wp-content\/uploads\/2025\/09\/Bosnia-and-Herzegovina-3-768x430.jpg 768w, https:\/\/www.sisinternational.com\/wp-content\/uploads\/2025\/09\/Bosnia-and-Herzegovina-3-18x10.jpg 18w\" sizes=\"auto, (max-width: 1456px) 100vw, 1456px\"><\/figure>\n\n\n\n<p><\/p>\n\n\n\n<p><span style=\"font-weight: 400;\">Bosnien und Herzegowina ist Standort zahlreicher Schl\u00fcsselindustrien, die die Wirtschaft antreiben und erhebliche M\u00f6glichkeiten f\u00fcr die Marktforschung bieten. <\/span><b>Landwirtschaft<\/b><span style=\"font-weight: 400;\"> bleibt ein grundlegender Sektor, wobei Unternehmen wie Mlijekoprodukt und Vispak f\u00fchrend in der Produktion von Milchprodukten und Kaffee sind. Das Verst\u00e4ndnis der Verbraucherpr\u00e4ferenzen und der Marktdynamik in diesem Sektor ist f\u00fcr Unternehmen, die in Bosnien und Herzegowina Fu\u00df fassen oder dort expandieren m\u00f6chten, von entscheidender Bedeutung.<\/span><\/p>\n\n\n\n<p><b>Herstellung<\/b><span style=\"font-weight: 400;\"> ist ebenfalls von Bedeutung, insbesondere in der Automobilteile-, Textil- und M\u00f6belproduktion. Unternehmen wie Prevent Group und Standard Furniture Factory sind wichtige Akteure. Marktforschung hilft diesen Unternehmen, Produktionsprozesse zu optimieren, Kosten zu senken und Innovationen einzuf\u00fchren, um wettbewerbsf\u00e4hig zu bleiben.<\/span><\/p>\n\n\n\n<p><span style=\"font-weight: 400;\">Der <\/span><b>Informationstechnologiesektor<\/b><span style=\"font-weight: 400;\"> w\u00e4chst rasant und wird von Unternehmen wie Authority Partners und Atlantbh vorangetrieben. Dieser Sektor profitiert enorm von Marktforschung, die technologische Trends, Verbraucherbed\u00fcrfnisse und potenzielle Innovationsbereiche identifiziert.<\/span><\/p>\n\n\n\n<p><b>Tourismus<\/b><span style=\"font-weight: 400;\"> is another vital sector, with Bosnia and Herzegovina&#8217;s rich cultural heritage and natural beauty attracting visitors worldwide. Businesses like Visit Sarajevo and Green <a href=\"https:\/\/www.sisinternational.com\/de\/losungen\/ai-marktforschung-und-strategieberatung\/computer-vision-ki-marktforschung\/\" title=\"Marktforschung f\u00fcr Computer Vision-KI\"  data-wpil-monitor-id=\"2782\">Visions utilize market research<\/a> to enhance their services and attract more tourists.<\/span><\/p>\n\n\n\n<h2 class=\"wp-block-heading p3\">Nachbarschaften<\/h2>\n\n\n\n<p class=\"p2\">Sarajevo ist die Hauptstadt und gr\u00f6\u00dfte Stadt. Aufgrund ihrer reichen Geschichte und Museen wird sie auch als \u201eJerusalem Europas\u201c bezeichnet. Diese Stadt ist ein politisches, soziales und kulturelles Zentrum mit einem bemerkenswerten Einfluss auf die Unterhaltungs-, Medien-, Mode- und Kunstszene der weiteren Region. Sie hat unterschiedliche Religionen und Kulturen, und viele Glaubensrichtungen koexistieren an denselben Orten. Die Stadt ist auch f\u00fcr ihre vielen Aussichtspunkte bekannt. Diese Aussichten sind bei Touristen beliebt.<\/p>\n\n\n\n<p class=\"p2\">Eine weitere Gro\u00dfstadt ist Tuzla. Auch hier ist die Industrie der wichtigste Wirtschaftszweig, und die Stadt hat ein sowjetisches Erscheinungsbild. Daher ist sie nicht gerade der sch\u00f6nste Ort hier. Trotzdem hat sie eine reiche Geschichte. Es gibt Hinweise darauf, dass sie eine wohlhabende neolithische Siedlung war. Die Salzproduktion in der Stadt ist eine der wichtigsten Einnahmequellen. Unter der Stadt gibt es umfangreiche Salzvorkommen. Der Name Tuzla leitet sich vom Wort \u201etuzia\u201c ab. Dies ist ein osmanisch-t\u00fcrkisches Wort f\u00fcr Salzbergwerk.<\/p>\n\n\n\n<h2 class=\"wp-block-heading\"><strong>Wichtigste Touristenattraktionen in Bosnien und Herzegowina<\/strong><\/h2>\n\n\n\n<p><span style=\"font-weight: 400;\">Bosnien und Herzegowina verf\u00fcgt \u00fcber zahlreiche Touristenattraktionen, die Besucher aus aller Welt anziehen. Das Verst\u00e4ndnis dieser Attraktionen ist f\u00fcr Tourismusunternehmen von entscheidender Bedeutung, um ihre Dienstleistungen und Marketingstrategien anzupassen.<\/span><\/p>\n\n\n\n<ul class=\"wp-block-list\">\n<li><b>Sarajevo<\/b><span style=\"font-weight: 400;\">: The capital city, known for its historical significance and cultural diversity, offers attractions such as the Latin Bridge, the site of Archduke Franz Ferdinand&#8217;s assassination, and Ba\u0161\u010dar\u0161ija, the old bazaar filled with traditional crafts and food.<\/span><\/li>\n\n\n\n<li><b>Mostar<\/b><span style=\"font-weight: 400;\">: Mostar ist ber\u00fchmt f\u00fcr seine ber\u00fchmte Stari Most (Alte Br\u00fccke) und ein Symbol der Vers\u00f6hnung und des kulturellen Erbes. Die Stadt zieht Touristen mit ihrer atemberaubenden Architektur und ihren lebhaften Stra\u00dfenm\u00e4rkten an.<\/span><\/li>\n\n\n\n<li><b>Me\u0111ugorje<\/b><span style=\"font-weight: 400;\">: Seit den berichteten Marienerscheinungen im Jahr 1981 ist diese Stadt zu einem wichtigen katholischen Wallfahrtsort geworden. Sie zieht jedes Jahr Tausende von Pilgern und Touristen an.<\/span><\/li>\n\n\n\n<li><b>Blagaj<\/b><span style=\"font-weight: 400;\">: Blagaj ist bekannt f\u00fcr das Blagaj Tekke, ein Derwischkloster an der Quelle des Flusses Buna, und ist ein Ort von spiritueller und historischer Bedeutung, der malerische Ausblicke und Ruhe bietet.<\/span><\/li>\n\n\n\n<li><b>Jajce<\/b><span style=\"font-weight: 400;\">: Diese historische Stadt ist ber\u00fchmt f\u00fcr ihren wundersch\u00f6nen Wasserfall im Stadtzentrum und ihre mittelalterliche Festung, die Besuchern einen Einblick in die reiche Geschichte Bosnien und Herzegowinas geben.<\/span><\/li>\n\n\n\n<li><b>Trebinje<\/b><span style=\"font-weight: 400;\">: Trebinje, eine malerische Stadt im S\u00fcden des Landes, ist f\u00fcr ihr mediterranes Klima, ihre historische Altstadt und die Arslanagi\u0107a-Br\u00fccke aus dem 16. Jahrhundert bekannt.<\/span><\/li>\n<\/ul>\n\n\n\n<h2 class=\"wp-block-heading p3\">Vorteile und St\u00e4rken im Markt<\/h2>\n\n\n\n<p class=\"p2\">Das Land ist f\u00fcr ausl\u00e4ndische Investitionen offen und bietet ein sehr liberales Handelsregime. Seine reichen nat\u00fcrlichen Ressourcen machen es zu einem idealen Standort f\u00fcr zahlreiche Unternehmen und es gibt zahlreiche M\u00f6glichkeiten in vielen Sektoren.<\/p>\n\n\n\n<p class=\"p2\">So gibt es beispielsweise Platz f\u00fcr Zulieferer in der Metallindustrie. Ein weiteres Beispiel ist die Energiebranche. Das Land kann auch Projekte wie den Bau und die Modernisierung von Kraftwerken durchf\u00fchren. In anderen Sektoren gibt es viele Gesch\u00e4ftsaussichten.<\/p>\n\n\n\n<h2 class=\"wp-block-heading\"><strong>Marktforschung in Bosnien und Herzegowina: SWOT-Analyse&nbsp;<\/strong><\/h2>\n\n\n\n<p><span style=\"font-weight: 400;\">F\u00fcr Unternehmen, die in diese Region eintreten oder dort expandieren m\u00f6chten, ist es von entscheidender Bedeutung, die St\u00e4rken, Schw\u00e4chen, Chancen und Risiken des bosnischen Marktes zu verstehen.<\/span><\/p>\n\n\n\n<h3 class=\"wp-block-heading\"><b>St\u00e4rken<\/b><span style=\"font-weight: 400;\">:&nbsp;<\/span><\/h3>\n\n\n\n<p><span style=\"font-weight: 400;\">Bosnien und Herzegowina verf\u00fcgt \u00fcber eine strategische Lage in S\u00fcdosteuropa und bietet Zugang zu verschiedenen regionalen M\u00e4rkten. Das Land verf\u00fcgt \u00fcber qualifizierte Arbeitskr\u00e4fte und wettbewerbsf\u00e4hige Arbeitskosten, was es zu einem attraktiven Investitionsstandort macht. Dar\u00fcber hinaus machen das reiche kulturelle Erbe und die vielf\u00e4ltigen Naturlandschaften Bosnien und Herzegowinas das Land zu einem beliebten Reiseziel.<\/span><\/p>\n\n\n\n<h3 class=\"wp-block-heading\"><b>Schw\u00e4chen<\/b><span style=\"font-weight: 400;\">:&nbsp;<\/span><\/h3>\n\n\n\n<p><span style=\"font-weight: 400;\">Trotz dieser St\u00e4rken ist der Markt mit wirtschaftlicher Volatilit\u00e4t und einer relativ kleinen Verbraucherbasis konfrontiert. Eingeschr\u00e4nkter Zugang zu fortschrittlichen Technologien und ein niedrigeres Innovationsniveau k\u00f6nnen das Unternehmenswachstum ebenfalls behindern. Dar\u00fcber hinaus k\u00f6nnen b\u00fcrokratische Prozesse und regulatorische Komplexit\u00e4ten neuen Unternehmen, die in den Markt eintreten, Schwierigkeiten bereiten.<\/span><\/p>\n\n\n\n<h3 class=\"wp-block-heading\"><b>Gelegenheiten<\/b><span style=\"font-weight: 400;\">:&nbsp;<\/span><\/h3>\n\n\n\n<p><span style=\"font-weight: 400;\">In Bosnien und Herzegowina gibt es zahlreiche Gesch\u00e4ftsm\u00f6glichkeiten. Die wachsende digitale Wirtschaft er\u00f6ffnet M\u00f6glichkeiten f\u00fcr Technologieunternehmen und Startups. Der Fokus des Landes auf nachhaltige Entwicklung \u00f6ffnet T\u00fcren f\u00fcr gr\u00fcne Unternehmen und Projekte im Bereich erneuerbare Energien. Dar\u00fcber hinaus bietet die steigende Verbrauchernachfrage nach hochwertigen Produkten und Dienstleistungen M\u00f6glichkeiten zur Marktdifferenzierung.<\/span><\/p>\n\n\n\n<h3 class=\"wp-block-heading\"><b>Bedrohungen<\/b><span style=\"font-weight: 400;\">:&nbsp;<\/span><\/h3>\n\n\n\n<p><span style=\"font-weight: 400;\">Zu den potenziellen Bedrohungen z\u00e4hlen wirtschaftliche Instabilit\u00e4t und \u00c4nderungen der Regierungspolitik, die sich auf den Gesch\u00e4ftsbetrieb auswirken k\u00f6nnten. Auch das Wettbewerbsumfeld kann herausfordernd sein, da etablierte Akteure wichtige Sektoren dominieren. Dar\u00fcber hinaus k\u00f6nnen die globalen wirtschaftlichen Bedingungen und geopolitischen Spannungen die Marktdynamik von Bosnien und Herzegowina beeinflussen.<\/span><\/p>\n\n\n\n<h2 class=\"wp-block-heading\"><strong>Wie die Marktforschung von SIS International in Bosnien und Herzegowina Unternehmen hilft<\/strong><\/h2>\n\n\n\n<p><a href=\"https:\/\/twitter.com\/SISIntlResearch\" target=\"_blank\" rel=\"noopener\"><span style=\"font-weight: 400;\">SIS<\/span><\/a><span style=\"font-weight: 400;\"> hilft Unternehmen, sich auf dem komplexen bosnischen Markt zurechtzufinden. Durch umfassende Einblicke in Marktbedingungen, Verbraucherverhalten und Wettbewerbsdynamik erm\u00f6glicht SIS International Unternehmen, fundierte Entscheidungen zu treffen, die Wachstum und Innovation f\u00f6rdern.<\/span><\/p>\n\n\n\n<p><b>Risikominderung<\/b><span style=\"font-weight: 400;\">:&nbsp;<\/span><\/p>\n\n\n\n<p><span style=\"font-weight: 400;\">Unser Team hilft Unternehmen, potenzielle Risiken zu identifizieren und Strategien zu entwickeln, um diese zu mindern. Dieser proaktive Ansatz reduziert Unsicherheit und verbessert Entscheidungsprozesse.<\/span><\/p>\n\n\n\n<p><b>Umsatzsteigerung<\/b><span style=\"font-weight: 400;\">:&nbsp;<\/span><\/p>\n\n\n\n<p><span style=\"font-weight: 400;\">Durch das Verst\u00e4ndnis der Verbraucherpr\u00e4ferenzen und Markttrends k\u00f6nnen Unternehmen ihre Angebote an die Nachfrage anpassen und so Umsatz und Ertrag steigern.<\/span><\/p>\n\n\n\n<p><b>Geld sparen<\/b><span style=\"font-weight: 400;\">:&nbsp;<\/span><\/p>\n\n\n\n<p><a href=\"https:\/\/www.linkedin.com\/company\/sisinternationalresearch\/\" target=\"_blank\" rel=\"noopener\"><span style=\"font-weight: 400;\">SIS International<\/span><\/a><span style=\"font-weight: 400;\">Die Experten von erm\u00f6glichen es Unternehmen, Ressourcen effizienter einzusetzen, Abfall zu minimieren und Investitionen zu optimieren. Dies f\u00fchrt zu Kosteneinsparungen und verbesserter Betriebseffizienz.<\/span><\/p>\n\n\n\n<p><b>Zeit sparen<\/b><span style=\"font-weight: 400;\">:&nbsp;<\/span><\/p>\n\n\n\n<p><span style=\"font-weight: 400;\">Der Zugriff auf genaue und aktuelle Marktinformationen beschleunigt die Entscheidungsfindung und erm\u00f6glicht es Unternehmen, rasch auf Marktver\u00e4nderungen zu reagieren und Chancen zu nutzen.<\/span><\/p>\n\n\n\n<p><b>Beschleunigtes Wachstum und Innovation<\/b><span style=\"font-weight: 400;\">:&nbsp;<\/span><\/p>\n\n\n\n<p><span style=\"font-weight: 400;\">Umfassende Marktforschung liefert Erkenntnisse, die die Produktentwicklung und Innovation vorantreiben. Dies hilft Unternehmen, wettbewerbsf\u00e4hig zu bleiben und nachhaltiges Wachstum zu erzielen.<\/span><\/p>\n\n\n\n<p><b>Steigerung des ROI<\/b><span style=\"font-weight: 400;\">:&nbsp;<\/span><\/p>\n\n\n\n<p><span style=\"font-weight: 400;\">SIS maximiert den Return on Investment durch die Identifizierung der vielversprechendsten Marktsegmente und Chancen. Unternehmen k\u00f6nnen ihre Bem\u00fchungen auf Bereiche mit hohem Potenzial konzentrieren und bessere Ergebnisse erzielen.<\/span><\/p>\n\n\n\n<h2 class=\"wp-block-heading p3\">Gr\u00fcnde f\u00fcr den Ausbau Ihres Gesch\u00e4fts auf dem bosnischen Markt<\/h2>\n\n\n\n<p class=\"p2\">Gut vorbereitete Exporteure und Investoren haben viele Gesch\u00e4ftsaussichten. Ausl\u00e4ndische Investoren genie\u00dfen die gleichen Rechte wie B\u00fcrger. Sie werden zu niedrigeren Steuers\u00e4tzen besteuert und profitieren von einem soliden Rechtssystem. Das Land verf\u00fcgt au\u00dferdem \u00fcber gut ausgebildete und hochqualifizierte Arbeitskr\u00e4fte.<\/p>\n\n\n\n<div class=\"is-root-container is-desktop-preview is-layout-flow wp-block-post-content block-editor-block-list__layout\" spellcheck=\"false\">\n<div id=\"block-384c2a08-a270-48c9-9b10-b335265edad1\" class=\"block-editor-block-list__block wp-block is-selected wp-block-freeform is-hovered\" tabindex=\"0\" role=\"document\" aria-label=\"Block: Klassisch\" data-block=\"384c2a08-a270-48c9-9b10-b335265edad1\" data-type=\"core\/freeform\" data-title=\"Classic\">\n<div id=\"editor-384c2a08-a270-48c9-9b10-b335265edad1\" class=\"wp-block-freeform block-library-rich-text__tinymce mce-content-body html5-captions mce-edit-focus\" style=\"position: relative;\" contenteditable=\"true\">\n<h2>Unser Standort in New York<\/h2>\n<p>  <iframe loading=\"lazy\" src=\"https:\/\/www.google.com\/maps\/embed?pb=!1m18!1m12!1m3!1d3022.976188376966!2d-73.99130312499956!3d40.740549471389315!2m3!1f0!2f0!3f0!3m2!1i1024!2i768!4f13.1!3m3!1m2!1s0x89c259a15798c731%3A0xd695d09bdd495f25!2s11%20E%2022nd%20St%20FL%202%2C%20New%20York%2C%20NY%2010010%2C%20USA!5e0!3m2!1sen!2spe!4v1726171763526!5m2!1sen!2spe\" width=\"600\" height=\"450\" allowfullscreen=\"allowfullscreen\" data-mce-fragment=\"1\"><\/iframe>  <\/p>\n<h3 class=\"wp-block-heading\">11 E 22nd Street, Floor 2, New York, NY 10010 T: +1(212) 505-6805<\/h3>\n<hr>\n<h2><span style=\"font-weight: 400;\">\u00dcber SIS International<\/span><\/h2>\n<p><a href=\"https:\/\/www.sisinternational.com\/de\/\"><span style=\"font-weight: 400;\">SIS International<\/span><\/a><span style=\"font-weight: 400;\"> bietet quantitative, qualitative und strategische Forschung an. Wir liefern Daten, Tools, Strategien, Berichte und Erkenntnisse zur Entscheidungsfindung. Wir f\u00fchren auch Interviews, Umfragen, Fokusgruppen und andere Methoden und Ans\u00e4tze der Marktforschung durch.<\/span><a href=\"https:\/\/www.sisinternational.com\/de\/uber-sis-international-research\/contact-sis-international-market-research\/\"><span style=\"font-weight: 400;\"> Kontakt<\/span><\/a><span style=\"font-weight: 400;\"> f\u00fcr Ihr n\u00e4chstes Marktforschungsprojekt.<\/span><\/p>\n<hr><\/div>\n<\/div>\n<p id=\"block-13718977-774f-4eb6-9307-bdda3647fbca\" class=\"block-editor-rich-text__editable block-editor-block-list__block wp-block wp-block-paragraph rich-text\" style=\"white-space: pre-wrap; min-width: 1px;\" role=\"document\" contenteditable=\"true\" aria-multiline=\"true\" aria-label=\"Leerer Block; beginnen Sie mit dem Schreiben oder geben Sie einen Schr\u00e4gstrich ein, um einen Block auszuw\u00e4hlen\" data-block=\"13718977-774f-4eb6-9307-bdda3647fbca\" data-type=\"core\/paragraph\" data-title=\"Paragraph\" data-empty=\"true\" data-wp-block-attribute-key=\"content\">&nbsp;<\/p>\n<\/div>\n\n\n\n<p><\/p>\n\n\n\n<p><\/p>","protected":false},"excerpt":{"rendered":"<p>Erweitern Sie Ihr Gesch\u00e4ft mit Marktforschung in Bosnien und Herzegowina.<\/p>","protected":false},"author":1,"featured_media":65925,"parent":14510,"menu_order":41,"comment_status":"closed","ping_status":"closed","template":"","meta":{"footnotes":""},"class_list":["post-38800","page","type-page","status-publish","has-post-thumbnail"],"_links":{"self":[{"href":"https:\/\/www.sisinternational.com\/de\/wp-json\/wp\/v2\/pages\/38800","targetHints":{"allow":["GET"]}}],"collection":[{"href":"https:\/\/www.sisinternational.com\/de\/wp-json\/wp\/v2\/pages"}],"about":[{"href":"https:\/\/www.sisinternational.com\/de\/wp-json\/wp\/v2\/types\/page"}],"author":[{"embeddable":true,"href":"https:\/\/www.sisinternational.com\/de\/wp-json\/wp\/v2\/users\/1"}],"replies":[{"embeddable":true,"href":"https:\/\/www.sisinternational.com\/de\/wp-json\/wp\/v2\/comments?post=38800"}],"version-history":[{"count":8,"href":"https:\/\/www.sisinternational.com\/de\/wp-json\/wp\/v2\/pages\/38800\/revisions"}],"predecessor-version":[{"id":77120,"href":"https:\/\/www.sisinternational.com\/de\/wp-json\/wp\/v2\/pages\/38800\/revisions\/77120"}],"up":[{"embeddable":true,"href":"https:\/\/www.sisinternational.com\/de\/wp-json\/wp\/v2\/pages\/14510"}],"wp:featuredmedia":[{"embeddable":true,"href":"https:\/\/www.sisinternational.com\/de\/wp-json\/wp\/v2\/media\/65925"}],"wp:attachment":[{"href":"https:\/\/www.sisinternational.com\/de\/wp-json\/wp\/v2\/media?parent=38800"}],"curies":[{"name":"wp","href":"https:\/\/api.w.org\/{rel}","templated":true}]}}