{"id":38696,"date":"2021-09-06T04:08:23","date_gmt":"2021-09-06T04:08:23","guid":{"rendered":"https:\/\/www.sisinternational.com\/?page_id=38696"},"modified":"2026-03-12T12:39:44","modified_gmt":"2026-03-12T16:39:44","slug":"labormarktforschung","status":"publish","type":"page","link":"https:\/\/www.sisinternational.com\/de\/losungen\/marktforschung-im-gesundheitswesen-2\/labormarktforschung\/","title":{"rendered":"Labormarktforschung"},"content":{"rendered":"<h1 class=\"wp-block-heading\">Labormarktforschung<\/h1>\n\n\n\n<figure class=\"gb-block-image gb-block-image-e46af518\"><img loading=\"lazy\" decoding=\"async\" width=\"1456\" height=\"816\" class=\"gb-image gb-image-e46af518\" src=\"https:\/\/www.sisinternational.com\/wp-content\/uploads\/2025\/08\/Laboratory-2.jpg\" alt=\"SIS International Marktforschung &amp; Strategie\" title=\"Laboratory (2)\" srcset=\"https:\/\/www.sisinternational.com\/wp-content\/uploads\/2025\/08\/Laboratory-2.jpg 1456w, https:\/\/www.sisinternational.com\/wp-content\/uploads\/2025\/08\/Laboratory-2-300x168.jpg 300w, https:\/\/www.sisinternational.com\/wp-content\/uploads\/2025\/08\/Laboratory-2-1024x574.jpg 1024w, https:\/\/www.sisinternational.com\/wp-content\/uploads\/2025\/08\/Laboratory-2-768x430.jpg 768w, https:\/\/www.sisinternational.com\/wp-content\/uploads\/2025\/08\/Laboratory-2-18x10.jpg 18w\" sizes=\"auto, (max-width: 1456px) 100vw, 1456px\"><\/figure>\n\n\n\n<hr class=\"wp-block-separator has-alpha-channel-opacity is-style-dots\"\/>\n\n\n\n<p><\/p>\n\n\n\n<div class=\"wp-block-columns has-global-color-9-color has-text-color has-background has-link-color wp-elements-f54a1508e066a41dca15d4acf7602df2 is-layout-flex wp-container-core-columns-is-layout-9d6595d7 wp-block-columns-is-layout-flex\" style=\"background-color:#f7f9fa6e\">\n<div class=\"wp-block-column is-layout-flow wp-block-column-is-layout-flow\" style=\"flex-basis:18%\"><\/div>\n\n\n\n<div class=\"wp-block-column is-vertically-aligned-center is-layout-flow wp-block-column-is-layout-flow\" style=\"flex-basis:71.28%\">\n<div class=\"wp-block-rank-math-toc-block aligncenter has-global-color-9-color has-text-color has-link-color wp-elements-d0faee3e07a387f6597a37dc20aa7e41\" style=\"font-size:16px\" id=\"rank-math-toc\"><h2><br><strong>T<\/strong>able of Contents<\/h2><nav><ul><li class=\"\"><a href=\"#labs-and-laboratory-market-research-play-a-vital-role-in-the-progress-of-science\">Labore und Labormarktforschung spielen f\u00fcr den Fortschritt der Wissenschaft eine entscheidende Rolle.<\/a><\/li><li class=\"\"><a href=\"#who-are-laboratory-professionals\">Wer sind Laborfachkr\u00e4fte?<\/a><\/li><li class=\"\"><a href=\"#why-laboratory-market-research-is-important\">Warum Labormarktforschung wichtig ist<\/a><\/li><li class=\"\"><a href=\"#new-technologies\">Neue Technologien<\/a><\/li><li class=\"\"><a href=\"#opportunities-and-challenges\">Gelegenheiten und Herausforderungen<\/a><\/li><li class=\"\"><a href=\"#how-market-research-helps\">Wie Marktforschung hilft<\/a><\/li><li class=\"\"><a href=\"#what-types-of-insights-can-laboratory-market-research-uncover\">Welche Erkenntnisse kann die Labormarktforschung zutage f\u00f6rdern?<\/a><\/li><\/ul><\/nav><\/div>\n<\/div>\n<\/div>\n\n\n\n<p><\/p>\n\n\n\n<h2 class=\"wp-block-heading p2\" id=\"labs-and-laboratory-market-research-play-a-vital-role-in-the-progress-of-science\">Labore und Labormarktforschung spielen f\u00fcr den Fortschritt der Wissenschaft eine entscheidende Rolle.<\/h2>\n\n\n\n<p class=\"p2\">Der Gro\u00dfteil der Forschung zur Entwicklung neuer Produkte findet hier statt. Werfen wir zun\u00e4chst einen Blick auf die Menschen, die diese Labore leiten und dort arbeiten.<\/p>\n\n\n\n<h2 class=\"wp-block-heading p3\" id=\"who-are-laboratory-professionals\">Wer sind Laborfachkr\u00e4fte?<\/h2>\n\n\n\n<p class=\"p2\">Laborfachkr\u00e4fte decken ein breites Spektrum an Aufgaben in vielen Branchen ab. Diese Menschen spielen eine entscheidende Rolle im Gesundheitswesen. In diesem Bereich gibt es viele Stellen, darunter:<\/p>\n\n\n\n<ul class=\"wp-block-list ul1\">\n<li>Labortechnologen und -techniker,<\/li>\n\n\n\n<li>Medizinisch-technische Laborassistenten und -technologen,<\/li>\n\n\n\n<li>Histotechniker,<\/li>\n\n\n\n<li>Laborassistenten,<\/li>\n\n\n\n<li>Klinische Laborwissenschaftler,<\/li>\n\n\n\n<li>Laboranalytiker,<\/li>\n\n\n\n<li>Chemiker,<\/li>\n\n\n\n<li>Laborleiter,<\/li>\n\n\n\n<li>Mikrobiologe.<\/li>\n<\/ul>\n\n\n\n<p class=\"p2\">Die meisten Laborjobs sind in verschiedenen Branchen gleich. Daher verf\u00fcgen Labormitarbeiter oft \u00fcber viele F\u00e4higkeiten, die sie \u00fcbertragen k\u00f6nnen.<\/p>\n\n\n\n<h2 class=\"wp-block-heading p3\" id=\"why-laboratory-market-research-is-important\">Warum Labormarktforschung wichtig ist<\/h2>\n\n\n\n<figure class=\"gb-block-image gb-block-image-9b37da9d\"><img loading=\"lazy\" decoding=\"async\" width=\"1456\" height=\"816\" class=\"gb-image gb-image-9b37da9d\" src=\"https:\/\/www.sisinternational.com\/wp-content\/uploads\/2025\/08\/Laboratory-4.jpg\" alt=\"SIS International Marktforschung &amp; Strategie\" title=\"Laboratory (4)\" srcset=\"https:\/\/www.sisinternational.com\/wp-content\/uploads\/2025\/08\/Laboratory-4.jpg 1456w, https:\/\/www.sisinternational.com\/wp-content\/uploads\/2025\/08\/Laboratory-4-300x168.jpg 300w, https:\/\/www.sisinternational.com\/wp-content\/uploads\/2025\/08\/Laboratory-4-1024x574.jpg 1024w, https:\/\/www.sisinternational.com\/wp-content\/uploads\/2025\/08\/Laboratory-4-768x430.jpg 768w, https:\/\/www.sisinternational.com\/wp-content\/uploads\/2025\/08\/Laboratory-4-18x10.jpg 18w\" sizes=\"auto, (max-width: 1456px) 100vw, 1456px\"><\/figure>\n\n\n\n<p class=\"p2\">Labormarktforschung ist f\u00fcr Biotech- und MedTech-Start-up-Unternehmen hilfreich. Sie gibt ihnen Einblick in die vielen Markttreiber, die ihnen dabei helfen, ihre Produktpalette zu erweitern. So k\u00f6nnen Labormitarbeiter den Erfolg neuer Produkte sicherstellen, wenn diese auf den Markt kommen.<\/p>\n\n\n\n<p class=\"p2\">Lack of laboratory market research can slow the process of developing products. The Covid-19 <a href=\"https:\/\/www.sisinternational.com\/de\/sachverstand\/branchen\/impfmarktforschung\/\" title=\"Marktforschung zu Impfungen\"  data-wpil-monitor-id=\"3728\">vaccine succeeded due to market research<\/a>. This research helped provide a constant flow of data. For example, it showed the number of infected persons per country. Along with other stats, this data aided rapid vaccine deployment. Labs were able to scale up the production of the vaccine. Thus, they were able to start giving out vaccines around the world.<\/p>\n\n\n\n<p class=\"p2\">Durch Marktforschung k\u00f6nnen Unternehmen mehr \u00fcber ihren Zielmarkt erfahren. Dieses Wissen hilft ihnen bei der Entscheidung, ob dieser Markt ihnen Gewinne einbringen kann.<\/p>\n\n\n\n<p class=\"p2\">This research can also give details about their rivals. Data on the products made is one example of this. It can also help companies to see the marketing strategies used by their rivals. This <a href=\"https:\/\/www.sisinternational.com\/de\/abdeckung\/die-amerikaner\/marktforschung-in-lateinamerika-2\/marktforschung-costa-rica\/\" title=\"Marktforschung in Costa Rica\"  data-wpil-monitor-id=\"4941\">Forschung<\/a> also helps find gaps in the market. Lab Market Research may even provide an entry point for a startup.<\/p>\n\n\n\n<h2 class=\"wp-block-heading p3\" id=\"new-technologies\">Neue Technologien<\/h2>\n\n\n\n<p class=\"p2\">Die Labortechnik hat seit den 1980er Jahren ein rasantes Wachstum und einen rasanten Wandel erlebt und tr\u00e4gt zum medizinischen Fortschritt bei. Covid-19 hat die Medizintechnik beschleunigt.<\/p>\n\n\n\n<ul class=\"wp-block-list\">\n<li>Die Telemedizin ist ein Beispiel f\u00fcr eine Technologie, die aufgrund von COVID-19 einen gro\u00dfen Sprung gemacht hat. Diese Erfindung erm\u00f6glicht die Bereitstellung von Gesundheitsdienstleistungen von einem entfernten Standort aus.<\/li>\n\n\n\n<li>In weniger als einem Jahr haben Pharmaunternehmen viele sichere und wirksame Impfstoffe gegen Covid-19 entwickelt. Auch virtuelle klinische Studien haben dazu beigetragen, diesen Prozess zu beschleunigen.<\/li>\n\n\n\n<li>Auch die IT-Nutzung im Gesundheitswesen hat gro\u00dfe Fortschritte gemacht. Die Erfassung von Gesundheitsdaten nimmt weiterhin zu.<\/li>\n\n\n\n<li>Auch die Nanomedizin ist unter Labormitarbeitern ein beliebtes Fachgebiet. Diese Art der Medizin nutzt Nanotechnologie zur Bildgebung, Sensorik und Diagnose. Bei ihrer Anwendung zielt sie auf die Arzneimittelverabreichung zu Tumoren bei Krebspatienten ab.<\/li>\n<\/ul>\n\n\n\n<h2 class=\"wp-block-heading p3\" id=\"opportunities-and-challenges\">Gelegenheiten und Herausforderungen<\/h2>\n\n\n\n<figure class=\"gb-block-image gb-block-image-04d4fb0a\"><img loading=\"lazy\" decoding=\"async\" width=\"1456\" height=\"816\" class=\"gb-image gb-image-04d4fb0a\" src=\"https:\/\/www.sisinternational.com\/wp-content\/uploads\/2025\/08\/Laboratory-1.jpg\" alt=\"SIS International Marktforschung &amp; Strategie\" title=\"Laboratory (1)\" srcset=\"https:\/\/www.sisinternational.com\/wp-content\/uploads\/2025\/08\/Laboratory-1.jpg 1456w, https:\/\/www.sisinternational.com\/wp-content\/uploads\/2025\/08\/Laboratory-1-300x168.jpg 300w, https:\/\/www.sisinternational.com\/wp-content\/uploads\/2025\/08\/Laboratory-1-1024x574.jpg 1024w, https:\/\/www.sisinternational.com\/wp-content\/uploads\/2025\/08\/Laboratory-1-768x430.jpg 768w, https:\/\/www.sisinternational.com\/wp-content\/uploads\/2025\/08\/Laboratory-1-18x10.jpg 18w\" sizes=\"auto, (max-width: 1456px) 100vw, 1456px\"><\/figure>\n\n\n\n<p><\/p>\n\n\n\n<p class=\"p2\">Aufgrund der zunehmenden Zahl an Gesundheitsdienstleistungen besteht eine wachsende Nachfrage nach Labormitarbeitern und neuen Technologien. Dies bietet Unternehmen, die sich in diesem Bereich engagieren, eine einzigartige Chance. Die Finanzierung ist bei gro\u00dfen Unternehmen immer ein Problem. Im Allgemeinen sind die Anlaufkosten und Kosten f\u00fcr Labore hoch. Der Kauf und die Wartung von Laborausr\u00fcstung sind ebenfalls kostspielig. Aufgrund des rasanten Wachstums der Branche ist die Labormarktforschung einem hohen Wettbewerbsdruck ausgesetzt.<\/p>\n\n\n\n<h2 class=\"wp-block-heading p3\" id=\"how-market-research-helps\">Wie Marktforschung hilft<\/h2>\n\n\n\n<p class=\"p2\">Marktforschung bietet die beste Strategie f\u00fcr den Markteintritt und liefert wertvolle Informationen f\u00fcr Unternehmen und Investoren. Sie verhindert, dass gro\u00dfe Geldmengen verschwendet werden. Mit diesem Geld wird die Nachfrage nach dem Produkt erforscht. Au\u00dferdem wird dadurch ermittelt, wie stark die verschiedenen Sektoren besetzt sind.<\/p>\n\n\n\n<p><\/p>\n\n\n\n<!DOCTYPE html>\n<html lang=\"en\">\n<head>\n    <meta charset=\"UTF-8\">\n    <meta name=\"viewport\" content=\"width=device-width, initial-scale=1.0\">\n    <title>AI Blog Banner<\/title>\n    <style>\n        * {\n            margin: 0;\n            padding: 0;\n            box-sizing: border-box;\n        }\n\n        .banner {\n            position: relative;\n            width: 100%;\n            height: 350px;\n            overflow: hidden;\n            display: flex;\n            align-items: center;\n            justify-content: center;\n            font-family: 'Arial', sans-serif;\n            border-radius: 25px;\n        }\n\n        .animated-background {\n            position: absolute;\n            top: 0;\n            left: 0;\n            width: 100%;\n            height: 100%;\n            background: linear-gradient(45deg, #003f6b, #2d5a7b, #003f6b, #2d5a7b);\n            background-size: 400% 400%;\n            animation: gradientMove 8s ease-in-out infinite;\n        }\n\n        .ai-pattern {\n            position: absolute;\n            top: 0;\n            left: 0;\n            width: 100%;\n            height: 100%;\n            opacity: 0.1;\n            background-image: \n                radial-gradient(circle at 20% 20%, rgba(255,255,255,0.3) 2px, transparent 2px),\n                radial-gradient(circle at 80% 80%, rgba(255,255,255,0.2) 1px, transparent 1px),\n                radial-gradient(circle at 40% 60%, rgba(255,255,255,0.15) 1.5px, transparent 1.5px),\n                radial-gradient(circle at 60% 20%, rgba(255,255,255,0.25) 1px, transparent 1px),\n                radial-gradient(circle at 80% 40%, rgba(255,255,255,0.2) 2px, transparent 2px);\n            background-size: 100px 100px, 150px 150px, 80px 80px, 120px 120px, 90px 90px;\n            animation: patternFloat 12s linear infinite;\n        }\n\n        .neural-network {\n            position: absolute;\n            top: 0;\n            left: 0;\n            width: 100%;\n            height: 100%;\n            opacity: 0.08;\n        }\n\n        .neural-line {\n            position: absolute;\n            height: 1px;\n            background: linear-gradient(90deg, transparent, rgba(255,255,255,0.5), transparent);\n            animation: neuralPulse 6s ease-in-out infinite;\n        }\n\n        .neural-line:nth-child(1) {\n            top: 30%;\n            left: 0;\n            width: 60%;\n            animation-delay: 0s;\n        }\n\n        .neural-line:nth-child(2) {\n            top: 50%;\n            right: 0;\n            width: 70%;\n            animation-delay: 2s;\n        }\n\n        .neural-line:nth-child(3) {\n            top: 70%;\n            left: 20%;\n            width: 50%;\n            animation-delay: 4s;\n        }\n\n        .content {\n            position: relative;\n            z-index: 10;\n            text-align: center;\n            color: white !important;\n            max-width: 800px;\n            padding: 30px;\n        }\n\n        .content * {\n            color: white !important;\n        }\n\n        .cta-text {\n            font-size: 1.9rem;\n            font-weight: 700;\n            margin-bottom: 15px;\n            color: white !important;\n            background: linear-gradient(90deg, rgba(255,255,255,0.6), rgba(255,255,255,1), rgba(230,230,230,1), rgba(255,255,255,1), rgba(240,240,240,0.8), rgba(255,255,255,0.6));\n            background-size: 200% 100%;\n            -webkit-background-clip: text;\n            -webkit-text-fill-color: transparent;\n            background-clip: text;\n            animation: shineEffect 10s ease-in-out infinite;\n            line-height: 1.3;\n        }\n\n        .cta-subheading {\n            font-size: 1rem;\n            font-weight: 400;\n            margin-bottom: 25px;\n            color: white !important;\n            line-height: 1.6;\n            opacity: 0.95;\n        }\n\n        .cta-button {\n            background: linear-gradient(135deg, #8a6b0f, #bd9013, #d4a519);\n            border: 2px solid #8a6b0f;\n            color: white !important;\n            padding: 18px 40px;\n            font-size: 1.2rem;\n            font-weight: 600;\n            border-radius: 50px;\n            cursor: pointer;\n            transition: all 0.3s ease;\n            text-decoration: none;\n            display: inline-block;\n            position: relative;\n            overflow: hidden;\n        }\n\n        .cta-button::before {\n            content: '';\n            position: absolute;\n            top: 0;\n            left: -100%;\n            width: 100%;\n            height: 100%;\n            background: linear-gradient(90deg, \n                transparent 0%, \n                rgba(255, 255, 255, 0.3) 25%,\n                rgba(255, 255, 255, 0.6) 50%,\n                rgba(255, 255, 255, 0.3) 75%,\n                transparent 100%);\n            animation: shine 3s ease-in-out infinite;\n        }\n\n        .cta-button:hover {\n            transform: translateY(-3px);\n            box-shadow: 0 10px 25px rgba(0,0,0,0.2);\n            border-color: #bd9013;\n            background: linear-gradient(135deg, #bd9013, #d4a519, #e6b61f);\n        }\n\n        .floating-elements {\n            position: absolute;\n            top: 0;\n            left: 0;\n            width: 100%;\n            height: 100%;\n            pointer-events: none;\n        }\n\n        .floating-circle {\n            position: absolute;\n            border-radius: 50%;\n            background: rgba(255,255,255,0.1);\n            animation: float 8s ease-in-out infinite;\n        }\n\n        .floating-circle:nth-child(1) {\n            width: 80px;\n            height: 80px;\n            top: 20%;\n            left: 10%;\n            animation-delay: 0s;\n        }\n\n        .floating-circle:nth-child(2) {\n            width: 60px;\n            height: 60px;\n            top: 60%;\n            right: 15%;\n            animation-delay: 3s;\n        }\n\n        .floating-circle:nth-child(3) {\n            width: 40px;\n            height: 40px;\n            top: 80%;\n            left: 80%;\n            animation-delay: 6s;\n        }\n\n        .floating-circle:nth-child(4) {\n            width: 70px;\n            height: 70px;\n            top: 10%;\n            right: 20%;\n            animation-delay: 1.5s;\n        }\n\n        .floating-circle:nth-child(5) {\n            width: 50px;\n            height: 50px;\n            top: 75%;\n            left: 30%;\n            animation-delay: 4.5s;\n        }\n\n        @keyframes gradientMove {\n            0% { background-position: 0% 50%; }\n            25% { background-position: 100% 50%; }\n            50% { background-position: 100% 100%; }\n            75% { background-position: 0% 100%; }\n            100% { background-position: 0% 50%; }\n        }\n\n        @keyframes patternFloat {\n            0% { transform: translateX(0) translateY(0); }\n            33% { transform: translateX(30px) translateY(-20px); }\n            66% { transform: translateX(-20px) translateY(10px); }\n            100% { transform: translateX(0) translateY(0); }\n        }\n\n        @keyframes neuralPulse {\n            0%, 100% { opacity: 0.08; }\n            50% { opacity: 0.2; }\n        }\n\n        @keyframes shineEffect {\n            0% { background-position: 200% 0; }\n            100% { background-position: -200% 0; }\n        }\n\n        @keyframes shine {\n            0% {\n                left: -100%;\n            }\n            20%, 100% {\n                left: 100%;\n            }\n        }\n\n        @keyframes float {\n            0%, 100% { transform: translateY(0px) rotate(0deg); }\n            33% { transform: translateY(-30px) rotate(120deg); }\n            66% { transform: translateY(15px) rotate(240deg); }\n        }\n\n        @media (max-width: 768px) {\n            .banner {\n                height: 320px;\n                padding: 30px 0;\n            }\n            \n            .content {\n                padding: 40px 20px;\n            }\n            \n            .cta-text {\n                font-size: 1.3rem;\n                margin-bottom: 12px;\n            }\n            \n            .cta-subheading {\n                font-size: 0.85rem;\n                margin-bottom: 20px;\n            }\n            \n            .cta-button {\n                padding: 14px 28px;\n                font-size: 0.95rem;\n            }\n        }\n    <\/style>\n<\/head>\n<body>\n    <div class=\"banner\">\n        <div class=\"animated-background\"><\/div>\n        \n        <div class=\"ai-pattern\"><\/div>\n        \n        <div class=\"neural-network\">\n            <div class=\"neural-line\"><\/div>\n            <div class=\"neural-line\"><\/div>\n            <div class=\"neural-line\"><\/div>\n        <\/div>\n        \n        <div class=\"floating-elements\">\n            <div class=\"floating-circle\"><\/div>\n            <div class=\"floating-circle\"><\/div>\n            <div class=\"floating-circle\"><\/div>\n            <div class=\"floating-circle\"><\/div>\n            <div class=\"floating-circle\"><\/div>\n        <\/div>\n        \n        <div class=\"content\">\n            <div class=\"cta-text\">Ready to explore the insights that drive smarter decisions?<\/div>\n            <div class=\"cta-subheading\">Contact our Research experts today.<\/div>\n            <a href=\"mailto:Research@sisinternational.com\" class=\"cta-button\">Contact us now!<\/a>\n        <\/div>\n    <\/div>\n<\/body>\n<\/html>\n\n\n\n<p><\/p>\n\n\n\n<h2 class=\"wp-block-heading p3\" id=\"what-types-of-insights-can-laboratory-market-research-uncover\">Welche Erkenntnisse kann die Labormarktforschung zutage f\u00f6rdern?<\/h2>\n\n\n\n<p class=\"p2\">Marktforschung hilft dabei, Daten \u00fcber die Forschung zu neuen Produkten zu liefern. Auf diese Weise wei\u00df ein Unternehmen, f\u00fcr welche Produkte die meisten F&amp;E-Mittel zur Verf\u00fcgung stehen. Es kann auch Einblicke in beliebte Technologien gewinnen, die von Laborfachleuten verwendet werden. Fortschritte bei bestimmten Forschungsthemen in diesem Bereich bieten auch eine Grundlage f\u00fcr weitere Forschung.<\/p>\n\n\n\n<p class=\"p4\">SIS bietet Einblicke in die Labortechnik durch quantitative, qualitative und strategische Forschung. Au\u00dferdem bietet es Fokusgruppen und f\u00fchrt Interviews und Umfragen durch. Diese Forschung ist f\u00fcr Unternehmen in diesem Sektor eine gro\u00dfe Hilfe. Sie analysiert den Markt und hilft diesen Unternehmen, Einstiegspunkte zu finden. Sie hilft Unternehmen auch dabei, Strategien zu entwickeln, die es ihnen erm\u00f6glichen, in diesem Sektor Gewinne zu erzielen.<\/p>\n\n\n<h2>Unser Standort in New York<\/h2>\n<p><!-- \/wp:post-content --> <!-- wp:html --> <iframe loading=\"lazy\" src=\"https:\/\/www.google.com\/maps\/embed?pb=!1m18!1m12!1m3!1d3022.976188376966!2d-73.99130312499956!3d40.740549471389315!2m3!1f0!2f0!3f0!3m2!1i1024!2i768!4f13.1!3m3!1m2!1s0x89c259a15798c731%3A0xd695d09bdd495f25!2s11%20E%2022nd%20St%20FL%202%2C%20New%20York%2C%20NY%2010010%2C%20USA!5e0!3m2!1sen!2spe!4v1726171763526!5m2!1sen!2spe\" width=\"600\" height=\"450\" allowfullscreen=\"allowfullscreen\" data-mce-fragment=\"1\"><\/iframe> <!-- \/wp:html --> <!-- wp:paragraph --><\/p>\n<h3 class=\"wp-block-heading\">11 E 22nd Street, Floor 2, New York, NY 10010 T: +1(212) 505-6805<\/h3>\n<hr \/>\n<h2><span style=\"font-weight: 400;\">\u00dcber SIS International<\/span><\/h2>\n<p><a href=\"https:\/\/www.sisinternational.com\/de\/\"><span style=\"font-weight: 400;\">SIS International<\/span><\/a><span style=\"font-weight: 400;\"> bietet quantitative, qualitative und strategische Forschung an. Wir liefern Daten, Tools, Strategien, Berichte und Erkenntnisse zur Entscheidungsfindung. Wir f\u00fchren auch Interviews, Umfragen, Fokusgruppen und andere Methoden und Ans\u00e4tze der Marktforschung durch.<\/span><a href=\"https:\/\/www.sisinternational.com\/de\/uber-sis-international-research\/contact-sis-international-market-research\/\"><span style=\"font-weight: 400;\"> Kontakt<\/span><\/a><span style=\"font-weight: 400;\"> f\u00fcr Ihr n\u00e4chstes Marktforschungsprojekt.<\/span><\/p>\n<p><!-- wp:heading --><\/p>\n<h2 id=\"about-sis-international\" class=\"wp-block-heading\">\u00a0<\/h2>\n\n<!-- wp:paragraph -->\n<p><\/p>\n<!-- \/wp:paragraph --><!-- \/wp:heading -->","protected":false},"excerpt":{"rendered":"<p>Labormarktforschung unterst\u00fctzt das Wachstum von Bio- und Medtech-Startups, indem sie Erkenntnisse \u00fcber markttreibende Faktoren liefert und den Erfolg neuer Produkte sicherstellt.<\/p>","protected":false},"author":1,"featured_media":64813,"parent":11294,"menu_order":75,"comment_status":"closed","ping_status":"closed","template":"","meta":{"footnotes":""},"class_list":["post-38696","page","type-page","status-publish","has-post-thumbnail"],"_links":{"self":[{"href":"https:\/\/www.sisinternational.com\/de\/wp-json\/wp\/v2\/pages\/38696","targetHints":{"allow":["GET"]}}],"collection":[{"href":"https:\/\/www.sisinternational.com\/de\/wp-json\/wp\/v2\/pages"}],"about":[{"href":"https:\/\/www.sisinternational.com\/de\/wp-json\/wp\/v2\/types\/page"}],"author":[{"embeddable":true,"href":"https:\/\/www.sisinternational.com\/de\/wp-json\/wp\/v2\/users\/1"}],"replies":[{"embeddable":true,"href":"https:\/\/www.sisinternational.com\/de\/wp-json\/wp\/v2\/comments?post=38696"}],"version-history":[{"count":9,"href":"https:\/\/www.sisinternational.com\/de\/wp-json\/wp\/v2\/pages\/38696\/revisions"}],"predecessor-version":[{"id":78858,"href":"https:\/\/www.sisinternational.com\/de\/wp-json\/wp\/v2\/pages\/38696\/revisions\/78858"}],"up":[{"embeddable":true,"href":"https:\/\/www.sisinternational.com\/de\/wp-json\/wp\/v2\/pages\/11294"}],"wp:featuredmedia":[{"embeddable":true,"href":"https:\/\/www.sisinternational.com\/de\/wp-json\/wp\/v2\/media\/64813"}],"wp:attachment":[{"href":"https:\/\/www.sisinternational.com\/de\/wp-json\/wp\/v2\/media?parent=38696"}],"curies":[{"name":"wp","href":"https:\/\/api.w.org\/{rel}","templated":true}]}}