{"id":38694,"date":"2021-09-06T04:06:01","date_gmt":"2021-09-06T04:06:01","guid":{"rendered":"https:\/\/www.sisinternational.com\/?page_id=38694"},"modified":"2026-03-05T23:55:21","modified_gmt":"2026-03-06T04:55:21","slug":"tequila-marktforschung","status":"publish","type":"page","link":"https:\/\/www.sisinternational.com\/de\/losungen\/geschmackstest\/tequila-marktforschung\/","title":{"rendered":"Tequila-Marktforschung"},"content":{"rendered":"<h1 class=\"wp-block-heading\">Tequila-Marktforschung<\/h1>\n\n\n\n<figure class=\"gb-block-image gb-block-image-36e530c8\"><img loading=\"lazy\" decoding=\"async\" width=\"1456\" height=\"816\" class=\"gb-image gb-image-36e530c8\" src=\"https:\/\/www.sisinternational.com\/wp-content\/uploads\/2025\/08\/Tequila-5.jpg\" alt=\"SIS International Marktforschung &amp; Strategie\" title=\"Tequila (5)\" srcset=\"https:\/\/www.sisinternational.com\/wp-content\/uploads\/2025\/08\/Tequila-5.jpg 1456w, https:\/\/www.sisinternational.com\/wp-content\/uploads\/2025\/08\/Tequila-5-300x168.jpg 300w, https:\/\/www.sisinternational.com\/wp-content\/uploads\/2025\/08\/Tequila-5-1024x574.jpg 1024w, https:\/\/www.sisinternational.com\/wp-content\/uploads\/2025\/08\/Tequila-5-768x430.jpg 768w, https:\/\/www.sisinternational.com\/wp-content\/uploads\/2025\/08\/Tequila-5-18x10.jpg 18w\" sizes=\"auto, (max-width: 1456px) 100vw, 1456px\"><\/figure>\n\n\n\n<p><\/p>\n\n\n\n<hr class=\"wp-block-separator has-alpha-channel-opacity is-style-dots\"\/>\n\n\n\n<h3 class=\"wp-block-heading\"><span style=\"font-weight: 400;\">Ziel der Tequila-Marktforschung ist es, Markttrends, Chancen und Herausforderungen zu erkennen, die sich auf Gesch\u00e4ftsstrategien auswirken k\u00f6nnen.<\/span><\/h3>\n\n\n\n<p><span style=\"font-weight: 400;\">Tequila is a beloved spirit enjoyed by millions around the world. However, a complex market landscape behind the scenes dictates production, distribution, and consumption\u2026 That&#8217;s why tequila market research explores what businesses need in this market, who benefits from it, and the opportunities and challenges it presents.&nbsp;<\/span><\/p>\n\n\n\n<h2 class=\"wp-block-heading\"><strong>Was ist Tequila-Marktforschung?<\/strong><\/h2>\n\n\n\n<p><span style=\"font-weight: 400;\">Tequila market research gives businesses insights into consumer preferences, market dynamics, and competitive landscapes. By conducting it, companies can gain a deeper understanding of the tequila market and make informed decisions to drive their success.<\/span><\/p>\n\n\n\n<p><span style=\"font-weight: 400;\">Diese Marktforschung umfasst verschiedene Aspekte wie die Analyse des Verbraucherverhaltens, die Positionierung der Marke, Preisstrategien und Marktsegmentierung. Dabei werden Daten aus mehreren Quellen gesammelt, darunter Umfragen, Interviews, Fokusgruppen und Branchenberichte in der Tequila-Industrie.<\/span><\/p>\n\n\n\n<h2 class=\"wp-block-heading\"><strong>Warum brauchen Unternehmen Marktforschung zum Thema Tequila?<\/strong><\/h2>\n\n\n\n<p><span style=\"font-weight: 400;\">Tequila-Marktforschung hilft Unternehmen, die Verbraucherpr\u00e4ferenzen zu verstehen, darunter Geschmacksprofile, Verpackungspr\u00e4ferenzen und Markentreue. Diese Informationen sind entscheidend f\u00fcr die Entwicklung von Produkten, die bei den Verbrauchern Anklang finden.<\/span><\/p>\n\n\n\n<p><span style=\"font-weight: 400;\">Durch<\/span> <span style=\"font-weight: 400;\">Mithilfe von Marktforschung k\u00f6nnen Unternehmen neue Trends auf dem Tequila-Markt erkennen, wie etwa die steigende Nachfrage nach Premium-Tequila oder den Aufstieg von Handwerksbrennereien. Unternehmen k\u00f6nnen ihre Strategien anpassen, um von diesen Trends zu profitieren. Dar\u00fcber hinaus<\/span><b>, <\/b><span style=\"font-weight: 400;\">Mithilfe der Tequila-Marktforschung k\u00f6nnen Unternehmen die Strategien ihrer Konkurrenten, einschlie\u00dflich Preisgestaltung, Marketing und Vertrieb, analysieren.&nbsp;<\/span><\/p>\n\n\n\n<p><span style=\"font-weight: 400;\">Likewise, market research is essential for businesses looking to enter the tequila market or expand into new markets. It helps companies to understand the market landscape, consumer preferences, and regulatory environment, guiding their market entry strategies. In any case, tequila market research offers several key benefits for businesses in the tequila industry:<\/span><\/p>\n\n\n\n<ul class=\"wp-block-list\">\n<li><b>Verbrauchereinblicke<\/b><span style=\"font-weight: 400;\">: Durch Marktforschung erhalten Unternehmen wertvolle Einblicke in die Vorlieben der Verbraucher und k\u00f6nnen so ihre Produkte und Marketingstrategien besser an die Bed\u00fcrfnisse der Verbraucher anpassen.<\/span><\/li>\n\n\n\n<li><b>Wettbewerbsvorteil<\/b><span style=\"font-weight: 400;\">: Durch das Verst\u00e4ndnis der Marktlandschaft und der Strategien der Wettbewerber k\u00f6nnen Unternehmen M\u00f6glichkeiten erkennen, sich von der Konkurrenz abzuheben und einen Wettbewerbsvorteil zu erlangen.<\/span><\/li>\n\n\n\n<li><b>Risikomanagement<\/b><span style=\"font-weight: 400;\">: Market research helps businesses identify potential risks and challenges, allowing them to develop strategies to mitigate and protect their business.<\/span><\/li>\n\n\n\n<li><b>Produktentwicklung<\/b><span style=\"font-weight: 400;\">: Market research gives businesses feedback on their products, enabling them to refine their offerings and develop new products that better meet consumer demands.<\/span><\/li>\n\n\n\n<li><b>Markterweiterung<\/b><span style=\"font-weight: 400;\">: F\u00fcr Unternehmen, die in neue M\u00e4rkte expandieren m\u00f6chten, bietet die Marktforschung wertvolle Einblicke in die Marktdynamik, das Verbraucherverhalten und das regulatorische Umfeld und leitet so ihre Expansionsstrategien.<\/span><\/li>\n<\/ul>\n\n\n\n<h2 class=\"wp-block-heading p2\">Was kann die Tequila-Marktforschung zutage f\u00f6rdern?<\/h2>\n\n\n\n<figure class=\"gb-block-image gb-block-image-862dd4c9\"><img loading=\"lazy\" decoding=\"async\" width=\"1456\" height=\"816\" class=\"gb-image gb-image-862dd4c9\" src=\"https:\/\/www.sisinternational.com\/wp-content\/uploads\/2025\/08\/Tequila-4.jpg\" alt=\"SIS International Marktforschung &amp; Strategie\" title=\"Tequila (4)\" srcset=\"https:\/\/www.sisinternational.com\/wp-content\/uploads\/2025\/08\/Tequila-4.jpg 1456w, https:\/\/www.sisinternational.com\/wp-content\/uploads\/2025\/08\/Tequila-4-300x168.jpg 300w, https:\/\/www.sisinternational.com\/wp-content\/uploads\/2025\/08\/Tequila-4-1024x574.jpg 1024w, https:\/\/www.sisinternational.com\/wp-content\/uploads\/2025\/08\/Tequila-4-768x430.jpg 768w, https:\/\/www.sisinternational.com\/wp-content\/uploads\/2025\/08\/Tequila-4-18x10.jpg 18w\" sizes=\"auto, (max-width: 1456px) 100vw, 1456px\"><\/figure>\n\n\n\n<p><\/p>\n\n\n\n<p class=\"p3\">Market research on tequila can uncover changes in customer tastes, reveal favorite brands, and help launch new products. It can also guide companies to improve their offerings to increase their profits.<\/p>\n\n\n\n<p class=\"p3\">Market research on tequila can also help customers learn about this liquor and guide them to the best buy that may suit their taste.<\/p>\n\n\n\n<p class=\"p4\">Neben Geschmackstests bietet SIS International auch quantitative, qualitative und strategische Forschung an. Wir nutzen Fokusgruppen, Interviews und Umfragen, um den Puls des Marktes zu f\u00fchlen. Wir sind der perfekte Partner, wenn Sie den Tequila-Markt erkunden m\u00f6chten.<\/p>\n\n\n\n<h2 class=\"wp-block-heading\"><strong>Wer nutzt Tequila Marktforschung<\/strong><\/h2>\n\n\n\n<ul class=\"wp-block-list\">\n<li><b>Tequila-Produzenten<\/b><span style=\"font-weight: 400;\"> Nutzen Sie regelm\u00e4\u00dfig Marktforschung, um die Vorlieben der Verbraucher zu verstehen, neue Produkte zu entwickeln und wirksame Marketingstrategien zu erstellen.<\/span><\/li>\n\n\n\n<li><b>Distributoren und Einzelh\u00e4ndler<\/b><span style=\"font-weight: 400;\"> nutzen Marktforschung, um ihre Regale mit Tequila-Marken zu f\u00fcllen, die ihre Zielkunden ansprechen und den Markttrends voraus sind.<\/span><\/li>\n\n\n\n<li><b>Restaurants und Bars<\/b><span style=\"font-weight: 400;\"> rely on <a href=\"https:\/\/www.sisinternational.com\/de\/sachverstand\/branchen\/marktforschung-fur-chinesische-restaurants\/\" title=\"Marktforschung f\u00fcr chinesische Restaurants\"  data-wpil-monitor-id=\"3800\">Tequila-Marktforschung<\/a> to curate their tequila offerings, pricing strategies, and marketing efforts to attract and retain customers.<\/span><\/li>\n<\/ul>\n\n\n\n<h2 class=\"wp-block-heading\"><strong>Wann sollte eine Tequila-Marktforschung durchgef\u00fchrt werden?<\/strong><\/h2>\n\n\n\n<p><span style=\"font-weight: 400;\">Tequila-Marktforschung sollte in verschiedenen Phasen des Lebenszyklus eines Produkts und als Reaktion auf spezifische Gesch\u00e4ftsanforderungen durchgef\u00fchrt werden. Einige kritische Zeitpunkte f\u00fcr die Durchf\u00fchrung von Tequila-Marktforschung sind:<\/span><\/p>\n\n\n\n<ul class=\"wp-block-list\">\n<li><b>Vor der Markteinf\u00fchrung eines neuen Tequila-Produkts<\/b><span style=\"font-weight: 400;\">: Die Durchf\u00fchrung einer Marktforschung vor der Markteinf\u00fchrung eines neuen Tequila-Produkts kann Unternehmen dabei helfen, die Verbraucherpr\u00e4ferenzen und die Marktnachfrage zu verstehen und sicherzustellen, dass das Produkt den Kundenbed\u00fcrfnissen entspricht.<\/span><\/li>\n\n\n\n<li><b>Bei der Expansion in neue M\u00e4rkte<\/b><span style=\"font-weight: 400;\">: Market research is essential to understand local consumer preferences, the competitive landscape, and the regulatory environment.<\/span><\/li>\n\n\n\n<li><b>Regelm\u00e4\u00dfig informiert bleiben<\/b><span style=\"font-weight: 400;\">: Regelm\u00e4\u00dfige Marktforschung hilft Unternehmen, \u00fcber sich \u00e4ndernde Verbraucherpr\u00e4ferenzen, Markttrends und Strategien der Konkurrenz auf dem Laufenden zu bleiben und ihre Strategien entsprechend anzupassen.<\/span><\/li>\n<\/ul>\n\n\n\n<h2 class=\"wp-block-heading\"><strong>Leading Players in the Tequila Market<\/strong><\/h2>\n\n\n\n<p><span style=\"font-weight: 400;\">Der Tequila-Markt wird von mehreren wichtigen Akteuren dominiert, darunter:<\/span><\/p>\n\n\n\n<ul class=\"wp-block-list\">\n<li><b>Jos\u00e9 Cuervo<\/b><span style=\"font-weight: 400;\">: Als eine der \u00e4ltesten und bekanntesten Tequila-Marken hat Jose Cuervo eine starke Pr\u00e4senz auf dem globalen Tequila-Markt.<\/span><\/li>\n\n\n\n<li><b>Patron<\/b><span style=\"font-weight: 400;\">: Patr\u00f3n ist f\u00fcr sein Premium-Tequila-Angebot bekannt und ein bedeutender Akteur im High-End-Segment des Tequila-Marktes.<\/span><\/li>\n\n\n\n<li><b>Sauza<\/b><span style=\"font-weight: 400;\">: Sauza has a wide range of tequila products and is a prominent player in the mainstream tequila market.<\/span><\/li>\n\n\n\n<li><b>Don Julio<\/b><span style=\"font-weight: 400;\">: Don Julio ist f\u00fcr seine hochwertigen Tequila-Produkte bekannt und eine beliebte Wahl unter Tequila-Liebhabern.<\/span><\/li>\n\n\n\n<li><b>Olmeca<\/b><span style=\"font-weight: 400;\">: Olmeca bietet eine Reihe von Tequila-Produkten an, darunter <\/span><i><span style=\"font-weight: 400;\">wei\u00df, zur\u00fcckgezogen<\/span><\/i><span style=\"font-weight: 400;\">, Und <\/span><i><span style=\"font-weight: 400;\">a\u00f1ejo<\/span><\/i><span style=\"font-weight: 400;\"> Sorten, die den unterschiedlichen Verbraucherpr\u00e4ferenzen gerecht werden.<\/span><\/li>\n<\/ul>\n\n\n\n<h2 class=\"wp-block-heading p2\">SIS f\u00fchrt Tequila-Geschmackstests durch<\/h2>\n\n\n\n<p class=\"p3\">Geschmackstests, bei denen Menschen den Geschmack eines Getr\u00e4nks beurteilen, sind beliebt geworden. Das Erlernen des richtigen Geschmackstests kann eine gro\u00dfartige M\u00f6glichkeit sein, Tequila kennenzulernen und zu genie\u00dfen. Bars, Restaurants und andere Unternehmen k\u00f6nnen einen Anstieg der Verbraucherzahlen verzeichnen. Das Beste aus dieser Erfahrung herauszuholen, kann sich positiv auf die Tequila-Industrie auswirken. SIS International Research f\u00fchrt Geschmackstests durch. Sie k\u00f6nnen mit SIS zusammenarbeiten, um Tests an Ihrem Gesch\u00e4ftssitz durchf\u00fchren zu lassen.<\/p>\n\n\n\n<h2 class=\"wp-block-heading\"><strong>Chancen auf dem Tequila-Markt&nbsp;<\/strong><\/h2>\n\n\n\n<figure class=\"gb-block-image gb-block-image-497026b4\"><img loading=\"lazy\" decoding=\"async\" width=\"1456\" height=\"816\" class=\"gb-image gb-image-497026b4\" src=\"https:\/\/www.sisinternational.com\/wp-content\/uploads\/2025\/08\/Tequila-3.jpg\" alt=\"SIS International Marktforschung &amp; Strategie\" title=\"Tequila (3)\" srcset=\"https:\/\/www.sisinternational.com\/wp-content\/uploads\/2025\/08\/Tequila-3.jpg 1456w, https:\/\/www.sisinternational.com\/wp-content\/uploads\/2025\/08\/Tequila-3-300x168.jpg 300w, https:\/\/www.sisinternational.com\/wp-content\/uploads\/2025\/08\/Tequila-3-1024x574.jpg 1024w, https:\/\/www.sisinternational.com\/wp-content\/uploads\/2025\/08\/Tequila-3-768x430.jpg 768w, https:\/\/www.sisinternational.com\/wp-content\/uploads\/2025\/08\/Tequila-3-18x10.jpg 18w\" sizes=\"auto, (max-width: 1456px) 100vw, 1456px\"><\/figure>\n\n\n\n<p><\/p>\n\n\n\n<p><span style=\"font-weight: 400;\">Der Tequila-Markt bietet mehrere wichtige Chancen f\u00fcr Unternehmen, die in den Markt einsteigen oder ihre Pr\u00e4senz dort ausbauen m\u00f6chten:<\/span><\/p>\n\n\n\n<ul class=\"wp-block-list\">\n<li><b>Premiumisierung<\/b><span style=\"font-weight: 400;\">: Eine wachsende Nachfrage nach Premium- und Ultra-Premium-Tequila-Produkten bietet Unternehmen die M\u00f6glichkeit, von diesem Trend zu profitieren, indem sie qualitativ hochwertige Premium-Tequila-Produkte anbieten.<\/span><\/li>\n\n\n\n<li><b>Gesundheits- und Wellnesstrends<\/b><span style=\"font-weight: 400;\">: Da Gesundheit und Wohlbefinden zunehmend im Mittelpunkt stehen, k\u00f6nnen Unternehmen Tequila-Produkte entwickeln, die diesem Trend gerecht werden, beispielsweise in Bio-Form oder mit niedrigem Kaloriengehalt.<\/span><\/li>\n\n\n\n<li><b>E-Commerce-Wachstum<\/b><span style=\"font-weight: 400;\">: Der Aufstieg des E-Commerce bietet Unternehmen die M\u00f6glichkeit, ein breiteres Verbraucherpublikum zu erreichen, insbesondere diejenigen, die f\u00fcr ihren Tequila-Kauf den Komfort des Online-Shoppings bevorzugen.<\/span><\/li>\n\n\n\n<li><b>Internationale Expansion<\/b><span style=\"font-weight: 400;\">: Tequila&#8217;s popularity is more comprehensive than in Mexico, allowing businesses to expand into global markets where tequila consumption grows.<\/span><\/li>\n\n\n\n<li><b>Innovation und Entwicklung neuer Produkte<\/b><span style=\"font-weight: 400;\">: F\u00fcr Unternehmen bietet sich die M\u00f6glichkeit, zu innovieren und neue Tequila-Produkte zu entwickeln, die den sich \u00e4ndernden Verbraucherpr\u00e4ferenzen und Trends gerecht werden.<\/span><\/li>\n<\/ul>\n\n\n\n<h2 class=\"wp-block-heading\"><strong>Herausforderungen des Tequila-Marktes&nbsp;<\/strong><\/h2>\n\n\n\n<p><span style=\"font-weight: 400;\">Der Tequila-Markt bietet zwar zahlreiche Chancen, bringt f\u00fcr Unternehmen aber auch eine Reihe von Herausforderungen mit sich:<\/span><\/p>\n\n\n\n<ul class=\"wp-block-list\">\n<li><b>Wettbewerb<\/b><span style=\"font-weight: 400;\">: Der Tequila-Markt ist hart umk\u00e4mpft, viele etablierte Marken wetteifern um Marktanteile. Das kann es f\u00fcr neue Marktteilnehmer schwierig machen, auf dem Markt Fu\u00df zu fassen.<\/span><\/li>\n\n\n\n<li><b>Regulatorisches Umfeld<\/b><span style=\"font-weight: 400;\">: Die Tequila-Industrie unterliegt strengen Vorschriften hinsichtlich Produktion, Kennzeichnung und geografischen Angaben. Diese Vorschriften einzuhalten, kann f\u00fcr Unternehmen eine Herausforderung sein.<\/span><\/li>\n\n\n\n<li><b>Probleme in der Lieferkette<\/b><span style=\"font-weight: 400;\">: Die Gew\u00e4hrleistung einer stabilen und zuverl\u00e4ssigen Lieferkette f\u00fcr die Tequila-Produktion kann eine Herausforderung sein, insbesondere f\u00fcr Unternehmen, die Agave, die Hauptzutat, beziehen.<\/span><\/li>\n\n\n\n<li><b>Ver\u00e4nderte Verbraucherpr\u00e4ferenzen<\/b><span style=\"font-weight: 400;\">: Verbraucherpr\u00e4ferenzen und Trends auf dem Tequila-Markt k\u00f6nnen sich schnell \u00e4ndern, was es f\u00fcr Unternehmen schwierig macht, mit den ver\u00e4nderten Anforderungen Schritt zu halten.<\/span><\/li>\n\n\n\n<li><b>Marketing und Branding<\/b><span style=\"font-weight: 400;\">: Das effektive Marketing und Branding von Tequila-Produkten, um sich auf einem \u00fcberf\u00fcllten Markt abzuheben, kann f\u00fcr Unternehmen eine Herausforderung sein, insbesondere f\u00fcr solche mit begrenzten Ressourcen.<\/span><\/li>\n<\/ul>\n\n\n\n<h2 class=\"wp-block-heading\"><strong>What Makes SIS International Research the Top Market Research Firm in the Tequila Market?<\/strong><\/h2>\n\n\n\n<p><a href=\"https:\/\/www.linkedin.com\/company\/sisinternationalresearch\/\" target=\"_blank\" rel=\"noopener\"><span style=\"font-weight: 400;\">SIS International<\/span><\/a> provides actionable insights within the tequila market, helping brands understand consumer preferences, navigate regulatory landscapes, and spot emerging trends in a highly competitive industry. Here\u2019s why SIS International is the top choice for tequila <a href=\"https:\/\/www.linkedin.com\/pulse\/how-market-research-enables-growth-ruth-stanat-phekf\/\" target=\"_blank\" rel=\"noopener\"><span style=\"font-weight: 400;\">Marktforschung<\/span><\/a>:<\/p>\n\n\n\n<p><strong>1. Deep Expertise in Tequila Trends<\/strong><br><a href=\"https:\/\/medium.com\/@sisinternational\/sis-international-c17160da8fac\" target=\"_blank\" rel=\"noopener\"><span style=\"font-weight: 400;\">SIS<\/span><\/a> has an in-depth understanding of the tequila market\u2019s unique dynamics, from the premiumization trend and artisanal production methods to the growing demand for sustainable and organic products. This expertise ensures our clients stay ahead of industry shifts and evolving consumer tastes.<\/p>\n\n\n\n<p><strong>2. Insight into Consumer Preferences and Behavior<\/strong><br>We specialize in understanding the nuanced preferences of tequila consumers, such as the rising interest in premium and ultra-premium categories. Our <a href=\"https:\/\/www.sisinternational.com\/de\/abdeckung\/die-amerikaner\/marktforschung-in-lateinamerika-2\/marktforschung-costa-rica\/\" title=\"Marktforschung in Costa Rica\" data-wpil-monitor-id=\"4945\">Forschung<\/a> helps brands tailor their products and marketing to meet the desires of a discerning audience seeking authenticity and quality.<\/p>\n\n\n\n<p><strong>3. Comprehensive Competitive Analysis<\/strong><br>The tequila market is crowded with both legacy brands and new entrants. SIS International provides detailed competitive insights, analyzing key players and their strategies, allowing brands to position themselves strategically in a highly competitive space.<\/p>\n\n\n\n<p><strong>4. Expertise in Regulatory Compliance<\/strong><br>Navigating the tequila industry\u2019s strict regulatory requirements, especially in regions like Mexico, requires precision. SIS International\u2019s expertise ensures that clients comply with local and international standards, from production and labeling to export regulations, minimizing risks and ensuring smooth market entry.<\/p>\n\n\n\n<p><strong>5. Data-Driven Insights on Emerging Market Opportunities<\/strong><br>Our research identifies key growth opportunities, such as expanding tequila\u2019s presence in global markets and capitalizing on trends like tequila-based cocktails and low-sugar options. We empower brands to make strategic, data-driven decisions that align with market demands by pinpointing these opportunities.<\/p>\n\n\n\n<p><strong>6. Global Reach with Regional Insights<\/strong><br>With a global presence, SIS International understands the regional variations in tequila consumption, whether it\u2019s the appreciation for artisanal tequila in the United States or the rising popularity of tequila-based drinks in Europe and Asia. This regional insight enables brands to adapt and thrive in diverse markets.<\/p>\n\n\n\n<p><strong>7. Trusted Partner for Leading Spirits Brands<\/strong><br>SIS International is a trusted advisor to top spirits brands worldwide, known for delivering high-quality, actionable research. Our clients value our commitment to insightful tequila market research, helping them navigate industry complexities and foster sustainable growth.<\/p>\n\n\n\n<h2 class=\"wp-block-heading\"><strong>\u00dcber SIS International<\/strong><\/h2>\n\n\n\n<p class=\"p4\"><a href=\"https:\/\/www.sisinternational.com\/de\/\"><span style=\"font-weight: 400;\">SIS International<\/span><\/a><span style=\"font-weight: 400;\"> bietet quantitative, qualitative und strategische Forschung an. Wir liefern Daten, Tools, Strategien, Berichte und Erkenntnisse zur Entscheidungsfindung. Wir f\u00fchren auch Interviews, Umfragen, Fokusgruppen und andere Methoden und Ans\u00e4tze der Marktforschung durch.<\/span><a href=\"https:\/\/www.sisinternational.com\/de\/uber-sis-international-research\/contact-sis-international-market-research\/\"><span style=\"font-weight: 400;\"> Kontakt<\/span><\/a><span style=\"font-weight: 400;\"> f\u00fcr Ihr n\u00e4chstes Marktforschungsprojekt.<\/span><\/p>\n\n\n\n<p><\/p>","protected":false},"excerpt":{"rendered":"<p>Die Tequila-Marktforschung deckt den Geschmack der Kunden auf, enth\u00fcllt Lieblingsmarken, leitet Produkteinf\u00fchrungen und hilft Unternehmen, ihren Gewinn zu steigern.<\/p>","protected":false},"author":1,"featured_media":63389,"parent":47794,"menu_order":1,"comment_status":"closed","ping_status":"closed","template":"","meta":{"footnotes":""},"class_list":["post-38694","page","type-page","status-publish","has-post-thumbnail"],"_links":{"self":[{"href":"https:\/\/www.sisinternational.com\/de\/wp-json\/wp\/v2\/pages\/38694","targetHints":{"allow":["GET"]}}],"collection":[{"href":"https:\/\/www.sisinternational.com\/de\/wp-json\/wp\/v2\/pages"}],"about":[{"href":"https:\/\/www.sisinternational.com\/de\/wp-json\/wp\/v2\/types\/page"}],"author":[{"embeddable":true,"href":"https:\/\/www.sisinternational.com\/de\/wp-json\/wp\/v2\/users\/1"}],"replies":[{"embeddable":true,"href":"https:\/\/www.sisinternational.com\/de\/wp-json\/wp\/v2\/comments?post=38694"}],"version-history":[{"count":9,"href":"https:\/\/www.sisinternational.com\/de\/wp-json\/wp\/v2\/pages\/38694\/revisions"}],"predecessor-version":[{"id":78859,"href":"https:\/\/www.sisinternational.com\/de\/wp-json\/wp\/v2\/pages\/38694\/revisions\/78859"}],"up":[{"embeddable":true,"href":"https:\/\/www.sisinternational.com\/de\/wp-json\/wp\/v2\/pages\/47794"}],"wp:featuredmedia":[{"embeddable":true,"href":"https:\/\/www.sisinternational.com\/de\/wp-json\/wp\/v2\/media\/63389"}],"wp:attachment":[{"href":"https:\/\/www.sisinternational.com\/de\/wp-json\/wp\/v2\/media?parent=38694"}],"curies":[{"name":"wp","href":"https:\/\/api.w.org\/{rel}","templated":true}]}}