{"id":38686,"date":"2021-09-06T03:38:41","date_gmt":"2021-09-06T03:38:41","guid":{"rendered":"https:\/\/www.sisinternational.com\/?page_id=38686"},"modified":"2025-09-15T00:32:35","modified_gmt":"2025-09-15T04:32:35","slug":"marktforschung-fur-seltenerdmetalle","status":"publish","type":"page","link":"https:\/\/www.sisinternational.com\/de\/sachverstand\/marktforschung-fur-seltenerdmetalle\/","title":{"rendered":"Marktforschung f\u00fcr Seltene Erden"},"content":{"rendered":"<h1 class=\"wp-block-heading\">Marktforschung f\u00fcr Seltene Erden<\/h1>\n\n\n\n<figure class=\"gb-block-image gb-block-image-aade0851\"><img loading=\"lazy\" decoding=\"async\" width=\"1456\" height=\"816\" class=\"gb-image gb-image-aade0851\" src=\"https:\/\/www.sisinternational.com\/wp-content\/uploads\/2025\/09\/Rare-earth-metal-5.jpg\" alt=\"SIS International Marktforschung &amp; Strategie\" title=\"Rare earth metal 5\" srcset=\"https:\/\/www.sisinternational.com\/wp-content\/uploads\/2025\/09\/Rare-earth-metal-5.jpg 1456w, https:\/\/www.sisinternational.com\/wp-content\/uploads\/2025\/09\/Rare-earth-metal-5-300x168.jpg 300w, https:\/\/www.sisinternational.com\/wp-content\/uploads\/2025\/09\/Rare-earth-metal-5-1024x574.jpg 1024w, https:\/\/www.sisinternational.com\/wp-content\/uploads\/2025\/09\/Rare-earth-metal-5-768x430.jpg 768w, https:\/\/www.sisinternational.com\/wp-content\/uploads\/2025\/09\/Rare-earth-metal-5-18x10.jpg 18w\" sizes=\"auto, (max-width: 1456px) 100vw, 1456px\"><\/figure>\n\n\n\n<p><\/p>\n\n\n\n<h2 class=\"wp-block-heading p2\">Was sind Seltenerdmetalle?<\/h2>\n\n\n\n<p class=\"p3\">Seltenerdmetalle sind Teil des Periodensystems der Elemente. Seltenerdmetalle sind Silbermetalle, die in winzigen Einschl\u00fcssen in hartem Gestein vorkommen. Es gibt siebzehn verschiedene Elemente:<\/p>\n\n\n\n<ul class=\"wp-block-list\">\n<li>Neodym<\/li>\n\n\n\n<li>Samarium<\/li>\n\n\n\n<li>Cer<\/li>\n\n\n\n<li>Erbium<\/li>\n\n\n\n<li>Dysprosium<\/li>\n\n\n\n<li>Holmium<\/li>\n\n\n\n<li>Praseodym<\/li>\n\n\n\n<li>Lutetium<\/li>\n\n\n\n<li>Gadolinium<\/li>\n\n\n\n<li>Lanthan<\/li>\n\n\n\n<li>Europium<\/li>\n\n\n\n<li>Terbium<\/li>\n\n\n\n<li>Ytterbium<\/li>\n\n\n\n<li>Thulium<\/li>\n\n\n\n<li>Yttrium<\/li>\n\n\n\n<li>Promethium<\/li>\n\n\n\n<li>Scandium<\/li>\n<\/ul>\n\n\n\n<p class=\"p3\">Das bekannteste von allen ist Neodym, da es ein starkes magnetisches Element ist. Neodym wird in vielen Anwendungen eingesetzt, von Windturbinengeneratoren bis hin zu Elektromotoren. Die Musikindustrie kombiniert es mit Samarium, um Lautsprecher und Kopfh\u00f6rer herzustellen.<\/p>\n\n\n\n<p class=\"p3\">Die anderen sechzehn Elemente sind f\u00fcr Festplatten und Laser n\u00fctzlich. Hersteller verwenden sie auch f\u00fcr Wandler und \u00dcberwachungsger\u00e4te f\u00fcr Naturkatastrophen.<\/p>\n\n\n\n<h2 class=\"wp-block-heading p2\">Warum sind seltene Metalle und Mineralien wichtig?<\/h2>\n\n\n\n<p class=\"p3\">Seltene Metalle und Mineralien sind unverzichtbar, da das gesamte Leben eines Menschen von ihnen abh\u00e4ngt. Seltene Erden sind in allem enthalten, was wir in unserem t\u00e4glichen Leben brauchen, wie Telefonen und Fernsehern. Sie sind auch in Batterien f\u00fcr Elektroautos und Solarmodulen enthalten.<\/p>\n\n\n\n<p class=\"p3\">From wind power to medical imaging tools, these rare earth metals are helpful so we cannot afford to run out of them because the lack of these minerals can put the <a href=\"https:\/\/www.sisinternational.com\/de\/losungen\/ai-marktforschung-und-strategieberatung\/beratung-zu-gesundheit-wellness-automatisierung-und-kunstlicher-intelligenz\/\" title=\"Automatisierung im Gesundheits- und Wellnessbereich sowie KI-Beratung\"  data-wpil-monitor-id=\"7688\">health and wellness<\/a> of our people at risk.<\/p>\n\n\n\n<p class=\"p3\"><a href=\"https:\/\/www.sisinternational.com\/de\/sachverstand\/branchen\/forschungstests-zur-hautpflege\/\" title=\"Hautpflegeforschung und -tests\"  data-wpil-monitor-id=\"7685\">Skin cancer care<\/a> medication and lighters all need this type of metal to be effective. Altogether, they make up crucial bits of our LCD screens, smartphones, and laptops. Many of our devices need rare earth metals to operate.<\/p>\n\n\n\n<p class=\"p3\">Also known as Rare Earth Minerals, these metals are essential for technological growth. Yet, they are running out. Therefore, we must sparingly use these metals as means of saving our tech future.<\/p>\n\n\n\n<h2 class=\"wp-block-heading p2\">Entscheider der Branche<\/h2>\n\n\n\n<p class=\"p3\">China ist der wichtigste Entscheidungstr\u00e4ger in der Seltenerdmetallindustrie, da \u00fcber 80 Prozent aller seltenen Metalle der Erde in China vorkommen. Das Land hat seltene Erden gehortet, f\u00fcr die nur eine geringe Nachfrage besteht. Weitere gro\u00dfe Produzenten sind die USA, Myanmar, Australien, Madagaskar, Indien, Russland und Thailand.<\/p>\n\n\n\n<h2 class=\"wp-block-heading p2\">Gelegenheiten und Herausforderungen<\/h2>\n\n\n\n<p class=\"p3\">Seltene Erden sind im roten Bereich. Bald k\u00f6nnten sie nicht mehr existieren, weil die Nachfrage nach ihnen gr\u00f6\u00dfer ist. \u00dcber 130.000 Tonnen Seltenerdmetalle werden pro Jahr verbraucht, was eine erhebliche Menge ist. Wir verbrauchen die Vorr\u00e4te. Der Abbau der Metalle so schnell, wie wir sie brauchen, zerst\u00f6rt Chinas Umwelt.<\/p>\n\n\n\n<p class=\"p3\">Fixing this problem is not as easy as mining elsewhere, which is another story. For example, experts recently come into contact with rare earth minerals on their seabed. It is up to 30 times more concentrated than China\u2019s supply. Japan has a store that will last up to 230 years.<\/p>\n\n\n\n<p class=\"p3\">Das Problem bei dieser Entdeckung ist, sie von dort zu bergen, wo sie ist. Diese Vorr\u00e4te befinden sich im Ozean, etwa 5.800 Meter unter dem Meeresspiegel. Mehr als 5.000 Meter unter dem Meeresspiegel hat es noch nie einen erfolgreichen Bergbaubetrieb gegeben. Hier kommen neue Technologien im Bergbau ins Spiel.<\/p>\n\n\n\n<h2 class=\"wp-block-heading p2\">Neue Technologien im Abbau von Seltenen Erden<\/h2>\n\n\n\n<figure class=\"gb-block-image gb-block-image-dd59637f\"><img loading=\"lazy\" decoding=\"async\" width=\"1456\" height=\"816\" class=\"gb-image gb-image-dd59637f\" src=\"https:\/\/www.sisinternational.com\/wp-content\/uploads\/2025\/09\/rare-earth-metal-2.jpg\" alt=\"SIS International Marktforschung &amp; Strategie\" title=\"rare earth metal (2)\" srcset=\"https:\/\/www.sisinternational.com\/wp-content\/uploads\/2025\/09\/rare-earth-metal-2.jpg 1456w, https:\/\/www.sisinternational.com\/wp-content\/uploads\/2025\/09\/rare-earth-metal-2-300x168.jpg 300w, https:\/\/www.sisinternational.com\/wp-content\/uploads\/2025\/09\/rare-earth-metal-2-1024x574.jpg 1024w, https:\/\/www.sisinternational.com\/wp-content\/uploads\/2025\/09\/rare-earth-metal-2-768x430.jpg 768w, https:\/\/www.sisinternational.com\/wp-content\/uploads\/2025\/09\/rare-earth-metal-2-18x10.jpg 18w\" sizes=\"auto, (max-width: 1456px) 100vw, 1456px\"><\/figure>\n\n\n\n<p><\/p>\n\n\n\n<p class=\"p3\">China uses the conventional open-pit method in the mining of rare-earth metals. Some other countries also use this method of blowing up the large rocks to get the minerals within. There is a demand for a new way of retrieving these minerals, mainly due to the Japanese underwater crisis.<\/p>\n\n\n\n<h2 class=\"wp-block-heading p2\">Bedeutung der Marktforschung zu Seltenerdmetallen<\/h2>\n\n\n\n<p class=\"p3\"><a href=\"https:\/\/www.sisinternational.com\/de\/sachverstand\/branchen\/marktforschung-fur-seltene-krankheiten\/\" title=\"Marktforschung zu seltenen Krankheiten\"  data-wpil-monitor-id=\"7687\">Research on Rare<\/a> Earth Metals is a smart move for companies that want to invest in this area. We organize Quantitative, Qualitative, and Strategy Research. We also bring in <a href=\"https:\/\/www.sisinternational.com\/de\/losungen\/schwerpunktgruppen\/focus-group-on-personal-care-products\/\" title=\"Focus Group on Personal Care Products\"  data-wpil-monitor-id=\"7684\">Schwerpunktgruppen<\/a> to help us know the public\u2019s opinion and concerns about the product. It also helps us get an idea of the things we can improve. We <a href=\"https:\/\/www.sisinternational.com\/de\/how-to-conduct-in-depth-interviews-for-market-insights\/\" title=\"So f\u00fchren Sie ausf\u00fchrliche Interviews durch, um Markteinblicke zu gewinnen\"  data-wpil-monitor-id=\"7689\">conduct Surveys and Interviews<\/a> as well.<\/p>\n\n\n\n<p class=\"p4\">Connecting to decision-makers in the Rare Earth Metal industry is a huge <a href=\"https:\/\/www.sisinternational.com\/de\/abdeckung\/marktforschung-mittlerer-osten\/investment-opportunities-in-neom-real-estate\/\" title=\"Investment Opportunities in NEOM Real Estate\"  data-wpil-monitor-id=\"7686\">opportunity because companies can profit by investing<\/a> money (for example, into the Japan mineral rescue development). The resources of this project can be a worldwide win while being profitable to your company.<\/p>\n\n\n\n<p><\/p>","protected":false},"excerpt":{"rendered":"<p>Marktforschung zu Seltenerdmetallen ist eine kluge Investition. SIS verwendet verschiedene Forschungsmethoden, darunter Fokusgruppen, Umfragen und Interviews.<\/p>","protected":false},"author":1,"featured_media":68824,"parent":14514,"menu_order":74,"comment_status":"closed","ping_status":"closed","template":"","meta":{"footnotes":""},"class_list":["post-38686","page","type-page","status-publish","has-post-thumbnail"],"_links":{"self":[{"href":"https:\/\/www.sisinternational.com\/de\/wp-json\/wp\/v2\/pages\/38686","targetHints":{"allow":["GET"]}}],"collection":[{"href":"https:\/\/www.sisinternational.com\/de\/wp-json\/wp\/v2\/pages"}],"about":[{"href":"https:\/\/www.sisinternational.com\/de\/wp-json\/wp\/v2\/types\/page"}],"author":[{"embeddable":true,"href":"https:\/\/www.sisinternational.com\/de\/wp-json\/wp\/v2\/users\/1"}],"replies":[{"embeddable":true,"href":"https:\/\/www.sisinternational.com\/de\/wp-json\/wp\/v2\/comments?post=38686"}],"version-history":[{"count":4,"href":"https:\/\/www.sisinternational.com\/de\/wp-json\/wp\/v2\/pages\/38686\/revisions"}],"predecessor-version":[{"id":81296,"href":"https:\/\/www.sisinternational.com\/de\/wp-json\/wp\/v2\/pages\/38686\/revisions\/81296"}],"up":[{"embeddable":true,"href":"https:\/\/www.sisinternational.com\/de\/wp-json\/wp\/v2\/pages\/14514"}],"wp:featuredmedia":[{"embeddable":true,"href":"https:\/\/www.sisinternational.com\/de\/wp-json\/wp\/v2\/media\/68824"}],"wp:attachment":[{"href":"https:\/\/www.sisinternational.com\/de\/wp-json\/wp\/v2\/media?parent=38686"}],"curies":[{"name":"wp","href":"https:\/\/api.w.org\/{rel}","templated":true}]}}