{"id":38495,"date":"2021-08-20T17:55:35","date_gmt":"2021-08-20T17:55:35","guid":{"rendered":"https:\/\/www.sisinternational.com\/?page_id=38495"},"modified":"2026-01-26T16:47:55","modified_gmt":"2026-01-26T21:47:55","slug":"marktforschung-venezuela","status":"publish","type":"page","link":"https:\/\/www.sisinternational.com\/de\/abdeckung\/latin-america\/marktforschung-in-lateinamerika-2\/marktforschung-venezuela\/","title":{"rendered":"Venezuela Marktforschung"},"content":{"rendered":"<h1 class=\"wp-block-heading\">Venezuela Marktforschung<\/h1>\n\n\n\n<figure class=\"gb-block-image gb-block-image-8d7b827f\"><img loading=\"lazy\" decoding=\"async\" width=\"1456\" height=\"816\" class=\"gb-image gb-image-8d7b827f\" src=\"https:\/\/www.sisinternational.com\/wp-content\/uploads\/2025\/09\/Venezuela-5.jpg\" alt=\"SIS International Marktforschung &amp; Strategie\" title=\"Venezuela (5)\" srcset=\"https:\/\/www.sisinternational.com\/wp-content\/uploads\/2025\/09\/Venezuela-5.jpg 1456w, https:\/\/www.sisinternational.com\/wp-content\/uploads\/2025\/09\/Venezuela-5-300x168.jpg 300w, https:\/\/www.sisinternational.com\/wp-content\/uploads\/2025\/09\/Venezuela-5-1024x574.jpg 1024w, https:\/\/www.sisinternational.com\/wp-content\/uploads\/2025\/09\/Venezuela-5-768x430.jpg 768w, https:\/\/www.sisinternational.com\/wp-content\/uploads\/2025\/09\/Venezuela-5-18x10.jpg 18w\" sizes=\"auto, (max-width: 1456px) 100vw, 1456px\"><\/figure>\n\n\n\n<p><\/p>\n\n\n\n<h2 class=\"wp-block-heading\">Venezuela ist ein verlockender Anlaufhafen.<\/h2>\n\n\n\n<p>Es ist eines der gr\u00f6\u00dften L\u00e4nder der Welt mit etwa 32 Millionen Einwohnern. Es hat eine Fl\u00e4che von 350.000 Quadratmeilen und ist f\u00fchrend, wenn es um Landschaft und kulturellen Reichtum geht. Es bietet atemberaubende Wasserf\u00e4lle, Grasland, dichte tropische Regenw\u00e4lder und unber\u00fchrte Str\u00e4nde.<\/p>\n\n\n\n<p>To this day, the culture of the land still reflects the customs of the past. There\u2019s also a hint of the old Spanish along with it. It borders countries such as <a class=\"wpil_keyword_link\" href=\"https:\/\/www.sisinternational.com\/de\/abdeckung\/die-amerikaner\/marktforschung-in-lateinamerika-2\/marktforschung-in-guyana\/\"   title=\"Marktforschung in Guyana\" data-wpil-keyword-link=\"linked\"  data-wpil-monitor-id=\"420\">Guyana<\/a>, Colombia, and Brazil. <a href=\"https:\/\/www.sisinternational.com\/de\/abdeckung\/die-amerikaner\/marktforschung-in-der-karibik\/marktforschung-trinidad-und-tobago\/\" title=\"Marktforschung in Trinidad und Tobago\"  data-wpil-monitor-id=\"6204\">Trinidad &amp; Tobago<\/a> is also close by. Other island neighbors include Grenada, Curacao, and Aruba.<\/p>\n\n\n\n<p>Venezuela verf\u00fcgt \u00fcber die gr\u00f6\u00dften \u00d6lreserven der Welt. Es ist der gr\u00f6\u00dfte \u00d6lexporteur der Welt. Au\u00dferdem geh\u00f6rt es zu den acht gr\u00f6\u00dften Erdgaslieferanten der Welt. Die Gesellschaft des Landes ist in hohem Ma\u00dfe von \u00d6lexporten abh\u00e4ngig, was dem Land seine Position auf dem Weltmarkt verleiht. Der \u00d6lexport macht den gr\u00f6\u00dften Teil der Exporteinnahmen des Landes aus. Das Land verf\u00fcgt auch \u00fcber andere nat\u00fcrliche Ressourcen wie Eisen, Gold, Diamanten und andere Mineralien. Trotz dieser Ressourcen hat das Land immer noch viele Probleme.<\/p>\n\n\n\n<h2 class=\"wp-block-heading\">Nachbarschaften<\/h2>\n\n\n\n<p>Caracas ist die Hauptstadt und gr\u00f6\u00dfte Stadt mit \u00fcber 4 Millionen Einwohnern. Sie ist auch das Zentrum des Gesundheitswesens, des Bildungswesens, der Regierung und der Produktion. Caracas hat auch eine gro\u00dfe Dienstleistungsbranche.<\/p>\n\n\n\n<p>Maracaibo ist mit etwa 3 Millionen Einwohnern die zweitgr\u00f6\u00dfte Stadt und der gr\u00f6\u00dfte Seehafen. Diese Stadt ist seit vielen Jahren das Zentrum der \u00d6lindustrie.<\/p>\n\n\n\n<p>Valencia City is the primary link between the west terrain and the rest of the country.&nbsp;It also&nbsp;has&nbsp;some of the most fertile lands. It is well known for cattle breeding and growing several crops.<\/p>\n\n\n\n<h2 class=\"wp-block-heading\">Schl\u00fcsselindustrien<\/h2>\n\n\n\n<p>Die Landwirtschaft ist ein wichtiger Industriezweig. Angebaut werden vor allem Zuckerrohr, Reis, Mais und Sorghum. Auch der petrochemische Sektor w\u00e4chst schnell.<\/p>\n\n\n\n<p>In addition, there are the gold mining, oil, manufacturing, plastics, and pharmaceuticals industries. The country also produces steel, tobacco products, paper, and textiles.&nbsp;Still other products include cement, food, woven goods, rope, drinks, and soaps.<\/p>\n\n\n\n<p>There are large tracts of untouched arable land and vast bodies of water.&nbsp;Moreover, the country has rich sources of iron ore, gold, natural gas, and various minerals.<\/p>\n\n\n\n<p>There are also plans to revive the production of coffee and cocoa for export. Currently, exports include corn, soybeans, wheat, cotton, and cooking oils.&nbsp;Furthermore, rice, fish, fruits, pork, beef, and coffee are also in demand. The country\u2019s main export partners&nbsp;are China, Brazil, Colombia, Mexico, and the United States.<\/p>\n\n\n\n<h2 class=\"wp-block-heading\">Trends<\/h2>\n\n\n\n<p>Die Venezolaner sind sehr gebildet. Daher verf\u00fcgt das Land \u00fcber qualifizierte Arbeitskr\u00e4fte. Dennoch gibt es eine gro\u00dfe Einkommensl\u00fccke unter den B\u00fcrgern. Diese L\u00fccke f\u00fchrt dazu, dass fast alle Einheimischen unterhalb der Armutsgrenze leben. Die Einheimischen k\u00f6nnen sich den Kauf von Grundversorgungsg\u00fctern nicht leisten. Das Land hat schicke Wohngegenden. Aber es gibt auch Dutzende von Baracken f\u00fcr die Menschen, die in Armut leben.<\/p>\n\n\n\n<p>Trotz dieser sozialen Herausforderungen ist das Land vielversprechend. Investoren k\u00f6nnen zum Beispiel erw\u00e4gen, ihr Geld in die \u00d6lf\u00f6rderung zu investieren, eine wachsende Branche. Auch die Exporte steigen weiter.<\/p>\n\n\n\n<h2 class=\"wp-block-heading\">Verbraucherbasis<\/h2>\n\n\n\n<p>Ein sehr hoher Prozentsatz der B\u00fcrger lebt in St\u00e4dten. Mehr als ein Viertel der Menschen ist unter 15 Jahre alt. Mehr als die H\u00e4lfte ist zwischen 15 und 65 Jahre alt. Dem Durchschnittsb\u00fcrger mangelt es an lebensnotwendigen Dingen wie Hygieneartikeln, Mehl und Milch. Viele B\u00fcrger haben auch keinen Zugang zu Trinkwasser. Die Preise sind explodiert und werden voraussichtlich noch weiter steigen.<\/p>\n\n\n\n<p>Dennoch hat dieses Land einen Markt von fast 30 Millionen Menschen. Es besteht gro\u00dfes Potenzial f\u00fcr die Gr\u00fcndung lokaler Joint Ventures. Obwohl Potenzial vorhanden ist, sollten Sie bedenken, dass sich die Menschen die Preise der lokalen Gesch\u00e4ftsinhaber nicht leisten k\u00f6nnen. In den meisten Lebensmittelgesch\u00e4ften sind die Regale aufgrund von Engp\u00e4ssen bei Lebensmitteln und Grundversorgungsg\u00fctern leer.<\/p>\n\n\n\n<h2 class=\"wp-block-heading\">Gr\u00fcnde f\u00fcr den Ausbau Ihres Gesch\u00e4fts in Venezuela<\/h2>\n\n\n\n<p>Es gibt mehrere Gr\u00fcnde, Ihr Gesch\u00e4ft in diesem Staat auszubauen. Einer davon ist die Lage. Venezuela ist \u00fcber die Karibik leicht zu erreichen. Es gibt auch viele andere Gateways.<\/p>\n\n\n\n<p>Dar\u00fcber hinaus sind die Gesch\u00e4ftskosten niedrig. Die Arbeitskr\u00e4fte sind ein weiterer Anreiz, da die Menschen bereit sind zu arbeiten, um sich die Grundbed\u00fcrfnisse leisten zu k\u00f6nnen. Arbeitskr\u00e4fte sind also billig.<\/p>\n\n\n\n<p>Dar\u00fcber hinaus verbessern sich die \u00d6lexporte trotz einiger kleinerer R\u00fcckschl\u00e4ge weiter. \u00d6lsand-, Bitumen- und Roh\u00f6lreserven sind gute Optionen, die es zu erkunden gilt. Der Energiemarkt w\u00e4chst, aber der Sektor der Nicht-Erd\u00f6lprodukte muss ausgebaut werden. Trotz der Herausforderungen sind Reisen, Tourismus, Landwirtschaft, Lebensmittelversorgung und Informationstechnologie hervorragende Wetten f\u00fcr Investoren.<\/p>\n\n\n\n<h2 class=\"wp-block-heading\">\u00dcber Marktforschung in Venezuela<\/h2>\n\n\n\n<p>M\u00f6chten Sie in Venezuela Gesch\u00e4fte machen? Untersuchungen zeigen mehrere<br>Sektoren eignen sich hervorragend f\u00fcr Investitionen. Wir bieten quantitative und qualitative Forschung in aufstrebenden Branchen. Wir bieten auch Strategieforschung an. Dar\u00fcber hinaus k\u00f6nnen wir Fokusgruppen einsetzen, um Ihren Markt zu testen. Wir k\u00f6nnen Ihnen auch dabei helfen, Ihr Spiel zu verbessern, indem wir Umfragen und Interviews durchf\u00fchren.<\/p>\n\n\n\n<p><a href=\"https:\/\/www.sisinternational.com\/de\/uber-sis-international-research\/contact-sis-international-market-research\/\">Kontaktieren Sie uns noch heute, um zu erfahren, wie wir Ihnen helfen k\u00f6nnen.<\/a><\/p>\n\n\n\n<p><\/p>\n\n\n\n<h2 class=\"wp-block-heading\">&nbsp;<\/h2>","protected":false},"excerpt":{"rendered":"<p>Entdecken Sie, wie Sie Ihr Gesch\u00e4ft mit Venezuela Market Research ausbauen k\u00f6nnen.<\/p>","protected":false},"author":1,"featured_media":66384,"parent":14351,"menu_order":18,"comment_status":"closed","ping_status":"closed","template":"","meta":{"footnotes":""},"class_list":["post-38495","page","type-page","status-publish","has-post-thumbnail"],"_links":{"self":[{"href":"https:\/\/www.sisinternational.com\/de\/wp-json\/wp\/v2\/pages\/38495","targetHints":{"allow":["GET"]}}],"collection":[{"href":"https:\/\/www.sisinternational.com\/de\/wp-json\/wp\/v2\/pages"}],"about":[{"href":"https:\/\/www.sisinternational.com\/de\/wp-json\/wp\/v2\/types\/page"}],"author":[{"embeddable":true,"href":"https:\/\/www.sisinternational.com\/de\/wp-json\/wp\/v2\/users\/1"}],"replies":[{"embeddable":true,"href":"https:\/\/www.sisinternational.com\/de\/wp-json\/wp\/v2\/comments?post=38495"}],"version-history":[{"count":7,"href":"https:\/\/www.sisinternational.com\/de\/wp-json\/wp\/v2\/pages\/38495\/revisions"}],"predecessor-version":[{"id":79791,"href":"https:\/\/www.sisinternational.com\/de\/wp-json\/wp\/v2\/pages\/38495\/revisions\/79791"}],"up":[{"embeddable":true,"href":"https:\/\/www.sisinternational.com\/de\/wp-json\/wp\/v2\/pages\/14351"}],"wp:featuredmedia":[{"embeddable":true,"href":"https:\/\/www.sisinternational.com\/de\/wp-json\/wp\/v2\/media\/66384"}],"wp:attachment":[{"href":"https:\/\/www.sisinternational.com\/de\/wp-json\/wp\/v2\/media?parent=38495"}],"curies":[{"name":"wp","href":"https:\/\/api.w.org\/{rel}","templated":true}]}}