{"id":38487,"date":"2021-08-20T16:35:39","date_gmt":"2021-08-20T16:35:39","guid":{"rendered":"https:\/\/www.sisinternational.com\/?page_id=38487"},"modified":"2025-09-15T01:27:24","modified_gmt":"2025-09-15T05:27:24","slug":"marktforschung-uruguay","status":"publish","type":"page","link":"https:\/\/www.sisinternational.com\/de\/abdeckung\/latin-america\/marktforschung-in-lateinamerika-2\/marktforschung-uruguay\/","title":{"rendered":"Marktforschung in Uruguay"},"content":{"rendered":"<h1 class=\"wp-block-heading\">Marktforschung in Uruguay<\/h1>\n\n\n\n<figure class=\"gb-block-image gb-block-image-4afdc781\"><img loading=\"lazy\" decoding=\"async\" width=\"1456\" height=\"816\" class=\"gb-image gb-image-4afdc781\" src=\"https:\/\/www.sisinternational.com\/wp-content\/uploads\/2025\/09\/Uruguay-1.jpg\" alt=\"SIS International Marktforschung &amp; Strategie\" title=\"Uruguay (1)\" srcset=\"https:\/\/www.sisinternational.com\/wp-content\/uploads\/2025\/09\/Uruguay-1.jpg 1456w, https:\/\/www.sisinternational.com\/wp-content\/uploads\/2025\/09\/Uruguay-1-300x168.jpg 300w, https:\/\/www.sisinternational.com\/wp-content\/uploads\/2025\/09\/Uruguay-1-1024x574.jpg 1024w, https:\/\/www.sisinternational.com\/wp-content\/uploads\/2025\/09\/Uruguay-1-768x430.jpg 768w, https:\/\/www.sisinternational.com\/wp-content\/uploads\/2025\/09\/Uruguay-1-18x10.jpg 18w\" sizes=\"auto, (max-width: 1456px) 100vw, 1456px\"><\/figure>\n\n\n\n<p><\/p>\n\n\n\n<h2 class=\"wp-block-heading\">Uruguay ist winzig. Tats\u00e4chlich ist es eines der kleinsten L\u00e4nder Lateinamerikas.<\/h2>\n\n\n\n<p>Die Fl\u00e4che betr\u00e4gt 68.000 Quadratmeilen und es leben nur vier Millionen Menschen dort. Das Land liegt zwischen Brasilien und Argentinien. Es gibt niedrige H\u00fcgel und wundersch\u00f6ne K\u00fcstengebiete. In der zentralen Region gibt es gro\u00dfe Rinderfarmen. Gr\u00fcne Weiden bieten gute Weidefl\u00e4chen f\u00fcr die Rinder- und Schafzucht.<\/p>\n\n\n\n<h2 class=\"wp-block-heading\">Nachbarschaften<\/h2>\n\n\n\n<p>Uruguay has three main cities. The capital, Montevideo, is an active, colorful coastal area. An old-world charm blends with the modern. In addition, the <a href=\"https:\/\/www.sisinternational.com\/de\/losungen\/qualitative-quantitative-forschungslosungen\/tests-an-zentralen-standorten-in-new-york-city\/\" title=\"Zentrale Standorttests in New York City: Vorteile f\u00fcr Produkttests\"  data-wpil-monitor-id=\"7811\">city is the central<\/a> cultural hub. It has several museums and old churches, which are popular with tourists. Several plazas, piers, restaurants, and green spaces offer shopping, dining, and other fun options.<\/p>\n\n\n\n<p>Salto ist kleiner als die Hauptstadt. Es ist ein Touristengebiet mit vielen Sehensw\u00fcrdigkeiten. Salto hat Fr\u00fchlingsresorts, Campingpl\u00e4tze, Restaurants, Gesch\u00e4fte und Verkaufsst\u00e4nde. Es gibt auch mehrere Weinberge, Tomaten-, Zitrus-, Mais-, Weizen- und Flachsfelder. Dar\u00fcber hinaus bauen die \u00f6rtlichen Bauern Erdbeeren, Sonnenblumenkerne, Mais und Weizen an.<\/p>\n\n\n\n<p>Eine weitere Gro\u00dfstadt ist Paysand\u00fa, ein gesch\u00e4ftiges Industriegebiet. In dieser Stadt gibt es Getreide- und Textilfabriken, Brauereien, Gerbereien und Fleischverarbeitungsbetriebe.<\/p>\n\n\n\n<h2 class=\"wp-block-heading\">Trends<\/h2>\n\n\n\n<figure class=\"gb-block-image gb-block-image-c7e350aa\"><img loading=\"lazy\" decoding=\"async\" width=\"1456\" height=\"816\" class=\"gb-image gb-image-c7e350aa\" src=\"https:\/\/www.sisinternational.com\/wp-content\/uploads\/2025\/09\/Uruguay-2.jpg\" alt=\"SIS International Marktforschung &amp; Strategie\" title=\"Uruguay (2)\" srcset=\"https:\/\/www.sisinternational.com\/wp-content\/uploads\/2025\/09\/Uruguay-2.jpg 1456w, https:\/\/www.sisinternational.com\/wp-content\/uploads\/2025\/09\/Uruguay-2-300x168.jpg 300w, https:\/\/www.sisinternational.com\/wp-content\/uploads\/2025\/09\/Uruguay-2-1024x574.jpg 1024w, https:\/\/www.sisinternational.com\/wp-content\/uploads\/2025\/09\/Uruguay-2-768x430.jpg 768w, https:\/\/www.sisinternational.com\/wp-content\/uploads\/2025\/09\/Uruguay-2-18x10.jpg 18w\" sizes=\"auto, (max-width: 1456px) 100vw, 1456px\"><\/figure>\n\n\n\n<p><\/p>\n\n\n\n<p>Uruguay verf\u00fcgt \u00fcber gut ausgebildete Arbeitskr\u00e4fte und ein gutes Gesundheitssystem. Etwa zwei Drittel der Arbeitskr\u00e4fte arbeiten im Dienstleistungssektor. Dennoch sind viele Menschen arbeitslos, da es kaum Touristen gibt und die Exporte zur\u00fcckgehen. Ein weiterer besorgniserregender Trend ist die Massenflucht der B\u00fcrger.<\/p>\n\n\n\n<p>Dar\u00fcber hinaus f\u00fchrt die niedrige Geburtenrate zu einer \u00dcberalterung der Bev\u00f6lkerung. Das Durchschnittsalter liegt bei 35,8 Jahren und ein Viertel der Menschen ist zwischen 15 und 29 Jahre alt. Zudem werden junge, qualifizierte Arbeitskr\u00e4fte gesucht. Trotz dieser Probleme steigen die privaten Ausgaben, was f\u00fcr jeden, der dort Gesch\u00e4fte machen m\u00f6chte, eine gute Nachricht ist.<\/p>\n\n\n\n<h2 class=\"wp-block-heading\">Schl\u00fcsselindustrien<\/h2>\n\n\n\n<p>Uruguay geh\u00f6rt zu den gr\u00f6\u00dften Weinproduzenten Lateinamerikas. Bemerkenswert sind auch die Exporte von grasgef\u00fcttertem Rindfleisch, die weiterhin steigen. Auch die Exporte von Fischerei, Forstwirtschaft, Fleischverarbeitung, Topas und Amethyst florieren.<\/p>\n\n\n\n<p>Die Luxuslederwaren- und Gerbindustrie ist reif f\u00fcr Investitionen. Auch die Rinder- und Schafzucht sowie der Obst-, Zitrus-, Mais- und Reisanbau sind rentabel. Dar\u00fcber hinaus sind Sojabohnen, Fleischkonserven, Milchprodukte, Fisch, Zellulose, Reis und Weizen wichtige Exportg\u00fcter.<\/p>\n\n\n\n<p>Die wichtigsten Exportpartner Uruguays sind:<\/p>\n\n\n\n<ul class=\"wp-block-list\">\n<li>Die EU<\/li>\n\n\n\n<li>Argentinien<\/li>\n\n\n\n<li>Die Vereinigten Staaten<\/li>\n\n\n\n<li>Brasilien<\/li>\n<\/ul>\n\n\n\n<h2 class=\"wp-block-heading\">Verbraucherbasis<\/h2>\n\n\n\n<p>Uruguay bietet einen hohen Lebensstandard und viele soziale Freiheiten. Die meisten Menschen leben in st\u00e4dtischen Gebieten. In den zentralen und l\u00e4ndlichen Gebieten gibt es Raum f\u00fcr die Entwicklung von Unternehmen.<\/p>\n\n\n\n<p>Beliebte lokale Produkte sind Snacks, Zigarren, Tabak, S\u00fc\u00dfigkeiten, Wein, Apfelwein und Bier. Die privaten Ausgaben steigen nach einem anf\u00e4nglichen Einbruch weiter an. Somit verbessert sich die Lage in mehreren Gesch\u00e4ftsbereichen.<\/p>\n\n\n\n<p>Zu den wichtigsten Importg\u00fctern z\u00e4hlen Fahrzeugteile, raffiniertes \u00d6l und Roh\u00f6l sowie Personenkraftwagen. Mobiltelefone und Insektizide stehen ebenfalls weit oben auf der Liste.<\/p>\n\n\n\n<p>Derzeit besteht Bedarf an einem Ausbau der Abwasserentsorgung und des Umweltmanagements. Das Land ben\u00f6tigt au\u00dferdem Unterst\u00fctzung in den Bereichen Bau, Forstwirtschaft und Energie.<\/p>\n\n\n\n<h2 class=\"wp-block-heading\">Gr\u00fcnde f\u00fcr den Ausbau Ihres Gesch\u00e4fts in Uruguay<\/h2>\n\n\n\n<p>Uruguay has a thriving wine <a href=\"https:\/\/www.sisinternational.com\/de\/top-branchenanalyseunternehmen-in-new-york\/\" title=\"Top-Unternehmen f\u00fcr Branchenanalysen in NY\"  data-wpil-monitor-id=\"7810\">industry and is among the top<\/a> five Latam wine producers. Also, the country is among the best places to do business. It is one of the top three emerging Latam giants. In addition, the country ranks very low on the corruption scale.<\/p>\n\n\n\n<p>Uruguay hat ein warmes Klima mit milden Wintern. Es bietet eine gute Work-Life-Balance. Dar\u00fcber hinaus ist das Land sicher und hat eine stabile Regierung. Es verf\u00fcgt \u00fcber gute Stra\u00dfenverbindungen, F\u00e4hrverbindungen und eine g\u00fcnstige Gesundheitsversorgung.<\/p>\n\n\n\n<h2 class=\"wp-block-heading\">Marktforschung in Uruguay<\/h2>\n\n\n\n<p>Uruguay is one of the <a href=\"https:\/\/www.sisinternational.com\/de\/top-5-benefits-of-qualitative-market-research-for-businesses\/\" title=\"Top 5 Benefits of Qualitative Market Research for Businesses\"  data-wpil-monitor-id=\"7812\">top<\/a> places in Latin America to do business. We offer Qualitative, Quantitative, and Strategy <a href=\"https:\/\/www.sisinternational.com\/de\/fallstudien\/\" title=\"Fallstudien\"  data-wpil-monitor-id=\"7809\">market research studies<\/a> of Uruguay and other countries. We hope that this article will help you to make sound investment decisions.<\/p>\n\n\n\n<h2 class=\"wp-block-heading\">&nbsp;<\/h2>","protected":false},"excerpt":{"rendered":"<p>Entdecken Sie, wie Sie Ihr Unternehmen mit Marktforschung in Uruguay ausbauen k\u00f6nnen.<\/p>","protected":false},"author":1,"featured_media":66374,"parent":14351,"menu_order":17,"comment_status":"closed","ping_status":"closed","template":"","meta":{"footnotes":""},"class_list":["post-38487","page","type-page","status-publish","has-post-thumbnail"],"_links":{"self":[{"href":"https:\/\/www.sisinternational.com\/de\/wp-json\/wp\/v2\/pages\/38487","targetHints":{"allow":["GET"]}}],"collection":[{"href":"https:\/\/www.sisinternational.com\/de\/wp-json\/wp\/v2\/pages"}],"about":[{"href":"https:\/\/www.sisinternational.com\/de\/wp-json\/wp\/v2\/types\/page"}],"author":[{"embeddable":true,"href":"https:\/\/www.sisinternational.com\/de\/wp-json\/wp\/v2\/users\/1"}],"replies":[{"embeddable":true,"href":"https:\/\/www.sisinternational.com\/de\/wp-json\/wp\/v2\/comments?post=38487"}],"version-history":[{"count":4,"href":"https:\/\/www.sisinternational.com\/de\/wp-json\/wp\/v2\/pages\/38487\/revisions"}],"predecessor-version":[{"id":81318,"href":"https:\/\/www.sisinternational.com\/de\/wp-json\/wp\/v2\/pages\/38487\/revisions\/81318"}],"up":[{"embeddable":true,"href":"https:\/\/www.sisinternational.com\/de\/wp-json\/wp\/v2\/pages\/14351"}],"wp:featuredmedia":[{"embeddable":true,"href":"https:\/\/www.sisinternational.com\/de\/wp-json\/wp\/v2\/media\/66374"}],"wp:attachment":[{"href":"https:\/\/www.sisinternational.com\/de\/wp-json\/wp\/v2\/media?parent=38487"}],"curies":[{"name":"wp","href":"https:\/\/api.w.org\/{rel}","templated":true}]}}