{"id":38482,"date":"2021-08-20T16:33:18","date_gmt":"2021-08-20T16:33:18","guid":{"rendered":"https:\/\/www.sisinternational.com\/?page_id=38482"},"modified":"2026-01-25T16:55:40","modified_gmt":"2026-01-25T21:55:40","slug":"marktforschung-dominikanische-republik","status":"publish","type":"page","link":"https:\/\/www.sisinternational.com\/de\/abdeckung\/latin-america\/marktforschung-in-lateinamerika-2\/marktforschung-dominikanische-republik\/","title":{"rendered":"Marktforschung in der Dominikanischen Republik"},"content":{"rendered":"<h1 class=\"wp-block-heading\">Marktforschung in der Dominikanischen Republik<\/h1>\n\n\n\n<figure class=\"gb-block-image gb-block-image-cb40ad49\"><img loading=\"lazy\" decoding=\"async\" width=\"1456\" height=\"816\" class=\"gb-image gb-image-cb40ad49\" src=\"https:\/\/www.sisinternational.com\/wp-content\/uploads\/2025\/09\/Dominican-Republic-3.jpg\" alt=\"SIS International Marktforschung &amp; Strategie\" title=\"Dominican Republic (3)\" srcset=\"https:\/\/www.sisinternational.com\/wp-content\/uploads\/2025\/09\/Dominican-Republic-3.jpg 1456w, https:\/\/www.sisinternational.com\/wp-content\/uploads\/2025\/09\/Dominican-Republic-3-300x168.jpg 300w, https:\/\/www.sisinternational.com\/wp-content\/uploads\/2025\/09\/Dominican-Republic-3-1024x574.jpg 1024w, https:\/\/www.sisinternational.com\/wp-content\/uploads\/2025\/09\/Dominican-Republic-3-768x430.jpg 768w, https:\/\/www.sisinternational.com\/wp-content\/uploads\/2025\/09\/Dominican-Republic-3-18x10.jpg 18w\" sizes=\"auto, (max-width: 1456px) 100vw, 1456px\"><\/figure>\n\n\n\n<p><\/p>\n\n\n\n<h2 class=\"wp-block-heading\">Die Dominikanische Republik oder DR liegt auf der Ostseite der Insel Hispaniola.<\/h2>\n\n\n\n<p>Das franz\u00f6sischsprachige Land Haiti liegt im Westen.<\/p>\n\n\n\n<h2 class=\"wp-block-heading\">Schl\u00fcsselindustrien<\/h2>\n\n\n\n<p>Der Markt wird von Sektoren wie Tourismus, Fertigung, Bauwesen und Bergbau angetrieben.<\/p>\n\n\n\n<p>Die Dominikanische Republik exportiert Metalle, Mineralien, Zucker und Tabak. Sie produziert und exportiert die zweitgr\u00f6\u00dfte Menge Zuckerrohr in der Region.<\/p>\n\n\n\n<p>Most exports are to the United States, but other major trade partners are <a href=\"https:\/\/www.sisinternational.com\/de\/sachverstand\/bric-marktforschung\/\" title=\"BRIC-Marktforschung (Brasilien, Russland, Indien und China)\"  data-wpil-monitor-id=\"11149\">China and India<\/a>.<\/p>\n\n\n\n<p>Das tropische Klima des Landes sowie die wei\u00dfen Sandstr\u00e4nde und wundersch\u00f6nen Berge machen es zu einem beliebten Touristenziel. Es hat auch eine reiche Geschichte.<\/p>\n\n\n\n<p>Die Dominikanische Republik verdient viel Geld mit dem Bergbau, was ihr BIP steigert. Sie verf\u00fcgt \u00fcber die gr\u00f6\u00dfte Goldmine in der Region Lateinamerika.<\/p>\n\n\n\n<p>The country also has a growing \u201cFree-trade zone.\u201d This area allows the import, production, export, and transport of goods. Custom duties are low here. Within this zone, the <a href=\"https:\/\/www.sisinternational.com\/de\/losungen\/branding-und-kundenforschungslosungen\/produkttests-marktforschung\/product-testing-for-consumer-products\/medical-device-product-testing-in-nyc\/\" title=\"Medical Device Product Testing in NYC\"  data-wpil-monitor-id=\"11151\">production of medical<\/a> equipment for export is fast-growing.<\/p>\n\n\n\n<h2 class=\"wp-block-heading\">Nachbarschaften<\/h2>\n\n\n\n<p>Santo Domingo ist die Hauptstadt und gr\u00f6\u00dfte Stadt. Hier gibt es viele religi\u00f6se Wahrzeichen. Kleinere St\u00e4dte sind ebenfalls vorhanden. Die Stadt ist voller gro\u00dfer Parks und Gr\u00fcnfl\u00e4chen.<\/p>\n\n\n\n<p>Eine weitere zentral gelegene Stadt ist Santiago, umgeben von hohen Bergen mit dichten tropischen W\u00e4ldern. Diese Eigenschaften sch\u00fctzen die Stadt vor Hurrikanen.<\/p>\n\n\n\n<h2 class=\"wp-block-heading\">Trends<\/h2>\n\n\n\n<figure class=\"gb-block-image gb-block-image-d851b78f\"><img loading=\"lazy\" decoding=\"async\" width=\"1456\" height=\"816\" class=\"gb-image gb-image-d851b78f\" src=\"https:\/\/www.sisinternational.com\/wp-content\/uploads\/2025\/09\/Dominican-Republic-2.jpg\" alt=\"SIS International Marktforschung &amp; Strategie\" title=\"Dominican Republic (2)\" srcset=\"https:\/\/www.sisinternational.com\/wp-content\/uploads\/2025\/09\/Dominican-Republic-2.jpg 1456w, https:\/\/www.sisinternational.com\/wp-content\/uploads\/2025\/09\/Dominican-Republic-2-300x168.jpg 300w, https:\/\/www.sisinternational.com\/wp-content\/uploads\/2025\/09\/Dominican-Republic-2-1024x574.jpg 1024w, https:\/\/www.sisinternational.com\/wp-content\/uploads\/2025\/09\/Dominican-Republic-2-768x430.jpg 768w, https:\/\/www.sisinternational.com\/wp-content\/uploads\/2025\/09\/Dominican-Republic-2-18x10.jpg 18w\" sizes=\"auto, (max-width: 1456px) 100vw, 1456px\"><\/figure>\n\n\n\n<p>S<\/p>\n\n\n\n<p>ectors within the nation continue to grow due to an increase in external demand. As a result, there are more exports of goods and services and all-round growth.<\/p>\n\n\n\n<p>Dieses Wachstum hat viele positive Auswirkungen, wie etwa Lohnerh\u00f6hungen im \u00f6ffentlichen und privaten Sektor. Zudem schafft es mehr Arbeitspl\u00e4tze. Die Armutsraten sinken und die Mittelschicht w\u00e4chst \u2013 und all das infolge des Wirtschaftswachstums.<\/p>\n\n\n\n<p>Aus all diesen Gr\u00fcnden sollten die privaten Investitionen im Land erh\u00f6ht werden. Davon profitieren sowohl die Investoren als auch die Bev\u00f6lkerung der Dominikanischen Republik.<\/p>\n\n\n\n<h2 class=\"wp-block-heading\">Vorteile und St\u00e4rken im Markt<\/h2>\n\n\n\n<p>Die Inflationsraten im Land sind niedrig und stabil, was gro\u00dfe Summen ausl\u00e4ndischer Investitionen anzieht.<\/p>\n\n\n\n<p>Auch die Entfernung der Dominikanischen Republik zu den USA ist von Vorteil. Sie liegt nah beieinander, sodass Unternehmen dort ausl\u00e4ndische Niederlassungen er\u00f6ffnen k\u00f6nnen.<\/p>\n\n\n\n<p>Das Land ist stabil. Das BIP w\u00e4chst und die Armutsrate sinkt, was Investoren zugute kommen kann. Die Dominikanische Republik hat au\u00dferdem Handelsabkommen mit vielen L\u00e4ndern, die ihr h\u00f6here Exporte erm\u00f6glichen.<\/p>\n\n\n\n<p>The people in the DR treat foreign and local investors as equals, which is an added benefit.&nbsp;Furthermore, they use tax incentives and other measures to attract foreign investors. They give these incentives when the investment made can help the country.<\/p>\n\n\n\n<h2 class=\"wp-block-heading\">Verbraucherbasis<\/h2>\n\n\n\n<p>Derzeit leben die meisten B\u00fcrger unterhalb der Armutsgrenze.<\/p>\n\n\n\n<p>Aufgrund der Covid-19-Pandemie sind die Verbraucher beim Geldausgeben vorsichtiger. Ein gutes Familienleben, Sicherheit und \u00f6ffentliche Gesundheit stehen f\u00fcr sie im Mittelpunkt.<\/p>\n\n\n\n<h2 class=\"wp-block-heading\">Gr\u00fcnde, Ihr Gesch\u00e4ft auf dem dominikanischen Markt auszubauen<\/h2>\n\n\n\n<p>The DR is an excellent place for foreign investments. It is a central place for <a href=\"https:\/\/www.sisinternational.com\/de\/losungen\/fintech-strategieberatung-forschung\/algorithmischer-handel-marktforschung\/\" title=\"Algorithmischer Handel Marktforschung\"  data-wpil-monitor-id=\"11146\">trade and transport between many large markets<\/a>, including Central, South, and North America.<\/p>\n\n\n\n<p>Investoren k\u00f6nnen sich au\u00dferdem \u00fcber einen gro\u00dfen Arbeitsmarkt freuen. Bildung ist kostenlos und obligatorisch, sodass die B\u00fcrger F\u00e4higkeiten erlernen und dem Investor einen Mehrwert bieten k\u00f6nnen. Dies kommt Investoren zugute, die m\u00f6glicherweise Arbeitspl\u00e4tze schaffen.<\/p>\n\n\n\n<p>Dar\u00fcber hinaus eignet sich das Land aufgrund seiner Gr\u00f6\u00dfe gut f\u00fcr gesch\u00e4ftliche Unternehmungen.<\/p>\n\n\n\n<p>The thriving export <a href=\"https:\/\/www.sisinternational.com\/de\/losungen\/reise-tourismus-und-gastgewerbeberatung\/marktforschung-fur-reiseleiterunternehmen\/\" title=\"Marktforschung f\u00fcr Reiseleiterunternehmen\"  data-wpil-monitor-id=\"11147\">market provides an added benefit for companies<\/a>. <a href=\"https:\/\/www.sisinternational.com\/de\/billigflieger-in-der-luftfahrtindustrie\/\" title=\"Marktforschung f\u00fcr Billigflieger\"  data-wpil-monitor-id=\"11148\">Low operating and labor costs<\/a> allow companies to achieve economies of scale.<\/p>\n\n\n\n<h2 class=\"wp-block-heading\">\u00dcber Marktforschung in der Dominikanischen Republik<\/h2>\n\n\n\n<p>Businesses must conduct Quantitative, Qualitative, and Strategic <a href=\"https:\/\/www.sisinternational.com\/de\/abdeckung\/die-amerikaner\/marktforschung-in-der-karibik\/marktforschung-antigua-barbuda\/\" title=\"Marktforschung in Antigua und Barbuda\"  data-wpil-monitor-id=\"3799\">Research before market<\/a> entry. Such <a href=\"https:\/\/www.sisinternational.com\/de\/abdeckung\/europa\/marktforschung-liverpool-grosbritannien\/\" title=\"Marktforschung in Liverpool | Fokusgruppen und Datenerfassung in Gro\u00dfbritannien\"  data-wpil-monitor-id=\"11150\">research analyzes current data<\/a>, and this helps investors with decision-making. <a href=\"https:\/\/www.sisinternational.com\/de\/losungen\/branding-und-kundenforschungslosungen\/marktforschung-zur-markenpositionierung\/\" title=\"Marktforschung zur Markenpositionierung\"  data-wpil-monitor-id=\"11145\">Market Research can have a positive<\/a> impact on your business ventures. Thus, it is essential to conduct <a href=\"https:\/\/www.sisinternational.com\/de\/sachverstand\/branchen\/geopolitische-marktforschung\/\" title=\"Geopolitische Marktforschung\"  data-wpil-monitor-id=\"3811\">research before entering the market<\/a>.<\/p>\n\n\n\n<p><\/p>\n\n\n\n<h2 class=\"wp-block-heading\">&nbsp;<\/h2>","protected":false},"excerpt":{"rendered":"<p>Entdecken Sie, wie Sie Ihr Unternehmen mit Marktforschung in der Dominikanischen Republik ausbauen k\u00f6nnen.<\/p>","protected":false},"author":1,"featured_media":66248,"parent":14351,"menu_order":16,"comment_status":"closed","ping_status":"closed","template":"","meta":{"footnotes":""},"class_list":["post-38482","page","type-page","status-publish","has-post-thumbnail"],"_links":{"self":[{"href":"https:\/\/www.sisinternational.com\/de\/wp-json\/wp\/v2\/pages\/38482","targetHints":{"allow":["GET"]}}],"collection":[{"href":"https:\/\/www.sisinternational.com\/de\/wp-json\/wp\/v2\/pages"}],"about":[{"href":"https:\/\/www.sisinternational.com\/de\/wp-json\/wp\/v2\/types\/page"}],"author":[{"embeddable":true,"href":"https:\/\/www.sisinternational.com\/de\/wp-json\/wp\/v2\/users\/1"}],"replies":[{"embeddable":true,"href":"https:\/\/www.sisinternational.com\/de\/wp-json\/wp\/v2\/comments?post=38482"}],"version-history":[{"count":6,"href":"https:\/\/www.sisinternational.com\/de\/wp-json\/wp\/v2\/pages\/38482\/revisions"}],"predecessor-version":[{"id":81821,"href":"https:\/\/www.sisinternational.com\/de\/wp-json\/wp\/v2\/pages\/38482\/revisions\/81821"}],"up":[{"embeddable":true,"href":"https:\/\/www.sisinternational.com\/de\/wp-json\/wp\/v2\/pages\/14351"}],"wp:featuredmedia":[{"embeddable":true,"href":"https:\/\/www.sisinternational.com\/de\/wp-json\/wp\/v2\/media\/66248"}],"wp:attachment":[{"href":"https:\/\/www.sisinternational.com\/de\/wp-json\/wp\/v2\/media?parent=38482"}],"curies":[{"name":"wp","href":"https:\/\/api.w.org\/{rel}","templated":true}]}}