{"id":38474,"date":"2021-08-20T16:20:30","date_gmt":"2021-08-20T16:20:30","guid":{"rendered":"https:\/\/www.sisinternational.com\/?page_id=38474"},"modified":"2026-01-25T18:32:20","modified_gmt":"2026-01-25T23:32:20","slug":"marktforschung-katar","status":"publish","type":"page","link":"https:\/\/www.sisinternational.com\/de\/abdeckung\/marktforschung-mittlerer-osten\/marktforschung-katar\/","title":{"rendered":"Marktforschung in Katar"},"content":{"rendered":"<h1 class=\"wp-block-heading\">Marktforschung in Katar<\/h1>\n\n\n\n<figure class=\"gb-block-image gb-block-image-d8197e24\"><img loading=\"lazy\" decoding=\"async\" width=\"1456\" height=\"816\" class=\"gb-image gb-image-d8197e24\" src=\"https:\/\/www.sisinternational.com\/wp-content\/uploads\/2025\/08\/Qatar-2.jpg\" alt=\"SIS International Marktforschung &amp; Strategie\" title=\"Qatar (2)\" srcset=\"https:\/\/www.sisinternational.com\/wp-content\/uploads\/2025\/08\/Qatar-2.jpg 1456w, https:\/\/www.sisinternational.com\/wp-content\/uploads\/2025\/08\/Qatar-2-300x168.jpg 300w, https:\/\/www.sisinternational.com\/wp-content\/uploads\/2025\/08\/Qatar-2-1024x574.jpg 1024w, https:\/\/www.sisinternational.com\/wp-content\/uploads\/2025\/08\/Qatar-2-768x430.jpg 768w, https:\/\/www.sisinternational.com\/wp-content\/uploads\/2025\/08\/Qatar-2-18x10.jpg 18w\" sizes=\"auto, (max-width: 1456px) 100vw, 1456px\"><\/figure>\n\n\n\n<p><\/p>\n\n\n\n<h2 class=\"wp-block-heading\">Katar ist ein Land im Nahen Osten und liegt auf einer Halbinsel im Persischen Golf.<\/h2>\n\n\n\n<p>Katar hat 2,8 Millionen Einwohner. Sein Land besteht aus kargen W\u00fcsten und Str\u00e4nden entlang der Golfk\u00fcste. Katar grenzt an Saudi-Arabien. Der Golf von Bahrain, eine Bucht des Persischen Golfs, trennt Katar vom Inselstaat Bahrain.<\/p>\n\n\n\n<p>Katar hat eines der h\u00f6chsten Bruttoinlandsprodukte der Welt und wird von der Weltbank als Land mit hohem Einkommen gef\u00fchrt. Es verf\u00fcgt \u00fcber einige der weltweit gr\u00f6\u00dften Erdgas- und \u00d6lreserven.<\/p>\n\n\n\n<h2 class=\"wp-block-heading\"><strong>Was ist Marktforschung in Katar?<\/strong><\/h2>\n\n\n\n<p><span style=\"font-weight: 400;\">Marktforschung in Katar umfasst das systematische Sammeln, Analysieren und Interpretieren von Daten zum katarischen Markt. Sie hilft Unternehmen, die Vorlieben, Bed\u00fcrfnisse und Verhaltensweisen der katarischen Verbraucher zu verstehen und ihre Produkte oder Dienstleistungen entsprechend anzupassen.<\/span><\/p>\n\n\n\n<p><span style=\"font-weight: 400;\">In einem sich schnell ver\u00e4ndernden Marktumfeld hilft Marktforschung in Katar Unternehmen dabei, potenzielle Risiken und Herausforderungen vorherzusehen und Strategien zu entwickeln, um diese effektiv zu mindern. Sie liefert au\u00dferdem wertvolle Daten und Erkenntnisse, die strategische Entscheidungsprozesse wie Markteintrittsstrategien, Produktentwicklung, Preisstrategien und Marketingkampagnen unterst\u00fctzen.<\/span><\/p>\n\n\n\n<p><span style=\"font-weight: 400;\">In jedem Fall bringt es f\u00fcr Unternehmen noch viele weitere Vorteile mit sich. Dazu geh\u00f6ren:&nbsp;<\/span><\/p>\n\n\n\n<ul class=\"wp-block-list\">\n<li><b>Informierte Entscheidungsfindung<\/b><span style=\"font-weight: 400;\">: Durch die Bereitstellung umsetzbarer Erkenntnisse \u00fcber Verbraucherpr\u00e4ferenzen, Markttrends und Wettbewerbslandschaften erm\u00f6glicht die Marktforschung Unternehmen, fundierte Entscheidungen zu treffen, Risiken zu minimieren und Chancen zu maximieren.<\/span><\/li>\n\n\n\n<li><b>Zielgerichtete Marketingstrategien<\/b><span style=\"font-weight: 400;\">: Wenn Unternehmen die besonderen Bed\u00fcrfnisse und Vorlieben der katarischen Verbraucher verstehen, k\u00f6nnen sie gezielte Marketingstrategien entwickeln, die bei ihrer Zielgruppe Anklang finden und so zu h\u00f6herem Engagement und h\u00f6heren Konversionsraten f\u00fchren.<\/span><\/li>\n\n\n\n<li><b>Produktoptimierung<\/b><span style=\"font-weight: 400;\">: Durch Marktforschung in Katar k\u00f6nnen Unternehmen Feedback zu bestehenden Produkten oder Dienstleistungen sammeln und Bereiche identifizieren, die verbessert oder erneuert werden m\u00fcssen. So k\u00f6nnen sie sicherstellen, dass ihr Angebot den sich entwickelnden Bed\u00fcrfnissen des katarischen Marktes entspricht.<\/span><\/li>\n\n\n\n<li><b>Risikominimierung<\/b><span style=\"font-weight: 400;\">: Marktforschung hilft Unternehmen dabei, potenzielle Risiken und Herausforderungen auf dem Markt in Katar zu erkennen und erm\u00f6glicht ihnen die Entwicklung wirksamer Notfallpl\u00e4ne und Strategien zur Minderung dieser Risiken.<\/span><\/li>\n\n\n\n<li><b>Wettbewerbsvorteil<\/b><span style=\"font-weight: 400;\">: Indem sie Markttrends und Aktivit\u00e4ten der Konkurrenz im Auge behalten, k\u00f6nnen sich Unternehmen auf dem katarischen Markt einen Wettbewerbsvorteil verschaffen und sich als Marktf\u00fchrer in ihrer jeweiligen Branche positionieren.<\/span><\/li>\n<\/ul>\n\n\n\n<h2 class=\"wp-block-heading\"><strong>Unser aktueller Markt\u00fcberblick und unsere Empfehlungen<\/strong><\/h2>\n\n\n\n<figure class=\"gb-block-image gb-block-image-9365c593\"><img loading=\"lazy\" decoding=\"async\" width=\"1456\" height=\"816\" class=\"gb-image gb-image-9365c593\" src=\"https:\/\/www.sisinternational.com\/wp-content\/uploads\/2025\/08\/Qatar-1.jpg\" alt=\"SIS International Marktforschung &amp; Strategie\" title=\"Qatar (1)\" srcset=\"https:\/\/www.sisinternational.com\/wp-content\/uploads\/2025\/08\/Qatar-1.jpg 1456w, https:\/\/www.sisinternational.com\/wp-content\/uploads\/2025\/08\/Qatar-1-300x168.jpg 300w, https:\/\/www.sisinternational.com\/wp-content\/uploads\/2025\/08\/Qatar-1-1024x574.jpg 1024w, https:\/\/www.sisinternational.com\/wp-content\/uploads\/2025\/08\/Qatar-1-768x430.jpg 768w, https:\/\/www.sisinternational.com\/wp-content\/uploads\/2025\/08\/Qatar-1-18x10.jpg 18w\" sizes=\"auto, (max-width: 1456px) 100vw, 1456px\"><\/figure>\n\n\n\n<p><\/p>\n\n\n\n<p><span style=\"font-weight: 400;\">Wir sind davon \u00fcberzeugt, dass sich Katars Wirtschaft rasch diversifiziert und aufstrebende Branchen wie Technologie, Gesundheitswesen und erneuerbare Energien an Bedeutung gewinnen. Die Analyse dieser Trends kann lukrative M\u00f6glichkeiten f\u00fcr Unternehmen aufdecken, die von Katars wirtschaftlichem Wandel profitieren m\u00f6chten.<\/span><\/p>\n\n\n\n<p><span style=\"font-weight: 400;\">Die wohlhabende Bev\u00f6lkerung Katars hat ausgepr\u00e4gte Vorlieben und Kaufgewohnheiten, die von kulturellen Einfl\u00fcssen, Lebensstilentscheidungen und technologischen Fortschritten bestimmt werden. Das Verst\u00e4ndnis dieser Nuancen ist wichtig, um Produkte, Dienstleistungen und Marketingstrategien so anzupassen, dass sie bei den katarischen Verbrauchern Anklang finden.<\/span><\/p>\n\n\n\n<p><span style=\"font-weight: 400;\">Additionally, Qatar&#8217;s ambitious development projects, including infrastructure upgrades, hospitality expansion, and preparations for the FIFA World Cup 2022, present significant investment opportunities for businesses across various sectors.&nbsp; By aligning with these initiatives, companies can position themselves for long-term growth and success in the Qatari market.<\/span><\/p>\n\n\n\n<p><span style=\"font-weight: 400;\">Unternehmen, die einen Markteintritt oder eine Expansion nach Katar erw\u00e4gen, k\u00f6nnen durch strategische Markteintrittsmethoden wie Partnerschaften, \u00dcbernahmen oder Direktinvestitionen die Marktdurchdringung erleichtern und die mit dem Markteintritt verbundenen Risiken mindern.<\/span><\/p>\n\n\n\n<h2 class=\"wp-block-heading\"><strong>Erwartete Ergebnisse der Marktforschungsdienste von SIS International in Katar<\/strong><\/h2>\n\n\n\n<p><span style=\"font-weight: 400;\">Bevor wir uns mit den konkreten Ergebnissen befassen, betrachten wir die Vorteile, die Unternehmen von einer Partnerschaft mit <\/span><a href=\"https:\/\/www.linkedin.com\/company\/sisinternationalresearch\/\" target=\"_blank\" rel=\"noopener\"><span style=\"font-weight: 400;\">SIS International<\/span><\/a><span style=\"font-weight: 400;\"> f\u00fcr Marktforschungsdienste in Katar.<\/span><\/p>\n\n\n\n<p><b>Umsetzbare Erkenntnisse<\/b><span style=\"font-weight: 400;\">:&nbsp;&nbsp;<\/span><\/p>\n\n\n\n<p><span style=\"font-weight: 400;\">Durch sorgf\u00e4ltige Datenerfassung, -analyse und -interpretation liefert SIS International umsetzbare Erkenntnisse, die es Unternehmen erm\u00f6glichen, fundierte Entscheidungen zu treffen und wirksame, auf den Markt in Katar zugeschnittene Strategien zu entwickeln.<\/span><\/p>\n\n\n\n<p><b>Strategische Empfehlungen<\/b><span style=\"font-weight: 400;\">:&nbsp;&nbsp;<\/span><\/p>\n\n\n\n<p><a href=\"https:\/\/twitter.com\/SISIntlResearch\" target=\"_blank\" rel=\"noopener\"><span style=\"font-weight: 400;\">SIS<\/span><\/a><span style=\"font-weight: 400;\"> bietet strategische Empfehlungen auf Grundlage von Branchenkenntnissen, Markttrends und Verbrauchererkenntnissen und erm\u00f6glicht Unternehmen, Chancen zu nutzen, Risiken zu mindern und ihre Marktleistung in Katar zu optimieren.<\/span><\/p>\n\n\n\n<p><b>Verbessertes Marktverst\u00e4ndnis<\/b><span style=\"font-weight: 400;\">:&nbsp;&nbsp;<\/span><\/p>\n\n\n\n<p><span style=\"font-weight: 400;\">By leveraging advanced <a href=\"https:\/\/www.sisinternational.com\/de\/abdeckung\/die-amerikaner\/marktforschung-in-der-karibik\/marktforschung-antigua-barbuda\/\" title=\"Marktforschung in Antigua und Barbuda\" data-wpil-monitor-id=\"3802\">research methodologies and local market<\/a> knowledge, SIS International helps businesses comprehensively understand Qatar&#8217;s market dynamics, consumer preferences, and competitive landscape.<\/span><\/p>\n\n\n\n<p><b>Ma\u00dfgeschneiderte L\u00f6sungen<\/b><span style=\"font-weight: 400;\">:&nbsp;&nbsp;<\/span><\/p>\n\n\n\n<p><span style=\"font-weight: 400;\">We offer customized research solutions tailored to each client&#8217;s unique needs and objectives, ensuring that research outcomes address specific business challenges and opportunities in the <a href=\"https:\/\/www.sisinternational.com\/de\/abdeckung\/die-amerikaner\/marktforschung-in-lateinamerika-2\/marktforschung-costa-rica\/\" title=\"Marktforschung in Costa Rica\" data-wpil-monitor-id=\"4949\">Qatar<\/a> market.<\/span><\/p>\n\n\n\n<p><b>Verbesserter ROI<\/b><span style=\"font-weight: 400;\">:&nbsp;&nbsp;<\/span><\/p>\n\n\n\n<p><span style=\"font-weight: 400;\">Durch evidenzbasierte Entscheidungsfindung und strategische Planung auf Grundlage der Marktforschung von SIS International k\u00f6nnen Unternehmen ihren ROI steigern und die Effektivit\u00e4t ihrer Marktinitiativen in Katar maximieren.<\/span><\/p>\n\n\n\n<h2 class=\"wp-block-heading\">Nachbarschaften<\/h2>\n\n\n\n<p><\/p>\n\n\n\n<p>Qatar&#8217;s capital is Doha. Al Sadd is an area in Doha with several malls, schools, health centers, caf\u00e9s, and restaurants. Furthermore, Al Sadd is the city&#8217;s oldest and most popular part. People looking for rentals in Doha often go to Al Sadd.<\/p>\n\n\n\n<p>Al Waab ist ein weiteres Viertel mit vielen Schulbezirken. Die meisten Mietgebiete sind Villen und Wohnanlagen. Es gibt auch viele Mietwohnungen. Dar\u00fcber hinaus sind Aspire Zones und Village Malls ausgezeichnete Treffpunkte f\u00fcr Kinder und junge Erwachsene.<\/p>\n\n\n\n<p>Al Wakrah ist bei Leuten beliebt, die das Stadtleben nicht m\u00f6gen. Sie kommen dorthin, um ein entspanntes Leben an der K\u00fcste zu genie\u00dfen. Au\u00dferdem sind die Mieten dort sehr erschwinglich.<\/p>\n\n\n\n<h2 class=\"wp-block-heading\"><strong>Schl\u00fcsselindustrien in Katar<\/strong><\/h2>\n\n\n\n<p><span style=\"font-weight: 400;\">Before exploring the specific industries, let&#8217;s highlight Qatar&#8217;s diverse economic landscape, characterized by dynamic sectors driving growth and innovation in the region.<\/span><\/p>\n\n\n\n<p><b>\u2022 Energie und Petrochemie<\/b><span style=\"font-weight: 400;\">:&nbsp; Qatar is a leading exporter of liquefied natural gas (LNG) and petrochemical products, with significant investments in energy infrastructure and sustainability initiatives.&nbsp; Key players in this industry include Qatar Petroleum and RasGas, which contribute to Qatar&#8217;s status as a global energy hub.<\/span><\/p>\n\n\n\n<p><b>\u2022 Gesundheitswesen und Biowissenschaften<\/b><span style=\"font-weight: 400;\">:&nbsp; Qatar&#8217;s healthcare sector is witnessing rapid growth, driven by investments in healthcare infrastructure, medical research, and preventive care initiatives.&nbsp; Leading healthcare providers such as Hamad Medical Corporation (HMC) and Sidra Medicine are enhancing Qatar&#8217;s healthcare capabilities and attracting medical tourists worldwide.<\/span><\/p>\n\n\n\n<p><b>\u2022 Tourismus und Gastronomie<\/b><span style=\"font-weight: 400;\">: Katars Tourismusbranche erlebt einen deutlichen Aufschwung, der durch Investitionen in Luxushotels, kulturelle Attraktionen und Unterhaltungsst\u00e4tten vorangetrieben wird. Wichtige Entwicklungen wie das Projekt Msheireb Downtown Doha und das Nationalmuseum von Katar treiben das Tourismuswachstum voran und st\u00e4rken den Ruf des Landes als Reiseziel von Weltklasse.<\/span><\/p>\n\n\n\n<h2 class=\"wp-block-heading\"><strong>F\u00fchrende Akteure auf dem Katar-Markt<\/strong><\/h2>\n\n\n\n<ul class=\"wp-block-list\">\n<li><b>Katar Petroleum<\/b><span style=\"font-weight: 400;\">: Als staatliches Erd\u00f6lunternehmen spielt Qatar Petroleum eine Schl\u00fcsselrolle im Energiesektor des Landes und \u00fcberwacht die Exploration, Produktion und Exportaktivit\u00e4ten von \u00d6l und Gas.<\/span><\/li>\n\n\n\n<li><b>Qatar Airways<\/b><span style=\"font-weight: 400;\">: Qatar Airways ist eine weltweit f\u00fchrende Fluggesellschaft, die f\u00fcr ihren erstklassigen Service und ihr ausgedehntes Streckennetz bekannt ist. Sie leistet einen bedeutenden Beitrag zur Luftfahrt- und Tourismusbranche Katars.<\/span><\/li>\n\n\n\n<li><b>Katar National Bank (QNB)<\/b><span style=\"font-weight: 400;\">: Als gr\u00f6\u00dftes Finanzinstitut Katars bietet QNB eine umfassende Palette an Bank- und Finanzdienstleistungen an und unterst\u00fctzt das Wirtschaftswachstum und die Entwicklungsinitiativen des Landes.<\/span><\/li>\n\n\n\n<li><b>Ooredoo Katar<\/b><span style=\"font-weight: 400;\">: Ooredoo Qatar ist ein f\u00fchrender Telekommunikationsanbieter, der katarischen Verbrauchern und Unternehmen verschiedene Mobilfunk-, Internet- und Digitaldienste anbietet.<\/span><\/li>\n\n\n\n<li><b>Qatar Stiftung<\/b><span style=\"font-weight: 400;\">: Die Qatar Foundation ist eine gemeinn\u00fctzige Organisation, die sich der Bildung, Forschung und Gemeindeentwicklung widmet. Sie leitet Initiativen wie Education City und Qatar Science &amp; Technology Park.<\/span><\/li>\n<\/ul>\n\n\n\n<h2 class=\"wp-block-heading\"><strong>Markttreiber in Katar<\/strong><\/h2>\n\n\n\n<figure class=\"gb-block-image gb-block-image-3dd9aa60\"><img loading=\"lazy\" decoding=\"async\" width=\"1456\" height=\"816\" class=\"gb-image gb-image-3dd9aa60\" src=\"https:\/\/www.sisinternational.com\/wp-content\/uploads\/2025\/08\/Qatar-3.jpg\" alt=\"SIS International Marktforschung &amp; Strategie\" title=\"Qatar (3)\" srcset=\"https:\/\/www.sisinternational.com\/wp-content\/uploads\/2025\/08\/Qatar-3.jpg 1456w, https:\/\/www.sisinternational.com\/wp-content\/uploads\/2025\/08\/Qatar-3-300x168.jpg 300w, https:\/\/www.sisinternational.com\/wp-content\/uploads\/2025\/08\/Qatar-3-1024x574.jpg 1024w, https:\/\/www.sisinternational.com\/wp-content\/uploads\/2025\/08\/Qatar-3-768x430.jpg 768w, https:\/\/www.sisinternational.com\/wp-content\/uploads\/2025\/08\/Qatar-3-18x10.jpg 18w\" sizes=\"auto, (max-width: 1456px) 100vw, 1456px\"><\/figure>\n\n\n\n<p><\/p>\n\n\n\n<p><b>\u2022 Regierungsinitiativen<\/b><span style=\"font-weight: 400;\">: Die Regierung von Katar treibt die wirtschaftliche Diversifizierung und Entwicklung proaktiv voran, und zwar durch Initiativen wie die Qatar National Vision 2030, deren Ziel die Umwandlung Katars in eine wissensbasierte Wirtschaft und die Verbesserung seiner globalen Wettbewerbsf\u00e4higkeit ist.<\/span><\/p>\n\n\n\n<p><b>\u2022 Ausbau des Energiesektors<\/b><span style=\"font-weight: 400;\">:&nbsp; Qatar&#8217;s dominance in the global energy market, particularly as the world&#8217;s largest exporter of LNG, continues to drive investment and growth in the energy sector, supporting economic stability and development.<\/span><\/p>\n\n\n\n<p><b>\u2022 Tourismusf\u00f6rderung<\/b><span style=\"font-weight: 400;\">: Katars Bem\u00fchungen, den Tourismus zu f\u00f6rdern und seine Gastgewerbe-Infrastruktur zu verbessern, treiben das Wachstum im Tourismussektor voran. Besucher aus aller Welt erleben Katars reiche Kultur, moderne Annehmlichkeiten und einzigartige Attraktionen.<\/span><\/p>\n\n\n\n<p><b>\u2022 Digitale Transformation<\/b><span style=\"font-weight: 400;\">:&nbsp; Qatar&#8217;s digital transformation agenda, aimed at fostering innovation, entrepreneurship, and digital infrastructure development, is creating opportunities in the IT, telecommunications, and fintech sectors, positioning Qatar as a regional leader in digitalization.<\/span><\/p>\n\n\n\n<h2 class=\"wp-block-heading\"><strong>Marktbeschr\u00e4nkungen in Katar<\/strong><\/h2>\n\n\n\n<p><b>\u2022 Abh\u00e4ngigkeit von \u00d6l und Gas<\/b><span style=\"font-weight: 400;\">: Trotz der Bem\u00fchungen, seine Wirtschaft zu diversifizieren, ist Katar nach wie vor stark von den Einnahmen aus dem \u00d6l- und Gassektor abh\u00e4ngig. Dies macht das Land anf\u00e4llig f\u00fcr Schwankungen der globalen Energiepreise und der Marktnachfrage, was Risiken f\u00fcr die wirtschaftliche Stabilit\u00e4t und das Wachstum birgt.<\/span><\/p>\n\n\n\n<p><b>\u2022 Arbeitsmarktbeschr\u00e4nkungen<\/b><span style=\"font-weight: 400;\">:&nbsp; Qatar&#8217;s labor market, characterized by a significant expatriate workforce, faces challenges related to labor laws, workforce regulations, and labor rights, which can impact recruitment, retention, and talent management for businesses in the country.<\/span><\/p>\n\n\n\n<p><b>\u2022 Geopolitische Risiken:&nbsp; <a href=\"https:\/\/www.sisinternational.com\/de\/wirtschaftsausblick-fur-katar\/\" title=\"Wirtschaftsausblick und Marktforschung f\u00fcr Katar\" data-wpil-monitor-id=\"3556\">Qatar&#8217;s geopolitical position in the Middle East<\/a>, amidst regional tensions and geopolitical dynamics, may pose risks to business operations, trade relations, and investor confidence, necessitating careful risk assessment and contingency planning.<\/span><\/p>\n\n\n\n<p><b>\u2022 Infrastrukturelle Herausforderungen<\/b><span style=\"font-weight: 400;\">:&nbsp; While Qatar has made significant investments in infrastructure development, challenges such as traffic congestion, inadequate public transportation, and utility disruptions may impact business operations and logistics, requiring strategic planning and investment.<\/span><\/p>\n\n\n\n<h2 class=\"wp-block-heading\">Trends<\/h2>\n\n\n\n<p>Katar f\u00fchrte 2013 die Liste der reichsten Staaten der Welt an, gemessen am BIP pro Kopf. Es ist noch immer eines der reichsten L\u00e4nder der Welt.<\/p>\n\n\n\n<p>Katar ist derzeit der am schnellsten wachsende Luxusmarkt der Welt. Das Land h\u00e4lt eine Mehrheitsbeteiligung an der italienischen Modemarke Valentino und ist an Kaufh\u00e4usern wie Printemps in Paris und Harrods in London interessiert. Katarer sind in der Regel sehr kauffreudig, aber viele von ihnen kaufen in Dubai oder online ein. Dennoch entwickelt sich Katar zu einem Zentrum der Luxusmode.<\/p>\n\n\n\n<h2 class=\"wp-block-heading\">Verbraucherbasis<\/h2>\n\n\n\n<p>Katars Wirtschaft ist von \u00d6l und Erdgas abh\u00e4ngig. Diese Sektoren tragen einen gro\u00dfen Teil zu den Exporterl\u00f6sen bei.<\/p>\n\n\n\n<p>Bevor das Land seine Einnahmen auf Erdgas und Erd\u00f6l st\u00fctzte, war die Perlenfischerei der wichtigste Wirtschaftszweig. Doch 1939 begannen die Menschen mit der Erkundung der \u00d6l- und Gasfelder. 1973 begann die \u00d6lproduktion und die Einnahmen stiegen. Dank des \u00d6ls wurde Katar von einem der \u00e4rmsten L\u00e4nder zu einem der reichsten der Welt.<\/p>\n\n\n\n<h2 class=\"wp-block-heading\">Gr\u00fcnde f\u00fcr den Aufbau eines Unternehmens in Katar<\/h2>\n\n\n\n<p>Ein Unternehmen in Katar aufzubauen hat seine Vorteile. Der Staat ist eines der reichsten L\u00e4nder und die Regierung legt gro\u00dfen Wert auf die F\u00fchrung seiner Wirtschaft. Einige Vorteile sind eine entwickelte Infrastruktur und KEINE Einkommenssteuer. Es gibt auch Nebenleistungen wie moderne B\u00fcrogeb\u00e4ude und anst\u00e4ndige Wohnverh\u00e4ltnisse. Au\u00dferdem w\u00e4re es angenehm, mit Einheimischen zusammenzuarbeiten. Die Einheimischen in Katar sind in der Regel zielstrebige und f\u00e4hige Arbeiter.<\/p>\n\n\n\n<h2 class=\"wp-block-heading\"><strong>Attraktivit\u00e4t der Branche: SWOT-Analyse des Katar-Marktes<\/strong><\/h2>\n\n\n\n<h3 class=\"wp-block-heading\">St\u00e4rken<span style=\"font-weight: 400;\">:<\/span><\/h3>\n\n\n\n<ul class=\"wp-block-list\">\n<li>\n<ul class=\"wp-block-list\">\n<li><span style=\"font-weight: 400;\">Katars strategische Lage als Tor zwischen Ost und West bietet Zugang zu vielf\u00e4ltigen M\u00e4rkten und Handelsrouten und steigert so die Attraktivit\u00e4t des Landes als regionales Wirtschaftszentrum.<\/span><\/li>\n\n\n\n<li><span style=\"font-weight: 400;\">Das stabile politische Umfeld des Landes, gest\u00fctzt durch starke Regierungsinstitutionen und eine starke F\u00fchrung, f\u00f6rdert das Vertrauen der Investoren und die Stabilit\u00e4t des Gesch\u00e4ftsklimas.<\/span><\/li>\n<\/ul>\n<\/li>\n<\/ul>\n\n\n\n<h3 class=\"wp-block-heading\">Schw\u00e4chen<span style=\"font-weight: 400;\">:<\/span><\/h3>\n\n\n\n<ul class=\"wp-block-list\">\n<li>\n<ul class=\"wp-block-list\">\n<li><span style=\"font-weight: 400;\">Katars starke Abh\u00e4ngigkeit von den Einnahmen aus dem \u00d6l- und Gassektor macht die Wirtschaft anf\u00e4llig f\u00fcr Volatilit\u00e4t und Marktschwankungen. Dies unterstreicht die Notwendigkeit einer Diversifizierung und Widerstandsf\u00e4higkeit in anderen Sektoren.<\/span><\/li>\n\n\n\n<li><span style=\"font-weight: 400;\">Der kleine Binnenmarkt und die niedrige Bev\u00f6lkerungszahl des Landes stellen f\u00fcr Unternehmen auf der Suche nach Gr\u00f6\u00dfenvorteilen und Wachstumsm\u00f6glichkeiten eine Herausforderung dar und erfordern Strategien zur Erschlie\u00dfung internationaler M\u00e4rkte.<\/span><\/li>\n<\/ul>\n<\/li>\n<\/ul>\n\n\n\n<h3 class=\"wp-block-heading\">Gelegenheiten<span style=\"font-weight: 400;\">:<\/span><\/h3>\n\n\n\n<ul class=\"wp-block-list\">\n<li>\n<ul class=\"wp-block-list\">\n<li><span style=\"font-weight: 400;\">Der Fokus der Regierung auf wirtschaftliche Diversifizierung und Innovationsinitiativen, gepaart mit Katars florierendem digitalen \u00d6kosystem, schafft M\u00f6glichkeiten f\u00fcr Technologie, Unternehmertum und digitale Transformation.<\/span><\/li>\n<\/ul>\n<\/li>\n<\/ul>\n\n\n\n<h3 class=\"wp-block-heading\">Bedrohungen<span style=\"font-weight: 400;\">:<\/span><\/h3>\n\n\n\n<ul class=\"wp-block-list\">\n<li>\n<ul class=\"wp-block-list\">\n<li><span style=\"font-weight: 400;\">Geopolitische Spannungen und regionale Instabilit\u00e4t im Nahen Osten stellen Risiken f\u00fcr die Sicherheit, Stabilit\u00e4t und das Gesch\u00e4ftsumfeld Katars dar und erfordern Risikomanagementstrategien und Notfallplanungen.<\/span><\/li>\n\n\n\n<li><span style=\"font-weight: 400;\">Externe Faktoren wie weltweite Konjunkturabschw\u00fcnge, Schwankungen der Energiepreise und regulatorische \u00c4nderungen k\u00f6nnen sich auf die Wirtschaft und die Gesch\u00e4ftslandschaft Katars auswirken und erfordern von den Unternehmen, sich anzupassen und Risiken zu mindern.<\/span><\/li>\n<\/ul>\n<\/li>\n<\/ul>\n\n\n\n<h2 class=\"wp-block-heading\">Unser Standort in New York<\/h2>\n\n\n\n<p>  <iframe loading=\"lazy\" src=\"https:\/\/www.google.com\/maps\/embed?pb=!1m18!1m12!1m3!1d3022.976188376966!2d-73.99130312499956!3d40.740549471389315!2m3!1f0!2f0!3f0!3m2!1i1024!2i768!4f13.1!3m3!1m2!1s0x89c259a15798c731%3A0xd695d09bdd495f25!2s11%20E%2022nd%20St%20FL%202%2C%20New%20York%2C%20NY%2010010%2C%20USA!5e0!3m2!1sen!2spe!4v1726171763526!5m2!1sen!2spe\" width=\"600\" height=\"450\" allowfullscreen=\"allowfullscreen\" data-mce-fragment=\"1\"><\/iframe>  <\/p>\n\n\n\n<h3 class=\"wp-block-heading\">11 E 22nd Street, Floor 2, New York, NY 10010 T: +1(212) 505-6805<\/h3>\n\n\n\n<hr class=\"wp-block-separator has-alpha-channel-opacity\"\/>\n\n\n\n<h2 class=\"wp-block-heading\"><span style=\"font-weight: 400;\">\u00dcber SIS International<\/span><\/h2>\n\n\n\n<p><a href=\"https:\/\/www.sisinternational.com\/de\/\"><span style=\"font-weight: 400;\">SIS International<\/span><\/a><span style=\"font-weight: 400;\"> bietet quantitative, qualitative und strategische Forschung an. Wir liefern Daten, Tools, Strategien, Berichte und Erkenntnisse zur Entscheidungsfindung. Wir f\u00fchren auch Interviews, Umfragen, Fokusgruppen und andere Methoden und Ans\u00e4tze der Marktforschung durch.<\/span><a href=\"https:\/\/www.sisinternational.com\/de\/uber-sis-international-research\/contact-sis-international-market-research\/\"><span style=\"font-weight: 400;\"> Kontakt<\/span><\/a><span style=\"font-weight: 400;\"> f\u00fcr Ihr n\u00e4chstes Marktforschungsprojekt.<\/span><\/p>\n\n\n\n<p><\/p>","protected":false},"excerpt":{"rendered":"<p>Entdecken Sie, wie Sie Ihr Unternehmen mit Marktforschung in Katar ausbauen k\u00f6nnen.<\/p>","protected":false},"author":1,"featured_media":65093,"parent":36619,"menu_order":14,"comment_status":"closed","ping_status":"closed","template":"","meta":{"footnotes":""},"class_list":["post-38474","page","type-page","status-publish","has-post-thumbnail"],"_links":{"self":[{"href":"https:\/\/www.sisinternational.com\/de\/wp-json\/wp\/v2\/pages\/38474","targetHints":{"allow":["GET"]}}],"collection":[{"href":"https:\/\/www.sisinternational.com\/de\/wp-json\/wp\/v2\/pages"}],"about":[{"href":"https:\/\/www.sisinternational.com\/de\/wp-json\/wp\/v2\/types\/page"}],"author":[{"embeddable":true,"href":"https:\/\/www.sisinternational.com\/de\/wp-json\/wp\/v2\/users\/1"}],"replies":[{"embeddable":true,"href":"https:\/\/www.sisinternational.com\/de\/wp-json\/wp\/v2\/comments?post=38474"}],"version-history":[{"count":10,"href":"https:\/\/www.sisinternational.com\/de\/wp-json\/wp\/v2\/pages\/38474\/revisions"}],"predecessor-version":[{"id":78860,"href":"https:\/\/www.sisinternational.com\/de\/wp-json\/wp\/v2\/pages\/38474\/revisions\/78860"}],"up":[{"embeddable":true,"href":"https:\/\/www.sisinternational.com\/de\/wp-json\/wp\/v2\/pages\/36619"}],"wp:featuredmedia":[{"embeddable":true,"href":"https:\/\/www.sisinternational.com\/de\/wp-json\/wp\/v2\/media\/65093"}],"wp:attachment":[{"href":"https:\/\/www.sisinternational.com\/de\/wp-json\/wp\/v2\/media?parent=38474"}],"curies":[{"name":"wp","href":"https:\/\/api.w.org\/{rel}","templated":true}]}}