{"id":38470,"date":"2021-08-19T17:02:33","date_gmt":"2021-08-19T17:02:33","guid":{"rendered":"https:\/\/www.sisinternational.com\/?page_id=38470"},"modified":"2025-09-15T01:36:57","modified_gmt":"2025-09-15T05:36:57","slug":"marktforschung-paraguay","status":"publish","type":"page","link":"https:\/\/www.sisinternational.com\/de\/abdeckung\/latin-america\/marktforschung-in-lateinamerika-2\/marktforschung-paraguay\/","title":{"rendered":"Marktforschung in Paraguay"},"content":{"rendered":"<h1 class=\"wp-block-heading\">Marktforschung in Paraguay<\/h1>\n\n\n\n<figure class=\"gb-block-image gb-block-image-7902f428\"><img loading=\"lazy\" decoding=\"async\" width=\"1456\" height=\"816\" class=\"gb-image gb-image-7902f428\" src=\"https:\/\/www.sisinternational.com\/wp-content\/uploads\/2025\/09\/Paraguay-3.jpg\" alt=\"SIS International Marktforschung &amp; Strategie\" title=\"Paraguay (3)\" srcset=\"https:\/\/www.sisinternational.com\/wp-content\/uploads\/2025\/09\/Paraguay-3.jpg 1456w, https:\/\/www.sisinternational.com\/wp-content\/uploads\/2025\/09\/Paraguay-3-300x168.jpg 300w, https:\/\/www.sisinternational.com\/wp-content\/uploads\/2025\/09\/Paraguay-3-1024x574.jpg 1024w, https:\/\/www.sisinternational.com\/wp-content\/uploads\/2025\/09\/Paraguay-3-768x430.jpg 768w, https:\/\/www.sisinternational.com\/wp-content\/uploads\/2025\/09\/Paraguay-3-18x10.jpg 18w\" sizes=\"auto, (max-width: 1456px) 100vw, 1456px\"><\/figure>\n\n\n\n<p><\/p>\n\n\n\n<h2 class=\"wp-block-heading\">Schl\u00fcsselindustrien<\/h2>\n\n\n\n<p>Die Landwirtschaft ist in Paraguay von zentraler Bedeutung. Dieser Sektor erwirtschaftet ein F\u00fcnftel des BIP des Landes und besch\u00e4ftigt fast die H\u00e4lfte der Arbeitskr\u00e4fte. Die wichtigsten Anbauprodukte des Landes sind Weizen, Mais und Maniok. Es werden auch Kaffee, Zitrusfr\u00fcchte, Erdn\u00fcsse, Reis, Zuckerrohr, Sorghum, Bohnen, S\u00fc\u00dfkartoffeln und Milchprodukte angebaut. Rindfleisch ist ein weiteres wichtiges Exportgut, ebenso wie Holz. Paraguay verarbeitet in gro\u00dfem Ma\u00dfstab Schnittholz und Holz zu Brennstoff.<\/p>\n\n\n\n<h2 class=\"wp-block-heading\">Nachbarschaften<\/h2>\n\n\n\n<p>Asunci\u00f3n is the capital and also the largest city in Paraguay. In addition, it has the largest population. Asunci\u00f3n is also home to many famous buildings. For example, one can find the National Pantheon of Heroes and the Hotel Guaran\u00ed here. The cathedral and the Presidential Palace are also in La Asunci\u00f3n. All four of these buildings date back to the 19th century. Asunci\u00f3n also has its own airport.<\/p>\n\n\n\n<h2 class=\"wp-block-heading\">Trends<\/h2>\n\n\n\n<p>Paraguay hat in den letzten Jahren aufgrund seines soliden Finanzsystems viel Wachstum erlebt. Ein weiterer Wachstumsmotor waren die Armutsbek\u00e4mpfung und andere Ma\u00dfnahmen. Diese Ma\u00dfnahmen haben den Weg f\u00fcr soziale Reformen geebnet. Die COVID-19-Pandemie traf Paraguay, als sich das Land im Aufw\u00e4rtstrend befand. Nach einem Stillstand im Jahr 2019 stand das Wachstum kurz vor dem Aufschwung. Experten erwarten, dass das Wachstum mit der Erholung der Weltwirtschaft wieder auf ein normales Niveau zur\u00fcckkehren wird.<\/p>\n\n\n\n<p>Die paraguayische Regierung hat einen mutigen Konjunkturplan angek\u00fcndigt. Der Plan sieht \u00f6ffentliche Investitionen vor. Au\u00dferdem soll es Kreditb\u00fcrgschaften f\u00fcr kleine und informelle Unternehmen geben. Sozialtransfers an arme Haushalte sind ein weiterer Aspekt des Programms. Au\u00dferdem wird eine \u00dcberarbeitung des Steuerrechts vorgeschlagen. Der Plan sieht eine Reform des \u00f6ffentlichen Dienstes und des Staates vor. Au\u00dferdem soll er bessere \u00f6ffentliche Beschaffungssysteme entwickeln. Die COVID-19-Krise k\u00f6nnte der Beginn einer Phase tiefgreifender Reformen sein, die Paraguay auf den Weg in eine bessere Zukunft bringen.<\/p>\n\n\n\n<h2 class=\"wp-block-heading\">Vorteile und St\u00e4rken im Markt<\/h2>\n\n\n\n<p>Paraguay ist auf die Landwirtschaft angewiesen. Der Staat konnte in diesem Sektor aufgrund gestiegener Exporte von Sojabohnen und Rindfleisch ein Wachstum verzeichnen.<\/p>\n\n\n\n<p>Paraguay verf\u00fcgt au\u00dferdem \u00fcber rund 17.705 Hektar Bio-Land, auf denen mehrere Tausend \u00f6kologisch bewirtschaftete Bauernh\u00f6fe arbeiten.<\/p>\n\n\n\n<p>Die wichtigsten Handelspartner Paraguays sind Brasilien, Argentinien, Chile, die Russische F\u00f6deration und die T\u00fcrkei.<\/p>\n\n\n\n<h2 class=\"wp-block-heading\">Verbraucherbasis<\/h2>\n\n\n\n<p>Paraguay is one of the poorest countries because of the unequal division of income. Much of the state lives in poverty. People cannot buy certain goods and <a href=\"https:\/\/www.sisinternational.com\/de\/losungen\/schwerpunktgruppen\/professional-focus-group-services\/\" title=\"Professional Focus Group Services\"  data-wpil-monitor-id=\"7677\">services since their main focus<\/a> is basic needs for their families.<\/p>\n\n\n\n<h2 class=\"wp-block-heading\">Gr\u00fcnde, Ihr Gesch\u00e4ft auf dem Markt auszubauen<\/h2>\n\n\n\n<p>Although Paraguay is poor, it is now in a state of healing. There are reasons why one should consider starting and <a href=\"https:\/\/www.sisinternational.com\/de\/veroffentlichungen\/japans-mittelstandsexporte\/\" title=\"Ausbau Ihres Gesch\u00e4fts in Japan\"  data-wpil-monitor-id=\"7673\">growing their business<\/a>.<\/p>\n\n\n\n<p>In Paraguay, there are green <a href=\"https:\/\/www.sisinternational.com\/de\/sachverstand\/branchen\/energie-strategieberatung-marktforschung\/\" title=\"Energie- und Stromstrategieberatung Marktforschung\"  data-wpil-monitor-id=\"7681\">Energie<\/a> benefits because the country receives all its power from Itaipu Dam. For this reason, Paraguay has an adequate power supply, and it can even export. Furthermore, companies have an edge when starting up. Power is cheap and safe, and green <a href=\"https:\/\/www.sisinternational.com\/de\/sachverstand\/lebenslaufe\/lebenslauf-mit-berufserfahrung-in-der-chemie-und-energiebranche\/\" title=\"Chemie- und Energiemarktforschungsunternehmen\"  data-wpil-monitor-id=\"7675\">energy reduces the carbon footprint of companies<\/a>. It also fulfills their social duty. Also, starting a business in this country is very easy. Paraguay supports investment by foreign investors and business persons.<\/p>\n\n\n\n<h2 class=\"wp-block-heading\">\u00dcber Marktforschung in Paraguay<\/h2>\n\n\n\n<p>Are you having thoughts about starting your business in Paraguay? We offer Quantitative, Qualitative, and <a href=\"https:\/\/www.sisinternational.com\/de\/losungen\/reise-tourismus-und-gastgewerbeberatung\/hotelmanagementunternehmen-marktforschung-strategieberatung\/\" title=\"Marktforschung und Strategieberatung f\u00fcr Hotelmanagementunternehmen\"  data-wpil-monitor-id=\"7672\">Strategy Research for startups and other companies<\/a>. Our methods include Interviews, Surveys, and Focus Groups. Contact us now to see how we can help you <a href=\"https:\/\/www.sisinternational.com\/de\/unternehmensgrundung-in-der-turkei\/\" title=\"Unternehmensgr\u00fcndung in der T\u00fcrkei\"  data-wpil-monitor-id=\"7679\">set up your business<\/a> in Paraguay.<\/p>\n\n\n\n<h2 class=\"wp-block-heading\">&nbsp;<\/h2>","protected":false},"excerpt":{"rendered":"<p>Entdecken Sie, wie Sie Ihr Unternehmen mit Marktforschung in Paraguay ausbauen k\u00f6nnen.<\/p>","protected":false},"author":1,"featured_media":66335,"parent":14351,"menu_order":14,"comment_status":"closed","ping_status":"closed","template":"","meta":{"footnotes":""},"class_list":["post-38470","page","type-page","status-publish","has-post-thumbnail"],"_links":{"self":[{"href":"https:\/\/www.sisinternational.com\/de\/wp-json\/wp\/v2\/pages\/38470","targetHints":{"allow":["GET"]}}],"collection":[{"href":"https:\/\/www.sisinternational.com\/de\/wp-json\/wp\/v2\/pages"}],"about":[{"href":"https:\/\/www.sisinternational.com\/de\/wp-json\/wp\/v2\/types\/page"}],"author":[{"embeddable":true,"href":"https:\/\/www.sisinternational.com\/de\/wp-json\/wp\/v2\/users\/1"}],"replies":[{"embeddable":true,"href":"https:\/\/www.sisinternational.com\/de\/wp-json\/wp\/v2\/comments?post=38470"}],"version-history":[{"count":4,"href":"https:\/\/www.sisinternational.com\/de\/wp-json\/wp\/v2\/pages\/38470\/revisions"}],"predecessor-version":[{"id":81295,"href":"https:\/\/www.sisinternational.com\/de\/wp-json\/wp\/v2\/pages\/38470\/revisions\/81295"}],"up":[{"embeddable":true,"href":"https:\/\/www.sisinternational.com\/de\/wp-json\/wp\/v2\/pages\/14351"}],"wp:featuredmedia":[{"embeddable":true,"href":"https:\/\/www.sisinternational.com\/de\/wp-json\/wp\/v2\/media\/66335"}],"wp:attachment":[{"href":"https:\/\/www.sisinternational.com\/de\/wp-json\/wp\/v2\/media?parent=38470"}],"curies":[{"name":"wp","href":"https:\/\/api.w.org\/{rel}","templated":true}]}}