{"id":38466,"date":"2021-08-19T16:53:13","date_gmt":"2021-08-19T16:53:13","guid":{"rendered":"https:\/\/www.sisinternational.com\/?page_id=38466"},"modified":"2025-09-15T01:39:47","modified_gmt":"2025-09-15T05:39:47","slug":"marktforschung-nicaragua","status":"publish","type":"page","link":"https:\/\/www.sisinternational.com\/de\/abdeckung\/latin-america\/marktforschung-in-lateinamerika-2\/marktforschung-nicaragua\/","title":{"rendered":"Marktforschung in Nicaragua"},"content":{"rendered":"<h1 class=\"wp-block-heading\">Marktforschung in Nicaragua<\/h1>\n\n\n\n<figure class=\"gb-block-image gb-block-image-933f39c5\"><img loading=\"lazy\" decoding=\"async\" width=\"1456\" height=\"816\" class=\"gb-image gb-image-933f39c5\" src=\"https:\/\/www.sisinternational.com\/wp-content\/uploads\/2025\/09\/Nicaragua-1.jpg\" alt=\"SIS International Marktforschung &amp; Strategie\" title=\"Nicaragua (1)\" srcset=\"https:\/\/www.sisinternational.com\/wp-content\/uploads\/2025\/09\/Nicaragua-1.jpg 1456w, https:\/\/www.sisinternational.com\/wp-content\/uploads\/2025\/09\/Nicaragua-1-300x168.jpg 300w, https:\/\/www.sisinternational.com\/wp-content\/uploads\/2025\/09\/Nicaragua-1-1024x574.jpg 1024w, https:\/\/www.sisinternational.com\/wp-content\/uploads\/2025\/09\/Nicaragua-1-768x430.jpg 768w, https:\/\/www.sisinternational.com\/wp-content\/uploads\/2025\/09\/Nicaragua-1-18x10.jpg 18w\" sizes=\"auto, (max-width: 1456px) 100vw, 1456px\"><\/figure>\n\n\n\n<p><\/p>\n\n\n\n<h2 class=\"wp-block-heading\">Nicaragua ist eines der gr\u00f6\u00dften L\u00e4nder Lateinamerikas.<\/h2>\n\n\n\n<p>Es grenzt im Norden an Honduras und im S\u00fcden an Costa Rica. Dar\u00fcber hinaus verf\u00fcgt es \u00fcber zwei sehr lange K\u00fcstenlinien.<\/p>\n\n\n\n<p>Im Osten ist das Klima k\u00fchl und auch viel feuchter als im Westen.<\/p>\n\n\n\n<p>Die Amtssprache ist Spanisch. Viele K\u00fcnstler und Schriftsteller nennen dieses Land ihre Heimat.<\/p>\n\n\n\n<p>Fast die H\u00e4lfte der Bev\u00f6lkerung ist katholisch. Ein weiteres Drittel ist protestantisch. Hinzu kommt eine kleine Anh\u00e4ngerschaft von Juden und Muslimen.<\/p>\n\n\n\n<p>Das wichtigste religi\u00f6se Fest ist La Pur\u00edsima, eine einw\u00f6chige Veranstaltung Anfang Dezember. Es feiert die Unbefleckte Empf\u00e4ngnis. Zu dieser Zeit werden in H\u00e4usern und am Arbeitsplatz oft kunstvolle Alt\u00e4re f\u00fcr die Jungfrau Maria aufgestellt.<\/p>\n\n\n\n<h2 class=\"wp-block-heading\">Schl\u00fcsselindustrien<\/h2>\n\n\n\n<p>Farming and <a href=\"https:\/\/www.sisinternational.com\/de\/losungen\/ai-marktforschung-und-strategieberatung\/ki-einfuhrung-reise-gastgewerbe-tourismusbranche-beratung\/\" title=\"Einf\u00fchrung von KI in der Reise-, Gastgewerbe- und Tourismusbranche \u2013 Beratung\"  data-wpil-monitor-id=\"7799\">tourism are two powerful industries<\/a> in this country. In fact, farmers produce bananas, rice, sugar cane, beans, beef, poultry, coffee, cotton, and timber.<\/p>\n\n\n\n<p>Then there\u2019s the service sector, which employs around half of the labor force.&nbsp;This sector includes many services, for example<\/p>\n\n\n\n<ul class=\"wp-block-list\">\n<li>Transport, Handel, Bankdienstleistungen<\/li>\n\n\n\n<li>Kunst, Gesundheit und Bildung<\/li>\n\n\n\n<li><a href=\"https:\/\/www.sisinternational.com\/de\/losungen\/reise-tourismus-und-gastgewerbeberatung\/hotel-restaurant-marketing-beratung\/\" title=\"Hotel Restaurant Marketing Beratung\"  data-wpil-monitor-id=\"7801\">Restaurants und Hotels<\/a><\/li>\n<\/ul>\n\n\n\n<p>Der Tourismus treibt diesen und viele andere Sektoren an. Tats\u00e4chlich ist der Tourismus von entscheidender Bedeutung. Dar\u00fcber hinaus lobt die Los Angeles Times das Land als \u201etropisches Paradies\u201c. Es gibt viele Touristenattraktionen, darunter:<\/p>\n\n\n\n<ul class=\"wp-block-list\">\n<li>Str\u00e4nde,<\/li>\n\n\n\n<li>Panoramastra\u00dfen,<\/li>\n\n\n\n<li>Sch\u00f6ne St\u00e4dte wie Le\u00f3n und Granada<\/li>\n<\/ul>\n\n\n\n<p>Touristen k\u00f6nnen wandern, Kajak fahren, Sehensw\u00fcrdigkeiten besichtigen, klettern, campen und schwimmen. Kultur, Natur und Abenteuer sind wichtige Verkaufsargumente. Der Vulkan Masaya ist ein weiteres beliebtes Touristenziel.<\/p>\n\n\n\n<p>\u00d6kotourismus ist ein weiteres Verkaufsargument, und dies ist ein Land mit vielf\u00e4ltiger Flora und Fauna. Touristen k\u00f6nnen beispielsweise Folgendes besuchen:<\/p>\n\n\n\n<ul class=\"wp-block-list\">\n<li>Das Naturschutzgebiet Charco Verde,<\/li>\n\n\n\n<li>Bosawas, einer der gr\u00f6\u00dften Regenw\u00e4lder Lateinamerikas<\/li>\n\n\n\n<li>Nicaraguasee<\/li>\n<\/ul>\n\n\n\n<p>Das Land verf\u00fcgt \u00fcber 78 Naturschutzgebiete. Diese erstrecken sich \u00fcber ein F\u00fcnftel der Landesfl\u00e4che.<\/p>\n\n\n\n<p>Farmers profit from <a href=\"https:\/\/www.sisinternational.com\/de\/losungen\/reise-tourismus-und-gastgewerbeberatung\/\" title=\"Beratung f\u00fcr Reisen, Tourismus und Gastgewerbe\"  data-wpil-monitor-id=\"7794\">tourism by letting travelers<\/a> visit their coffee farms. There, they can learn about making coffee, stay overnight, and explore with a guide.<\/p>\n\n\n\n<p>Weitere nennenswerte Branchen sind:<\/p>\n\n\n\n<ul class=\"wp-block-list\">\n<li>Textilien \u2013 Strick- und Webstoffe, Schuhe.<\/li>\n\n\n\n<li>Zement, Chemikalien, \u00d6lraffination, Maschinen und Metallprodukte<\/li>\n\n\n\n<li>Getr\u00e4nke, Lebensmittelverarbeitung<\/li>\n\n\n\n<li>Bergbau \u2013 Kupfer, Silber und Gold<\/li>\n<\/ul>\n\n\n\n<h2 class=\"wp-block-heading\">Nachbarschaften<\/h2>\n\n\n\n<p>Etwa drei F\u00fcnftel der Bev\u00f6lkerung leben in St\u00e4dten. Die Hauptstadt ist Managua, die gr\u00f6\u00dfte Stadt des Landes. Andere bedeutende Stadtgebiete sind Granada, Le\u00f3n, Matagalpa und Bluefields. Die meisten St\u00e4dte und Industrien liegen im Westen, und damit auch die meisten Menschen.<\/p>\n\n\n\n<p>Im Osten hingegen betreiben die Menschen Ackerbau, Viehzucht und Holzbewirtschaftung.<\/p>\n\n\n\n<h2 class=\"wp-block-heading\">Trends<\/h2>\n\n\n\n<figure class=\"gb-block-image gb-block-image-99378de4\"><img loading=\"lazy\" decoding=\"async\" width=\"1456\" height=\"816\" class=\"gb-image gb-image-99378de4\" src=\"https:\/\/www.sisinternational.com\/wp-content\/uploads\/2025\/09\/Nicaragua-2.jpg\" alt=\"SIS International Marktforschung &amp; Strategie\" title=\"Nicaragua (2)\" srcset=\"https:\/\/www.sisinternational.com\/wp-content\/uploads\/2025\/09\/Nicaragua-2.jpg 1456w, https:\/\/www.sisinternational.com\/wp-content\/uploads\/2025\/09\/Nicaragua-2-300x168.jpg 300w, https:\/\/www.sisinternational.com\/wp-content\/uploads\/2025\/09\/Nicaragua-2-1024x574.jpg 1024w, https:\/\/www.sisinternational.com\/wp-content\/uploads\/2025\/09\/Nicaragua-2-768x430.jpg 768w, https:\/\/www.sisinternational.com\/wp-content\/uploads\/2025\/09\/Nicaragua-2-18x10.jpg 18w\" sizes=\"auto, (max-width: 1456px) 100vw, 1456px\"><\/figure>\n\n\n\n<p><\/p>\n\n\n\n<p>Die Reaktion des Landes auf die COVID-19-Pandemie war lax. Es entschied sich gegen die Lockdown-Ma\u00dfnahmen und die strengen Testrichtlinien anderer L\u00e4nder. Eine US-Zeitung bezeichnete es deshalb als \u201eeine Regierung, die die Realit\u00e4t leugnet\u201c, und das US-Au\u00dfenministerium warnte vor Reisen.<\/p>\n\n\n\n<p>Dennoch haben die weltweiten Lockdowns dem Land geschadet. Ebenso die Hurrikane Eta und Iota. Handel und Tourismus gingen zur\u00fcck.<\/p>\n\n\n\n<p>Experten erwarten eine baldige Erholung der Wirtschaft.<\/p>\n\n\n\n<h2 class=\"wp-block-heading\">Vorteile und St\u00e4rken des Marktes<\/h2>\n\n\n\n<p>This is a very promising Latam country, even though it\u2019s one of the least developed. For one thing, it has strong ties with the United States. It has also signed free trade agreements with large <a href=\"https:\/\/www.sisinternational.com\/de\/abdeckung\/die-amerikaner\/usa-berichterstattung\/\" title=\"Marktforschung in den USA\"  data-wpil-monitor-id=\"7791\">markets such as the United States<\/a>, Taiwan, and others.<\/p>\n\n\n\n<p>Zweitens bietet es ein gutes Gesch\u00e4ftsklima f\u00fcr Einheimische und potenzielle Investoren.<\/p>\n\n\n\n<p>It is the <a href=\"https:\/\/www.sisinternational.com\/de\/losungen\/branding-und-kundenforschungslosungen\/produkttests-marktforschung\/fuhrendes-unternehmen-fur-zentrale-standorttests\/\" title=\"F\u00fchrendes Unternehmen f\u00fcr zentrale Standorttests\"  data-wpil-monitor-id=\"7787\">top location in Central<\/a> America for starting or closing a business and investor protection. It also ranks high for ease of doing business, and it\u2019s easy to register a business and pay taxes.<\/p>\n\n\n\n<h2 class=\"wp-block-heading\">Verbraucherbasis<\/h2>\n\n\n\n<p>In diesem Land leben mehr als sechs Millionen Menschen. Viele von ihnen sind Mestizen, eine Mischung aus Wei\u00dfen und Einheimischen. Die Stadt mit den meisten Einwohnern ist die Hauptstadt Managua.<\/p>\n\n\n\n<p>Many of the country\u2019s nationals are living abroad. Thus there is a high foreign remittance rate.&nbsp;Sadly, the global lockdowns caused a marked decrease in money sent home by those living abroad.<\/p>\n\n\n\n<p>Neun Zehntel der Bev\u00f6lkerung leben in den westlichen Pazifiktiefl\u00e4ndern und den nahegelegenen Hochl\u00e4ndern. Andere leben in den pazifischen, zentralen und n\u00f6rdlichen Regionen. Die \u00f6stliche Karibik macht das verbleibende Zehntel aus.<\/p>\n\n\n\n<p>Das Land hat eine junge Bev\u00f6lkerung, viele Menschen sind unter 15 Jahre alt.<\/p>\n\n\n\n<h2 class=\"wp-block-heading\">Warum Sie Ihr Gesch\u00e4ft auf dem nicaraguanischen Markt ausbauen sollten<\/h2>\n\n\n\n<p>Laut Interpol und vielen anderen Quellen ist dies das Land in Lateinamerika mit der niedrigsten Kriminalit\u00e4tsrate.<\/p>\n\n\n\n<p>Dar\u00fcber hinaus gibt es viele Anreize f\u00fcr die Gr\u00fcndung und Schlie\u00dfung eines Unternehmens und bietet Investorenschutz. Das Land zeichnet sich durch seine Import- und Exportf\u00e4higkeit aus. Auch bei den Ma\u00dfnahmen zum Erwerb von Eigentum und zur Zahlung von Steuern schneidet es gut ab.<\/p>\n\n\n\n<h2 class=\"wp-block-heading\">\u00dcber Marktforschung in Nicaragua<\/h2>\n\n\n\n<p><a href=\"https:\/\/www.sisinternational.com\/de\/losungen\/qualitative-quantitative-forschungslosungen\/qualitative-forschung-rekrutierung\/\" title=\"Qualitative Forschung Rekrutierung\"  data-wpil-monitor-id=\"7796\">Qualitative and Quantitative research<\/a> can shed insights for your investment. So can Strategy Research. We also offer Surveys, Interviews, and Focus Groups. Contact us today to find out how we can help your business venture.<\/p>\n\n\n\n<p><\/p>","protected":false},"excerpt":{"rendered":"<p>Entdecken Sie, wie Sie Ihr Unternehmen mit Marktforschung in Nicaragua ausbauen k\u00f6nnen.<\/p>","protected":false},"author":1,"featured_media":66327,"parent":14351,"menu_order":12,"comment_status":"closed","ping_status":"closed","template":"","meta":{"footnotes":""},"class_list":["post-38466","page","type-page","status-publish","has-post-thumbnail"],"_links":{"self":[{"href":"https:\/\/www.sisinternational.com\/de\/wp-json\/wp\/v2\/pages\/38466","targetHints":{"allow":["GET"]}}],"collection":[{"href":"https:\/\/www.sisinternational.com\/de\/wp-json\/wp\/v2\/pages"}],"about":[{"href":"https:\/\/www.sisinternational.com\/de\/wp-json\/wp\/v2\/types\/page"}],"author":[{"embeddable":true,"href":"https:\/\/www.sisinternational.com\/de\/wp-json\/wp\/v2\/users\/1"}],"replies":[{"embeddable":true,"href":"https:\/\/www.sisinternational.com\/de\/wp-json\/wp\/v2\/comments?post=38466"}],"version-history":[{"count":4,"href":"https:\/\/www.sisinternational.com\/de\/wp-json\/wp\/v2\/pages\/38466\/revisions"}],"predecessor-version":[{"id":81316,"href":"https:\/\/www.sisinternational.com\/de\/wp-json\/wp\/v2\/pages\/38466\/revisions\/81316"}],"up":[{"embeddable":true,"href":"https:\/\/www.sisinternational.com\/de\/wp-json\/wp\/v2\/pages\/14351"}],"wp:featuredmedia":[{"embeddable":true,"href":"https:\/\/www.sisinternational.com\/de\/wp-json\/wp\/v2\/media\/66327"}],"wp:attachment":[{"href":"https:\/\/www.sisinternational.com\/de\/wp-json\/wp\/v2\/media?parent=38466"}],"curies":[{"name":"wp","href":"https:\/\/api.w.org\/{rel}","templated":true}]}}