{"id":38458,"date":"2021-08-19T13:14:11","date_gmt":"2021-08-19T13:14:11","guid":{"rendered":"https:\/\/www.sisinternational.com\/?page_id=38458"},"modified":"2025-09-14T18:58:14","modified_gmt":"2025-09-14T22:58:14","slug":"marktforschung-honduras","status":"publish","type":"page","link":"https:\/\/www.sisinternational.com\/de\/abdeckung\/latin-america\/marktforschung-in-lateinamerika-2\/marktforschung-honduras\/","title":{"rendered":"Marktforschung in Honduras"},"content":{"rendered":"<h1 class=\"wp-block-heading\">Marktforschung in Honduras<\/h1>\n\n\n\n<figure class=\"gb-block-image gb-block-image-85a8f18c\"><img loading=\"lazy\" decoding=\"async\" width=\"1456\" height=\"816\" class=\"gb-image gb-image-85a8f18c\" src=\"https:\/\/www.sisinternational.com\/wp-content\/uploads\/2025\/09\/Honduras-1.jpg\" alt=\"SIS International Marktforschung &amp; Strategie\" title=\"Honduras (1)\" srcset=\"https:\/\/www.sisinternational.com\/wp-content\/uploads\/2025\/09\/Honduras-1.jpg 1456w, https:\/\/www.sisinternational.com\/wp-content\/uploads\/2025\/09\/Honduras-1-300x168.jpg 300w, https:\/\/www.sisinternational.com\/wp-content\/uploads\/2025\/09\/Honduras-1-1024x574.jpg 1024w, https:\/\/www.sisinternational.com\/wp-content\/uploads\/2025\/09\/Honduras-1-768x430.jpg 768w, https:\/\/www.sisinternational.com\/wp-content\/uploads\/2025\/09\/Honduras-1-18x10.jpg 18w\" sizes=\"auto, (max-width: 1456px) 100vw, 1456px\"><\/figure>\n\n\n\n<p><\/p>\n\n\n\n<h2 class=\"wp-block-heading\">Nachbarschaften<\/h2>\n\n\n\n<p>Honduras liegt in Mittelamerika zwischen El Salvador und Guatemala. Nicaragua liegt weiter s\u00fcd\u00f6stlich. Grunds\u00e4tzlich besteht das Land aus 18 Departements, also Staaten. Auch die Hauptstadt \u201eTegucigalpa\u201c ist ein Departement.<\/p>\n\n\n\n<p>Die Hauptstadt von Honduras ist eine der St\u00e4dte mit der gr\u00f6\u00dften Armut. Auch in den l\u00e4ndlichen Gebieten sind viele Menschen von extremer Armut betroffen. Trotzdem gibt es im Land noch Hoffnungsschimmer. Die Exporte sind h\u00f6her als die Importe, da die Landwirtschaft ein bedeutender Sektor ist.<\/p>\n\n\n\n<p>Es gibt bestimmte Gebiete, in denen die meisten Gesch\u00e4ftstransaktionen stattfinden. Ein weiterer wichtiger Punkt ist, dass Honduras seit 2013 eine neue Wirtschaftszoneneinteilung entwickelt hat. Tats\u00e4chlich sind die meisten St\u00e4dte unter diesem System selbstverwaltet. Dieses System ist gut, da es die Einnahmen steigern kann, aber schlecht, weil es mit hohen Risiken verbunden ist. Amalia war der erste Bezirk, der eine Freihandelszone war. Er kann seine Gesch\u00e4fte mit einer Art Selbstverwaltung abwickeln.<\/p>\n\n\n\n<h2 class=\"wp-block-heading\">Trends<\/h2>\n\n\n\n<p>Das Land verf\u00fcgt \u00fcber vier Flugh\u00e4fen. Der beliebteste ist \u201eRamon Villeda Morales\u201c, der sich nicht in der Hauptstadt, sondern in einem Gebiet namens San Pedro Sula befindet. Ein anderer Flughafen in Honduras gilt als der zweitgef\u00e4hrlichste der Welt. Es ist \u00fcblich, Menschen bei der Landung beten zu sehen.<\/p>\n\n\n\n<p>Spanisch ist die Hauptsprache in Honduras. Die vielf\u00e4ltige Bev\u00f6lkerungsmischung macht das Land so gro\u00dfartig. Die Maya-Ruine von Copan und der Rosalia-Tempel sind einige der bekanntesten Sehensw\u00fcrdigkeiten. Die geschnitzten Treppen und das antike Aussehen sind eine der besten Touristenattraktionen.<\/p>\n\n\n\n<p>Honduras ist Heimat einiger der exotischsten Tiere, da die B\u00fcrger stolz darauf sind, sie zu sch\u00fctzen. Au\u00dferdem gibt es ein Waldreservat, das zum Schutz seltener B\u00e4ume und Tiere beitr\u00e4gt.<\/p>\n\n\n\n<p>Honduras ist von etwa 20 Inseln umgeben, von denen die meisten in der Karibik liegen. Die bekannteste ist \u201eBonacca Cay\u201c. Sie ist die bev\u00f6lkerungsreichste Insel in Honduras.<\/p>\n\n\n\n<p>Das Land gilt als unsicher, da es bei Banden und Diebst\u00e4hlen sehr beliebt ist. Touristen sollten bei Reisen nach Honduras vorsichtig sein.<\/p>\n\n\n\n<h2 class=\"wp-block-heading\">Verbraucherbasis<\/h2>\n\n\n\n<p>Ihre Haupteinnahmequelle ist die Landwirtschaft. Die Honduraner bauen den Gro\u00dfteil ihres Essens selbst an, was den Import bestimmter Lebensmittel einschr\u00e4nkt. Dinge wie Maschinen f\u00fcr Fabriken und Kraftstoffe sind die wichtigsten Importg\u00fcter.<\/p>\n\n\n\n<p>Das Land exportiert mehr und gibt weniger f\u00fcr Importe aus. Diese Trendwende ist ein gutes Zeichen f\u00fcr Wirtschaftswachstum. Die wichtigsten Handelspartner des Landes sind die USA, China, Mexiko und Guatemala.<\/p>\n\n\n\n<h2 class=\"wp-block-heading\">Schl\u00fcsselindustrien<\/h2>\n\n\n\n<figure class=\"gb-block-image gb-block-image-9b3ca6d9\"><img loading=\"lazy\" decoding=\"async\" width=\"1456\" height=\"816\" class=\"gb-image gb-image-9b3ca6d9\" src=\"https:\/\/www.sisinternational.com\/wp-content\/uploads\/2025\/09\/Honduras-5.jpg\" alt=\"SIS International Marktforschung &amp; Strategie\" title=\"Honduras (5)\" srcset=\"https:\/\/www.sisinternational.com\/wp-content\/uploads\/2025\/09\/Honduras-5.jpg 1456w, https:\/\/www.sisinternational.com\/wp-content\/uploads\/2025\/09\/Honduras-5-300x168.jpg 300w, https:\/\/www.sisinternational.com\/wp-content\/uploads\/2025\/09\/Honduras-5-1024x574.jpg 1024w, https:\/\/www.sisinternational.com\/wp-content\/uploads\/2025\/09\/Honduras-5-768x430.jpg 768w, https:\/\/www.sisinternational.com\/wp-content\/uploads\/2025\/09\/Honduras-5-18x10.jpg 18w\" sizes=\"auto, (max-width: 1456px) 100vw, 1456px\"><\/figure>\n\n\n\n<p><\/p>\n\n\n\n<p>Das Land ist reich an Rohstoffen. Der wichtigste Wirtschaftszweig ist die Landwirtschaft, und Kaffee ist das wichtigste Exportgut. Kaffee macht 22 Prozent der Exporterl\u00f6se aus. Dieser Wirtschaftszweig hat viele Arbeitspl\u00e4tze f\u00fcr Arbeitslose geschaffen und zudem viele Ausgaben eingespart.<\/p>\n\n\n\n<p>Zement, Fischerei, Bergbau, Zigarren und Forstwirtschaft sind die anderen Hauptindustrien. Einige der lokalen Produkte sind Chemikalien, Bananen, Zucker, Kaffee und Holz.<\/p>\n\n\n\n<h2 class=\"wp-block-heading\">Gr\u00fcnde f\u00fcr die Expansion Ihres Unternehmens in Honduras<\/h2>\n\n\n\n<p>Honduras ist ein gro\u00dfartiges Land f\u00fcr Investitionen. Das Engagement der Regierung am Wirtschaftswachstum des Landes ist ein klares Plus. Um Investoren anzulocken, haben sie Reformen als Priorit\u00e4t gesetzt. Eine Regierung zu haben, die das Wohl des Landes im Sinn hat, ist f\u00fcr Investoren hervorragend. Es hilft ihnen, Gewinne zu erzielen.<\/p>\n\n\n\n<h2 class=\"wp-block-heading\">\u00dcber Marktforschung in Honduras<\/h2>\n\n\n\n<p>M\u00f6chten Sie in Honduras investieren? Dieser Artikel gibt Ihnen alle Informationen, die Sie f\u00fcr Ihre Entscheidung ben\u00f6tigen. Wir f\u00fchren quantitative, qualitative und strategische Recherchen durch, um Ihnen mehr Wissen \u00fcber Honduras zu vermitteln. Solches Wissen ist von entscheidender Bedeutung und wir hoffen, dass auch Sie eine Investition in Honduras in Erw\u00e4gung ziehen.<\/p>\n\n\n\n<p><\/p>","protected":false},"excerpt":{"rendered":"<p>Entdecken Sie, wie Sie Ihr Unternehmen mit Marktforschung in Honduras ausbauen k\u00f6nnen.<\/p>","protected":false},"author":1,"featured_media":66287,"parent":14351,"menu_order":11,"comment_status":"closed","ping_status":"closed","template":"","meta":{"footnotes":""},"class_list":["post-38458","page","type-page","status-publish","has-post-thumbnail"],"_links":{"self":[{"href":"https:\/\/www.sisinternational.com\/de\/wp-json\/wp\/v2\/pages\/38458","targetHints":{"allow":["GET"]}}],"collection":[{"href":"https:\/\/www.sisinternational.com\/de\/wp-json\/wp\/v2\/pages"}],"about":[{"href":"https:\/\/www.sisinternational.com\/de\/wp-json\/wp\/v2\/types\/page"}],"author":[{"embeddable":true,"href":"https:\/\/www.sisinternational.com\/de\/wp-json\/wp\/v2\/users\/1"}],"replies":[{"embeddable":true,"href":"https:\/\/www.sisinternational.com\/de\/wp-json\/wp\/v2\/comments?post=38458"}],"version-history":[{"count":3,"href":"https:\/\/www.sisinternational.com\/de\/wp-json\/wp\/v2\/pages\/38458\/revisions"}],"predecessor-version":[{"id":68606,"href":"https:\/\/www.sisinternational.com\/de\/wp-json\/wp\/v2\/pages\/38458\/revisions\/68606"}],"up":[{"embeddable":true,"href":"https:\/\/www.sisinternational.com\/de\/wp-json\/wp\/v2\/pages\/14351"}],"wp:featuredmedia":[{"embeddable":true,"href":"https:\/\/www.sisinternational.com\/de\/wp-json\/wp\/v2\/media\/66287"}],"wp:attachment":[{"href":"https:\/\/www.sisinternational.com\/de\/wp-json\/wp\/v2\/media?parent=38458"}],"curies":[{"name":"wp","href":"https:\/\/api.w.org\/{rel}","templated":true}]}}