{"id":38456,"date":"2021-08-19T13:09:26","date_gmt":"2021-08-19T13:09:26","guid":{"rendered":"https:\/\/www.sisinternational.com\/?page_id=38456"},"modified":"2025-09-14T19:00:10","modified_gmt":"2025-09-14T23:00:10","slug":"marktforschung-guatemala","status":"publish","type":"page","link":"https:\/\/www.sisinternational.com\/de\/abdeckung\/latin-america\/marktforschung-in-lateinamerika-2\/marktforschung-guatemala\/","title":{"rendered":"Marktforschung in Guatemala"},"content":{"rendered":"<h1 class=\"wp-block-heading\">Marktforschung in Guatemala<\/h1>\n\n\n\n<figure class=\"gb-block-image gb-block-image-0a3badc8\"><img loading=\"lazy\" decoding=\"async\" width=\"1456\" height=\"816\" class=\"gb-image gb-image-0a3badc8\" src=\"https:\/\/www.sisinternational.com\/wp-content\/uploads\/2025\/09\/Guatemala-5.jpg\" alt=\"SIS International Marktforschung &amp; Strategie\" title=\"Guatemala (5)\" srcset=\"https:\/\/www.sisinternational.com\/wp-content\/uploads\/2025\/09\/Guatemala-5.jpg 1456w, https:\/\/www.sisinternational.com\/wp-content\/uploads\/2025\/09\/Guatemala-5-300x168.jpg 300w, https:\/\/www.sisinternational.com\/wp-content\/uploads\/2025\/09\/Guatemala-5-1024x574.jpg 1024w, https:\/\/www.sisinternational.com\/wp-content\/uploads\/2025\/09\/Guatemala-5-768x430.jpg 768w, https:\/\/www.sisinternational.com\/wp-content\/uploads\/2025\/09\/Guatemala-5-18x10.jpg 18w\" sizes=\"auto, (max-width: 1456px) 100vw, 1456px\"><\/figure>\n\n\n\n<p><\/p>\n\n\n\n<h2 class=\"wp-block-heading\">Nachbarschaften<\/h2>\n\n\n\n<p>Guatemala is in Central America, south of Mexico. It is home to roughly 16 million people. Nearby countries include Mexico, Belize, Honduras, and El Salvador. It is lovely to travel to and also a nice place to <a href=\"https:\/\/www.sisinternational.com\/de\/veroffentlichungen\/japans-mittelstandsexporte\/\" title=\"Ausbau Ihres Gesch\u00e4fts in Japan\"  data-wpil-monitor-id=\"7800\">grow your business<\/a>.<\/p>\n\n\n\n<p>Guatemala-Stadt ist die Hauptstadt. Hier findet auch die meiste wirtschaftliche Aktivit\u00e4t statt. Einige andere gro\u00dfe St\u00e4dte sind Mixco, Villa und Nueva.<\/p>\n\n\n\n<h2 class=\"wp-block-heading\">Trends<\/h2>\n\n\n\n<p>Guatemala hat reiche Vulkanlandschaften und alte Steingeb\u00e4ude. Die Maya-Geschichte des Landes hat viel mit dem heutigen Zustand des Landes zu tun. Die Kultur des Landes stammt aus der Maya-Tradition. Die Menschen erkennen auch heute noch alte kulturelle Ereignisse an.<\/p>\n\n\n\n<p>New <a href=\"https:\/\/www.sisinternational.com\/de\/fuhrendes-unternehmen-zur-uberwachung-von-b2b-markttrends\/\" title=\"F\u00fchrendes Unternehmen zur \u00dcberwachung von B2B-Markttrends\"  data-wpil-monitor-id=\"7792\">trends continue to rise in the market<\/a>. For example, the country\u2019s communication sector has strong <a href=\"https:\/\/www.sisinternational.com\/de\/losungen\/internationale-unternehmenswachstumsmarktforschung\/\" title=\"Internationale Marktforschung zum Unternehmenswachstum\"  data-wpil-monitor-id=\"7795\">growth potential across the market<\/a>.<\/p>\n\n\n\n<p>Auch Guatemalas Wirtschaftswachstum ist gestiegen. Trotz des j\u00fcngsten Virus geht es dem Land gut. Leider ist die Einkommensschere nach wie vor gro\u00df und die Armutsrate unter den Maya ist hoch. Guatemala ist mittlerweile das Hauptherkunftsland f\u00fcr Asylsuchende und Migranten an der S\u00fcdgrenze der USA.<\/p>\n\n\n\n<p>The government is giving out vaccines in light of the COVID-19 virus, and despite the challenges, things seem to be looking up for this small nation. It is on the path to being one of the largest <a href=\"https:\/\/www.sisinternational.com\/de\/abdeckung\/die-amerikaner\/marktforschung-in-lateinamerika-2\/\" title=\"Marktforschung f\u00fcr Lateinamerika\"  data-wpil-monitor-id=\"7790\">markets in Central America<\/a>.<\/p>\n\n\n\n<h2 class=\"wp-block-heading\">Schl\u00fcsselindustrien<\/h2>\n\n\n\n<p>Guatemala hat eine gro\u00dfe Wirtschaft: eine der gr\u00f6\u00dften in Mittelamerika. Mehr als die H\u00e4lfte des Wirtschaftslebens des Landes findet im privaten Sektor statt.<\/p>\n\n\n\n<p>Zu den wichtigsten Industriezweigen z\u00e4hlen Papier, Kaffee und Tourismus. Die Menschen betreiben auch Kleinbergbau. Edelsteine und Metalle werden exportiert. Obwohl dies erst seit kurzem geschieht, w\u00e4chst es schnell. Das Land exportiert auch Industrieg\u00fcter. Das Exportsystem tr\u00e4gt zum Wohlstand der Wirtschaft bei.<\/p>\n\n\n\n<p>Guatemalas wichtigster Wirtschaftszweig ist die Landwirtschaft. Zu den wichtigsten Anbauprodukten z\u00e4hlen Muskatnuss, Rohrzucker, Bananen und Kaffee. Die Branche bietet auch vielen Menschen Arbeitspl\u00e4tze. Dennoch ist das Land vom Klimawandel bedroht. Es sp\u00fcrt die Auswirkungen st\u00e4rker als seine n\u00e4chsten Nachbarn. Ein Hauptproblem ist der Mangel an Regen. Trockenzeiten k\u00f6nnen in vielen Teilen des Landes bis zu vier Monate dauern. Dieses Ph\u00e4nomen tritt auch in El Salvador und Honduras auf, was der Branche sicherlich nicht hilft. Investitionen in Guatemalas Agrarsektor sind aufgrund der h\u00e4ufigen D\u00fcrren riskant. Trotzdem geht es dem kleinen Land gut.<\/p>\n\n\n\n<p>The primary export <a href=\"https:\/\/www.sisinternational.com\/de\/abdeckung\/die-amerikaner\/usa-berichterstattung\/\" title=\"Marktforschung in den USA\"  data-wpil-monitor-id=\"7783\">market is the United States<\/a> of America. Its other trading partners include El Salvador, Mexico, and Honduras.<\/p>\n\n\n\n<h2 class=\"wp-block-heading\">Kundenbasis<\/h2>\n\n\n\n<figure class=\"gb-block-image gb-block-image-34912991\"><img loading=\"lazy\" decoding=\"async\" width=\"1456\" height=\"816\" class=\"gb-image gb-image-34912991\" src=\"https:\/\/www.sisinternational.com\/wp-content\/uploads\/2025\/09\/Guatemala-5.jpg\" alt=\"SIS International Marktforschung &amp; Strategie\" title=\"Guatemala (5)\" srcset=\"https:\/\/www.sisinternational.com\/wp-content\/uploads\/2025\/09\/Guatemala-5.jpg 1456w, https:\/\/www.sisinternational.com\/wp-content\/uploads\/2025\/09\/Guatemala-5-300x168.jpg 300w, https:\/\/www.sisinternational.com\/wp-content\/uploads\/2025\/09\/Guatemala-5-1024x574.jpg 1024w, https:\/\/www.sisinternational.com\/wp-content\/uploads\/2025\/09\/Guatemala-5-768x430.jpg 768w, https:\/\/www.sisinternational.com\/wp-content\/uploads\/2025\/09\/Guatemala-5-18x10.jpg 18w\" sizes=\"auto, (max-width: 1456px) 100vw, 1456px\"><\/figure>\n\n\n\n<p><\/p>\n\n\n\n<p>Die wichtigsten Exportg\u00fcter des Landes sind Kapitalg\u00fcter, Konsumg\u00fcter und \u00d6l. Die meisten Importe kommen aus den USA. Trotz dieser Importe leben die B\u00fcrger von ihren landwirtschaftlichen Erzeugnissen. Sie sind auf ihre Maisfelder und andere lokale Obst- und Gem\u00fcsesorten angewiesen.<\/p>\n\n\n\n<h2 class=\"wp-block-heading\">Gr\u00fcnde, Ihr Gesch\u00e4ft auf dem Markt auszubauen<\/h2>\n\n\n\n<p>The main reason to grow your business is the country\u2019s location. It is a bridge to a <a href=\"https:\/\/www.sisinternational.com\/de\/sachverstand\/branchen\/marktforschung-fur-indigene-volker\/\" title=\"Marktforschung f\u00fcr indigene V\u00f6lker\"  data-wpil-monitor-id=\"7797\">market with over 68 million people<\/a>. Also, Guatemala offers perks like free trading with the US and Europe.<\/p>\n\n\n\n<p>Einige weitere Vorteile sind:<\/p>\n\n\n\n<ul class=\"wp-block-list\">\n<li>Niedriger Steuersatz<\/li>\n\n\n\n<li>Niedrige Kriminalit\u00e4tsraten im Vergleich zu anderen L\u00e4ndern<\/li>\n\n\n\n<li>Eine qualifizierte Arbeitskraft.<\/li>\n<\/ul>\n\n\n\n<h2 class=\"wp-block-heading\">\u00dcber Marktforschung in Guatemala<\/h2>\n\n\n\n<p>Are you looking to invest in Guatemala? Do you want to expand your business to new places? We have given you all the details about the country\u2019s economy and profit potential. <a href=\"https:\/\/www.sisinternational.com\/de\/sis-stellt-plattform-fur-datenwissenschaft-und-quantitative-analyse-vor\/\" title=\"SIS stellt Plattform f\u00fcr Data Science und quantitative Analytik vor\"  data-wpil-monitor-id=\"7781\">SIS Research gathers Quantitative and Qualitative data<\/a>, and we also offer Strategy Research. We use interviews, surveys, and <a href=\"https:\/\/www.sisinternational.com\/de\/losungen\/fokusgruppen-marktforschung\/\" title=\"Fokusgruppe Marktforschung\"  data-wpil-monitor-id=\"7786\">Schwerpunktgruppen<\/a> to help you decide your market strategy. Contact us today for more insights!<\/p>\n\n\n\n<p><\/p>","protected":false},"excerpt":{"rendered":"<p>Entdecken Sie, wie Sie Ihr Unternehmen mit Marktforschung in Guatemala ausbauen k\u00f6nnen.<\/p>","protected":false},"author":1,"featured_media":66276,"parent":14351,"menu_order":10,"comment_status":"closed","ping_status":"closed","template":"","meta":{"footnotes":""},"class_list":["post-38456","page","type-page","status-publish","has-post-thumbnail"],"_links":{"self":[{"href":"https:\/\/www.sisinternational.com\/de\/wp-json\/wp\/v2\/pages\/38456","targetHints":{"allow":["GET"]}}],"collection":[{"href":"https:\/\/www.sisinternational.com\/de\/wp-json\/wp\/v2\/pages"}],"about":[{"href":"https:\/\/www.sisinternational.com\/de\/wp-json\/wp\/v2\/types\/page"}],"author":[{"embeddable":true,"href":"https:\/\/www.sisinternational.com\/de\/wp-json\/wp\/v2\/users\/1"}],"replies":[{"embeddable":true,"href":"https:\/\/www.sisinternational.com\/de\/wp-json\/wp\/v2\/comments?post=38456"}],"version-history":[{"count":4,"href":"https:\/\/www.sisinternational.com\/de\/wp-json\/wp\/v2\/pages\/38456\/revisions"}],"predecessor-version":[{"id":81315,"href":"https:\/\/www.sisinternational.com\/de\/wp-json\/wp\/v2\/pages\/38456\/revisions\/81315"}],"up":[{"embeddable":true,"href":"https:\/\/www.sisinternational.com\/de\/wp-json\/wp\/v2\/pages\/14351"}],"wp:featuredmedia":[{"embeddable":true,"href":"https:\/\/www.sisinternational.com\/de\/wp-json\/wp\/v2\/media\/66276"}],"wp:attachment":[{"href":"https:\/\/www.sisinternational.com\/de\/wp-json\/wp\/v2\/media?parent=38456"}],"curies":[{"name":"wp","href":"https:\/\/api.w.org\/{rel}","templated":true}]}}