{"id":38450,"date":"2021-08-19T04:44:36","date_gmt":"2021-08-19T04:44:36","guid":{"rendered":"https:\/\/www.sisinternational.com\/?page_id=38450"},"modified":"2025-09-14T19:06:59","modified_gmt":"2025-09-14T23:06:59","slug":"marktforschung-costa-rica","status":"publish","type":"page","link":"https:\/\/www.sisinternational.com\/de\/abdeckung\/latin-america\/marktforschung-in-lateinamerika-2\/marktforschung-costa-rica\/","title":{"rendered":"Marktforschung in Costa Rica"},"content":{"rendered":"<h1 class=\"wp-block-heading\">Marktforschung in Costa Rica<\/h1>\n\n\n\n<figure class=\"gb-block-image gb-block-image-10e61012\"><img loading=\"lazy\" decoding=\"async\" width=\"1456\" height=\"816\" class=\"gb-image gb-image-10e61012\" src=\"https:\/\/www.sisinternational.com\/wp-content\/uploads\/2025\/09\/Costa-Rica-2.jpg\" alt=\"SIS International Marktforschung &amp; Strategie\" title=\"Costa Rica (2)\" srcset=\"https:\/\/www.sisinternational.com\/wp-content\/uploads\/2025\/09\/Costa-Rica-2.jpg 1456w, https:\/\/www.sisinternational.com\/wp-content\/uploads\/2025\/09\/Costa-Rica-2-300x168.jpg 300w, https:\/\/www.sisinternational.com\/wp-content\/uploads\/2025\/09\/Costa-Rica-2-1024x574.jpg 1024w, https:\/\/www.sisinternational.com\/wp-content\/uploads\/2025\/09\/Costa-Rica-2-768x430.jpg 768w, https:\/\/www.sisinternational.com\/wp-content\/uploads\/2025\/09\/Costa-Rica-2-18x10.jpg 18w\" sizes=\"auto, (max-width: 1456px) 100vw, 1456px\"><\/figure>\n\n\n\n<p><\/p>\n\n\n\n<h2 class=\"wp-block-heading\">Costa Rica is a strong market in Central America, providing many benefits.<\/h2>\n\n\n\n<p>It is also a member of the World Trade Organization, and as a result, it doesn\u2019t have many trade barriers. The presence of Foreign Trade Agreements also makes it a prime marketplace. These agreements make trade possible between many countries such as Chile, the USA, Mexico, and Canada. This trade provides many benefits for Costa Rica. It also has a social and economic balance, which allows it to handle foreign commerce.<\/p>\n\n\n\n<h2 class=\"wp-block-heading\">Schl\u00fcsselindustrien<\/h2>\n\n\n\n<p>The primary <a href=\"https:\/\/www.sisinternational.com\/de\/losungen\/ai-marktforschung-und-strategieberatung\/ki-einfuhrung-reise-gastgewerbe-tourismusbranche-beratung\/\" title=\"Einf\u00fchrung von KI in der Reise-, Gastgewerbe- und Tourismusbranche \u2013 Beratung\"  data-wpil-monitor-id=\"7861\">industries in Costa Rica are tourism<\/a>, agriculture, and electrical exports.<\/p>\n\n\n\n<p>Costa Rica erh\u00e4lt Kapital aus dem Export von Ananas, Bananen und Kaffee. Das Land hat ein mildes Klima und eine perfekte Lage, und Obst und Kaffee tragen zum BIP des Landes bei. Der Agrarsektor besch\u00e4ftigt au\u00dferdem einen Gro\u00dfteil der Arbeitskr\u00e4fte des Landes.<\/p>\n\n\n\n<p>The manufacturing sector is also prominent in Costa Rica. The main <a href=\"https:\/\/www.sisinternational.com\/de\/losungen\/branding-und-kundenforschungslosungen\/produkttests-marktforschung\/product-testing-for-consumer-products\/medical-device-product-testing-in-nyc\/\" title=\"Medical Device Product Testing in NYC\"  data-wpil-monitor-id=\"7864\">products are medical<\/a>, electrical, and aerospace devices. It also produces jewelry, clothing, and food products. It is also known for cheese factories and sawmills.<\/p>\n\n\n\n<p>Tourism is a leading sector. It is also the fastest-growing. Many visit because of the country\u2019s natural beauty and attractions. The government is taking measures to develop this sector further.<\/p>\n\n\n\n<h2 class=\"wp-block-heading\">Nachbarschaften<\/h2>\n\n\n\n<p>San Jos\u00e9 ist die Hauptstadt und gr\u00f6\u00dfte Stadt Costa Ricas. Sie ist reich an Kultur und Geschichte und begr\u00fc\u00dft jeden Tag viele Besucher. Sie ist voller freundlicher Menschen und fantastischer Attraktionen und bietet gesch\u00e4ftige N\u00e4chte und ruhige, warme Tage. Live-Bars und Restaurants sind ein Genuss.<\/p>\n\n\n\n<p>Puerto Lim\u00f3n is the second-largest city in Costa Rica and the most important port for the country. It offers many attractions, such as a volcano, a beach, and parks. Puerto Lim\u00f3n is also famous for its cashew wine, which the locals produce themselves. It houses many bars and restaurants. You will also find a few open-air markets to explore.<\/p>\n\n\n\n<p>Alajuela ist der \u201eperfekte Sommerurlaubsort\u201c. Es ist auch als \u201eStadt der Mangos\u201c bekannt. Die Landwirtschaft von Alajuela macht es einzigartig. Die Einheimischen bauen Wurzeln, Kaffee und Reis an und ernten auch Zuckerrohr, Mais und Bananen. Diese Stadt ist reich an Bauernleben.<\/p>\n\n\n\n<h2 class=\"wp-block-heading\">Trends<\/h2>\n\n\n\n<p>Technology is a growing trend in Costa Rica. Thus, it produces many devices. Because of the recent pandemic, this need has increased. The need for social distancing has raised e-commerce rates. Costa Ricans are turning toward tech to help with daily life tasks. Consumers are finding it easier to shop online than head to physical stores. So, online retail <a href=\"https:\/\/www.sisinternational.com\/de\/fuhrendes-unternehmen-zur-uberwachung-von-b2b-markttrends\/\" title=\"F\u00fchrendes Unternehmen zur \u00dcberwachung von B2B-Markttrends\"  data-wpil-monitor-id=\"7860\">markets take advantage of this trend<\/a>. E-commerce increases ease in shopping for the consumer.<\/p>\n\n\n\n<h2 class=\"wp-block-heading\">Verbraucherbasis<\/h2>\n\n\n\n<p>Costa Rica is a growing economy, and the <a href=\"https:\/\/www.sisinternational.com\/de\/billigflieger-in-der-luftfahrtindustrie\/\" title=\"Marktforschung f\u00fcr Billigflieger\"  data-wpil-monitor-id=\"7862\">cost of living is low<\/a>. Most of the people are middle-class. The people are open to new <a href=\"https:\/\/www.sisinternational.com\/de\/losungen\/geschmackstest\/product-testing-for-companies\/\" title=\"Product Testing for Companies\"  data-wpil-monitor-id=\"7865\">companies and products<\/a>. They know about foreign trends, and they value good product quality. Costa Ricans love good product promotion, and it ensures the sale of products. They show brand loyalty to products they already know. When brands do not promote their products, consumers tend not to buy. If the consumer base is not happy, the business will fail.<\/p>\n\n\n\n<h2 class=\"wp-block-heading\">Gr\u00fcnde, Ihr Gesch\u00e4ft auf dem Markt auszubauen<\/h2>\n\n\n\n<p>Costa Rica hat viele St\u00e4rken. Es hat eine perfekte Lage in der Mitte des amerikanischen Kontinents. Dadurch hat es einen ausgezeichneten Marktzugang. Das Land hat H\u00e4fen sowohl an der Pazifik- als auch an der Atlantikk\u00fcste. Costa Rica hat eine hohe Alphabetisierungsrate. Es bietet auch niedrige Steuers\u00e4tze, was das Land f\u00fcr Investoren interessanter macht. Die Investoren zahlen Steuern auf der Grundlage ihres Einkommens, was insbesondere f\u00fcr Neueinsteiger auf dem Markt ein gro\u00dfer Vorteil ist. Es ist einfach, hier ein Unternehmen zu gr\u00fcnden, und das Land ist reif f\u00fcr Investitionen.<\/p>\n\n\n\n<h2 class=\"wp-block-heading\">\u00dcber die Forschung in Costa Rica<\/h2>\n\n\n\n<p>Costa Rica is a growing economy. <a href=\"https:\/\/www.sisinternational.com\/de\/abdeckung\/die-amerikaner\/usa-berichterstattung\/\" title=\"Marktforschung in den USA\"  data-wpil-monitor-id=\"7859\">Marktforschung<\/a> is vital to look at the state of the economy. It\u2019s essential to carry out Qualitative, Quantitative, and Strategy research. <a href=\"https:\/\/www.sisinternational.com\/de\/losungen\/fokusgruppen-marktforschung\/\" title=\"Fokusgruppe Marktforschung\"  data-wpil-monitor-id=\"7858\">Market Research can also involve Focus Groups<\/a> and Interviews. We also use <a href=\"https:\/\/www.sisinternational.com\/de\/losungen\/qualitative-quantitative-forschungslosungen\/umfrage-marktforschung\/\" title=\"Umfrage Marktforschung\"  data-wpil-monitor-id=\"7863\">Surveys in our research<\/a> efforts. Contact us today for a consultation.<\/p>\n\n\n\n<p><\/p>","protected":false},"excerpt":{"rendered":"<p>Entdecken Sie, wie Sie Ihr Unternehmen mit Marktforschung in Costa Rica ausbauen k\u00f6nnen.<\/p>","protected":false},"author":1,"featured_media":66240,"parent":14351,"menu_order":8,"comment_status":"closed","ping_status":"closed","template":"","meta":{"footnotes":""},"class_list":["post-38450","page","type-page","status-publish","has-post-thumbnail"],"_links":{"self":[{"href":"https:\/\/www.sisinternational.com\/de\/wp-json\/wp\/v2\/pages\/38450","targetHints":{"allow":["GET"]}}],"collection":[{"href":"https:\/\/www.sisinternational.com\/de\/wp-json\/wp\/v2\/pages"}],"about":[{"href":"https:\/\/www.sisinternational.com\/de\/wp-json\/wp\/v2\/types\/page"}],"author":[{"embeddable":true,"href":"https:\/\/www.sisinternational.com\/de\/wp-json\/wp\/v2\/users\/1"}],"replies":[{"embeddable":true,"href":"https:\/\/www.sisinternational.com\/de\/wp-json\/wp\/v2\/comments?post=38450"}],"version-history":[{"count":5,"href":"https:\/\/www.sisinternational.com\/de\/wp-json\/wp\/v2\/pages\/38450\/revisions"}],"predecessor-version":[{"id":81325,"href":"https:\/\/www.sisinternational.com\/de\/wp-json\/wp\/v2\/pages\/38450\/revisions\/81325"}],"up":[{"embeddable":true,"href":"https:\/\/www.sisinternational.com\/de\/wp-json\/wp\/v2\/pages\/14351"}],"wp:featuredmedia":[{"embeddable":true,"href":"https:\/\/www.sisinternational.com\/de\/wp-json\/wp\/v2\/media\/66240"}],"wp:attachment":[{"href":"https:\/\/www.sisinternational.com\/de\/wp-json\/wp\/v2\/media?parent=38450"}],"curies":[{"name":"wp","href":"https:\/\/api.w.org\/{rel}","templated":true}]}}