{"id":38446,"date":"2021-08-19T03:28:13","date_gmt":"2021-08-19T03:28:13","guid":{"rendered":"https:\/\/www.sisinternational.com\/?page_id=38446"},"modified":"2025-09-14T19:11:00","modified_gmt":"2025-09-14T23:11:00","slug":"cannabis-marktforschung","status":"publish","type":"page","link":"https:\/\/www.sisinternational.com\/de\/sachverstand\/cannabis-marktforschung\/","title":{"rendered":"Cannabis-Marktforschung"},"content":{"rendered":"<h1 class=\"wp-block-heading\">Cannabis-Marktforschung<\/h1>\n\n\n\n<figure class=\"gb-block-image gb-block-image-fb5aba94\"><img loading=\"lazy\" decoding=\"async\" width=\"1456\" height=\"816\" class=\"gb-image gb-image-fb5aba94\" src=\"https:\/\/www.sisinternational.com\/wp-content\/uploads\/2025\/08\/Cannabis-3.jpg\" alt=\"SIS International Marktforschung &amp; Strategie\" title=\"Cannabis (3)\" srcset=\"https:\/\/www.sisinternational.com\/wp-content\/uploads\/2025\/08\/Cannabis-3.jpg 1456w, https:\/\/www.sisinternational.com\/wp-content\/uploads\/2025\/08\/Cannabis-3-300x168.jpg 300w, https:\/\/www.sisinternational.com\/wp-content\/uploads\/2025\/08\/Cannabis-3-1024x574.jpg 1024w, https:\/\/www.sisinternational.com\/wp-content\/uploads\/2025\/08\/Cannabis-3-768x430.jpg 768w, https:\/\/www.sisinternational.com\/wp-content\/uploads\/2025\/08\/Cannabis-3-18x10.jpg 18w\" sizes=\"auto, (max-width: 1456px) 100vw, 1456px\"><\/figure>\n\n\n\n<p><\/p>\n\n\n\n<h2 class=\"wp-block-heading\">Was ist CBD<\/h2>\n\n\n\n<p>CBD ist Cannabidiol, ein chemischer Stoff in der Pflanze Cannabis sativa. Diese Pflanze ist auch als Cannabis oder Hanf bekannt. Marihuana und Hanf sind die beiden Cannabisarten, wobei Marihuana viel THC und wenig CBD enth\u00e4lt. Wissenschaftler z\u00fcchten Hanf, um den gr\u00f6\u00dften Teil des THC zu entfernen. Die chemische Struktur von CBD verursacht nicht unbedingt ein \u201eHigh\u201c. Es beeinflusst den K\u00f6rper auf andere Weise. Dieses \u201eHigh\u201c kommt von der Verbindung \u201eTHC\u201c. Im Gegensatz dazu verlangsamt CBD die Reaktionen des K\u00f6rpers und beruhigt und entspannt den Benutzer. Viele verwenden CBD als entz\u00fcndungshemmendes und antioxidatives Mittel.<\/p>\n\n\n\n<p>Der <a href=\"https:\/\/www.sisinternational.com\/de\/billigflieger-in-der-luftfahrtindustrie\/\" title=\"Marktforschung f\u00fcr Billigflieger\"  data-wpil-monitor-id=\"7813\">global CBD market<\/a> had a value of US$553.7 million in 2020. Experts expect it to increase tenfold over the <a href=\"https:\/\/www.sisinternational.com\/de\/sachverstand\/branchen\/automobilmarktforschung\/zukunft-der-elektrofahrzeuge-in-den-usa\/\" title=\"The Future of Electric Vehicles in the USA &#8211; The Next 5 Years\"  data-wpil-monitor-id=\"7816\">next few years<\/a>.<\/p>\n\n\n\n<p>Die FDA hat k\u00fcrzlich Epidiolex zugelassen. Dieses Medikament ist das erste, das aus Cannabis gewonnen wird. Es enth\u00e4lt auch CBD. Einzelh\u00e4ndler verkaufen CBD in \u00d6len, Mundsprays und Cremes. Sie finden es auch in Pillen und Esswaren.<\/p>\n\n\n\n<p>More people are getting into the use of CBD. They seek the benefits without the \u2018high.\u2019 Many parents, \u2018boomers\u2019, and white-collar workers use it. CBD is already legal in many states of America. This fact makes the CBD market an important one in the world.<\/p>\n\n\n\n<h2 class=\"wp-block-heading\">Warum Cannabis eine Wachstumsbranche ist<\/h2>\n\n\n\n<p>The cannabis industry is one of the fastest-growing in recent times. It has also received much support. Renowned investors and government officials alike are touting its benefits. The plant serves both medicinal and recreational purposes. The Covid-19 pandemic with its lockdowns caused sales of cannabis to increase to a great extent. Another reason for the runaway growth is the fact that more people are <a href=\"https:\/\/www.sisinternational.com\/de\/global-beverage-market\/\" title=\"Global Beverage Market: Market Dynamics, Growth Projections &amp; Consumer Insights\"  data-wpil-monitor-id=\"7819\">consuming<\/a> cannabis than ever before.<\/p>\n\n\n\n<p>Der Cannabismarkt hatte im Jahr 2020 einen Wert von etwa $20,5 Milliarden US-Dollar. Experten erwarten, dass er sich sehr bald vervierfachen wird. Das Wachstum dieser Branche ist auch auf die zunehmende Legalisierung von Cannabis zur\u00fcckzuf\u00fchren. Das Kraut ist mittlerweile in den meisten Staaten legal. Die meisten Cannabiskonsumenten haben einen Job. Eine funktionierende Verbraucherbasis wird das Wachstum der Branche mit Sicherheit aufrechterhalten.<\/p>\n\n\n\n<p>Cannabis ist auch deshalb eine Wachstumsbranche, weil es neu ist. Man muss nicht viel tun, um darin einzusteigen. Schulen bringen Sch\u00fclern mehr \u00fcber Cannabis bei und die Branche schafft mehr Arbeitspl\u00e4tze. Es ist eine stabile Branche, die nicht so schnell verschwinden wird.<\/p>\n\n\n\n<h2 class=\"wp-block-heading\">Was sind Adaptogene<\/h2>\n\n\n\n<figure class=\"gb-block-image gb-block-image-8e5c6aaa\"><img loading=\"lazy\" decoding=\"async\" width=\"1456\" height=\"816\" class=\"gb-image gb-image-8e5c6aaa\" src=\"https:\/\/www.sisinternational.com\/wp-content\/uploads\/2025\/08\/Cannabis-1.jpg\" alt=\"SIS International Marktforschung &amp; Strategie\" title=\"Cannabis (1)\" srcset=\"https:\/\/www.sisinternational.com\/wp-content\/uploads\/2025\/08\/Cannabis-1.jpg 1456w, https:\/\/www.sisinternational.com\/wp-content\/uploads\/2025\/08\/Cannabis-1-300x168.jpg 300w, https:\/\/www.sisinternational.com\/wp-content\/uploads\/2025\/08\/Cannabis-1-1024x574.jpg 1024w, https:\/\/www.sisinternational.com\/wp-content\/uploads\/2025\/08\/Cannabis-1-768x430.jpg 768w, https:\/\/www.sisinternational.com\/wp-content\/uploads\/2025\/08\/Cannabis-1-18x10.jpg 18w\" sizes=\"auto, (max-width: 1456px) 100vw, 1456px\"><\/figure>\n\n\n\n<p><\/p>\n\n\n\n<p>Adaptogene sind empfindliche Pflanzen. Die Natur hat diese Pflanzen so konzipiert, dass sie bei emotionalem und k\u00f6rperlichem Stress helfen. Sie stammen aus der asiatischen Kultur. Sie verlangsamen K\u00f6rpersysteme, die \u00fcberlastet sind. Sie beschleunigen diese Systeme auch, wenn sie tr\u00e4ge sind. Es gibt viele verschiedene Adaptogene, aber wir konzentrieren uns auf Cannabis. Obwohl es nicht unbedingt als Adaptogen gilt, weist es die gleichen Eigenschaften auf.<\/p>\n\n\n\n<p>Cannabis hilft Patienten, mit PTBS aufgrund traumatischer Ereignisse umzugehen. Dies geschieht, indem es die Kampf-oder-Flucht-Reaktion unseres K\u00f6rpers kontrolliert. Es ist auch eine sicherere Option f\u00fcr Personen mit Alkoholproblemen. Cannabis hilft, das Risiko einer Alzheimer-Erkrankung zu verringern. Die Pflanze bek\u00e4mpft auch Diabetes, Krebs, Glaukom, Depressionen und chronische Schmerzen.<\/p>\n\n\n\n<p>Die Menschen distanzieren sich zunehmend vom Cannabis-Stigma. Cannabis ist nicht mehr nur etwas f\u00fcr \u201eKiffer\u201c. Sie beginnen, die lebenslangen Vorteile von Cannabis zu erkennen, einer Pflanze, die es schon seit Jahrhunderten gibt.<\/p>\n\n\n\n<h2 class=\"wp-block-heading\">Legalisierung<\/h2>\n\n\n\n<p>Die Legalisierung von Cannabis ist seit vielen Jahren ein Trendthema. Viele sind daf\u00fcr, viele sind dagegen. Die meisten sehen in der Legalisierung von Cannabis einen Grund f\u00fcr m\u00f6glichen Missbrauch. Die Legalisierung von Cannabis sowohl f\u00fcr den Freizeitgebrauch als auch f\u00fcr Erwachsene hat ihre Vorteile. Sie erh\u00f6ht das Besch\u00e4ftigungswachstum, die Investitionen und die Steuereinnahmen.<\/p>\n\n\n\n<p>The legalization of cannabis is also essential for scientists. They believe that it could help develop cannabis-based medical treatments. This legalization also helps the judicial system. It saves money to tackle serious criminals. It also decreases jail time for these non-violent crimes. Besides, it drives cartels and street gangs out of business. It reduces the violent actions caused by these groups. It also helps the cannabis industry to flourish.<\/p>\n\n\n\n<p>Only a few countries have made the use of cannabis for recreation legal. Still, the penalties for its usage and sale have decreased. It makes it easier to <a href=\"https:\/\/www.sisinternational.com\/de\/unternehmensgrundung-in-der-turkei\/\" title=\"Unternehmensgr\u00fcndung in der T\u00fcrkei\"  data-wpil-monitor-id=\"7817\">set up more cannabis businesses<\/a> and trade. Investors are also taking note of this.<\/p>\n\n\n\n<h2 class=\"wp-block-heading\">Warum Marktforschung wichtig ist<\/h2>\n\n\n\n<p>Companies wishing to enter the cannabis industry will need to carry out <a href=\"https:\/\/www.sisinternational.com\/de\/sachverstand\/lebenslaufe\/lebenslauf-mit-berufserfahrung-in-der-chemie-und-energiebranche\/\" title=\"Chemie- und Energiemarktforschungsunternehmen\"  data-wpil-monitor-id=\"7814\">Marktforschung<\/a>. It is a new industry. There are still many problems within that have to be fixed. There is also a need to educate investors about the benefits and risks of the industry. Investors <a href=\"https:\/\/www.sisinternational.com\/de\/analysis-b2b\/\" title=\"What Business Leaders Need to Know Right Now\"  data-wpil-monitor-id=\"7818\">need to know<\/a> their consumer base. It is the only way to ensure the <a href=\"https:\/\/www.sisinternational.com\/de\/predictive-analytics\/\" title=\"Predictive Analytics: Your Crystal Ball for Business Success\"  data-wpil-monitor-id=\"7815\">success of a business<\/a>.<\/p>\n\n\n\n<p>Ben\u00f6tigen Sie Einblicke in die CBD-Branche? Wir bieten qualitative, quantitative und strategische Forschung. Wir bieten auch Fokusgruppen, Interviews und Umfragen an. Kontaktieren Sie uns noch heute f\u00fcr eine Beratung.<\/p>\n\n\n\n<p><\/p>","protected":false},"excerpt":{"rendered":"<p>SIS ist ein f\u00fchrendes globales Marktforschungsunternehmen. Entdecken Sie, wie Sie Ihr Gesch\u00e4ft mit Cannabis-Marktforschung ausbauen k\u00f6nnen.<\/p>","protected":false},"author":1,"featured_media":63940,"parent":14514,"menu_order":73,"comment_status":"closed","ping_status":"closed","template":"","meta":{"footnotes":""},"class_list":["post-38446","page","type-page","status-publish","has-post-thumbnail"],"_links":{"self":[{"href":"https:\/\/www.sisinternational.com\/de\/wp-json\/wp\/v2\/pages\/38446","targetHints":{"allow":["GET"]}}],"collection":[{"href":"https:\/\/www.sisinternational.com\/de\/wp-json\/wp\/v2\/pages"}],"about":[{"href":"https:\/\/www.sisinternational.com\/de\/wp-json\/wp\/v2\/types\/page"}],"author":[{"embeddable":true,"href":"https:\/\/www.sisinternational.com\/de\/wp-json\/wp\/v2\/users\/1"}],"replies":[{"embeddable":true,"href":"https:\/\/www.sisinternational.com\/de\/wp-json\/wp\/v2\/comments?post=38446"}],"version-history":[{"count":4,"href":"https:\/\/www.sisinternational.com\/de\/wp-json\/wp\/v2\/pages\/38446\/revisions"}],"predecessor-version":[{"id":81319,"href":"https:\/\/www.sisinternational.com\/de\/wp-json\/wp\/v2\/pages\/38446\/revisions\/81319"}],"up":[{"embeddable":true,"href":"https:\/\/www.sisinternational.com\/de\/wp-json\/wp\/v2\/pages\/14514"}],"wp:featuredmedia":[{"embeddable":true,"href":"https:\/\/www.sisinternational.com\/de\/wp-json\/wp\/v2\/media\/63940"}],"wp:attachment":[{"href":"https:\/\/www.sisinternational.com\/de\/wp-json\/wp\/v2\/media?parent=38446"}],"curies":[{"name":"wp","href":"https:\/\/api.w.org\/{rel}","templated":true}]}}