{"id":38438,"date":"2021-08-19T02:57:31","date_gmt":"2021-08-19T02:57:31","guid":{"rendered":"https:\/\/www.sisinternational.com\/?page_id=38438"},"modified":"2026-01-25T16:53:58","modified_gmt":"2026-01-25T21:53:58","slug":"marktforschung-pakistan","status":"publish","type":"page","link":"https:\/\/www.sisinternational.com\/de\/abdeckung\/marktforschung-asien\/marktforschung-pakistan\/","title":{"rendered":"Marktforschung in Pakistan"},"content":{"rendered":"<h1 class=\"wp-block-heading\">Marktforschung in Pakistan<\/h1>\n\n\n\n<figure class=\"gb-block-image gb-block-image-7401f36e\"><img loading=\"lazy\" decoding=\"async\" width=\"1456\" height=\"816\" class=\"gb-image gb-image-7401f36e\" src=\"https:\/\/www.sisinternational.com\/wp-content\/uploads\/2025\/09\/Pakistan-2.jpg\" alt=\"SIS International Marktforschung &amp; Strategie\" title=\"Pakistan (2)\" srcset=\"https:\/\/www.sisinternational.com\/wp-content\/uploads\/2025\/09\/Pakistan-2.jpg 1456w, https:\/\/www.sisinternational.com\/wp-content\/uploads\/2025\/09\/Pakistan-2-300x168.jpg 300w, https:\/\/www.sisinternational.com\/wp-content\/uploads\/2025\/09\/Pakistan-2-1024x574.jpg 1024w, https:\/\/www.sisinternational.com\/wp-content\/uploads\/2025\/09\/Pakistan-2-768x430.jpg 768w, https:\/\/www.sisinternational.com\/wp-content\/uploads\/2025\/09\/Pakistan-2-18x10.jpg 18w\" sizes=\"auto, (max-width: 1456px) 100vw, 1456px\"><\/figure>\n\n\n\n<p><\/p>\n\n\n\n<h3 class=\"wp-block-heading\">Durch die Nutzung von Erkenntnissen aus der Marktforschung k\u00f6nnen Unternehmen ihre Strategien an die Anforderungen eines vielf\u00e4ltigen Marktes anpassen und sicherstellen, dass sie der Konkurrenz immer einen Schritt voraus sind.<\/h3>\n\n\n\n<p>Warum ist Marktforschung heute f\u00fcr den Gesch\u00e4ftserfolg in Pakistan so wichtig? Angesichts der sich schnell \u00e4ndernden Verbraucherpr\u00e4ferenzen und einer dynamischen Wirtschaftslandschaft hilft Marktforschung in Pakistan Unternehmen dabei, neue Chancen zu erkennen und regionale Komplexit\u00e4ten zu meistern.<\/p>\n\n\n\n<h2 class=\"wp-block-heading\">Was ist Marktforschung in Pakistan?<\/h2>\n\n\n\n<p>Market research in Pakistan&nbsp;analyzes data about the local market, consumer preferences, industry trends, and competitive landscape. By conducting thorough market research, businesses can better understand the needs and desires of Pakistani consumers, identify gaps in the market, and develop targeted strategies that cater to specific demographics. Market research helps address issues such as regional disparities, changing consumer habits, and emerging market opportunities.<\/p>\n\n\n\n<h2 class=\"wp-block-heading\">Warum brauchen Unternehmen in Pakistan Marktforschung?<\/h2>\n\n\n\n<p>In Pakistan t\u00e4tige Unternehmen ben\u00f6tigen Marktforschung, um die vielf\u00e4ltige kulturelle und wirtschaftliche Landschaft des Landes zu verstehen. Die Bev\u00f6lkerung Pakistans unterscheidet sich erheblich in Bezug auf Vorlieben und Kaufkraft, und das Verst\u00e4ndnis dieser Unterschiede ist f\u00fcr die Entwicklung erfolgreicher Marketing- und Verkaufsstrategien von entscheidender Bedeutung. Marktforschung hilft Unternehmen auch dabei, neue Chancen zu erkennen, wie etwa Ver\u00e4nderungen im Verbraucherverhalten oder neue Marktsegmente, und erm\u00f6glicht es ihnen, der Konkurrenz einen Schritt voraus zu sein.<\/p>\n\n\n\n<p>Dar\u00fcber hinaus erm\u00f6glicht Marktforschung in Pakistan Unternehmen, Risiken zu mindern, indem sie datengest\u00fctzte Erkenntnisse liefert, die strategische Entscheidungen beeinflussen. Ob es um die Einf\u00fchrung eines neuen Produkts, die Erschlie\u00dfung einer neuen Region oder die Optimierung eines bestehenden Gesch\u00e4ftsmodells geht \u2013 Marktforschung bildet die Grundlage f\u00fcr den Erfolg auf dem dynamischen und sich entwickelnden pakistanischen Markt.<\/p>\n\n\n\n<h2 class=\"wp-block-heading\">Unser aktueller Markt\u00fcberblick und unsere Empfehlungen<\/h2>\n\n\n\n<figure class=\"gb-block-image gb-block-image-ae02e344\"><img loading=\"lazy\" decoding=\"async\" width=\"1456\" height=\"816\" class=\"gb-image gb-image-ae02e344\" src=\"https:\/\/www.sisinternational.com\/wp-content\/uploads\/2025\/09\/Pakistan-3.jpg\" alt=\"SIS International Marktforschung &amp; Strategie\" title=\"Pakistan (3)\" srcset=\"https:\/\/www.sisinternational.com\/wp-content\/uploads\/2025\/09\/Pakistan-3.jpg 1456w, https:\/\/www.sisinternational.com\/wp-content\/uploads\/2025\/09\/Pakistan-3-300x168.jpg 300w, https:\/\/www.sisinternational.com\/wp-content\/uploads\/2025\/09\/Pakistan-3-1024x574.jpg 1024w, https:\/\/www.sisinternational.com\/wp-content\/uploads\/2025\/09\/Pakistan-3-768x430.jpg 768w, https:\/\/www.sisinternational.com\/wp-content\/uploads\/2025\/09\/Pakistan-3-18x10.jpg 18w\" sizes=\"auto, (max-width: 1456px) 100vw, 1456px\"><\/figure>\n\n\n\n<p><\/p>\n\n\n\n<p>Wir empfehlen Unternehmen, sich auf die Nutzung digitaler Kan\u00e4le zu konzentrieren, um die zunehmend technisch versierte Bev\u00f6lkerung zu erreichen. Mit der zunehmenden Verbreitung von Internet und Smartphones bieten sich Unternehmen erhebliche M\u00f6glichkeiten, \u00fcber Online-Plattformen und E-Commerce mit Verbrauchern in Kontakt zu treten. Dar\u00fcber hinaus halten wir es f\u00fcr unerl\u00e4sslich, dass Unternehmen ihre Produkte und Dienstleistungen an die spezifischen Bed\u00fcrfnisse verschiedener Regionen in Pakistan anpassen, da das Verbraucherverhalten im ganzen Land sehr unterschiedlich sein kann.<\/p>\n\n\n\n<h2 class=\"wp-block-heading\">Nachbarschaften<\/h2>\n\n\n\n<p>Pakistan ist ein kultureller Schmelztiegel, in dem Bhangra-Volkstanz, Bhangra-Musik und Cricket beliebt sind. Dennoch gibt es einige Konflikte, viele davon religi\u00f6ser Natur, die Anlass zur Sorge geben. Au\u00dferdem wachsen die Gro\u00dfst\u00e4dte. Menschen ziehen ins Land, was Arbeitspl\u00e4tze abnimmt. Diese Abwanderung verursacht auch Probleme im Gesundheits- und Sozialwesen.<\/p>\n\n\n\n<p>Islamabad ist die Hauptstadt. Bekannt als \u201eStadt des Friedens\u201c, ist sie das Herz der Kultur, Kunst und Geschichte. Zwischen modernen Geb\u00e4uden werden neue H\u00e4user gebaut. Der Basar in dieser Stadt ist der Mittelpunkt des Lebens. Die St\u00e4nde sind voll mit Gew\u00fcrzen, Schmuck, Trockenfr\u00fcchten, Fisch, Kleidung und Waren aller Art.<\/p>\n\n\n\n<p>Karatschi ist die Hauptstadt der Provinz Sindh und das Finanzzentrum des Landes. Es ist auch ein f\u00fchrendes Zentrum f\u00fcr Handel und Industrie und produziert Textilien, Holz und M\u00f6bel. Karatschi hat einen Flughafen.<\/p>\n\n\n\n<p>In Karatschi gibt es florierende Heimindustrien in den Bereichen Kunsthandwerk, T\u00f6pferei, Gold- und Silbergravur und Stickereien. Die Menschen dort betreiben auch andere Metallarbeiten, stellen Teppiche her und fertigen Lederwaren, Stoffe und Spitzen.<\/p>\n\n\n\n<h2 class=\"wp-block-heading\">Trends<\/h2>\n\n\n\n<p>Etwa zwei Drittel der Bev\u00f6lkerung Pakistans sind unter 30 Jahre alt. Au\u00dferdem ist das Land von Armut betroffen und viele Menschen k\u00f6nnen weder lesen noch schreiben. Terroristen sind immer noch eine Bedrohung und Korruption ist ebenfalls weit verbreitet.<\/p>\n\n\n\n<p>Dar\u00fcber hinaus herrscht im Land Nahrungsmittelknappheit, ein hoher Bedarf an sauberem Wasser und medizinischer Versorgung sowie schlechte Wohn- und Lebensbedingungen in vielen l\u00e4ndlichen Gebieten.<\/p>\n\n\n\n<p>Etwa 8 Millionen Einwanderer leben im Land, aber Millionen seiner B\u00fcrger leben und arbeiten im Ausland. Da so viele Fl\u00fcchtlinge ins Land kommen, entstehen Elendsviertel wie Pilze aus dem Boden.<\/p>\n\n\n\n<h2 class=\"wp-block-heading\">Schl\u00fcsselindustrien<\/h2>\n\n\n\n<p>Pakistans Wirtschaft ist vielf\u00e4ltig. Mehrere Schl\u00fcsselindustrien treiben das Wachstum voran und schaffen Gesch\u00e4ftsm\u00f6glichkeiten. Marktforschungen in Pakistan haben die Bedeutung dieser Industrien und ihrer f\u00fchrenden Akteure hervorgehoben. Dazu geh\u00f6ren:<\/p>\n\n\n\n<ul class=\"wp-block-list\">\n<li><p><strong>Textilindustrie<\/strong>: Einer der gr\u00f6\u00dften Beitragszahler zu Pakistans Exporten, wobei Unternehmen wie Nishat Mills und Gul Ahmed den Ma\u00dfstab f\u00fcr Erfolg setzen.<\/p><\/li>\n\n\n\n<li><p><span style=\"box-sizing: border-box; margin: 0px; padding: 0px;\"><strong>Landwirtschaft<\/strong>: Es bietet Arbeitspl\u00e4tze und unterst\u00fctzt Unternehmen wie Engro Fertilizers und Fauji Foods.<\/span><\/p><\/li>\n\n\n\n<li><p><strong>Informationstechnologie<\/strong>: Dieser Sektor w\u00e4chst schnell und Unternehmen wie NetSol Technologies und Systems Limited gewinnen sowohl lokal als auch international an Bedeutung.<\/p><\/li>\n\n\n\n<li><p><strong>Herstellung<\/strong>: Dieser Sektor umfasst Automobile und Konsumg\u00fcter und wird durch die steigende Inlandsnachfrage und internationale Investitionen angetrieben. Zu den f\u00fchrenden Akteuren z\u00e4hlen Pak Suzuki Motors und Atlas Honda.<\/p><\/li>\n\n\n\n<li><p><strong>Finanzdienstleistungen<\/strong>: Der Banken- und Finanzsektor mit Institutionen wie der Habib Bank Limited (HBL) und der United Bank Limited (UBL) unterst\u00fctzt das Wirtschaftswachstum, indem er Investitionen und Transaktionen erleichtert.<\/p><\/li>\n\n\n\n<li><p><strong>Telekommunikation<\/strong>: Mit Unternehmen wie Jazz und Telenor spielt die Telekommunikationsbranche eine Schl\u00fcsselrolle bei der digitalen Konnektivit\u00e4t und der wirtschaftlichen Entwicklung.<\/p><\/li>\n<\/ul>\n\n\n\n<p>\u2026 Und Pakistans wichtigste Exportpartner sind:<\/p>\n\n\n\n<ul class=\"wp-block-list\">\n<li>China<\/li>\n\n\n\n<li>Vereinigte Arabische Emirate<\/li>\n\n\n\n<li>Afghanistan<\/li>\n\n\n\n<li>Die Vereinigten Staaten von Amerika<\/li>\n\n\n\n<li>Saudi-Arabien<\/li>\n<\/ul>\n\n\n\n<h2 class=\"wp-block-heading\">Chancen in Pakistan<\/h2>\n\n\n\n<figure class=\"gb-block-image gb-block-image-cd55a87f\"><img loading=\"lazy\" decoding=\"async\" width=\"1456\" height=\"816\" class=\"gb-image gb-image-cd55a87f\" src=\"https:\/\/www.sisinternational.com\/wp-content\/uploads\/2025\/09\/Pakistan-4.jpg\" alt=\"SIS International Marktforschung &amp; Strategie\" title=\"Pakistan (4)\" srcset=\"https:\/\/www.sisinternational.com\/wp-content\/uploads\/2025\/09\/Pakistan-4.jpg 1456w, https:\/\/www.sisinternational.com\/wp-content\/uploads\/2025\/09\/Pakistan-4-300x168.jpg 300w, https:\/\/www.sisinternational.com\/wp-content\/uploads\/2025\/09\/Pakistan-4-1024x574.jpg 1024w, https:\/\/www.sisinternational.com\/wp-content\/uploads\/2025\/09\/Pakistan-4-768x430.jpg 768w, https:\/\/www.sisinternational.com\/wp-content\/uploads\/2025\/09\/Pakistan-4-18x10.jpg 18w\" sizes=\"auto, (max-width: 1456px) 100vw, 1456px\"><\/figure>\n\n\n\n<p><\/p>\n\n\n\n<p>Marktforschungen in Pakistan haben mehrere Bereiche mit Wachstumspotenzial identifiziert, von denen Unternehmen profitieren k\u00f6nnen. Dazu geh\u00f6ren die schnell wachsende digitale Wirtschaft, die steigende Kaufkraft der Verbraucher und die fortlaufende Entwicklung von Infrastrukturprojekten.<\/p>\n\n\n\n<ul class=\"wp-block-list\">\n<li><p><strong>Wachstum der digitalen Wirtschaft<\/strong>: Pakistans digitale Wirtschaft w\u00e4chst aufgrund der zunehmenden Verbreitung von Internet und Smartphones. E-Commerce, Fintech und digitale Dienste sind Bereiche, in denen Unternehmen erhebliche Wachstumschancen finden k\u00f6nnen.<\/p><\/li>\n\n\n\n<li><p><strong>Expansion des Verbrauchermarktes<\/strong>: Pakistans Mittelschicht w\u00e4chst, was zu einer h\u00f6heren Kaufkraft der Verbraucher f\u00fchrt. Dies schafft Chancen f\u00fcr Unternehmen in Sektoren wie Konsumg\u00fctern, Einzelhandel und Unterhaltung.<\/p><\/li>\n\n\n\n<li><p><strong>Entwicklung der Infrastruktur<\/strong>: Staatlich geleitete Infrastrukturprojekte wie Autobahnen, Br\u00fccken und Stadtentwicklung bieten Chancen f\u00fcr Unternehmen im Baugewerbe, im Immobiliensektor und verwandten Branchen.<\/p><\/li>\n\n\n\n<li><p><strong>Initiativen f\u00fcr erneuerbare Energien<\/strong>: There is an increasing focus on renewable energy projects, including solar and wind energy, which offer opportunities for companies involved in energy production and technology.<\/p><\/li>\n\n\n\n<li><p><strong>Modernisierung der Landwirtschaft<\/strong>: Der Agrarsektor ist reif f\u00fcr eine Modernisierung und bietet Agritech-Unternehmen die M\u00f6glichkeit, innovative L\u00f6sungen einzuf\u00fchren, die die Effizienz und den Ertrag steigern.<\/p><\/li>\n<\/ul>\n\n\n\n<h2 class=\"wp-block-heading\">Verbraucherbasis<\/h2>\n\n\n\n<p>Pakistan bietet gute Investitionsaussichten. Der Tourismussektor des Landes d\u00fcrfte bald boomen. Mit seinen malerischen Bergketten, Fl\u00fcssen und T\u00e4lern entwickelt es sich zu einem Hotspot f\u00fcr Abenteuer. Das Land hat das Potenzial, einer der besten Urlaubsorte der Welt zu werden.<\/p>\n\n\n\n<p>Investoren k\u00f6nnen auch den Energiesektor ausbauen, um die Stromversorgung des Landes zu verbessern. Es besteht eine hohe Nachfrage nach Mobiltelefonen und Internetdiensten. Zu den Importg\u00fctern z\u00e4hlen Chemikalien, Kohle, Kraftfahrzeuge, Lebensmittel und raffiniertes \u00d6l. Lokale und ausl\u00e4ndische Partner produzieren Traktoren, Autos und Fahrr\u00e4der.<\/p>\n\n\n\n<p>Pakistan muss auch in kleine Erd\u00f6lreserven investieren. Ein weiterer Bereich, der f\u00fcr Investitionen reif ist, sind die Erdgasfelder des Landes. Bemerkenswert ist auch die Tatsache, dass Pakistan gro\u00dfe Ertr\u00e4ge an Cannabis und Schlafmohn hat.<\/p>\n\n\n\n<h2 class=\"wp-block-heading\">Gr\u00fcnde f\u00fcr den Ausbau Ihres Gesch\u00e4fts in Pakistan<\/h2>\n\n\n\n<p>Pakistan floriert. Nach Jahren der Unruhen erfreut sich das Land eines Wachstums und einer stabilen Regierung. Die Menschen sind freundlich und das tropische Klima ist ideal f\u00fcr den Tourismus. Der Luft- und Stra\u00dfenverkehr ist zuverl\u00e4ssig. Es gibt sogar eine Eisenbahnverbindung zur chinesischen Grenze.<\/p>\n\n\n\n<p>Dar\u00fcber hinaus ist Pakistan eine der am schnellsten wachsenden Volkswirtschaften der Welt. Das Land verf\u00fcgt \u00fcber eine wachsende Mittelschicht und spannende Zukunftsaussichten.<\/p>\n\n\n\n<h2 class=\"wp-block-heading\">Wie die Marktforschung von SIS International in Pakistan Unternehmen hilft<\/h2>\n\n\n\n<p><a href=\"https:\/\/www.linkedin.com\/company\/sisinternationalresearch\/\" target=\"_blank\" rel=\"noopener\"><span style=\"font-weight: 400;\">SIS International<\/span><\/a> helps businesses succeed in Pakistan. By leveraging our in-depth <a href=\"https:\/\/www.sisinternational.com\/de\/abdeckung\/die-amerikaner\/marktforschung-in-der-karibik\/marktforschung-antigua-barbuda\/\" title=\"Marktforschung in Antigua und Barbuda\" data-wpil-monitor-id=\"3805\">market knowledge and research<\/a> capabilities, we assist companies in understanding the local market dynamics, identifying growth opportunities, and mitigating risks.<\/p>\n\n\n\n<ul class=\"wp-block-list\">\n<li><strong>Umfassendes Marktverst\u00e4ndnis<\/strong>: <a href=\"https:\/\/twitter.com\/SISIntlResearch\" target=\"_blank\" rel=\"noopener\"><span style=\"font-weight: 400;\">SIS<\/span><\/a> bietet ein umfassendes Verst\u00e4ndnis der lokalen Marktdynamik und hilft Unternehmen, fundierte Entscheidungen auf der Grundlage realer Daten zu treffen.<\/li>\n\n\n\n<li><strong>Ma\u00dfgeschneiderte Forschungsl\u00f6sungen<\/strong>: Wir bieten ma\u00dfgeschneiderte Forschungsdienste, die auf Ihre spezifischen Gesch\u00e4ftsziele abgestimmt sind und sicherstellen, dass die bereitgestellten Erkenntnisse relevant und umsetzbar sind.<\/li>\n\n\n\n<li><strong>Expertise in verschiedenen Branchen<\/strong>: Dank umfassender Erfahrung in zahlreichen Sektoren bietet SIS branchenspezifische Einblicke, die Unternehmen dabei helfen, wettbewerbsf\u00e4hig zu bleiben und von neuen Trends zu profitieren.<\/li>\n\n\n\n<li><strong>Fortgeschrittene Methoden<\/strong>: Unser Einsatz modernster <a href=\"https:\/\/www.linkedin.com\/pulse\/how-market-research-enables-growth-ruth-stanat-phekf\/\" target=\"_blank\" rel=\"noopener\"><span style=\"font-weight: 400;\">Marktforschung<\/span><\/a> Methoden gew\u00e4hrleisten eine genaue Datenerfassung und -analyse und liefern Unternehmen zuverl\u00e4ssige Erkenntnisse f\u00fcr die strategische Planung.<\/li>\n\n\n\n<li><strong>Risikominimierung<\/strong>: SIS International hilft Unternehmen dabei, potenzielle Risiken zu erkennen und Strategien zu entwickeln, um diese Risiken zu mindern, Unsicherheiten zu reduzieren und die Entscheidungssicherheit zu erh\u00f6hen.<\/li>\n\n\n\n<li><strong>Lokale Markteinblicke<\/strong>: Unsere Vor-Ort-Expertise in Pakistan erm\u00f6glicht es uns, differenzierte lokale Erkenntnisse zu gewinnen und so ein tieferes Verst\u00e4ndnis des Verbraucherverhaltens und der regionalen Markttrends zu erlangen.<\/li>\n\n\n\n<li><strong>Umsetzbare Empfehlungen<\/strong>: Wir gehen \u00fcber die blo\u00dfe Datenerfassung hinaus und liefern umsetzbare Empfehlungen, die Unternehmen dabei helfen, ihre Ziele zu erreichen und das Wachstum auf dem pakistanischen Markt voranzutreiben.<\/li>\n<\/ul>\n\n\n\n<h2 class=\"wp-block-heading\"><strong>\u00dcber SIS International<\/strong><\/h2>\n\n\n\n<p><a href=\"https:\/\/www.sisinternational.com\/de\/\"><span style=\"font-weight: 400;\">SIS International<\/span><\/a><span style=\"font-weight: 400;\"> bietet quantitative, qualitative und strategische Forschung an. Wir liefern Daten, Tools, Strategien, Berichte und Erkenntnisse zur Entscheidungsfindung. Wir f\u00fchren auch Interviews, Umfragen, Fokusgruppen und andere Methoden und Ans\u00e4tze der Marktforschung durch.<\/span><a href=\"https:\/\/www.sisinternational.com\/de\/uber-sis-international-research\/contact-sis-international-market-research\/\"><span style=\"font-weight: 400;\"> Kontakt<\/span><\/a><span style=\"font-weight: 400;\"> f\u00fcr Ihr n\u00e4chstes Marktforschungsprojekt.<\/span><\/p>\n\n\n\n<p><\/p>","protected":false},"excerpt":{"rendered":"<p>Entdecken Sie, wie Sie Ihr Unternehmen mit Marktforschung in Pakistan ausbauen k\u00f6nnen.<\/p>","protected":false},"author":1,"featured_media":65580,"parent":14508,"menu_order":31,"comment_status":"closed","ping_status":"closed","template":"","meta":{"footnotes":""},"class_list":["post-38438","page","type-page","status-publish","has-post-thumbnail"],"_links":{"self":[{"href":"https:\/\/www.sisinternational.com\/de\/wp-json\/wp\/v2\/pages\/38438","targetHints":{"allow":["GET"]}}],"collection":[{"href":"https:\/\/www.sisinternational.com\/de\/wp-json\/wp\/v2\/pages"}],"about":[{"href":"https:\/\/www.sisinternational.com\/de\/wp-json\/wp\/v2\/types\/page"}],"author":[{"embeddable":true,"href":"https:\/\/www.sisinternational.com\/de\/wp-json\/wp\/v2\/users\/1"}],"replies":[{"embeddable":true,"href":"https:\/\/www.sisinternational.com\/de\/wp-json\/wp\/v2\/comments?post=38438"}],"version-history":[{"count":5,"href":"https:\/\/www.sisinternational.com\/de\/wp-json\/wp\/v2\/pages\/38438\/revisions"}],"predecessor-version":[{"id":77993,"href":"https:\/\/www.sisinternational.com\/de\/wp-json\/wp\/v2\/pages\/38438\/revisions\/77993"}],"up":[{"embeddable":true,"href":"https:\/\/www.sisinternational.com\/de\/wp-json\/wp\/v2\/pages\/14508"}],"wp:featuredmedia":[{"embeddable":true,"href":"https:\/\/www.sisinternational.com\/de\/wp-json\/wp\/v2\/media\/65580"}],"wp:attachment":[{"href":"https:\/\/www.sisinternational.com\/de\/wp-json\/wp\/v2\/media?parent=38438"}],"curies":[{"name":"wp","href":"https:\/\/api.w.org\/{rel}","templated":true}]}}