{"id":38424,"date":"2021-08-19T01:28:50","date_gmt":"2021-08-19T01:28:50","guid":{"rendered":"https:\/\/www.sisinternational.com\/?page_id=38424"},"modified":"2025-09-14T19:42:24","modified_gmt":"2025-09-14T23:42:24","slug":"marktforschung-irak","status":"publish","type":"page","link":"https:\/\/www.sisinternational.com\/de\/abdeckung\/marktforschung-mittlerer-osten\/marktforschung-irak\/","title":{"rendered":"Marktforschung im Irak"},"content":{"rendered":"<h1 class=\"wp-block-heading\">Marktforschung im Irak<\/h1>\n\n\n\n<figure class=\"gb-block-image gb-block-image-28003950\"><img loading=\"lazy\" decoding=\"async\" width=\"1456\" height=\"816\" class=\"gb-image gb-image-28003950\" src=\"https:\/\/www.sisinternational.com\/wp-content\/uploads\/2025\/08\/Iraq-2.jpg\" alt=\"SIS International Marktforschung &amp; Strategie\" title=\"Iraq (2)\" srcset=\"https:\/\/www.sisinternational.com\/wp-content\/uploads\/2025\/08\/Iraq-2.jpg 1456w, https:\/\/www.sisinternational.com\/wp-content\/uploads\/2025\/08\/Iraq-2-300x168.jpg 300w, https:\/\/www.sisinternational.com\/wp-content\/uploads\/2025\/08\/Iraq-2-1024x574.jpg 1024w, https:\/\/www.sisinternational.com\/wp-content\/uploads\/2025\/08\/Iraq-2-768x430.jpg 768w, https:\/\/www.sisinternational.com\/wp-content\/uploads\/2025\/08\/Iraq-2-18x10.jpg 18w\" sizes=\"auto, (max-width: 1456px) 100vw, 1456px\"><\/figure>\n\n\n\n<hr class=\"wp-block-separator has-alpha-channel-opacity is-style-dots\"\/>\n\n\n\n<p><span style=\"font-weight: 400;\">Haben Sie sich schon einmal \u00fcber das ungenutzte Potenzial des irakischen Marktes gewundert? Mit seiner reichen Geschichte, vielf\u00e4ltigen Bev\u00f6lkerungsstruktur und sich entwickelnden Wirtschaft bietet der Irak unz\u00e4hlige M\u00f6glichkeiten f\u00fcr Unternehmen. Mit strategischer Marktforschung im Irak k\u00f6nnen globale Unternehmen von diesem wachsenden Markt profitieren.<\/span><\/p>\n\n\n\n<h2 class=\"wp-block-heading\"><strong>Was ist Marktforschung im Irak?<\/strong><\/h2>\n\n\n\n<p><span style=\"font-weight: 400;\">Die Marktforschung im Irak analysiert Daten zum irakischen Markt, um Erkenntnisse zum Verbraucherverhalten, Markttrends, Strategien der Konkurrenz und Gesch\u00e4ftsm\u00f6glichkeiten zu gewinnen.&nbsp;<\/span><\/p>\n\n\n\n<p><span style=\"font-weight: 400;\">Market research in Iraq aims to provide businesses with actionable insights and strategic recommendations that enable informed decision-making and market entry strategies. Actually, by understanding the Iraqi market landscape, including regulatory frameworks, cultural nuances, and consumer preferences, businesses can mitigate risks, identify growth opportunities, and optimize their <a href=\"https:\/\/www.sisinternational.com\/de\/der-globale-talentmangel-ein-whitepaper-von-ruth-stanat\/\" title=\"Talent Management Marktforschung\"  data-wpil-monitor-id=\"11116\">market penetration strategies<\/a> effectively.<\/span><\/p>\n\n\n\n<h2 class=\"wp-block-heading\"><strong>Warum brauchen Unternehmen Marktforschung im Irak?<\/strong><\/h2>\n\n\n\n<p><span style=\"font-weight: 400;\">Marktforschung im Irak deckt ungenutzte M\u00f6glichkeiten auf dem irakischen Markt auf, darunter aufkommende Verbrauchertrends, Nischenm\u00e4rkte und unerf\u00fcllte Bed\u00fcrfnisse. Durch die Analyse von Marktdaten und Verbrauchererkenntnissen k\u00f6nnen Unternehmen Marktl\u00fccken identifizieren und innovative Produkte oder Dienstleistungen entwickeln, die bei irakischen Verbrauchern Anklang finden.<\/span><\/p>\n\n\n\n<p><span style=\"font-weight: 400;\">Additionally, market research in Iraq helps businesses assess these risks, identify potential pitfalls, and develop risk mitigation strategies to safeguard their investments and operations in Iraq.<\/span><\/p>\n\n\n\n<p><span style=\"font-weight: 400;\">It also provides valuable insights into market entry barriers, competitive landscape, and consumer preferences, enabling businesses to tailor their strategies for success in Iraq.<\/span><\/p>\n\n\n\n<h2 class=\"wp-block-heading\"><strong>Unser aktueller Markt\u00fcberblick und unsere Empfehlungen<\/strong><\/h2>\n\n\n\n<p><span style=\"font-weight: 400;\">Wir stellen fest, dass sich die irakische Wirtschaft nach Jahren der Konflikte und Instabilit\u00e4t allm\u00e4hlich erholt und w\u00e4chst. Wichtige Sektoren wie \u00d6l und Gas, Bauwesen, Telekommunikation und Einzelhandel treiben die Wirtschaftst\u00e4tigkeit an und ziehen Investitionen an. Die anhaltenden politischen Spannungen, Sicherheitsbedenken und Infrastrukturprobleme wirken sich jedoch weiterhin auf die Marktdynamik aus.<\/span><\/p>\n\n\n\n<p><span style=\"font-weight: 400;\">Trotz aller Herausforderungen bietet der Irak f\u00fcr Unternehmen, die sich in seinen komplexen Gegebenheiten zurechtfinden m\u00fcssen, erhebliches Wachstumspotenzial. Mit einer jungen und wachsenden Bev\u00f6lkerung, zunehmender Urbanisierung und ehrgeizigen Infrastrukturprojekten, die f\u00fcr die Zukunft geplant sind, bietet der irakische Markt vielf\u00e4ltige M\u00f6glichkeiten in verschiedenen Sektoren. Unternehmen sollten die Entwicklungen genau beobachten und ihre Strategien anpassen, um von neuen Trends und Marktver\u00e4nderungen zu profitieren.<\/span><\/p>\n\n\n\n<p><b><i>Potenzieller ROI<\/i><\/b><b>:&nbsp;<\/b><\/p>\n\n\n\n<p><span style=\"font-weight: 400;\">While investing in the Iraqi market presents risks, businesses that approach the market strategically and with a long-term perspective can achieve significant returns on investment. By leveraging market research insights, developing tailored <a href=\"https:\/\/www.sisinternational.com\/de\/losungen\/sis-globales-wachstum\/markteintrittsstrategie\/\" title=\"Markteintrittsberatung\"  data-wpil-monitor-id=\"11114\">Markteintrittsstrategien<\/a>, and building strong local partnerships, businesses can mitigate risks and capitalize on growth opportunities, ultimately maximizing ROI.<\/span><\/p>\n\n\n\n<h2 class=\"wp-block-heading\"><strong>Erwartete Ergebnisse der Marktforschungsdienste von SIS im Irak<\/strong><\/h2>\n\n\n\n<p><span style=\"font-weight: 400;\"><a href=\"https:\/\/www.sisinternational.com\/de\/losungen\/branding-und-kundenforschungslosungen\/produkttests-marktforschung\/sis-internationals-geschmackstest-fur-lebensmittel\/\" title=\"Was SIS International Research zum TOP-Marktforschungsunternehmen f\u00fcr Lebensmittelgeschmackstests in New York City macht\"  data-wpil-monitor-id=\"11117\">SIS International&#8217;s market research<\/a> services in Iraq are designed to deliver tangible results and actionable insights that drive business success. Here&#8217;s what businesses can expect from our services:<\/span><\/p>\n\n\n\n<p><b>Umfassende Markteinblicke<\/b><span style=\"font-weight: 400;\">:&nbsp;<\/span><\/p>\n\n\n\n<p><span style=\"font-weight: 400;\">Durch <\/span><a href=\"https:\/\/twitter.com\/SISIntlResearch\" target=\"_blank\" rel=\"noopener\"><span style=\"font-weight: 400;\">SIS<\/span><\/a><span style=\"font-weight: 400;\"> rigorous research methodologies and in-depth analysis, businesses can expect a comprehensive understanding of the Iraqi market landscape, including consumer behavior, market trends, competitive dynamics, and regulatory environment.&nbsp;<\/span><\/p>\n\n\n\n<p><b>Strategien zur Risikominderung<\/b><span style=\"font-weight: 400;\">:&nbsp;<\/span><\/p>\n\n\n\n<p><span style=\"font-weight: 400;\">Durch die Identifizierung potenzieller Risiken und Herausforderungen auf dem irakischen Markt unterst\u00fctzt SIS International Unternehmen bei der Entwicklung von Risikominderungsstrategien zum Schutz ihrer Investitionen und Gesch\u00e4ftst\u00e4tigkeiten.&nbsp;<\/span><\/p>\n\n\n\n<p><b>Optimierter ROI<\/b><span style=\"font-weight: 400;\">:&nbsp;<\/span><\/p>\n\n\n\n<p><span style=\"font-weight: 400;\">Unser <a href=\"https:\/\/www.sisinternational.com\/de\/losungen\/fintech-strategieberatung-forschung\/marktforschung-fur-finanzdienstleistungen-in-asien\/\" title=\"Marktforschung f\u00fcr Finanzdienstleistungen in Asien\" data-wpil-monitor-id=\"11118\">market research services<\/a> aim to optimize return on investment for businesses operating in Iraq. Providing actionable insights and strategic recommendations, we help companies allocate resources effectively, identify growth opportunities, and maximize ROI in the Iraqi market.<\/span><\/p>\n\n\n\n<p><b>Wettbewerbsvorteil<\/b><span style=\"font-weight: 400;\">:&nbsp;<\/span><\/p>\n\n\n\n<p><span style=\"font-weight: 400;\"><a href=\"https:\/\/www.sisinternational.com\/de\/valentinstag-so-kann-ihr-unternehmen-die-liebe-spuren\/\" title=\"Marktforschung zum Valentinstag: So kann Ihr Unternehmen die Liebe sp\u00fcren\" data-wpil-monitor-id=\"11115\">Businesses that leverage SIS International&#8217;s market research<\/a> services gain a competitive advantage in Iraq&#8217;s marketplace. Our insights enable companies to differentiate themselves from competitors, capitalize on market opportunities, and outperform rivals, ultimately driving sustainable growth and success.<\/span><\/p>\n\n\n\n<h2 class=\"wp-block-heading\">Schl\u00fcsselindustrien<\/h2>\n\n\n\n<p>Die wichtigsten Sektoren sind Landwirtschaft, Dienstleistungen und \u00d6l. Sie alle tragen zur Ankurbelung der Wirtschaft bei.<\/p>\n\n\n\n<p>The oil sector of Iraq plays a vital role in the country\u2019s growth. Oil production and sales contribute a vast amount to increasing the country&#8217;s GDP. This sector also provides the majority of the government\u2019s revenue. Iraq is another gem in the world\u2019s oil market, producing millions of barrels daily and a large portion of the world\u2019s total oil supply.<\/p>\n\n\n\n<p>Agriculture also forms part of the country\u2019s GDP. Another key point about this sector is that it employs a lot of the workforce. Past wars have affected this sector. Still, Iraq has taken measures to rebuild it. It has become more modernized with irrigation systems used in many farms. These advances further increase the amount of produce the country harvests. Wheat, barley, rice, and fruit and vegetables are the primary crops. Iraq is also a large-scale producer and exporter of dates.<\/p>\n\n\n\n<p>Der Dienstleistungssektor ist ein wichtiger Wirtschaftsmotor im Irak. Er umfasst Finanzen, Einzelhandel, Sicherheit, Transport und staatliche Dienstleistungen. Dar\u00fcber hinaus ist es wichtig, die Finanzierungsquelle zu kennen. Die meisten Projekte des Dienstleistungssektors werden mit den Einnahmen aus dem \u00d6lgesch\u00e4ft finanziert.<\/p>\n\n\n\n<h2 class=\"wp-block-heading\"><strong>F\u00fchrende Akteure in Schl\u00fcsselindustrien im Irak<\/strong><\/h2>\n\n\n\n<p><span style=\"font-weight: 400;\">In der dynamischen Gesch\u00e4ftslandschaft des Irak dominieren mehrere f\u00fchrende Akteure die Schl\u00fcsselindustrien und treiben Innovation, Wachstum und Marktwettbewerbsf\u00e4higkeit voran. Hier sind einige der f\u00fchrenden Unternehmen und Marken in den wichtigsten Sektoren des Irak:<\/span><\/p>\n\n\n\n<ul class=\"wp-block-list\">\n<li><b>Irakische Nationale \u00d6lgesellschaft (INOC):<\/b><span style=\"font-weight: 400;\"> Als staatliches Unternehmen, das f\u00fcr den irakischen \u00d6l- und Gassektor verantwortlich ist, spielt INOC eine zentrale Rolle bei der Verwaltung und Erschlie\u00dfung der \u00d6lreserven des Landes.<\/span><\/li>\n\n\n\n<li><b>BP, ExxonMobil, Shell:<\/b><span style=\"font-weight: 400;\"> Internationale \u00d6lkonzerne (IOCs) wie BP, ExxonMobil und Shell sind \u00fcber Partnerschaften und Joint Ventures an verschiedenen Projekten zur \u00d6l- und Gasexploration, -produktion und -entwicklung im Irak beteiligt.<\/span><\/li>\n\n\n\n<li><b>Orascom Bau:<\/b><span style=\"font-weight: 400;\"> Orascom Construction, ein f\u00fchrendes internationales Bauunternehmen, war an mehreren Infrastrukturprojekten im Irak beteiligt, darunter Stra\u00dfen, Br\u00fccken und Versorgungseinrichtungen.<\/span><\/li>\n\n\n\n<li><b>LafargeHolcim:<\/b><span style=\"font-weight: 400;\"> LafargeHolcim, ein weltweit f\u00fchrendes Unternehmen f\u00fcr Baustoffe, bietet Zement- und Betonl\u00f6sungen f\u00fcr Bauprojekte im Irak.<\/span><\/li>\n\n\n\n<li><b>Zain Irak: <\/b><span style=\"font-weight: 400;\">Zain Iraq, eine Tochtergesellschaft der Zain Group, ist einer der f\u00fchrenden Telekommunikationsanbieter im Irak und bietet Millionen von Abonnenten im ganzen Land Mobil- und Datendienste an.<\/span><\/li>\n\n\n\n<li><b>Asienzelle: <\/b><span style=\"font-weight: 400;\">Asiacell, Teil der Ooredoo Group, ist ein weiterer gro\u00dfer Telekommunikationsanbieter im Irak. Er bietet irakischen Verbrauchern Mobilfunk-, Internet- und Mehrwertdienste an.<\/span><\/li>\n\n\n\n<li><b>Carrefour:<\/b><span style=\"font-weight: 400;\"> Carrefour, ein multinationaler Einzelhandelskonzern, betreibt im Irak Hyperm\u00e4rkte und Superm\u00e4rkte und bietet ein breites Spektrum an Konsumg\u00fctern und Haushaltsprodukten.<\/span><\/li>\n\n\n\n<li><b>Jawad Al Kharsa &amp; Co.:<\/b><span style=\"font-weight: 400;\"> Jawad Al Kharsa &amp; Co. ist eine f\u00fchrende Einzelhandelsgruppe im Irak mit einem vielf\u00e4ltigen Portfolio an Einzelhandelsmarken in Sektoren wie Mode, Elektronik und Haushaltsger\u00e4te.<\/span><\/li>\n\n\n\n<li><span style=\"font-weight: 400;\">\u00a0Rotana Hotels, a leading <a href=\"https:\/\/www.sisinternational.com\/de\/losungen\/reise-tourismus-und-gastgewerbeberatung\/hotelmanagementunternehmen-marktforschung-strategieberatung\/\" title=\"Marktforschung und Strategieberatung f\u00fcr Hotelmanagementunternehmen\" data-wpil-monitor-id=\"11121\">hotel management company<\/a>, operates several luxury hotels and resorts in Iraq, catering to business and leisure travelers.<\/span><\/li>\n\n\n\n<li><b>Sheraton Bagdad Hotel:<\/b><span style=\"font-weight: 400;\"> Dieses markante Wahrzeichen der Stadt bietet Reisenden, die die irakische Hauptstadt besuchen, gehobene Unterk\u00fcnfte, Restaurants und Veranstaltungseinrichtungen.<\/span><\/li>\n<\/ul>\n\n\n\n<h2 class=\"wp-block-heading\">Nachbarschaften<\/h2>\n\n\n\n<h3 class=\"wp-block-heading\">Bagdad<\/h3>\n\n\n\n<p>Bagdad ist die Hauptstadt und gr\u00f6\u00dfte Stadt des Irak. Die Stadt ist auch die zweitgr\u00f6\u00dfte in der arabischen Welt und in Westasien. Ihre Lage erm\u00f6glichte ihr Entwicklung und Handel entlang des Tigris. Der Tigris liefert also nicht nur Wasser, um trockenes Klima und D\u00fcrre zu lindern, sondern ist auch ein Handels- und Kulturstandort f\u00fcr die Menschen. Dieser Fluss teilt Bagdad auch in Risafa im Osten und Karkh im Westen. Die Stadt selbst tr\u00e4gt zweifellos zum BIP bei.<\/p>\n\n\n\n<h3 class=\"wp-block-heading\">Basra<\/h3>\n\n\n\n<p>Basra ist die zweitgr\u00f6\u00dfte Stadt im Irak. Sie ist vor allem eine Hafenstadt, profitiert aber auch von der Landwirtschaft. Zahlreiche Fl\u00fcsse und Kan\u00e4le durchziehen die Stadt und dienen der Bew\u00e4sserung. Basras Wirtschaft ist au\u00dferdem von der \u00d6lindustrie abh\u00e4ngig.<\/p>\n\n\n\n<h3 class=\"wp-block-heading\">Hilla<\/h3>\n\n\n\n<p>Hillah liegt in einer landwirtschaftlich gepr\u00e4gten Region im Zentralirak. Sie liegt in der N\u00e4he des Hillah-Arms des Euphrat, in der N\u00e4he der Ruinen des alten Babylon. Diese Stadt ist ein kultureller Spielplatz. Auf den Hillah-Farmen werden Getreide, Obst und Textilien angebaut.<\/p>\n\n\n\n<h2 class=\"wp-block-heading\">Trends<\/h2>\n\n\n\n<p>Some of the major trends happening in Iraq now are real estate and eCommerce. More companies are looking to cement their place in the country and the economy. Thus, they buy long-term office spaces and land. It also allows them to become more engaged with the consumers and people.<\/p>\n\n\n\n<p>Technology is another growing trend in Iraq and the world. When Covid-19 hit, access to many stores was put on hold. As a result, more people are getting involved in e-commerce. <a href=\"https:\/\/www.sisinternational.com\/de\/sachverstand\/branchen\/marktforschung-fur-online-lebensmittellieferungen\/\" title=\"Marktforschung f\u00fcr Online-Lebensmittellieferungen\" data-wpil-monitor-id=\"11124\">Food delivery and online<\/a> grocery shopping had a rapid increase.<\/p>\n\n\n\n<h2 class=\"wp-block-heading\">Vorteile und St\u00e4rken des Marktes<\/h2>\n\n\n\n<p>Der irakische Markt zeichnet sich durch mehrere Vorteile aus: Zum einen ist der Irak einer der weltweit gr\u00f6\u00dften \u00d6llieferanten und eines der Gr\u00fcndungsmitglieder der Organisation erd\u00f6lexportierender L\u00e4nder (OPEC).<\/p>\n\n\n\n<p>Das Land verf\u00fcgt \u00fcber Milliarden Barrel an nachgewiesenen \u00d6lreserven und ist damit einer der gr\u00f6\u00dften Produzenten der Welt.<\/p>\n\n\n\n<p>Eine weitere St\u00e4rke des Marktes ist seine internationale Unterst\u00fctzung. Der Irak erh\u00e4lt weiterhin Unterst\u00fctzung von den Vereinten Nationen.<\/p>\n\n\n\n<p>The country also receives other international financial support, such as the IMF and bilateral loans.<\/p>\n\n\n\n<p>Iraq has a robust labor force because almost two-thirds of the population is under 30. The youth of Iraq are eager to show their creativity in business ventures. The labor force has seen a huge increase compared to recent years. Thus, companies don\u2019t have to search far for talent.<\/p>\n\n\n\n<h2 class=\"wp-block-heading\">Verbraucherbasis<\/h2>\n\n\n\n<p>Iraq&#8217;s consumer base is neither too strong nor too weak. Consumer spending has also been increasing over the years, and the employment rate is likely to increase. Companies need consumer loyalty for their survival. Consumers, on the other hand, need product security and excellent customer service. In fact, the consumer base will increase if people get the right incentives.<\/p>\n\n\n\n<h2 class=\"wp-block-heading\">Gr\u00fcnde, Ihr Gesch\u00e4ft auf dem Markt auszubauen<\/h2>\n\n\n\n<p>Der Irak verf\u00fcgt \u00fcber nat\u00fcrliche Ressourcen, fruchtbares Land und intelligente Menschen. Das Land war auch Opfer schlechter Regierungsf\u00fchrung, aber das \u00e4ndert sich gerade.<\/p>\n\n\n\n<p>Der Irak war im Laufe der Jahre von zahlreichen Konflikten betroffen. Dennoch bietet er risikofreudigen Anlegern viele Chancen. Fast jeder Sektor braucht Investitionen, und die 40 Millionen Einwohner des Landes sind ein Markt, der nach neuem Leben lechzt.<\/p>\n\n\n\n<p>There has been a dramatic improvement in Iraq\u2019s security problem. The number of people killed in attacks has decreased in recent years. The increasing safety is a benefit. It makes the thought of investment in Iraq more palatable. Still, it may be hard for foreign companies because of the stigma toward them.<\/p>\n\n\n\n<h2 class=\"wp-block-heading\"><strong>Chancen f\u00fcr Unternehmen im Irak<\/strong><\/h2>\n\n\n\n<p><span style=\"font-weight: 400;\">Trotz aller Herausforderungen bietet der Irak Unternehmen in verschiedenen Branchen erhebliche Chancen. Hier sind einige wichtige Chancen f\u00fcr im Irak t\u00e4tige Unternehmen:<\/span><\/p>\n\n\n\n<ul class=\"wp-block-list\">\n<li><b>Entwicklung der Infrastruktur<\/b><span style=\"font-weight: 400;\">: Mit den laufenden Wiederaufbaubem\u00fchungen und Investitionen in Infrastrukturprojekte gibt es reichlich M\u00f6glichkeiten f\u00fcr Unternehmen im Baugewerbe, im Ingenieurwesen und in der Infrastrukturentwicklung. Zu den Projekten geh\u00f6ren der Stra\u00dfenbau, der Bau neuer Einrichtungen und die Modernisierung von Versorgungseinrichtungen.<\/span><\/li>\n\n\n\n<li><b>\u00d6l und Gas<\/b><span style=\"font-weight: 400;\">: Die reichhaltigen \u00d6lreserven des Irak machen das Land zu einem attraktiven Ziel f\u00fcr Investitionen im \u00d6l- und Gassektor. Es bestehen M\u00f6glichkeiten f\u00fcr Exploration, Produktion, Raffination und Infrastrukturentwicklung sowie in verwandten Branchen wie Logistik, Dienstleistungen und Technologie.<\/span><\/li>\n\n\n\n<li><b>Telekommunikation<\/b><span style=\"font-weight: 400;\">: Der Telekommunikationssektor im Irak bietet Chancen f\u00fcr Unternehmen, die Mobilfunk-, Internet- und digitale Dienste anbieten. Angesichts der wachsenden Nachfrage nach Konnektivit\u00e4t und der wachsenden Netzwerke gibt es Raum f\u00fcr Investitionen in Infrastruktur, Technologie und Mehrwertdienste.<\/span><\/li>\n\n\n\n<li><b>Landwirtschaft und Lebensmittelverarbeitung<\/b><span style=\"font-weight: 400;\">: Die Landwirtschaft bleibt ein wichtiger Sektor im Irak, mit Investitionsm\u00f6glichkeiten im Ackerbau, in der Viehzucht und in der Agrarindustrie. Es besteht Bedarf an modernen landwirtschaftlichen Verfahren, Bew\u00e4sserungssystemen und Lebensmittelverarbeitungsanlagen.<\/span><\/li>\n<\/ul>\n\n\n\n<h2 class=\"wp-block-heading\"><strong>Herausforderungen bei der Gesch\u00e4ftst\u00e4tigkeit im Irak<\/strong><\/h2>\n\n\n\n<p><span style=\"font-weight: 400;\">While Iraq presents lucrative opportunities, businesses must face several challenges when operating there. Here are some of the key challenges:<\/span><\/p>\n\n\n\n<ul class=\"wp-block-list\">\n<li><b>Sicherheitsbedenken<\/b><span style=\"font-weight: 400;\">: Der Irak ist aufgrund politischer Instabilit\u00e4t, Terrorismus und bewaffneter Konflikte mit Sicherheitsproblemen konfrontiert. Sicherheitsrisiken wie Terrorismus, Aufst\u00e4nde und zivile Unruhen k\u00f6nnen den Gesch\u00e4ftsbetrieb st\u00f6ren, die Sicherheit der Mitarbeiter gef\u00e4hrden und die Infrastruktur besch\u00e4digen.<\/span><\/li>\n\n\n\n<li><b>Politische Instabilit\u00e4t<\/b><span style=\"font-weight: 400;\">: Die politische Landschaft des Irak ist durch Volatilit\u00e4t gekennzeichnet, mit h\u00e4ufigen Regierungswechseln und politischen Spannungen zwischen verschiedenen Fraktionen. Politische Instabilit\u00e4t kann zu gesch\u00e4ftlicher Unsicherheit f\u00fchren und sich auf Investitionsentscheidungen, das regulatorische Umfeld und die Marktdynamik auswirken.<\/span><\/li>\n\n\n\n<li><b>Infrastrukturm\u00e4ngel<\/b><span style=\"font-weight: 400;\">: Die Infrastruktur des Irak, einschlie\u00dflich Stra\u00dfen, Versorgungseinrichtungen und Telekommunikation, weist M\u00e4ngel auf und erfordert erhebliche Investitionen zur Verbesserung. Eine schlechte Infrastruktur kann den Gesch\u00e4ftsbetrieb behindern, die Kosten erh\u00f6hen und den Marktzugang einschr\u00e4nken, insbesondere in abgelegenen oder von Konflikten betroffenen Gebieten.<\/span><\/li>\n\n\n\n<li><b>Korruption und B\u00fcrokratie<\/b><span style=\"font-weight: 400;\">: Korruption und b\u00fcrokratische Ineffizienzen sind im Irak weit verbreitet und stellen f\u00fcr Unternehmen eine Herausforderung bei der Erlangung von Genehmigungen, Lizenzen und Zulassungen dar. Korruption kann Kosten erh\u00f6hen, Projekte verz\u00f6gern und die Integrit\u00e4t von Unternehmen untergraben, sodass Unternehmen sich in komplexen Regulierungsumgebungen sorgf\u00e4ltig zurechtfinden m\u00fcssen.<\/span><\/li>\n\n\n\n<li><b>Einschr\u00e4nkungen beim Humankapital<\/b><span style=\"font-weight: 400;\">: Der Irak leidet unter einem Mangel an Fachkr\u00e4ften, insbesondere in spezialisierten Branchen wie Maschinenbau, Gesundheitswesen und Technologie. Unternehmen haben m\u00f6glicherweise Schwierigkeiten, qualifizierte Talente zu gewinnen und zu halten, was sich auf Produktivit\u00e4t, Innovation und Wettbewerbsf\u00e4higkeit auswirken kann.<\/span><\/li>\n\n\n\n<li><b>W\u00e4hrungsvolatilit\u00e4t<\/b>: Der irakische Dinar (IQD) ist gegen\u00fcber wichtigen W\u00e4hrungen wie dem US-Dollar Volatilit\u00e4t und Schwankungen unterworfen. W\u00e4hrungsvolatilit\u00e4t kann sich auf Gesch\u00e4ftsplanung, Finanzprognosen und Rentabilit\u00e4t auswirken, sodass Unternehmen ihre Wechselkursrisiken effektiv managen m\u00fcssen.<\/li>\n<\/ul>\n\n\n\n<h2 class=\"wp-block-heading\">Unser Standort in New York<\/h2>\n\n\n\n<p>  <iframe loading=\"lazy\" src=\"https:\/\/www.google.com\/maps\/embed?pb=!1m18!1m12!1m3!1d3022.976188376966!2d-73.99130312499956!3d40.740549471389315!2m3!1f0!2f0!3f0!3m2!1i1024!2i768!4f13.1!3m3!1m2!1s0x89c259a15798c731%3A0xd695d09bdd495f25!2s11%20E%2022nd%20St%20FL%202%2C%20New%20York%2C%20NY%2010010%2C%20USA!5e0!3m2!1sen!2spe!4v1726171763526!5m2!1sen!2spe\" width=\"600\" height=\"450\" allowfullscreen=\"allowfullscreen\" data-mce-fragment=\"1\"><\/iframe>  <\/p>\n\n\n\n<h3 class=\"wp-block-heading\">11 E 22nd Street, Floor 2, New York, NY 10010 T: +1(212) 505-6805<\/h3>\n\n\n\n<hr class=\"wp-block-separator has-alpha-channel-opacity\"\/>\n\n\n\n<h2 class=\"wp-block-heading\"><span style=\"font-weight: 400;\">\u00dcber SIS International<\/span><\/h2>\n\n\n\n<p><a href=\"https:\/\/www.sisinternational.com\/de\/\"><span style=\"font-weight: 400;\">SIS International<\/span><\/a><span style=\"font-weight: 400;\"> offers Quantitative, Qualitative, and Strategy Research. We provide data, tools, strategies, reports, and insights for decision-making. We also conduct interviews, surveys, focus groups, and other <a href=\"https:\/\/www.sisinternational.com\/de\/quantitative-market-research-methods-and-techniques\/\" title=\"Quantitative Market Research Methods and Techniques\" data-wpil-monitor-id=\"11119\">Market Research methods<\/a> and approaches.<\/span><a href=\"https:\/\/www.sisinternational.com\/de\/uber-sis-international-research\/contact-sis-international-market-research\/\"><span style=\"font-weight: 400;\"> Kontakt<\/span><\/a><span style=\"font-weight: 400;\"> f\u00fcr Ihr n\u00e4chstes Marktforschungsprojekt.<\/span><\/p>\n\n\n\n<p><\/p>\n\n\n\n<p><\/p>","protected":false},"excerpt":{"rendered":"<p>Entdecken Sie, wie Sie Ihr Unternehmen mit Marktforschung im Irak ausbauen k\u00f6nnen.<\/p>","protected":false},"author":1,"featured_media":65064,"parent":36619,"menu_order":4,"comment_status":"closed","ping_status":"closed","template":"","meta":{"footnotes":""},"class_list":["post-38424","page","type-page","status-publish","has-post-thumbnail"],"_links":{"self":[{"href":"https:\/\/www.sisinternational.com\/de\/wp-json\/wp\/v2\/pages\/38424","targetHints":{"allow":["GET"]}}],"collection":[{"href":"https:\/\/www.sisinternational.com\/de\/wp-json\/wp\/v2\/pages"}],"about":[{"href":"https:\/\/www.sisinternational.com\/de\/wp-json\/wp\/v2\/types\/page"}],"author":[{"embeddable":true,"href":"https:\/\/www.sisinternational.com\/de\/wp-json\/wp\/v2\/users\/1"}],"replies":[{"embeddable":true,"href":"https:\/\/www.sisinternational.com\/de\/wp-json\/wp\/v2\/comments?post=38424"}],"version-history":[{"count":7,"href":"https:\/\/www.sisinternational.com\/de\/wp-json\/wp\/v2\/pages\/38424\/revisions"}],"predecessor-version":[{"id":68600,"href":"https:\/\/www.sisinternational.com\/de\/wp-json\/wp\/v2\/pages\/38424\/revisions\/68600"}],"up":[{"embeddable":true,"href":"https:\/\/www.sisinternational.com\/de\/wp-json\/wp\/v2\/pages\/36619"}],"wp:featuredmedia":[{"embeddable":true,"href":"https:\/\/www.sisinternational.com\/de\/wp-json\/wp\/v2\/media\/65064"}],"wp:attachment":[{"href":"https:\/\/www.sisinternational.com\/de\/wp-json\/wp\/v2\/media?parent=38424"}],"curies":[{"name":"wp","href":"https:\/\/api.w.org\/{rel}","templated":true}]}}