{"id":38077,"date":"2021-07-16T03:35:37","date_gmt":"2021-07-16T03:35:37","guid":{"rendered":"https:\/\/www.sisinternational.com\/?page_id=38077"},"modified":"2026-01-24T16:40:40","modified_gmt":"2026-01-24T21:40:40","slug":"marktforschung-in-uganda-afrika","status":"publish","type":"page","link":"https:\/\/www.sisinternational.com\/de\/abdeckung\/marktforschung-afrika\/marktforschung-in-uganda-afrika\/","title":{"rendered":"Marktforschung in Uganda, Ostafrika"},"content":{"rendered":"<h1 class=\"wp-block-heading\">Marktforschung in Uganda, Afrika<\/h1>\n\n\n\n<figure class=\"gb-block-image gb-block-image-82f7095d\"><img loading=\"lazy\" decoding=\"async\" width=\"1456\" height=\"816\" class=\"gb-image gb-image-82f7095d\" src=\"https:\/\/www.sisinternational.com\/wp-content\/uploads\/2025\/08\/Uganda-2.jpg\" alt=\"SIS International Marktforschung &amp; Strategie\" title=\"Uganda (2)\" srcset=\"https:\/\/www.sisinternational.com\/wp-content\/uploads\/2025\/08\/Uganda-2.jpg 1456w, https:\/\/www.sisinternational.com\/wp-content\/uploads\/2025\/08\/Uganda-2-300x168.jpg 300w, https:\/\/www.sisinternational.com\/wp-content\/uploads\/2025\/08\/Uganda-2-1024x574.jpg 1024w, https:\/\/www.sisinternational.com\/wp-content\/uploads\/2025\/08\/Uganda-2-768x430.jpg 768w, https:\/\/www.sisinternational.com\/wp-content\/uploads\/2025\/08\/Uganda-2-18x10.jpg 18w\" sizes=\"auto, (max-width: 1456px) 100vw, 1456px\"><\/figure>\n\n\n\n<p><\/p>\n\n\n\n<p>Die COVID-19-Pandemie stagnierte in Uganda. Viele Unternehmen gingen in Konkurs und viele Ugander verloren ihren Arbeitsplatz. Unterdessen zerst\u00f6rten Heuschreckenplagen und \u00dcberschwemmungen die Ernten im ganzen Land. Die Kaufkraft der Ugander nahm ab und sie kauften weniger Waren. Lohnt sich eine Investition in Uganda? Lesen Sie weiter, um es herauszufinden.<\/p>\n\n\n\n<h2 class=\"wp-block-heading\">Schl\u00fcsselindustrien<\/h2>\n\n\n\n<p>Baumwolle, Zement, Zucker, Tabak, Brauereien und Stahlproduktion sind Ugandas wichtigste Industriezweige. Weitere Exportg\u00fcter sind Tee, Kaffee, Gold, Pflanzenprodukte und Fisch. Gro\u00dfe Unternehmen dominieren diesen Sektor mit ihren lokalen Niederlassungen. Im Vergleich zu den Industriel\u00e4ndern ist er jedoch klein. Die Stromversorgung ist l\u00fcckenhaft, was die Produktion erschwert. Ruanda und Kenia sind Ugandas wichtigste Exportpartner.<\/p>\n\n\n\n<h2 class=\"wp-block-heading\">Nachbarschaften<\/h2>\n\n\n\n<p>Ugandas Hauptstadt ist Kampala, die zugleich die gr\u00f6\u00dfte Stadt ist. Kampala liegt am n\u00f6rdlichen Ende des Viktoriasees und ist eine der am schnellsten wachsenden St\u00e4dte der Welt. Manche halten sie f\u00fcr die beste Stadt Ostafrikas.<\/p>\n\n\n\n<p>Entebbe ist eine weitere der gr\u00f6\u00dften St\u00e4dte Ugandas und liegt s\u00fcdlich von Kampala. Entebbe ist das Tor zu einigen der Touristenattraktionen des Landes. Wie Kampala liegt die Stadt in der N\u00e4he des Viktoriasees. Diese Stadt hat auch einen Flughafen.<\/p>\n\n\n\n<p>Jinja liegt ebenfalls in der N\u00e4he von Kampala und ist als Quelle des Wei\u00dfen Nils bekannt. In Reisef\u00fchrern wird es als Abenteuerhauptstadt Ostafrikas bezeichnet. Von Kampala aus ist es leicht zu erreichen \u2013 Sie k\u00f6nnen es mit dem Auto oder per Flugzeug erreichen.<\/p>\n\n\n\n<h2 class=\"wp-block-heading\">Trends<\/h2>\n\n\n\n<p>Die ugandische Wirtschaft befindet sich aufgrund von COVID-19 in einer Abw\u00e4rtsspirale. Die Aussichten sind d\u00fcster, insbesondere wenn sich das Virus weiter ausbreitet. Eine anhaltende Pandemie wird es Ugandas Exporten erschweren, sich zu erholen. Sie wird auch dem Tourismus schaden und im Ausland lebende Ugander werden kein Geld nach Hause schicken k\u00f6nnen.<\/p>\n\n\n\n<p>Uganda hat eine hohe Geburtenrate, aber zu viele Kinder sterben bei der Geburt. Armut ist weit verbreitet. Die Pandemie macht zudem die j\u00fcngsten Fortschritte bei Humankapital und Gesundheit zunichte.<\/p>\n\n\n\n<p>Positiv ist, dass Uganda in einigen Jahren mit der \u00d6lf\u00f6rderung beginnen wird.<\/p>\n\n\n\n<h2 class=\"wp-block-heading\">Vorteile und St\u00e4rken im Markt<\/h2>\n\n\n\n<p>Uganda has many strengths. For example, it has oil fields, fertile land, and hydroelectric power potential. Another benefit to investing in Uganda is the support it gets from donor countries. These countries help with the building of roads, bridges, and the like. They help make it easier for investors to get their <a href=\"https:\/\/www.sisinternational.com\/de\/sachverstand\/lebenslaufe\/marktforschung-fur-korperpflegeprodukte\/\" title=\"Marktforschung f\u00fcr K\u00f6rperpflegeprodukte\"  data-wpil-monitor-id=\"11110\">products to market<\/a>. Uganda also has a strategic location. Finally, the country has been stable over the last few decades, which is always a plus.<\/p>\n\n\n\n<h2 class=\"wp-block-heading\">Verbraucherbasis<\/h2>\n\n\n\n<p>Nur wenige Ugander haben Internetzugang, obwohl viele ein Mobiltelefon besitzen. Die Ugander sind auf ihr Mobiltelefon angewiesen, um in Verbindung zu bleiben. Das Versenden von Textnachrichten ist die beliebteste Aktivit\u00e4t, insbesondere unter Teenagern. Die meisten Ugander besitzen auch einen Fernseher. Die meisten von ihnen leben ebenfalls auf dem Land, aber die Zahl der Stadtbewohner steigt schnell.<\/p>\n\n\n\n<p>Die H\u00e4lfte aller Ugander ist zwischen 15 und 64 Jahre alt. Die Verbraucherbasis ist also riesig.<\/p>\n\n\n\n<h2 class=\"wp-block-heading\">Gr\u00fcnde f\u00fcr den Ausbau Ihres Gesch\u00e4fts in Uganda<\/h2>\n\n\n\n<p>Neben einer gro\u00dfen Zahl von Menschen im arbeitsf\u00e4higen Alter ist das Pro-Kopf-Einkommen niedrig. Das bedeutet, dass auch die Arbeitskosten in Uganda niedrig sind. Gleichzeitig weist Uganda ein hohes Handelsdefizit auf. Daher reichen die von dort produzierten Waren nicht aus, um die lokale Nachfrage zu decken. Ausl\u00e4ndische Investoren k\u00f6nnen also diese L\u00fccken f\u00fcllen.<\/p>\n\n\n\n<p>Die ugandische Regierung hat Ma\u00dfnahmen ergriffen, um die Gesch\u00e4ftst\u00e4tigkeit zu erleichtern. So gibt es beispielsweise ein \u201eOne-Stop-Center\u201c f\u00fcr Unternehmensgr\u00fcndungen.<\/p>\n\n\n\n<h2 class=\"wp-block-heading\">Marktforschung in Uganda, Ostafrika<\/h2>\n\n\n\n<p><a href=\"https:\/\/www.sisinternational.com\/de\/losungen\/qualitative-quantitative-forschungslosungen\/\">Quantitative und qualitative Forschung<\/a> is crucial before starting your business in Uganda. Such <a href=\"https:\/\/www.sisinternational.com\/de\/der-nahe-osten-fur-marktforschungszwecke\/\" title=\"Markteintrittsforschung im Nahen Osten\"  data-wpil-monitor-id=\"1427\">research offers critical data about your market<\/a> and business scene. <a href=\"https:\/\/www.sisinternational.com\/de\/what-to-expect-in-your-first-year-entering-a-new-market-5-essential-strategies\/\" title=\"What to Expect in Your First Year Entering a New Market: 5 Essential Strategies\"  data-wpil-monitor-id=\"11112\">Strategy Research is also essential<\/a>. It can help you to come up with your <a href=\"https:\/\/www.sisinternational.com\/de\/losungen\/geschmackstest\/produkttestdienste-in-new-york\/\" title=\"Produkttestdienste in New York\"  data-wpil-monitor-id=\"11113\">products and services<\/a>. Finally, Focus Groups, Surveys, and Interviews also make a difference. They allow you to <a href=\"https:\/\/www.sisinternational.com\/de\/losungen\/strategieberatung\/marktforschung-fur-minimal-funktionsfahige-produkte\/\" title=\"Marktforschung f\u00fcr minimal funktionsf\u00e4hige Produkte\"  data-wpil-monitor-id=\"11111\">market your products<\/a> to the right Ugandan consumers.<\/p>\n\n\n\n<p><\/p>","protected":false},"excerpt":{"rendered":"<p>Marktforschung in Uganda. Quantitative und qualitative Forschung ist vor dem Start entscheidend. Vermarkten Sie Ihre Produkte an die richtigen Verbraucher.<\/p>","protected":false},"author":1,"featured_media":65153,"parent":14281,"menu_order":44,"comment_status":"closed","ping_status":"closed","template":"","meta":{"footnotes":""},"class_list":["post-38077","page","type-page","status-publish","has-post-thumbnail"],"_links":{"self":[{"href":"https:\/\/www.sisinternational.com\/de\/wp-json\/wp\/v2\/pages\/38077","targetHints":{"allow":["GET"]}}],"collection":[{"href":"https:\/\/www.sisinternational.com\/de\/wp-json\/wp\/v2\/pages"}],"about":[{"href":"https:\/\/www.sisinternational.com\/de\/wp-json\/wp\/v2\/types\/page"}],"author":[{"embeddable":true,"href":"https:\/\/www.sisinternational.com\/de\/wp-json\/wp\/v2\/users\/1"}],"replies":[{"embeddable":true,"href":"https:\/\/www.sisinternational.com\/de\/wp-json\/wp\/v2\/comments?post=38077"}],"version-history":[{"count":6,"href":"https:\/\/www.sisinternational.com\/de\/wp-json\/wp\/v2\/pages\/38077\/revisions"}],"predecessor-version":[{"id":81816,"href":"https:\/\/www.sisinternational.com\/de\/wp-json\/wp\/v2\/pages\/38077\/revisions\/81816"}],"up":[{"embeddable":true,"href":"https:\/\/www.sisinternational.com\/de\/wp-json\/wp\/v2\/pages\/14281"}],"wp:featuredmedia":[{"embeddable":true,"href":"https:\/\/www.sisinternational.com\/de\/wp-json\/wp\/v2\/media\/65153"}],"wp:attachment":[{"href":"https:\/\/www.sisinternational.com\/de\/wp-json\/wp\/v2\/media?parent=38077"}],"curies":[{"name":"wp","href":"https:\/\/api.w.org\/{rel}","templated":true}]}}