{"id":38073,"date":"2021-07-16T03:12:42","date_gmt":"2021-07-16T03:12:42","guid":{"rendered":"https:\/\/www.sisinternational.com\/?page_id=38073"},"modified":"2026-01-24T20:50:46","modified_gmt":"2026-01-25T01:50:46","slug":"marktforschung-in-somalia-afrika","status":"publish","type":"page","link":"https:\/\/www.sisinternational.com\/de\/abdeckung\/marktforschung-afrika\/marktforschung-in-somalia-afrika\/","title":{"rendered":"Marktforschung in Somalia, Afrika"},"content":{"rendered":"<h1 class=\"wp-block-heading\">Marktforschung in Somalia, Afrika<\/h1>\n\n\n\n<figure class=\"gb-block-image gb-block-image-123a9767\"><img loading=\"lazy\" decoding=\"async\" width=\"1456\" height=\"816\" class=\"gb-image gb-image-123a9767\" src=\"https:\/\/www.sisinternational.com\/wp-content\/uploads\/2025\/08\/Somalia-3.jpg\" alt=\"SIS International Marktforschung &amp; Strategie\" title=\"Somalia, (3)\" srcset=\"https:\/\/www.sisinternational.com\/wp-content\/uploads\/2025\/08\/Somalia-3.jpg 1456w, https:\/\/www.sisinternational.com\/wp-content\/uploads\/2025\/08\/Somalia-3-300x168.jpg 300w, https:\/\/www.sisinternational.com\/wp-content\/uploads\/2025\/08\/Somalia-3-1024x574.jpg 1024w, https:\/\/www.sisinternational.com\/wp-content\/uploads\/2025\/08\/Somalia-3-768x430.jpg 768w, https:\/\/www.sisinternational.com\/wp-content\/uploads\/2025\/08\/Somalia-3-18x10.jpg 18w\" sizes=\"auto, (max-width: 1456px) 100vw, 1456px\"><\/figure>\n\n\n\n<p><\/p>\n\n\n\n<p>Somalia ist ein ostafrikanisches Land, das sich um das Horn von Afrika erstreckt. Wie auf der Karte zu sehen ist, erstreckt sich diese spitze Landzunge des afrikanischen Kontinents bis in den Indischen Ozean.<\/p>\n\n\n\n<p>Das Land ist flach und trocken, mit w\u00fcsten\u00e4hnlichen Bedingungen. Viele Somalier leben noch immer als Nomaden oder Halbnomaden. Daher ziehen sie von Ort zu Ort auf der Suche nach Ackerland, um Rinder, Kamele, Ziegen und Schafe zu z\u00fcchten. Andererseits sind viele Somalier Bauern.<\/p>\n\n\n\n<p>Dieses Land hat eine lange Geschichte, die sowohl von Afrika als auch von Arabien beeinflusst wurde. Es gibt eine ethnische Gruppe, die Somali, aber auch andere Imperien herrschten. Italien und Gro\u00dfbritannien waren die letzten Regierungsm\u00e4chte und kamen im 19. und 20. Jahrhundert. Als diese Kolonien fusionierten, kam es zu zahlreichen Rivalit\u00e4ten und Streitigkeiten. Aus diesem Grund brach 1991 ein B\u00fcrgerkrieg aus. Seitdem gibt es keine wirkliche Zentralregierung mehr.<\/p>\n\n\n\n<h2 class=\"wp-block-heading\">Schl\u00fcsselindustrien<\/h2>\n\n\n\n<p>Die wichtigsten Exportg\u00fcter sind Vieh, Fisch und landwirtschaftliche Erzeugnisse.<\/p>\n\n\n\n<p>Die Wirtschaft ist informell und l\u00e4uft ohne staatliche Mandate oder Kontrollen. Sie wird auch nicht besteuert. Tats\u00e4chlich wird das Land von einer Bundesbeh\u00f6rde verwaltet, die von verschiedenen Beh\u00f6rden unterst\u00fctzt wird.<\/p>\n\n\n\n<p>This shaky governance and corruption jeopardize the progress of the country. Still, the economy is buoyant, and growing thanks to foreign companies. These overseas <a href=\"https:\/\/www.sisinternational.com\/de\/sachverstand\/branchen\/losungen-fur-die-marktforschung-im-gesundheitswesen\/\" title=\"Marktforschungsunternehmen f\u00fcr das Gesundheitswesen\"  data-wpil-monitor-id=\"11136\">firms<\/a> run outlets in the local Somali market. What\u2019s more, they control these outlets remotely from more developed countries. Thus, they have access to resources like banks and a skilled workforce. They also get stable legal frameworks.<\/p>\n\n\n\n<h2 class=\"wp-block-heading\">Nachbarschaften<\/h2>\n\n\n\n<p>Mogadishu is an important port city on the <a href=\"https:\/\/www.sisinternational.com\/de\/abdeckung\/marktforschung-afrika\/marktforschung-in-mauritius-afrika\/\" title=\"Market Research in Mauritius \u2014 Island off Africa&#8217;s East Coast\"  data-wpil-monitor-id=\"11132\">East African coast<\/a>. Known to locals as \u201cXamar\u201d or \u201cHamar,\u201d it is the capital city. Somali and Arabic are the official languages. Yet, it is common to hear Swahili, English, and Italian in its busy streets. The city is lively, with many street markets, cafes, and grocery stores. It is a peaceful city, and locals feel safe shopping and living there.<\/p>\n\n\n\n<p>Seit Tausenden von Jahren leben und handeln die Menschen in diesem Land. Tats\u00e4chlich kann man die Geschichte in der H\u00f6hlenkunst sehen. Genie\u00dfen Sie diese Kunst an Orten wie dem alten H\u00f6hlenkomplex Laas Geel, der die reiche und fr\u00fche Kultur der Nordk\u00fcstenregion zeigt. Urzeitliche Pyramiden, \u201eTaalo\u201c genannt, sind ebenfalls in der Landschaft verstreut. Dies waren einst Grabst\u00e4tten.<\/p>\n\n\n\n<h2 class=\"wp-block-heading\">Trends<\/h2>\n\n\n\n<p>Ausl\u00e4ndische Firmen investieren gern in dieses Land. Es verf\u00fcgt \u00fcber Vorkommen an nat\u00fcrlichen Ressourcen wie Uran, Eisenerz und Erdgas. Ausl\u00e4ndische Bergbauunternehmen suchen nach Uranvorkommen. Die Vorkommen in diesem Land sind m\u00f6glicherweise die gr\u00f6\u00dften der Welt. Dieser Sektor bietet dem Land also die Chance f\u00fcr Gesch\u00e4ftswachstum.<\/p>\n\n\n\n<p>Another key point is that&nbsp;Arab countries are investing in livestock infrastructure.&nbsp;For instance, countries like the <a href=\"https:\/\/www.sisinternational.com\/de\/abdeckung\/marktforschung-mittlerer-osten\/marktforschung-in-den-vereinigten-arabischen-emiraten\/\" title=\"Marktforschung in den Vereinigten Arabischen Emiraten\"  data-wpil-monitor-id=\"11130\">Vereinigte Arabische Emirate<\/a> are purchasing large farms. These countries have a long history of trading with their African neighbors. They remain hopeful about the future growth Somalia promises.<\/p>\n\n\n\n<p>Auch der Welthandel nimmt zu und die somalische Gesch\u00e4ftswelt leistet einen Beitrag zur rasch wachsenden Wirtschaft.<\/p>\n\n\n\n<p>The widespread violence and starvation in the 1990s pushed many to become refugees.\u00a0More than a million Somali people have fled the country since 1991.\u00a0They left to find a better life in other countries.\u00a0As a result, the country now has a large diaspora, which takes an interest in its progress. The diaspora and the private sector are the lifelines of the nation.<\/p>\n\n\n\n<h2 class=\"wp-block-heading\">Vorteile und St\u00e4rken<\/h2>\n\n\n\n<p>Somalia is near the Arab Peninsula, and traders on both sides of the Persian Gulf take <a href=\"https:\/\/www.sisinternational.com\/de\/sachverstand\/branchen\/reise-tourismus\/vorteil-nyc-als-testmarkt-fur-reisen\/\" title=\"Der strategische Vorteil der Nutzung von NYC als Testmarkt f\u00fcr Reisen und Tourismus\"  data-wpil-monitor-id=\"11133\">advantage of this strategic<\/a> spot. Animals are one of the biggest exports, and they go to the Middle East. Somali livestock is of high quality and sells at a great price.<\/p>\n\n\n\n<h2 class=\"wp-block-heading\">Verbraucherbasis<\/h2>\n\n\n\n<p>Nomadische Clans machen einen gro\u00dfen Teil der Bev\u00f6lkerung aus. Ihr Lebensstil ist sehr abgeschieden. Sie haben keinen Zugang zu Dingen wie Bankdienstleistungen und Sparkonten. Stattdessen werden die meisten Geldtransaktionen per Telefon abgewickelt.<\/p>\n\n\n\n<p>Somalier sind auf Geld angewiesen, das aus dem Ausland \u00fcberwiesen wird. Tats\u00e4chlich leben viele Somalier unterhalb der Armutsgrenze.<\/p>\n\n\n\n<h2 class=\"wp-block-heading\">Gr\u00fcnde f\u00fcr den Ausbau Ihres Gesch\u00e4fts in Somalia<\/h2>\n\n\n\n<p>The country\u2019s economy is growing stronger. As it expands in the cities, more companies are opening. But, be warned: doing <a href=\"https:\/\/www.sisinternational.com\/de\/valentinstag-so-kann-ihr-unternehmen-die-liebe-spuren\/\" title=\"Marktforschung zum Valentinstag: So kann Ihr Unternehmen die Liebe sp\u00fcren\"  data-wpil-monitor-id=\"11135\">business will feel<\/a> odd without government oversight. In fact, investors form part of the informal economy.<\/p>\n\n\n\n<h2 class=\"wp-block-heading\">\u00dcber Marktforschung in Somalia<\/h2>\n\n\n\n<p>There\u2019s nothing like knowing exactly who your customers are. That\u2019s why we provide <a href=\"https:\/\/www.sisinternational.com\/de\/marktforschung-in-afrika-2\/\" title=\"Marktforschung in Afrika\"  data-wpil-monitor-id=\"2926\">market strategy research<\/a> in Somalia. Our <a href=\"https:\/\/www.sisinternational.com\/de\/losungen\/qualitative-quantitative-forschungslosungen\/\">Qualitative und Quantitative Forschung<\/a> liefert die Daten, die Sie ben\u00f6tigen. Wir helfen Ihnen, Ihr Gesch\u00e4ft auszubauen. Sie k\u00f6nnen auch unsere Fokusgruppen nutzen, um mehr \u00fcber Chancen in Somalia zu erfahren.<\/p>\n\n\n\n<p>We also use interviews and surveys. These tools help you pinpoint the right place and time for <a href=\"https:\/\/www.sisinternational.com\/de\/losungen\/strategieberatung\/markteintrittschancenforschung\/die-wirksamkeit-von-produkttests-in-nyc-fur-den-eintritt-in-den-amerikanischen-markt\/\" title=\"Die Wirksamkeit von Produkttests in NYC f\u00fcr den Eintritt in den amerikanischen Markt\"  data-wpil-monitor-id=\"11134\">entering the market<\/a>. <a href=\"https:\/\/www.sisinternational.com\/de\/sachverstand\/lebenslaufe\/markenforschung\/\" title=\"Markenforschungsunternehmen\"  data-wpil-monitor-id=\"11131\">Companies can grow with the right research<\/a> team. Contact us today to get started with your Somali investment.<\/p>\n\n\n\n<p><\/p>","protected":false},"excerpt":{"rendered":"<p>Marktforschung in Somalia; unsere qualitative und quantitative Forschung liefert die Daten, die Sie ben\u00f6tigen. Wir helfen Ihnen, Ihr Gesch\u00e4ft auszubauen.<\/p>","protected":false},"author":1,"featured_media":65220,"parent":14281,"menu_order":42,"comment_status":"closed","ping_status":"closed","template":"","meta":{"footnotes":""},"class_list":["post-38073","page","type-page","status-publish","has-post-thumbnail"],"_links":{"self":[{"href":"https:\/\/www.sisinternational.com\/de\/wp-json\/wp\/v2\/pages\/38073","targetHints":{"allow":["GET"]}}],"collection":[{"href":"https:\/\/www.sisinternational.com\/de\/wp-json\/wp\/v2\/pages"}],"about":[{"href":"https:\/\/www.sisinternational.com\/de\/wp-json\/wp\/v2\/types\/page"}],"author":[{"embeddable":true,"href":"https:\/\/www.sisinternational.com\/de\/wp-json\/wp\/v2\/users\/1"}],"replies":[{"embeddable":true,"href":"https:\/\/www.sisinternational.com\/de\/wp-json\/wp\/v2\/comments?post=38073"}],"version-history":[{"count":6,"href":"https:\/\/www.sisinternational.com\/de\/wp-json\/wp\/v2\/pages\/38073\/revisions"}],"predecessor-version":[{"id":81819,"href":"https:\/\/www.sisinternational.com\/de\/wp-json\/wp\/v2\/pages\/38073\/revisions\/81819"}],"up":[{"embeddable":true,"href":"https:\/\/www.sisinternational.com\/de\/wp-json\/wp\/v2\/pages\/14281"}],"wp:featuredmedia":[{"embeddable":true,"href":"https:\/\/www.sisinternational.com\/de\/wp-json\/wp\/v2\/media\/65220"}],"wp:attachment":[{"href":"https:\/\/www.sisinternational.com\/de\/wp-json\/wp\/v2\/media?parent=38073"}],"curies":[{"name":"wp","href":"https:\/\/api.w.org\/{rel}","templated":true}]}}