{"id":38071,"date":"2021-07-16T03:06:23","date_gmt":"2021-07-16T03:06:23","guid":{"rendered":"https:\/\/www.sisinternational.com\/?page_id=38071"},"modified":"2025-09-14T18:37:39","modified_gmt":"2025-09-14T22:37:39","slug":"marktforschung-in-sierra-leone-afrika","status":"publish","type":"page","link":"https:\/\/www.sisinternational.com\/de\/abdeckung\/marktforschung-afrika\/marktforschung-in-sierra-leone-afrika\/","title":{"rendered":"Marktforschung in Sierra Leone, Afrika"},"content":{"rendered":"<h1 class=\"wp-block-heading\">Marktforschung in Sierra Leone, Afrika<\/h1>\n\n\n\n<figure class=\"gb-block-image gb-block-image-d0617c66\"><img loading=\"lazy\" decoding=\"async\" width=\"1456\" height=\"816\" class=\"gb-image gb-image-d0617c66\" src=\"https:\/\/www.sisinternational.com\/wp-content\/uploads\/2025\/08\/Sierra-Leone-1.jpg\" alt=\"SIS International Marktforschung &amp; Strategie\" title=\"Sierra Leone, (1)\" srcset=\"https:\/\/www.sisinternational.com\/wp-content\/uploads\/2025\/08\/Sierra-Leone-1.jpg 1456w, https:\/\/www.sisinternational.com\/wp-content\/uploads\/2025\/08\/Sierra-Leone-1-300x168.jpg 300w, https:\/\/www.sisinternational.com\/wp-content\/uploads\/2025\/08\/Sierra-Leone-1-1024x574.jpg 1024w, https:\/\/www.sisinternational.com\/wp-content\/uploads\/2025\/08\/Sierra-Leone-1-768x430.jpg 768w, https:\/\/www.sisinternational.com\/wp-content\/uploads\/2025\/08\/Sierra-Leone-1-18x10.jpg 18w\" sizes=\"auto, (max-width: 1456px) 100vw, 1456px\"><\/figure>\n\n\n\n<p><\/p>\n\n\n\n<p>Sierra Leone ist ein westafrikanisches Land. Das Land hat in den letzten Jahren viele Probleme gehabt. Von 1991 bis 2002 herrschte dort ein B\u00fcrgerkrieg. Der Film \u201eBlood Diamond\u201c aus dem Jahr 2006 basiert auf diesem B\u00fcrgerkrieg. 2014 wurde das Land auch von Ebola heimgesucht, das 11.000 Menschenleben forderte. Das Land hat begonnen, sich zu erholen, aber COVID-19 verlangsamt dies. Warum sollten Sie also in Sierra Leone investieren? Lesen Sie weiter, um es herauszufinden.<\/p>\n\n\n\n<h2 class=\"wp-block-heading\">Schl\u00fcsselindustrien<\/h2>\n\n\n\n<p>Sierra Leone is one of the world\u2019s main suppliers of titanium. Diamond mining is also a source of income.&nbsp;Both industries provide jobs and boost tax revenues.<\/p>\n\n\n\n<p>Sierra Leone verf\u00fcgt \u00fcber fruchtbares Land und die Landwirtschaft stellt eine weitere wichtige Einnahmequelle dar. Handelspartner des Landes sind die USA, Belgien, die Niederlande und Frankreich. Die wichtigsten Exportg\u00fcter sind Kaffee und Kakao.<\/p>\n\n\n\n<p>Sierra Leone produziert auch Holz f\u00fcr den Export. Dar\u00fcber hinaus exportiert das Land Fisch. Diese Industrie schafft Arbeitspl\u00e4tze durch Bootsbau, Fischverkauf und -vermarktung.<\/p>\n\n\n\n<p>Auch der Tourismussektor und das verarbeitende Gewerbe wachsen.<\/p>\n\n\n\n<h2 class=\"wp-block-heading\">Nachbarschaften<\/h2>\n\n\n\n<p>Freetown ist die Hauptstadt von Sierra Leone. Der Tiefseehafen dieser Stadt geh\u00f6rt zu den gr\u00f6\u00dften der Welt. Freetown ist auch f\u00fcr den riesigen Kapokbaum im Stadtzentrum ber\u00fchmt. Der Baum ist ein Symbol der Freiheit.<\/p>\n\n\n\n<p>Eine weitere Besonderheit ist das Sierra Leone Museum. Das Museum beherbergt mehrere Artefakte. Beispiele sind der Ruiter-Stein und die Originaltrommel von Bai Bureh.<\/p>\n\n\n\n<h2 class=\"wp-block-heading\">Trends<\/h2>\n\n\n\n<p>Sierra Leone\u2019s <a href=\"https:\/\/www.sisinternational.com\/de\/sachverstand\/branchen\/ol-und-gasmarktforschung\/\" title=\"\u00d6l- und Gasmarktforschung\"  data-wpil-monitor-id=\"8649\">oil and gas<\/a> sector is still in the research stage. The government hopes to attract investments in this sector. But first, it needs to find deposits.<\/p>\n\n\n\n<h2 class=\"wp-block-heading\">Vorteile und St\u00e4rken im Markt<\/h2>\n\n\n\n<p>Sierra Leone k\u00e4mpft noch immer mit den Auswirkungen von COVID-19. Zudem hat sich das Land noch nicht vom Ausbruch des Ebola-Virus erholt.<\/p>\n\n\n\n<p>Still, the government is looking for <a href=\"https:\/\/www.sisinternational.com\/de\/kundenzufriedenheitsanalyse\/\" title=\"8 M\u00f6glichkeiten zur Steigerung der Kundenzufriedenheit im Einzelhandel\"  data-wpil-monitor-id=\"8650\">ways to boost<\/a> the economy. One of these avenues is organic farming. It is also looking at eco-tourism and renewable energy. Sierra Leone is aiming to become Africa\u2019s first Zero-Carbon middle economy.<\/p>\n\n\n\n<h2 class=\"wp-block-heading\">Verbraucherbasis<\/h2>\n\n\n\n<p>Sierra Leone\u2019s economy has matured over the years. At heart, farming employs many working people. Many of the people are tenant farmers. Despite its profits, the economy is in trouble. For example, there is a high rate of unemployed youths.&nbsp;Still, the country is now stable and the climate is right for investors.<\/p>\n\n\n\n<h2 class=\"wp-block-heading\">Gr\u00fcnde, Ihr Gesch\u00e4ft auf dem Markt auszubauen<\/h2>\n\n\n\n<p>Warum also in Sierra Leone investieren? Zun\u00e4chst einmal bietet der Markt Investoren viele Optionen. So besteht beispielsweise eine erh\u00f6hte globale Nachfrage nach Mineralvorkommen. Sierra Leone verf\u00fcgt \u00fcber riesige Bauxit- und Diamantenvorkommen. Au\u00dferdem gibt es dort Gold, Platin, Coltan und andere nat\u00fcrliche Ressourcen. Daher bietet das Land ausl\u00e4ndischen Unternehmen f\u00fcnf Arten von Lizenzen zum Abbau dieser Mineralien an.<\/p>\n\n\n\n<p>Das Land f\u00f6rdert au\u00dferdem Landwirtschaft und Kleingewerbe. Die gesunkenen Zinsen machen diese Sektoren attraktiver. Zudem versucht die Regierung Sierra Leones, weitere Investoren anzulocken. So will sie die Wirtschaft etwa mit Investitionen in den Tourismus ankurbeln. Potenzielle Investoren sollten sich daher den Tourismussektor n\u00e4her anschauen.<\/p>\n\n\n\n<h2 class=\"wp-block-heading\">\u00dcber Marktforschung in Sierra Leone<\/h2>\n\n\n\n<p>Die Menschen in Sierra Leone k\u00e4mpfen mit Armut. Nur wenige Menschen sind reich oder verdienen ein mittleres Einkommen. Zudem ist das Land nicht gut entwickelt.<\/p>\n\n\n\n<p>That\u2019s why we provide <a href=\"https:\/\/www.sisinternational.com\/de\/how-to-design-effective-surveys-for-quantitative-research\/\" title=\"How to Design Effective Surveys for Quantitative Research\"  data-wpil-monitor-id=\"8648\">Quantitative und qualitative Forschung<\/a> services. We also offer surveys, interviews, and focus groups. These tools can help you decide if investing in <a href=\"https:\/\/statehouse.gov.sl\" target=\"_blank\" rel=\"noopener\">Sierra Leone<\/a> ist der richtige Schritt f\u00fcr Sie.<\/p>\n\n\n\n<p>Wir bieten auch <a href=\"https:\/\/www.sisinternational.com\/de\/losungen\/strategieberatung\/wie-strategieforschung-ihre-leistung-steigern-kann\/\">Strategie Forschung<\/a>Diese entscheidende Art der Recherche verr\u00e4t dem Investor, was in Sierra Leone am besten funktionieren wird<\/p>\n\n\n\n<p>Denken Sie dar\u00fcber nach, in Sierra Leone zu investieren?<\/p>\n\n\n\n<p><\/p>","protected":false},"excerpt":{"rendered":"<p>Marktforschung in Sierra Leone; Umfragen, Interviews, Fokusgruppen. Diese Tools k\u00f6nnen Ihnen bei der Entscheidung helfen, ob eine Investition f\u00fcr Sie der richtige Schritt ist.<\/p>","protected":false},"author":1,"featured_media":65215,"parent":14281,"menu_order":41,"comment_status":"closed","ping_status":"closed","template":"","meta":{"footnotes":""},"class_list":["post-38071","page","type-page","status-publish","has-post-thumbnail"],"_links":{"self":[{"href":"https:\/\/www.sisinternational.com\/de\/wp-json\/wp\/v2\/pages\/38071","targetHints":{"allow":["GET"]}}],"collection":[{"href":"https:\/\/www.sisinternational.com\/de\/wp-json\/wp\/v2\/pages"}],"about":[{"href":"https:\/\/www.sisinternational.com\/de\/wp-json\/wp\/v2\/types\/page"}],"author":[{"embeddable":true,"href":"https:\/\/www.sisinternational.com\/de\/wp-json\/wp\/v2\/users\/1"}],"replies":[{"embeddable":true,"href":"https:\/\/www.sisinternational.com\/de\/wp-json\/wp\/v2\/comments?post=38071"}],"version-history":[{"count":5,"href":"https:\/\/www.sisinternational.com\/de\/wp-json\/wp\/v2\/pages\/38071\/revisions"}],"predecessor-version":[{"id":81451,"href":"https:\/\/www.sisinternational.com\/de\/wp-json\/wp\/v2\/pages\/38071\/revisions\/81451"}],"up":[{"embeddable":true,"href":"https:\/\/www.sisinternational.com\/de\/wp-json\/wp\/v2\/pages\/14281"}],"wp:featuredmedia":[{"embeddable":true,"href":"https:\/\/www.sisinternational.com\/de\/wp-json\/wp\/v2\/media\/65215"}],"wp:attachment":[{"href":"https:\/\/www.sisinternational.com\/de\/wp-json\/wp\/v2\/media?parent=38071"}],"curies":[{"name":"wp","href":"https:\/\/api.w.org\/{rel}","templated":true}]}}