{"id":38069,"date":"2021-07-16T02:56:20","date_gmt":"2021-07-16T02:56:20","guid":{"rendered":"https:\/\/www.sisinternational.com\/?page_id=38069"},"modified":"2026-01-24T20:50:47","modified_gmt":"2026-01-25T01:50:47","slug":"marktforschung-auf-den-seychellen-afrika","status":"publish","type":"page","link":"https:\/\/www.sisinternational.com\/de\/abdeckung\/marktforschung-afrika\/marktforschung-auf-den-seychellen-afrika\/","title":{"rendered":"Marktforschung auf den Seychellen, Afrika"},"content":{"rendered":"<h1 class=\"wp-block-heading\">Marktforschung auf den Seychellen, Afrika<\/h1>\n\n\n\n<figure class=\"gb-block-image gb-block-image-2e2a6b72\"><img loading=\"lazy\" decoding=\"async\" width=\"1456\" height=\"816\" class=\"gb-image gb-image-2e2a6b72\" src=\"https:\/\/www.sisinternational.com\/wp-content\/uploads\/2025\/08\/Seychelles-4.jpg\" alt=\"SIS International Marktforschung &amp; Strategie\" title=\"Seychelles, (4)\" srcset=\"https:\/\/www.sisinternational.com\/wp-content\/uploads\/2025\/08\/Seychelles-4.jpg 1456w, https:\/\/www.sisinternational.com\/wp-content\/uploads\/2025\/08\/Seychelles-4-300x168.jpg 300w, https:\/\/www.sisinternational.com\/wp-content\/uploads\/2025\/08\/Seychelles-4-1024x574.jpg 1024w, https:\/\/www.sisinternational.com\/wp-content\/uploads\/2025\/08\/Seychelles-4-768x430.jpg 768w, https:\/\/www.sisinternational.com\/wp-content\/uploads\/2025\/08\/Seychelles-4-18x10.jpg 18w\" sizes=\"auto, (max-width: 1456px) 100vw, 1456px\"><\/figure>\n\n\n\n<p><\/p>\n\n\n\n<p>Die Seychellen sind ein wundersch\u00f6nes Land mit 115 Inseln. Es liegt in der Somalisee vor der K\u00fcste Kenias und Madagaskars. Obwohl die Seychellen ein Inselstaat sind, sind sie Mitglied der Afrikanischen Union.<\/p>\n\n\n\n<h2 class=\"wp-block-heading\">Schl\u00fcsselindustrien<\/h2>\n\n\n\n<p>Die Seychellen waren fr\u00fcher ein Agrarland. Heute sind sie ein bl\u00fchendes Tourismusland. Tats\u00e4chlich erwirtschaftet der Tourismus den gr\u00f6\u00dften Teil der Einnahmen des Landes. Aus diesem Grund haben die Seychellen das h\u00f6chste nominale Pro-Kopf-BIP Afrikas.<\/p>\n\n\n\n<p>Auch der Tourismussektor ist ein gro\u00dfer Arbeitgeber. Dar\u00fcber hinaus tr\u00e4gt er zu den gesamten Auslandseinnahmen bei. Die meisten Touristen kommen aus Europa.<\/p>\n\n\n\n<p>The fishing <a href=\"https:\/\/www.sisinternational.com\/de\/sachverstand\/branchen\/industrielle-marktforschung\/\" title=\"Industrielle Marktforschung und Strategie\"  data-wpil-monitor-id=\"11262\">industry supplies both local and foreign markets<\/a>. Another benefit of this <a href=\"https:\/\/www.sisinternational.com\/de\/losungen\/marktforschung-fur-die-lebensmittel-und-getrankeindustrie\/\" title=\"Lebensmittel- und Getr\u00e4nkeindustrie Marktforschung\"  data-wpil-monitor-id=\"11265\">industry is that it boosts food<\/a> security. In addition, it provides income. Seychelles exports high-quality fish to Europe, Japan, France, and Germany. It also targets countries like the United Kingdom and Mauritius.<\/p>\n\n\n\n<p>Die Regierung der Seychellen versucht, die Lebensmittelimporte zu reduzieren. Dennoch macht die Landwirtschaft nur einen Bruchteil des Bruttoinlandsprodukts des Landes aus.<\/p>\n\n\n\n<p>Auch der verarbeitende Sektor des Landes w\u00e4chst. Dieser Sektor verf\u00fcgt \u00fcber mehrere Lebensmittelverarbeitungsbetriebe. Dar\u00fcber hinaus gibt es auf den Seychellen eine Chemie- und M\u00f6belindustrie.<\/p>\n\n\n\n<h2 class=\"wp-block-heading\">Nachbarschaften<\/h2>\n\n\n\n<p>Victoria is the capital of Seychelles. It is on the northeastern <a href=\"https:\/\/www.sisinternational.com\/de\/abdeckung\/marktforschung-afrika\/marktforschung-in-mauritius-afrika\/\" title=\"Market Research in Mauritius \u2014 Island off Africa&#8217;s East Coast\"  data-wpil-monitor-id=\"11266\">coast of Mahe Island<\/a>. Since it is the country\u2019s only port, all exports leave from there.<\/p>\n\n\n\n<p>Die Hauptstadt ist auch der Sitz der nationalen Regierung. Das State House, das B\u00fcro des Pr\u00e4sidenten, befindet sich ebenfalls in der Hauptstadt. Dar\u00fcber hinaus ist die Hauptstadt das kulturelle und wirtschaftliche Zentrum des Landes. Eines ihrer Wahrzeichen ist der Clock Tower. Dieser Turm hat die Zeit \u00fcberdauert und tickt seit 1903.<\/p>\n\n\n\n<p>Anse Boileau ist ein weiterer Bezirk an der Westk\u00fcste von Mah\u00e9. Dieser wundersch\u00f6ne Ort liegt am Fu\u00dfe eines Berges. Er verf\u00fcgt \u00fcber eine Reihe von B\u00e4chen, Miniw\u00e4ldern, Fl\u00fcssen und Teichen. Anse Boileau beherbergt eine Polizeistation, Lebensmittell\u00e4den und Gesch\u00e4fte. Der Strand ist mit dem Auto oder zu Fu\u00df leicht zu erreichen. Dank seiner kleinen Wellen und des seichten Wassers eignet er sich auch zum Schwimmen und Schnorcheln. Besucher k\u00f6nnen auch wundersch\u00f6ne Sonnenunterg\u00e4nge genie\u00dfen.<\/p>\n\n\n\n<h2 class=\"wp-block-heading\">Trends<\/h2>\n\n\n\n<p>Die Bek\u00e4mpfung des COVID-19-Virus bleibt ein vorrangiges Anliegen. Tats\u00e4chlich stellt die Regierung den Sektoren, die sie am dringendsten ben\u00f6tigen, zus\u00e4tzliche Mittel zur Verf\u00fcgung.<\/p>\n\n\n\n<p>Die Haushaltsausgaben verlagerten sich auf:<\/p>\n\n\n\n<ol class=\"wp-block-list\">\n<li>Gesundheitsversorgung zur Eind\u00e4mmung und Bek\u00e4mpfung des Virus<\/li>\n\n\n\n<li>Ern\u00e4hrungssicherheit w\u00e4hrend der Krise<\/li>\n\n\n\n<li>Sicherstellung, dass Besch\u00e4ftigte im privaten Sektor ihre Arbeitspl\u00e4tze behalten und bezahlt werden<\/li>\n\n\n\n<li>Sozialer Schutz zur Gew\u00e4hrleistung der Sicherheit der am st\u00e4rksten gef\u00e4hrdeten Personen<\/li>\n\n\n\n<li>Weitere Ma\u00dfnahmen zur Kriminalit\u00e4tspr\u00e4vention w\u00e4hrend der Rezession<\/li>\n\n\n\n<li>Investitionen zur Unterst\u00fctzung des Wachstums<\/li>\n<\/ol>\n\n\n\n<h2 class=\"wp-block-heading\">Vorteile und St\u00e4rken auf dem Seychellen-Markt<\/h2>\n\n\n\n<p>Die Pandemie f\u00fchrte aufgrund des geringeren Tourismus zu einem Wachstumsr\u00fcckgang.<\/p>\n\n\n\n<p>Andererseits l\u00e4uft es in der Fischereiindustrie weiterhin gut. Somit k\u00f6nnen die Seychellen \u00fcberleben. Die Industrie besteht aus drei Hauptkomponenten. Diese sind:<\/p>\n\n\n\n<ol class=\"wp-block-list\">\n<li>Die handwerkliche Fischerei wird von lokalen Fischern mit kleinen Motorbooten betrieben.<\/li>\n\n\n\n<li>Auch die halbindustrielle Fischerei ist im Besitz der Einheimischen. Sie fischen auf offener See mit Langleinen.<\/li>\n\n\n\n<li>Die industrielle Fischerei, die haupts\u00e4chlich aus Flotten in ausl\u00e4ndischem Besitz besteht. Sie ist das R\u00fcckgrat der Fischereiindustrie und zielt auf Thunfischarten ab.<\/li>\n<\/ol>\n\n\n\n<h2 class=\"wp-block-heading\">Verbraucherbasis<\/h2>\n\n\n\n<p>Despite the growth in Seychelles, poverty is still widespread.&nbsp;This is due to unequal wealth distribution among its population.<\/p>\n\n\n\n<h2 class=\"wp-block-heading\">Gr\u00fcnde, Ihr Gesch\u00e4ft auf dem Seychellen-Markt auszubauen<\/h2>\n\n\n\n<p>Die Regierung ergreift verschiedene Ma\u00dfnahmen, um die \u00f6rtlichen Bauern und Fischer zu unterst\u00fctzen. Sie hilft ihnen bei der Produktion von Fleisch, Gem\u00fcse und Fisch.<\/p>\n\n\n\n<p>Die Grenzen der Seychellen bleiben geschlossen. Tats\u00e4chlich sehen wir, dass der Tourismussektor in einer Krise steckt. Das Land muss sich also ausweiten. Es muss seine \u00fcberm\u00e4\u00dfige Abh\u00e4ngigkeit vom Tourismussektor reduzieren. Dabei muss die Regierung auch den Lebensstandard der Bev\u00f6lkerung bewahren. Au\u00dferdem muss sie stabil bleiben.<\/p>\n\n\n\n<p>That\u2019s why it\u2019s important to attract new investors. Once a business starts <a href=\"https:\/\/www.sisinternational.com\/de\/sachverstand\/lebenslaufe\/marktforschung-fur-korperpflegeprodukte\/\" title=\"Marktforschung f\u00fcr K\u00f6rperpflegeprodukte\"  data-wpil-monitor-id=\"11263\">marketing its products<\/a> it can boost the growth of the country.<\/p>\n\n\n\n<h2 class=\"wp-block-heading\">\u00dcber Marktforschung auf den Seychellen<\/h2>\n\n\n\n<p>Focus groups play a crucial role in protecting investors. That\u2019s why it\u2019s important to conduct surveys on the country. Such <a href=\"https:\/\/www.sisinternational.com\/de\/marktforschung-in-afrika-2\/\" title=\"Marktforschung in Afrika\"  data-wpil-monitor-id=\"2929\">research is necessary to understand the market<\/a>. <a href=\"https:\/\/www.sisinternational.com\/de\/losungen\/qualitative-quantitative-forschungslosungen\/qualitative-forschung-rekrutierung\/\" title=\"Qualitative Forschung Rekrutierung\"  data-wpil-monitor-id=\"11264\">Qualitative and Quantitative research<\/a> will also help business owners. Investors can determine if investing in Seychelles will benefit them.<\/p>\n\n\n\n<p><a href=\"https:\/\/www.sisinternational.com\/de\/losungen\/strategieberatung\/wie-strategieforschung-ihre-leistung-steigern-kann\/\">Strategieforschung<\/a> is also essential.&nbsp;It tells the investor what will work best in Seychelles.<\/p>\n\n\n\n<p>Denken Sie dar\u00fcber nach, auf den Seychellen zu investieren? Gerne \u00fcbernehmen wir Ihre Marktforschung. Wir m\u00f6chten Ihnen bei der Entscheidung helfen. Kontaktieren Sie uns jetzt!<\/p>\n\n\n\n<p><\/p>","protected":false},"excerpt":{"rendered":"<p>Marktforschung auf den Seychellen; denken Sie an eine Investition? Wir \u00fcbernehmen gerne Ihre Marktforschung. Wir m\u00f6chten Ihnen bei der Entscheidung helfen.<\/p>","protected":false},"author":1,"featured_media":65214,"parent":14281,"menu_order":40,"comment_status":"closed","ping_status":"closed","template":"","meta":{"footnotes":""},"class_list":["post-38069","page","type-page","status-publish","has-post-thumbnail"],"_links":{"self":[{"href":"https:\/\/www.sisinternational.com\/de\/wp-json\/wp\/v2\/pages\/38069","targetHints":{"allow":["GET"]}}],"collection":[{"href":"https:\/\/www.sisinternational.com\/de\/wp-json\/wp\/v2\/pages"}],"about":[{"href":"https:\/\/www.sisinternational.com\/de\/wp-json\/wp\/v2\/types\/page"}],"author":[{"embeddable":true,"href":"https:\/\/www.sisinternational.com\/de\/wp-json\/wp\/v2\/users\/1"}],"replies":[{"embeddable":true,"href":"https:\/\/www.sisinternational.com\/de\/wp-json\/wp\/v2\/comments?post=38069"}],"version-history":[{"count":6,"href":"https:\/\/www.sisinternational.com\/de\/wp-json\/wp\/v2\/pages\/38069\/revisions"}],"predecessor-version":[{"id":81837,"href":"https:\/\/www.sisinternational.com\/de\/wp-json\/wp\/v2\/pages\/38069\/revisions\/81837"}],"up":[{"embeddable":true,"href":"https:\/\/www.sisinternational.com\/de\/wp-json\/wp\/v2\/pages\/14281"}],"wp:featuredmedia":[{"embeddable":true,"href":"https:\/\/www.sisinternational.com\/de\/wp-json\/wp\/v2\/media\/65214"}],"wp:attachment":[{"href":"https:\/\/www.sisinternational.com\/de\/wp-json\/wp\/v2\/media?parent=38069"}],"curies":[{"name":"wp","href":"https:\/\/api.w.org\/{rel}","templated":true}]}}