{"id":38051,"date":"2021-07-09T03:27:16","date_gmt":"2021-07-09T03:27:16","guid":{"rendered":"https:\/\/www.sisinternational.com\/?page_id=38051"},"modified":"2026-01-26T17:19:55","modified_gmt":"2026-01-26T22:19:55","slug":"marktforschung-im-sudan-afrika","status":"publish","type":"page","link":"https:\/\/www.sisinternational.com\/de\/abdeckung\/marktforschung-afrika\/marktforschung-im-sudan-afrika\/","title":{"rendered":"Marktforschung im Sudan, Afrika"},"content":{"rendered":"<h1 class=\"wp-block-heading\">Marktforschung im Sudan, Afrika<\/h1>\n\n\n\n<figure class=\"gb-block-image gb-block-image-64453e76\"><img loading=\"lazy\" decoding=\"async\" width=\"1456\" height=\"816\" class=\"gb-image gb-image-64453e76\" src=\"https:\/\/www.sisinternational.com\/wp-content\/uploads\/2025\/08\/Sudan-1.jpg\" alt=\"SIS International Marktforschung &amp; Strategie\" title=\"Sudan (1)\" srcset=\"https:\/\/www.sisinternational.com\/wp-content\/uploads\/2025\/08\/Sudan-1.jpg 1456w, https:\/\/www.sisinternational.com\/wp-content\/uploads\/2025\/08\/Sudan-1-300x168.jpg 300w, https:\/\/www.sisinternational.com\/wp-content\/uploads\/2025\/08\/Sudan-1-1024x574.jpg 1024w, https:\/\/www.sisinternational.com\/wp-content\/uploads\/2025\/08\/Sudan-1-768x430.jpg 768w, https:\/\/www.sisinternational.com\/wp-content\/uploads\/2025\/08\/Sudan-1-18x10.jpg 18w\" sizes=\"auto, (max-width: 1456px) 100vw, 1456px\"><\/figure>\n\n\n\n<p><\/p>\n\n\n\n<p>Die Republik Sudan ist ein nordostafrikanisches Land. Sie liegt s\u00fcdlich von \u00c4gypten und n\u00f6rdlich vom S\u00fcdsudan. Im Osten und Westen grenzt sie an Eritrea und den Tschad. Im Nordosten des Sudan liegt das Rote Meer.<\/p>\n\n\n\n<h2 class=\"wp-block-heading\">Schl\u00fcsselindustrien<\/h2>\n\n\n\n<p>The primary Sudanese industries are agriculture, tourism, <a href=\"https:\/\/www.sisinternational.com\/de\/sachverstand\/branchen\/ol-und-gasmarktforschung\/\" title=\"\u00d6l- und Gasmarktforschung\"  data-wpil-monitor-id=\"11198\">oil &amp; gas<\/a>, and mining.<\/p>\n\n\n\n<p>Der Sudan exportiert Roh\u00f6l, \u00d6lsaaten, Schafe und Ziegen. Das Land ist au\u00dferdem ein bedeutender Exporteur von Gold, Naturharzen und Baumwolle.<\/p>\n\n\n\n<p>Ein gro\u00dfer Teil der Landesfl\u00e4che des Sudan eignet sich f\u00fcr die Landwirtschaft. Dar\u00fcber hinaus tr\u00e4gt dieses fruchtbare Land zur Erhaltung der soliden Agrarindustrie des Landes bei, die den Gro\u00dfteil der Bev\u00f6lkerung besch\u00e4ftigt. Der Sudan betreibt auch Bew\u00e4sserungslandwirtschaft. Tats\u00e4chlich werden durch Bew\u00e4sserung mehrere marktwirtschaftlich nutzbare Pflanzen angebaut. So bauen die Bauern beispielsweise Baumwolle an.<\/p>\n\n\n\n<p>Ein weiterer wichtiger Punkt ist, dass die wichtigste Wasserquelle f\u00fcr die Bew\u00e4sserung der Nil ist. Die Landwirtschaft nutzt aber auch andere kleine Fl\u00fcsse.<\/p>\n\n\n\n<p>Sudan is famous for its rich history. Another feature of Sudan is the pyramids throughout the country, which attract high levels of tourism. Many ancient sites have gained further popularity with international tourists. For example, one can visit the ancient Kush sites of Meroe Island. Sudan continues to <a href=\"https:\/\/www.sisinternational.com\/de\/losungen\/reise-tourismus-und-gastgewerbeberatung\/tourismusentwicklungsberatung\/\" title=\"Tourismusentwicklungsberatung\"  data-wpil-monitor-id=\"11195\">develop the tourism<\/a> sector, in particular by investing in it.<\/p>\n\n\n\n<p>The oil and gas sector dominates the share of exports in Sudan. In short, Sudan exports <a href=\"https:\/\/www.sisinternational.com\/de\/sachverstand\/branchen\/erdolmarktforschung\/\" title=\"Erd\u00f6lmarktforschung\"  data-wpil-monitor-id=\"6477\">petroleum products to markets<\/a> in China, Japan, South Korea, and India. In fact, the largest Sudanese oil reserves are in the Southern part of the country. These are in Melut Rift and Muglad basins. Sudan is also home to many oil refineries, which allow it to meet external demand.<\/p>\n\n\n\n<p>Im Sudan gibt es eine gro\u00dfe Vielfalt an Mineralien. Dazu geh\u00f6ren Gold, Eisen, Kupfer, Marmor und Kalkstein. Die Sudanesen nutzen viele der Minen, wie zum Beispiel Gebeit, um gro\u00dfe Mengen Gold zu gewinnen. Das Land verf\u00fcgt \u00fcber gro\u00dfe Goldreserven. Im Sudan wird seit Jahrzehnten Gold abgebaut, und es ist nach wie vor eine sehr profitable Industrie.<\/p>\n\n\n\n<h2 class=\"wp-block-heading\">Nachbarschaften<\/h2>\n\n\n\n<p>Der Gro\u00dfteil der sudanesischen Bev\u00f6lkerung lebt in l\u00e4ndlichen Gebieten. Die bev\u00f6lkerungsreichste Stadt ist Omdurman im Bundesstaat Khartum. Die Stadt Khartum ist die zweitgr\u00f6\u00dfte Stadt hinsichtlich der Bev\u00f6lkerung.<\/p>\n\n\n\n<p>Die Stadt Khartum ist die Verwaltungshauptstadt des Sudan. Sie liegt im Bundesstaat Khartum zwischen dem Blauen und dem Wei\u00dfen Nil. Khartum ist eine verarmte Stadt. Sie besteht nur aus wenigen gepflasterten, von B\u00e4umen ges\u00e4umten Stra\u00dfen.<\/p>\n\n\n\n<p>Im Gegensatz dazu liegt die Stadt Omdurman westlich des Nils. Sie ist ein Zentrum der Handelsaktivit\u00e4ten im Sudan. Das Wetter in Omdurman ist das ganze Jahr \u00fcber sonnig und es gibt wenig Niederschlag. Diese Stadt ist Sudans historische, kulturelle und spirituelle Hauptstadt.<\/p>\n\n\n\n<h2 class=\"wp-block-heading\">Trends<\/h2>\n\n\n\n<figure class=\"gb-block-image gb-block-image-ef5f3f83\"><img loading=\"lazy\" decoding=\"async\" width=\"1456\" height=\"816\" class=\"gb-image gb-image-ef5f3f83\" src=\"https:\/\/www.sisinternational.com\/wp-content\/uploads\/2025\/08\/Sudan-1.jpg\" alt=\"SIS International Marktforschung &amp; Strategie\" title=\"Sudan (1)\" srcset=\"https:\/\/www.sisinternational.com\/wp-content\/uploads\/2025\/08\/Sudan-1.jpg 1456w, https:\/\/www.sisinternational.com\/wp-content\/uploads\/2025\/08\/Sudan-1-300x168.jpg 300w, https:\/\/www.sisinternational.com\/wp-content\/uploads\/2025\/08\/Sudan-1-1024x574.jpg 1024w, https:\/\/www.sisinternational.com\/wp-content\/uploads\/2025\/08\/Sudan-1-768x430.jpg 768w, https:\/\/www.sisinternational.com\/wp-content\/uploads\/2025\/08\/Sudan-1-18x10.jpg 18w\" sizes=\"auto, (max-width: 1456px) 100vw, 1456px\"><\/figure>\n\n\n\n<p>Um das \u00dcberleben des Sudan zu sichern, sind direkte ausl\u00e4ndische Investitionen dringend erforderlich. Das Interesse am Wasserkraftmarkt w\u00e4chst, da der Sudan ein Nettoimporteur von Energie ist. Die Regierung m\u00f6chte dies \u00e4ndern. Sie m\u00f6chte den Energiebedarf des Landes mit den Ressourcen des Landes decken. Um dieses Ziel zu erreichen, pr\u00fcft sie neue Entwicklungen im Bereich der Kernenergie.<\/p>\n\n\n\n<h2 class=\"wp-block-heading\">Vorteile und St\u00e4rken im Markt<\/h2>\n\n\n\n<p>Der Sudan verf\u00fcgt \u00fcber zahlreiche nat\u00fcrliche Ressourcen, darunter fruchtbares Land und eine vielf\u00e4ltige Tierwelt. Er hat eine einzigartige Lage mit einfachem Zugang zum Meer und verf\u00fcgt auch \u00fcber eine gro\u00dfe Arbeitskraft. Diese Eigenschaften k\u00f6nnen zur Verbesserung der sudanesischen Wirtschaft beitragen. Sie werden derzeit nicht ausreichend genutzt und stellen eine Investitionsm\u00f6glichkeit dar.<\/p>\n\n\n\n<h2 class=\"wp-block-heading\">Verbraucherbasis<\/h2>\n\n\n\n<p>A large part of the population is food insecure. The people experience high levels of unemployment. As a result, people engage in activities such as subsistence farming, which provides no wages. The Sudanese people also suffer from high levels of illiteracy. There is room for improvement within the education system.<\/p>\n\n\n\n<h2 class=\"wp-block-heading\">Gr\u00fcnde f\u00fcr die Expansion Ihres Unternehmens auf dem sudanesischen Markt<\/h2>\n\n\n\n<p>Despite the many challenges, Sudan is an investment opportunity hub. With adequate funding, businesses in the agricultural and mining sectors will thrive. The Sudanese people tend to underutilize the country\u2019s natural resources and agricultural land. They have not developed the livestock <a href=\"https:\/\/www.sisinternational.com\/de\/venezuela-oil-mining-industry-potential-strategic-forecast-2026-2036\/\" title=\"Venezuela Oil &amp; Mining Industry Potential: Strategic Forecast 2026-2036\"  data-wpil-monitor-id=\"11197\">industry to its full potential<\/a>. Thus, these sectors are ripe for foreign investment.<\/p>\n\n\n\n<p>Der Sudan muss au\u00dferdem sein Verkehrsnetz verbessern. Der Ausbau des Verkehrs und anderer Infrastrukturen bietet gute Gesch\u00e4ftsm\u00f6glichkeiten.<\/p>\n\n\n\n<p>Der sudanesische Markt ist unterentwickelt und verf\u00fcgt \u00fcber ein enormes Wachstumspotenzial.<\/p>\n\n\n\n<h2 class=\"wp-block-heading\">\u00dcber Marktforschung im Sudan<\/h2>\n\n\n\n<p>Businesses should conduct Quantitative, Qualitative, and Strategic <a href=\"https:\/\/www.sisinternational.com\/de\/marktforschung-in-afrika-2\/\" title=\"Marktforschung in Afrika\"  data-wpil-monitor-id=\"2933\">Research before market<\/a> entry. Such <a href=\"https:\/\/www.sisinternational.com\/de\/sachverstand\/branchen\/chief-information-officer-cio-marktforschung\/\" title=\"Chief Information Officer (CIO) Marktforschung\"  data-wpil-monitor-id=\"11200\">research analyzes current information<\/a>. It helps investors to make decisions on <a href=\"https:\/\/www.sisinternational.com\/de\/sachverstand\/lebenslaufe\/marktforschung-fur-korperpflegeprodukte\/\" title=\"Marktforschung f\u00fcr K\u00f6rperpflegeprodukte\"  data-wpil-monitor-id=\"11193\">market entry and on which products<\/a> to sell. <a href=\"https:\/\/www.sisinternational.com\/de\/losungen\/branding-und-kundenforschungslosungen\/marktforschung-zur-markenpositionierung\/\" title=\"Marktforschung zur Markenpositionierung\"  data-wpil-monitor-id=\"11192\">Market Research can have a positive<\/a> impact on your business ventures. Thus, it\u2019s essential to give it some consideration before <a href=\"https:\/\/www.sisinternational.com\/de\/losungen\/strategieberatung\/markteintrittschancenforschung\/die-wirksamkeit-von-produkttests-in-nyc-fur-den-eintritt-in-den-amerikanischen-markt\/\" title=\"Die Wirksamkeit von Produkttests in NYC f\u00fcr den Eintritt in den amerikanischen Markt\"  data-wpil-monitor-id=\"11202\">entering the Sudanese market<\/a>.<\/p>\n\n\n\n<p><\/p>","protected":false},"excerpt":{"rendered":"<p>Marktforschung im Sudan, Afrika Die Republik Sudan ist ein nordostafrikanisches Land. Sie liegt s\u00fcdlich von \u00c4gypten und n\u00f6rdlich vom S\u00fcdsudan. An ihrer Ost- und Westgrenze liegen Eritrea und der Tschad. Im Nordosten des Sudan liegt das Rote Meer. Schl\u00fcsselindustrien Die wichtigsten Industriezweige des Sudan sind Landwirtschaft, Tourismus, \u00d6l \u2026 <a title=\"Marktforschung im Sudan, Afrika\" class=\"read-more\" href=\"https:\/\/www.sisinternational.com\/de\/abdeckung\/marktforschung-afrika\/marktforschung-im-sudan-afrika\/\" aria-label=\"Mehr Informationen \u00fcber Marktforschung im Sudan, Afrika\">Weiterlesen \u2026<\/a><\/p>","protected":false},"author":1,"featured_media":65226,"parent":14281,"menu_order":39,"comment_status":"closed","ping_status":"closed","template":"","meta":{"footnotes":""},"class_list":["post-38051","page","type-page","status-publish","has-post-thumbnail"],"_links":{"self":[{"href":"https:\/\/www.sisinternational.com\/de\/wp-json\/wp\/v2\/pages\/38051","targetHints":{"allow":["GET"]}}],"collection":[{"href":"https:\/\/www.sisinternational.com\/de\/wp-json\/wp\/v2\/pages"}],"about":[{"href":"https:\/\/www.sisinternational.com\/de\/wp-json\/wp\/v2\/types\/page"}],"author":[{"embeddable":true,"href":"https:\/\/www.sisinternational.com\/de\/wp-json\/wp\/v2\/users\/1"}],"replies":[{"embeddable":true,"href":"https:\/\/www.sisinternational.com\/de\/wp-json\/wp\/v2\/comments?post=38051"}],"version-history":[{"count":5,"href":"https:\/\/www.sisinternational.com\/de\/wp-json\/wp\/v2\/pages\/38051\/revisions"}],"predecessor-version":[{"id":81827,"href":"https:\/\/www.sisinternational.com\/de\/wp-json\/wp\/v2\/pages\/38051\/revisions\/81827"}],"up":[{"embeddable":true,"href":"https:\/\/www.sisinternational.com\/de\/wp-json\/wp\/v2\/pages\/14281"}],"wp:featuredmedia":[{"embeddable":true,"href":"https:\/\/www.sisinternational.com\/de\/wp-json\/wp\/v2\/media\/65226"}],"wp:attachment":[{"href":"https:\/\/www.sisinternational.com\/de\/wp-json\/wp\/v2\/media?parent=38051"}],"curies":[{"name":"wp","href":"https:\/\/api.w.org\/{rel}","templated":true}]}}