{"id":38049,"date":"2021-07-09T03:17:46","date_gmt":"2021-07-09T03:17:46","guid":{"rendered":"https:\/\/www.sisinternational.com\/?page_id=38049"},"modified":"2026-01-27T16:37:03","modified_gmt":"2026-01-27T21:37:03","slug":"marktforschung-in-togo-afrika","status":"publish","type":"page","link":"https:\/\/www.sisinternational.com\/de\/abdeckung\/marktforschung-afrika\/marktforschung-in-togo-afrika\/","title":{"rendered":"Marktforschung in Togo, Afrika"},"content":{"rendered":"<h1 class=\"wp-block-heading\">Marktforschung in Togo, Afrika<\/h1>\n\n\n\n<figure class=\"gb-block-image gb-block-image-ee6d7afd\"><img loading=\"lazy\" decoding=\"async\" width=\"1456\" height=\"816\" class=\"gb-image gb-image-ee6d7afd\" src=\"https:\/\/www.sisinternational.com\/wp-content\/uploads\/2025\/08\/Togo-2.jpg\" alt=\"SIS International Marktforschung &amp; Strategie\" title=\"Togo (2)\" srcset=\"https:\/\/www.sisinternational.com\/wp-content\/uploads\/2025\/08\/Togo-2.jpg 1456w, https:\/\/www.sisinternational.com\/wp-content\/uploads\/2025\/08\/Togo-2-300x168.jpg 300w, https:\/\/www.sisinternational.com\/wp-content\/uploads\/2025\/08\/Togo-2-1024x574.jpg 1024w, https:\/\/www.sisinternational.com\/wp-content\/uploads\/2025\/08\/Togo-2-768x430.jpg 768w, https:\/\/www.sisinternational.com\/wp-content\/uploads\/2025\/08\/Togo-2-18x10.jpg 18w\" sizes=\"auto, (max-width: 1456px) 100vw, 1456px\"><\/figure>\n\n\n\n<p><\/p>\n\n\n\n<p>Togo ist ein kleines westafrikanisches Land. Es hat eine Fl\u00e4che von nur 90.000 Quadratkilometern und liegt s\u00fcdlich von Burkina Faso, Mali und Niger. Der offizielle Name Togos lautet Republik Togo.<\/p>\n\n\n\n<p>Togo war einst das Handelszentrum der westafrikanischen Region. Tats\u00e4chlich beherrschte es bereits im 16. Jahrhundert die Handelsroute. Zu dieser Zeit war Togos Lage am Golf von Guinea ein gro\u00dfer Vorteil. Togo diente als Handelszentrum. Tats\u00e4chlich war es ein Knotenpunkt f\u00fcr den europ\u00e4ischen transatlantischen Sklavenhandel. Togo war auch ein Zentrum f\u00fcr den von Arabern kontrollierten transsaharischen Sklavenhandel. Aus diesem Grund erhielten Togo und die umliegenden Regionen den Namen \u201eSklavenk\u00fcste\u201c.<\/p>\n\n\n\n<h2 class=\"wp-block-heading\">Schl\u00fcsselindustrien<\/h2>\n\n\n\n<p>Phosphate sind Togos wichtigstes Exportgut, da das Land \u00fcber Phosphatreserven im Wert von mehreren Millionen Tonnen verf\u00fcgt.<\/p>\n\n\n\n<p>The country depends on subsistence agriculture as its economic pillar. So, to encourage agriculture, the government has built more roads and renovated the Lom\u00e9 port. As a result, agricultural production has grown. As a matter of fact, this sector employs most of the population. Farmers sell their harvests <a href=\"https:\/\/www.sisinternational.com\/de\/losungen\/branding-und-kundenforschungslosungen\/einzelhandelsmarktforschung\/\" title=\"Einzelhandelsmarktforschung | In-Store-Marktforschung\"  data-wpil-monitor-id=\"8759\">retail and wholesale in informal markets<\/a> across every town and village.<\/p>\n\n\n\n<p>Togo hat eine unterentwickelte Wirtschaft. Der Privatsektor entwickelt sich gut, aber dieses Wachstum kommt nicht allen zugute. Tats\u00e4chlich sind Armut und Ungleichheit im heutigen Togo hoch, vor allem in den l\u00e4ndlichen Gebieten. Dar\u00fcber hinaus hat es eine hohe Geburtenrate. Die Bev\u00f6lkerung w\u00e4chst zu schnell und die Wirtschaft kann nicht mithalten. Das gilt auch f\u00fcr die \u00f6ffentlichen Dienste des Landes. Infolgedessen haben viele Menschen keinen Zugang zu diesen Diensten. Dennoch ist Togo in Bezug auf Nahrungsmittel autark. In Jahren mit durchschnittlichen und guten Ernten kann es sich selbst versorgen.<\/p>\n\n\n\n<h2 class=\"wp-block-heading\">Nachbarschaften<\/h2>\n\n\n\n<p>Lom\u00e9, the capital of Togo, is a coastal city. It has gone through several colonial powers one after the other.&nbsp;The architecture has heavy German and French influences, which you can see&nbsp;in churches and government&nbsp;buildings.&nbsp;Another key point about Lom\u00e9 is that it is peaceful. Togolese people are friendly and welcoming.<\/p>\n\n\n\n<p>Lom\u00e9 is at the southwest tip of Togo, near the border with Ghana. It\u2019s on a lagoon that extends toward the Tokoin Plateau. The city is perfect for the casual walker. Attractions like the Lom\u00e9 Grand <a href=\"https:\/\/www.sisinternational.com\/de\/sachverstand\/branchen\/marktforschung-im-bereich-augenpflege\/\" title=\"Marktforschung im Bereich Augenpflege\"  data-wpil-monitor-id=\"8762\">Markt<\/a> and the Lom\u00e9 Cathedral catch the eye. Lome also has many beaches and a voodoo <a href=\"https:\/\/www.sisinternational.com\/de\/losungen\/fintech-strategieberatung-forschung\/venture-capital-marktforschung\/\" title=\"Venture Capital-Marktforschung\"  data-wpil-monitor-id=\"8760\">market for those daring enough to venture<\/a> there.<\/p>\n\n\n\n<h2 class=\"wp-block-heading\">Trends<\/h2>\n\n\n\n<p>Die Internetnutzung ist in Togo hoch und bietet enorme M\u00f6glichkeiten f\u00fcr gesch\u00e4ftliches Wachstum. Tats\u00e4chlich k\u00f6nnten Sie viel Geld verdienen, wenn Sie in ein digitales Unternehmen investieren, w\u00e4hrend sich die togolesische Wirtschaft stabilisiert. Gleichzeitig muss die digitale Infrastruktur in Westafrika ausgebaut werden, um der wachsenden Nachfrage gerecht zu werden. Togo kann daher als Ausgangspunkt f\u00fcr eine digitale Revolution dienen.<\/p>\n\n\n\n<h2 class=\"wp-block-heading\">Vorteile und St\u00e4rken<\/h2>\n\n\n\n<p>Togo is still a regional hub. It no longer deals in human cargo, but in business activity. Thus, it is an excellent choice if you want to expand your <a href=\"https:\/\/www.sisinternational.com\/de\/die-auswirkungen-der-nigerianischen-marktkultur-auf-das-geschaft\/\" title=\"Der nigerianische Markt: Der Einfluss der Kultur auf das Gesch\u00e4ft\"  data-wpil-monitor-id=\"7479\">business into the rest of West Africa<\/a>. In addition, the Trans-West African Coastal Highway runs through Togo. This major route is another benefit since it connects Togo to Nigeria and Benin in the east. It also connects the country to Cote d\u2019Ivoire and Ghana on the west.<\/p>\n\n\n\n<h2 class=\"wp-block-heading\">Verbraucherbasis<\/h2>\n\n\n\n<figure class=\"gb-block-image gb-block-image-c275dee0\"><img loading=\"lazy\" decoding=\"async\" width=\"1456\" height=\"816\" class=\"gb-image gb-image-c275dee0\" src=\"https:\/\/www.sisinternational.com\/wp-content\/uploads\/2025\/08\/Togo-3.jpg\" alt=\"SIS International Marktforschung &amp; Strategie\" title=\"Togo (3)\" srcset=\"https:\/\/www.sisinternational.com\/wp-content\/uploads\/2025\/08\/Togo-3.jpg 1456w, https:\/\/www.sisinternational.com\/wp-content\/uploads\/2025\/08\/Togo-3-300x168.jpg 300w, https:\/\/www.sisinternational.com\/wp-content\/uploads\/2025\/08\/Togo-3-1024x574.jpg 1024w, https:\/\/www.sisinternational.com\/wp-content\/uploads\/2025\/08\/Togo-3-768x430.jpg 768w, https:\/\/www.sisinternational.com\/wp-content\/uploads\/2025\/08\/Togo-3-18x10.jpg 18w\" sizes=\"auto, (max-width: 1456px) 100vw, 1456px\"><\/figure>\n\n\n\n<p><\/p>\n\n\n\n<p>Die Togolesen k\u00e4mpfen f\u00fcr eine Entwicklungschance in ihrem Land. Korruption ist weit verbreitet. Zudem lebt rund die H\u00e4lfte der 8 Millionen Togolesen unterhalb der absoluten Armutsgrenze. Das Pro-Kopf-Einkommen ist niedrig. Die Besch\u00e4ftigungs- und Unterbesch\u00e4ftigungsquoten unter jungen Menschen sind hoch. Es gibt nur wenige M\u00f6glichkeiten f\u00fcr Bildung und Weiterbildung. Doch der Privatsektor verlangt mehr Arbeitskr\u00e4fte. Daher ist die Berufsausbildung eine Gesch\u00e4ftsm\u00f6glichkeit. Sie kann Ihnen Geld einbringen und gleichzeitig dazu beitragen, das Problem der Jugendarbeitslosigkeit zu l\u00f6sen.<\/p>\n\n\n\n<h2 class=\"wp-block-heading\">Gr\u00fcnde f\u00fcr die Expansion Ihres Unternehmens in Togo<\/h2>\n\n\n\n<p>Hohe Steuern stehen der Entwicklung des privaten Sektors im Wege. Die Finanzierung ist ein weiteres Problem f\u00fcr private Investoren. Unternehmen werden auf viele weitere H\u00fcrden sto\u00dfen. Warum? Weil Togo politisch immer noch instabil ist. Die Situation verbessert sich zwar, ist aber immer noch vorhanden. Kurz gesagt, Togo ist Investoren gegen\u00fcber nicht sehr freundlich. Dennoch hat Togo Investoren viel zu bieten, also lassen Sie sich davon nicht abschrecken.<\/p>\n\n\n\n<h2 class=\"wp-block-heading\">Marktforschung in Togo<\/h2>\n\n\n\n<p>Wir bieten an <a href=\"https:\/\/www.sisinternational.com\/de\/qualitative-research-to-enhance-customer-experience\/\" title=\"Qualitative Research to Enhance Customer Experience\"  data-wpil-monitor-id=\"8758\">Qualitative und Quantitative Forschung<\/a> to tell you who and where your customers are. Strategy Research in Togo is also crucial. It helps investors to understand how to <a href=\"https:\/\/www.sisinternational.com\/de\/unternehmensgrundung-in-der-turkei\/\" title=\"Unternehmensgr\u00fcndung in der T\u00fcrkei\"  data-wpil-monitor-id=\"8761\">set realistic targets for their business<\/a>. We use Interviews and Surveys, so you can find new customers and know the best time to expand. We also use <a href=\"https:\/\/www.sisinternational.com\/de\/weltweit-fuhrendes-unternehmen-fur-fokusgruppen\/\" title=\"Top-Unternehmen der Global Focus Group\"  data-wpil-monitor-id=\"8757\">Focus Groups to assist companies<\/a> in making the best business decisions. Contact us today, so we can work together to build your business in Togo.<\/p>\n\n\n\n<p><\/p>","protected":false},"excerpt":{"rendered":"<p>Marktforschung in Togo, Afrika Togo ist ein kleines westafrikanisches Land. Seine Fl\u00e4che betr\u00e4gt nur 35.400 Quadratmeilen und es liegt s\u00fcdlich von Burkina Faso, Mali und Niger. Der offizielle Name Togos ist die Togolesische Republik. Togo war einst das Handelszentrum der westafrikanischen Region. Tats\u00e4chlich beherrschte es die \u2026 <a title=\"Marktforschung in Togo, Afrika\" class=\"read-more\" href=\"https:\/\/www.sisinternational.com\/de\/abdeckung\/marktforschung-afrika\/marktforschung-in-togo-afrika\/\" aria-label=\"Mehr Informationen \u00fcber Marktforschung in Togo, Afrika\">Weiterlesen \u2026<\/a><\/p>","protected":false},"author":1,"featured_media":65234,"parent":14281,"menu_order":38,"comment_status":"closed","ping_status":"closed","template":"","meta":{"footnotes":""},"class_list":["post-38049","page","type-page","status-publish","has-post-thumbnail"],"_links":{"self":[{"href":"https:\/\/www.sisinternational.com\/de\/wp-json\/wp\/v2\/pages\/38049","targetHints":{"allow":["GET"]}}],"collection":[{"href":"https:\/\/www.sisinternational.com\/de\/wp-json\/wp\/v2\/pages"}],"about":[{"href":"https:\/\/www.sisinternational.com\/de\/wp-json\/wp\/v2\/types\/page"}],"author":[{"embeddable":true,"href":"https:\/\/www.sisinternational.com\/de\/wp-json\/wp\/v2\/users\/1"}],"replies":[{"embeddable":true,"href":"https:\/\/www.sisinternational.com\/de\/wp-json\/wp\/v2\/comments?post=38049"}],"version-history":[{"count":4,"href":"https:\/\/www.sisinternational.com\/de\/wp-json\/wp\/v2\/pages\/38049\/revisions"}],"predecessor-version":[{"id":81469,"href":"https:\/\/www.sisinternational.com\/de\/wp-json\/wp\/v2\/pages\/38049\/revisions\/81469"}],"up":[{"embeddable":true,"href":"https:\/\/www.sisinternational.com\/de\/wp-json\/wp\/v2\/pages\/14281"}],"wp:featuredmedia":[{"embeddable":true,"href":"https:\/\/www.sisinternational.com\/de\/wp-json\/wp\/v2\/media\/65234"}],"wp:attachment":[{"href":"https:\/\/www.sisinternational.com\/de\/wp-json\/wp\/v2\/media?parent=38049"}],"curies":[{"name":"wp","href":"https:\/\/api.w.org\/{rel}","templated":true}]}}