{"id":38047,"date":"2021-07-09T03:13:57","date_gmt":"2021-07-09T03:13:57","guid":{"rendered":"https:\/\/www.sisinternational.com\/?page_id=38047"},"modified":"2025-09-14T17:48:07","modified_gmt":"2025-09-14T21:48:07","slug":"marktforschung-in-sambia-afrika","status":"publish","type":"page","link":"https:\/\/www.sisinternational.com\/de\/abdeckung\/marktforschung-afrika\/marktforschung-in-sambia-afrika\/","title":{"rendered":"Marktforschung in Sambia, Afrika"},"content":{"rendered":"<h1 class=\"wp-block-heading\">Marktforschung in Sambia, Afrika<\/h1>\n\n\n\n<figure class=\"gb-block-image gb-block-image-d86cc733\"><img loading=\"lazy\" decoding=\"async\" width=\"1456\" height=\"816\" class=\"gb-image gb-image-d86cc733\" src=\"https:\/\/www.sisinternational.com\/wp-content\/uploads\/2025\/08\/Zambia-3.jpg\" alt=\"SIS International Marktforschung &amp; Strategie\" title=\"Zambia (3)\" srcset=\"https:\/\/www.sisinternational.com\/wp-content\/uploads\/2025\/08\/Zambia-3.jpg 1456w, https:\/\/www.sisinternational.com\/wp-content\/uploads\/2025\/08\/Zambia-3-300x168.jpg 300w, https:\/\/www.sisinternational.com\/wp-content\/uploads\/2025\/08\/Zambia-3-1024x574.jpg 1024w, https:\/\/www.sisinternational.com\/wp-content\/uploads\/2025\/08\/Zambia-3-768x430.jpg 768w, https:\/\/www.sisinternational.com\/wp-content\/uploads\/2025\/08\/Zambia-3-18x10.jpg 18w\" sizes=\"auto, (max-width: 1456px) 100vw, 1456px\"><\/figure>\n\n\n\n<p><\/p>\n\n\n\n<p>Sambia ist die Heimat der weltber\u00fchmten Victoriaf\u00e4lle. Dieses Binnenland in S\u00fcdzentralafrika liegt auf einem Plateau. Es ist von mehreren Wasserstra\u00dfen umgeben. Mit \u00fcber 18 Millionen Einwohnern ist Sambia auch die Heimat von \u00fcber 70 ethnischen Gruppen. Es gibt eine kleine asiatische Pr\u00e4senz und Auswanderer aus Europa, Gro\u00dfbritannien und S\u00fcdafrika.<\/p>\n\n\n\n<p>Einer der gr\u00f6\u00dften Nachteile Sambias ist seine Infrastruktur. Es gibt keine Br\u00fccken \u00fcber gro\u00dfe Fl\u00fcsse und B\u00e4che und das Stra\u00dfennetz in den l\u00e4ndlichen Gebieten ist schlecht. Vor fast einem halben Jahrhundert wurden die Grenzen aufgrund des Guerillakriegs im benachbarten S\u00fcdrhodesien (dem heutigen Simbabwe) geschlossen. Seitdem verbessert sich das Stra\u00dfennetz. Dennoch besteht noch Raum f\u00fcr weitere Entwicklung.<\/p>\n\n\n\n<h2 class=\"wp-block-heading\">Nachbarschaften<\/h2>\n\n\n\n<p>Zambia\u2019s capital, Lusaka, is one of Africa\u2019s fastest-growing cities. New buildings are going up everywhere. Shopping malls and chain stores are springing up all over the sprawling suburbs. The <a href=\"https:\/\/www.sisinternational.com\/de\/stellen-sie-sicher-dass-sich-ihre-botschaft-an-die-kunden-erinnert\/\" title=\"Marktforschung zur Markenaktivierung\"  data-wpil-monitor-id=\"7745\">markets are hives of activity<\/a> with thousands of stalls. They house a myriad of restaurants, motor spares dealers, fishmongers, hairdressers, and fruit sellers. You\u2019ll also find row upon row of \u201csalaula\u201d \u2013 stalls of used clothing from the West sold to Africa by the bale.<\/p>\n\n\n\n<p>Kitwe ist die zweitgr\u00f6\u00dfte Stadt in Sambia und das Zentrum des Copperbelt-Gebiets sowie das wichtigste Handels- und Industriezentrum des Landes. Kitwe ist eine moderne Stadt mit einem Kino, einem Theater und mehreren Hotels. Sie ist eine beliebte Wahl f\u00fcr Industrieentwickler und verf\u00fcgt \u00fcber mehrere Industrien. Kitwe stellt beispielsweise Batterien, Kleidung und M\u00f6bel her. Au\u00dferdem gibt es hier florierende Konsumg\u00fcter-, Zement- und Asbestproduktionsindustrien.<\/p>\n\n\n\n<h2 class=\"wp-block-heading\">Trends<\/h2>\n\n\n\n<p>Sambia erlebt einen deutlichen demografischen Wandel. Gemessen am Durchschnittsalter ist es ein junges Land. Fast die H\u00e4lfte der Bev\u00f6lkerung Sambias ist unter 15 Jahre alt. Sambia hat eine hohe Geburtenrate und die Bev\u00f6lkerung w\u00e4chst rasant. Sie verdoppelt sich etwa alle 25 Jahre.<\/p>\n\n\n\n<p>Das Land ist mit den anhaltenden Auswirkungen von COVID-19 konfrontiert. Die Pandemie hat zu einem R\u00fcckgang mehrerer Wirtschaftsaktivit\u00e4ten gef\u00fchrt. Die Armut nimmt aufgrund schwerer Arbeitsplatzverluste im Tourismus und im verarbeitenden Gewerbe zu. Wenn diese Situation l\u00e4nger anh\u00e4lt, kann sie das Wirtschaftswachstum beeintr\u00e4chtigen.<\/p>\n\n\n\n<h2 class=\"wp-block-heading\">Schl\u00fcsselindustrien<\/h2>\n\n\n\n<p>Copper and cobalt <a href=\"https:\/\/www.sisinternational.com\/de\/venezuela-oil-mining-industry-potential-strategic-forecast-2026-2036\/\" title=\"Venezuela Oil &amp; Mining Industry Potential: Strategic Forecast 2026-2036\"  data-wpil-monitor-id=\"7746\">mining is the primary industry<\/a> in Zambia, but agriculture, forestry, fishing, textile manufacturing, and tourism are also promising ventures. Export crops include tobacco, cotton, fresh vegetables, and flowers. The country also exports gemstones, copper wire, cables, chemicals, and chemical products. In addition, it manufactures equipment and machinery.<\/p>\n\n\n\n<p>Corn, millet, peanuts, cassava, and sorghum are the primary food sources for local consumption. Further, Zambians have a robust timber industry with several species of exotic softwoods. The country has improved sugarcane <a href=\"https:\/\/www.sisinternational.com\/de\/sachverstand\/lebenslaufe\/marktforschung-fur-korperpflegeprodukte\/\" title=\"Marktforschung f\u00fcr K\u00f6rperpflegeprodukte\"  data-wpil-monitor-id=\"7744\">production for the local and domestic markets<\/a>. Zambian farmers also grow wheat, tobacco, tea, and coffee.<\/p>\n\n\n\n<p>Ein gro\u00dfer Teil der Bev\u00f6lkerung ist au\u00dferdem auf andere H\u00f6lzer angewiesen, um Holzkohle herzustellen. Diese Holzkohle dient in l\u00e4ndlichen Haushalten als Brennstoff zum Kochen. Auch die Fischerei ist aufgrund der Vielzahl an Seen, Fl\u00fcssen und S\u00fcmpfen eine florierende wirtschaftliche Option.<\/p>\n\n\n\n<p>Bemerkenswert sind Sambias reiche Vorkommen an einigen der gr\u00f6\u00dften Smaragdvorkommen der Welt. Dar\u00fcber hinaus gibt es andere Edelsteine wie Turmalin, Aquamarin und Amethyst. Sambia produziert auch Talk in Kosmetikqualit\u00e4t, Gold, Kobalt, Eisenerz, Silber und Altmetall.<\/p>\n\n\n\n<p>Zu den wichtigsten Exportpartnern Sambias z\u00e4hlen:<\/p>\n\n\n\n<ul class=\"wp-block-list\">\n<li>China<\/li>\n\n\n\n<li>S\u00fcdafrika<\/li>\n\n\n\n<li>Schweiz<\/li>\n\n\n\n<li>Demokratische Republik Kongo<\/li>\n<\/ul>\n\n\n\n<h2 class=\"wp-block-heading\">Verbraucherbasis<\/h2>\n\n\n\n<p>Fast die H\u00e4lfte der sambischen Bev\u00f6lkerung lebt in St\u00e4dten. Damit ist das Land eines der am st\u00e4rksten urbanisierten Afrikas. Dieser Trend d\u00fcrfte sich in den kommenden Jahren noch verst\u00e4rken, da die Wirtschaft weiter w\u00e4chst. Immer mehr arme Landbewohner ziehen in diese st\u00e4dtischen Gebiete, was f\u00fcr einige Unternehmen von Vorteil ist.<\/p>\n\n\n\n<h2 class=\"wp-block-heading\">Gr\u00fcnde f\u00fcr den Ausbau Ihres Gesch\u00e4fts in Sambia<\/h2>\n\n\n\n<p>Sambia ist ein sicheres Land mit einer stabilen Regierung und warmherzigen, freundlichen Menschen. In einigen Sektoren gibt es jedoch Herausforderungen. Dennoch ist dieses Land mit unterem bis mittlerem Einkommen reich an verschiedenen nat\u00fcrlichen Ressourcen. Diese Ressourcen k\u00f6nnen die Wirtschaftst\u00e4tigkeit ankurbeln. Obwohl das BIP in letzter Zeit gesunken ist, bleiben die Aussichten g\u00fcnstig. Sambia ist reif f\u00fcr Investitionen in den Kupferbergbau, den Tourismus und die verarbeitende Industrie.<\/p>\n\n\n\n<h2 class=\"wp-block-heading\">\u00dcber Marktforschung in Sambia<\/h2>\n\n\n\n<p>Are you <a href=\"https:\/\/www.sisinternational.com\/de\/wirtschaftsausblick-fur-katar\/\" title=\"Wirtschaftsausblick und Marktforschung f\u00fcr Katar\"  data-wpil-monitor-id=\"7743\">researching the economic outlook<\/a> and growth rate for Zambia? Are you searching for good investment opportunities? Then we can put you in an excellent position to explore several exciting prospects. Our extensive study includes Qualitative, Quantitative, and Strategy Research methods. We will help you to make an informed decision about investing in this resource-rich country.<\/p>","protected":false},"excerpt":{"rendered":"<p>Marktforschung in Sambia, Afrika In Sambia befinden sich die weltber\u00fchmten Victoriaf\u00e4lle. Dieses Binnenland in S\u00fcdzentralafrika liegt auf einem Plateau. Es ist von mehreren Wasserstra\u00dfen umgeben. Mit \u00fcber 18 Millionen Einwohnern ist Sambia auch die Heimat von \u00fcber 70 ethnischen Gruppen. Es gibt eine kleine asiatische Pr\u00e4senz und Auswanderer aus Europa, Gro\u00dfbritannien und S\u00fcdafrika. \u2026 <a title=\"Marktforschung in Sambia, Afrika\" class=\"read-more\" href=\"https:\/\/www.sisinternational.com\/de\/abdeckung\/marktforschung-afrika\/marktforschung-in-sambia-afrika\/\" aria-label=\"Mehr Informationen \u00fcber Marktforschung in Sambia, Afrika\">Weiterlesen \u2026<\/a><\/p>","protected":false},"author":1,"featured_media":65157,"parent":14281,"menu_order":37,"comment_status":"closed","ping_status":"closed","template":"","meta":{"footnotes":""},"class_list":["post-38047","page","type-page","status-publish","has-post-thumbnail"],"_links":{"self":[{"href":"https:\/\/www.sisinternational.com\/de\/wp-json\/wp\/v2\/pages\/38047","targetHints":{"allow":["GET"]}}],"collection":[{"href":"https:\/\/www.sisinternational.com\/de\/wp-json\/wp\/v2\/pages"}],"about":[{"href":"https:\/\/www.sisinternational.com\/de\/wp-json\/wp\/v2\/types\/page"}],"author":[{"embeddable":true,"href":"https:\/\/www.sisinternational.com\/de\/wp-json\/wp\/v2\/users\/1"}],"replies":[{"embeddable":true,"href":"https:\/\/www.sisinternational.com\/de\/wp-json\/wp\/v2\/comments?post=38047"}],"version-history":[{"count":3,"href":"https:\/\/www.sisinternational.com\/de\/wp-json\/wp\/v2\/pages\/38047\/revisions"}],"predecessor-version":[{"id":81306,"href":"https:\/\/www.sisinternational.com\/de\/wp-json\/wp\/v2\/pages\/38047\/revisions\/81306"}],"up":[{"embeddable":true,"href":"https:\/\/www.sisinternational.com\/de\/wp-json\/wp\/v2\/pages\/14281"}],"wp:featuredmedia":[{"embeddable":true,"href":"https:\/\/www.sisinternational.com\/de\/wp-json\/wp\/v2\/media\/65157"}],"wp:attachment":[{"href":"https:\/\/www.sisinternational.com\/de\/wp-json\/wp\/v2\/media?parent=38047"}],"curies":[{"name":"wp","href":"https:\/\/api.w.org\/{rel}","templated":true}]}}