{"id":38036,"date":"2021-07-09T02:27:58","date_gmt":"2021-07-09T02:27:58","guid":{"rendered":"https:\/\/www.sisinternational.com\/?page_id=38036"},"modified":"2026-01-27T16:37:05","modified_gmt":"2026-01-27T21:37:05","slug":"marktforschung-in-simbabwe-afrika","status":"publish","type":"page","link":"https:\/\/www.sisinternational.com\/de\/abdeckung\/marktforschung-afrika\/marktforschung-in-simbabwe-afrika\/","title":{"rendered":"Marktforschung in Simbabwe, Afrika"},"content":{"rendered":"<h1 class=\"wp-block-heading\">Marktforschung in Simbabwe, Afrika<\/h1>\n\n\n\n<figure class=\"gb-block-image gb-block-image-b926d6f2\"><img loading=\"lazy\" decoding=\"async\" width=\"1456\" height=\"816\" class=\"gb-image gb-image-b926d6f2\" src=\"https:\/\/www.sisinternational.com\/wp-content\/uploads\/2025\/08\/Zimbabwe-3.jpg\" alt=\"SIS International Marktforschung &amp; Strategie\" title=\"Zimbabwe, (3)\" srcset=\"https:\/\/www.sisinternational.com\/wp-content\/uploads\/2025\/08\/Zimbabwe-3.jpg 1456w, https:\/\/www.sisinternational.com\/wp-content\/uploads\/2025\/08\/Zimbabwe-3-300x168.jpg 300w, https:\/\/www.sisinternational.com\/wp-content\/uploads\/2025\/08\/Zimbabwe-3-1024x574.jpg 1024w, https:\/\/www.sisinternational.com\/wp-content\/uploads\/2025\/08\/Zimbabwe-3-768x430.jpg 768w, https:\/\/www.sisinternational.com\/wp-content\/uploads\/2025\/08\/Zimbabwe-3-18x10.jpg 18w\" sizes=\"auto, (max-width: 1456px) 100vw, 1456px\"><\/figure>\n\n\n\n<p><\/p>\n\n\n\n<p>Die Republik Simbabwe, ehemals Rhodesien, bietet einige der atemberaubendsten Landschaften im s\u00fcdlichen Afrika. Es ist ein Binnenland zwischen den Fl\u00fcssen Limpopo und Sambesi. Seine Gesamtfl\u00e4che betr\u00e4gt \u00fcber 150.000 Quadratmeilen.<\/p>\n\n\n\n<p>The country borders Mozambique to the <a href=\"https:\/\/www.sisinternational.com\/de\/abdeckung\/marktforschung-afrika\/marktforschung-in-uganda-afrika\/\" title=\"Marktforschung in Uganda, Ostafrika\"  data-wpil-monitor-id=\"6087\">east and South Africa<\/a> to the south. Zambia and Botswana are to the <a href=\"https:\/\/www.sisinternational.com\/de\/abdeckung\/marktforschung-afrika\/marktforschung-in-marokko-nordafrika\/\" title=\"Marktforschung in Marokko, Nordwestafrikanischer Kontinent\"  data-wpil-monitor-id=\"11238\">north and west<\/a>. After years of civil and military unrest, Zimbabwe began to settle down around 1980. Yet, although it had a more stable form of government, it still faced hardships. For example, its struggle with hyperinflation is well-known.<\/p>\n\n\n\n<p>Even now, electricity flickers on for only a few hours at a time, often at night. Another challenge is running water, which flows for only a few hours a week. It\u2019s a difficult climate to run a business. In fact, business owners have to import power from Mozambique and South <a href=\"https:\/\/www.sisinternational.com\/de\/die-auswirkungen-der-nigerianischen-marktkultur-auf-das-geschaft\/\" title=\"Der nigerianische Markt: Der Einfluss der Kultur auf das Gesch\u00e4ft\"  data-wpil-monitor-id=\"7480\">Afrika<\/a>. Still, it provides an opportunity for investors. These investors can look at providing essential services, ensuring the survival of businesses.<\/p>\n\n\n\n<h2 class=\"wp-block-heading\">Trends<\/h2>\n\n\n\n<p>Etwa 75 Prozent der Bev\u00f6lkerung sind f\u00fcr ihren Lebensunterhalt von der Landwirtschaft abh\u00e4ngig. Bemerkenswert sind die hohe Alphabetisierungsrate und die fortschrittliche, gut ausgebildete Belegschaft. Diese Indikatoren sind f\u00fcr Investoren positive Zeichen, strategische Allianzen zu bilden. Die Dienstleistungs-, Fertigungs-, Telekommunikations- und Agrarindustrie sind hervorragende Ausgangspunkte.<\/p>\n\n\n\n<p>Die derzeitige weltweite Rezession und COVID-19 haben sich auf Lebensbedingungen und Besch\u00e4ftigung ausgewirkt. Dennoch sind die wirtschaftlichen Aussichten positiv. Simbabwe erfreut sich weiterhin einer starken Wirtschaft. Das Land ist auch nicht nennenswert von der Finanzierung durch internationale Organisationen abh\u00e4ngig. Dar\u00fcber hinaus prognostizieren Experten einen durch die Landwirtschaft bedingten Anstieg des BIP.<\/p>\n\n\n\n<h2 class=\"wp-block-heading\">Schl\u00fcsselindustrien<\/h2>\n\n\n\n<p>Simbabwe nimmt etwa 93 Prozent der Landesfl\u00e4che und 83 Prozent der Wasserfl\u00e4che des s\u00fcdlichen Afrikas ein. Das Land ist reich an nat\u00fcrlichen Ressourcen, verf\u00fcgt \u00fcber eine gute Infrastruktur und ist sowohl per Flugzeug als auch per Schiff erreichbar. Au\u00dferdem verf\u00fcgt es \u00fcber ein zuverl\u00e4ssiges Stra\u00dfennetz.<\/p>\n\n\n\n<p>Simbabwe geh\u00f6rt zu den 15 gr\u00f6\u00dften Goldproduzenten der Welt. Die Simbabwer bauen auch Platin, Kupfer, Kohle, Zinn, metallische und nichtmetallische Erze, Nickel, Chemikalien, Zement, Holzprodukte, Stahl und D\u00fcngemittel ab. Weitere Exportg\u00fcter sind Nahrungsmittel, Kleidung, Schuhe und Getr\u00e4nke.<\/p>\n\n\n\n<p>Bedeutende Gesch\u00e4ftsm\u00f6glichkeiten bestehen in den Bereichen Gartenbau, Tourismus, Maschinenbau, Forstwirtschaft, Fertigung, Bergbau und Telekommunikation. Dar\u00fcber hinaus z\u00e4hlen Gold, Tabak, Zucker, Baumwolle und Metallerze zu den Hauptexportg\u00fctern. Simbabwes wichtigste Exportpartner sind:<\/p>\n\n\n\n<ul class=\"wp-block-list\">\n<li>Frankreich<\/li>\n\n\n\n<li>Die Niederlande<\/li>\n\n\n\n<li>S\u00fcdafrika<\/li>\n\n\n\n<li>Gro\u00dfbritannien<\/li>\n\n\n\n<li>Irland<\/li>\n\n\n\n<li>Belgien<\/li>\n<\/ul>\n\n\n\n<h2 class=\"wp-block-heading\">Verbraucherbasis<\/h2>\n\n\n\n<p>Zu den wichtigsten Importg\u00fctern Simbabwes z\u00e4hlen Brennstoffe, Minerald\u00fcnger, Erd\u00f6l, Transportausr\u00fcstung, Maschinen, elektrische Energie, Reis, Weizen und andere Nahrungsmittel.<\/p>\n\n\n\n<p>Der Gro\u00dfteil der Bev\u00f6lkerung ist von der Landwirtschaft abh\u00e4ngig. Daher besteht erhebliches Potenzial, den Sektor auszubauen. Tats\u00e4chlich k\u00f6nnen Investoren in die Agrarverarbeitung, den Gartenbau und die Viehzucht einsteigen. Sie k\u00f6nnen auch eine gro\u00dfe Vielfalt an Obstkulturen erkunden. So k\u00f6nnen Investoren beispielsweise Pfirsiche, Erdbeeren, Zuckererbsen und Nektarinen anbauen. Eine weitere Investitionsm\u00f6glichkeit liegt in der Verbesserung der Wertsch\u00f6pfungskette.<\/p>\n\n\n\n<p>Simbabwe hat eine vielf\u00e4ltige Bev\u00f6lkerung. Obwohl die schwarze Bev\u00f6lkerung vorherrscht, gibt es im Land auch Wei\u00dfe und Asiaten. Dar\u00fcber hinaus gibt es zahlreiche andere ethnische Gruppen.<\/p>\n\n\n\n<p>Die Simbabwer sind arm und die Regierung macht eine D\u00fcrre f\u00fcr die Nahrungsmittelknappheit verantwortlich. Das Land hat \u00fcber 15 Millionen Einwohner, ein Drittel davon ist zwischen 15 und 29 Jahre alt. Ein weiteres Drittel ist unter 15 Jahre alt.<\/p>\n\n\n\n<h2 class=\"wp-block-heading\">Gr\u00fcnde f\u00fcr den Ausbau Ihres Gesch\u00e4fts in Simbabwe<\/h2>\n\n\n\n<p>Simbabwe hat viele Jahre wirtschaftlicher R\u00fcckschl\u00e4ge und innerer Unruhen hinter sich. Dennoch kann es die Welt jetzt im Sturm erobern. Es hat jetzt eine stabile Regierung. Es hat auch ein angenehmes Klima und hervorragende Aussichten in der Landwirtschaft und im Bergbau. All diese Faktoren machen es ideal f\u00fcr Investitionen. Das Land ist reich an Mineralien und verf\u00fcgt \u00fcber mehr als 40 verschiedene Mineralerze. Die Bergbauindustrie tr\u00e4gt am meisten zum j\u00e4hrlichen BIP des Landes bei.<\/p>\n\n\n\n<p>Der Industriesektor erwirtschaftet mehr als 25 Prozent des BIP. Dar\u00fcber hinaus tr\u00e4gt die Landwirtschaft etwa ein F\u00fcnftel zum BIP bei. Die Bauern produzieren Kaffee, Tabak, Weizen, Erdn\u00fcsse, Mais und verschiedene Fr\u00fcchte.<\/p>\n\n\n\n<p>Der hochwertige Boden, das warme Klima und die Ackerfl\u00e4chen schaffen ideale Bedingungen. Mehrere Branchen k\u00f6nnen florieren, darunter Forstwirtschaft, Bew\u00e4sserung, Infrastruktur und Bergbau. Die verarbeitende Industrie bietet erhebliche Investitionen in die Zellstoff- und Papierproduktion, Kunststoffe, Schl\u00e4uche, Reifen und Fahrzeugmontage.<\/p>\n\n\n\n<p>Das tropische Klima Simbabwes ist ideal f\u00fcr die Landwirtschaft. Zu den M\u00f6glichkeiten geh\u00f6ren der Anbau frisch geschnittener Blumen, Fr\u00fcchte, Zucker- und Brechbohnen sowie Erbsen.<\/p>\n\n\n\n<p>Further, it\u2019s making <a href=\"https:\/\/www.sisinternational.com\/de\/b2b-produktpositionierungsmarktforschung\/\" title=\"B2B Produktpositionierung Marktforschung\"  data-wpil-monitor-id=\"11239\">positive strides in developing its tourism product<\/a>. It aims to be one of the world\u2019s most desirable destinations.<\/p>\n\n\n\n<p>Overall, Zimbabwe has a well-established and reliable telecommunications network. It\u2019s ideal for business engagement. Moreover, there are several <a href=\"https:\/\/www.sisinternational.com\/de\/chancen-und-hindernisse-des-islamischen-bankwesens-fur-die-us-finanzbranche\/\" title=\"Islamic Banking: Chancen und Hindernisse f\u00fcr die US-Finanzbranche\"  data-wpil-monitor-id=\"11241\">Gelegenheiten<\/a> to further enhance the already thriving banking sector.<\/p>\n\n\n\n<h2 class=\"wp-block-heading\">\u00dcber Marktforschung in Simbabwe<\/h2>\n\n\n\n<p>Are you seeking investment opportunities in Zimbabwe? Our Qualitative, Quantitative, and Strategy Research methodologies provide several critical indicators. Our <a href=\"https:\/\/www.sisinternational.com\/de\/losungen\/verbrauchermarktforschung\/\" title=\"Consumer Market Research Services for Smarter Business Decisions\"  data-wpil-monitor-id=\"11240\">services foster business<\/a> growth and development. Here we\u2019ve provided a detailed analysis of several exciting business prospects. Zimbabwe holds much promise, and we hope that this article helps with your decision.<\/p>","protected":false},"excerpt":{"rendered":"<p>Simbabwe verf\u00fcgt \u00fcber reichhaltige nat\u00fcrliche Ressourcen und eine gute Infrastruktur und nimmt einen erheblichen Teil der Land- und Wasserfl\u00e4che im s\u00fcdlichen Afrika ein.<\/p>","protected":false},"author":1,"featured_media":65160,"parent":14281,"menu_order":36,"comment_status":"closed","ping_status":"closed","template":"","meta":{"footnotes":""},"class_list":["post-38036","page","type-page","status-publish","has-post-thumbnail"],"_links":{"self":[{"href":"https:\/\/www.sisinternational.com\/de\/wp-json\/wp\/v2\/pages\/38036","targetHints":{"allow":["GET"]}}],"collection":[{"href":"https:\/\/www.sisinternational.com\/de\/wp-json\/wp\/v2\/pages"}],"about":[{"href":"https:\/\/www.sisinternational.com\/de\/wp-json\/wp\/v2\/types\/page"}],"author":[{"embeddable":true,"href":"https:\/\/www.sisinternational.com\/de\/wp-json\/wp\/v2\/users\/1"}],"replies":[{"embeddable":true,"href":"https:\/\/www.sisinternational.com\/de\/wp-json\/wp\/v2\/comments?post=38036"}],"version-history":[{"count":8,"href":"https:\/\/www.sisinternational.com\/de\/wp-json\/wp\/v2\/pages\/38036\/revisions"}],"predecessor-version":[{"id":81833,"href":"https:\/\/www.sisinternational.com\/de\/wp-json\/wp\/v2\/pages\/38036\/revisions\/81833"}],"up":[{"embeddable":true,"href":"https:\/\/www.sisinternational.com\/de\/wp-json\/wp\/v2\/pages\/14281"}],"wp:featuredmedia":[{"embeddable":true,"href":"https:\/\/www.sisinternational.com\/de\/wp-json\/wp\/v2\/media\/65160"}],"wp:attachment":[{"href":"https:\/\/www.sisinternational.com\/de\/wp-json\/wp\/v2\/media?parent=38036"}],"curies":[{"name":"wp","href":"https:\/\/api.w.org\/{rel}","templated":true}]}}