{"id":37998,"date":"2021-06-28T15:36:33","date_gmt":"2021-06-28T15:36:33","guid":{"rendered":"https:\/\/www.sisinternational.com\/?page_id=37998"},"modified":"2026-01-25T18:34:55","modified_gmt":"2026-01-25T23:34:55","slug":"maritime-marktforschung","status":"publish","type":"page","link":"https:\/\/www.sisinternational.com\/de\/sachverstand\/maritime-marktforschung\/","title":{"rendered":"Maritime Marktforschung"},"content":{"rendered":"<h1 class=\"wp-block-heading\">Maritime Marktforschung<\/h1>\n\n\n\n<figure class=\"gb-block-image gb-block-image-a3ab37c8\"><img loading=\"lazy\" decoding=\"async\" width=\"1456\" height=\"816\" class=\"gb-image gb-image-a3ab37c8\" src=\"https:\/\/www.sisinternational.com\/wp-content\/uploads\/2025\/09\/Maritime-4.jpg\" alt=\"SIS International Marktforschung &amp; Strategie\" title=\"Maritime (4)\" srcset=\"https:\/\/www.sisinternational.com\/wp-content\/uploads\/2025\/09\/Maritime-4.jpg 1456w, https:\/\/www.sisinternational.com\/wp-content\/uploads\/2025\/09\/Maritime-4-300x168.jpg 300w, https:\/\/www.sisinternational.com\/wp-content\/uploads\/2025\/09\/Maritime-4-1024x574.jpg 1024w, https:\/\/www.sisinternational.com\/wp-content\/uploads\/2025\/09\/Maritime-4-768x430.jpg 768w, https:\/\/www.sisinternational.com\/wp-content\/uploads\/2025\/09\/Maritime-4-18x10.jpg 18w\" sizes=\"auto, (max-width: 1456px) 100vw, 1456px\"><\/figure>\n\n\n\n<hr class=\"wp-block-separator has-alpha-channel-opacity is-style-dots\"\/>\n\n\n\n<p>Maritim bezieht sich auf alles, was mit dem Meer zu tun hat. Die maritime Industrie umfasst Unternehmen, die sich auf die Entwicklung und Herstellung von Schiffen f\u00fcr maritime kommerzielle oder milit\u00e4rische Aktivit\u00e4ten konzentrieren. Der Marinemarkt umfasst alle Dienstleistungen oder Prozesse, die Seeschiffe f\u00fcr Schifffahrt, Transport und Freizeit beinhalten.<\/p>\n\n\n\n<h2 class=\"wp-block-heading\">Warum ist der maritime Markt wichtig?<\/h2>\n\n\n\n<p>Die Schifffahrtsindustrie ist seit fast 5.000 Jahren ein etabliertes Transportmittel. Wichtige Schifffahrtsrouten begannen im Arabischen Meer, um Banditen vom Land aus zu entgehen. Heute ist sie ein globaler Markt, der sich auf den Schiffstransport \u00fcber \u00dcbersee und entlang der K\u00fcstenwasserstra\u00dfen konzentriert und die Verteilung von Waren, Personen und Dienstleistungen \u00fcber verschiedene Kontinente hinweg rund um die Uhr, 365 Tage im Jahr erm\u00f6glicht.<\/p>\n\n\n\n<h2 class=\"wp-block-heading\">Trends im maritimen Markt<\/h2>\n\n\n\n<h3 class=\"wp-block-heading\">Navigations-Upgrades<\/h3>\n\n\n\n<p>Aktuelle Navigationsl\u00f6sungen in der Schifffahrtsindustrie sind robust und eignen sich gut, um Schiffe zu ihrem n\u00e4chsten Ziel zu navigieren. Sonar, Radar und GPS sind f\u00fcr Schiffskapit\u00e4ne unverzichtbar geworden. Allerdings besteht bei diesen Technologien noch Verbesserungspotenzial.<\/p>\n\n\n\n<p>Aus diesem Grund setzen Schifffahrtsunternehmen zunehmend neue Navigationsinstrumente ein, die eine optimierte Routenplanung erm\u00f6glichen, LiDAR-Technologien f\u00fcr eine bessere Lageerkennung nutzen und den Autopiloten verst\u00e4rken, um die Effizienz zu maximieren und die Reisezeit zu verk\u00fcrzen.<\/p>\n\n\n\n<h3 class=\"wp-block-heading\">F\u00e4higkeiten Investitionen<\/h3>\n\n\n\n<p>Auf dem Schifffahrtsmarkt ist die Zahl der Unternehmen, die ihre Transportkapazit\u00e4ten erweitern, deutlich gestiegen. Infolgedessen hat die Anschaffung von St\u00fcckgutschiffen, Massengutfrachtern, Chemikalientankern, Containerschiffen, Passagierschiffen und Fl\u00fcssiggastankern (LNG) stetig zugenommen, und dieser Trend scheint sich fortzusetzen.<\/p>\n\n\n\n<p>LNG ist in diesem Markt besonders vielversprechend, da es als leichterer und effizienterer Kraftstoff f\u00fcr Schiffe mit LNG-Motoren dient. Da der globale Trend zu saubereren Kraftstoffen anh\u00e4lt, wird die Schifffahrtsindustrie diesem Beispiel folgen und effizientere Methoden f\u00fcr die Verteilung von G\u00fctern und Personen einf\u00fchren.<\/p>\n\n\n\n<h3 class=\"wp-block-heading\">Datenanalyse<\/h3>\n\n\n\n<p>Seit ihrer Einf\u00fchrung haben Big Data und fortschrittliche Datenanalysesoftware maritimen Organisationen die Implementierung effizienter Vertriebs- und Bestandsverwaltungsprotokolle erm\u00f6glicht. Dar\u00fcber hinaus nutzen Unternehmen Big Data, um Ineffizienzen in ihrer Lieferkette besser zu verstehen und sofortige L\u00f6sungen zur \u00dcberwindung dieser Hindernisse zu finden.<\/p>\n\n\n\n<p>Fortgeschrittene Datenanalysetools k\u00f6nnen auch den Versand rationalisieren und die Informationssicherheit f\u00fcr alle Beteiligten erh\u00f6hen. Die Verfolgung der Mitarbeiterproduktivit\u00e4t, der Schiffsleistung, der Ladekapazit\u00e4ten, des Kraftstoffverbrauchs und mehr wird durch Datenanalyse erm\u00f6glicht. Unternehmen, die diese Trends nicht \u00fcbernehmen, werden in Zukunft wahrscheinlich Schwierigkeiten haben, im Vergleich zur Konkurrenz profitabel zu bleiben.<\/p>\n\n\n\n<h3 class=\"wp-block-heading\">Maschinelles Lernen und k\u00fcnstliche Intelligenz<\/h3>\n\n\n\n<p>K\u00fcnstliche Intelligenz und maschinelles Lernen (KI\/ML) haben die Schifffahrtsbranche \u00e4hnlich umgestaltet wie die Datenanalyse. Allerdings m\u00fcssen Nutzlastbetreiber und Schiffsbesatzungen dank KI\/ML keine Zeit mehr mit der manuellen Analyse von Daten verbringen. Stattdessen erm\u00f6glichen diese Technologien Schiffen, etwas \u00fcber sich selbst zu lernen und etwaige Inkonsistenzen in Leistung oder Effizienz zu erkennen.<\/p>\n\n\n\n<p>Wartungsverfolgung, Bestandsverfolgung, Verschl\u00fcsselung und Echtzeitwarnungen durch KI\/ML sind gro\u00dfe Bef\u00fcrworter der Revolutionierung der Schifffahrtsbranche. Eines Tages werden sie zum Standard im Werkzeugkasten fast aller gro\u00dfen Speditionen geh\u00f6ren.<\/p>\n\n\n\n<h3 class=\"wp-block-heading\">Tourismus<\/h3>\n\n\n\n<p>Der Tourismus im maritimen Markt hat L\u00e4ndern auf der ganzen Welt neue wirtschaftliche M\u00f6glichkeiten er\u00f6ffnet. In L\u00e4ndern wie Malaysia und Sri Lanka ist der K\u00fcstentourismus der Hauptbeitragszahler zum BIP. Unternehmen haben die Chancen dieser Branche erkannt und erhebliche Investitionen in neue Schiffe, mehr Sicherheit und sogar in die H\u00e4fen get\u00e4tigt, die sie anlaufen, um die Verbrauchernachfrage nach Meerestourismus zu steigern.<\/p>\n\n\n\n<p>Die verst\u00e4rkte Sicherheit der Touristen ist f\u00fcr viele Organisationen zu einem wichtigen Anliegen geworden und hat zu Trends in Richtung einer st\u00e4rkeren \u00dcberwachung der Luftqualit\u00e4t an Bord, dezentraler CCTV-Anlagen und der verst\u00e4rkten Einstellung von Sicherheitspersonal gef\u00fchrt. Diese verst\u00e4rkten Sicherheitsprotokolle f\u00fcr den K\u00fcstentourismus erm\u00f6glichen es den Organisationen, Touristen neue Reisegebiete (wie den Iran) anzubieten, ohne sich um deren Sicherheit sorgen zu m\u00fcssen. Dies \u00f6ffnet die T\u00fcr f\u00fcr zahlreiche Investitionsm\u00f6glichkeiten rund um den Globus.<\/p>\n\n\n\n<h2 class=\"wp-block-heading\">Chancen im maritimen Markt<\/h2>\n\n\n\n<ul class=\"wp-block-list\">\n<li>Unternehmen, die in neue Schiffe und Hafeninfrastruktur investieren, k\u00f6nnen mit besseren Gewinnen rechnen, da die Preise f\u00fcr fossile Brennstoffe weiterhin schwanken und die alternde Infrastruktur Hindernisse f\u00fcr die Lieferketten darstellt.<\/li>\n\n\n\n<li>Durch die Nutzung neuer Technologien wie autonome Schiffe, Roboter, <a href=\"https:\/\/www.maritime.dot.gov\/sites\/marad.dot.gov\/files\/2020-07\/Blockchain%20Use%20Cases%20Final%20Report%20%2820200622%29.pdf\" target=\"_blank\" rel=\"noopener\">blockchain<\/a>, KI\/ML und sogar LiDAR k\u00f6nnen die Betriebseffizienz verbessern und die Gesamtproduktivit\u00e4t ohne zus\u00e4tzliches Personal steigern. Au\u00dferdem k\u00f6nnen sie das Reisen sicherer machen und die Wahrscheinlichkeit von Katastrophen verringern.<\/li>\n\n\n\n<li>Durch verbesserte Sicherheitsfunktionen werden neue Tourismusm\u00e4rkte zug\u00e4nglich. Unternehmen, die einzigartige Reiseziele anbieten k\u00f6nnen, die einst nicht mehr befahrbar waren, und diese angemessen vermarkten k\u00f6nnen, k\u00f6nnen daher mit erheblichem Interesse aus dem Tourismussegment rechnen.<\/li>\n\n\n\n<li>K\u00fcstenhotels, Restaurants und Unterhaltungsangebote k\u00f6nnen von den Investitionen in die maritime Tourismusbranche gro\u00dfe Renditen erwarten.<\/li>\n<\/ul>\n\n\n\n<h2 class=\"wp-block-heading\">Herausforderungen in der maritimen Industrie<\/h2>\n\n\n\n<p>Wie bereits erw\u00e4hnt, hat die Schifffahrtsbranche schon seit Ewigkeiten mit Sicherheitsproblemen zu k\u00e4mpfen, und dies ist sowohl f\u00fcr Frachtschiffe als auch f\u00fcr Touristenschiffe ein echtes Problem. Leider haben Piraten in der Vergangenheit ganze Schiffe als Geiseln genommen, Waren gestohlen und Menschen verletzt oder get\u00f6tet, sodass die Bedeutung der Schiffssicherheit in der gesamten Branche eine Herausforderung ist, die nicht so schnell verschwinden wird.<\/p>\n\n\n\n<p>Die Seeschifffahrt erfordert im Vergleich zu Flugreisen und -verteilung viel mehr Zeit. Aus diesem Grund m\u00fcssen Unternehmen im Schifffahrtssektor Wege finden, um wettbewerbsf\u00e4hig zu bleiben und Touristen und Kunden mit innovativen, f\u00fcr beide Seiten vorteilhaften L\u00f6sungen anzulocken. Gro\u00dfe Frachtschiffe, Chemikalientanker und Containerschiffe m\u00fcssen sich in dieser Hinsicht nat\u00fcrlich keine gro\u00dfen Sorgen machen. Da sich die Luft- und Raumfahrtindustrie jedoch weiterentwickelt, ist dies eine Herausforderung, der sich die Schifffahrtsindustrie bewusst sein muss, um voranzukommen.<\/p>\n\n\n\n<p>Neue Technologien sind teuer. Kleinere Unternehmen, die nicht \u00fcber die Mittel f\u00fcr derartige Investitionen verf\u00fcgen, m\u00fcssen daher effizienter arbeiten, um ihre Wettbewerbsf\u00e4higkeit auf diesem Markt nicht einzub\u00fc\u00dfen. Zwar fehlt diesen kleineren Unternehmen die zus\u00e4tzliche digitale und physische Infrastruktur, doch sie gleichen dies durch Geschwindigkeit, Effizienz und Kosten aus.<\/p>\n\n\n\n<h3 class=\"wp-block-heading\">Neue Technologien<\/h3>\n\n\n\n<p>Blockchain ist eine neue Technologie im maritimen Bereich, die allen am Schifffahrtsprozess Beteiligten digitale, verschl\u00fcsselte und manipulationssichere Hauptb\u00fccher bereitstellt. <a href=\"https:\/\/www.sisinternational.com\/de\/sachverstand\/branchen\/frachtmarktforschung-2\/\">In jeder Phase des Versandzyklus erm\u00f6glicht Blockchain Unternehmen, ihre Lagerbest\u00e4nde besser zu verwalten, die Betriebssicherheit zu erh\u00f6hen und die Effizienz zu maximieren.<\/a>.<\/p>\n\n\n\n<p>Motoren mit Fl\u00fcssigerdgas (LNG) haben langsam Einzug in die Schifffahrtsbranche gehalten und werden dies auch weiterhin tun, sofern keine effizientere oder erneuerbare Alternative existiert. Derzeit k\u00f6nnen Unternehmen mit erheblichen Investitionen in die Einf\u00fchrung von LNG rechnen, um den Gewinn zu steigern, das Transportgewicht zu reduzieren und dem globalen Klima besser zu dienen.<\/p>\n\n\n\n<p>Die M\u00f6glichkeiten von KI\/ML sind endlos und k\u00f6nnen sich f\u00fcr die Schifffahrtsindustrie als vorteilhaft erweisen. Diese digitalen Tools erm\u00f6glichen es Robotern, Schiffen, Motoren und Sensoren, Betriebsprotokolle zu optimieren und sich selbst zu verbessern, ohne dass menschliches Eingreifen erforderlich ist. Tools wie AutoML, das sich ohne zus\u00e4tzliche Programmierung automatisch selbst trainiert, werden Fracht- und Passagiertransportunternehmen auf der ganzen Welt neue M\u00f6glichkeiten er\u00f6ffnen. Diese Technologien haben sich f\u00fcr die Weiterentwicklung der US-Armee als inkrementell erwiesen und werden viele \u00e4hnliche M\u00f6glichkeiten f\u00fcr das kommerzielle Schifffahrtssegment bieten.<\/p>\n\n\n\n<h2 class=\"wp-block-heading\">Warum ist maritime Marktforschung wichtig?<\/h2>\n\n\n\n<p><a href=\"https:\/\/www.sisinternational.com\/de\/fallstudien\/\">Marktforschung betrachtet das gro\u00dfe Ganze<\/a> und ber\u00fccksichtigt alle verschiedenen Trends, Wettbewerber, Aussichten, geografischen Gebiete und die globale Politik, die einen Markt beeinflussen. Es handelt sich um einen einzigartigen Prozess, der ein besseres Verst\u00e4ndnis des Marktes eines Unternehmens erm\u00f6glicht und es ihm erm\u00f6glicht, strategische, klar definierte Ziele umzusetzen.<\/p>\n\n\n\n<p>Die maritime Marktforschung ist aufgrund der erheblichen Ver\u00e4nderungen in der gesamten Branche von entscheidender Bedeutung. Die maritime Marktforschung kann maritimen Organisationen erm\u00f6glichen, bei der Durchf\u00fchrung wichtiger Entscheidungen faktenbasierte, datengesteuerte Erkenntnisse zu nutzen.<\/p>\n\n\n\n<p>Qualitative research in the <a href=\"https:\/\/www.sisinternational.com\/de\/sachverstand\/branchen\/kochgeschirr-und-backformen-pfannen-zubehor-marktforschung\/\" title=\"Marktforschung f\u00fcr Koch- und Backgeschirr, Pfannen und Zubeh\u00f6r\" data-wpil-monitor-id=\"4972\">maritime<\/a> industry allows companies to gain insights into their target market by directly capturing their consumer&#8217;s voices. These invaluable insights can lead to new technologies, more efficient operational procedures, and even targeted marketing campaigns that connect better to the intended audience. They also enable business leaders and critical decision-makers to enter new territories without the uncertainties associated with consumer needs.<\/p>\n\n\n\n<p>Quantitative Forschung in der Schifffahrtsindustrie umfasst numerische oder Boolesche Datenanalysen, die sich auf einen eng fokussierten Bereich innerhalb des Sektors konzentrieren. Diese Erkenntnisse k\u00f6nnen Unternehmensleitern statistisch signifikante Einblicke in Produktangebote, Dienstleistungen und Wettbewerbsstrategien bieten, um sich einen Wettbewerbsvorteil zu verschaffen, wenn sie sich in einem derart umk\u00e4mpften Markt zurechtfinden.<\/p>\n\n\n\n<p>Die maritime Marktforschung ist von entscheidender Bedeutung, da sie maritimen Unternehmen erm\u00f6glicht, das gro\u00dfe Ganze ihrer Branche zu sehen und strategische, fundierte Gesch\u00e4ftsentscheidungen auf der Grundlage von Fakten zu treffen. Ohne diese Erkenntnisse haben Unternehmen uninformierte Investitionen in sterbende Branchen get\u00e4tigt, in denen erhebliche Sanierungsma\u00dfnahmen erforderlich sind. Die maritime Marktforschung von SIS vermeidet diese Probleme und bringt Unternehmen auf den richtigen Weg zum Erfolg.<\/p>\n\n\n\n<p><\/p>","protected":false},"excerpt":{"rendered":"<p>Die maritime Marktforschung unterst\u00fctzt auf die Schifffahrt spezialisierte Unternehmen dabei, das gro\u00dfe Ganze ihrer Branche zu erkennen und strategische Gesch\u00e4ftsentscheidungen zu treffen.<\/p>","protected":false},"author":1,"featured_media":68816,"parent":14514,"menu_order":71,"comment_status":"closed","ping_status":"closed","template":"","meta":{"footnotes":""},"class_list":["post-37998","page","type-page","status-publish","has-post-thumbnail"],"_links":{"self":[{"href":"https:\/\/www.sisinternational.com\/de\/wp-json\/wp\/v2\/pages\/37998","targetHints":{"allow":["GET"]}}],"collection":[{"href":"https:\/\/www.sisinternational.com\/de\/wp-json\/wp\/v2\/pages"}],"about":[{"href":"https:\/\/www.sisinternational.com\/de\/wp-json\/wp\/v2\/types\/page"}],"author":[{"embeddable":true,"href":"https:\/\/www.sisinternational.com\/de\/wp-json\/wp\/v2\/users\/1"}],"replies":[{"embeddable":true,"href":"https:\/\/www.sisinternational.com\/de\/wp-json\/wp\/v2\/comments?post=37998"}],"version-history":[{"count":4,"href":"https:\/\/www.sisinternational.com\/de\/wp-json\/wp\/v2\/pages\/37998\/revisions"}],"predecessor-version":[{"id":78881,"href":"https:\/\/www.sisinternational.com\/de\/wp-json\/wp\/v2\/pages\/37998\/revisions\/78881"}],"up":[{"embeddable":true,"href":"https:\/\/www.sisinternational.com\/de\/wp-json\/wp\/v2\/pages\/14514"}],"wp:featuredmedia":[{"embeddable":true,"href":"https:\/\/www.sisinternational.com\/de\/wp-json\/wp\/v2\/media\/68816"}],"wp:attachment":[{"href":"https:\/\/www.sisinternational.com\/de\/wp-json\/wp\/v2\/media?parent=37998"}],"curies":[{"name":"wp","href":"https:\/\/api.w.org\/{rel}","templated":true}]}}